{"id":110787,"date":"2026-02-23T15:49:00","date_gmt":"2026-02-23T13:49:00","guid":{"rendered":"https:\/\/doktorvolt.pl\/sklep\/uncategorized\/wallbox-nascienna-stacja-ladowania-basic-doktorolt-9109\/"},"modified":"2026-02-23T15:49:00","modified_gmt":"2026-02-23T13:49:00","slug":"wallbox-nascienna-stacja-ladowania-basic-doktorolt-9109","status":"publish","type":"product","link":"https:\/\/doktorvolt.pl\/en\/oferta-doktorvolt\/automotive\/wallbox-nascienna-stacja-ladowania-basic-doktorolt-9109\/","title":{"rendered":"WALLBOX Na\u015bcienna stacja \u0142adowania BASIC DOKTOROLT\u00ae 9109"},"content":{"rendered":"<h1 style=\"text-align: center;\"><span style=\"color: #000000;\">WALLBOX Na\u015bcienna\u00a0stacja \u0142adowania samochod\u00f3w elektrycznych lub hubrydowych BASIC DOKTORVOLT\u00ae<\/span><\/h1>\n<\/p>\n<p style=\"font-family: verdana, geneva; font-size: 12pt; text-align: center;\"><span style=\"color: #000000;\">&#x2b50;&#x2b50;&#x2b50;&#x2b50;&#x2b50;<\/span><\/p>\n<\/p>\n<p style=\"font-size: 13pt; text-align: left;\"><span style=\"color: #000000;\">&#x27a1;&#xfe0f;\u00a0<b>Na\u015bcienna \u0141adowarka Samochodowa<\/b> umo\u017cliwiaj\u0105ca bezpieczne \u0142adowanie pojazdu elektrycznego lub hybrydowego w obr\u0119bie w\u0142asnej posesji. Nadzwyczaj kompaktowa i prosta w obs\u0142udze.<\/span><\/p>\n<p style=\"font-size: 13pt; text-align: left;\"><span style=\"color: #000000;\">&#x2714;&#xfe0f; Zaprojektowana do \u0142adowania pr\u0105dem zmiennym o mocy: <strong>3,7<\/strong> <b>do 22 kW.<\/b><br \/><\/span><\/p>\n<p style=\"font-size: 13pt; text-align: left;\"><span style=\"color: #000000;\">&#x2714;&#xfe0f;\u00a0\u00a0\u0141adowarka ma mo\u017cliwo\u015b\u0107 nastawy pr\u0105du \u0142adowania na kontrolerze: 10A, 16A, 20A, 25A 32A, co odpowiada <b>mocy w zakresie od 3,7 do 22 kW.<\/b><\/span><\/p>\n<p style=\"font-size: 13pt; text-align: left;\"><span style=\"color: #000000;\">&#x2714;&#xfe0f; Wykonana z gniazdem w standardzie <b>Typ 2<\/b> (IEC 62196-2).<br \/><\/span><\/p>\n<p style=\"font-size: 13pt; text-align: left;\"><span style=\"color: #000000;\">&#x2714;&#xfe0f; Wyposa\u017cona w sterownik komunikacji z samochodem oraz przycisk START\/STOP z<b> optyczn\u0105 sygnalizacj\u0105 statusu \u0142adowania LED.<\/b><br \/><\/span><\/p>\n<p style=\"font-size: 13pt; text-align: left;\"><span style=\"color: #000000;\">&#x2714;&#xfe0f; Wbudowany modu\u0142 RCMU.<br \/><\/span><\/p>\n<p style=\"text-align: center;\"><img decoding=\"async\" src=\"\/data\/include\/cms\/description\/img\/cms\/01_3.jpg\" alt=\"\" width=\"488\" height=\"488\" \/><\/p>\n<\/p>\n<p style=\"font-size: 13pt; text-align: left;\"><span style=\"color: #000000;\"><strong>&#x27a1;&#xfe0f; <b>Na\u015bcienna \u0141adowarka Samochodowa<\/b> WALLBOX DOKTOROLT\u00ae, wyposa\u017cona w:<br \/><\/strong><\/span><\/p>\n<p style=\"font-size: 13pt; text-align: left;\"><span style=\"color: #000000;\">&#x2714;&#xfe0f; gniazdo do \u0142adowania samochod\u00f3w <b>Typ 2<\/b> 32A 5P bez blokady,<br \/><\/span><\/p>\n<p style=\"font-size: 13pt; text-align: left;\"><span style=\"color: #000000;\">&#x2714;&#xfe0f; kontroler \u0142adowania, <br \/><\/span><\/p>\n<p style=\"font-size: 13pt; text-align: left;\"><span style=\"color: #000000;\">&#x2714;&#xfe0f; przycisk START\/STOP z kontrolka sygnalizacyjn\u0105 LED,<br \/><\/span><\/p>\n<p style=\"font-size: 13pt; text-align: left;\"><span style=\"color: #000000;\">&#x2714;&#xfe0f; okno rewizyjne 12 modu\u0142\u00f3w,<\/span><\/p>\n<p style=\"font-size: 13pt; text-align: left;\"><span style=\"color: #000000;\"><span style=\"color: #000000;\">&#x2714;&#xfe0f; wyposa\u017cona w d\u0142awnic\u0119 PG22, do przy\u0142\u0105czenia kabla si\u0142owego.<\/span><\/span><\/p>\n<\/p>\n<p style=\"font-size: 13pt; text-align: left;\"><span style=\"color: #000000;\"><strong>&#x27a1;&#xfe0f; <\/strong><span style=\"color: #d0121a;\">Stacja Wallbox <strong>nie posiada w\u0142asnego zabezpieczenia w postaci wy\u0142\u0105cznika r\u00f3\u017cnicowopr\u0105dowego i nadpr\u0105dowego<\/strong>. Przed pod\u0142\u0105czeniem nale\u017cy zastosowa\u0107 oddzielny wy\u0142\u0105cznik r\u00f3\u017cnicowopr\u0105dowy (co najmniej typ A, pr\u0105d zadzia\u0142ania 30 mA) i nadpr\u0105dowy, odpowiednio dobrany do nastawy pr\u0105du \u0142adowania na kontrolerze.<\/span><\/span><\/p>\n<\/p>\n<p style=\"font-size: 13pt; text-align: left;\"><span style=\"color: #000000;\"><strong>&#x27a1;&#xfe0f; Sygnalizowanie trzech stan\u00f3w pracy urz\u0105dzenia:<\/strong><\/span><\/p>\n<p style=\"font-size: 13pt; text-align: left;\"><span style=\"color: #000000;\">&#x2714;&#xfe0f; gotowe do \u0142adowania <strong>(kolor niebieski),<\/strong><\/span><\/p>\n<p style=\"font-size: 13pt; text-align: left;\"><span style=\"color: #000000;\"><span style=\"color: #000000;\">&#x2714;&#xfe0f; \u0142adowanie (<b>kolor zielony<\/b>),<br \/><\/span><\/span><\/p>\n<p style=\"font-size: 13pt; text-align: left;\"><span style=\"color: #000000;\">&#x2714;&#xfe0f; b\u0142\u0105d (<b>kolor czerwony<\/b>),<\/span><\/p>\n<p style=\"text-align: center;\"><img decoding=\"async\" src=\"\/data\/include\/cms\/description\/img\/p\/3\/0\/0\/8\/5\/30085.jpg\" alt=\"\" width=\"331\" height=\"331\" \/><\/p>\n<\/p>\n<table class=\"center\" style=\"background-color: #f5f5f5; margin-left: auto; margin-right: auto; width: 631px; height: 464px; border: 1px solid #ffffff;\" align=\"center\">\n<tbody>\n<tr>\n<td style=\"text-align: right; padding: 15px; height: 25px;\" colspan=\"2\" valign=\"middle\" align=\"right\"><span style=\"font-family: verdana, geneva; color: #000000;\"><span style=\"font-size: 16px;\">\u0141adowanie samochodu<br \/><\/span><\/span><\/td>\n<\/tr>\n<tr>\n<td style=\"text-align: right; padding: 15px; height: 25px;\" valign=\"middle\" align=\"right\"><span style=\"font-family: verdana, geneva; color: #000000;\"><span style=\"font-size: 16px;\">znamionowy pr\u0105d obci\u0105\u017cenia<br \/><\/span><\/span><\/td>\n<td style=\"background-color: #ffffff; text-align: center;\"><span style=\"font-size: 16px; color: #000000;\">32A\/400V AC<br \/><\/span><\/td>\n<\/tr>\n<tr>\n<td style=\"text-align: right; padding: 15px; height: 25px;\" valign=\"middle\" align=\"right\"><span style=\"font-family: verdana, geneva; color: #000000;\"><span style=\"font-size: 16px;\">tryb \u0142adowania<\/span><\/span><\/td>\n<td style=\"background-color: #ffffff; text-align: center;\"><span style=\"font-size: 16px; color: #000000;\"><span style=\"font-family: verdana, geneva; color: #000000;\"><span style=\"font-size: 16px;\">Mode-3<\/span><\/span><\/span><\/td>\n<\/tr>\n<tr>\n<td style=\"text-align: right; padding: 15px; height: 25px;\" valign=\"middle\" align=\"right\"><span style=\"font-family: verdana, geneva; color: #000000;\"><span style=\"font-size: 16px;\"><span style=\"font-size: 12pt; color: #000000;\"><span style=\"font-family: verdana, geneva;\">zakres mocy \u0142adowania<br \/><\/span><\/span><\/span><\/span><\/td>\n<td style=\"background-color: #ffffff; text-align: center;\"><span style=\"font-family: verdana, geneva; color: #000000;\"><span style=\"font-size: 16px;\">3,7 do 22 kW<br \/><\/span><\/span><\/td>\n<\/tr>\n<tr>\n<td style=\"text-align: right; padding: 15px; height: 25px;\" valign=\"middle\" align=\"right\"><span style=\"font-family: verdana, geneva; color: #000000;\"><span style=\"font-size: 16px;\">po\u0142\u0105czenie z pojazdem <br \/><\/span><\/span><\/td>\n<td style=\"background-color: #ffffff; text-align: center;\">\n<p><span style=\"font-size: 16px; color: #000000;\">gniazdo \u0142adowania Typu 2 zgodne z IEC 62196-2<\/span><\/p>\n<\/p>\n<\/td>\n<\/tr>\n<tr>\n<td style=\"text-align: right; padding: 15px; height: 25px;\" colspan=\"2\" valign=\"middle\" align=\"right\"><span style=\"font-family: verdana, geneva; color: #000000;\"><span style=\"font-size: 16px;\">Wbudowane wyposa\u017cenie<br \/><\/span><\/span><\/td>\n<\/tr>\n<tr>\n<td style=\"text-align: right; padding: 15px; height: 25px;\" valign=\"middle\" align=\"right\"><span style=\"font-family: verdana, geneva; color: #000000;\"><span style=\"font-size: 16px;\">inteligentny kontroler \u0142adowania<br \/><\/span><\/span><\/td>\n<td style=\"background-color: #ffffff; text-align: center;\">\n<p><span style=\"font-size: 16px; color: #000000;\">Kontrola \u0142adowania obs\u0142uguj\u0105cy komunikacj\u0119 mi\u0119dzy stacj\u0105 a pod\u0142\u0105czonym samochodem. Automatycznie wy\u0142\u0105cza proces \u0142adowania w przypadku stanu b\u0142\u0119du<\/span><\/p>\n<\/td>\n<\/tr>\n<tr>\n<td style=\"text-align: right; padding: 15px; height: 25px;\" valign=\"middle\" align=\"right\"><span style=\"font-family: verdana, geneva; color: #000000;\"><span style=\"font-size: 16px;\">przycisk START\/STOP z kontrolka sygnalizacyjn\u0105 LED <br \/><\/span><\/span><\/td>\n<td style=\"background-color: #ffffff; text-align: center;\">\n<p><span style=\"font-size: 16px; color: #000000;\">Pod\u015bwietlany wy\u0142\u0105cznik g\u0142\u00f3wny ze wska\u017anikiem stanu za pomoc\u0105 pulsuj\u0105cych impuls\u00f3w<\/span><\/p>\n<\/td>\n<\/tr>\n<tr>\n<td style=\"text-align: right; padding: 15px; height: 25px;\" colspan=\"2\" valign=\"middle\" align=\"right\"><span style=\"font-family: verdana, geneva; color: #000000;\"><span style=\"font-size: 16px;\">Dane techniczne obudowy<br \/><\/span><\/span><\/td>\n<\/tr>\n<tr>\n<td style=\"text-align: right; padding: 15px; height: 25px;\" valign=\"middle\" align=\"right\"><span style=\"font-family: verdana, geneva; color: #000000;\"><span style=\"font-size: 16px;\">wymiary obudowy (bez gniazd)<\/span><\/span><\/td>\n<td style=\"background-color: #ffffff; text-align: center;\"><\/p>\n<p><span style=\"font-size: 16px; color: #000000;\"><span style=\"font-family: verdana, geneva; color: #000000;\"><span style=\"font-size: 16px;\">355 x 255 x 125 mm<\/span><\/span><\/span><\/p>\n<\/td>\n<\/tr>\n<tr>\n<td style=\"text-align: right; padding: 15px; height: 25px;\" valign=\"middle\" align=\"right\"><span style=\"font-family: verdana, geneva; color: #000000;\"><span style=\"font-size: 16px;\"><\/span><\/span><span style=\"font-family: verdana, geneva; color: #000000;\"><span style=\"font-size: 16px;\">materia\u0142 obudowy<\/span><\/span><\/td>\n<td style=\"background-color: #ffffff; text-align: center;\"><span style=\"font-size: 16px; color: #000000;\"><\/span><span style=\"font-family: verdana, geneva; color: #000000;\"><span style=\"font-size: 16px;\">Tworzywo sztuczne (nadaje si\u0119 do u\u017cytku na zewn\u0105trz)<\/span><\/span><\/td>\n<\/tr>\n<tr>\n<td style=\"text-align: right; padding: 15px; height: 25px;\" valign=\"middle\" align=\"right\"><span style=\"font-family: verdana, geneva; color: #000000;\"><span style=\"font-size: 16px;\">Kolor przedniej\/tylnej p\u0142yty obudowy<\/span><\/span><\/td>\n<td style=\"background-color: #ffffff; text-align: center;\"><span style=\"font-size: 16px; color: #000000;\"><span style=\"font-family: verdana, geneva; color: #000000;\"><span style=\"font-size: 16px;\"><\/span><\/span><\/span><span style=\"font-family: verdana, geneva; color: #000000;\"><span style=\"font-size: 16px;\">szary\/czarny<\/span><\/span><\/td>\n<\/tr>\n<tr>\n<td style=\"text-align: right; padding: 15px; height: 25px;\" colspan=\"2\" valign=\"middle\" align=\"right\"><span style=\"font-family: verdana, geneva; color: #000000;\"><span style=\"font-size: 16px;\">Warunki instalacyjne:<br \/><\/span><\/span><\/td>\n<\/tr>\n<tr>\n<td style=\"text-align: right; padding: 15px; height: 25px;\" valign=\"middle\" align=\"right\"><span style=\"font-size: 12pt; color: #000000;\"><span style=\"font-family: verdana, geneva;\"><\/span><\/span><span style=\"font-family: verdana, geneva; color: #000000;\"><span style=\"font-size: 16px;\">temperatura otoczenia<br \/><\/span><\/span><\/td>\n<td style=\"background-color: #ffffff; text-align: center; width: 200px;\"><span style=\"font-family: verdana, geneva; color: #000000;\"><span style=\"font-size: 16px;\"><\/span><\/span><span style=\"font-size: 12pt; color: #000000;\"><span style=\"font-family: verdana, geneva;\"><\/span><\/span><span style=\"font-family: verdana, geneva; color: #000000;\"><span style=\"font-size: 16px;\">-20 \u00b0C ~ +50 \u00b0C<\/span><\/span><\/td>\n<\/tr>\n<tr>\n<td style=\"text-align: right; padding: 15px; height: 25px;\" valign=\"middle\" align=\"right\"><span style=\"font-size: 12pt; color: #000000;\"><span style=\"font-family: verdana, geneva;\"><\/span><\/span><span style=\"font-family: verdana, geneva; color: #000000;\"><span style=\"font-size: 16px;\">Ochrona przed wnikaniem obcych cia\u0142 sta\u0142ych i przed wnikaniem wody<br \/><\/span><\/span><\/td>\n<td style=\"background-color: #ffffff; text-align: center; width: 200px;\">\n<p><span style=\"font-family: verdana, geneva; color: #000000;\"><span style=\"font-size: 16px;\">IP54<\/span><\/span><\/p>\n<\/td>\n<\/tr>\n<tr>\n<td style=\"text-align: right; padding: 15px; height: 25px;\" valign=\"middle\" align=\"right\"><span style=\"font-size: 12pt; color: #000000;\"><span style=\"font-family: verdana, geneva;\"><\/span><\/span><span style=\"font-family: verdana, geneva; color: #000000;\"><span style=\"font-size: 16px;\">Odporno\u015b\u0107 na promieniowanie UV<br \/><\/span><\/span><\/td>\n<td style=\"background-color: #ffffff; text-align: center; width: 200px;\">\n<p><span style=\"font-family: verdana, geneva; color: #000000;\"><span style=\"font-size: 16px;\">tak<br \/><\/span><\/span><\/p>\n<\/p>\n<\/td>\n<\/tr>\n<tr>\n<td style=\"text-align: right; padding: 15px; height: 25px;\" valign=\"middle\" align=\"right\"><span style=\"font-size: 12pt; color: #000000;\"><span style=\"font-family: verdana, geneva;\"><\/span><\/span><span style=\"font-family: verdana, geneva; color: #000000;\"><span style=\"font-size: 16px;\"><span style=\"font-family: verdana, geneva; color: #000000;\"><span style=\"font-size: 16px;\">Konstrukcja stacjonarna\/ruchoma<\/span><\/span><\/span><\/span><\/td>\n<td style=\"background-color: #ffffff; text-align: center; width: 200px;\">\n<p><span style=\"font-family: verdana, geneva; color: #000000;\"><span style=\"font-size: 16px;\">Stacjonarna<br \/><\/span><\/span><\/p>\n<\/td>\n<\/tr>\n<tr>\n<td style=\"text-align: right; padding: 15px; height: 25px;\" colspan=\"2\" valign=\"middle\" align=\"right\"><span style=\"font-family: verdana, geneva; color: #000000;\"><span style=\"font-size: 16px;\">Informacje og\u00f3lne:<br \/><\/span><\/span><\/td>\n<\/tr>\n<tr>\n<td style=\"text-align: right; padding: 15px; height: 25px;\" valign=\"middle\" align=\"right\"><span style=\"font-size: 12pt; color: #000000;\"><span style=\"font-family: verdana, geneva;\">Certyfikaty i normy producenta<\/span><\/span><\/td>\n<td style=\"background-color: #ffffff; text-align: center;\">\n<p><span style=\"font-family: verdana, geneva; color: #000000;\"><span style=\"font-size: 16px;\">T\u00dcV S\u00dcD, ISO 9001:2015, CE, IEC 61439 EN 62196-2<br \/><\/span><\/span><\/p>\n<\/td>\n<\/tr>\n<tr>\n<td style=\"text-align: right; padding: 15px; height: 25px;\" valign=\"middle\" align=\"right\"><span style=\"font-size: 12pt; color: #000000;\"><span style=\"font-family: verdana, geneva;\">Model<\/span><\/span><\/td>\n<td style=\"background-color: #ffffff; text-align: center;\"><span style=\"font-family: verdana, geneva; color: #000000;\"><span style=\"font-size: 16px;\">DV-9109-EV<br \/><\/span><\/span><\/td>\n<\/tr>\n<tr>\n<td style=\"text-align: right; padding: 15px; height: 25px;\" valign=\"middle\" align=\"right\"><span style=\"font-size: 12pt; color: #000000;\"><span style=\"font-family: verdana, geneva;\">oznaczenie serii producenta<\/span><\/span><\/td>\n<td style=\"background-color: #ffffff; text-align: center;\"><span style=\"font-family: verdana, geneva; color: #000000;\"><span style=\"font-size: 16px;\">WALLBOX Doktorvolt<br \/><\/span><\/span><\/td>\n<\/tr>\n<tr>\n<td style=\"text-align: right; padding: 15px; height: 25px;\" valign=\"middle\" align=\"right\"><span style=\"font-size: 12pt; color: #000000;\"><span style=\"font-family: verdana, geneva;\">Producent<\/span><\/span><\/td>\n<td style=\"background-color: #ffffff; text-align: center;\"><span style=\"font-family: verdana, geneva; color: #000000;\"><span style=\"font-size: 16px;\">Doktorvolt<br \/><\/span><\/span><\/td>\n<\/tr>\n<tr>\n<td style=\"text-align: right; padding: 15px; height: 25px;\" valign=\"middle\" align=\"right\"><span style=\"font-size: 12pt; color: #000000;\"><span style=\"font-family: verdana, geneva;\">EAN<\/span><\/span><\/td>\n<td style=\"background-color: #ffffff; text-align: center;\"><span class=\"markedContent\" id=\"page3R_mcid31\"><span style=\"font-size: 18.4px; font-family: sans-serif;\" dir=\"ltr\">\u00a05907589339109<br \/><\/span><\/span><\/td>\n<\/tr>\n<\/tbody>\n<\/table>\n","protected":false},"excerpt":{"rendered":"","protected":false},"featured_media":104310,"template":"","meta":[],"product_brand":[],"product_cat":[5086],"product_tag":[],"class_list":{"0":"post-110787","1":"product","2":"type-product","3":"status-publish","4":"has-post-thumbnail","6":"product_cat-automotive","7":"pa_dodatkowe-wyposazenie-type-2-socket-outlet","8":"pa_moc-do-22kw","10":"first","11":"instock","12":"shipping-taxable","13":"product-type-external"},"yoast_head":"<!-- This site is optimized with the Yoast SEO plugin v27.0 - https:\/\/yoast.com\/product\/yoast-seo-wordpress\/ -->\n<title>WALLBOX Na\u015bcienna stacja \u0142adowania BASIC DOKTOROLT\u00ae 9109 - DOKTORVOLT\u00ae<\/title>\n<meta name=\"robots\" content=\"index, follow, max-snippet:-1, max-image-preview:large, max-video-preview:-1\" \/>\n<link rel=\"canonical\" href=\"https:\/\/doktorvolt.pl\/en\/oferta-doktorvolt\/automotive\/wallbox-nascienna-stacja-ladowania-basic-doktorolt-9109\/\" \/>\n<meta property=\"og:locale\" content=\"en_US\" \/>\n<meta property=\"og:type\" content=\"article\" \/>\n<meta property=\"og:title\" content=\"WALLBOX Na\u015bcienna stacja \u0142adowania BASIC DOKTOROLT\u00ae 9109 - DOKTORVOLT\u00ae\" \/>\n<meta property=\"og:url\" content=\"https:\/\/doktorvolt.pl\/en\/oferta-doktorvolt\/automotive\/wallbox-nascienna-stacja-ladowania-basic-doktorolt-9109\/\" \/>\n<meta property=\"og:site_name\" content=\"DOKTORVOLT\u00ae\" \/>\n<meta property=\"og:image\" content=\"https:\/\/doktorvolt.pl\/wp-content\/uploads\/2026\/02\/pol_pl_15920-15920_1.jpg\" \/>\n\t<meta property=\"og:image:width\" content=\"1000\" \/>\n\t<meta property=\"og:image:height\" content=\"1000\" \/>\n\t<meta property=\"og:image:type\" content=\"image\/jpeg\" \/>\n<meta name=\"twitter:card\" content=\"summary_large_image\" \/>\n<meta name=\"twitter:label1\" content=\"Est. reading time\" \/>\n\t<meta name=\"twitter:data1\" content=\"2 minutes\" \/>\n<script type=\"application\/ld+json\" class=\"yoast-schema-graph\">{\"@context\":\"https:\/\/schema.org\",\"@graph\":[{\"@type\":\"WebPage\",\"@id\":\"https:\/\/doktorvolt.pl\/en\/oferta-doktorvolt\/automotive\/wallbox-nascienna-stacja-ladowania-basic-doktorolt-9109\/\",\"url\":\"https:\/\/doktorvolt.pl\/en\/oferta-doktorvolt\/automotive\/wallbox-nascienna-stacja-ladowania-basic-doktorolt-9109\/\",\"name\":\"WALLBOX Na\u015bcienna stacja \u0142adowania BASIC DOKTOROLT\u00ae 9109 - DOKTORVOLT\u00ae\",\"isPartOf\":{\"@id\":\"https:\/\/doktorvolt.pl\/de\/#website\"},\"primaryImageOfPage\":{\"@id\":\"https:\/\/doktorvolt.pl\/en\/oferta-doktorvolt\/automotive\/wallbox-nascienna-stacja-ladowania-basic-doktorolt-9109\/#primaryimage\"},\"image\":{\"@id\":\"https:\/\/doktorvolt.pl\/en\/oferta-doktorvolt\/automotive\/wallbox-nascienna-stacja-ladowania-basic-doktorolt-9109\/#primaryimage\"},\"thumbnailUrl\":\"https:\/\/doktorvolt.pl\/wp-content\/uploads\/2026\/02\/pol_pl_15920-15920_1.jpg\",\"datePublished\":\"2026-02-23T13:49:00+00:00\",\"breadcrumb\":{\"@id\":\"https:\/\/doktorvolt.pl\/en\/oferta-doktorvolt\/automotive\/wallbox-nascienna-stacja-ladowania-basic-doktorolt-9109\/#breadcrumb\"},\"inLanguage\":\"en-US\",\"potentialAction\":[{\"@type\":\"ReadAction\",\"target\":[\"https:\/\/doktorvolt.pl\/en\/oferta-doktorvolt\/automotive\/wallbox-nascienna-stacja-ladowania-basic-doktorolt-9109\/\"]}]},{\"@type\":\"ImageObject\",\"inLanguage\":\"en-US\",\"@id\":\"https:\/\/doktorvolt.pl\/en\/oferta-doktorvolt\/automotive\/wallbox-nascienna-stacja-ladowania-basic-doktorolt-9109\/#primaryimage\",\"url\":\"https:\/\/doktorvolt.pl\/wp-content\/uploads\/2026\/02\/pol_pl_15920-15920_1.jpg\",\"contentUrl\":\"https:\/\/doktorvolt.pl\/wp-content\/uploads\/2026\/02\/pol_pl_15920-15920_1.jpg\",\"width\":1000,\"height\":1000},{\"@type\":\"BreadcrumbList\",\"@id\":\"https:\/\/doktorvolt.pl\/en\/oferta-doktorvolt\/automotive\/wallbox-nascienna-stacja-ladowania-basic-doktorolt-9109\/#breadcrumb\",\"itemListElement\":[{\"@type\":\"ListItem\",\"position\":1,\"name\":\"Strona g\u0142\u00f3wna\",\"item\":\"https:\/\/doktorvolt.pl\/en\/\"},{\"@type\":\"ListItem\",\"position\":2,\"name\":\"Offer Doktorvolt\",\"item\":\"https:\/\/doktorvolt.pl\/en\/offer-doktorvolt\/\"},{\"@type\":\"ListItem\",\"position\":3,\"name\":\"WALLBOX Na\u015bcienna stacja \u0142adowania BASIC DOKTOROLT\u00ae 9109\"}]},{\"@type\":\"WebSite\",\"@id\":\"https:\/\/doktorvolt.pl\/de\/#website\",\"url\":\"https:\/\/doktorvolt.pl\/de\/\",\"name\":\"DOKTORVOLT\u00ae\",\"description\":\"Producent rozdzielnic budowlanych\",\"publisher\":{\"@id\":\"https:\/\/doktorvolt.pl\/de\/#organization\"},\"potentialAction\":[{\"@type\":\"SearchAction\",\"target\":{\"@type\":\"EntryPoint\",\"urlTemplate\":\"https:\/\/doktorvolt.pl\/de\/?s={search_term_string}\"},\"query-input\":{\"@type\":\"PropertyValueSpecification\",\"valueRequired\":true,\"valueName\":\"search_term_string\"}}],\"inLanguage\":\"en-US\"},{\"@type\":\"Organization\",\"@id\":\"https:\/\/doktorvolt.pl\/de\/#organization\",\"name\":\"DOKTORVOLT\u00ae\",\"url\":\"https:\/\/doktorvolt.pl\/de\/\",\"logo\":{\"@type\":\"ImageObject\",\"inLanguage\":\"en-US\",\"@id\":\"https:\/\/doktorvolt.pl\/de\/#\/schema\/logo\/image\/\",\"url\":\"https:\/\/doktorvolt.pl\/wp-content\/uploads\/2023\/10\/DoktorVOLT-black-png.png\",\"contentUrl\":\"https:\/\/doktorvolt.pl\/wp-content\/uploads\/2023\/10\/DoktorVOLT-black-png.png\",\"width\":729,\"height\":40,\"caption\":\"DOKTORVOLT\u00ae\"},\"image\":{\"@id\":\"https:\/\/doktorvolt.pl\/de\/#\/schema\/logo\/image\/\"}}]}<\/script>\n<!-- \/ Yoast SEO plugin. -->","yoast_head_json":{"title":"WALLBOX Na\u015bcienna stacja \u0142adowania BASIC DOKTOROLT\u00ae 9109 - DOKTORVOLT\u00ae","robots":{"index":"index","follow":"follow","max-snippet":"max-snippet:-1","max-image-preview":"max-image-preview:large","max-video-preview":"max-video-preview:-1"},"canonical":"https:\/\/doktorvolt.pl\/en\/oferta-doktorvolt\/automotive\/wallbox-nascienna-stacja-ladowania-basic-doktorolt-9109\/","og_locale":"en_US","og_type":"article","og_title":"WALLBOX Na\u015bcienna stacja \u0142adowania BASIC DOKTOROLT\u00ae 9109 - DOKTORVOLT\u00ae","og_url":"https:\/\/doktorvolt.pl\/en\/oferta-doktorvolt\/automotive\/wallbox-nascienna-stacja-ladowania-basic-doktorolt-9109\/","og_site_name":"DOKTORVOLT\u00ae","og_image":[{"width":1000,"height":1000,"url":"https:\/\/doktorvolt.pl\/wp-content\/uploads\/2026\/02\/pol_pl_15920-15920_1.jpg","type":"image\/jpeg"}],"twitter_card":"summary_large_image","twitter_misc":{"Est. reading time":"2 minutes"},"schema":{"@context":"https:\/\/schema.org","@graph":[{"@type":"WebPage","@id":"https:\/\/doktorvolt.pl\/en\/oferta-doktorvolt\/automotive\/wallbox-nascienna-stacja-ladowania-basic-doktorolt-9109\/","url":"https:\/\/doktorvolt.pl\/en\/oferta-doktorvolt\/automotive\/wallbox-nascienna-stacja-ladowania-basic-doktorolt-9109\/","name":"WALLBOX Na\u015bcienna stacja \u0142adowania BASIC DOKTOROLT\u00ae 9109 - DOKTORVOLT\u00ae","isPartOf":{"@id":"https:\/\/doktorvolt.pl\/de\/#website"},"primaryImageOfPage":{"@id":"https:\/\/doktorvolt.pl\/en\/oferta-doktorvolt\/automotive\/wallbox-nascienna-stacja-ladowania-basic-doktorolt-9109\/#primaryimage"},"image":{"@id":"https:\/\/doktorvolt.pl\/en\/oferta-doktorvolt\/automotive\/wallbox-nascienna-stacja-ladowania-basic-doktorolt-9109\/#primaryimage"},"thumbnailUrl":"https:\/\/doktorvolt.pl\/wp-content\/uploads\/2026\/02\/pol_pl_15920-15920_1.jpg","datePublished":"2026-02-23T13:49:00+00:00","breadcrumb":{"@id":"https:\/\/doktorvolt.pl\/en\/oferta-doktorvolt\/automotive\/wallbox-nascienna-stacja-ladowania-basic-doktorolt-9109\/#breadcrumb"},"inLanguage":"en-US","potentialAction":[{"@type":"ReadAction","target":["https:\/\/doktorvolt.pl\/en\/oferta-doktorvolt\/automotive\/wallbox-nascienna-stacja-ladowania-basic-doktorolt-9109\/"]}]},{"@type":"ImageObject","inLanguage":"en-US","@id":"https:\/\/doktorvolt.pl\/en\/oferta-doktorvolt\/automotive\/wallbox-nascienna-stacja-ladowania-basic-doktorolt-9109\/#primaryimage","url":"https:\/\/doktorvolt.pl\/wp-content\/uploads\/2026\/02\/pol_pl_15920-15920_1.jpg","contentUrl":"https:\/\/doktorvolt.pl\/wp-content\/uploads\/2026\/02\/pol_pl_15920-15920_1.jpg","width":1000,"height":1000},{"@type":"BreadcrumbList","@id":"https:\/\/doktorvolt.pl\/en\/oferta-doktorvolt\/automotive\/wallbox-nascienna-stacja-ladowania-basic-doktorolt-9109\/#breadcrumb","itemListElement":[{"@type":"ListItem","position":1,"name":"Strona g\u0142\u00f3wna","item":"https:\/\/doktorvolt.pl\/en\/"},{"@type":"ListItem","position":2,"name":"Offer Doktorvolt","item":"https:\/\/doktorvolt.pl\/en\/offer-doktorvolt\/"},{"@type":"ListItem","position":3,"name":"WALLBOX Na\u015bcienna stacja \u0142adowania BASIC DOKTOROLT\u00ae 9109"}]},{"@type":"WebSite","@id":"https:\/\/doktorvolt.pl\/de\/#website","url":"https:\/\/doktorvolt.pl\/de\/","name":"DOKTORVOLT\u00ae","description":"Producent rozdzielnic budowlanych","publisher":{"@id":"https:\/\/doktorvolt.pl\/de\/#organization"},"potentialAction":[{"@type":"SearchAction","target":{"@type":"EntryPoint","urlTemplate":"https:\/\/doktorvolt.pl\/de\/?s={search_term_string}"},"query-input":{"@type":"PropertyValueSpecification","valueRequired":true,"valueName":"search_term_string"}}],"inLanguage":"en-US"},{"@type":"Organization","@id":"https:\/\/doktorvolt.pl\/de\/#organization","name":"DOKTORVOLT\u00ae","url":"https:\/\/doktorvolt.pl\/de\/","logo":{"@type":"ImageObject","inLanguage":"en-US","@id":"https:\/\/doktorvolt.pl\/de\/#\/schema\/logo\/image\/","url":"https:\/\/doktorvolt.pl\/wp-content\/uploads\/2023\/10\/DoktorVOLT-black-png.png","contentUrl":"https:\/\/doktorvolt.pl\/wp-content\/uploads\/2023\/10\/DoktorVOLT-black-png.png","width":729,"height":40,"caption":"DOKTORVOLT\u00ae"},"image":{"@id":"https:\/\/doktorvolt.pl\/de\/#\/schema\/logo\/image\/"}}]}},"_links":{"self":[{"href":"https:\/\/doktorvolt.pl\/en\/wp-json\/wp\/v2\/product\/110787","targetHints":{"allow":["GET"]}}],"collection":[{"href":"https:\/\/doktorvolt.pl\/en\/wp-json\/wp\/v2\/product"}],"about":[{"href":"https:\/\/doktorvolt.pl\/en\/wp-json\/wp\/v2\/types\/product"}],"wp:featuredmedia":[{"embeddable":true,"href":"https:\/\/doktorvolt.pl\/en\/wp-json\/wp\/v2\/media\/104310"}],"wp:attachment":[{"href":"https:\/\/doktorvolt.pl\/en\/wp-json\/wp\/v2\/media?parent=110787"}],"wp:term":[{"taxonomy":"product_brand","embeddable":true,"href":"https:\/\/doktorvolt.pl\/en\/wp-json\/wp\/v2\/product_brand?post=110787"},{"taxonomy":"product_cat","embeddable":true,"href":"https:\/\/doktorvolt.pl\/en\/wp-json\/wp\/v2\/product_cat?post=110787"},{"taxonomy":"product_tag","embeddable":true,"href":"https:\/\/doktorvolt.pl\/en\/wp-json\/wp\/v2\/product_tag?post=110787"}],"curies":[{"name":"wp","href":"https:\/\/api.w.org\/{rel}","templated":true}]}}