{"id":110788,"date":"2026-02-23T15:48:49","date_gmt":"2026-02-23T13:48:49","guid":{"rendered":"https:\/\/doktorvolt.pl\/sklep\/uncategorized\/wallbox-nascienna-stacja-ladowania-11kw-typ-2-rfid-doktorvolt-dv-6870-ev\/"},"modified":"2026-02-23T15:48:49","modified_gmt":"2026-02-23T13:48:49","slug":"wallbox-nascienna-stacja-ladowania-11kw-typ-2-rfid-doktorvolt-dv-6870-ev","status":"publish","type":"product","link":"https:\/\/doktorvolt.pl\/en\/oferta-doktorvolt\/automotive\/wallbox-nascienna-stacja-ladowania-11kw-typ-2-rfid-doktorvolt-dv-6870-ev\/","title":{"rendered":"WALLBOX Na\u015bcienna stacja \u0142adowania 11kW typ 2 RFID DOKTORVOLT DV-6870-EV"},"content":{"rendered":"<h1 style=\"text-align:center;\"><span style=\"color:#000000;\">WALLBOX Na\u015bcienna\u00a0stacja \u0142adowania samochod\u00f3w elektrycznych lub hybrydowych<br \/>czytnik RFID<br \/>DOKTORVOLT\u00ae<\/span><\/h1>\n<\/p>\n<p style=\"font-family:verdana, geneva;font-size:12pt;text-align:center;\"><span style=\"color:#000000;\">&#x2b50;&#x2b50;&#x2b50;&#x2b50;&#x2b50;<\/span><\/p>\n<\/p>\n<p style=\"font-size:13pt;text-align:left;\"><span style=\"color:#000000;\">&#x27a1;&#xfe0f; <strong>Na\u015bcienna \u0141adowarka Samochodowa<\/strong> umo\u017cliwiaj\u0105ca bezpieczne \u0142adowanie pojazdu elektrycznego lub hybrydowego w obr\u0119bie w\u0142asnej posesji. Nadzwyczaj kompaktowa i prosta w obs\u0142udze.<\/span><\/p>\n<p style=\"font-size:13pt;text-align:left;\"><span style=\"color:#000000;\">&#x2714;&#xfe0f; Zaprojektowana do \u0142adowania pr\u0105dem zmiennym o mocy do 11 kW.<\/span><\/p>\n<p style=\"font-size:13pt;text-align:left;\"><span style=\"color:#000000;\">&#x2714;&#xfe0f; <strong>Czytnik RFID do autoryzacji U\u017cytkownika.<\/strong><\/span><\/p>\n<p style=\"font-size:13pt;text-align:left;\"><span style=\"color:#000000;\">&#x2714;&#xfe0f;\u00a0Wykonana z gniazdem w standardzie Typ 2 (IEC 621962)<\/span><\/p>\n<p style=\"font-size:13pt;text-align:left;\"><span style=\"color:#000000;\">&#x2714;&#xfe0f; Wyposa\u017cona w sterownik komunikacji z samochodem oraz przycisk START\/STOP z optyczn\u0105 sygnalizacj\u0105 statusu \u0142adowania LED.<\/span><\/p>\n<p style=\"font-size:13pt;text-align:left;\"><span style=\"color:#000000;\">&#x2714;&#xfe0f; Wbudowane zabezpieczenie RCD typu A. + Modu\u0142 RCMU<\/span><\/p>\n<\/p>\n<p style=\"text-align:center;\">\n<\/p>\n<p style=\"font-size:13pt;text-align:left;\"><span style=\"color:#000000;\"><strong>&#x27a1;&#xfe0f; Na\u015bcienna \u0141adowarka Samochodowa WALLBOX DOKTOROLT\u00ae, wyposa\u017cona w:<\/strong><\/span><\/p>\n<p style=\"font-size:13pt;text-align:left;\"><span style=\"color:#000000;\">&#x2714;&#xfe0f; gniazdo do \u0142adowania samochod\u00f3w Typ 2 16A 5P bez blokady,<br \/><\/span><\/p>\n<p style=\"font-size:13pt;text-align:left;\"><span style=\"color:#000000;\">&#x2714;&#xfe0f; kontroler \u0142adowania, <br \/><\/span><\/p>\n<p style=\"font-size:13pt;text-align:left;\"><span style=\"color:#000000;\">&#x2714;&#xfe0f; przycisk START\/STOP z kontrolka sygnalizacyjn\u0105 LED,<br \/><\/span><\/p>\n<p style=\"font-size:13pt;text-align:left;\"><span style=\"color:#000000;\">&#x2714;&#xfe0f; okno rewizyjne 12 modu\u0142\u00f3w,<\/span><\/p>\n<p style=\"font-size:13pt;text-align:left;\"><span style=\"color:#000000;\"><span style=\"color:#000000;\">&#x2714;&#xfe0f; wyposa\u017cona w d\u0142awnic\u0119 PG16, do przy\u0142\u0105czenia kabla si\u0142owego.<\/span><\/span><\/p>\n<\/p>\n<table class=\"center\" style=\"background-color:#f5f5f5;margin-left:auto;margin-right:auto;width:631px;height:464px;border:1px solid #ffffff;\" align=\"center\">\n<tbody>\n<tr>\n<td style=\"text-align:right;padding:15px;height:25px;\" colspan=\"2\" valign=\"middle\" align=\"right\"><span style=\"font-family:verdana, geneva;color:#000000;\"><span style=\"font-size:16px;\">\u0141adowanie samochodu<br \/><\/span><\/span><\/td>\n<\/tr>\n<tr>\n<td style=\"text-align:right;padding:15px;height:25px;\" valign=\"middle\" align=\"right\"><span style=\"font-family:verdana, geneva;color:#000000;\"><span style=\"font-size:16px;\">znamionowy pr\u0105d obci\u0105\u017cenia<br \/><\/span><\/span><\/td>\n<td style=\"background-color:#ffffff;text-align:center;\"><span style=\"font-size:16px;color:#000000;\">16A\/400V AC<br \/><\/span><\/td>\n<\/tr>\n<tr>\n<td style=\"text-align:right;padding:15px;height:25px;\" valign=\"middle\" align=\"right\"><span style=\"font-family:verdana, geneva;color:#000000;\"><span style=\"font-size:16px;\">tryb \u0142adowania<\/span><\/span><\/td>\n<td style=\"background-color:#ffffff;text-align:center;\"><span style=\"font-size:16px;color:#000000;\"><span style=\"font-family:verdana, geneva;color:#000000;\"><span style=\"font-size:16px;\">Mode-3<\/span><\/span><\/span><\/td>\n<\/tr>\n<tr>\n<td style=\"text-align:right;padding:15px;height:25px;\" valign=\"middle\" align=\"right\"><span style=\"font-family:verdana, geneva;color:#000000;\"><span style=\"font-size:16px;\"><span style=\"font-size:12pt;color:#000000;\"><span style=\"font-family:verdana, geneva;\">moc \u0142adowania<br \/><\/span><\/span><\/span><\/span><\/td>\n<td style=\"background-color:#ffffff;text-align:center;\"><span style=\"font-family:verdana, geneva;color:#000000;\"><span style=\"font-size:16px;\">do 11 kW<br \/><\/span><\/span><\/td>\n<\/tr>\n<tr>\n<td style=\"text-align:right;padding:15px;height:25px;\" valign=\"middle\" align=\"right\"><span style=\"font-family:verdana, geneva;color:#000000;\"><span style=\"font-size:16px;\">po\u0142\u0105czenie z pojazdem <br \/><\/span><\/span><\/td>\n<td style=\"background-color:#ffffff;text-align:center;\">\n<p><span style=\"font-size:16px;color:#000000;\">gniazdo \u0142adowania Typu 2 zgodne z IEC 62196-2<\/span><\/p>\n<\/p>\n<\/td>\n<\/tr>\n<tr>\n<td style=\"text-align:right;padding:15px;height:25px;\" colspan=\"2\" valign=\"middle\" align=\"right\"><span style=\"font-family:verdana, geneva;color:#000000;\"><span style=\"font-size:16px;\">Wbudowane wyposa\u017cenie<br \/><\/span><\/span><\/td>\n<\/tr>\n<tr>\n<td style=\"text-align:right;padding:15px;height:25px;\" valign=\"middle\" align=\"right\"><span style=\"font-family:verdana, geneva;color:#000000;\"><span style=\"font-size:16px;\">inteligentny kontroler \u0142adowania<br \/><\/span><\/span><\/td>\n<td style=\"background-color:#ffffff;text-align:center;\">\n<p><span style=\"font-size:16px;color:#000000;\">Kontrola \u0142adowania obs\u0142uguj\u0105cy komunikacj\u0119 mi\u0119dzy stacj\u0105 a pod\u0142\u0105czonym samochodem. Automatycznie wy\u0142\u0105cza proces \u0142adowania w przypadku stanu b\u0142\u0119du<\/span><\/p>\n<\/td>\n<\/tr>\n<tr>\n<td style=\"text-align:right;padding:15px;height:25px;\" valign=\"middle\" align=\"right\"><span style=\"font-family:verdana, geneva;color:#000000;\"><span style=\"font-size:16px;\">przycisk START\/STOP z kontrolka sygnalizacyjn\u0105 LED <br \/><\/span><\/span><\/td>\n<td style=\"background-color:#ffffff;text-align:center;\">\n<p><span style=\"font-size:16px;color:#000000;\">Pod\u015bwietlany wy\u0142\u0105cznik g\u0142\u00f3wny ze wska\u017anikiem stanu za pomoc\u0105 pulsuj\u0105cych impuls\u00f3w<\/span><\/p>\n<\/td>\n<\/tr>\n<tr>\n<td style=\"text-align:right;padding:15px;height:25px;\" colspan=\"2\" valign=\"middle\" align=\"right\"><span style=\"font-family:verdana, geneva;color:#000000;\"><span style=\"font-size:16px;\">Dane techniczne obudowy<br \/><\/span><\/span><\/td>\n<\/tr>\n<tr>\n<td style=\"text-align:right;padding:15px;height:25px;\" valign=\"middle\" align=\"right\"><span style=\"font-family:verdana, geneva;color:#000000;\"><span style=\"font-size:16px;\">wymiary obudowy (bez gniazd)<\/span><\/span><\/td>\n<td style=\"background-color:#ffffff;text-align:center;\"><\/p>\n<p><span style=\"font-size:16px;color:#000000;\"><span style=\"font-family:verdana, geneva;color:#000000;\"><span style=\"font-size:16px;\">355 x 255 x 125 mm<\/span><\/span><\/span><\/p>\n<\/td>\n<\/tr>\n<tr>\n<td style=\"text-align:right;padding:15px;height:25px;\" valign=\"middle\" align=\"right\"><span style=\"font-family:verdana, geneva;color:#000000;\"><span style=\"font-size:16px;\"><\/span><\/span><span style=\"font-family:verdana, geneva;color:#000000;\"><span style=\"font-size:16px;\">materia\u0142 obudowy<\/span><\/span><\/td>\n<td style=\"background-color:#ffffff;text-align:center;\"><span style=\"font-size:16px;color:#000000;\"><\/span><span style=\"font-family:verdana, geneva;color:#000000;\"><span style=\"font-size:16px;\">Tworzywo sztuczne (nadaje si\u0119 do u\u017cytku na zewn\u0105trz)<\/span><\/span><\/td>\n<\/tr>\n<tr>\n<td style=\"text-align:right;padding:15px;height:25px;\" valign=\"middle\" align=\"right\"><span style=\"font-family:verdana, geneva;color:#000000;\"><span style=\"font-size:16px;\">Kolor przedniej\/tylnej p\u0142yty obudowy<\/span><\/span><\/td>\n<td style=\"background-color:#ffffff;text-align:center;\"><span style=\"font-size:16px;color:#000000;\"><span style=\"font-family:verdana, geneva;color:#000000;\"><span style=\"font-size:16px;\"><\/span><\/span><\/span><span style=\"font-family:verdana, geneva;color:#000000;\"><span style=\"font-size:16px;\">szary\/czarny<\/span><\/span><\/td>\n<\/tr>\n<tr>\n<td style=\"text-align:right;padding:15px;height:25px;\" colspan=\"2\" valign=\"middle\" align=\"right\"><span style=\"font-family:verdana, geneva;color:#000000;\"><span style=\"font-size:16px;\">Warunki instalacyjne:<br \/><\/span><\/span><\/td>\n<\/tr>\n<tr>\n<td style=\"text-align:right;padding:15px;height:25px;\" valign=\"middle\" align=\"right\"><span style=\"font-size:12pt;color:#000000;\"><span style=\"font-family:verdana, geneva;\"><\/span><\/span><span style=\"font-family:verdana, geneva;color:#000000;\"><span style=\"font-size:16px;\">temperatura otoczenia<br \/><\/span><\/span><\/td>\n<td style=\"background-color:#ffffff;text-align:center;width:200px;\"><span style=\"font-family:verdana, geneva;color:#000000;\"><span style=\"font-size:16px;\"><\/span><\/span><span style=\"font-size:12pt;color:#000000;\"><span style=\"font-family:verdana, geneva;\"><\/span><\/span><span style=\"font-family:verdana, geneva;color:#000000;\"><span style=\"font-size:16px;\">-20 \u00b0C ~ +50 \u00b0C<\/span><\/span><\/td>\n<\/tr>\n<tr>\n<td style=\"text-align:right;padding:15px;height:25px;\" valign=\"middle\" align=\"right\"><span style=\"font-size:12pt;color:#000000;\"><span style=\"font-family:verdana, geneva;\"><\/span><\/span><span style=\"font-family:verdana, geneva;color:#000000;\"><span style=\"font-size:16px;\">Ochrona przed wnikaniem obcych cia\u0142 sta\u0142ych i przed wnikaniem wody<br \/><\/span><\/span><\/td>\n<td style=\"background-color:#ffffff;text-align:center;width:200px;\">\n<p><span style=\"font-family:verdana, geneva;color:#000000;\"><span style=\"font-size:16px;\">IP54<\/span><\/span><\/p>\n<\/td>\n<\/tr>\n<tr>\n<td style=\"text-align:right;padding:15px;height:25px;\" valign=\"middle\" align=\"right\"><span style=\"font-size:12pt;color:#000000;\"><span style=\"font-family:verdana, geneva;\"><\/span><\/span><span style=\"font-family:verdana, geneva;color:#000000;\"><span style=\"font-size:16px;\">Odporno\u015b\u0107 na promieniowanie UV<br \/><\/span><\/span><\/td>\n<td style=\"background-color:#ffffff;text-align:center;width:200px;\">\n<p><span style=\"font-family:verdana, geneva;color:#000000;\"><span style=\"font-size:16px;\">tak<br \/><\/span><\/span><\/p>\n<\/p>\n<\/td>\n<\/tr>\n<tr>\n<td style=\"text-align:right;padding:15px;height:25px;\" valign=\"middle\" align=\"right\"><span style=\"font-size:12pt;color:#000000;\"><span style=\"font-family:verdana, geneva;\"><\/span><\/span><span style=\"font-family:verdana, geneva;color:#000000;\"><span style=\"font-size:16px;\"><span style=\"font-family:verdana, geneva;color:#000000;\"><span style=\"font-size:16px;\">Konstrukcja stacjonarna\/ruchoma<\/span><\/span><\/span><\/span><\/td>\n<td style=\"background-color:#ffffff;text-align:center;width:200px;\">\n<p><span style=\"font-family:verdana, geneva;color:#000000;\"><span style=\"font-size:16px;\">Stacjonarna<br \/><\/span><\/span><\/p>\n<\/td>\n<\/tr>\n<tr>\n<td style=\"text-align:right;padding:15px;height:25px;\" colspan=\"2\" valign=\"middle\" align=\"right\"><span style=\"font-family:verdana, geneva;color:#000000;\"><span style=\"font-size:16px;\">Informacje og\u00f3lne:<br \/><\/span><\/span><\/td>\n<\/tr>\n<tr>\n<td style=\"text-align:right;padding:15px;height:25px;\" valign=\"middle\" align=\"right\"><span style=\"font-size:12pt;color:#000000;\"><span style=\"font-family:verdana, geneva;\">Certyfikaty i normy producenta<\/span><\/span><\/td>\n<td style=\"background-color:#ffffff;text-align:center;\">\n<p><span style=\"font-family:verdana, geneva;color:#000000;\"><span style=\"font-size:16px;\">T\u00dcV S\u00dcD, ISO 9001:2015, CE, IEC 61439 EN 62196-2<br \/><\/span><\/span><\/p>\n<\/td>\n<\/tr>\n<tr>\n<td style=\"text-align:right;padding:15px;height:25px;\" valign=\"middle\" align=\"right\"><span style=\"font-size:12pt;color:#000000;\"><span style=\"font-family:verdana, geneva;\">Model<\/span><\/span><\/td>\n<td style=\"background-color:#ffffff;text-align:center;\"><span style=\"font-family:verdana, geneva;color:#000000;\"><span style=\"font-size:16px;\">DV-6870-EV<br \/><\/span><\/span><\/td>\n<\/tr>\n<tr>\n<td style=\"text-align:right;padding:15px;height:25px;\" valign=\"middle\" align=\"right\"><span style=\"font-size:12pt;color:#000000;\"><span style=\"font-family:verdana, geneva;\">oznaczenie serii producenta<\/span><\/span><\/td>\n<td style=\"background-color:#ffffff;text-align:center;\"><span style=\"font-family:verdana, geneva;color:#000000;\"><span style=\"font-size:16px;\">WALLBOX Doktorvolt<br \/><\/span><\/span><\/td>\n<\/tr>\n<tr>\n<td style=\"text-align:right;padding:15px;height:25px;\" valign=\"middle\" align=\"right\"><span style=\"font-size:12pt;color:#000000;\"><span style=\"font-family:verdana, geneva;\">Producent<\/span><\/span><\/td>\n<td style=\"background-color:#ffffff;text-align:center;\"><span style=\"font-family:verdana, geneva;color:#000000;\"><span style=\"font-size:16px;\">Doktorvolt<br \/><\/span><\/span><\/td>\n<\/tr>\n<tr>\n<td style=\"text-align:right;padding:15px;height:25px;\" valign=\"middle\" align=\"right\"><span style=\"font-size:12pt;color:#000000;\"><span style=\"font-family:verdana, geneva;\">EAN<\/span><\/span><\/td>\n<td style=\"background-color:#ffffff;text-align:center;\"><span class=\"markedContent\" id=\"page3R_mcid31\"><span style=\"font-size:18.4px;font-family:sans-serif;\" dir=\"ltr\">5907589336870<\/span><\/span><\/td>\n<\/tr>\n<\/tbody>\n<\/table>\n","protected":false},"excerpt":{"rendered":"","protected":false},"featured_media":104293,"template":"","meta":[],"product_brand":[],"product_cat":[5086],"product_tag":[],"class_list":{"0":"post-110788","1":"product","2":"type-product","3":"status-publish","4":"has-post-thumbnail","6":"product_cat-automotive","7":"pa_dodatkowe-wyposazenie-type-2-socket-outlet","8":"pa_moc-11kw","10":"first","11":"instock","12":"shipping-taxable","13":"product-type-external"},"yoast_head":"<!-- This site is optimized with the Yoast SEO plugin v27.0 - https:\/\/yoast.com\/product\/yoast-seo-wordpress\/ -->\n<title>WALLBOX Na\u015bcienna stacja \u0142adowania 11kW typ 2 RFID DOKTORVOLT DV-6870-EV - DOKTORVOLT\u00ae<\/title>\n<meta name=\"robots\" content=\"index, follow, max-snippet:-1, max-image-preview:large, max-video-preview:-1\" \/>\n<link rel=\"canonical\" href=\"https:\/\/doktorvolt.pl\/en\/oferta-doktorvolt\/automotive\/wallbox-nascienna-stacja-ladowania-11kw-typ-2-rfid-doktorvolt-dv-6870-ev\/\" \/>\n<meta property=\"og:locale\" content=\"en_US\" \/>\n<meta property=\"og:type\" content=\"article\" \/>\n<meta property=\"og:title\" content=\"WALLBOX Na\u015bcienna stacja \u0142adowania 11kW typ 2 RFID DOKTORVOLT DV-6870-EV - DOKTORVOLT\u00ae\" \/>\n<meta property=\"og:url\" content=\"https:\/\/doktorvolt.pl\/en\/oferta-doktorvolt\/automotive\/wallbox-nascienna-stacja-ladowania-11kw-typ-2-rfid-doktorvolt-dv-6870-ev\/\" \/>\n<meta property=\"og:site_name\" content=\"DOKTORVOLT\u00ae\" \/>\n<meta property=\"og:image\" content=\"https:\/\/doktorvolt.pl\/wp-content\/uploads\/2026\/02\/pol_pl_WALLBOX-Nascienna-stacja-ladowania-11kW-typ-2-RFID-DOKTORVOLT-DV-6870-EV-16071_1.jpg\" \/>\n\t<meta property=\"og:image:width\" content=\"1000\" \/>\n\t<meta property=\"og:image:height\" content=\"1000\" \/>\n\t<meta property=\"og:image:type\" content=\"image\/jpeg\" \/>\n<meta name=\"twitter:card\" content=\"summary_large_image\" \/>\n<meta name=\"twitter:label1\" content=\"Est. reading time\" \/>\n\t<meta name=\"twitter:data1\" content=\"2 minutes\" \/>\n<script type=\"application\/ld+json\" class=\"yoast-schema-graph\">{\"@context\":\"https:\/\/schema.org\",\"@graph\":[{\"@type\":\"WebPage\",\"@id\":\"https:\/\/doktorvolt.pl\/en\/oferta-doktorvolt\/automotive\/wallbox-nascienna-stacja-ladowania-11kw-typ-2-rfid-doktorvolt-dv-6870-ev\/\",\"url\":\"https:\/\/doktorvolt.pl\/en\/oferta-doktorvolt\/automotive\/wallbox-nascienna-stacja-ladowania-11kw-typ-2-rfid-doktorvolt-dv-6870-ev\/\",\"name\":\"WALLBOX Na\u015bcienna stacja \u0142adowania 11kW typ 2 RFID DOKTORVOLT DV-6870-EV - DOKTORVOLT\u00ae\",\"isPartOf\":{\"@id\":\"https:\/\/doktorvolt.pl\/de\/#website\"},\"primaryImageOfPage\":{\"@id\":\"https:\/\/doktorvolt.pl\/en\/oferta-doktorvolt\/automotive\/wallbox-nascienna-stacja-ladowania-11kw-typ-2-rfid-doktorvolt-dv-6870-ev\/#primaryimage\"},\"image\":{\"@id\":\"https:\/\/doktorvolt.pl\/en\/oferta-doktorvolt\/automotive\/wallbox-nascienna-stacja-ladowania-11kw-typ-2-rfid-doktorvolt-dv-6870-ev\/#primaryimage\"},\"thumbnailUrl\":\"https:\/\/doktorvolt.pl\/wp-content\/uploads\/2026\/02\/pol_pl_WALLBOX-Nascienna-stacja-ladowania-11kW-typ-2-RFID-DOKTORVOLT-DV-6870-EV-16071_1.jpg\",\"datePublished\":\"2026-02-23T13:48:49+00:00\",\"breadcrumb\":{\"@id\":\"https:\/\/doktorvolt.pl\/en\/oferta-doktorvolt\/automotive\/wallbox-nascienna-stacja-ladowania-11kw-typ-2-rfid-doktorvolt-dv-6870-ev\/#breadcrumb\"},\"inLanguage\":\"en-US\",\"potentialAction\":[{\"@type\":\"ReadAction\",\"target\":[\"https:\/\/doktorvolt.pl\/en\/oferta-doktorvolt\/automotive\/wallbox-nascienna-stacja-ladowania-11kw-typ-2-rfid-doktorvolt-dv-6870-ev\/\"]}]},{\"@type\":\"ImageObject\",\"inLanguage\":\"en-US\",\"@id\":\"https:\/\/doktorvolt.pl\/en\/oferta-doktorvolt\/automotive\/wallbox-nascienna-stacja-ladowania-11kw-typ-2-rfid-doktorvolt-dv-6870-ev\/#primaryimage\",\"url\":\"https:\/\/doktorvolt.pl\/wp-content\/uploads\/2026\/02\/pol_pl_WALLBOX-Nascienna-stacja-ladowania-11kW-typ-2-RFID-DOKTORVOLT-DV-6870-EV-16071_1.jpg\",\"contentUrl\":\"https:\/\/doktorvolt.pl\/wp-content\/uploads\/2026\/02\/pol_pl_WALLBOX-Nascienna-stacja-ladowania-11kW-typ-2-RFID-DOKTORVOLT-DV-6870-EV-16071_1.jpg\",\"width\":1000,\"height\":1000},{\"@type\":\"BreadcrumbList\",\"@id\":\"https:\/\/doktorvolt.pl\/en\/oferta-doktorvolt\/automotive\/wallbox-nascienna-stacja-ladowania-11kw-typ-2-rfid-doktorvolt-dv-6870-ev\/#breadcrumb\",\"itemListElement\":[{\"@type\":\"ListItem\",\"position\":1,\"name\":\"Strona g\u0142\u00f3wna\",\"item\":\"https:\/\/doktorvolt.pl\/en\/\"},{\"@type\":\"ListItem\",\"position\":2,\"name\":\"Offer Doktorvolt\",\"item\":\"https:\/\/doktorvolt.pl\/en\/offer-doktorvolt\/\"},{\"@type\":\"ListItem\",\"position\":3,\"name\":\"WALLBOX Na\u015bcienna stacja \u0142adowania 11kW typ 2 RFID DOKTORVOLT DV-6870-EV\"}]},{\"@type\":\"WebSite\",\"@id\":\"https:\/\/doktorvolt.pl\/de\/#website\",\"url\":\"https:\/\/doktorvolt.pl\/de\/\",\"name\":\"DOKTORVOLT\u00ae\",\"description\":\"Producent rozdzielnic budowlanych\",\"publisher\":{\"@id\":\"https:\/\/doktorvolt.pl\/de\/#organization\"},\"potentialAction\":[{\"@type\":\"SearchAction\",\"target\":{\"@type\":\"EntryPoint\",\"urlTemplate\":\"https:\/\/doktorvolt.pl\/de\/?s={search_term_string}\"},\"query-input\":{\"@type\":\"PropertyValueSpecification\",\"valueRequired\":true,\"valueName\":\"search_term_string\"}}],\"inLanguage\":\"en-US\"},{\"@type\":\"Organization\",\"@id\":\"https:\/\/doktorvolt.pl\/de\/#organization\",\"name\":\"DOKTORVOLT\u00ae\",\"url\":\"https:\/\/doktorvolt.pl\/de\/\",\"logo\":{\"@type\":\"ImageObject\",\"inLanguage\":\"en-US\",\"@id\":\"https:\/\/doktorvolt.pl\/de\/#\/schema\/logo\/image\/\",\"url\":\"https:\/\/doktorvolt.pl\/wp-content\/uploads\/2023\/10\/DoktorVOLT-black-png.png\",\"contentUrl\":\"https:\/\/doktorvolt.pl\/wp-content\/uploads\/2023\/10\/DoktorVOLT-black-png.png\",\"width\":729,\"height\":40,\"caption\":\"DOKTORVOLT\u00ae\"},\"image\":{\"@id\":\"https:\/\/doktorvolt.pl\/de\/#\/schema\/logo\/image\/\"}}]}<\/script>\n<!-- \/ Yoast SEO plugin. -->","yoast_head_json":{"title":"WALLBOX Na\u015bcienna stacja \u0142adowania 11kW typ 2 RFID DOKTORVOLT DV-6870-EV - DOKTORVOLT\u00ae","robots":{"index":"index","follow":"follow","max-snippet":"max-snippet:-1","max-image-preview":"max-image-preview:large","max-video-preview":"max-video-preview:-1"},"canonical":"https:\/\/doktorvolt.pl\/en\/oferta-doktorvolt\/automotive\/wallbox-nascienna-stacja-ladowania-11kw-typ-2-rfid-doktorvolt-dv-6870-ev\/","og_locale":"en_US","og_type":"article","og_title":"WALLBOX Na\u015bcienna stacja \u0142adowania 11kW typ 2 RFID DOKTORVOLT DV-6870-EV - DOKTORVOLT\u00ae","og_url":"https:\/\/doktorvolt.pl\/en\/oferta-doktorvolt\/automotive\/wallbox-nascienna-stacja-ladowania-11kw-typ-2-rfid-doktorvolt-dv-6870-ev\/","og_site_name":"DOKTORVOLT\u00ae","og_image":[{"width":1000,"height":1000,"url":"https:\/\/doktorvolt.pl\/wp-content\/uploads\/2026\/02\/pol_pl_WALLBOX-Nascienna-stacja-ladowania-11kW-typ-2-RFID-DOKTORVOLT-DV-6870-EV-16071_1.jpg","type":"image\/jpeg"}],"twitter_card":"summary_large_image","twitter_misc":{"Est. reading time":"2 minutes"},"schema":{"@context":"https:\/\/schema.org","@graph":[{"@type":"WebPage","@id":"https:\/\/doktorvolt.pl\/en\/oferta-doktorvolt\/automotive\/wallbox-nascienna-stacja-ladowania-11kw-typ-2-rfid-doktorvolt-dv-6870-ev\/","url":"https:\/\/doktorvolt.pl\/en\/oferta-doktorvolt\/automotive\/wallbox-nascienna-stacja-ladowania-11kw-typ-2-rfid-doktorvolt-dv-6870-ev\/","name":"WALLBOX Na\u015bcienna stacja \u0142adowania 11kW typ 2 RFID DOKTORVOLT DV-6870-EV - DOKTORVOLT\u00ae","isPartOf":{"@id":"https:\/\/doktorvolt.pl\/de\/#website"},"primaryImageOfPage":{"@id":"https:\/\/doktorvolt.pl\/en\/oferta-doktorvolt\/automotive\/wallbox-nascienna-stacja-ladowania-11kw-typ-2-rfid-doktorvolt-dv-6870-ev\/#primaryimage"},"image":{"@id":"https:\/\/doktorvolt.pl\/en\/oferta-doktorvolt\/automotive\/wallbox-nascienna-stacja-ladowania-11kw-typ-2-rfid-doktorvolt-dv-6870-ev\/#primaryimage"},"thumbnailUrl":"https:\/\/doktorvolt.pl\/wp-content\/uploads\/2026\/02\/pol_pl_WALLBOX-Nascienna-stacja-ladowania-11kW-typ-2-RFID-DOKTORVOLT-DV-6870-EV-16071_1.jpg","datePublished":"2026-02-23T13:48:49+00:00","breadcrumb":{"@id":"https:\/\/doktorvolt.pl\/en\/oferta-doktorvolt\/automotive\/wallbox-nascienna-stacja-ladowania-11kw-typ-2-rfid-doktorvolt-dv-6870-ev\/#breadcrumb"},"inLanguage":"en-US","potentialAction":[{"@type":"ReadAction","target":["https:\/\/doktorvolt.pl\/en\/oferta-doktorvolt\/automotive\/wallbox-nascienna-stacja-ladowania-11kw-typ-2-rfid-doktorvolt-dv-6870-ev\/"]}]},{"@type":"ImageObject","inLanguage":"en-US","@id":"https:\/\/doktorvolt.pl\/en\/oferta-doktorvolt\/automotive\/wallbox-nascienna-stacja-ladowania-11kw-typ-2-rfid-doktorvolt-dv-6870-ev\/#primaryimage","url":"https:\/\/doktorvolt.pl\/wp-content\/uploads\/2026\/02\/pol_pl_WALLBOX-Nascienna-stacja-ladowania-11kW-typ-2-RFID-DOKTORVOLT-DV-6870-EV-16071_1.jpg","contentUrl":"https:\/\/doktorvolt.pl\/wp-content\/uploads\/2026\/02\/pol_pl_WALLBOX-Nascienna-stacja-ladowania-11kW-typ-2-RFID-DOKTORVOLT-DV-6870-EV-16071_1.jpg","width":1000,"height":1000},{"@type":"BreadcrumbList","@id":"https:\/\/doktorvolt.pl\/en\/oferta-doktorvolt\/automotive\/wallbox-nascienna-stacja-ladowania-11kw-typ-2-rfid-doktorvolt-dv-6870-ev\/#breadcrumb","itemListElement":[{"@type":"ListItem","position":1,"name":"Strona g\u0142\u00f3wna","item":"https:\/\/doktorvolt.pl\/en\/"},{"@type":"ListItem","position":2,"name":"Offer Doktorvolt","item":"https:\/\/doktorvolt.pl\/en\/offer-doktorvolt\/"},{"@type":"ListItem","position":3,"name":"WALLBOX Na\u015bcienna stacja \u0142adowania 11kW typ 2 RFID DOKTORVOLT DV-6870-EV"}]},{"@type":"WebSite","@id":"https:\/\/doktorvolt.pl\/de\/#website","url":"https:\/\/doktorvolt.pl\/de\/","name":"DOKTORVOLT\u00ae","description":"Producent rozdzielnic budowlanych","publisher":{"@id":"https:\/\/doktorvolt.pl\/de\/#organization"},"potentialAction":[{"@type":"SearchAction","target":{"@type":"EntryPoint","urlTemplate":"https:\/\/doktorvolt.pl\/de\/?s={search_term_string}"},"query-input":{"@type":"PropertyValueSpecification","valueRequired":true,"valueName":"search_term_string"}}],"inLanguage":"en-US"},{"@type":"Organization","@id":"https:\/\/doktorvolt.pl\/de\/#organization","name":"DOKTORVOLT\u00ae","url":"https:\/\/doktorvolt.pl\/de\/","logo":{"@type":"ImageObject","inLanguage":"en-US","@id":"https:\/\/doktorvolt.pl\/de\/#\/schema\/logo\/image\/","url":"https:\/\/doktorvolt.pl\/wp-content\/uploads\/2023\/10\/DoktorVOLT-black-png.png","contentUrl":"https:\/\/doktorvolt.pl\/wp-content\/uploads\/2023\/10\/DoktorVOLT-black-png.png","width":729,"height":40,"caption":"DOKTORVOLT\u00ae"},"image":{"@id":"https:\/\/doktorvolt.pl\/de\/#\/schema\/logo\/image\/"}}]}},"_links":{"self":[{"href":"https:\/\/doktorvolt.pl\/en\/wp-json\/wp\/v2\/product\/110788","targetHints":{"allow":["GET"]}}],"collection":[{"href":"https:\/\/doktorvolt.pl\/en\/wp-json\/wp\/v2\/product"}],"about":[{"href":"https:\/\/doktorvolt.pl\/en\/wp-json\/wp\/v2\/types\/product"}],"wp:featuredmedia":[{"embeddable":true,"href":"https:\/\/doktorvolt.pl\/en\/wp-json\/wp\/v2\/media\/104293"}],"wp:attachment":[{"href":"https:\/\/doktorvolt.pl\/en\/wp-json\/wp\/v2\/media?parent=110788"}],"wp:term":[{"taxonomy":"product_brand","embeddable":true,"href":"https:\/\/doktorvolt.pl\/en\/wp-json\/wp\/v2\/product_brand?post=110788"},{"taxonomy":"product_cat","embeddable":true,"href":"https:\/\/doktorvolt.pl\/en\/wp-json\/wp\/v2\/product_cat?post=110788"},{"taxonomy":"product_tag","embeddable":true,"href":"https:\/\/doktorvolt.pl\/en\/wp-json\/wp\/v2\/product_tag?post=110788"}],"curies":[{"name":"wp","href":"https:\/\/api.w.org\/{rel}","templated":true}]}}