{"id":110793,"date":"2026-02-23T15:48:07","date_gmt":"2026-02-23T13:48:07","guid":{"rendered":"https:\/\/doktorvolt.pl\/sklep\/uncategorized\/kontroler-do-ladowarki-wallbox-evse-din-6887\/"},"modified":"2026-02-23T15:48:07","modified_gmt":"2026-02-23T13:48:07","slug":"kontroler-do-ladowarki-wallbox-evse-din-6887","status":"publish","type":"product","link":"https:\/\/doktorvolt.pl\/en\/oferta-doktorvolt\/automotive\/kontroler-do-ladowarki-wallbox-evse-din-6887\/","title":{"rendered":"Kontroler do \u0142adowarki WALLBOX EVSE DIN 6887"},"content":{"rendered":"<h1 style=\"text-align:center;\"><span style=\"color:#000000;\">Kontroler do \u0142adowarki WALLBOX EVSE DIN<br \/><\/span><\/h1>\n<\/p>\n<p style=\"font-family:verdana, geneva;font-size:12pt;text-align:center;\"><span style=\"color:#000000;\">&#x2b50;&#x2b50;&#x2b50;&#x2b50;&#x2b50;<\/span><\/p>\n<\/p>\n<p style=\"text-align:justify;\"><span style=\"font-family:verdana, geneva;font-size:12pt;color:#000000;\">&#x27a1;&#xfe0f; EVSE to skr\u00f3t od angielskiej nazwy &#8220;electric vehicle supply equipment&#8221;. Jest to element, kt\u00f3ry dostarcza energi\u0119 elektryczn\u0105 do \u0142adowania pojazd\u00f3w elektrycznych lub pojazd\u00f3w typu plug-in.<\/span><\/p>\n<p style=\"text-align:justify;\"><span style=\"font-family:verdana, geneva;font-size:12pt;color:#000000;\">&#x27a1;&#xfe0f; Cykl pracy sygna\u0142u pilota\u017cowego podawanego przez EVSE okre\u015bla maksymaln\u0105 wydajno\u015b\u0107 \u0142adowania. Samoch\u00f3d mo\u017ce zdefiniowa\u0107 kilka stan\u00f3w poprzez \u015bci\u0105gni\u0119cie sygna\u0142u pilota\u017cowego do okre\u015blonych poziom\u00f3w napi\u0119cia (3V, 6V, 9V). Na podstawie tej informacji zwrotnej EVSE uruchamia przeka\u017anik, kt\u00f3ry umo\u017cliwia \u0142adowanie pojazdu lub ocenia stan jako b\u0142\u0105d (energia elektryczna nie zostanie dostarczona).<\/span><\/p>\n<\/p>\n<p style=\"text-align:justify;\"><strong><span style=\"font-family:verdana, geneva;font-size:12pt;color:#000000;\">&#x27a1;&#xfe0f; Informacje og\u00f3lne:<\/span><\/strong><\/p>\n<p style=\"text-align:justify;\"><span style=\"font-family:verdana, geneva;font-size:12pt;color:#000000;\">&#x2714;&#xfe0f; zasilanie 5A 250V,<\/span><\/p>\n<p style=\"text-align:justify;\"><span style=\"font-family:verdana, geneva;font-size:12pt;color:#000000;\">&#x2714;&#xfe0f; monta\u017c na szynie DIN,<\/span><\/p>\n<p style=\"text-align:justify;\"><span style=\"font-family:verdana, geneva;font-size:12pt;color:#000000;\">&#x2714;&#xfe0f; zaciski wtykowe,<\/span><\/p>\n<p style=\"text-align:justify;\"><span style=\"font-family:verdana, geneva;font-size:12pt;color:#000000;\">&#x2714;&#xfe0f; mo\u017cliwo\u015b\u0107 ograniczenia pr\u0105du w zale\u017cno\u015bci od u\u017cytego przewodu (wykrywanie rezystora PP),<\/span><\/p>\n<p style=\"text-align:justify;\"><span style=\"font-family:verdana, geneva;font-size:12pt;color:#000000;\">&#x2714;&#xfe0f; posiada wbudowany przeka\u017anik (mo\u017cliwo\u015b\u0107 bezpo\u015bredniego wysterowania stycznika 230V),<\/span><\/p>\n<p style=\"text-align:justify;\"><span style=\"font-family:verdana, geneva;font-size:12pt;color:#000000;\">&#x2714;&#xfe0f; pojazdy do kt\u00f3rych pasuje kontroler: TESLA S\/X (wi\u0119kszo\u015b\u0107 pojazd\u00f3w zgodna z SIMPLE EVSE),<br \/><\/span><\/p>\n<p style=\"text-align:justify;\"><span style=\"font-family:verdana, geneva;font-size:12pt;color:#000000;\">&#x2714;&#xfe0f; potrafi ograniczy\u0107 nat\u0119\u017cenie pr\u0105du, w zale\u017cno\u015bci od zewn\u0119trznego napi\u0119cia (dla u\u017cytku z domowymi instalacjami PV) &#8211; posiada wej\u015bcie analogowe 0-5V lub opcjonalnie 0-10V (NIE IZOLOWANE),<br \/><\/span><\/p>\n<p style=\"text-align:justify;\"><span style=\"font-family:verdana, geneva;font-size:12pt;color:#000000;\">&#x2714;&#xfe0f; spos\u00f3b u\u017cycia: wystarczy pod\u0142\u0105czy\u0107 przew\u00f3d fazowy, neutralny, PE oraz wyj\u015bcie przeka\u017anikowe (faza) i pilot steruj\u0105cy CP,<\/span><\/p>\n<\/p>\n<p style=\"text-align:justify;\"><strong><span style=\"font-family:verdana, geneva;font-size:12pt;color:#000000;\">&#x27a1;&#xfe0f; zestaw zawiera:<\/span><\/strong><\/p>\n<p style=\"text-align:justify;\"><span style=\"font-family:verdana, geneva;font-size:12pt;color:#000000;\">&#x2714;&#xfe0f; Modu\u0142 EVSE DIN gotowy do pod\u0142\u0105czenia. <br \/><\/span><\/p>\n<p style=\"text-align:justify;\">\n<p style=\"text-align:justify;\">\n<\/p>\n<p style=\"text-align:justify;\"><strong><span style=\"font-family:verdana, geneva;font-size:12pt;color:#000000;\">&#x27a1;&#xfe0f; Przyk\u0142adowy schemat pod\u0142\u0105czenia:<\/span><\/strong><\/p>\n<p style=\"text-align:center;\"><img decoding=\"async\" src=\"\/data\/include\/cms\/description\/img\/cms\/przyk%C5%82adowy%20schemat%20pod%C5%82%C4%85czenia.png\" alt=\"\" width=\"900\" height=\"300\" \/><\/p>\n<table class=\"center\" style=\"background-color:#f5f5f5;margin-left:auto;margin-right:auto;width:623px;height:883px;border:1px solid #ffffff;\" align=\"center\">\n<tbody>\n<tr>\n<td style=\"text-align:right;padding:15px;height:25px;\" valign=\"middle\" align=\"right\">\n<p><span style=\"font-size:12pt;color:#000000;\"><span style=\"font-family:verdana, geneva;\">Model<\/span><\/span><\/p>\n<\/td>\n<td style=\"background-color:#ffffff;text-align:center;\"><span style=\"font-size:16px;color:#000000;\">EVSE DIN<br \/><\/span><\/td>\n<\/tr>\n<tr>\n<td style=\"text-align:right;padding:15px;height:25px;\" valign=\"middle\" align=\"right\">\n<p><span style=\"font-size:12pt;color:#000000;\"><span style=\"font-family:verdana, geneva;\">\u0142\u0105cznik<br \/><\/span><\/span><\/p>\n<\/td>\n<td style=\"background-color:#ffffff;text-align:center;\"><span style=\"font-size:16px;color:#000000;\">zintegrowany bezpiecznik<br \/><\/span><\/td>\n<\/tr>\n<tr>\n<td style=\"text-align:right;padding:15px;height:25px;\" valign=\"middle\" align=\"right\">\n<p><span style=\"font-size:12pt;color:#000000;\"><span style=\"font-family:verdana, geneva;\">zasilanie<\/span><\/span><\/p>\n<\/td>\n<td style=\"background-color:#ffffff;text-align:center;\"><span style=\"font-size:16px;color:#000000;\">5A 250V<br \/><\/span><\/td>\n<\/tr>\n<tr>\n<td style=\"text-align:right;padding:15px;height:25px;\" valign=\"middle\" align=\"right\">\n<p><span style=\"font-size:12pt;color:#000000;\"><span style=\"font-family:verdana, geneva;\">waga<\/span><\/span><\/p>\n<\/td>\n<td style=\"background-color:#ffffff;text-align:center;\"><span style=\"font-size:16px;color:#000000;\">85 g<br \/><\/span><\/td>\n<\/tr>\n<tr>\n<td style=\"text-align:right;padding:15px;height:25px;\" valign=\"middle\" align=\"right\">\n<p><span style=\"font-family:verdana, geneva;color:#000000;\"><span style=\"font-size:16px;\">zaciski<br \/><\/span><\/span><\/p>\n<\/td>\n<td style=\"background-color:#ffffff;text-align:center;\"><span style=\"font-family:verdana, geneva;color:#000000;\"><span style=\"font-size:16px;\">zaciski wtykowe<br \/><\/span><\/span><\/td>\n<\/tr>\n<tr>\n<td style=\"text-align:right;padding:15px;height:25px;\" valign=\"middle\" align=\"right\">\n<p><span style=\"font-family:verdana, geneva;color:#000000;\"><span style=\"font-size:16px;\"><span style=\"font-family:verdana, geneva;font-size:12pt;color:#000000;\">mo\u017cliwo\u015b\u0107 ograniczenia pr\u0105du w zale\u017cno\u015bci od u\u017cytego przewodu (wykrywanie rezystora PP)<\/span><\/span><\/span><\/p>\n<\/td>\n<td style=\"background-color:#ffffff;text-align:center;\"><span style=\"font-family:verdana, geneva;color:#000000;\"><span style=\"font-size:16px;\">TAK<br \/><\/span><\/span><\/td>\n<\/tr>\n<tr>\n<td style=\"text-align:right;padding:15px;height:25px;\" valign=\"middle\" align=\"right\">\n<p><span style=\"font-family:verdana, geneva;color:#000000;\"><span style=\"font-size:16px;\"><span style=\"font-family:verdana, geneva;font-size:12pt;color:#000000;\">posiada wbudowany przeka\u017anik (mo\u017cliwo\u015b\u0107 bezpo\u015bredniego wysterowania stycznika 230V)<\/span><\/span><\/span><\/p>\n<\/td>\n<td style=\"background-color:#ffffff;text-align:center;\"><span style=\"font-family:verdana, geneva;color:#000000;\"><span style=\"font-size:16px;\">TAK<br \/><\/span><\/span><\/td>\n<\/tr>\n<tr>\n<td style=\"text-align:right;padding:15px;height:25px;\" valign=\"middle\" align=\"right\">\n<p><span style=\"font-family:verdana, geneva;color:#000000;\"><span style=\"font-size:16px;\"><span style=\"font-family:verdana, geneva;font-size:12pt;color:#000000;\">wymiary (bez z\u0142\u0105czy)<\/span><\/span><\/span><\/p>\n<\/td>\n<td style=\"background-color:#ffffff;text-align:center;\"><span style=\"font-family:verdana, geneva;color:#000000;\"><span style=\"font-size:16px;\"><span style=\"font-family:verdana, geneva;font-size:12pt;color:#000000;\">86x29x25mm<\/span><\/span><\/span><\/td>\n<\/tr>\n<tr>\n<td style=\"text-align:right;padding:15px;height:25px;\" valign=\"middle\" align=\"right\">\n<p><span style=\"font-family:verdana, geneva;color:#000000;\"><span style=\"font-size:16px;\"><span style=\"font-family:verdana, geneva;font-size:12pt;color:#000000;\">kompatybilny<\/span><\/span><\/span><\/p>\n<\/td>\n<td style=\"background-color:#ffffff;text-align:center;\">\n<p><span style=\"font-family:verdana, geneva;color:#000000;\"><span style=\"font-size:16px;\"><span style=\"font-family:verdana, geneva;font-size:12pt;color:#000000;\">Tesla, Nissan Leaf, Mitsubishi iMiev, Opel Ampera, eGolf, Mitsubishi Outlander PHEV, Citroen Berlingo Electrique i wi\u0119cej&#8230;.<br \/><\/span><\/span><\/span><\/p>\n<\/p>\n<\/td>\n<\/tr>\n<\/tbody>\n<\/table>\n","protected":false},"excerpt":{"rendered":"","protected":false},"featured_media":104207,"template":"","meta":[],"product_brand":[],"product_cat":[5086],"product_tag":[],"class_list":{"0":"post-110793","1":"product","2":"type-product","3":"status-publish","4":"has-post-thumbnail","6":"product_cat-automotive","8":"first","9":"instock","10":"shipping-taxable","11":"product-type-external"},"yoast_head":"<!-- This site is optimized with the Yoast SEO plugin v27.0 - https:\/\/yoast.com\/product\/yoast-seo-wordpress\/ -->\n<title>Kontroler do \u0142adowarki WALLBOX EVSE DIN 6887 - DOKTORVOLT\u00ae<\/title>\n<meta name=\"robots\" content=\"index, follow, max-snippet:-1, max-image-preview:large, max-video-preview:-1\" \/>\n<link rel=\"canonical\" href=\"https:\/\/doktorvolt.pl\/en\/oferta-doktorvolt\/automotive\/kontroler-do-ladowarki-wallbox-evse-din-6887\/\" \/>\n<meta property=\"og:locale\" content=\"en_US\" \/>\n<meta property=\"og:type\" content=\"article\" \/>\n<meta property=\"og:title\" content=\"Kontroler do \u0142adowarki WALLBOX EVSE DIN 6887 - DOKTORVOLT\u00ae\" \/>\n<meta property=\"og:url\" content=\"https:\/\/doktorvolt.pl\/en\/oferta-doktorvolt\/automotive\/kontroler-do-ladowarki-wallbox-evse-din-6887\/\" \/>\n<meta property=\"og:site_name\" content=\"DOKTORVOLT\u00ae\" \/>\n<meta property=\"og:image\" content=\"https:\/\/doktorvolt.pl\/wp-content\/uploads\/2026\/02\/pol_pl_15192-15192_1.jpg\" \/>\n\t<meta property=\"og:image:width\" content=\"1000\" \/>\n\t<meta property=\"og:image:height\" content=\"1000\" \/>\n\t<meta property=\"og:image:type\" content=\"image\/jpeg\" \/>\n<meta name=\"twitter:card\" content=\"summary_large_image\" \/>\n<meta name=\"twitter:label1\" content=\"Est. reading time\" \/>\n\t<meta name=\"twitter:data1\" content=\"2 minutes\" \/>\n<script type=\"application\/ld+json\" class=\"yoast-schema-graph\">{\"@context\":\"https:\/\/schema.org\",\"@graph\":[{\"@type\":\"WebPage\",\"@id\":\"https:\/\/doktorvolt.pl\/en\/oferta-doktorvolt\/automotive\/kontroler-do-ladowarki-wallbox-evse-din-6887\/\",\"url\":\"https:\/\/doktorvolt.pl\/en\/oferta-doktorvolt\/automotive\/kontroler-do-ladowarki-wallbox-evse-din-6887\/\",\"name\":\"Kontroler do \u0142adowarki WALLBOX EVSE DIN 6887 - DOKTORVOLT\u00ae\",\"isPartOf\":{\"@id\":\"https:\/\/doktorvolt.pl\/de\/#website\"},\"primaryImageOfPage\":{\"@id\":\"https:\/\/doktorvolt.pl\/en\/oferta-doktorvolt\/automotive\/kontroler-do-ladowarki-wallbox-evse-din-6887\/#primaryimage\"},\"image\":{\"@id\":\"https:\/\/doktorvolt.pl\/en\/oferta-doktorvolt\/automotive\/kontroler-do-ladowarki-wallbox-evse-din-6887\/#primaryimage\"},\"thumbnailUrl\":\"https:\/\/doktorvolt.pl\/wp-content\/uploads\/2026\/02\/pol_pl_15192-15192_1.jpg\",\"datePublished\":\"2026-02-23T13:48:07+00:00\",\"breadcrumb\":{\"@id\":\"https:\/\/doktorvolt.pl\/en\/oferta-doktorvolt\/automotive\/kontroler-do-ladowarki-wallbox-evse-din-6887\/#breadcrumb\"},\"inLanguage\":\"en-US\",\"potentialAction\":[{\"@type\":\"ReadAction\",\"target\":[\"https:\/\/doktorvolt.pl\/en\/oferta-doktorvolt\/automotive\/kontroler-do-ladowarki-wallbox-evse-din-6887\/\"]}]},{\"@type\":\"ImageObject\",\"inLanguage\":\"en-US\",\"@id\":\"https:\/\/doktorvolt.pl\/en\/oferta-doktorvolt\/automotive\/kontroler-do-ladowarki-wallbox-evse-din-6887\/#primaryimage\",\"url\":\"https:\/\/doktorvolt.pl\/wp-content\/uploads\/2026\/02\/pol_pl_15192-15192_1.jpg\",\"contentUrl\":\"https:\/\/doktorvolt.pl\/wp-content\/uploads\/2026\/02\/pol_pl_15192-15192_1.jpg\",\"width\":1000,\"height\":1000},{\"@type\":\"BreadcrumbList\",\"@id\":\"https:\/\/doktorvolt.pl\/en\/oferta-doktorvolt\/automotive\/kontroler-do-ladowarki-wallbox-evse-din-6887\/#breadcrumb\",\"itemListElement\":[{\"@type\":\"ListItem\",\"position\":1,\"name\":\"Strona g\u0142\u00f3wna\",\"item\":\"https:\/\/doktorvolt.pl\/en\/\"},{\"@type\":\"ListItem\",\"position\":2,\"name\":\"Offer Doktorvolt\",\"item\":\"https:\/\/doktorvolt.pl\/en\/offer-doktorvolt\/\"},{\"@type\":\"ListItem\",\"position\":3,\"name\":\"Kontroler do \u0142adowarki WALLBOX EVSE DIN 6887\"}]},{\"@type\":\"WebSite\",\"@id\":\"https:\/\/doktorvolt.pl\/de\/#website\",\"url\":\"https:\/\/doktorvolt.pl\/de\/\",\"name\":\"DOKTORVOLT\u00ae\",\"description\":\"Producent rozdzielnic budowlanych\",\"publisher\":{\"@id\":\"https:\/\/doktorvolt.pl\/de\/#organization\"},\"potentialAction\":[{\"@type\":\"SearchAction\",\"target\":{\"@type\":\"EntryPoint\",\"urlTemplate\":\"https:\/\/doktorvolt.pl\/de\/?s={search_term_string}\"},\"query-input\":{\"@type\":\"PropertyValueSpecification\",\"valueRequired\":true,\"valueName\":\"search_term_string\"}}],\"inLanguage\":\"en-US\"},{\"@type\":\"Organization\",\"@id\":\"https:\/\/doktorvolt.pl\/de\/#organization\",\"name\":\"DOKTORVOLT\u00ae\",\"url\":\"https:\/\/doktorvolt.pl\/de\/\",\"logo\":{\"@type\":\"ImageObject\",\"inLanguage\":\"en-US\",\"@id\":\"https:\/\/doktorvolt.pl\/de\/#\/schema\/logo\/image\/\",\"url\":\"https:\/\/doktorvolt.pl\/wp-content\/uploads\/2023\/10\/DoktorVOLT-black-png.png\",\"contentUrl\":\"https:\/\/doktorvolt.pl\/wp-content\/uploads\/2023\/10\/DoktorVOLT-black-png.png\",\"width\":729,\"height\":40,\"caption\":\"DOKTORVOLT\u00ae\"},\"image\":{\"@id\":\"https:\/\/doktorvolt.pl\/de\/#\/schema\/logo\/image\/\"}}]}<\/script>\n<!-- \/ Yoast SEO plugin. -->","yoast_head_json":{"title":"Kontroler do \u0142adowarki WALLBOX EVSE DIN 6887 - DOKTORVOLT\u00ae","robots":{"index":"index","follow":"follow","max-snippet":"max-snippet:-1","max-image-preview":"max-image-preview:large","max-video-preview":"max-video-preview:-1"},"canonical":"https:\/\/doktorvolt.pl\/en\/oferta-doktorvolt\/automotive\/kontroler-do-ladowarki-wallbox-evse-din-6887\/","og_locale":"en_US","og_type":"article","og_title":"Kontroler do \u0142adowarki WALLBOX EVSE DIN 6887 - DOKTORVOLT\u00ae","og_url":"https:\/\/doktorvolt.pl\/en\/oferta-doktorvolt\/automotive\/kontroler-do-ladowarki-wallbox-evse-din-6887\/","og_site_name":"DOKTORVOLT\u00ae","og_image":[{"width":1000,"height":1000,"url":"https:\/\/doktorvolt.pl\/wp-content\/uploads\/2026\/02\/pol_pl_15192-15192_1.jpg","type":"image\/jpeg"}],"twitter_card":"summary_large_image","twitter_misc":{"Est. reading time":"2 minutes"},"schema":{"@context":"https:\/\/schema.org","@graph":[{"@type":"WebPage","@id":"https:\/\/doktorvolt.pl\/en\/oferta-doktorvolt\/automotive\/kontroler-do-ladowarki-wallbox-evse-din-6887\/","url":"https:\/\/doktorvolt.pl\/en\/oferta-doktorvolt\/automotive\/kontroler-do-ladowarki-wallbox-evse-din-6887\/","name":"Kontroler do \u0142adowarki WALLBOX EVSE DIN 6887 - DOKTORVOLT\u00ae","isPartOf":{"@id":"https:\/\/doktorvolt.pl\/de\/#website"},"primaryImageOfPage":{"@id":"https:\/\/doktorvolt.pl\/en\/oferta-doktorvolt\/automotive\/kontroler-do-ladowarki-wallbox-evse-din-6887\/#primaryimage"},"image":{"@id":"https:\/\/doktorvolt.pl\/en\/oferta-doktorvolt\/automotive\/kontroler-do-ladowarki-wallbox-evse-din-6887\/#primaryimage"},"thumbnailUrl":"https:\/\/doktorvolt.pl\/wp-content\/uploads\/2026\/02\/pol_pl_15192-15192_1.jpg","datePublished":"2026-02-23T13:48:07+00:00","breadcrumb":{"@id":"https:\/\/doktorvolt.pl\/en\/oferta-doktorvolt\/automotive\/kontroler-do-ladowarki-wallbox-evse-din-6887\/#breadcrumb"},"inLanguage":"en-US","potentialAction":[{"@type":"ReadAction","target":["https:\/\/doktorvolt.pl\/en\/oferta-doktorvolt\/automotive\/kontroler-do-ladowarki-wallbox-evse-din-6887\/"]}]},{"@type":"ImageObject","inLanguage":"en-US","@id":"https:\/\/doktorvolt.pl\/en\/oferta-doktorvolt\/automotive\/kontroler-do-ladowarki-wallbox-evse-din-6887\/#primaryimage","url":"https:\/\/doktorvolt.pl\/wp-content\/uploads\/2026\/02\/pol_pl_15192-15192_1.jpg","contentUrl":"https:\/\/doktorvolt.pl\/wp-content\/uploads\/2026\/02\/pol_pl_15192-15192_1.jpg","width":1000,"height":1000},{"@type":"BreadcrumbList","@id":"https:\/\/doktorvolt.pl\/en\/oferta-doktorvolt\/automotive\/kontroler-do-ladowarki-wallbox-evse-din-6887\/#breadcrumb","itemListElement":[{"@type":"ListItem","position":1,"name":"Strona g\u0142\u00f3wna","item":"https:\/\/doktorvolt.pl\/en\/"},{"@type":"ListItem","position":2,"name":"Offer Doktorvolt","item":"https:\/\/doktorvolt.pl\/en\/offer-doktorvolt\/"},{"@type":"ListItem","position":3,"name":"Kontroler do \u0142adowarki WALLBOX EVSE DIN 6887"}]},{"@type":"WebSite","@id":"https:\/\/doktorvolt.pl\/de\/#website","url":"https:\/\/doktorvolt.pl\/de\/","name":"DOKTORVOLT\u00ae","description":"Producent rozdzielnic budowlanych","publisher":{"@id":"https:\/\/doktorvolt.pl\/de\/#organization"},"potentialAction":[{"@type":"SearchAction","target":{"@type":"EntryPoint","urlTemplate":"https:\/\/doktorvolt.pl\/de\/?s={search_term_string}"},"query-input":{"@type":"PropertyValueSpecification","valueRequired":true,"valueName":"search_term_string"}}],"inLanguage":"en-US"},{"@type":"Organization","@id":"https:\/\/doktorvolt.pl\/de\/#organization","name":"DOKTORVOLT\u00ae","url":"https:\/\/doktorvolt.pl\/de\/","logo":{"@type":"ImageObject","inLanguage":"en-US","@id":"https:\/\/doktorvolt.pl\/de\/#\/schema\/logo\/image\/","url":"https:\/\/doktorvolt.pl\/wp-content\/uploads\/2023\/10\/DoktorVOLT-black-png.png","contentUrl":"https:\/\/doktorvolt.pl\/wp-content\/uploads\/2023\/10\/DoktorVOLT-black-png.png","width":729,"height":40,"caption":"DOKTORVOLT\u00ae"},"image":{"@id":"https:\/\/doktorvolt.pl\/de\/#\/schema\/logo\/image\/"}}]}},"_links":{"self":[{"href":"https:\/\/doktorvolt.pl\/en\/wp-json\/wp\/v2\/product\/110793","targetHints":{"allow":["GET"]}}],"collection":[{"href":"https:\/\/doktorvolt.pl\/en\/wp-json\/wp\/v2\/product"}],"about":[{"href":"https:\/\/doktorvolt.pl\/en\/wp-json\/wp\/v2\/types\/product"}],"wp:featuredmedia":[{"embeddable":true,"href":"https:\/\/doktorvolt.pl\/en\/wp-json\/wp\/v2\/media\/104207"}],"wp:attachment":[{"href":"https:\/\/doktorvolt.pl\/en\/wp-json\/wp\/v2\/media?parent=110793"}],"wp:term":[{"taxonomy":"product_brand","embeddable":true,"href":"https:\/\/doktorvolt.pl\/en\/wp-json\/wp\/v2\/product_brand?post=110793"},{"taxonomy":"product_cat","embeddable":true,"href":"https:\/\/doktorvolt.pl\/en\/wp-json\/wp\/v2\/product_cat?post=110793"},{"taxonomy":"product_tag","embeddable":true,"href":"https:\/\/doktorvolt.pl\/en\/wp-json\/wp\/v2\/product_tag?post=110793"}],"curies":[{"name":"wp","href":"https:\/\/api.w.org\/{rel}","templated":true}]}}