{"id":110796,"date":"2026-02-23T15:47:40","date_gmt":"2026-02-23T13:47:40","guid":{"rendered":"https:\/\/doktorvolt.pl\/sklep\/uncategorized\/slupek-dystrybucyjny-cv-camp-2x2x230v-1x230v-3p-dv-2278\/"},"modified":"2026-02-23T15:47:40","modified_gmt":"2026-02-23T13:47:40","slug":"slupek-dystrybucyjny-cv-camp-2x2x230v-1x230v-3p-dv-2278","status":"publish","type":"product","link":"https:\/\/doktorvolt.pl\/en\/oferta-doktorvolt\/camping\/camping-power-posts\/slupek-dystrybucyjny-cv-camp-2x2x230v-1x230v-3p-dv-2278\/","title":{"rendered":"S\u0142upek dystrybucyjny CV-CAMP 2x(2x230V 1x230V\/3p) DV 2278"},"content":{"rendered":"<h2><span style=\"color: #000000;\">S\u0142upek dystrybucyjny rozdzielnica elektryczna CV-CAMP 2x(2x230V 1x230V\/3p)<\/span><\/h2>\n<p><span style=\"color: #000000;\">S\u0142upek dystrybucyjny cz\u0119sto okre\u015blany jako rozdzielnica kempingowa, przeznaczony jest do dystrybucji energii elektrycznej.<\/span><\/p>\n<p><span style=\"color: #000000;\">Rozdzielnica charakteryzuje si\u0119 wysok\u0105 klas\u0105 szczelno\u015bci IP44, dzi\u0119ki temu jest odporna na warunki atmosferyczne. S\u0142upek dystrybucyjny wyposa\u017cony jest w klamk\u0119 zamykan\u0105 na klucz, dzi\u0119ki temu dzieci oraz niepo\u017c\u0105dane osoby, maj\u0105 ograniczony dost\u0119p do element\u00f3w znajduj\u0105cych si\u0119 pod napi\u0119ciem.<br \/><\/span><\/p>\n<p><span style=\"color: #000000;\">S\u0142upki dystrybucyjne dedykowane s\u0105 w\u0142a\u015bcicielom p\u00f3l namiotowych, kempingowych oraz innych obiekt\u00f3w, gdzie wypoczywaj\u0105 tury\u015bci. Dzi\u0119ki temu urz\u0105dzeniu, mo\u017cna zapewni\u0107 wszystkim przebywaj\u0105cym sta\u0142y dost\u0119p do pr\u0105du podczas wypoczynku. Dzi\u0119ki rozdzielnicy mo\u017cna bez problemu uruchomi\u0107 urz\u0105dzenia codziennego u\u017cytku, tj. czajnik, lod\u00f3wka czy kuchenka mikrofalowa. W prosty spos\u00f3b mo\u017cemy r\u00f3wnie\u017c na\u0142adowa\u0107 bateri\u0119 w telefonie, laptopie, a nawet uruchomi\u0107 telewizor.<\/span><\/p>\n<p><span style=\"color: #000000;\"><strong>Wszystkie rozdzielnice DOKTORVOLT finalnie przechodz\u0105 testy pomiarowe, gdzie nast\u0119puje ich ostateczne sprawdzenie. Ka\u017cda rozdzielnica opatrzona jest certyfikatem oznaczaj\u0105cym, \u017ce produkt zosta\u0142 przetestowany i sprawdzony oraz jest zgodny z norm\u0105 IEC 61439. S\u0142upek posiada tak\u017ce inne certyfikaty tj. T\u00dcV S\u00dcD, ISO 9001:2015, CE.<\/strong><\/span><\/p>\n<p><span style=\"color: #000000;\">Firma DOKTORVOLT oferuje r\u00f3wnie\u017c s\u0142upki dystrybucyjne dostosowane do indywidualnych potrzeb. Istnieje mo\u017cliwo\u015b\u0107 zam\u00f3wienia urz\u0105dzenia z inn\u0105, ni\u017c w standardzie liczb\u0105 gniazd<\/span><span style=\"color: #000000;\">, b\u0105d\u017a z<\/span><span style=\"color: #000000;\"> podstaw\u0105\/fundamentem do betonu. <\/span><\/p>\n<h3><span style=\"color: #000000;\">Zalety \/ w\u0142a\u015bciwo\u015bci<\/span> rozdzielnicy<span style=\"color: #000000;\"> kempingowej:<\/span><\/h3>\n<ul style=\"list-style-type: disc;\">\n<li><span style=\"color: #000000;\">wyposa\u017cona w 2 gniazda kempingowe 3P 230V5,<\/span><\/li>\n<li><span style=\"color: #000000;\">4 gniazda 230V w standardzie Schuko,<\/span><\/li>\n<li><span style=\"color: #000000;\">gniazda schuko zabezpieczone przez uziemienie oraz wy\u0142\u0105cznik r\u00f3\u017cnicowo-pr\u0105dowy,<\/span><\/li>\n<li><span style=\"color: #000000;\">obudowa z solidnego kompozytu, odporna na warunki atmosferyczne,<\/span><\/li>\n<li><span style=\"color: #000000;\">solidna podstawa do wkopania w ziemi\u0119. <\/span><\/li>\n<\/ul>\n<h3><span style=\"color: #000000;\">Zastosowanie:<\/span><\/h3>\n<ul style=\"list-style-type: disc;\">\n<li><span style=\"color: #000000;\">na polach kempingowych, namiotowych, biwakowych,<\/span><\/li>\n<li><span style=\"color: #000000;\">w obiektach turystycznych,<\/span><\/li>\n<li><span style=\"color: #000000;\">przy portach \u017ceglarskich.<\/span><\/li>\n<\/ul>\n<h1 style=\"text-align: center;\">\u00a0<\/h1>\n<p style=\"text-align: justify;\">\n<table class=\"center\" style=\"background-color: #f5f5f5; margin-left: auto; margin-right: auto; width: 665px; height: 1050px; border: 1px solid #ffffff;\" align=\"center\">\n<tbody>\n<tr align=\"left\">\n<td class=\"align_justify\" style=\"text-align: right; padding: 15px; height: 25px;\" valign=\"middle\" align=\"right\"><span style=\"font-size: 12pt; color: #000000;\"><span style=\"font-family: verdana, geneva;\"><span style=\"font-size: 12pt;\"><span style=\"font-family: verdana, geneva;\">producent gniazd<\/span><\/span><\/span><\/span><\/td>\n<td style=\"background-color: #ffffff; text-align: center;\">\n<p><span style=\"font-family: verdana, geneva; font-size: 12pt; color: #000000;\">Mennekes<\/span><\/p>\n<\/td>\n<\/tr>\n<tr align=\"left\">\n<td class=\"align_justify\" style=\"text-align: right; padding: 15px; height: 25px;\" valign=\"middle\" align=\"right\"><span style=\"font-size: 12pt; color: #000000;\"><span style=\"font-family: verdana, geneva;\"><span style=\"font-size: 12pt;\"><span style=\"font-family: verdana, geneva;\">producent obudowy<\/span><\/span><\/span><\/span><\/td>\n<td style=\"background-color: #ffffff; text-align: center;\">\n<p style=\"padding-left: 30px;\"><span style=\"font-family: verdana, geneva; color: #000000;\"><span style=\"font-size: 16px;\">Doktorvolt<\/span><\/span><\/p>\n<\/td>\n<\/tr>\n<tr align=\"left\">\n<td class=\"align_justify\" style=\"text-align: right; padding: 15px; height: 25px;\" valign=\"middle\" align=\"right\"><span style=\"font-size: 12pt; color: #000000;\"><span style=\"font-family: verdana, geneva;\"><span style=\"font-size: 12pt;\"><span style=\"font-family: verdana, geneva;\">gniazda si\u0142owe<br \/><\/span><\/span><\/span><\/span><\/td>\n<td style=\"background-color: #ffffff; text-align: center;\">\n<p style=\"padding-left: 30px;\"><span style=\"font-family: verdana, geneva;\"><span style=\"font-size: 16px;\">&#8211;<\/span><\/span><\/p>\n<\/td>\n<\/tr>\n<tr align=\"left\">\n<td class=\"align_justify\" style=\"text-align: right; padding: 15px; height: 25px;\" valign=\"middle\" align=\"right\"><span style=\"font-size: 12pt; color: #000000;\"><span style=\"font-family: verdana, geneva;\"><span style=\"font-size: 12pt;\"><span style=\"font-family: verdana, geneva;\">liczba gniazd 230V 16A<br \/><\/span><\/span><\/span><\/span><\/td>\n<td style=\"background-color: #ffffff; text-align: center;\">\n<p style=\"padding-left: 30px;\"><span style=\"font-family: verdana, geneva; font-size: 12pt; color: #000000;\"><span style=\"font-family: verdana, geneva; font-size: 12pt;\">4x 230V 16A 2p+E IP54 Schuko Typ 11011 Typ F Mennekes<\/span><br \/><\/span><\/p>\n<p style=\"padding-left: 30px;\"><span style=\"font-family: verdana, geneva; font-size: 12pt; color: #000000;\">zabezpieczone wy\u0142\u0105cznikami nadpr\u0105dowymi:<\/span><\/p>\n<p style=\"padding-left: 30px;\"><span style=\"font-family: verdana, geneva; font-size: 12pt; color: #000000;\">4x\u00a0C16A 10kA 1P<\/span><\/p>\n<p style=\"padding-left: 30px;\">\n<p style=\"padding-left: 30px;\"><span style=\"font-family: verdana, geneva; font-size: 12pt; color: #000000;\">2x\u00a016A 3P 230V IP44 Typ 1366 Mennekes<\/span><\/p>\n<p style=\"padding-left: 30px;\"><span style=\"font-family: verdana, geneva; font-size: 12pt; color: #000000;\">zabezpieczone wy\u0142\u0105cznikami nadpr\u0105dowymi:<\/span><\/p>\n<p style=\"padding-left: 30px;\"><span style=\"font-family: verdana, geneva; font-size: 12pt; color: #000000;\">2\u00a0x C16A 10kA 1P VDE<br \/><\/span><\/p>\n<\/td>\n<\/tr>\n<tr align=\"left\">\n<td class=\"align_justify\" style=\"text-align: right; padding: 15px; height: 25px;\" valign=\"middle\" align=\"right\"><span style=\"font-size: 12pt; color: #000000;\"><span style=\"font-family: verdana, geneva;\"><span style=\"font-size: 12pt;\"><span style=\"font-family: verdana, geneva;\"><span style=\"font-size: 12pt;\"><span style=\"font-family: verdana, geneva;\"><span style=\"font-size: 12pt;\"><span style=\"font-family: verdana, geneva;\">ochrona przed dotykiem po\u015brednim<br \/><\/span><\/span><\/span><\/span><\/span><\/span><\/span><\/span><\/td>\n<td style=\"background-color: #ffffff; text-align: center;\">\n<p><span style=\"font-family: verdana, geneva; font-size: 12pt; color: #000000;\">1x wy\u0142\u0105cznik r\u00f3\u017cnicowo-pr\u0105dowy<\/span><\/p>\n<p><span style=\"font-family: verdana, geneva; font-size: 12pt; color: #000000;\"><span style=\"font-family: verdana, geneva; font-size: 12pt;\">40A 30mA 4P Typ A <\/span><\/span><\/p>\n<\/td>\n<\/tr>\n<tr align=\"left\">\n<td class=\"align_justify\" style=\"text-align: right; padding: 15px; height: 25px;\" valign=\"middle\" align=\"right\"><span style=\"font-family: verdana, geneva; color: #000000;\"><span style=\"font-size: 16px;\">blok rozdzielczy<\/span><\/span><\/td>\n<td style=\"background-color: #ffffff; text-align: center;\"><span style=\"font-family: verdana, geneva; color: #000000;\"><span style=\"font-size: 16px;\">XBS CSB 207 2&#215;7 100A<\/span><\/span><\/td>\n<\/tr>\n<tr align=\"left\">\n<td class=\"align_justify\" style=\"text-align: right; padding: 15px; height: 25px;\" valign=\"middle\" align=\"right\"><span style=\"font-size: 12pt; color: #000000;\"><span style=\"font-family: verdana, geneva;\"><span style=\"font-size: 12pt;\"><span style=\"font-family: verdana, geneva;\"><span style=\"font-size: 12pt;\"><span style=\"font-family: verdana, geneva;\"><span style=\"font-size: 12pt;\"><span style=\"font-family: verdana, geneva;\">szyna \u0142\u0105czeniowa<\/span><\/span><\/span><\/span><\/span><\/span><\/span><\/span><\/td>\n<td style=\"background-color: #ffffff; text-align: center;\"><span style=\"font-family: verdana, geneva; font-size: 12pt; color: #000000;\">3-fazowa 9-modu\u0142owa 12mm2<\/span><\/td>\n<\/tr>\n<tr align=\"left\">\n<td class=\"align_justify\" style=\"text-align: right; padding: 15px; height: 25px;\" valign=\"middle\" align=\"right\"><span style=\"font-size: 12pt; color: #000000;\"><span style=\"font-family: verdana, geneva;\"><span style=\"font-size: 12pt;\"><span style=\"font-family: verdana, geneva;\">napi\u0119cie znamionowe<\/span><\/span><\/span><\/span><\/td>\n<td style=\"background-color: #ffffff; text-align: center;\"><span style=\"font-family: verdana, geneva; font-size: 12pt; color: #000000;\">230\/400V AC 50Hz<\/span><\/td>\n<\/tr>\n<tr align=\"left\">\n<td class=\"align_justify\" style=\"text-align: right; padding: 15px; height: 25px;\" valign=\"middle\" align=\"right\"><span style=\"font-size: 12pt; color: #000000;\"><span style=\"font-family: verdana, geneva;\"><span style=\"font-size: 12pt;\"><span style=\"font-family: verdana, geneva;\">pr\u0105d znamionowy<\/span><\/span><\/span><\/span><\/td>\n<td style=\"background-color: #ffffff; text-align: center;\"><span style=\"font-family: verdana, geneva; color: #000000;\"><span style=\"font-size: 16px;\">40A<\/span><\/span><\/td>\n<\/tr>\n<tr align=\"left\">\n<td class=\"align_justify\" style=\"text-align: right; padding: 15px; height: 25px;\" valign=\"middle\" align=\"right\"><span style=\"font-size: 12pt; color: #000000;\"><span style=\"font-family: verdana, geneva;\"><span style=\"font-size: 12pt;\"><span style=\"font-family: verdana, geneva;\">klasa szczelno\u015bci<\/span><\/span><\/span><\/span><\/td>\n<td style=\"background-color: #ffffff; text-align: center;\"><span style=\"font-family: verdana, geneva; font-size: 12pt; color: #000000;\">IP44<\/span><\/td>\n<\/tr>\n<tr align=\"left\">\n<td class=\"align_justify\" style=\"text-align: right; padding: 15px; height: 25px;\" valign=\"middle\" align=\"right\"><span style=\"font-size: 12pt; color: #000000;\"><span style=\"font-family: verdana, geneva;\"><span style=\"font-size: 12pt;\"><span style=\"font-family: verdana, geneva;\">Icc<\/span><\/span><\/span><\/span><\/td>\n<td style=\"background-color: #ffffff; text-align: center;\"><span style=\"font-family: verdana, geneva; font-size: 12pt; color: #000000;\">\u2264 10kA<\/span><\/td>\n<\/tr>\n<tr align=\"left\">\n<td class=\"align_justify\" style=\"text-align: right; padding: 15px; height: 25px;\" valign=\"middle\" align=\"right\"><span style=\"font-size: 12pt; color: #000000;\"><span style=\"font-family: verdana, geneva;\"><span style=\"font-size: 12pt;\"><span style=\"font-family: verdana, geneva;\">RDF<\/span><\/span><\/span><\/span><\/td>\n<td style=\"background-color: #ffffff; text-align: center;\"><span style=\"font-family: verdana, geneva; font-size: 12pt; color: #000000;\">0,7<\/span><\/td>\n<\/tr>\n<tr align=\"left\">\n<td class=\"align_justify\" style=\"text-align: right; padding: 15px; height: 25px;\" valign=\"middle\" align=\"right\"><span style=\"font-size: 12pt; color: #000000;\"><span style=\"font-family: verdana, geneva;\"><span style=\"font-size: 12pt;\"><span style=\"font-family: verdana, geneva;\">wymiary<br \/><\/span><\/span><\/span><\/span><\/td>\n<td style=\"background-color: #ffffff; text-align: center;\"><span style=\"font-family: verdana, geneva; font-size: 12pt; color: #000000;\">170x36x24 cm<br \/><\/span><\/td>\n<\/tr>\n<tr align=\"left\">\n<td class=\"align_justify\" style=\"text-align: right; padding: 15px; height: 25px;\" valign=\"middle\" align=\"right\"><span style=\"font-size: 12pt; color: #000000;\"><span style=\"font-family: verdana, geneva;\"><span style=\"font-size: 12pt;\"><span style=\"font-family: verdana, geneva;\">producent<\/span><\/span><\/span><\/span><\/td>\n<td style=\"background-color: #ffffff; text-align: center;\"><span style=\"font-family: verdana, geneva; font-size: 12pt; color: #000000;\">Doktorvolt<\/span><\/td>\n<\/tr>\n<tr>\n<td style=\"text-align: right; padding: 15px; height: 25px;\" valign=\"middle\" align=\"right\"><span style=\"font-family: verdana, geneva; color: #000000;\"><span style=\"font-size: 16px;\">\u00a0Certyfikaty i normy producenta<\/span><\/span><\/td>\n<td style=\"background-color: #ffffff; text-align: center;\"><span style=\"font-size: 16px; color: #000000;\">T\u00dcV S\u00dcD, ISO 9001:2015, CE, IEC 61439<\/span><\/td>\n<\/tr>\n<tr align=\"left\">\n<td class=\"align_justify\" style=\"text-align: right; padding: 15px; height: 25px;\" valign=\"middle\" align=\"right\"><span style=\"font-family: verdana, geneva;\"><span style=\"font-size: 16px;\">symbol<\/span><\/span><\/td>\n<td style=\"background-color: #ffffff; text-align: center;\"><span style=\"font-family: verdana, geneva; font-size: 12pt; color: #000000;\">DV-2278-D<\/span><\/td>\n<\/tr>\n<tr align=\"left\">\n<td class=\"align_justify\" style=\"text-align: right; padding: 15px; height: 25px;\" valign=\"middle\" align=\"right\"><span style=\"font-size: 12pt; color: #000000;\"><span style=\"font-family: verdana, geneva;\"><span style=\"font-size: 12pt;\"><span style=\"font-family: verdana, geneva;\">EAN<\/span><\/span><\/span><\/span><\/td>\n<td style=\"background-color: #ffffff; text-align: center;\"><span style=\"font-family: verdana, geneva; font-size: 12pt; color: #000000;\">5907589332278<br \/><\/span><\/td>\n<\/tr>\n<\/tbody>\n<\/table>\n","protected":false},"excerpt":{"rendered":"","protected":false},"featured_media":104156,"template":"","meta":[],"product_brand":[],"product_cat":[5072],"product_tag":[],"class_list":{"0":"post-110796","1":"product","2":"type-product","3":"status-publish","4":"has-post-thumbnail","6":"product_cat-camping-power-posts","7":"pa_cee-liczba-biegunow-modulow-3p","8":"pa_dodatkowe-wyposazenie-reset-button","9":"pa_material-obudowy-smc","10":"pa_napiecie-cee-230v","11":"pa_natezenie-pradu-cee-16a","12":"pa_typ-gniazd-typ-f-schuko","13":"pa_zabezpieczenie-wylacznik-nadpradowy","15":"first","16":"instock","17":"shipping-taxable","18":"product-type-external"},"yoast_head":"<!-- This site is optimized with the Yoast SEO plugin v27.0 - https:\/\/yoast.com\/product\/yoast-seo-wordpress\/ -->\n<title>S\u0142upek dystrybucyjny CV-CAMP 2x(2x230V 1x230V\/3p) DV 2278 - DOKTORVOLT\u00ae<\/title>\n<meta name=\"robots\" content=\"index, follow, max-snippet:-1, max-image-preview:large, max-video-preview:-1\" \/>\n<link rel=\"canonical\" href=\"https:\/\/doktorvolt.pl\/en\/oferta-doktorvolt\/camping\/camping-power-posts\/slupek-dystrybucyjny-cv-camp-2x2x230v-1x230v-3p-dv-2278\/\" \/>\n<meta property=\"og:locale\" content=\"en_US\" \/>\n<meta property=\"og:type\" content=\"article\" \/>\n<meta property=\"og:title\" content=\"S\u0142upek dystrybucyjny CV-CAMP 2x(2x230V 1x230V\/3p) DV 2278 - DOKTORVOLT\u00ae\" \/>\n<meta property=\"og:url\" content=\"https:\/\/doktorvolt.pl\/en\/oferta-doktorvolt\/camping\/camping-power-posts\/slupek-dystrybucyjny-cv-camp-2x2x230v-1x230v-3p-dv-2278\/\" \/>\n<meta property=\"og:site_name\" content=\"DOKTORVOLT\u00ae\" \/>\n<meta property=\"og:image\" content=\"https:\/\/doktorvolt.pl\/wp-content\/uploads\/2026\/02\/pol_pl_Slupek-dystrybucyjny-CV-CAMP-2x-2x230V-1x230V-3p-DV-2278-13545_1.jpg\" \/>\n\t<meta property=\"og:image:width\" content=\"1000\" \/>\n\t<meta property=\"og:image:height\" content=\"1000\" \/>\n\t<meta property=\"og:image:type\" content=\"image\/jpeg\" \/>\n<meta name=\"twitter:card\" content=\"summary_large_image\" \/>\n<meta name=\"twitter:label1\" content=\"Est. reading time\" \/>\n\t<meta name=\"twitter:data1\" content=\"2 minutes\" \/>\n<script type=\"application\/ld+json\" class=\"yoast-schema-graph\">{\"@context\":\"https:\/\/schema.org\",\"@graph\":[{\"@type\":\"WebPage\",\"@id\":\"https:\/\/doktorvolt.pl\/en\/oferta-doktorvolt\/camping\/camping-power-posts\/slupek-dystrybucyjny-cv-camp-2x2x230v-1x230v-3p-dv-2278\/\",\"url\":\"https:\/\/doktorvolt.pl\/en\/oferta-doktorvolt\/camping\/camping-power-posts\/slupek-dystrybucyjny-cv-camp-2x2x230v-1x230v-3p-dv-2278\/\",\"name\":\"S\u0142upek dystrybucyjny CV-CAMP 2x(2x230V 1x230V\/3p) DV 2278 - DOKTORVOLT\u00ae\",\"isPartOf\":{\"@id\":\"https:\/\/doktorvolt.pl\/de\/#website\"},\"primaryImageOfPage\":{\"@id\":\"https:\/\/doktorvolt.pl\/en\/oferta-doktorvolt\/camping\/camping-power-posts\/slupek-dystrybucyjny-cv-camp-2x2x230v-1x230v-3p-dv-2278\/#primaryimage\"},\"image\":{\"@id\":\"https:\/\/doktorvolt.pl\/en\/oferta-doktorvolt\/camping\/camping-power-posts\/slupek-dystrybucyjny-cv-camp-2x2x230v-1x230v-3p-dv-2278\/#primaryimage\"},\"thumbnailUrl\":\"https:\/\/doktorvolt.pl\/wp-content\/uploads\/2026\/02\/pol_pl_Slupek-dystrybucyjny-CV-CAMP-2x-2x230V-1x230V-3p-DV-2278-13545_1.jpg\",\"datePublished\":\"2026-02-23T13:47:40+00:00\",\"breadcrumb\":{\"@id\":\"https:\/\/doktorvolt.pl\/en\/oferta-doktorvolt\/camping\/camping-power-posts\/slupek-dystrybucyjny-cv-camp-2x2x230v-1x230v-3p-dv-2278\/#breadcrumb\"},\"inLanguage\":\"en-US\",\"potentialAction\":[{\"@type\":\"ReadAction\",\"target\":[\"https:\/\/doktorvolt.pl\/en\/oferta-doktorvolt\/camping\/camping-power-posts\/slupek-dystrybucyjny-cv-camp-2x2x230v-1x230v-3p-dv-2278\/\"]}]},{\"@type\":\"ImageObject\",\"inLanguage\":\"en-US\",\"@id\":\"https:\/\/doktorvolt.pl\/en\/oferta-doktorvolt\/camping\/camping-power-posts\/slupek-dystrybucyjny-cv-camp-2x2x230v-1x230v-3p-dv-2278\/#primaryimage\",\"url\":\"https:\/\/doktorvolt.pl\/wp-content\/uploads\/2026\/02\/pol_pl_Slupek-dystrybucyjny-CV-CAMP-2x-2x230V-1x230V-3p-DV-2278-13545_1.jpg\",\"contentUrl\":\"https:\/\/doktorvolt.pl\/wp-content\/uploads\/2026\/02\/pol_pl_Slupek-dystrybucyjny-CV-CAMP-2x-2x230V-1x230V-3p-DV-2278-13545_1.jpg\",\"width\":1000,\"height\":1000},{\"@type\":\"BreadcrumbList\",\"@id\":\"https:\/\/doktorvolt.pl\/en\/oferta-doktorvolt\/camping\/camping-power-posts\/slupek-dystrybucyjny-cv-camp-2x2x230v-1x230v-3p-dv-2278\/#breadcrumb\",\"itemListElement\":[{\"@type\":\"ListItem\",\"position\":1,\"name\":\"Strona g\u0142\u00f3wna\",\"item\":\"https:\/\/doktorvolt.pl\/en\/\"},{\"@type\":\"ListItem\",\"position\":2,\"name\":\"Offer Doktorvolt\",\"item\":\"https:\/\/doktorvolt.pl\/en\/offer-doktorvolt\/\"},{\"@type\":\"ListItem\",\"position\":3,\"name\":\"S\u0142upek dystrybucyjny CV-CAMP 2x(2x230V 1x230V\/3p) DV 2278\"}]},{\"@type\":\"WebSite\",\"@id\":\"https:\/\/doktorvolt.pl\/de\/#website\",\"url\":\"https:\/\/doktorvolt.pl\/de\/\",\"name\":\"DOKTORVOLT\u00ae\",\"description\":\"Producent rozdzielnic budowlanych\",\"publisher\":{\"@id\":\"https:\/\/doktorvolt.pl\/de\/#organization\"},\"potentialAction\":[{\"@type\":\"SearchAction\",\"target\":{\"@type\":\"EntryPoint\",\"urlTemplate\":\"https:\/\/doktorvolt.pl\/de\/?s={search_term_string}\"},\"query-input\":{\"@type\":\"PropertyValueSpecification\",\"valueRequired\":true,\"valueName\":\"search_term_string\"}}],\"inLanguage\":\"en-US\"},{\"@type\":\"Organization\",\"@id\":\"https:\/\/doktorvolt.pl\/de\/#organization\",\"name\":\"DOKTORVOLT\u00ae\",\"url\":\"https:\/\/doktorvolt.pl\/de\/\",\"logo\":{\"@type\":\"ImageObject\",\"inLanguage\":\"en-US\",\"@id\":\"https:\/\/doktorvolt.pl\/de\/#\/schema\/logo\/image\/\",\"url\":\"https:\/\/doktorvolt.pl\/wp-content\/uploads\/2023\/10\/DoktorVOLT-black-png.png\",\"contentUrl\":\"https:\/\/doktorvolt.pl\/wp-content\/uploads\/2023\/10\/DoktorVOLT-black-png.png\",\"width\":729,\"height\":40,\"caption\":\"DOKTORVOLT\u00ae\"},\"image\":{\"@id\":\"https:\/\/doktorvolt.pl\/de\/#\/schema\/logo\/image\/\"}}]}<\/script>\n<!-- \/ Yoast SEO plugin. -->","yoast_head_json":{"title":"S\u0142upek dystrybucyjny CV-CAMP 2x(2x230V 1x230V\/3p) DV 2278 - DOKTORVOLT\u00ae","robots":{"index":"index","follow":"follow","max-snippet":"max-snippet:-1","max-image-preview":"max-image-preview:large","max-video-preview":"max-video-preview:-1"},"canonical":"https:\/\/doktorvolt.pl\/en\/oferta-doktorvolt\/camping\/camping-power-posts\/slupek-dystrybucyjny-cv-camp-2x2x230v-1x230v-3p-dv-2278\/","og_locale":"en_US","og_type":"article","og_title":"S\u0142upek dystrybucyjny CV-CAMP 2x(2x230V 1x230V\/3p) DV 2278 - DOKTORVOLT\u00ae","og_url":"https:\/\/doktorvolt.pl\/en\/oferta-doktorvolt\/camping\/camping-power-posts\/slupek-dystrybucyjny-cv-camp-2x2x230v-1x230v-3p-dv-2278\/","og_site_name":"DOKTORVOLT\u00ae","og_image":[{"width":1000,"height":1000,"url":"https:\/\/doktorvolt.pl\/wp-content\/uploads\/2026\/02\/pol_pl_Slupek-dystrybucyjny-CV-CAMP-2x-2x230V-1x230V-3p-DV-2278-13545_1.jpg","type":"image\/jpeg"}],"twitter_card":"summary_large_image","twitter_misc":{"Est. reading time":"2 minutes"},"schema":{"@context":"https:\/\/schema.org","@graph":[{"@type":"WebPage","@id":"https:\/\/doktorvolt.pl\/en\/oferta-doktorvolt\/camping\/camping-power-posts\/slupek-dystrybucyjny-cv-camp-2x2x230v-1x230v-3p-dv-2278\/","url":"https:\/\/doktorvolt.pl\/en\/oferta-doktorvolt\/camping\/camping-power-posts\/slupek-dystrybucyjny-cv-camp-2x2x230v-1x230v-3p-dv-2278\/","name":"S\u0142upek dystrybucyjny CV-CAMP 2x(2x230V 1x230V\/3p) DV 2278 - DOKTORVOLT\u00ae","isPartOf":{"@id":"https:\/\/doktorvolt.pl\/de\/#website"},"primaryImageOfPage":{"@id":"https:\/\/doktorvolt.pl\/en\/oferta-doktorvolt\/camping\/camping-power-posts\/slupek-dystrybucyjny-cv-camp-2x2x230v-1x230v-3p-dv-2278\/#primaryimage"},"image":{"@id":"https:\/\/doktorvolt.pl\/en\/oferta-doktorvolt\/camping\/camping-power-posts\/slupek-dystrybucyjny-cv-camp-2x2x230v-1x230v-3p-dv-2278\/#primaryimage"},"thumbnailUrl":"https:\/\/doktorvolt.pl\/wp-content\/uploads\/2026\/02\/pol_pl_Slupek-dystrybucyjny-CV-CAMP-2x-2x230V-1x230V-3p-DV-2278-13545_1.jpg","datePublished":"2026-02-23T13:47:40+00:00","breadcrumb":{"@id":"https:\/\/doktorvolt.pl\/en\/oferta-doktorvolt\/camping\/camping-power-posts\/slupek-dystrybucyjny-cv-camp-2x2x230v-1x230v-3p-dv-2278\/#breadcrumb"},"inLanguage":"en-US","potentialAction":[{"@type":"ReadAction","target":["https:\/\/doktorvolt.pl\/en\/oferta-doktorvolt\/camping\/camping-power-posts\/slupek-dystrybucyjny-cv-camp-2x2x230v-1x230v-3p-dv-2278\/"]}]},{"@type":"ImageObject","inLanguage":"en-US","@id":"https:\/\/doktorvolt.pl\/en\/oferta-doktorvolt\/camping\/camping-power-posts\/slupek-dystrybucyjny-cv-camp-2x2x230v-1x230v-3p-dv-2278\/#primaryimage","url":"https:\/\/doktorvolt.pl\/wp-content\/uploads\/2026\/02\/pol_pl_Slupek-dystrybucyjny-CV-CAMP-2x-2x230V-1x230V-3p-DV-2278-13545_1.jpg","contentUrl":"https:\/\/doktorvolt.pl\/wp-content\/uploads\/2026\/02\/pol_pl_Slupek-dystrybucyjny-CV-CAMP-2x-2x230V-1x230V-3p-DV-2278-13545_1.jpg","width":1000,"height":1000},{"@type":"BreadcrumbList","@id":"https:\/\/doktorvolt.pl\/en\/oferta-doktorvolt\/camping\/camping-power-posts\/slupek-dystrybucyjny-cv-camp-2x2x230v-1x230v-3p-dv-2278\/#breadcrumb","itemListElement":[{"@type":"ListItem","position":1,"name":"Strona g\u0142\u00f3wna","item":"https:\/\/doktorvolt.pl\/en\/"},{"@type":"ListItem","position":2,"name":"Offer Doktorvolt","item":"https:\/\/doktorvolt.pl\/en\/offer-doktorvolt\/"},{"@type":"ListItem","position":3,"name":"S\u0142upek dystrybucyjny CV-CAMP 2x(2x230V 1x230V\/3p) DV 2278"}]},{"@type":"WebSite","@id":"https:\/\/doktorvolt.pl\/de\/#website","url":"https:\/\/doktorvolt.pl\/de\/","name":"DOKTORVOLT\u00ae","description":"Producent rozdzielnic budowlanych","publisher":{"@id":"https:\/\/doktorvolt.pl\/de\/#organization"},"potentialAction":[{"@type":"SearchAction","target":{"@type":"EntryPoint","urlTemplate":"https:\/\/doktorvolt.pl\/de\/?s={search_term_string}"},"query-input":{"@type":"PropertyValueSpecification","valueRequired":true,"valueName":"search_term_string"}}],"inLanguage":"en-US"},{"@type":"Organization","@id":"https:\/\/doktorvolt.pl\/de\/#organization","name":"DOKTORVOLT\u00ae","url":"https:\/\/doktorvolt.pl\/de\/","logo":{"@type":"ImageObject","inLanguage":"en-US","@id":"https:\/\/doktorvolt.pl\/de\/#\/schema\/logo\/image\/","url":"https:\/\/doktorvolt.pl\/wp-content\/uploads\/2023\/10\/DoktorVOLT-black-png.png","contentUrl":"https:\/\/doktorvolt.pl\/wp-content\/uploads\/2023\/10\/DoktorVOLT-black-png.png","width":729,"height":40,"caption":"DOKTORVOLT\u00ae"},"image":{"@id":"https:\/\/doktorvolt.pl\/de\/#\/schema\/logo\/image\/"}}]}},"_links":{"self":[{"href":"https:\/\/doktorvolt.pl\/en\/wp-json\/wp\/v2\/product\/110796","targetHints":{"allow":["GET"]}}],"collection":[{"href":"https:\/\/doktorvolt.pl\/en\/wp-json\/wp\/v2\/product"}],"about":[{"href":"https:\/\/doktorvolt.pl\/en\/wp-json\/wp\/v2\/types\/product"}],"wp:featuredmedia":[{"embeddable":true,"href":"https:\/\/doktorvolt.pl\/en\/wp-json\/wp\/v2\/media\/104156"}],"wp:attachment":[{"href":"https:\/\/doktorvolt.pl\/en\/wp-json\/wp\/v2\/media?parent=110796"}],"wp:term":[{"taxonomy":"product_brand","embeddable":true,"href":"https:\/\/doktorvolt.pl\/en\/wp-json\/wp\/v2\/product_brand?post=110796"},{"taxonomy":"product_cat","embeddable":true,"href":"https:\/\/doktorvolt.pl\/en\/wp-json\/wp\/v2\/product_cat?post=110796"},{"taxonomy":"product_tag","embeddable":true,"href":"https:\/\/doktorvolt.pl\/en\/wp-json\/wp\/v2\/product_tag?post=110796"}],"curies":[{"name":"wp","href":"https:\/\/api.w.org\/{rel}","templated":true}]}}