{"id":110799,"date":"2026-02-23T15:47:14","date_gmt":"2026-02-23T13:47:14","guid":{"rendered":"https:\/\/doktorvolt.pl\/sklep\/uncategorized\/obudowa-rozdzielnicy-bau-rozdzielnica-ip66-243x190x155-puszka-natynkowa-m-l-0366\/"},"modified":"2026-02-23T15:47:14","modified_gmt":"2026-02-23T13:47:14","slug":"obudowa-rozdzielnicy-bau-rozdzielnica-ip66-243x190x155-puszka-natynkowa-m-l-0366","status":"publish","type":"product","link":"https:\/\/doktorvolt.pl\/en\/oferta-doktorvolt\/accessories\/enclosures-for-distribution-boards\/obudowa-rozdzielnicy-bau-rozdzielnica-ip66-243x190x155-puszka-natynkowa-m-l-0366\/","title":{"rendered":"Obudowa rozdzielnicy BAU rozdzielnica IP66 243x190x155 puszka natynkowa M-L 0366"},"content":{"rendered":"<h1 style=\"text-align:center;\"><span style=\"color:#000000;\">Obudowa rozdzielnicy BAU IP66 <\/span><\/h1>\n<h1 style=\"text-align:center;\"><span style=\"color:#000000;\">243x190x155\u00a0<\/span><\/h1>\n<\/p>\n<p style=\"text-align:center;font-size:13pt;\">Wysokiej jako\u015bci obudowa rozdzielnicy wykonana z wytrzyma\u0142ych materia\u0142\u00f3w pozbawionych szkodliwych halogen\u00f3w. Mo\u017ce s\u0142u\u017cy\u0107 jako puszka natynkowa montowana na \u015bciany \/ sufit. Ponadto, istnieje mo\u017cliwo\u015b\u0107 wyci\u0119cia otwor\u00f3w na gniazda do przeno\u015bnej rozdzielnicy budowlanej. Wysoka odporno\u015b\u0107 na uderzenia, ze stopniem ochrony IP66. Obudowa stosowana jako komponent rozdzielnic serii BAU produkcji Doktorvolt. Doskona\u0142a do zastosowania w gara\u017cu, warsztacie, placach budowy itp.<\/p>\n<\/p>\n<table class=\"center\" style=\"background-color:#f5f5f5;margin-left:auto;margin-right:auto;width:650px;height:1540px;border:1px solid #ffffff;\" align=\"center\">\n<tbody>\n<tr>\n<td style=\"text-align:right;padding:15px;height:25px;\" valign=\"middle\" align=\"right\"><span style=\"font-size:12pt;color:#000000;\"><span style=\"font-family:verdana, geneva;\"><span style=\"font-size:12pt;font-family:Verdana, Geneva, sans-serif;\"><span style=\"font-size:12pt;\"><span style=\"font-family:verdana, geneva;\"><span style=\"font-size:12pt;\">zastosowanie<\/span><\/span><\/span><\/span><\/span><\/span><\/td>\n<td style=\"background-color:#ffffff;text-align:center;\">\n<p><span style=\"font-size:12pt;font-family:verdana, geneva;color:#000000;\"><span style=\"font-size:12pt;\">do pomieszcze\u0144 i os\u0142oni\u0119tych instalacji zewn\u0119trznych<\/span><\/span><\/p>\n<\/td>\n<\/tr>\n<tr>\n<td style=\"text-align:right;padding:15px;height:25px;\" valign=\"middle\" align=\"right\"><span style=\"font-size:12pt;color:#000000;\"><span style=\"font-family:verdana, geneva;\"><span style=\"font-size:12pt;font-family:Verdana, Geneva, sans-serif;\"><span style=\"font-size:12pt;\"><span style=\"font-family:verdana, geneva;\"><span style=\"font-size:12pt;\"><span style=\"font-size:12pt;\"><span style=\"font-family:verdana, geneva;\"><span style=\"font-size:12pt;font-family:Verdana, Geneva, sans-serif;\"><span class=\"span_8\">spos\u00f3b monta\u017cu<\/span><\/span><\/span><\/span><\/span><\/span><\/span><\/span><\/span><\/span><\/td>\n<td style=\"background-color:#ffffff;text-align:center;\">\n<p><span style=\"font-size:12pt;font-family:verdana, geneva;color:#000000;\"><span style=\"font-size:12pt;\">\u015bcienny\/sufitowy<\/span><\/span><\/p>\n<\/td>\n<\/tr>\n<tr>\n<td style=\"text-align:right;padding:15px;height:25px;\" valign=\"middle\" align=\"right\"><span style=\"font-size:12pt;color:#000000;\"><span style=\"font-family:verdana, geneva;\"><span style=\"font-size:12pt;font-family:Verdana, Geneva, sans-serif;\">kolor<\/span><\/span><\/span><\/td>\n<td style=\"background-color:#ffffff;text-align:center;\">\n<p><span style=\"font-size:12pt;font-family:verdana, geneva;color:#000000;\"><span style=\"font-size:12pt;\">szary RAL 7035 \/ czarny<\/span><\/span><\/p>\n<\/td>\n<\/tr>\n<tr>\n<td style=\"text-align:right;padding:15px;height:25px;\" valign=\"middle\" align=\"right\"><span style=\"font-size:12pt;font-family:verdana, geneva;color:#000000;\"><span style=\"font-size:12pt;\"><span style=\"font-size:12pt;\">materia\u0142<\/span><\/span><\/span><\/td>\n<td style=\"background-color:#ffffff;text-align:center;\">\n<p><span style=\"font-size:12pt;font-family:verdana, geneva;color:#000000;\"><span style=\"font-size:12pt;\">PVC<\/span><\/span><\/p>\n<\/td>\n<\/tr>\n<tr>\n<td style=\"text-align:right;padding:15px;height:25px;\" valign=\"middle\" align=\"right\"><span style=\"font-size:12pt;font-family:verdana, geneva;color:#000000;\"><span style=\"font-size:12pt;font-family:verdana, geneva;color:#000000;\"><span style=\"font-size:12pt;\"><span style=\"font-size:12pt;\"><\/span><\/span><\/span><\/span><\/p>\n<p><span style=\"font-size:12pt;color:#000000;\"><span style=\"font-family:verdana, geneva;\"><span style=\"font-size:12pt;font-family:Verdana, Geneva, sans-serif;\"><span style=\"font-size:12pt;\"><span style=\"font-family:verdana, geneva;\"><span style=\"font-size:12pt;font-family:Verdana, Geneva, sans-serif;\"><span style=\"font-size:12pt;color:#000000;\"><span style=\"font-family:verdana, geneva;\"><span style=\"font-size:12pt;font-family:Verdana, Geneva, sans-serif;\"><span style=\"font-size:12pt;\"><span style=\"font-family:verdana, geneva;\"><span style=\"font-size:12pt;font-family:Verdana, Geneva, sans-serif;\"><\/span><\/span><\/span><\/span><\/span><\/span><span style=\"font-size:12pt;\"><span style=\"font-family:verdana, geneva;\"><span style=\"font-size:12pt;font-family:Verdana, Geneva, sans-serif;\"><span style=\"font-size:12pt;\"><span style=\"font-family:verdana, geneva;\"><span style=\"font-size:12pt;font-family:Verdana, Geneva, sans-serif;\"><span style=\"font-size:12pt;color:#000000;\"><span style=\"font-family:verdana, geneva;\">spos\u00f3b mocowania<\/span><\/span><\/span><\/span><\/span><\/span><\/span><\/span><\/span><\/span><\/span><\/span><\/span><\/span><\/p>\n<\/td>\n<td style=\"background-color:#ffffff;text-align:center;\">\n<p><span style=\"font-size:12pt;font-family:verdana, geneva;color:#000000;\"><span style=\"font-size:12pt;\"><span style=\"font-family:verdana, geneva;font-size:12pt;color:#000000;\">wkr\u0119ty samogwintuj\u0105ce ze stali nierdzewnej<\/span><\/span><\/span><\/p>\n<\/td>\n<\/tr>\n<tr>\n<td style=\"text-align:right;padding:15px;height:25px;\" valign=\"middle\" align=\"right\"><span style=\"font-size:12pt;font-family:verdana, geneva;color:#000000;\"><span style=\"font-size:12pt;font-family:verdana, geneva;color:#000000;\"><span style=\"font-size:12pt;\"><span style=\"font-size:12pt;\"><\/span><\/span><\/span><\/span><\/p>\n<p><span style=\"font-size:12pt;color:#000000;\"><span style=\"font-family:verdana, geneva;\"><span style=\"font-size:12pt;font-family:Verdana, Geneva, sans-serif;\"><span style=\"font-size:12pt;\"><span style=\"font-family:verdana, geneva;\"><span style=\"font-size:12pt;font-family:Verdana, Geneva, sans-serif;\"><span style=\"font-size:12pt;color:#000000;\"><span style=\"font-family:verdana, geneva;\"><span style=\"font-size:12pt;font-family:Verdana, Geneva, sans-serif;\"><span style=\"font-size:12pt;\"><span style=\"font-family:verdana, geneva;\"><span style=\"font-size:12pt;font-family:Verdana, Geneva, sans-serif;\">wymiary<\/span><\/span><\/span><\/span><\/span><\/span><span style=\"font-size:12pt;\"><span style=\"font-family:verdana, geneva;\"><span style=\"font-size:12pt;font-family:Verdana, Geneva, sans-serif;\"><span style=\"font-size:12pt;\"><span style=\"font-family:verdana, geneva;\"><span style=\"font-size:12pt;font-family:Verdana, Geneva, sans-serif;\"><\/span><\/span><\/span><\/span><\/span><\/span><\/span><\/span><\/span><\/span><\/span><\/span><\/p>\n<\/td>\n<td style=\"background-color:#ffffff;text-align:center;\">\n<p><img decoding=\"async\" src=\"\/data\/include\/cms\/description\/img\/cms\/obudowa%20bau%20marlanvil.jpg\" alt=\"\" width=\"330\" height=\"158\" \/><\/p>\n<p><span style=\"font-size:12pt;font-family:verdana, geneva;color:#000000;\"><span style=\"font-size:12pt;\">wewn\u0119trzne: <br \/>A: 243mm <br \/>B: 190mm <br \/>C: 170mm<\/span><\/span><\/p>\n<p><span style=\"font-size:12pt;font-family:verdana, geneva;color:#000000;\"><span style=\"font-size:12pt;\"><span style=\"font-size:12pt;font-family:verdana, geneva;color:#000000;\"><span style=\"font-size:12pt;\">zewn\u0119trzne:<br \/>A: 250mm<br \/>B: 195mm<br \/>C: 180mm<\/span><\/span><\/span><\/span><\/p>\n<p><span style=\"font-size:12pt;font-family:verdana, geneva;color:#000000;\"><span style=\"font-size:12pt;\">wysoko\u015b\u0107 podstawy: 68 mm <br \/><\/span><\/span><\/p>\n<p><span style=\"font-size:12pt;font-family:verdana, geneva;color:#000000;\"><span style=\"font-size:12pt;\">wysoko\u015b\u0107 pokrywy: 105 mm<\/span><\/span><\/p>\n<\/td>\n<\/tr>\n<tr>\n<td style=\"text-align:right;padding:15px;height:25px;\" valign=\"middle\" align=\"right\"><span style=\"font-size:12pt;font-family:verdana, geneva;color:#000000;\"><span style=\"font-size:12pt;\"><span style=\"font-size:12pt;\">stopie\u0144 ochrony<\/span><\/span><\/span><\/td>\n<td style=\"background-color:#ffffff;text-align:center;\">\n<p><span style=\"font-size:12pt;font-family:verdana, geneva;color:#000000;\"><span style=\"font-size:12pt;\"><span style=\"font-size:12pt;font-family:verdana, geneva;\"><span style=\"font-size:12pt;\"> IP66<\/span><\/span><\/span><\/span><\/p>\n<\/td>\n<\/tr>\n<tr>\n<td style=\"padding:15px;height:25px;text-align:right;\" valign=\"middle\" align=\"right\"><span style=\"font-size:12pt;color:#000000;\"><span style=\"font-family:verdana, geneva;\"><span style=\"font-size:12pt;font-family:Verdana, Geneva, sans-serif;\">odporne na dzia\u0142anie chemikali\u00f3w i osad\u00f3w<\/span><\/span><\/span><\/td>\n<td style=\"background-color:#ffffff;text-align:center;\">\n<p><span style=\"font-size:12pt;font-family:verdana, geneva;color:#000000;\"><span style=\"font-size:12pt;\">tak<br \/><\/span><\/span><\/p>\n<\/td>\n<\/tr>\n<tr>\n<td style=\"padding:15px;height:25px;text-align:right;\" valign=\"middle\" align=\"right\"><span style=\"font-size:12pt;color:#000000;\"><span style=\"font-family:verdana, geneva;\"><span style=\"font-size:12pt;font-family:Verdana, Geneva, sans-serif;\">wysoki stopie\u0144 ochrony przed uderzeniami mechanicznymi<br \/><\/span><\/span><\/span><\/td>\n<td style=\"background-color:#ffffff;text-align:center;\">\n<p><span style=\"font-size:12pt;font-family:verdana, geneva;color:#000000;\"><span style=\"font-size:12pt;\">tak<br \/><\/span><\/span><\/p>\n<\/td>\n<\/tr>\n<tr>\n<td style=\"padding:15px;height:25px;text-align:right;\" valign=\"middle\" align=\"right\"><span style=\"font-size:12pt;color:#000000;\"><span style=\"font-family:verdana, geneva;\"><span style=\"font-size:12pt;font-family:Verdana, Geneva, sans-serif;\"><span style=\"font-size:12pt;color:#000000;\"><span style=\"font-family:verdana, geneva;\"><span style=\"font-size:12pt;font-family:Verdana, Geneva, sans-serif;\">bezhalogenowy<\/span><\/span><\/span><\/span><\/span><\/span><\/td>\n<td style=\"background-color:#ffffff;text-align:center;\">\n<p><span style=\"font-size:12pt;font-family:verdana, geneva;color:#000000;\"><span style=\"font-size:12pt;\"><span style=\"font-size:12pt;font-family:verdana, geneva;\"><span style=\"font-size:12pt;\"><span style=\"font-size:12pt;font-family:verdana, geneva;\"><span style=\"font-size:12pt;\">tak<\/span><\/span><\/span><\/span><\/span><\/span><\/p>\n<\/td>\n<\/tr>\n<tr>\n<td style=\"padding:15px;height:25px;text-align:right;\" valign=\"middle\" align=\"right\"><span style=\"font-size:12pt;color:#000000;\"><span style=\"font-family:verdana, geneva;\"><span style=\"font-size:12pt;font-family:Verdana, Geneva, sans-serif;\"><span style=\"font-size:12pt;\"><span style=\"font-family:verdana, geneva;\"><span style=\"font-size:12pt;font-family:Verdana, Geneva, sans-serif;\">certyfikat<\/span><\/span><\/span><\/span><\/span><\/span><\/td>\n<td style=\"background-color:#ffffff;text-align:center;\">\n<p><span style=\"font-size:12pt;font-family:verdana, geneva;color:#000000;\"><span style=\"font-size:12pt;\"><span style=\"font-size:12pt;font-family:verdana, geneva;\"><span style=\"font-size:12pt;\">CE<\/span><\/span><\/span><\/span><\/p>\n<\/td>\n<\/tr>\n<tr>\n<td style=\"padding:15px;height:25px;text-align:right;\" valign=\"middle\" align=\"right\"><span style=\"font-size:12pt;color:#000000;\"><span style=\"font-family:verdana, geneva;\"><span style=\"font-size:12pt;font-family:Verdana, Geneva, sans-serif;\"><span style=\"font-size:12pt;\"><span style=\"font-family:verdana, geneva;\"><span style=\"font-size:12pt;font-family:Verdana, Geneva, sans-serif;\">producent<\/span><\/span><\/span><\/span><\/span><\/span><\/td>\n<td style=\"background-color:#ffffff;text-align:center;\">\n<p><span style=\"font-size:12pt;font-family:verdana, geneva;color:#000000;\"><span style=\"font-size:12pt;\"><span style=\"font-size:12pt;font-family:verdana, geneva;\"><span style=\"font-size:12pt;\">Marlanvil<br \/><\/span><\/span><\/span><\/span><\/p>\n<\/td>\n<\/tr>\n<tr>\n<td style=\"padding:15px;height:25px;text-align:right;\" valign=\"middle\" align=\"right\"><span style=\"font-size:12pt;color:#000000;\"><span style=\"font-family:verdana, geneva;\"><span style=\"font-size:12pt;font-family:Verdana, Geneva, sans-serif;\">indeks<br \/><\/span><\/span><\/span><\/td>\n<td style=\"background-color:#ffffff;text-align:center;\">\n<p><span style=\"font-size:12pt;font-family:verdana, geneva;color:#000000;\"><span style=\"font-size:12pt;\">010.CA.G<br \/><\/span><\/span><\/p>\n<\/td>\n<\/tr>\n<tr>\n<td style=\"padding:15px;height:25px;text-align:right;\" valign=\"middle\" align=\"right\"><span style=\"font-size:12pt;color:#000000;\"><span style=\"font-family:verdana, geneva;\"><span style=\"font-size:12pt;font-family:Verdana, Geneva, sans-serif;\">EAN<br \/><\/span><\/span><\/span><\/td>\n<td style=\"background-color:#ffffff;text-align:center;\">\n<p><span style=\"font-size:12pt;font-family:verdana, geneva;color:#000000;\"><span style=\"font-size:12pt;\">8017521110332<\/span><\/span><\/p>\n<\/td>\n<\/tr>\n<\/tbody>\n<\/table>\n","protected":false},"excerpt":{"rendered":"<p>Obudowa rozdzielnicy BAU rozdzielnica IP66 243x190x155 puszka natynkowa<\/p>\n","protected":false},"featured_media":104116,"template":"","meta":[],"product_brand":[],"product_cat":[5095],"product_tag":[],"class_list":{"0":"post-110799","1":"product","2":"type-product","3":"status-publish","4":"has-post-thumbnail","6":"product_cat-enclosures-for-distribution-boards","7":"pa_stopien-ochrony-ip66","8":"pa_typ-montazu-montaz-natynkowy","10":"first","11":"instock","12":"shipping-taxable","13":"product-type-external"},"yoast_head":"<!-- This site is optimized with the Yoast SEO plugin v27.0 - https:\/\/yoast.com\/product\/yoast-seo-wordpress\/ -->\n<title>Obudowa rozdzielnicy BAU rozdzielnica IP66 243x190x155 puszka natynkowa M-L 0366 - DOKTORVOLT\u00ae<\/title>\n<meta name=\"robots\" content=\"index, follow, max-snippet:-1, max-image-preview:large, max-video-preview:-1\" \/>\n<link rel=\"canonical\" href=\"https:\/\/doktorvolt.pl\/en\/oferta-doktorvolt\/accessories\/enclosures-for-distribution-boards\/obudowa-rozdzielnicy-bau-rozdzielnica-ip66-243x190x155-puszka-natynkowa-m-l-0366\/\" \/>\n<meta property=\"og:locale\" content=\"en_US\" \/>\n<meta property=\"og:type\" content=\"article\" \/>\n<meta property=\"og:title\" content=\"Obudowa rozdzielnicy BAU rozdzielnica IP66 243x190x155 puszka natynkowa M-L 0366 - DOKTORVOLT\u00ae\" \/>\n<meta property=\"og:description\" content=\"Obudowa rozdzielnicy BAU rozdzielnica IP66 243x190x155 puszka natynkowa\" \/>\n<meta property=\"og:url\" content=\"https:\/\/doktorvolt.pl\/en\/oferta-doktorvolt\/accessories\/enclosures-for-distribution-boards\/obudowa-rozdzielnicy-bau-rozdzielnica-ip66-243x190x155-puszka-natynkowa-m-l-0366\/\" \/>\n<meta property=\"og:site_name\" content=\"DOKTORVOLT\u00ae\" \/>\n<meta property=\"og:image\" content=\"https:\/\/doktorvolt.pl\/wp-content\/uploads\/2026\/02\/pol_pl_17387-17387_1.jpg\" \/>\n\t<meta property=\"og:image:width\" content=\"1000\" \/>\n\t<meta property=\"og:image:height\" content=\"1000\" \/>\n\t<meta property=\"og:image:type\" content=\"image\/jpeg\" \/>\n<meta name=\"twitter:card\" content=\"summary_large_image\" \/>\n<meta name=\"twitter:label1\" content=\"Est. reading time\" \/>\n\t<meta name=\"twitter:data1\" content=\"1 minute\" \/>\n<script type=\"application\/ld+json\" class=\"yoast-schema-graph\">{\"@context\":\"https:\/\/schema.org\",\"@graph\":[{\"@type\":\"WebPage\",\"@id\":\"https:\/\/doktorvolt.pl\/en\/oferta-doktorvolt\/accessories\/enclosures-for-distribution-boards\/obudowa-rozdzielnicy-bau-rozdzielnica-ip66-243x190x155-puszka-natynkowa-m-l-0366\/\",\"url\":\"https:\/\/doktorvolt.pl\/en\/oferta-doktorvolt\/accessories\/enclosures-for-distribution-boards\/obudowa-rozdzielnicy-bau-rozdzielnica-ip66-243x190x155-puszka-natynkowa-m-l-0366\/\",\"name\":\"Obudowa rozdzielnicy BAU rozdzielnica IP66 243x190x155 puszka natynkowa M-L 0366 - DOKTORVOLT\u00ae\",\"isPartOf\":{\"@id\":\"https:\/\/doktorvolt.pl\/de\/#website\"},\"primaryImageOfPage\":{\"@id\":\"https:\/\/doktorvolt.pl\/en\/oferta-doktorvolt\/accessories\/enclosures-for-distribution-boards\/obudowa-rozdzielnicy-bau-rozdzielnica-ip66-243x190x155-puszka-natynkowa-m-l-0366\/#primaryimage\"},\"image\":{\"@id\":\"https:\/\/doktorvolt.pl\/en\/oferta-doktorvolt\/accessories\/enclosures-for-distribution-boards\/obudowa-rozdzielnicy-bau-rozdzielnica-ip66-243x190x155-puszka-natynkowa-m-l-0366\/#primaryimage\"},\"thumbnailUrl\":\"https:\/\/doktorvolt.pl\/wp-content\/uploads\/2026\/02\/pol_pl_17387-17387_1.jpg\",\"datePublished\":\"2026-02-23T13:47:14+00:00\",\"breadcrumb\":{\"@id\":\"https:\/\/doktorvolt.pl\/en\/oferta-doktorvolt\/accessories\/enclosures-for-distribution-boards\/obudowa-rozdzielnicy-bau-rozdzielnica-ip66-243x190x155-puszka-natynkowa-m-l-0366\/#breadcrumb\"},\"inLanguage\":\"en-US\",\"potentialAction\":[{\"@type\":\"ReadAction\",\"target\":[\"https:\/\/doktorvolt.pl\/en\/oferta-doktorvolt\/accessories\/enclosures-for-distribution-boards\/obudowa-rozdzielnicy-bau-rozdzielnica-ip66-243x190x155-puszka-natynkowa-m-l-0366\/\"]}]},{\"@type\":\"ImageObject\",\"inLanguage\":\"en-US\",\"@id\":\"https:\/\/doktorvolt.pl\/en\/oferta-doktorvolt\/accessories\/enclosures-for-distribution-boards\/obudowa-rozdzielnicy-bau-rozdzielnica-ip66-243x190x155-puszka-natynkowa-m-l-0366\/#primaryimage\",\"url\":\"https:\/\/doktorvolt.pl\/wp-content\/uploads\/2026\/02\/pol_pl_17387-17387_1.jpg\",\"contentUrl\":\"https:\/\/doktorvolt.pl\/wp-content\/uploads\/2026\/02\/pol_pl_17387-17387_1.jpg\",\"width\":1000,\"height\":1000},{\"@type\":\"BreadcrumbList\",\"@id\":\"https:\/\/doktorvolt.pl\/en\/oferta-doktorvolt\/accessories\/enclosures-for-distribution-boards\/obudowa-rozdzielnicy-bau-rozdzielnica-ip66-243x190x155-puszka-natynkowa-m-l-0366\/#breadcrumb\",\"itemListElement\":[{\"@type\":\"ListItem\",\"position\":1,\"name\":\"Strona g\u0142\u00f3wna\",\"item\":\"https:\/\/doktorvolt.pl\/en\/\"},{\"@type\":\"ListItem\",\"position\":2,\"name\":\"Offer Doktorvolt\",\"item\":\"https:\/\/doktorvolt.pl\/en\/offer-doktorvolt\/\"},{\"@type\":\"ListItem\",\"position\":3,\"name\":\"Obudowa rozdzielnicy BAU rozdzielnica IP66 243x190x155 puszka natynkowa M-L 0366\"}]},{\"@type\":\"WebSite\",\"@id\":\"https:\/\/doktorvolt.pl\/de\/#website\",\"url\":\"https:\/\/doktorvolt.pl\/de\/\",\"name\":\"DOKTORVOLT\u00ae\",\"description\":\"Producent rozdzielnic budowlanych\",\"publisher\":{\"@id\":\"https:\/\/doktorvolt.pl\/de\/#organization\"},\"potentialAction\":[{\"@type\":\"SearchAction\",\"target\":{\"@type\":\"EntryPoint\",\"urlTemplate\":\"https:\/\/doktorvolt.pl\/de\/?s={search_term_string}\"},\"query-input\":{\"@type\":\"PropertyValueSpecification\",\"valueRequired\":true,\"valueName\":\"search_term_string\"}}],\"inLanguage\":\"en-US\"},{\"@type\":\"Organization\",\"@id\":\"https:\/\/doktorvolt.pl\/de\/#organization\",\"name\":\"DOKTORVOLT\u00ae\",\"url\":\"https:\/\/doktorvolt.pl\/de\/\",\"logo\":{\"@type\":\"ImageObject\",\"inLanguage\":\"en-US\",\"@id\":\"https:\/\/doktorvolt.pl\/de\/#\/schema\/logo\/image\/\",\"url\":\"https:\/\/doktorvolt.pl\/wp-content\/uploads\/2023\/10\/DoktorVOLT-black-png.png\",\"contentUrl\":\"https:\/\/doktorvolt.pl\/wp-content\/uploads\/2023\/10\/DoktorVOLT-black-png.png\",\"width\":729,\"height\":40,\"caption\":\"DOKTORVOLT\u00ae\"},\"image\":{\"@id\":\"https:\/\/doktorvolt.pl\/de\/#\/schema\/logo\/image\/\"}}]}<\/script>\n<!-- \/ Yoast SEO plugin. -->","yoast_head_json":{"title":"Obudowa rozdzielnicy BAU rozdzielnica IP66 243x190x155 puszka natynkowa M-L 0366 - DOKTORVOLT\u00ae","robots":{"index":"index","follow":"follow","max-snippet":"max-snippet:-1","max-image-preview":"max-image-preview:large","max-video-preview":"max-video-preview:-1"},"canonical":"https:\/\/doktorvolt.pl\/en\/oferta-doktorvolt\/accessories\/enclosures-for-distribution-boards\/obudowa-rozdzielnicy-bau-rozdzielnica-ip66-243x190x155-puszka-natynkowa-m-l-0366\/","og_locale":"en_US","og_type":"article","og_title":"Obudowa rozdzielnicy BAU rozdzielnica IP66 243x190x155 puszka natynkowa M-L 0366 - DOKTORVOLT\u00ae","og_description":"Obudowa rozdzielnicy BAU rozdzielnica IP66 243x190x155 puszka natynkowa","og_url":"https:\/\/doktorvolt.pl\/en\/oferta-doktorvolt\/accessories\/enclosures-for-distribution-boards\/obudowa-rozdzielnicy-bau-rozdzielnica-ip66-243x190x155-puszka-natynkowa-m-l-0366\/","og_site_name":"DOKTORVOLT\u00ae","og_image":[{"width":1000,"height":1000,"url":"https:\/\/doktorvolt.pl\/wp-content\/uploads\/2026\/02\/pol_pl_17387-17387_1.jpg","type":"image\/jpeg"}],"twitter_card":"summary_large_image","twitter_misc":{"Est. reading time":"1 minute"},"schema":{"@context":"https:\/\/schema.org","@graph":[{"@type":"WebPage","@id":"https:\/\/doktorvolt.pl\/en\/oferta-doktorvolt\/accessories\/enclosures-for-distribution-boards\/obudowa-rozdzielnicy-bau-rozdzielnica-ip66-243x190x155-puszka-natynkowa-m-l-0366\/","url":"https:\/\/doktorvolt.pl\/en\/oferta-doktorvolt\/accessories\/enclosures-for-distribution-boards\/obudowa-rozdzielnicy-bau-rozdzielnica-ip66-243x190x155-puszka-natynkowa-m-l-0366\/","name":"Obudowa rozdzielnicy BAU rozdzielnica IP66 243x190x155 puszka natynkowa M-L 0366 - DOKTORVOLT\u00ae","isPartOf":{"@id":"https:\/\/doktorvolt.pl\/de\/#website"},"primaryImageOfPage":{"@id":"https:\/\/doktorvolt.pl\/en\/oferta-doktorvolt\/accessories\/enclosures-for-distribution-boards\/obudowa-rozdzielnicy-bau-rozdzielnica-ip66-243x190x155-puszka-natynkowa-m-l-0366\/#primaryimage"},"image":{"@id":"https:\/\/doktorvolt.pl\/en\/oferta-doktorvolt\/accessories\/enclosures-for-distribution-boards\/obudowa-rozdzielnicy-bau-rozdzielnica-ip66-243x190x155-puszka-natynkowa-m-l-0366\/#primaryimage"},"thumbnailUrl":"https:\/\/doktorvolt.pl\/wp-content\/uploads\/2026\/02\/pol_pl_17387-17387_1.jpg","datePublished":"2026-02-23T13:47:14+00:00","breadcrumb":{"@id":"https:\/\/doktorvolt.pl\/en\/oferta-doktorvolt\/accessories\/enclosures-for-distribution-boards\/obudowa-rozdzielnicy-bau-rozdzielnica-ip66-243x190x155-puszka-natynkowa-m-l-0366\/#breadcrumb"},"inLanguage":"en-US","potentialAction":[{"@type":"ReadAction","target":["https:\/\/doktorvolt.pl\/en\/oferta-doktorvolt\/accessories\/enclosures-for-distribution-boards\/obudowa-rozdzielnicy-bau-rozdzielnica-ip66-243x190x155-puszka-natynkowa-m-l-0366\/"]}]},{"@type":"ImageObject","inLanguage":"en-US","@id":"https:\/\/doktorvolt.pl\/en\/oferta-doktorvolt\/accessories\/enclosures-for-distribution-boards\/obudowa-rozdzielnicy-bau-rozdzielnica-ip66-243x190x155-puszka-natynkowa-m-l-0366\/#primaryimage","url":"https:\/\/doktorvolt.pl\/wp-content\/uploads\/2026\/02\/pol_pl_17387-17387_1.jpg","contentUrl":"https:\/\/doktorvolt.pl\/wp-content\/uploads\/2026\/02\/pol_pl_17387-17387_1.jpg","width":1000,"height":1000},{"@type":"BreadcrumbList","@id":"https:\/\/doktorvolt.pl\/en\/oferta-doktorvolt\/accessories\/enclosures-for-distribution-boards\/obudowa-rozdzielnicy-bau-rozdzielnica-ip66-243x190x155-puszka-natynkowa-m-l-0366\/#breadcrumb","itemListElement":[{"@type":"ListItem","position":1,"name":"Strona g\u0142\u00f3wna","item":"https:\/\/doktorvolt.pl\/en\/"},{"@type":"ListItem","position":2,"name":"Offer Doktorvolt","item":"https:\/\/doktorvolt.pl\/en\/offer-doktorvolt\/"},{"@type":"ListItem","position":3,"name":"Obudowa rozdzielnicy BAU rozdzielnica IP66 243x190x155 puszka natynkowa M-L 0366"}]},{"@type":"WebSite","@id":"https:\/\/doktorvolt.pl\/de\/#website","url":"https:\/\/doktorvolt.pl\/de\/","name":"DOKTORVOLT\u00ae","description":"Producent rozdzielnic budowlanych","publisher":{"@id":"https:\/\/doktorvolt.pl\/de\/#organization"},"potentialAction":[{"@type":"SearchAction","target":{"@type":"EntryPoint","urlTemplate":"https:\/\/doktorvolt.pl\/de\/?s={search_term_string}"},"query-input":{"@type":"PropertyValueSpecification","valueRequired":true,"valueName":"search_term_string"}}],"inLanguage":"en-US"},{"@type":"Organization","@id":"https:\/\/doktorvolt.pl\/de\/#organization","name":"DOKTORVOLT\u00ae","url":"https:\/\/doktorvolt.pl\/de\/","logo":{"@type":"ImageObject","inLanguage":"en-US","@id":"https:\/\/doktorvolt.pl\/de\/#\/schema\/logo\/image\/","url":"https:\/\/doktorvolt.pl\/wp-content\/uploads\/2023\/10\/DoktorVOLT-black-png.png","contentUrl":"https:\/\/doktorvolt.pl\/wp-content\/uploads\/2023\/10\/DoktorVOLT-black-png.png","width":729,"height":40,"caption":"DOKTORVOLT\u00ae"},"image":{"@id":"https:\/\/doktorvolt.pl\/de\/#\/schema\/logo\/image\/"}}]}},"_links":{"self":[{"href":"https:\/\/doktorvolt.pl\/en\/wp-json\/wp\/v2\/product\/110799","targetHints":{"allow":["GET"]}}],"collection":[{"href":"https:\/\/doktorvolt.pl\/en\/wp-json\/wp\/v2\/product"}],"about":[{"href":"https:\/\/doktorvolt.pl\/en\/wp-json\/wp\/v2\/types\/product"}],"wp:featuredmedia":[{"embeddable":true,"href":"https:\/\/doktorvolt.pl\/en\/wp-json\/wp\/v2\/media\/104116"}],"wp:attachment":[{"href":"https:\/\/doktorvolt.pl\/en\/wp-json\/wp\/v2\/media?parent=110799"}],"wp:term":[{"taxonomy":"product_brand","embeddable":true,"href":"https:\/\/doktorvolt.pl\/en\/wp-json\/wp\/v2\/product_brand?post=110799"},{"taxonomy":"product_cat","embeddable":true,"href":"https:\/\/doktorvolt.pl\/en\/wp-json\/wp\/v2\/product_cat?post=110799"},{"taxonomy":"product_tag","embeddable":true,"href":"https:\/\/doktorvolt.pl\/en\/wp-json\/wp\/v2\/product_tag?post=110799"}],"curies":[{"name":"wp","href":"https:\/\/api.w.org\/{rel}","templated":true}]}}