{"id":110804,"date":"2026-02-23T15:46:28","date_gmt":"2026-02-23T13:46:28","guid":{"rendered":"https:\/\/doktorvolt.pl\/sklep\/uncategorized\/stalowy-przenosny-stojak-do-rozdzielnic-serii-td-doktorvolt-6078\/"},"modified":"2026-02-23T15:46:28","modified_gmt":"2026-02-23T13:46:28","slug":"stalowy-przenosny-stojak-do-rozdzielnic-serii-td-doktorvolt-6078","status":"publish","type":"product","link":"https:\/\/doktorvolt.pl\/en\/oferta-doktorvolt\/accessories\/metal-stands\/stalowy-przenosny-stojak-do-rozdzielnic-serii-td-doktorvolt-6078\/","title":{"rendered":"Stalowy przeno\u015bny stojak do rozdzielnic serii TD Doktorvolt 6078"},"content":{"rendered":"<\/p>\n<p><!-- aukcja by D\u017cesika --><\/p>\n<h1 class=\"page-title\" style=\"text-align: center;\"><span style=\"color: #000000;\">Stalowy przeno\u015bny stojak do rozdzielnic Doktorvolt <br \/><\/span><\/h1>\n<\/p>\n<p style=\"text-align: center;\" align=\"left\"><span style=\"font-family: verdana, geneva; font-size: 12pt; color: #000000;\">&#x2b50;&#x2b50;&#x2b50;&#x2b50;&#x2b50;<\/span><\/p>\n<\/p>\n<p align=\"left\"><span style=\"font-family: verdana, geneva; font-size: 12pt; color: #000000;\">&#x27a1;&#xfe0f; <strong>Prezentowany stojak na rozdzielnic\u0119, producenta Doktorvolt:<\/strong> <\/span><\/p>\n<p style=\"text-align: justify;\"><span style=\"font-family: verdana, geneva; font-size: 12pt; color: #000000;\">&#x2714;&#xfe0f; dzi\u0119ki specjalnym uchwytom stojaka, rozdzielnice mo\u017cna powiesi\u0107 w dowolnym miejscu i \u0142atwiej j\u0105 przetransportowa\u0107.<\/span><\/p>\n<p style=\"text-align: justify;\"><span style=\"font-family: verdana, geneva; font-size: 12pt; color: #000000;\">&#x2714;&#xfe0f; w konstrukcji stojaka uwzgl\u0119dniono potrzeby zawieszenia rozdzielnic na rusztowaniu. <br \/><\/span><\/p>\n<p style=\"text-align: justify;\"><span style=\"font-family: verdana, geneva; font-size: 12pt; color: #000000;\">&#x2714;&#xfe0f; dzi\u0119ki stojakowi Doktorvolt, rozdzielnica jest znacznie wy\u017cej, co chroni je przed zalaniem wod\u0105,<br \/><\/span><\/p>\n<p style=\"text-align: justify;\"><span style=\"font-family: verdana, geneva; font-size: 12pt; color: #000000;\">&#x2714;&#xfe0f; stojak sprawia, \u017ce rozdzielnica jest stabilny na pod\u0142o\u017cu,<\/span><\/p>\n<p style=\"text-align: justify;\"><span style=\"font-family: verdana, geneva; font-size: 12pt; color: #000000;\">&#x2714;&#xfe0f; wykonany zosta\u0142 ze <strong>stali ocynkowanej<\/strong>, lakierowany proszkowo w kolorze czerwonym RAL 3002, co skutkuje odporno\u015bci\u0105 na rdz\u0119 czy \u015bcieranie,<br \/><\/span><\/p>\n<p style=\"text-align: justify;\"><span style=\"font-family: verdana, geneva; font-size: 12pt; color: #000000;\">&#x2714;&#xfe0f; wyposa\u017cony w wygodny, ergonomiczny uchwyt,<\/span><\/p>\n<p style=\"text-align: justify;\"><span style=\"font-family: verdana, geneva; font-size: 12pt; color: #000000;\">&#x2714;&#xfe0f; stojak wykonany z blachy stalowej ocynkowanej o grubo\u015bci 2 mm, <\/span><\/p>\n<p style=\"text-align: justify;\"><span style=\"font-family: verdana, geneva; font-size: 12pt; color: #000000;\">&#x2714;&#xfe0f; stojak dedykowany jest do rozdzielnic serii TD, pasuje r\u00f3wnie\u017c do rozdzielnic o szeroko\u015bci do 325 mm,<br \/><\/span><\/p>\n<p style=\"text-align: justify;\"><span style=\"font-family: verdana, geneva; font-size: 12pt; color: #000000;\">&#x2714;&#xfe0f; atutem stojaka jest szybki dost\u0119p do zamontowanej rozdzielni,<\/span><\/p>\n<\/p>\n<p style=\"text-align: justify;\" align=\"left\"><span style=\"font-family: verdana, geneva; font-size: 12pt; color: #000000;\">&#x27a1;&#xfe0f; <strong>Znajduje swoje zastosowanie:<\/strong> <\/span><\/p>\n<p style=\"text-align: justify;\"><span style=\"font-family: verdana, geneva; font-size: 12pt; color: #000000;\">&#x2714;&#xfe0f; na placach i obszarach bud\u00f3w oraz podczas prac drogowych,<br \/><\/span><\/p>\n<p style=\"text-align: justify;\"><span style=\"font-family: verdana, geneva; font-size: 12pt; color: #000000;\">&#x2714;&#xfe0f; do zak\u0142ad\u00f3w przemys\u0142owych,<br \/><\/span><\/p>\n<p style=\"text-align: justify;\"><span style=\"font-family: verdana, geneva; font-size: 12pt; color: #000000;\">&#x2714;&#xfe0f; w warsztatach i gara\u017cach,<br \/><\/span><\/p>\n<p style=\"text-align: justify;\"><span style=\"font-family: verdana, geneva; font-size: 12pt; color: #000000;\">&#x2714;&#xfe0f; podczas samodzielnej budowy domu,<br \/><\/span><\/p>\n<\/p>\n<table class=\"center\" style=\"background-color: #f5f5f5; margin-left: auto; margin-right: auto; width: 631px; height: 464px; border: 1px solid #ffffff;\" align=\"center\">\n<tbody>\n<tr>\n<td style=\"text-align: right; padding: 15px; height: 25px;\" valign=\"middle\" align=\"right\"><span style=\"font-family: verdana, geneva; color: #000000;\"><span style=\"font-size: 16px;\">zastosowanie<\/span><\/span><\/td>\n<td style=\"background-color: #ffffff; text-align: center;\">\n<p><span style=\"font-size: 16px; color: #000000;\">monta\u017c i przenoszenie rozdzielnic budowlanych<\/span><\/p>\n<\/p>\n<\/td>\n<\/tr>\n<tr align=\"left\">\n<td class=\"align_justify\" style=\"text-align: right; padding: 15px; height: 25px;\" valign=\"middle\" align=\"right\"><span style=\"font-size: 12pt; color: #000000;\"><span style=\"font-family: verdana, geneva;\"><span style=\"font-size: 12pt;\">malowana stalowa konstrukcja, ocynkowana<br \/><\/span><\/span><\/span><\/td>\n<td style=\"background-color: #ffffff; text-align: center;\"><span style=\"font-size: 12pt; color: #000000;\">tak<br \/><\/span><\/td>\n<\/tr>\n<tr align=\"left\">\n<td class=\"align_justify\" style=\"text-align: right; padding: 15px; height: 25px;\" valign=\"middle\" align=\"right\"><span style=\"font-size: 12pt; color: #000000;\"><span style=\"font-family: verdana, geneva;\"><span style=\"font-size: 12pt;\">kolor<\/span><\/span><\/span><\/td>\n<td style=\"background-color: #ffffff; text-align: center;\"><span style=\"font-size: 12pt; color: #000000;\">Czerwony RAL 3002<br \/><\/span><\/td>\n<\/tr>\n<tr>\n<td style=\"text-align: right; padding: 15px; height: 25px;\" valign=\"middle\" align=\"right\"><span style=\"font-size: 12pt; color: #000000;\"><span style=\"font-family: verdana, geneva;\">nawiercone otwory monta\u017cowe<br \/><\/span><\/span><\/td>\n<td style=\"background-color: #ffffff; text-align: center; width: 200px;\"><span style=\"font-family: verdana, geneva; font-size: 12pt; color: #000000;\">tak<br \/><\/span><\/td>\n<\/tr>\n<tr align=\"left\">\n<td class=\"align_justify\" style=\"text-align: right; padding: 15px; height: 25px;\" valign=\"middle\" align=\"right\"><span style=\"font-size: 12pt; color: #000000;\"><span style=\"font-family: verdana, geneva;\"><span style=\"font-size: 12pt;\">materia\u0142<\/span><\/span><\/span><\/td>\n<td style=\"background-color: #ffffff; text-align: center;\"><span style=\"font-size: 12pt; color: #000000;\">stal<\/span><\/td>\n<\/tr>\n<tr>\n<td style=\"text-align: right; padding: 15px; height: 25px;\" valign=\"middle\" align=\"right\"><span style=\"font-size: 12pt; color: #000000;\"><span style=\"font-family: verdana, geneva;\">waga <br \/><\/span><\/span><\/td>\n<td style=\"background-color: #ffffff; text-align: center; width: 200px;\"><span style=\"font-family: verdana, geneva; font-size: 12pt; color: #000000;\">3,100 kg<br \/><\/span><\/td>\n<\/tr>\n<tr align=\"left\">\n<td class=\"align_justify\" style=\"text-align: right; padding: 15px; height: 25px;\" valign=\"middle\" align=\"right\"><span style=\"font-size: 12pt; color: #000000;\"><span style=\"font-family: verdana, geneva;\"><span style=\"font-size: 12pt;\">wymiary<br \/><\/span><\/span><\/span><\/td>\n<td style=\"background-color: #ffffff; text-align: center; width: 200px;\">\n<p><span style=\"font-family: verdana, geneva; font-size: 12pt; color: #000000;\">znajduj\u0105 si\u0119 pod tabelk\u0105*<\/span><\/p>\n<\/td>\n<\/tr>\n<tr>\n<td style=\"text-align: right; padding: 15px; height: 25px;\" valign=\"middle\" align=\"right\"><span style=\"font-size: 12pt; color: #000000;\"><span style=\"font-family: verdana, geneva;\">producent <br \/><\/span><\/span><\/td>\n<td style=\"background-color: #ffffff; text-align: center; width: 200px;\"><span style=\"font-family: verdana, geneva; font-size: 12pt; color: #000000;\">Doktorvolt<br \/><\/span><\/td>\n<\/tr>\n<tr>\n<td style=\"text-align: right; padding: 15px; height: 25px;\" valign=\"middle\" align=\"right\"><span style=\"font-size: 12pt; color: #000000;\"><span style=\"font-family: verdana, geneva;\">symbol<\/span><\/span><\/td>\n<td style=\"background-color: #ffffff; text-align: center;\"><span style=\"font-family: verdana, geneva; font-size: 12pt; color: #000000;\">DV-6078-ST<\/span><\/td>\n<\/tr>\n<\/tbody>\n<\/table>\n<\/p>\n<p style=\"text-align: center;\"><img decoding=\"async\" src=\"\/data\/include\/cms\/description\/img\/cms\/Stojak%20do%20rozdzielnicy%20TD%206078%205907589336078%20DV-6078-ST%207_size.png\" alt=\"\" width=\"592\" height=\"592\" \/><\/p>\n<p style=\"text-align: center;\"><img decoding=\"async\" src=\"\/data\/include\/cms\/description\/img\/cms\/Stojak%20do%20rozdzielnicy%20TD%206078%205907589336078%20DV-6078-ST%208_size.png\" alt=\"\" width=\"577\" height=\"577\" \/><\/p><\/p>\n","protected":false},"excerpt":{"rendered":"","protected":false},"featured_media":104031,"template":"","meta":[],"product_brand":[],"product_cat":[5216],"product_tag":[],"class_list":{"0":"post-110804","1":"product","2":"type-product","3":"status-publish","4":"has-post-thumbnail","6":"product_cat-metal-stands","8":"first","9":"instock","10":"shipping-taxable","11":"product-type-external"},"yoast_head":"<!-- This site is optimized with the Yoast SEO plugin v27.0 - https:\/\/yoast.com\/product\/yoast-seo-wordpress\/ -->\n<title>Stalowy przeno\u015bny stojak do rozdzielnic serii TD Doktorvolt 6078 - DOKTORVOLT\u00ae<\/title>\n<meta name=\"robots\" content=\"index, follow, max-snippet:-1, max-image-preview:large, max-video-preview:-1\" \/>\n<link rel=\"canonical\" href=\"https:\/\/doktorvolt.pl\/en\/oferta-doktorvolt\/accessories\/metal-stands\/stalowy-przenosny-stojak-do-rozdzielnic-serii-td-doktorvolt-6078\/\" \/>\n<meta property=\"og:locale\" content=\"en_US\" \/>\n<meta property=\"og:type\" content=\"article\" \/>\n<meta property=\"og:title\" content=\"Stalowy przeno\u015bny stojak do rozdzielnic serii TD Doktorvolt 6078 - DOKTORVOLT\u00ae\" \/>\n<meta property=\"og:url\" content=\"https:\/\/doktorvolt.pl\/en\/oferta-doktorvolt\/accessories\/metal-stands\/stalowy-przenosny-stojak-do-rozdzielnic-serii-td-doktorvolt-6078\/\" \/>\n<meta property=\"og:site_name\" content=\"DOKTORVOLT\u00ae\" \/>\n<meta property=\"og:image\" content=\"https:\/\/doktorvolt.pl\/wp-content\/uploads\/2026\/02\/pol_pl_14648-14648_1.jpg\" \/>\n\t<meta property=\"og:image:width\" content=\"1000\" \/>\n\t<meta property=\"og:image:height\" content=\"1000\" \/>\n\t<meta property=\"og:image:type\" content=\"image\/jpeg\" \/>\n<meta name=\"twitter:card\" content=\"summary_large_image\" \/>\n<meta name=\"twitter:label1\" content=\"Est. reading time\" \/>\n\t<meta name=\"twitter:data1\" content=\"1 minute\" \/>\n<script type=\"application\/ld+json\" class=\"yoast-schema-graph\">{\"@context\":\"https:\/\/schema.org\",\"@graph\":[{\"@type\":\"WebPage\",\"@id\":\"https:\/\/doktorvolt.pl\/en\/oferta-doktorvolt\/accessories\/metal-stands\/stalowy-przenosny-stojak-do-rozdzielnic-serii-td-doktorvolt-6078\/\",\"url\":\"https:\/\/doktorvolt.pl\/en\/oferta-doktorvolt\/accessories\/metal-stands\/stalowy-przenosny-stojak-do-rozdzielnic-serii-td-doktorvolt-6078\/\",\"name\":\"Stalowy przeno\u015bny stojak do rozdzielnic serii TD Doktorvolt 6078 - DOKTORVOLT\u00ae\",\"isPartOf\":{\"@id\":\"https:\/\/doktorvolt.pl\/de\/#website\"},\"primaryImageOfPage\":{\"@id\":\"https:\/\/doktorvolt.pl\/en\/oferta-doktorvolt\/accessories\/metal-stands\/stalowy-przenosny-stojak-do-rozdzielnic-serii-td-doktorvolt-6078\/#primaryimage\"},\"image\":{\"@id\":\"https:\/\/doktorvolt.pl\/en\/oferta-doktorvolt\/accessories\/metal-stands\/stalowy-przenosny-stojak-do-rozdzielnic-serii-td-doktorvolt-6078\/#primaryimage\"},\"thumbnailUrl\":\"https:\/\/doktorvolt.pl\/wp-content\/uploads\/2026\/02\/pol_pl_14648-14648_1.jpg\",\"datePublished\":\"2026-02-23T13:46:28+00:00\",\"breadcrumb\":{\"@id\":\"https:\/\/doktorvolt.pl\/en\/oferta-doktorvolt\/accessories\/metal-stands\/stalowy-przenosny-stojak-do-rozdzielnic-serii-td-doktorvolt-6078\/#breadcrumb\"},\"inLanguage\":\"en-US\",\"potentialAction\":[{\"@type\":\"ReadAction\",\"target\":[\"https:\/\/doktorvolt.pl\/en\/oferta-doktorvolt\/accessories\/metal-stands\/stalowy-przenosny-stojak-do-rozdzielnic-serii-td-doktorvolt-6078\/\"]}]},{\"@type\":\"ImageObject\",\"inLanguage\":\"en-US\",\"@id\":\"https:\/\/doktorvolt.pl\/en\/oferta-doktorvolt\/accessories\/metal-stands\/stalowy-przenosny-stojak-do-rozdzielnic-serii-td-doktorvolt-6078\/#primaryimage\",\"url\":\"https:\/\/doktorvolt.pl\/wp-content\/uploads\/2026\/02\/pol_pl_14648-14648_1.jpg\",\"contentUrl\":\"https:\/\/doktorvolt.pl\/wp-content\/uploads\/2026\/02\/pol_pl_14648-14648_1.jpg\",\"width\":1000,\"height\":1000},{\"@type\":\"BreadcrumbList\",\"@id\":\"https:\/\/doktorvolt.pl\/en\/oferta-doktorvolt\/accessories\/metal-stands\/stalowy-przenosny-stojak-do-rozdzielnic-serii-td-doktorvolt-6078\/#breadcrumb\",\"itemListElement\":[{\"@type\":\"ListItem\",\"position\":1,\"name\":\"Strona g\u0142\u00f3wna\",\"item\":\"https:\/\/doktorvolt.pl\/en\/\"},{\"@type\":\"ListItem\",\"position\":2,\"name\":\"Offer Doktorvolt\",\"item\":\"https:\/\/doktorvolt.pl\/en\/offer-doktorvolt\/\"},{\"@type\":\"ListItem\",\"position\":3,\"name\":\"Stalowy przeno\u015bny stojak do rozdzielnic serii TD Doktorvolt 6078\"}]},{\"@type\":\"WebSite\",\"@id\":\"https:\/\/doktorvolt.pl\/de\/#website\",\"url\":\"https:\/\/doktorvolt.pl\/de\/\",\"name\":\"DOKTORVOLT\u00ae\",\"description\":\"Producent rozdzielnic budowlanych\",\"publisher\":{\"@id\":\"https:\/\/doktorvolt.pl\/de\/#organization\"},\"potentialAction\":[{\"@type\":\"SearchAction\",\"target\":{\"@type\":\"EntryPoint\",\"urlTemplate\":\"https:\/\/doktorvolt.pl\/de\/?s={search_term_string}\"},\"query-input\":{\"@type\":\"PropertyValueSpecification\",\"valueRequired\":true,\"valueName\":\"search_term_string\"}}],\"inLanguage\":\"en-US\"},{\"@type\":\"Organization\",\"@id\":\"https:\/\/doktorvolt.pl\/de\/#organization\",\"name\":\"DOKTORVOLT\u00ae\",\"url\":\"https:\/\/doktorvolt.pl\/de\/\",\"logo\":{\"@type\":\"ImageObject\",\"inLanguage\":\"en-US\",\"@id\":\"https:\/\/doktorvolt.pl\/de\/#\/schema\/logo\/image\/\",\"url\":\"https:\/\/doktorvolt.pl\/wp-content\/uploads\/2023\/10\/DoktorVOLT-black-png.png\",\"contentUrl\":\"https:\/\/doktorvolt.pl\/wp-content\/uploads\/2023\/10\/DoktorVOLT-black-png.png\",\"width\":729,\"height\":40,\"caption\":\"DOKTORVOLT\u00ae\"},\"image\":{\"@id\":\"https:\/\/doktorvolt.pl\/de\/#\/schema\/logo\/image\/\"}}]}<\/script>\n<!-- \/ Yoast SEO plugin. -->","yoast_head_json":{"title":"Stalowy przeno\u015bny stojak do rozdzielnic serii TD Doktorvolt 6078 - DOKTORVOLT\u00ae","robots":{"index":"index","follow":"follow","max-snippet":"max-snippet:-1","max-image-preview":"max-image-preview:large","max-video-preview":"max-video-preview:-1"},"canonical":"https:\/\/doktorvolt.pl\/en\/oferta-doktorvolt\/accessories\/metal-stands\/stalowy-przenosny-stojak-do-rozdzielnic-serii-td-doktorvolt-6078\/","og_locale":"en_US","og_type":"article","og_title":"Stalowy przeno\u015bny stojak do rozdzielnic serii TD Doktorvolt 6078 - DOKTORVOLT\u00ae","og_url":"https:\/\/doktorvolt.pl\/en\/oferta-doktorvolt\/accessories\/metal-stands\/stalowy-przenosny-stojak-do-rozdzielnic-serii-td-doktorvolt-6078\/","og_site_name":"DOKTORVOLT\u00ae","og_image":[{"width":1000,"height":1000,"url":"https:\/\/doktorvolt.pl\/wp-content\/uploads\/2026\/02\/pol_pl_14648-14648_1.jpg","type":"image\/jpeg"}],"twitter_card":"summary_large_image","twitter_misc":{"Est. reading time":"1 minute"},"schema":{"@context":"https:\/\/schema.org","@graph":[{"@type":"WebPage","@id":"https:\/\/doktorvolt.pl\/en\/oferta-doktorvolt\/accessories\/metal-stands\/stalowy-przenosny-stojak-do-rozdzielnic-serii-td-doktorvolt-6078\/","url":"https:\/\/doktorvolt.pl\/en\/oferta-doktorvolt\/accessories\/metal-stands\/stalowy-przenosny-stojak-do-rozdzielnic-serii-td-doktorvolt-6078\/","name":"Stalowy przeno\u015bny stojak do rozdzielnic serii TD Doktorvolt 6078 - DOKTORVOLT\u00ae","isPartOf":{"@id":"https:\/\/doktorvolt.pl\/de\/#website"},"primaryImageOfPage":{"@id":"https:\/\/doktorvolt.pl\/en\/oferta-doktorvolt\/accessories\/metal-stands\/stalowy-przenosny-stojak-do-rozdzielnic-serii-td-doktorvolt-6078\/#primaryimage"},"image":{"@id":"https:\/\/doktorvolt.pl\/en\/oferta-doktorvolt\/accessories\/metal-stands\/stalowy-przenosny-stojak-do-rozdzielnic-serii-td-doktorvolt-6078\/#primaryimage"},"thumbnailUrl":"https:\/\/doktorvolt.pl\/wp-content\/uploads\/2026\/02\/pol_pl_14648-14648_1.jpg","datePublished":"2026-02-23T13:46:28+00:00","breadcrumb":{"@id":"https:\/\/doktorvolt.pl\/en\/oferta-doktorvolt\/accessories\/metal-stands\/stalowy-przenosny-stojak-do-rozdzielnic-serii-td-doktorvolt-6078\/#breadcrumb"},"inLanguage":"en-US","potentialAction":[{"@type":"ReadAction","target":["https:\/\/doktorvolt.pl\/en\/oferta-doktorvolt\/accessories\/metal-stands\/stalowy-przenosny-stojak-do-rozdzielnic-serii-td-doktorvolt-6078\/"]}]},{"@type":"ImageObject","inLanguage":"en-US","@id":"https:\/\/doktorvolt.pl\/en\/oferta-doktorvolt\/accessories\/metal-stands\/stalowy-przenosny-stojak-do-rozdzielnic-serii-td-doktorvolt-6078\/#primaryimage","url":"https:\/\/doktorvolt.pl\/wp-content\/uploads\/2026\/02\/pol_pl_14648-14648_1.jpg","contentUrl":"https:\/\/doktorvolt.pl\/wp-content\/uploads\/2026\/02\/pol_pl_14648-14648_1.jpg","width":1000,"height":1000},{"@type":"BreadcrumbList","@id":"https:\/\/doktorvolt.pl\/en\/oferta-doktorvolt\/accessories\/metal-stands\/stalowy-przenosny-stojak-do-rozdzielnic-serii-td-doktorvolt-6078\/#breadcrumb","itemListElement":[{"@type":"ListItem","position":1,"name":"Strona g\u0142\u00f3wna","item":"https:\/\/doktorvolt.pl\/en\/"},{"@type":"ListItem","position":2,"name":"Offer Doktorvolt","item":"https:\/\/doktorvolt.pl\/en\/offer-doktorvolt\/"},{"@type":"ListItem","position":3,"name":"Stalowy przeno\u015bny stojak do rozdzielnic serii TD Doktorvolt 6078"}]},{"@type":"WebSite","@id":"https:\/\/doktorvolt.pl\/de\/#website","url":"https:\/\/doktorvolt.pl\/de\/","name":"DOKTORVOLT\u00ae","description":"Producent rozdzielnic budowlanych","publisher":{"@id":"https:\/\/doktorvolt.pl\/de\/#organization"},"potentialAction":[{"@type":"SearchAction","target":{"@type":"EntryPoint","urlTemplate":"https:\/\/doktorvolt.pl\/de\/?s={search_term_string}"},"query-input":{"@type":"PropertyValueSpecification","valueRequired":true,"valueName":"search_term_string"}}],"inLanguage":"en-US"},{"@type":"Organization","@id":"https:\/\/doktorvolt.pl\/de\/#organization","name":"DOKTORVOLT\u00ae","url":"https:\/\/doktorvolt.pl\/de\/","logo":{"@type":"ImageObject","inLanguage":"en-US","@id":"https:\/\/doktorvolt.pl\/de\/#\/schema\/logo\/image\/","url":"https:\/\/doktorvolt.pl\/wp-content\/uploads\/2023\/10\/DoktorVOLT-black-png.png","contentUrl":"https:\/\/doktorvolt.pl\/wp-content\/uploads\/2023\/10\/DoktorVOLT-black-png.png","width":729,"height":40,"caption":"DOKTORVOLT\u00ae"},"image":{"@id":"https:\/\/doktorvolt.pl\/de\/#\/schema\/logo\/image\/"}}]}},"_links":{"self":[{"href":"https:\/\/doktorvolt.pl\/en\/wp-json\/wp\/v2\/product\/110804","targetHints":{"allow":["GET"]}}],"collection":[{"href":"https:\/\/doktorvolt.pl\/en\/wp-json\/wp\/v2\/product"}],"about":[{"href":"https:\/\/doktorvolt.pl\/en\/wp-json\/wp\/v2\/types\/product"}],"wp:featuredmedia":[{"embeddable":true,"href":"https:\/\/doktorvolt.pl\/en\/wp-json\/wp\/v2\/media\/104031"}],"wp:attachment":[{"href":"https:\/\/doktorvolt.pl\/en\/wp-json\/wp\/v2\/media?parent=110804"}],"wp:term":[{"taxonomy":"product_brand","embeddable":true,"href":"https:\/\/doktorvolt.pl\/en\/wp-json\/wp\/v2\/product_brand?post=110804"},{"taxonomy":"product_cat","embeddable":true,"href":"https:\/\/doktorvolt.pl\/en\/wp-json\/wp\/v2\/product_cat?post=110804"},{"taxonomy":"product_tag","embeddable":true,"href":"https:\/\/doktorvolt.pl\/en\/wp-json\/wp\/v2\/product_tag?post=110804"}],"curies":[{"name":"wp","href":"https:\/\/api.w.org\/{rel}","templated":true}]}}