{"id":110806,"date":"2026-02-23T15:46:09","date_gmt":"2026-02-23T13:46:09","guid":{"rendered":"https:\/\/doktorvolt.pl\/sklep\/uncategorized\/ramka-mocujaca-dla-gniazd-tablicowych-230v-doktorvolt-38x38mm-dv-1370-230-rpp\/"},"modified":"2026-02-23T15:46:09","modified_gmt":"2026-02-23T13:46:09","slug":"ramka-mocujaca-dla-gniazd-tablicowych-230v-doktorvolt-38x38mm-dv-1370-230-rpp","status":"publish","type":"product","link":"https:\/\/doktorvolt.pl\/en\/oferta-doktorvolt\/accessories\/panel-mounted-sockets-and-portable-mobile-plugs\/ramka-mocujaca-dla-gniazd-tablicowych-230v-doktorvolt-38x38mm-dv-1370-230-rpp\/","title":{"rendered":"Ramka mocuj\u0105ca dla gniazd tablicowych 230V Doktorvolt 38x38mm DV-1370-230-RPP"},"content":{"rendered":"<h1 style=\"text-align:center;\"><span style=\"color:#000000;\">Ramka mocuj\u0105ca dla gniazd tablicowych 230V 38x38mm<\/span><\/h1>\n<p style=\"text-align:center;\">\n<p style=\"font-size:13pt;text-align:justify;\"><span style=\"color:#000000;\">Ramki mocuj\u0105ce s\u0142u\u017c\u0105 do monta\u017cu gniazd tablicowych 230V z rozstawem otwor\u00f3w monta\u017cowych 38x38mm. Poza funkcj\u0105 mocuj\u0105c\u0105 stanowi\u0105 dodatkow\u0105 ochron\u0119 wkr\u0119t\u00f3w. Doskona\u0142y komponent do rozdzielnic budowlanych.<\/span><\/p>\n<p style=\"font-size:13pt;text-align:center;\">\n<table class=\"center\" style=\"background-color:#f5f5f5;margin-left:auto;margin-right:auto;width:631px;height:464px;border:1px solid #ffffff;\" align=\"center\">\n<tbody>\n<tr>\n<td style=\"text-align:right;padding:15px;height:25px;\" valign=\"middle\" align=\"right\"><span style=\"font-family:verdana, geneva;color:#000000;\"><span style=\"font-size:16px;\">do wkr\u0119t\u00f3w monta\u017cowych<\/span><\/span><\/td>\n<td style=\"background-color:#ffffff;text-align:center;\">\n<p><span style=\"font-size:16px;color:#000000;\">\u00d8 4mm<\/span><\/p>\n<\/td>\n<\/tr>\n<tr>\n<td style=\"text-align:right;padding:15px;height:25px;\" valign=\"middle\" align=\"right\"><span style=\"font-family:verdana, geneva;color:#000000;\"><span style=\"font-size:16px;\">kompatybilne gniazda <br \/>(dost\u0119pne na naszych aukcjach)<\/span><\/span><\/td>\n<td style=\"background-color:#ffffff;text-align:center;\">\n<p><span style=\"font-size:16px;color:#000000;\">wszystkie gniazda tablicowe 230V z otworami monta\u017cowymi 38x38mm<\/span><\/p>\n<\/td>\n<\/tr>\n<tr>\n<td style=\"text-align:right;padding:15px;height:25px;\" valign=\"middle\" align=\"right\"><span style=\"font-family:verdana, geneva;color:#000000;\"><span style=\"font-size:16px;\">rozstaw za\u015blepek do wkr\u0119t\u00f3w monta\u017cowych<\/span><\/span><\/td>\n<td style=\"background-color:#ffffff;text-align:center;\">\n<p><span style=\"font-size:16px;color:#000000;\">38x38mm<\/span><\/p>\n<\/td>\n<\/tr>\n<tr>\n<td style=\"text-align:right;padding:15px;height:25px;\" valign=\"middle\" align=\"right\"><span style=\"font-family:verdana, geneva;color:#000000;\"><span style=\"font-size:16px;\">materia\u0142<\/span><\/span><\/td>\n<td style=\"background-color:#ffffff;text-align:center;\">\n<p><span style=\"font-size:16px;color:#000000;\">tworzywo sztuczne<\/span><\/p>\n<\/td>\n<\/tr>\n<tr>\n<td style=\"text-align:right;padding:15px;height:25px;\" valign=\"middle\" align=\"right\"><span style=\"font-size:12pt;color:#000000;\"><span style=\"font-family:verdana, geneva;\">producent <br \/><\/span><\/span><\/td>\n<td style=\"background-color:#ffffff;text-align:center;width:200px;\"><span style=\"font-family:verdana, geneva;font-size:12pt;color:#000000;\">Doktorvolt<br \/><\/span><\/td>\n<\/tr>\n<tr>\n<td style=\"text-align:right;padding:15px;height:25px;\" valign=\"middle\" align=\"right\"><span style=\"font-size:12pt;color:#000000;\"><span style=\"font-family:verdana, geneva;\">oznaczenie producenta<\/span><\/span><\/td>\n<td style=\"background-color:#ffffff;text-align:center;\"><span style=\"font-family:verdana, geneva;color:#000000;\"><span style=\"font-size:16px;\">DV-1370-230-RPP<\/span><\/span><\/td>\n<\/tr>\n<tr>\n<td style=\"text-align:right;padding:15px;height:25px;\" valign=\"middle\" align=\"right\"><span style=\"font-size:12pt;color:#000000;\"><span style=\"font-family:verdana, geneva;\">EAN<\/span><\/span><\/td>\n<td style=\"background-color:#ffffff;text-align:center;\"><span style=\"font-family:verdana, geneva;color:#000000;\"><span style=\"font-size:16px;\">5907589331370<\/span><\/span><\/td>\n<\/tr>\n<\/tbody>\n<\/table>\n","protected":false},"excerpt":{"rendered":"<p>Ramka mocuj\u0105ca dla gniazd tablicowych 230V Doktorvolt 38x38mm<\/p>\n","protected":false},"featured_media":103997,"template":"","meta":[],"product_brand":[],"product_cat":[5070],"product_tag":[],"class_list":{"0":"post-110806","1":"product","2":"type-product","3":"status-publish","4":"has-post-thumbnail","6":"product_cat-panel-mounted-sockets-and-portable-mobile-plugs","8":"first","9":"instock","10":"shipping-taxable","11":"product-type-external"},"yoast_head":"<!-- This site is optimized with the Yoast SEO plugin v27.0 - https:\/\/yoast.com\/product\/yoast-seo-wordpress\/ -->\n<title>Ramka mocuj\u0105ca dla gniazd tablicowych 230V Doktorvolt 38x38mm DV-1370-230-RPP - DOKTORVOLT\u00ae<\/title>\n<meta name=\"robots\" content=\"index, follow, max-snippet:-1, max-image-preview:large, max-video-preview:-1\" \/>\n<link rel=\"canonical\" href=\"https:\/\/doktorvolt.pl\/en\/oferta-doktorvolt\/accessories\/panel-mounted-sockets-and-portable-mobile-plugs\/ramka-mocujaca-dla-gniazd-tablicowych-230v-doktorvolt-38x38mm-dv-1370-230-rpp\/\" \/>\n<meta property=\"og:locale\" content=\"en_US\" \/>\n<meta property=\"og:type\" content=\"article\" \/>\n<meta property=\"og:title\" content=\"Ramka mocuj\u0105ca dla gniazd tablicowych 230V Doktorvolt 38x38mm DV-1370-230-RPP - DOKTORVOLT\u00ae\" \/>\n<meta property=\"og:description\" content=\"Ramka mocuj\u0105ca dla gniazd tablicowych 230V Doktorvolt 38x38mm\" \/>\n<meta property=\"og:url\" content=\"https:\/\/doktorvolt.pl\/en\/oferta-doktorvolt\/accessories\/panel-mounted-sockets-and-portable-mobile-plugs\/ramka-mocujaca-dla-gniazd-tablicowych-230v-doktorvolt-38x38mm-dv-1370-230-rpp\/\" \/>\n<meta property=\"og:site_name\" content=\"DOKTORVOLT\u00ae\" \/>\n<meta property=\"og:image\" content=\"https:\/\/doktorvolt.pl\/wp-content\/uploads\/2026\/02\/pol_pl_Ramka-mocujaca-dla-gniazd-tablicowych-230V-Doktorvolt-38x38mm-DV-1370-230-RPP-12785_1.jpg\" \/>\n\t<meta property=\"og:image:width\" content=\"1600\" \/>\n\t<meta property=\"og:image:height\" content=\"1600\" \/>\n\t<meta property=\"og:image:type\" content=\"image\/jpeg\" \/>\n<meta name=\"twitter:card\" content=\"summary_large_image\" \/>\n<script type=\"application\/ld+json\" class=\"yoast-schema-graph\">{\"@context\":\"https:\/\/schema.org\",\"@graph\":[{\"@type\":\"WebPage\",\"@id\":\"https:\/\/doktorvolt.pl\/en\/oferta-doktorvolt\/accessories\/panel-mounted-sockets-and-portable-mobile-plugs\/ramka-mocujaca-dla-gniazd-tablicowych-230v-doktorvolt-38x38mm-dv-1370-230-rpp\/\",\"url\":\"https:\/\/doktorvolt.pl\/en\/oferta-doktorvolt\/accessories\/panel-mounted-sockets-and-portable-mobile-plugs\/ramka-mocujaca-dla-gniazd-tablicowych-230v-doktorvolt-38x38mm-dv-1370-230-rpp\/\",\"name\":\"Ramka mocuj\u0105ca dla gniazd tablicowych 230V Doktorvolt 38x38mm DV-1370-230-RPP - DOKTORVOLT\u00ae\",\"isPartOf\":{\"@id\":\"https:\/\/doktorvolt.pl\/de\/#website\"},\"primaryImageOfPage\":{\"@id\":\"https:\/\/doktorvolt.pl\/en\/oferta-doktorvolt\/accessories\/panel-mounted-sockets-and-portable-mobile-plugs\/ramka-mocujaca-dla-gniazd-tablicowych-230v-doktorvolt-38x38mm-dv-1370-230-rpp\/#primaryimage\"},\"image\":{\"@id\":\"https:\/\/doktorvolt.pl\/en\/oferta-doktorvolt\/accessories\/panel-mounted-sockets-and-portable-mobile-plugs\/ramka-mocujaca-dla-gniazd-tablicowych-230v-doktorvolt-38x38mm-dv-1370-230-rpp\/#primaryimage\"},\"thumbnailUrl\":\"https:\/\/doktorvolt.pl\/wp-content\/uploads\/2026\/02\/pol_pl_Ramka-mocujaca-dla-gniazd-tablicowych-230V-Doktorvolt-38x38mm-DV-1370-230-RPP-12785_1.jpg\",\"datePublished\":\"2026-02-23T13:46:09+00:00\",\"breadcrumb\":{\"@id\":\"https:\/\/doktorvolt.pl\/en\/oferta-doktorvolt\/accessories\/panel-mounted-sockets-and-portable-mobile-plugs\/ramka-mocujaca-dla-gniazd-tablicowych-230v-doktorvolt-38x38mm-dv-1370-230-rpp\/#breadcrumb\"},\"inLanguage\":\"en-US\",\"potentialAction\":[{\"@type\":\"ReadAction\",\"target\":[\"https:\/\/doktorvolt.pl\/en\/oferta-doktorvolt\/accessories\/panel-mounted-sockets-and-portable-mobile-plugs\/ramka-mocujaca-dla-gniazd-tablicowych-230v-doktorvolt-38x38mm-dv-1370-230-rpp\/\"]}]},{\"@type\":\"ImageObject\",\"inLanguage\":\"en-US\",\"@id\":\"https:\/\/doktorvolt.pl\/en\/oferta-doktorvolt\/accessories\/panel-mounted-sockets-and-portable-mobile-plugs\/ramka-mocujaca-dla-gniazd-tablicowych-230v-doktorvolt-38x38mm-dv-1370-230-rpp\/#primaryimage\",\"url\":\"https:\/\/doktorvolt.pl\/wp-content\/uploads\/2026\/02\/pol_pl_Ramka-mocujaca-dla-gniazd-tablicowych-230V-Doktorvolt-38x38mm-DV-1370-230-RPP-12785_1.jpg\",\"contentUrl\":\"https:\/\/doktorvolt.pl\/wp-content\/uploads\/2026\/02\/pol_pl_Ramka-mocujaca-dla-gniazd-tablicowych-230V-Doktorvolt-38x38mm-DV-1370-230-RPP-12785_1.jpg\",\"width\":1600,\"height\":1600},{\"@type\":\"BreadcrumbList\",\"@id\":\"https:\/\/doktorvolt.pl\/en\/oferta-doktorvolt\/accessories\/panel-mounted-sockets-and-portable-mobile-plugs\/ramka-mocujaca-dla-gniazd-tablicowych-230v-doktorvolt-38x38mm-dv-1370-230-rpp\/#breadcrumb\",\"itemListElement\":[{\"@type\":\"ListItem\",\"position\":1,\"name\":\"Strona g\u0142\u00f3wna\",\"item\":\"https:\/\/doktorvolt.pl\/en\/\"},{\"@type\":\"ListItem\",\"position\":2,\"name\":\"Offer Doktorvolt\",\"item\":\"https:\/\/doktorvolt.pl\/en\/offer-doktorvolt\/\"},{\"@type\":\"ListItem\",\"position\":3,\"name\":\"Ramka mocuj\u0105ca dla gniazd tablicowych 230V Doktorvolt 38x38mm DV-1370-230-RPP\"}]},{\"@type\":\"WebSite\",\"@id\":\"https:\/\/doktorvolt.pl\/de\/#website\",\"url\":\"https:\/\/doktorvolt.pl\/de\/\",\"name\":\"DOKTORVOLT\u00ae\",\"description\":\"Producent rozdzielnic budowlanych\",\"publisher\":{\"@id\":\"https:\/\/doktorvolt.pl\/de\/#organization\"},\"potentialAction\":[{\"@type\":\"SearchAction\",\"target\":{\"@type\":\"EntryPoint\",\"urlTemplate\":\"https:\/\/doktorvolt.pl\/de\/?s={search_term_string}\"},\"query-input\":{\"@type\":\"PropertyValueSpecification\",\"valueRequired\":true,\"valueName\":\"search_term_string\"}}],\"inLanguage\":\"en-US\"},{\"@type\":\"Organization\",\"@id\":\"https:\/\/doktorvolt.pl\/de\/#organization\",\"name\":\"DOKTORVOLT\u00ae\",\"url\":\"https:\/\/doktorvolt.pl\/de\/\",\"logo\":{\"@type\":\"ImageObject\",\"inLanguage\":\"en-US\",\"@id\":\"https:\/\/doktorvolt.pl\/de\/#\/schema\/logo\/image\/\",\"url\":\"https:\/\/doktorvolt.pl\/wp-content\/uploads\/2023\/10\/DoktorVOLT-black-png.png\",\"contentUrl\":\"https:\/\/doktorvolt.pl\/wp-content\/uploads\/2023\/10\/DoktorVOLT-black-png.png\",\"width\":729,\"height\":40,\"caption\":\"DOKTORVOLT\u00ae\"},\"image\":{\"@id\":\"https:\/\/doktorvolt.pl\/de\/#\/schema\/logo\/image\/\"}}]}<\/script>\n<!-- \/ Yoast SEO plugin. -->","yoast_head_json":{"title":"Ramka mocuj\u0105ca dla gniazd tablicowych 230V Doktorvolt 38x38mm DV-1370-230-RPP - DOKTORVOLT\u00ae","robots":{"index":"index","follow":"follow","max-snippet":"max-snippet:-1","max-image-preview":"max-image-preview:large","max-video-preview":"max-video-preview:-1"},"canonical":"https:\/\/doktorvolt.pl\/en\/oferta-doktorvolt\/accessories\/panel-mounted-sockets-and-portable-mobile-plugs\/ramka-mocujaca-dla-gniazd-tablicowych-230v-doktorvolt-38x38mm-dv-1370-230-rpp\/","og_locale":"en_US","og_type":"article","og_title":"Ramka mocuj\u0105ca dla gniazd tablicowych 230V Doktorvolt 38x38mm DV-1370-230-RPP - DOKTORVOLT\u00ae","og_description":"Ramka mocuj\u0105ca dla gniazd tablicowych 230V Doktorvolt 38x38mm","og_url":"https:\/\/doktorvolt.pl\/en\/oferta-doktorvolt\/accessories\/panel-mounted-sockets-and-portable-mobile-plugs\/ramka-mocujaca-dla-gniazd-tablicowych-230v-doktorvolt-38x38mm-dv-1370-230-rpp\/","og_site_name":"DOKTORVOLT\u00ae","og_image":[{"width":1600,"height":1600,"url":"https:\/\/doktorvolt.pl\/wp-content\/uploads\/2026\/02\/pol_pl_Ramka-mocujaca-dla-gniazd-tablicowych-230V-Doktorvolt-38x38mm-DV-1370-230-RPP-12785_1.jpg","type":"image\/jpeg"}],"twitter_card":"summary_large_image","schema":{"@context":"https:\/\/schema.org","@graph":[{"@type":"WebPage","@id":"https:\/\/doktorvolt.pl\/en\/oferta-doktorvolt\/accessories\/panel-mounted-sockets-and-portable-mobile-plugs\/ramka-mocujaca-dla-gniazd-tablicowych-230v-doktorvolt-38x38mm-dv-1370-230-rpp\/","url":"https:\/\/doktorvolt.pl\/en\/oferta-doktorvolt\/accessories\/panel-mounted-sockets-and-portable-mobile-plugs\/ramka-mocujaca-dla-gniazd-tablicowych-230v-doktorvolt-38x38mm-dv-1370-230-rpp\/","name":"Ramka mocuj\u0105ca dla gniazd tablicowych 230V Doktorvolt 38x38mm DV-1370-230-RPP - DOKTORVOLT\u00ae","isPartOf":{"@id":"https:\/\/doktorvolt.pl\/de\/#website"},"primaryImageOfPage":{"@id":"https:\/\/doktorvolt.pl\/en\/oferta-doktorvolt\/accessories\/panel-mounted-sockets-and-portable-mobile-plugs\/ramka-mocujaca-dla-gniazd-tablicowych-230v-doktorvolt-38x38mm-dv-1370-230-rpp\/#primaryimage"},"image":{"@id":"https:\/\/doktorvolt.pl\/en\/oferta-doktorvolt\/accessories\/panel-mounted-sockets-and-portable-mobile-plugs\/ramka-mocujaca-dla-gniazd-tablicowych-230v-doktorvolt-38x38mm-dv-1370-230-rpp\/#primaryimage"},"thumbnailUrl":"https:\/\/doktorvolt.pl\/wp-content\/uploads\/2026\/02\/pol_pl_Ramka-mocujaca-dla-gniazd-tablicowych-230V-Doktorvolt-38x38mm-DV-1370-230-RPP-12785_1.jpg","datePublished":"2026-02-23T13:46:09+00:00","breadcrumb":{"@id":"https:\/\/doktorvolt.pl\/en\/oferta-doktorvolt\/accessories\/panel-mounted-sockets-and-portable-mobile-plugs\/ramka-mocujaca-dla-gniazd-tablicowych-230v-doktorvolt-38x38mm-dv-1370-230-rpp\/#breadcrumb"},"inLanguage":"en-US","potentialAction":[{"@type":"ReadAction","target":["https:\/\/doktorvolt.pl\/en\/oferta-doktorvolt\/accessories\/panel-mounted-sockets-and-portable-mobile-plugs\/ramka-mocujaca-dla-gniazd-tablicowych-230v-doktorvolt-38x38mm-dv-1370-230-rpp\/"]}]},{"@type":"ImageObject","inLanguage":"en-US","@id":"https:\/\/doktorvolt.pl\/en\/oferta-doktorvolt\/accessories\/panel-mounted-sockets-and-portable-mobile-plugs\/ramka-mocujaca-dla-gniazd-tablicowych-230v-doktorvolt-38x38mm-dv-1370-230-rpp\/#primaryimage","url":"https:\/\/doktorvolt.pl\/wp-content\/uploads\/2026\/02\/pol_pl_Ramka-mocujaca-dla-gniazd-tablicowych-230V-Doktorvolt-38x38mm-DV-1370-230-RPP-12785_1.jpg","contentUrl":"https:\/\/doktorvolt.pl\/wp-content\/uploads\/2026\/02\/pol_pl_Ramka-mocujaca-dla-gniazd-tablicowych-230V-Doktorvolt-38x38mm-DV-1370-230-RPP-12785_1.jpg","width":1600,"height":1600},{"@type":"BreadcrumbList","@id":"https:\/\/doktorvolt.pl\/en\/oferta-doktorvolt\/accessories\/panel-mounted-sockets-and-portable-mobile-plugs\/ramka-mocujaca-dla-gniazd-tablicowych-230v-doktorvolt-38x38mm-dv-1370-230-rpp\/#breadcrumb","itemListElement":[{"@type":"ListItem","position":1,"name":"Strona g\u0142\u00f3wna","item":"https:\/\/doktorvolt.pl\/en\/"},{"@type":"ListItem","position":2,"name":"Offer Doktorvolt","item":"https:\/\/doktorvolt.pl\/en\/offer-doktorvolt\/"},{"@type":"ListItem","position":3,"name":"Ramka mocuj\u0105ca dla gniazd tablicowych 230V Doktorvolt 38x38mm DV-1370-230-RPP"}]},{"@type":"WebSite","@id":"https:\/\/doktorvolt.pl\/de\/#website","url":"https:\/\/doktorvolt.pl\/de\/","name":"DOKTORVOLT\u00ae","description":"Producent rozdzielnic budowlanych","publisher":{"@id":"https:\/\/doktorvolt.pl\/de\/#organization"},"potentialAction":[{"@type":"SearchAction","target":{"@type":"EntryPoint","urlTemplate":"https:\/\/doktorvolt.pl\/de\/?s={search_term_string}"},"query-input":{"@type":"PropertyValueSpecification","valueRequired":true,"valueName":"search_term_string"}}],"inLanguage":"en-US"},{"@type":"Organization","@id":"https:\/\/doktorvolt.pl\/de\/#organization","name":"DOKTORVOLT\u00ae","url":"https:\/\/doktorvolt.pl\/de\/","logo":{"@type":"ImageObject","inLanguage":"en-US","@id":"https:\/\/doktorvolt.pl\/de\/#\/schema\/logo\/image\/","url":"https:\/\/doktorvolt.pl\/wp-content\/uploads\/2023\/10\/DoktorVOLT-black-png.png","contentUrl":"https:\/\/doktorvolt.pl\/wp-content\/uploads\/2023\/10\/DoktorVOLT-black-png.png","width":729,"height":40,"caption":"DOKTORVOLT\u00ae"},"image":{"@id":"https:\/\/doktorvolt.pl\/de\/#\/schema\/logo\/image\/"}}]}},"_links":{"self":[{"href":"https:\/\/doktorvolt.pl\/en\/wp-json\/wp\/v2\/product\/110806","targetHints":{"allow":["GET"]}}],"collection":[{"href":"https:\/\/doktorvolt.pl\/en\/wp-json\/wp\/v2\/product"}],"about":[{"href":"https:\/\/doktorvolt.pl\/en\/wp-json\/wp\/v2\/types\/product"}],"wp:featuredmedia":[{"embeddable":true,"href":"https:\/\/doktorvolt.pl\/en\/wp-json\/wp\/v2\/media\/103997"}],"wp:attachment":[{"href":"https:\/\/doktorvolt.pl\/en\/wp-json\/wp\/v2\/media?parent=110806"}],"wp:term":[{"taxonomy":"product_brand","embeddable":true,"href":"https:\/\/doktorvolt.pl\/en\/wp-json\/wp\/v2\/product_brand?post=110806"},{"taxonomy":"product_cat","embeddable":true,"href":"https:\/\/doktorvolt.pl\/en\/wp-json\/wp\/v2\/product_cat?post=110806"},{"taxonomy":"product_tag","embeddable":true,"href":"https:\/\/doktorvolt.pl\/en\/wp-json\/wp\/v2\/product_tag?post=110806"}],"curies":[{"name":"wp","href":"https:\/\/api.w.org\/{rel}","templated":true}]}}