{"id":110829,"date":"2026-02-23T15:44:02","date_gmt":"2026-02-23T13:44:02","guid":{"rendered":"https:\/\/doktorvolt.pl\/sklep\/uncategorized\/podwojna-kieszen-kablowa-kkh-68-do-obudowy-hydra-68x-doktorvolt-1578\/"},"modified":"2026-02-23T15:44:02","modified_gmt":"2026-02-23T13:44:02","slug":"podwojna-kieszen-kablowa-kkh-68-do-obudowy-hydra-68x-doktorvolt-1578","status":"publish","type":"product","link":"https:\/\/doktorvolt.pl\/en\/oferta-doktorvolt\/distribution-boxes\/hydra-series\/hydra-cable-pockets\/podwojna-kieszen-kablowa-kkh-68-do-obudowy-hydra-68x-doktorvolt-1578\/","title":{"rendered":"Podw\u00f3jna Kiesze\u0144 kablowa KKH 68 do obudowy HYDRA 68x Doktorvolt 1578"},"content":{"rendered":"<p><!-- aukcja by Wlodi --><\/p>\n<h1 style=\"text-align: center;\"><span style=\"color: #000000;\">Podw\u00f3jna Kiesze\u0144 kablowa KKH 68 do obudowy HYDRA 68x<\/span><br \/><span style=\"color: #000000;\">609\u00a0x\u00a0541 x 320 mm<\/span><\/h1>\n<\/p>\n<p style=\"text-align: justify; font-size: 13pt;\"><span style=\"color: #000000;\">Kiesze\u0144 kablowa dedykowana do obudowy HYDRA\u00a0686 i HYDRA T 685. Pozwala na elastyczne przeprowadzenie przewod\u00f3w zainstalowanych w obudowie. Wykonana z poliestru, odporna na dzia\u0142anie warunk\u00f3w atmosferycznych i chemikali\u00f3w.<\/span><\/p>\n<p style=\"text-align: justify; font-size: 13pt;\">\n<table class=\"center\" style=\"background-color: #f5f5f5; margin-left: auto; margin-right: auto; width: 631px; height: 464px; border: 1px solid #ffffff;\" align=\"center\">\n<tbody>\n<tr>\n<td style=\"text-align: right; padding: 15px; height: 25px;\" valign=\"middle\" align=\"right\"><span style=\"font-family: verdana, geneva; color: #000000;\"><span style=\"font-size: 16px;\">zastosowanie<\/span><\/span><\/td>\n<td style=\"background-color: #ffffff; text-align: center;\">\n<p><span style=\"font-family: verdana, geneva; color: #000000;\"><span style=\"font-size: 16px;\">prowadzenie przewod\u00f3w do obudowy<\/span><\/span><\/p>\n<\/td>\n<\/tr>\n<tr>\n<td style=\"text-align: right; padding: 15px; height: 25px;\" valign=\"middle\" align=\"right\"><span style=\"font-family: verdana, geneva; color: #000000;\"><span style=\"font-size: 16px;\">wymiary<\/span><\/span><\/td>\n<td style=\"background-color: #ffffff; text-align: center;\">\n<p><span style=\"font-size: 16px; color: #000000;\">609 x 541 x 320 mm<\/span><\/p>\n<\/td>\n<\/tr>\n<tr>\n<td style=\"text-align: right; padding: 15px; height: 25px;\" valign=\"middle\" align=\"right\"><span style=\"font-family: verdana, geneva; color: #000000;\"><span style=\"font-size: 16px;\">materia\u0142 wykonania<\/span><\/span><\/td>\n<td style=\"background-color: #ffffff; text-align: center;\">\n<p><span style=\"font-size: 16px; color: #000000;\">poliester<\/span><\/p>\n<\/td>\n<\/tr>\n<tr>\n<td style=\"text-align: right; padding: 15px; height: 25px;\" valign=\"middle\" align=\"right\"><span style=\"font-family: verdana, geneva; color: #000000;\"><span style=\"font-size: 16px;\">temperatura eksploatacji<\/span><\/span><\/td>\n<td style=\"background-color: #ffffff; text-align: center;\">\n<p><span style=\"font-size: 16px; color: #000000;\">&#8211; 50 \u00f7 85 \u00b0C<\/span><\/p>\n<\/td>\n<\/tr>\n<tr>\n<td style=\"text-align: right; padding: 15px; height: 25px;\" valign=\"middle\" align=\"right\"><span style=\"font-family: verdana, geneva; color: #000000;\"><span style=\"font-size: 16px;\">stopie\u0144 ochrony<\/span><\/span><\/td>\n<td style=\"background-color: #ffffff; text-align: center;\">\n<p><span style=\"font-size: 16px; color: #000000;\">zale\u017cny od domontowanej obudowy<\/span><\/p>\n<\/td>\n<\/tr>\n<tr>\n<td style=\"text-align: right; padding: 15px; height: 25px;\" valign=\"middle\" align=\"right\"><span style=\"font-family: verdana, geneva; color: #000000;\"><span style=\"font-size: 16px;\">kategoria palno\u015bci<\/span><\/span><\/td>\n<td style=\"background-color: #ffffff; text-align: center;\">\n<p><span style=\"font-size: 16px; color: #000000;\">V0<\/span><\/p>\n<\/td>\n<\/tr>\n<tr>\n<td style=\"text-align: right; padding: 15px; height: 25px;\" valign=\"middle\" align=\"right\"><span style=\"font-family: verdana, geneva; color: #000000;\"><span style=\"font-size: 16px;\">klasa ochronno\u015bci<\/span><\/span><\/td>\n<td style=\"background-color: #ffffff; text-align: center;\">\n<p><span style=\"font-size: 16px; color: #000000;\">II<\/span><\/p>\n<\/td>\n<\/tr>\n<tr>\n<td style=\"text-align: right; padding: 15px; height: 25px;\" valign=\"middle\" align=\"right\"><span style=\"font-family: verdana, geneva; color: #000000;\"><span style=\"font-size: 16px;\">odporno\u015b\u0107 na uderzenia<\/span><\/span><\/td>\n<td style=\"background-color: #ffffff; text-align: center;\">\n<p><span style=\"font-size: 16px; color: #000000;\">IK10<\/span><\/p>\n<\/td>\n<\/tr>\n<tr>\n<td style=\"text-align: right; padding: 15px; height: 25px;\" valign=\"middle\" align=\"right\"><span style=\"font-family: verdana, geneva; color: #000000;\"><span style=\"font-size: 16px;\">odporna na korozj\u0119 wobec oddzia\u0142ywania substancji chemicznych i rozpuszczalnik\u00f3w<\/span><\/span><\/td>\n<td style=\"background-color: #ffffff; text-align: center;\">\n<p><span style=\"font-size: 16px; color: #000000;\">tak<\/span><\/p>\n<\/td>\n<\/tr>\n<tr>\n<td style=\"text-align: right; padding: 15px; height: 25px;\" valign=\"middle\" align=\"right\"><span style=\"font-family: verdana, geneva; color: #000000;\"><span style=\"font-size: 16px;\">bezhalogenowy materia\u0142 obudowy<\/span><\/span><\/td>\n<td style=\"background-color: #ffffff; text-align: center;\">\n<p><span style=\"font-size: 16px; color: #000000;\">tak<\/span><\/p>\n<\/td>\n<\/tr>\n<tr>\n<td style=\"text-align: right; padding: 15px; height: 25px;\" valign=\"middle\" align=\"right\"><span style=\"font-family: verdana, geneva; color: #000000;\"><span style=\"font-size: 16px;\">odporno\u015b\u0107 na dzia\u0142anie warunk\u00f3w atmosferycznych UV<\/span><\/span><\/td>\n<td style=\"background-color: #ffffff; text-align: center;\">\n<p><span style=\"font-size: 16px; color: #000000;\">tak<\/span><\/p>\n<\/td>\n<\/tr>\n<tr>\n<td style=\"text-align: right; padding: 15px; height: 25px;\" valign=\"middle\" align=\"right\"><span style=\"font-size: 12pt; color: #000000;\"><span style=\"font-family: verdana, geneva;\">producent <br \/><\/span><\/span><\/td>\n<td style=\"background-color: #ffffff; text-align: center; width: 200px;\"><span style=\"font-family: verdana, geneva; color: #000000;\"><span style=\"font-size: 16px;\">Doktorvolt<\/span><\/span><\/td>\n<\/tr>\n<tr>\n<td style=\"text-align: right; padding: 15px; height: 25px;\" valign=\"middle\" align=\"right\"><span style=\"font-size: 12pt; color: #000000;\"><span style=\"font-family: verdana, geneva;\">oznaczenie producenta<\/span><\/span><\/td>\n<td style=\"background-color: #ffffff; text-align: center;\"><span style=\"font-family: verdana, geneva; color: #000000;\"><span style=\"font-size: 16px;\">DV-1578-KKH 68-2<\/span><\/span><\/td>\n<\/tr>\n<tr>\n<td style=\"text-align: right; padding: 15px; height: 25px;\" valign=\"middle\" align=\"right\"><span style=\"font-size: 12pt; color: #000000;\"><span style=\"font-family: verdana, geneva;\">EAN<\/span><\/span><\/td>\n<td style=\"background-color: #ffffff; text-align: center;\"><span style=\"font-family: verdana, geneva; color: #000000;\"><span style=\"font-size: 16px;\">5907589331578<\/span><\/span><\/td>\n<\/tr>\n<\/tbody>\n<\/table>\n","protected":false},"excerpt":{"rendered":"<p>Podw\u00f3jna Kiesze\u0144 kablowa KKH 68 do obudowy HYDRA 68x Doktorvolt 1578<\/p>\n","protected":false},"featured_media":103686,"template":"","meta":[],"product_brand":[],"product_cat":[5223],"product_tag":[],"class_list":{"0":"post-110829","1":"product","2":"type-product","3":"status-publish","4":"has-post-thumbnail","6":"product_cat-hydra-cable-pockets","8":"first","9":"instock","10":"shipping-taxable","11":"product-type-external"},"yoast_head":"<!-- This site is optimized with the Yoast SEO plugin v27.0 - https:\/\/yoast.com\/product\/yoast-seo-wordpress\/ -->\n<title>Podw\u00f3jna Kiesze\u0144 kablowa KKH 68 do obudowy HYDRA 68x Doktorvolt 1578 - DOKTORVOLT\u00ae<\/title>\n<meta name=\"robots\" content=\"index, follow, max-snippet:-1, max-image-preview:large, max-video-preview:-1\" \/>\n<link rel=\"canonical\" href=\"https:\/\/doktorvolt.pl\/en\/oferta-doktorvolt\/distribution-boxes\/hydra-series\/hydra-cable-pockets\/podwojna-kieszen-kablowa-kkh-68-do-obudowy-hydra-68x-doktorvolt-1578\/\" \/>\n<meta property=\"og:locale\" content=\"en_US\" \/>\n<meta property=\"og:type\" content=\"article\" \/>\n<meta property=\"og:title\" content=\"Podw\u00f3jna Kiesze\u0144 kablowa KKH 68 do obudowy HYDRA 68x Doktorvolt 1578 - DOKTORVOLT\u00ae\" \/>\n<meta property=\"og:description\" content=\"Podw\u00f3jna Kiesze\u0144 kablowa KKH 68 do obudowy HYDRA 68x Doktorvolt 1578\" \/>\n<meta property=\"og:url\" content=\"https:\/\/doktorvolt.pl\/en\/oferta-doktorvolt\/distribution-boxes\/hydra-series\/hydra-cable-pockets\/podwojna-kieszen-kablowa-kkh-68-do-obudowy-hydra-68x-doktorvolt-1578\/\" \/>\n<meta property=\"og:site_name\" content=\"DOKTORVOLT\u00ae\" \/>\n<meta property=\"og:image\" content=\"https:\/\/doktorvolt.pl\/wp-content\/uploads\/2026\/02\/pol_pl_12664-12664_1.jpg\" \/>\n\t<meta property=\"og:image:width\" content=\"1000\" \/>\n\t<meta property=\"og:image:height\" content=\"1000\" \/>\n\t<meta property=\"og:image:type\" content=\"image\/jpeg\" \/>\n<meta name=\"twitter:card\" content=\"summary_large_image\" \/>\n<meta name=\"twitter:label1\" content=\"Est. reading time\" \/>\n\t<meta name=\"twitter:data1\" content=\"1 minute\" \/>\n<script type=\"application\/ld+json\" class=\"yoast-schema-graph\">{\"@context\":\"https:\/\/schema.org\",\"@graph\":[{\"@type\":\"WebPage\",\"@id\":\"https:\/\/doktorvolt.pl\/en\/oferta-doktorvolt\/distribution-boxes\/hydra-series\/hydra-cable-pockets\/podwojna-kieszen-kablowa-kkh-68-do-obudowy-hydra-68x-doktorvolt-1578\/\",\"url\":\"https:\/\/doktorvolt.pl\/en\/oferta-doktorvolt\/distribution-boxes\/hydra-series\/hydra-cable-pockets\/podwojna-kieszen-kablowa-kkh-68-do-obudowy-hydra-68x-doktorvolt-1578\/\",\"name\":\"Podw\u00f3jna Kiesze\u0144 kablowa KKH 68 do obudowy HYDRA 68x Doktorvolt 1578 - DOKTORVOLT\u00ae\",\"isPartOf\":{\"@id\":\"https:\/\/doktorvolt.pl\/de\/#website\"},\"primaryImageOfPage\":{\"@id\":\"https:\/\/doktorvolt.pl\/en\/oferta-doktorvolt\/distribution-boxes\/hydra-series\/hydra-cable-pockets\/podwojna-kieszen-kablowa-kkh-68-do-obudowy-hydra-68x-doktorvolt-1578\/#primaryimage\"},\"image\":{\"@id\":\"https:\/\/doktorvolt.pl\/en\/oferta-doktorvolt\/distribution-boxes\/hydra-series\/hydra-cable-pockets\/podwojna-kieszen-kablowa-kkh-68-do-obudowy-hydra-68x-doktorvolt-1578\/#primaryimage\"},\"thumbnailUrl\":\"https:\/\/doktorvolt.pl\/wp-content\/uploads\/2026\/02\/pol_pl_12664-12664_1.jpg\",\"datePublished\":\"2026-02-23T13:44:02+00:00\",\"breadcrumb\":{\"@id\":\"https:\/\/doktorvolt.pl\/en\/oferta-doktorvolt\/distribution-boxes\/hydra-series\/hydra-cable-pockets\/podwojna-kieszen-kablowa-kkh-68-do-obudowy-hydra-68x-doktorvolt-1578\/#breadcrumb\"},\"inLanguage\":\"en-US\",\"potentialAction\":[{\"@type\":\"ReadAction\",\"target\":[\"https:\/\/doktorvolt.pl\/en\/oferta-doktorvolt\/distribution-boxes\/hydra-series\/hydra-cable-pockets\/podwojna-kieszen-kablowa-kkh-68-do-obudowy-hydra-68x-doktorvolt-1578\/\"]}]},{\"@type\":\"ImageObject\",\"inLanguage\":\"en-US\",\"@id\":\"https:\/\/doktorvolt.pl\/en\/oferta-doktorvolt\/distribution-boxes\/hydra-series\/hydra-cable-pockets\/podwojna-kieszen-kablowa-kkh-68-do-obudowy-hydra-68x-doktorvolt-1578\/#primaryimage\",\"url\":\"https:\/\/doktorvolt.pl\/wp-content\/uploads\/2026\/02\/pol_pl_12664-12664_1.jpg\",\"contentUrl\":\"https:\/\/doktorvolt.pl\/wp-content\/uploads\/2026\/02\/pol_pl_12664-12664_1.jpg\",\"width\":1000,\"height\":1000},{\"@type\":\"BreadcrumbList\",\"@id\":\"https:\/\/doktorvolt.pl\/en\/oferta-doktorvolt\/distribution-boxes\/hydra-series\/hydra-cable-pockets\/podwojna-kieszen-kablowa-kkh-68-do-obudowy-hydra-68x-doktorvolt-1578\/#breadcrumb\",\"itemListElement\":[{\"@type\":\"ListItem\",\"position\":1,\"name\":\"Strona g\u0142\u00f3wna\",\"item\":\"https:\/\/doktorvolt.pl\/en\/\"},{\"@type\":\"ListItem\",\"position\":2,\"name\":\"Offer Doktorvolt\",\"item\":\"https:\/\/doktorvolt.pl\/en\/offer-doktorvolt\/\"},{\"@type\":\"ListItem\",\"position\":3,\"name\":\"Podw\u00f3jna Kiesze\u0144 kablowa KKH 68 do obudowy HYDRA 68x Doktorvolt 1578\"}]},{\"@type\":\"WebSite\",\"@id\":\"https:\/\/doktorvolt.pl\/de\/#website\",\"url\":\"https:\/\/doktorvolt.pl\/de\/\",\"name\":\"DOKTORVOLT\u00ae\",\"description\":\"Producent rozdzielnic budowlanych\",\"publisher\":{\"@id\":\"https:\/\/doktorvolt.pl\/de\/#organization\"},\"potentialAction\":[{\"@type\":\"SearchAction\",\"target\":{\"@type\":\"EntryPoint\",\"urlTemplate\":\"https:\/\/doktorvolt.pl\/de\/?s={search_term_string}\"},\"query-input\":{\"@type\":\"PropertyValueSpecification\",\"valueRequired\":true,\"valueName\":\"search_term_string\"}}],\"inLanguage\":\"en-US\"},{\"@type\":\"Organization\",\"@id\":\"https:\/\/doktorvolt.pl\/de\/#organization\",\"name\":\"DOKTORVOLT\u00ae\",\"url\":\"https:\/\/doktorvolt.pl\/de\/\",\"logo\":{\"@type\":\"ImageObject\",\"inLanguage\":\"en-US\",\"@id\":\"https:\/\/doktorvolt.pl\/de\/#\/schema\/logo\/image\/\",\"url\":\"https:\/\/doktorvolt.pl\/wp-content\/uploads\/2023\/10\/DoktorVOLT-black-png.png\",\"contentUrl\":\"https:\/\/doktorvolt.pl\/wp-content\/uploads\/2023\/10\/DoktorVOLT-black-png.png\",\"width\":729,\"height\":40,\"caption\":\"DOKTORVOLT\u00ae\"},\"image\":{\"@id\":\"https:\/\/doktorvolt.pl\/de\/#\/schema\/logo\/image\/\"}}]}<\/script>\n<!-- \/ Yoast SEO plugin. -->","yoast_head_json":{"title":"Podw\u00f3jna Kiesze\u0144 kablowa KKH 68 do obudowy HYDRA 68x Doktorvolt 1578 - DOKTORVOLT\u00ae","robots":{"index":"index","follow":"follow","max-snippet":"max-snippet:-1","max-image-preview":"max-image-preview:large","max-video-preview":"max-video-preview:-1"},"canonical":"https:\/\/doktorvolt.pl\/en\/oferta-doktorvolt\/distribution-boxes\/hydra-series\/hydra-cable-pockets\/podwojna-kieszen-kablowa-kkh-68-do-obudowy-hydra-68x-doktorvolt-1578\/","og_locale":"en_US","og_type":"article","og_title":"Podw\u00f3jna Kiesze\u0144 kablowa KKH 68 do obudowy HYDRA 68x Doktorvolt 1578 - DOKTORVOLT\u00ae","og_description":"Podw\u00f3jna Kiesze\u0144 kablowa KKH 68 do obudowy HYDRA 68x Doktorvolt 1578","og_url":"https:\/\/doktorvolt.pl\/en\/oferta-doktorvolt\/distribution-boxes\/hydra-series\/hydra-cable-pockets\/podwojna-kieszen-kablowa-kkh-68-do-obudowy-hydra-68x-doktorvolt-1578\/","og_site_name":"DOKTORVOLT\u00ae","og_image":[{"width":1000,"height":1000,"url":"https:\/\/doktorvolt.pl\/wp-content\/uploads\/2026\/02\/pol_pl_12664-12664_1.jpg","type":"image\/jpeg"}],"twitter_card":"summary_large_image","twitter_misc":{"Est. reading time":"1 minute"},"schema":{"@context":"https:\/\/schema.org","@graph":[{"@type":"WebPage","@id":"https:\/\/doktorvolt.pl\/en\/oferta-doktorvolt\/distribution-boxes\/hydra-series\/hydra-cable-pockets\/podwojna-kieszen-kablowa-kkh-68-do-obudowy-hydra-68x-doktorvolt-1578\/","url":"https:\/\/doktorvolt.pl\/en\/oferta-doktorvolt\/distribution-boxes\/hydra-series\/hydra-cable-pockets\/podwojna-kieszen-kablowa-kkh-68-do-obudowy-hydra-68x-doktorvolt-1578\/","name":"Podw\u00f3jna Kiesze\u0144 kablowa KKH 68 do obudowy HYDRA 68x Doktorvolt 1578 - DOKTORVOLT\u00ae","isPartOf":{"@id":"https:\/\/doktorvolt.pl\/de\/#website"},"primaryImageOfPage":{"@id":"https:\/\/doktorvolt.pl\/en\/oferta-doktorvolt\/distribution-boxes\/hydra-series\/hydra-cable-pockets\/podwojna-kieszen-kablowa-kkh-68-do-obudowy-hydra-68x-doktorvolt-1578\/#primaryimage"},"image":{"@id":"https:\/\/doktorvolt.pl\/en\/oferta-doktorvolt\/distribution-boxes\/hydra-series\/hydra-cable-pockets\/podwojna-kieszen-kablowa-kkh-68-do-obudowy-hydra-68x-doktorvolt-1578\/#primaryimage"},"thumbnailUrl":"https:\/\/doktorvolt.pl\/wp-content\/uploads\/2026\/02\/pol_pl_12664-12664_1.jpg","datePublished":"2026-02-23T13:44:02+00:00","breadcrumb":{"@id":"https:\/\/doktorvolt.pl\/en\/oferta-doktorvolt\/distribution-boxes\/hydra-series\/hydra-cable-pockets\/podwojna-kieszen-kablowa-kkh-68-do-obudowy-hydra-68x-doktorvolt-1578\/#breadcrumb"},"inLanguage":"en-US","potentialAction":[{"@type":"ReadAction","target":["https:\/\/doktorvolt.pl\/en\/oferta-doktorvolt\/distribution-boxes\/hydra-series\/hydra-cable-pockets\/podwojna-kieszen-kablowa-kkh-68-do-obudowy-hydra-68x-doktorvolt-1578\/"]}]},{"@type":"ImageObject","inLanguage":"en-US","@id":"https:\/\/doktorvolt.pl\/en\/oferta-doktorvolt\/distribution-boxes\/hydra-series\/hydra-cable-pockets\/podwojna-kieszen-kablowa-kkh-68-do-obudowy-hydra-68x-doktorvolt-1578\/#primaryimage","url":"https:\/\/doktorvolt.pl\/wp-content\/uploads\/2026\/02\/pol_pl_12664-12664_1.jpg","contentUrl":"https:\/\/doktorvolt.pl\/wp-content\/uploads\/2026\/02\/pol_pl_12664-12664_1.jpg","width":1000,"height":1000},{"@type":"BreadcrumbList","@id":"https:\/\/doktorvolt.pl\/en\/oferta-doktorvolt\/distribution-boxes\/hydra-series\/hydra-cable-pockets\/podwojna-kieszen-kablowa-kkh-68-do-obudowy-hydra-68x-doktorvolt-1578\/#breadcrumb","itemListElement":[{"@type":"ListItem","position":1,"name":"Strona g\u0142\u00f3wna","item":"https:\/\/doktorvolt.pl\/en\/"},{"@type":"ListItem","position":2,"name":"Offer Doktorvolt","item":"https:\/\/doktorvolt.pl\/en\/offer-doktorvolt\/"},{"@type":"ListItem","position":3,"name":"Podw\u00f3jna Kiesze\u0144 kablowa KKH 68 do obudowy HYDRA 68x Doktorvolt 1578"}]},{"@type":"WebSite","@id":"https:\/\/doktorvolt.pl\/de\/#website","url":"https:\/\/doktorvolt.pl\/de\/","name":"DOKTORVOLT\u00ae","description":"Producent rozdzielnic budowlanych","publisher":{"@id":"https:\/\/doktorvolt.pl\/de\/#organization"},"potentialAction":[{"@type":"SearchAction","target":{"@type":"EntryPoint","urlTemplate":"https:\/\/doktorvolt.pl\/de\/?s={search_term_string}"},"query-input":{"@type":"PropertyValueSpecification","valueRequired":true,"valueName":"search_term_string"}}],"inLanguage":"en-US"},{"@type":"Organization","@id":"https:\/\/doktorvolt.pl\/de\/#organization","name":"DOKTORVOLT\u00ae","url":"https:\/\/doktorvolt.pl\/de\/","logo":{"@type":"ImageObject","inLanguage":"en-US","@id":"https:\/\/doktorvolt.pl\/de\/#\/schema\/logo\/image\/","url":"https:\/\/doktorvolt.pl\/wp-content\/uploads\/2023\/10\/DoktorVOLT-black-png.png","contentUrl":"https:\/\/doktorvolt.pl\/wp-content\/uploads\/2023\/10\/DoktorVOLT-black-png.png","width":729,"height":40,"caption":"DOKTORVOLT\u00ae"},"image":{"@id":"https:\/\/doktorvolt.pl\/de\/#\/schema\/logo\/image\/"}}]}},"_links":{"self":[{"href":"https:\/\/doktorvolt.pl\/en\/wp-json\/wp\/v2\/product\/110829","targetHints":{"allow":["GET"]}}],"collection":[{"href":"https:\/\/doktorvolt.pl\/en\/wp-json\/wp\/v2\/product"}],"about":[{"href":"https:\/\/doktorvolt.pl\/en\/wp-json\/wp\/v2\/types\/product"}],"wp:featuredmedia":[{"embeddable":true,"href":"https:\/\/doktorvolt.pl\/en\/wp-json\/wp\/v2\/media\/103686"}],"wp:attachment":[{"href":"https:\/\/doktorvolt.pl\/en\/wp-json\/wp\/v2\/media?parent=110829"}],"wp:term":[{"taxonomy":"product_brand","embeddable":true,"href":"https:\/\/doktorvolt.pl\/en\/wp-json\/wp\/v2\/product_brand?post=110829"},{"taxonomy":"product_cat","embeddable":true,"href":"https:\/\/doktorvolt.pl\/en\/wp-json\/wp\/v2\/product_cat?post=110829"},{"taxonomy":"product_tag","embeddable":true,"href":"https:\/\/doktorvolt.pl\/en\/wp-json\/wp\/v2\/product_tag?post=110829"}],"curies":[{"name":"wp","href":"https:\/\/api.w.org\/{rel}","templated":true}]}}