{"id":110834,"date":"2026-02-23T15:43:21","date_gmt":"2026-02-23T13:43:21","guid":{"rendered":"https:\/\/doktorvolt.pl\/sklep\/uncategorized\/pokrowiec-na-kabel-do-ladowania-samochodu-elektrycznego-9659\/"},"modified":"2026-02-23T15:43:21","modified_gmt":"2026-02-23T13:43:21","slug":"pokrowiec-na-kabel-do-ladowania-samochodu-elektrycznego-9659","status":"publish","type":"product","link":"https:\/\/doktorvolt.pl\/en\/oferta-doktorvolt\/automotive\/pokrowiec-na-kabel-do-ladowania-samochodu-elektrycznego-9659\/","title":{"rendered":"Pokrowiec na kabel do \u0142adowania samochodu elektrycznego 9659"},"content":{"rendered":"<h1 style=\"text-align:center;\"><span style=\"color:#000000;\">Pokrowiec na kabel do \u0142adowania samochodu elektrycznego<br \/><\/span><\/h1>\n<\/p>\n<p style=\"font-family:verdana, geneva;font-size:12pt;text-align:center;\"><span style=\"color:#000000;\">&#x2b50;&#x2b50;&#x2b50;&#x2b50;&#x2b50;<\/span><\/p>\n<\/p>\n<p style=\"text-align:justify;\"><span style=\"font-family:verdana, geneva;font-size:12pt;color:#000000;\">&#x27a1;&#xfe0f; Wytrzyma\u0142a<strong> torba\/pokrowiec na kabel do \u0142adowania samochodu<\/strong> elektrycznego. Pokrowiec zaprojektowany tak aby<strong> pomie\u015bci\u0107 ka\u017cdy typ kabla.<\/strong> Pozwala na utrzymanie kabla \u0142aduj\u0105cego w<strong> czysto\u015bci chroni\u0105c go przed kurzem i wilgoci\u0105 <\/strong>oraz bezpiecznie go przechowywa\u0107. Dzi\u0119ki torbie unikniesz pl\u0105taniny kabli, a w Twoim baga\u017cniku, gara\u017cu lub domu zapanuje porz\u0105dek. Pokrowiec posiada<strong> antypo\u015blizgow\u0105 gumow\u0105 r\u0105cz\u0119 do przenoszenia oraz podw\u00f3jny zamek b\u0142yskawiczny<\/strong>.<br \/><\/span><\/p>\n<p style=\"text-align:center;\">\n<p style=\"text-align:center;\"><img decoding=\"async\" src=\"https:\/\/preis-zone.pl\/img\/cms\/DSC06730.JPG\" alt=\"\" width=\"517\" height=\"517\"><\/p>\n<p style=\"text-align:center;\">\n<p style=\"text-align:justify;\"><strong><span style=\"font-family:verdana, geneva;font-size:12pt;color:#000000;\">&#x27a1;&#xfe0f; Cechy produktu:<\/span><\/strong><\/p>\n<p style=\"text-align:justify;\"><span style=\"font-family:verdana, geneva;font-size:12pt;color:#000000;\">&#x2714;&#xfe0f; kszta\u0142t: <strong>okr\u0105g\u0142a<\/strong>, <br \/><\/span><\/p>\n<p style=\"text-align:justify;\"><span style=\"font-family:verdana, geneva;font-size:12pt;color:#000000;\">&#x2714;&#xfe0f; kolor: <strong>czarny<\/strong>, <br \/><\/span><\/p>\n<p style=\"text-align:justify;\"><span style=\"font-family:verdana, geneva;font-size:12pt;color:#000000;\">&#x2714;&#xfe0f; materia\u0142: <strong>tkanina Oxford<\/strong>,<br \/><\/span><\/p>\n<p style=\"text-align:justify;\"><span style=\"font-family:verdana, geneva;font-size:12pt;color:#000000;\">&#x2714;&#xfe0f; wymiary: <strong>36 x 36 x 9,5cm<\/strong>,<br \/><\/span><\/p>\n<p style=\"text-align:justify;\"><span style=\"font-family:verdana, geneva;font-size:12pt;color:#000000;\">&#x2714;&#xfe0f; <strong>antypo\u015blizgowy<\/strong> uchwyt,<br \/><\/span><\/p>\n<p style=\"text-align:justify;\"><span style=\"font-family:verdana, geneva;font-size:12pt;color:#000000;\">&#x2714;&#xfe0f; <strong>podw\u00f3jny zamek<\/strong> b\u0142yskawiczny.<br \/><\/span><\/p>\n<p style=\"text-align:justify;\">\n<p style=\"text-align:justify;\"><\/p>\n","protected":false},"excerpt":{"rendered":"","protected":false},"featured_media":103601,"template":"","meta":[],"product_brand":[],"product_cat":[5086],"product_tag":[],"class_list":{"0":"post-110834","1":"product","2":"type-product","3":"status-publish","4":"has-post-thumbnail","6":"product_cat-automotive","7":"pa_kolor-czarny","8":"pa_material-oxford-fabric","9":"pa_wymiary-36-x-36-x-9","10":"pa_wymiary-5cm","12":"first","13":"instock","14":"shipping-taxable","15":"product-type-external"},"yoast_head":"<!-- This site is optimized with the Yoast SEO plugin v27.0 - https:\/\/yoast.com\/product\/yoast-seo-wordpress\/ -->\n<title>Pokrowiec na kabel do \u0142adowania samochodu elektrycznego 9659 - DOKTORVOLT\u00ae<\/title>\n<meta name=\"robots\" content=\"index, follow, max-snippet:-1, max-image-preview:large, max-video-preview:-1\" \/>\n<link rel=\"canonical\" href=\"https:\/\/doktorvolt.pl\/en\/oferta-doktorvolt\/automotive\/pokrowiec-na-kabel-do-ladowania-samochodu-elektrycznego-9659\/\" \/>\n<meta property=\"og:locale\" content=\"en_US\" \/>\n<meta property=\"og:type\" content=\"article\" \/>\n<meta property=\"og:title\" content=\"Pokrowiec na kabel do \u0142adowania samochodu elektrycznego 9659 - DOKTORVOLT\u00ae\" \/>\n<meta property=\"og:url\" content=\"https:\/\/doktorvolt.pl\/en\/oferta-doktorvolt\/automotive\/pokrowiec-na-kabel-do-ladowania-samochodu-elektrycznego-9659\/\" \/>\n<meta property=\"og:site_name\" content=\"DOKTORVOLT\u00ae\" \/>\n<meta property=\"og:image\" content=\"https:\/\/doktorvolt.pl\/wp-content\/uploads\/2026\/02\/pol_pl_16310-16310_1.jpg\" \/>\n\t<meta property=\"og:image:width\" content=\"1000\" \/>\n\t<meta property=\"og:image:height\" content=\"1000\" \/>\n\t<meta property=\"og:image:type\" content=\"image\/jpeg\" \/>\n<meta name=\"twitter:card\" content=\"summary_large_image\" \/>\n<meta name=\"twitter:label1\" content=\"Est. reading time\" \/>\n\t<meta name=\"twitter:data1\" content=\"1 minute\" \/>\n<script type=\"application\/ld+json\" class=\"yoast-schema-graph\">{\"@context\":\"https:\/\/schema.org\",\"@graph\":[{\"@type\":\"WebPage\",\"@id\":\"https:\/\/doktorvolt.pl\/en\/oferta-doktorvolt\/automotive\/pokrowiec-na-kabel-do-ladowania-samochodu-elektrycznego-9659\/\",\"url\":\"https:\/\/doktorvolt.pl\/en\/oferta-doktorvolt\/automotive\/pokrowiec-na-kabel-do-ladowania-samochodu-elektrycznego-9659\/\",\"name\":\"Pokrowiec na kabel do \u0142adowania samochodu elektrycznego 9659 - DOKTORVOLT\u00ae\",\"isPartOf\":{\"@id\":\"https:\/\/doktorvolt.pl\/de\/#website\"},\"primaryImageOfPage\":{\"@id\":\"https:\/\/doktorvolt.pl\/en\/oferta-doktorvolt\/automotive\/pokrowiec-na-kabel-do-ladowania-samochodu-elektrycznego-9659\/#primaryimage\"},\"image\":{\"@id\":\"https:\/\/doktorvolt.pl\/en\/oferta-doktorvolt\/automotive\/pokrowiec-na-kabel-do-ladowania-samochodu-elektrycznego-9659\/#primaryimage\"},\"thumbnailUrl\":\"https:\/\/doktorvolt.pl\/wp-content\/uploads\/2026\/02\/pol_pl_16310-16310_1.jpg\",\"datePublished\":\"2026-02-23T13:43:21+00:00\",\"breadcrumb\":{\"@id\":\"https:\/\/doktorvolt.pl\/en\/oferta-doktorvolt\/automotive\/pokrowiec-na-kabel-do-ladowania-samochodu-elektrycznego-9659\/#breadcrumb\"},\"inLanguage\":\"en-US\",\"potentialAction\":[{\"@type\":\"ReadAction\",\"target\":[\"https:\/\/doktorvolt.pl\/en\/oferta-doktorvolt\/automotive\/pokrowiec-na-kabel-do-ladowania-samochodu-elektrycznego-9659\/\"]}]},{\"@type\":\"ImageObject\",\"inLanguage\":\"en-US\",\"@id\":\"https:\/\/doktorvolt.pl\/en\/oferta-doktorvolt\/automotive\/pokrowiec-na-kabel-do-ladowania-samochodu-elektrycznego-9659\/#primaryimage\",\"url\":\"https:\/\/doktorvolt.pl\/wp-content\/uploads\/2026\/02\/pol_pl_16310-16310_1.jpg\",\"contentUrl\":\"https:\/\/doktorvolt.pl\/wp-content\/uploads\/2026\/02\/pol_pl_16310-16310_1.jpg\",\"width\":1000,\"height\":1000},{\"@type\":\"BreadcrumbList\",\"@id\":\"https:\/\/doktorvolt.pl\/en\/oferta-doktorvolt\/automotive\/pokrowiec-na-kabel-do-ladowania-samochodu-elektrycznego-9659\/#breadcrumb\",\"itemListElement\":[{\"@type\":\"ListItem\",\"position\":1,\"name\":\"Strona g\u0142\u00f3wna\",\"item\":\"https:\/\/doktorvolt.pl\/en\/\"},{\"@type\":\"ListItem\",\"position\":2,\"name\":\"Offer Doktorvolt\",\"item\":\"https:\/\/doktorvolt.pl\/en\/offer-doktorvolt\/\"},{\"@type\":\"ListItem\",\"position\":3,\"name\":\"Pokrowiec na kabel do \u0142adowania samochodu elektrycznego 9659\"}]},{\"@type\":\"WebSite\",\"@id\":\"https:\/\/doktorvolt.pl\/de\/#website\",\"url\":\"https:\/\/doktorvolt.pl\/de\/\",\"name\":\"DOKTORVOLT\u00ae\",\"description\":\"Producent rozdzielnic budowlanych\",\"publisher\":{\"@id\":\"https:\/\/doktorvolt.pl\/de\/#organization\"},\"potentialAction\":[{\"@type\":\"SearchAction\",\"target\":{\"@type\":\"EntryPoint\",\"urlTemplate\":\"https:\/\/doktorvolt.pl\/de\/?s={search_term_string}\"},\"query-input\":{\"@type\":\"PropertyValueSpecification\",\"valueRequired\":true,\"valueName\":\"search_term_string\"}}],\"inLanguage\":\"en-US\"},{\"@type\":\"Organization\",\"@id\":\"https:\/\/doktorvolt.pl\/de\/#organization\",\"name\":\"DOKTORVOLT\u00ae\",\"url\":\"https:\/\/doktorvolt.pl\/de\/\",\"logo\":{\"@type\":\"ImageObject\",\"inLanguage\":\"en-US\",\"@id\":\"https:\/\/doktorvolt.pl\/de\/#\/schema\/logo\/image\/\",\"url\":\"https:\/\/doktorvolt.pl\/wp-content\/uploads\/2023\/10\/DoktorVOLT-black-png.png\",\"contentUrl\":\"https:\/\/doktorvolt.pl\/wp-content\/uploads\/2023\/10\/DoktorVOLT-black-png.png\",\"width\":729,\"height\":40,\"caption\":\"DOKTORVOLT\u00ae\"},\"image\":{\"@id\":\"https:\/\/doktorvolt.pl\/de\/#\/schema\/logo\/image\/\"}}]}<\/script>\n<!-- \/ Yoast SEO plugin. -->","yoast_head_json":{"title":"Pokrowiec na kabel do \u0142adowania samochodu elektrycznego 9659 - DOKTORVOLT\u00ae","robots":{"index":"index","follow":"follow","max-snippet":"max-snippet:-1","max-image-preview":"max-image-preview:large","max-video-preview":"max-video-preview:-1"},"canonical":"https:\/\/doktorvolt.pl\/en\/oferta-doktorvolt\/automotive\/pokrowiec-na-kabel-do-ladowania-samochodu-elektrycznego-9659\/","og_locale":"en_US","og_type":"article","og_title":"Pokrowiec na kabel do \u0142adowania samochodu elektrycznego 9659 - DOKTORVOLT\u00ae","og_url":"https:\/\/doktorvolt.pl\/en\/oferta-doktorvolt\/automotive\/pokrowiec-na-kabel-do-ladowania-samochodu-elektrycznego-9659\/","og_site_name":"DOKTORVOLT\u00ae","og_image":[{"width":1000,"height":1000,"url":"https:\/\/doktorvolt.pl\/wp-content\/uploads\/2026\/02\/pol_pl_16310-16310_1.jpg","type":"image\/jpeg"}],"twitter_card":"summary_large_image","twitter_misc":{"Est. reading time":"1 minute"},"schema":{"@context":"https:\/\/schema.org","@graph":[{"@type":"WebPage","@id":"https:\/\/doktorvolt.pl\/en\/oferta-doktorvolt\/automotive\/pokrowiec-na-kabel-do-ladowania-samochodu-elektrycznego-9659\/","url":"https:\/\/doktorvolt.pl\/en\/oferta-doktorvolt\/automotive\/pokrowiec-na-kabel-do-ladowania-samochodu-elektrycznego-9659\/","name":"Pokrowiec na kabel do \u0142adowania samochodu elektrycznego 9659 - DOKTORVOLT\u00ae","isPartOf":{"@id":"https:\/\/doktorvolt.pl\/de\/#website"},"primaryImageOfPage":{"@id":"https:\/\/doktorvolt.pl\/en\/oferta-doktorvolt\/automotive\/pokrowiec-na-kabel-do-ladowania-samochodu-elektrycznego-9659\/#primaryimage"},"image":{"@id":"https:\/\/doktorvolt.pl\/en\/oferta-doktorvolt\/automotive\/pokrowiec-na-kabel-do-ladowania-samochodu-elektrycznego-9659\/#primaryimage"},"thumbnailUrl":"https:\/\/doktorvolt.pl\/wp-content\/uploads\/2026\/02\/pol_pl_16310-16310_1.jpg","datePublished":"2026-02-23T13:43:21+00:00","breadcrumb":{"@id":"https:\/\/doktorvolt.pl\/en\/oferta-doktorvolt\/automotive\/pokrowiec-na-kabel-do-ladowania-samochodu-elektrycznego-9659\/#breadcrumb"},"inLanguage":"en-US","potentialAction":[{"@type":"ReadAction","target":["https:\/\/doktorvolt.pl\/en\/oferta-doktorvolt\/automotive\/pokrowiec-na-kabel-do-ladowania-samochodu-elektrycznego-9659\/"]}]},{"@type":"ImageObject","inLanguage":"en-US","@id":"https:\/\/doktorvolt.pl\/en\/oferta-doktorvolt\/automotive\/pokrowiec-na-kabel-do-ladowania-samochodu-elektrycznego-9659\/#primaryimage","url":"https:\/\/doktorvolt.pl\/wp-content\/uploads\/2026\/02\/pol_pl_16310-16310_1.jpg","contentUrl":"https:\/\/doktorvolt.pl\/wp-content\/uploads\/2026\/02\/pol_pl_16310-16310_1.jpg","width":1000,"height":1000},{"@type":"BreadcrumbList","@id":"https:\/\/doktorvolt.pl\/en\/oferta-doktorvolt\/automotive\/pokrowiec-na-kabel-do-ladowania-samochodu-elektrycznego-9659\/#breadcrumb","itemListElement":[{"@type":"ListItem","position":1,"name":"Strona g\u0142\u00f3wna","item":"https:\/\/doktorvolt.pl\/en\/"},{"@type":"ListItem","position":2,"name":"Offer Doktorvolt","item":"https:\/\/doktorvolt.pl\/en\/offer-doktorvolt\/"},{"@type":"ListItem","position":3,"name":"Pokrowiec na kabel do \u0142adowania samochodu elektrycznego 9659"}]},{"@type":"WebSite","@id":"https:\/\/doktorvolt.pl\/de\/#website","url":"https:\/\/doktorvolt.pl\/de\/","name":"DOKTORVOLT\u00ae","description":"Producent rozdzielnic budowlanych","publisher":{"@id":"https:\/\/doktorvolt.pl\/de\/#organization"},"potentialAction":[{"@type":"SearchAction","target":{"@type":"EntryPoint","urlTemplate":"https:\/\/doktorvolt.pl\/de\/?s={search_term_string}"},"query-input":{"@type":"PropertyValueSpecification","valueRequired":true,"valueName":"search_term_string"}}],"inLanguage":"en-US"},{"@type":"Organization","@id":"https:\/\/doktorvolt.pl\/de\/#organization","name":"DOKTORVOLT\u00ae","url":"https:\/\/doktorvolt.pl\/de\/","logo":{"@type":"ImageObject","inLanguage":"en-US","@id":"https:\/\/doktorvolt.pl\/de\/#\/schema\/logo\/image\/","url":"https:\/\/doktorvolt.pl\/wp-content\/uploads\/2023\/10\/DoktorVOLT-black-png.png","contentUrl":"https:\/\/doktorvolt.pl\/wp-content\/uploads\/2023\/10\/DoktorVOLT-black-png.png","width":729,"height":40,"caption":"DOKTORVOLT\u00ae"},"image":{"@id":"https:\/\/doktorvolt.pl\/de\/#\/schema\/logo\/image\/"}}]}},"_links":{"self":[{"href":"https:\/\/doktorvolt.pl\/en\/wp-json\/wp\/v2\/product\/110834","targetHints":{"allow":["GET"]}}],"collection":[{"href":"https:\/\/doktorvolt.pl\/en\/wp-json\/wp\/v2\/product"}],"about":[{"href":"https:\/\/doktorvolt.pl\/en\/wp-json\/wp\/v2\/types\/product"}],"wp:featuredmedia":[{"embeddable":true,"href":"https:\/\/doktorvolt.pl\/en\/wp-json\/wp\/v2\/media\/103601"}],"wp:attachment":[{"href":"https:\/\/doktorvolt.pl\/en\/wp-json\/wp\/v2\/media?parent=110834"}],"wp:term":[{"taxonomy":"product_brand","embeddable":true,"href":"https:\/\/doktorvolt.pl\/en\/wp-json\/wp\/v2\/product_brand?post=110834"},{"taxonomy":"product_cat","embeddable":true,"href":"https:\/\/doktorvolt.pl\/en\/wp-json\/wp\/v2\/product_cat?post=110834"},{"taxonomy":"product_tag","embeddable":true,"href":"https:\/\/doktorvolt.pl\/en\/wp-json\/wp\/v2\/product_tag?post=110834"}],"curies":[{"name":"wp","href":"https:\/\/api.w.org\/{rel}","templated":true}]}}