{"id":110835,"date":"2026-02-23T15:43:17","date_gmt":"2026-02-23T13:43:17","guid":{"rendered":"https:\/\/doktorvolt.pl\/sklep\/uncategorized\/rozdzielacz-gumowy-listwa-gumowa-1x16a-3x230v-wtyczka-16a-400v-2568\/"},"modified":"2026-02-23T15:43:17","modified_gmt":"2026-02-23T13:43:17","slug":"rozdzielacz-gumowy-listwa-gumowa-1x16a-3x230v-wtyczka-16a-400v-2568","status":"publish","type":"product","link":"https:\/\/doktorvolt.pl\/en\/oferta-doktorvolt\/extension-cords\/rubber-extension-cords\/rozdzielacz-gumowy-listwa-gumowa-1x16a-3x230v-wtyczka-16a-400v-2568\/","title":{"rendered":"Rozdzielacz gumowy Listwa gumowa 1x16A 3x230V Wtyczka 16A 400V 2568"},"content":{"rendered":"<p><!-- aukcja by Wlodi --><\/p>\n<h1 style=\"text-align:center;\"><span style=\"color:#000000;\">Rozdzielacz gumowy Listwa gumowa 1x16A 3x230V z wtyczk\u0105 16A<\/span><\/h1>\n<\/p>\n<p style=\"text-align:center;\"><span style=\"font-family:verdana, geneva;font-size:12pt;color:#000000;\"><span style=\"font-family:verdana, geneva;font-size:12pt;\">Rozdzielacz gumowy z si\u0142owym gniazdem 16A 400V i 3 gniazdami 230V IP54 w standardzie Schuko. Gumowa obudowa posiada stopie\u0144 ochrony na poziomie IP54, a wtyczka 16A IP44. D\u0142ugo\u015b\u0107 kabla wynosi 1.5m. Gumowa obudowa rozdzielacza posiada wysok\u0105 odporno\u015b\u0107 na warunki fizyczne jak i chemiczne. Rozdzielacz znajdzie swoje zastosowanie w miejscach o wymagaj\u0105cych warunkach,\u00a0np.\u00a0warsztaty samochodowe, plac budowy, urz\u0105dzenia rolnicze i kopalniane, urz\u0105dzenia przemys\u0142owe. Idealny do zasilania urz\u0105dze\u0144 przeno\u015bnych.<\/span><\/span><\/p>\n<p><span style=\"font-size:12pt;color:#000000;\">\u00a0<\/span><\/p>\n<table class=\"center\" style=\"background-color:#f5f5f5;margin-left:auto;margin-right:auto;width:577px;height:464px;border:1px solid #ffffff;\" align=\"center\">\n<tbody>\n<tr>\n<td style=\"text-align:right;padding:15px;height:25px;\" valign=\"middle\" align=\"right\"><span style=\"font-size:12pt;color:#000000;\"><span style=\"font-family:verdana, geneva;\"><span style=\"font-size:12pt;\"><span style=\"font-family:verdana, geneva;\">napi\u0119cie znamionowe Un<\/span><\/span><\/span><\/span><\/td>\n<td style=\"background-color:#ffffff;text-align:center;\"><span style=\"font-family:verdana, geneva;color:#000000;\"><span style=\"font-size:16px;\">230\/400V<\/span><\/span><\/td>\n<\/tr>\n<tr>\n<td style=\"text-align:right;padding:15px;height:25px;\" valign=\"middle\" align=\"right\"><span style=\"font-family:verdana, geneva;color:#000000;\"><span style=\"font-size:16px;\">Nat\u0119\u017cenie znamionowe In<\/span><\/span><\/td>\n<td style=\"background-color:#ffffff;text-align:center;width:200px;\"><span style=\"font-family:verdana, geneva;color:#000000;\"><span style=\"font-size:16px;\">16A<\/span><\/span><\/td>\n<\/tr>\n<tr>\n<td style=\"text-align:right;padding:15px;height:25px;\" valign=\"middle\" align=\"right\"><span style=\"font-size:12pt;color:#000000;\"><span style=\"font-family:verdana, geneva;\">przekr\u00f3j kabla<\/span><\/span><\/td>\n<td style=\"background-color:#ffffff;text-align:center;width:200px;\"><span style=\"font-family:verdana, geneva;font-size:12pt;color:#000000;\">5\u00d72,5mm2<\/span><\/td>\n<\/tr>\n<tr>\n<td style=\"text-align:right;padding:15px;height:25px;\" valign=\"middle\" align=\"right\"><span style=\"font-family:verdana, geneva;color:#000000;\"><span style=\"font-size:16px;\">typ kabla<\/span><\/span><\/td>\n<td style=\"background-color:#ffffff;text-align:center;width:200px;\">\n<p><span style=\"font-family:verdana, geneva;font-size:12pt;color:#000000;\">H07RN-F<\/span><\/p>\n<\/p>\n<p><span style=\"font-family:verdana, geneva;font-size:12pt;color:#000000;\">(gumowy OnPD, olejoodporny, \u015brednie obci\u0105\u017cenia mechaniczne)<br \/><\/span><\/p>\n<\/td>\n<\/tr>\n<tr>\n<td style=\"text-align:right;padding:15px;height:25px;\" valign=\"middle\" align=\"right\"><span style=\"font-family:verdana, geneva;color:#000000;\"><span style=\"font-size:16px;\">Liczba gniazd si\u0142owych<\/span><\/span><\/td>\n<td style=\"background-color:#ffffff;text-align:center;width:200px;\"><span style=\"font-family:verdana, geneva;color:#000000;\"><span style=\"font-size:16px;\"><span>1x 16A 5P 400V IP44 czerwone Typ 1385 Mennekes<\/span><span>s<\/span><\/span><\/span><\/td>\n<\/tr>\n<tr>\n<td style=\"text-align:right;padding:15px;height:25px;\" valign=\"middle\" align=\"right\"><span style=\"font-family:verdana, geneva;color:#000000;\"><span style=\"font-size:16px;\">Liczba gniazd 230V<\/span><\/span><\/td>\n<td style=\"background-color:#ffffff;text-align:center;width:200px;\"><span style=\"font-family:verdana, geneva;color:#000000;\"><span style=\"font-size:16px;\">3x 230V 16A 2p+E IP54 niebieskie Schuko Typ 11011 system niemiecki Typ F Mennekes<\/span><\/span><\/td>\n<\/tr>\n<tr>\n<td style=\"text-align:right;padding:15px;height:25px;\" valign=\"middle\" align=\"right\"><span style=\"font-size:12pt;color:#000000;\"><span style=\"font-family:verdana, geneva;\">pr\u0105d znamionowy<br \/><\/span><\/span><\/td>\n<td style=\"background-color:#ffffff;text-align:center;width:200px;\">\n<p><span style=\"font-family:verdana, geneva;font-size:12pt;color:#000000;\">16A<\/span><\/p>\n<\/td>\n<\/tr>\n<tr>\n<td style=\"text-align:right;padding:15px;height:25px;\" valign=\"middle\" align=\"right\"><span style=\"font-family:verdana, geneva;color:#000000;\"><span style=\"font-size:16px;\">stopie\u0144 ochrony<\/span><\/span><\/td>\n<td style=\"background-color:#ffffff;text-align:center;width:200px;\">\n<p><span style=\"font-family:verdana, geneva;color:#000000;\"><span style=\"font-size:16px;\">IP44<\/span><\/span><\/p>\n<\/td>\n<\/tr>\n<tr>\n<td style=\"text-align:right;padding:15px;height:25px;\" valign=\"middle\" align=\"right\"><span style=\"font-size:12pt;color:#000000;\"><span style=\"font-family:verdana, geneva;\">materia\u0142<br \/><\/span><\/span><\/td>\n<td style=\"background-color:#ffffff;text-align:center;width:200px;\">\n<p><span style=\"font-family:verdana, geneva;font-size:12pt;color:#000000;\">tworzywo sztuczne, guma<\/span><\/p>\n<\/td>\n<\/tr>\n<tr>\n<td style=\"text-align:right;padding:15px;height:25px;\" valign=\"middle\" align=\"right\"><span style=\"font-family:verdana, geneva;color:#000000;\"><span style=\"font-size:16px;\">Wymiary obudowy z gniazdami<\/span><\/span><\/td>\n<td style=\"background-color:#ffffff;text-align:center;width:200px;\">\n<p><span style=\"font-family:verdana, geneva;color:#000000;\"><span style=\"font-size:16px;\">430x120x115mm<\/span><\/span><\/p>\n<\/td>\n<\/tr>\n<tr>\n<td style=\"text-align:right;padding:15px;height:25px;\" valign=\"middle\" align=\"right\"><span style=\"font-size:12pt;color:#000000;\"><span style=\"font-family:verdana, geneva;\">d\u0142ugos\u0107\u00a0ca\u0142kowita<\/span><\/span><\/td>\n<td style=\"background-color:#ffffff;text-align:center;width:200px;\">\n<p><span style=\"font-family:verdana, geneva;color:#000000;\"><span style=\"font-size:16px;\">oko\u0142o 205cm<\/span><\/span><\/p>\n<\/td>\n<\/tr>\n<tr>\n<td style=\"text-align:right;padding:15px;height:25px;\" valign=\"middle\" align=\"right\"><span style=\"font-size:12pt;color:#000000;\"><span style=\"font-family:verdana, geneva;\">waga<br \/><\/span><\/span><\/td>\n<td style=\"background-color:#ffffff;text-align:center;width:200px;\">\n<p><span style=\"font-family:verdana, geneva;font-size:12pt;color:#000000;\">2,5kg\u00a0\u00a0<\/span><\/p>\n<\/td>\n<\/tr>\n<tr>\n<td style=\"text-align:right;padding:15px;height:25px;\" valign=\"middle\" align=\"right\"><span style=\"font-size:12pt;color:#000000;\"><span style=\"font-family:verdana, geneva;\">d\u0142awnica kablowa<\/span><\/span><\/td>\n<td style=\"background-color:#ffffff;text-align:center;width:200px;\">\n<p><span style=\"font-family:verdana, geneva;color:#000000;\"><span style=\"font-size:16px;\">PG-21<\/span><\/span><\/p>\n<\/td>\n<\/tr>\n<tr>\n<td style=\"text-align:right;padding:15px;height:25px;\" valign=\"middle\" align=\"right\"><span style=\"font-size:12pt;color:#000000;\"><span style=\"font-family:verdana, geneva;\">producent\u00a0 <br \/><\/span><\/span><\/td>\n<td style=\"background-color:#ffffff;text-align:center;width:200px;\"><span style=\"font-family:verdana, geneva;font-size:12pt;color:#000000;\">Doktorvolt<\/span><\/td>\n<\/tr>\n<tr>\n<td style=\"text-align:right;padding:15px;height:25px;\" valign=\"middle\" align=\"right\"><span style=\"font-size:12pt;color:#000000;\"><span style=\"font-family:verdana, geneva;\">oznaczenie producenta<\/span><\/span><\/td>\n<td style=\"background-color:#ffffff;text-align:center;\"><span style=\"font-family:verdana, geneva;font-size:12pt;color:#000000;\">DV-2568-RB<\/span><\/td>\n<\/tr>\n<tr>\n<td style=\"text-align:right;padding:15px;height:25px;\" valign=\"middle\" align=\"right\"><span style=\"font-size:12pt;color:#000000;\"><span style=\"font-family:verdana, geneva;\">kod EAN<\/span><\/span><\/td>\n<td style=\"background-color:#ffffff;text-align:center;\"><span style=\"font-family:verdana, geneva;font-size:12pt;color:#000000;\"><span class=\"series\">5907589332568<\/span><\/span><\/td>\n<\/tr>\n<\/tbody>\n<\/table>\n","protected":false},"excerpt":{"rendered":"<p>Rozdzielacz gumowy Listwa gumowa 1x16A 3x230V Wtyczka 16A 400V 2568<\/p>\n","protected":false},"featured_media":103592,"template":"","meta":[],"product_brand":[],"product_cat":[5228],"product_tag":[],"class_list":{"0":"post-110835","1":"product","2":"type-product","3":"status-publish","4":"has-post-thumbnail","6":"product_cat-rubber-extension-cords","7":"pa_cee-liczba-biegunow-modulow-5p","8":"pa_material-obudowy-plastic","9":"pa_napiecie-cee-400v","10":"pa_natezenie-pradu-cee-16a","11":"pa_typ-gniazd-typ-f-schuko","12":"pa_zabezpieczenie-bez-zabezpieczen","14":"first","15":"instock","16":"shipping-taxable","17":"product-type-external"},"yoast_head":"<!-- This site is optimized with the Yoast SEO plugin v27.0 - https:\/\/yoast.com\/product\/yoast-seo-wordpress\/ -->\n<title>Rozdzielacz gumowy Listwa gumowa 1x16A 3x230V Wtyczka 16A 400V 2568 - DOKTORVOLT\u00ae<\/title>\n<meta name=\"robots\" content=\"index, follow, max-snippet:-1, max-image-preview:large, max-video-preview:-1\" \/>\n<link rel=\"canonical\" href=\"https:\/\/doktorvolt.pl\/oferta-doktorvolt\/przedluzacze\/rozdzielacze-gumowe\/rozdzielacz-gumowy-listwa-gumowa-1x16a-3x230v-wtyczka-16a-400v-2568\/\" \/>\n<meta property=\"og:locale\" content=\"en_US\" \/>\n<meta property=\"og:type\" content=\"article\" \/>\n<meta property=\"og:title\" content=\"Rozdzielacz gumowy Listwa gumowa 1x16A 3x230V Wtyczka 16A 400V 2568 - DOKTORVOLT\u00ae\" \/>\n<meta property=\"og:description\" content=\"Rozdzielacz gumowy Listwa gumowa 1x16A 3x230V Wtyczka 16A 400V 2568\" \/>\n<meta property=\"og:url\" content=\"https:\/\/doktorvolt.pl\/oferta-doktorvolt\/przedluzacze\/rozdzielacze-gumowe\/rozdzielacz-gumowy-listwa-gumowa-1x16a-3x230v-wtyczka-16a-400v-2568\/\" \/>\n<meta property=\"og:site_name\" content=\"DOKTORVOLT\u00ae\" \/>\n<meta property=\"og:image\" content=\"https:\/\/doktorvolt.pl\/wp-content\/uploads\/2026\/02\/pol_pl_13649-13649_1.jpg\" \/>\n\t<meta property=\"og:image:width\" content=\"1000\" \/>\n\t<meta property=\"og:image:height\" content=\"1000\" \/>\n\t<meta property=\"og:image:type\" content=\"image\/jpeg\" \/>\n<meta name=\"twitter:card\" content=\"summary_large_image\" \/>\n<meta name=\"twitter:label1\" content=\"Est. reading time\" \/>\n\t<meta name=\"twitter:data1\" content=\"1 minute\" \/>\n<script type=\"application\/ld+json\" class=\"yoast-schema-graph\">{\"@context\":\"https:\/\/schema.org\",\"@graph\":[{\"@type\":\"WebPage\",\"@id\":\"https:\/\/doktorvolt.pl\/oferta-doktorvolt\/przedluzacze\/rozdzielacze-gumowe\/rozdzielacz-gumowy-listwa-gumowa-1x16a-3x230v-wtyczka-16a-400v-2568\/\",\"url\":\"https:\/\/doktorvolt.pl\/oferta-doktorvolt\/przedluzacze\/rozdzielacze-gumowe\/rozdzielacz-gumowy-listwa-gumowa-1x16a-3x230v-wtyczka-16a-400v-2568\/\",\"name\":\"Rozdzielacz gumowy Listwa gumowa 1x16A 3x230V Wtyczka 16A 400V 2568 - DOKTORVOLT\u00ae\",\"isPartOf\":{\"@id\":\"https:\/\/doktorvolt.pl\/de\/#website\"},\"primaryImageOfPage\":{\"@id\":\"https:\/\/doktorvolt.pl\/oferta-doktorvolt\/przedluzacze\/rozdzielacze-gumowe\/rozdzielacz-gumowy-listwa-gumowa-1x16a-3x230v-wtyczka-16a-400v-2568\/#primaryimage\"},\"image\":{\"@id\":\"https:\/\/doktorvolt.pl\/oferta-doktorvolt\/przedluzacze\/rozdzielacze-gumowe\/rozdzielacz-gumowy-listwa-gumowa-1x16a-3x230v-wtyczka-16a-400v-2568\/#primaryimage\"},\"thumbnailUrl\":\"https:\/\/doktorvolt.pl\/wp-content\/uploads\/2026\/02\/pol_pl_13649-13649_1.jpg\",\"datePublished\":\"2026-02-23T13:43:17+00:00\",\"breadcrumb\":{\"@id\":\"https:\/\/doktorvolt.pl\/oferta-doktorvolt\/przedluzacze\/rozdzielacze-gumowe\/rozdzielacz-gumowy-listwa-gumowa-1x16a-3x230v-wtyczka-16a-400v-2568\/#breadcrumb\"},\"inLanguage\":\"en-US\",\"potentialAction\":[{\"@type\":\"ReadAction\",\"target\":[\"https:\/\/doktorvolt.pl\/oferta-doktorvolt\/przedluzacze\/rozdzielacze-gumowe\/rozdzielacz-gumowy-listwa-gumowa-1x16a-3x230v-wtyczka-16a-400v-2568\/\"]}]},{\"@type\":\"ImageObject\",\"inLanguage\":\"en-US\",\"@id\":\"https:\/\/doktorvolt.pl\/oferta-doktorvolt\/przedluzacze\/rozdzielacze-gumowe\/rozdzielacz-gumowy-listwa-gumowa-1x16a-3x230v-wtyczka-16a-400v-2568\/#primaryimage\",\"url\":\"https:\/\/doktorvolt.pl\/wp-content\/uploads\/2026\/02\/pol_pl_13649-13649_1.jpg\",\"contentUrl\":\"https:\/\/doktorvolt.pl\/wp-content\/uploads\/2026\/02\/pol_pl_13649-13649_1.jpg\",\"width\":1000,\"height\":1000},{\"@type\":\"BreadcrumbList\",\"@id\":\"https:\/\/doktorvolt.pl\/oferta-doktorvolt\/przedluzacze\/rozdzielacze-gumowe\/rozdzielacz-gumowy-listwa-gumowa-1x16a-3x230v-wtyczka-16a-400v-2568\/#breadcrumb\",\"itemListElement\":[{\"@type\":\"ListItem\",\"position\":1,\"name\":\"Strona g\u0142\u00f3wna\",\"item\":\"https:\/\/doktorvolt.pl\/en\/\"},{\"@type\":\"ListItem\",\"position\":2,\"name\":\"Offer Doktorvolt\",\"item\":\"https:\/\/doktorvolt.pl\/en\/offer-doktorvolt\/\"},{\"@type\":\"ListItem\",\"position\":3,\"name\":\"Rozdzielacz gumowy Listwa gumowa 1x16A 3x230V Wtyczka 16A 400V 2568\"}]},{\"@type\":\"WebSite\",\"@id\":\"https:\/\/doktorvolt.pl\/de\/#website\",\"url\":\"https:\/\/doktorvolt.pl\/de\/\",\"name\":\"DOKTORVOLT\u00ae\",\"description\":\"Producent rozdzielnic budowlanych\",\"publisher\":{\"@id\":\"https:\/\/doktorvolt.pl\/de\/#organization\"},\"potentialAction\":[{\"@type\":\"SearchAction\",\"target\":{\"@type\":\"EntryPoint\",\"urlTemplate\":\"https:\/\/doktorvolt.pl\/de\/?s={search_term_string}\"},\"query-input\":{\"@type\":\"PropertyValueSpecification\",\"valueRequired\":true,\"valueName\":\"search_term_string\"}}],\"inLanguage\":\"en-US\"},{\"@type\":\"Organization\",\"@id\":\"https:\/\/doktorvolt.pl\/de\/#organization\",\"name\":\"DOKTORVOLT\u00ae\",\"url\":\"https:\/\/doktorvolt.pl\/de\/\",\"logo\":{\"@type\":\"ImageObject\",\"inLanguage\":\"en-US\",\"@id\":\"https:\/\/doktorvolt.pl\/de\/#\/schema\/logo\/image\/\",\"url\":\"https:\/\/doktorvolt.pl\/wp-content\/uploads\/2023\/10\/DoktorVOLT-black-png.png\",\"contentUrl\":\"https:\/\/doktorvolt.pl\/wp-content\/uploads\/2023\/10\/DoktorVOLT-black-png.png\",\"width\":729,\"height\":40,\"caption\":\"DOKTORVOLT\u00ae\"},\"image\":{\"@id\":\"https:\/\/doktorvolt.pl\/de\/#\/schema\/logo\/image\/\"}}]}<\/script>\n<!-- \/ Yoast SEO plugin. -->","yoast_head_json":{"title":"Rozdzielacz gumowy Listwa gumowa 1x16A 3x230V Wtyczka 16A 400V 2568 - DOKTORVOLT\u00ae","robots":{"index":"index","follow":"follow","max-snippet":"max-snippet:-1","max-image-preview":"max-image-preview:large","max-video-preview":"max-video-preview:-1"},"canonical":"https:\/\/doktorvolt.pl\/oferta-doktorvolt\/przedluzacze\/rozdzielacze-gumowe\/rozdzielacz-gumowy-listwa-gumowa-1x16a-3x230v-wtyczka-16a-400v-2568\/","og_locale":"en_US","og_type":"article","og_title":"Rozdzielacz gumowy Listwa gumowa 1x16A 3x230V Wtyczka 16A 400V 2568 - DOKTORVOLT\u00ae","og_description":"Rozdzielacz gumowy Listwa gumowa 1x16A 3x230V Wtyczka 16A 400V 2568","og_url":"https:\/\/doktorvolt.pl\/oferta-doktorvolt\/przedluzacze\/rozdzielacze-gumowe\/rozdzielacz-gumowy-listwa-gumowa-1x16a-3x230v-wtyczka-16a-400v-2568\/","og_site_name":"DOKTORVOLT\u00ae","og_image":[{"width":1000,"height":1000,"url":"https:\/\/doktorvolt.pl\/wp-content\/uploads\/2026\/02\/pol_pl_13649-13649_1.jpg","type":"image\/jpeg"}],"twitter_card":"summary_large_image","twitter_misc":{"Est. reading time":"1 minute"},"schema":{"@context":"https:\/\/schema.org","@graph":[{"@type":"WebPage","@id":"https:\/\/doktorvolt.pl\/oferta-doktorvolt\/przedluzacze\/rozdzielacze-gumowe\/rozdzielacz-gumowy-listwa-gumowa-1x16a-3x230v-wtyczka-16a-400v-2568\/","url":"https:\/\/doktorvolt.pl\/oferta-doktorvolt\/przedluzacze\/rozdzielacze-gumowe\/rozdzielacz-gumowy-listwa-gumowa-1x16a-3x230v-wtyczka-16a-400v-2568\/","name":"Rozdzielacz gumowy Listwa gumowa 1x16A 3x230V Wtyczka 16A 400V 2568 - DOKTORVOLT\u00ae","isPartOf":{"@id":"https:\/\/doktorvolt.pl\/de\/#website"},"primaryImageOfPage":{"@id":"https:\/\/doktorvolt.pl\/oferta-doktorvolt\/przedluzacze\/rozdzielacze-gumowe\/rozdzielacz-gumowy-listwa-gumowa-1x16a-3x230v-wtyczka-16a-400v-2568\/#primaryimage"},"image":{"@id":"https:\/\/doktorvolt.pl\/oferta-doktorvolt\/przedluzacze\/rozdzielacze-gumowe\/rozdzielacz-gumowy-listwa-gumowa-1x16a-3x230v-wtyczka-16a-400v-2568\/#primaryimage"},"thumbnailUrl":"https:\/\/doktorvolt.pl\/wp-content\/uploads\/2026\/02\/pol_pl_13649-13649_1.jpg","datePublished":"2026-02-23T13:43:17+00:00","breadcrumb":{"@id":"https:\/\/doktorvolt.pl\/oferta-doktorvolt\/przedluzacze\/rozdzielacze-gumowe\/rozdzielacz-gumowy-listwa-gumowa-1x16a-3x230v-wtyczka-16a-400v-2568\/#breadcrumb"},"inLanguage":"en-US","potentialAction":[{"@type":"ReadAction","target":["https:\/\/doktorvolt.pl\/oferta-doktorvolt\/przedluzacze\/rozdzielacze-gumowe\/rozdzielacz-gumowy-listwa-gumowa-1x16a-3x230v-wtyczka-16a-400v-2568\/"]}]},{"@type":"ImageObject","inLanguage":"en-US","@id":"https:\/\/doktorvolt.pl\/oferta-doktorvolt\/przedluzacze\/rozdzielacze-gumowe\/rozdzielacz-gumowy-listwa-gumowa-1x16a-3x230v-wtyczka-16a-400v-2568\/#primaryimage","url":"https:\/\/doktorvolt.pl\/wp-content\/uploads\/2026\/02\/pol_pl_13649-13649_1.jpg","contentUrl":"https:\/\/doktorvolt.pl\/wp-content\/uploads\/2026\/02\/pol_pl_13649-13649_1.jpg","width":1000,"height":1000},{"@type":"BreadcrumbList","@id":"https:\/\/doktorvolt.pl\/oferta-doktorvolt\/przedluzacze\/rozdzielacze-gumowe\/rozdzielacz-gumowy-listwa-gumowa-1x16a-3x230v-wtyczka-16a-400v-2568\/#breadcrumb","itemListElement":[{"@type":"ListItem","position":1,"name":"Strona g\u0142\u00f3wna","item":"https:\/\/doktorvolt.pl\/en\/"},{"@type":"ListItem","position":2,"name":"Offer Doktorvolt","item":"https:\/\/doktorvolt.pl\/en\/offer-doktorvolt\/"},{"@type":"ListItem","position":3,"name":"Rozdzielacz gumowy Listwa gumowa 1x16A 3x230V Wtyczka 16A 400V 2568"}]},{"@type":"WebSite","@id":"https:\/\/doktorvolt.pl\/de\/#website","url":"https:\/\/doktorvolt.pl\/de\/","name":"DOKTORVOLT\u00ae","description":"Producent rozdzielnic budowlanych","publisher":{"@id":"https:\/\/doktorvolt.pl\/de\/#organization"},"potentialAction":[{"@type":"SearchAction","target":{"@type":"EntryPoint","urlTemplate":"https:\/\/doktorvolt.pl\/de\/?s={search_term_string}"},"query-input":{"@type":"PropertyValueSpecification","valueRequired":true,"valueName":"search_term_string"}}],"inLanguage":"en-US"},{"@type":"Organization","@id":"https:\/\/doktorvolt.pl\/de\/#organization","name":"DOKTORVOLT\u00ae","url":"https:\/\/doktorvolt.pl\/de\/","logo":{"@type":"ImageObject","inLanguage":"en-US","@id":"https:\/\/doktorvolt.pl\/de\/#\/schema\/logo\/image\/","url":"https:\/\/doktorvolt.pl\/wp-content\/uploads\/2023\/10\/DoktorVOLT-black-png.png","contentUrl":"https:\/\/doktorvolt.pl\/wp-content\/uploads\/2023\/10\/DoktorVOLT-black-png.png","width":729,"height":40,"caption":"DOKTORVOLT\u00ae"},"image":{"@id":"https:\/\/doktorvolt.pl\/de\/#\/schema\/logo\/image\/"}}]}},"_links":{"self":[{"href":"https:\/\/doktorvolt.pl\/en\/wp-json\/wp\/v2\/product\/110835","targetHints":{"allow":["GET"]}}],"collection":[{"href":"https:\/\/doktorvolt.pl\/en\/wp-json\/wp\/v2\/product"}],"about":[{"href":"https:\/\/doktorvolt.pl\/en\/wp-json\/wp\/v2\/types\/product"}],"wp:featuredmedia":[{"embeddable":true,"href":"https:\/\/doktorvolt.pl\/en\/wp-json\/wp\/v2\/media\/103592"}],"wp:attachment":[{"href":"https:\/\/doktorvolt.pl\/en\/wp-json\/wp\/v2\/media?parent=110835"}],"wp:term":[{"taxonomy":"product_brand","embeddable":true,"href":"https:\/\/doktorvolt.pl\/en\/wp-json\/wp\/v2\/product_brand?post=110835"},{"taxonomy":"product_cat","embeddable":true,"href":"https:\/\/doktorvolt.pl\/en\/wp-json\/wp\/v2\/product_cat?post=110835"},{"taxonomy":"product_tag","embeddable":true,"href":"https:\/\/doktorvolt.pl\/en\/wp-json\/wp\/v2\/product_tag?post=110835"}],"curies":[{"name":"wp","href":"https:\/\/api.w.org\/{rel}","templated":true}]}}