{"id":110837,"date":"2026-02-23T15:43:05","date_gmt":"2026-02-23T13:43:05","guid":{"rendered":"https:\/\/doktorvolt.pl\/sklep\/uncategorized\/bluza-polarowa-robocza-czarna-doktorvolt-rozmiar-2xl-2247\/"},"modified":"2026-02-23T15:43:05","modified_gmt":"2026-02-23T13:43:05","slug":"bluza-polarowa-robocza-czarna-doktorvolt-rozmiar-2xl-2247","status":"publish","type":"product","link":"https:\/\/doktorvolt.pl\/en\/oferta-doktorvolt\/accessories\/construction-renovation-tools\/workwear\/bluza-polarowa-robocza-czarna-doktorvolt-rozmiar-2xl-2247\/","title":{"rendered":"Bluza polarowa robocza Czarna Doktorvolt Rozmiar 2XL 2247"},"content":{"rendered":"<p><!-- aukcja by Wlodi --><\/p>\n<h1 style=\"text-align: center;\"><span style=\"color: #000000;\">Bluza polarowa robocza Czarna Doktorvolt Rozmiar 2XL<\/span><\/h1>\n<\/p>\n<p style=\"text-align: justify; font-size: 13pt;\"><span style=\"color: #000000;\">Odzie\u017c robocza ma za zadanie chroni\u0107 przed drobnymi urazami oraz cechowa\u0107 si\u0119 pewn\u0105 wytrzyma\u0142o\u015bci\u0105, co zapewni przez d\u0142u\u017cszy czas mo\u017cliwo\u015b\u0107 komfortowej pracy. Aby spe\u0142ni\u0107 te wymagania, ubranie musi by\u0107 wykonane z odpowiednich jako\u015bciowych materia\u0142\u00f3w. Ponadto wa\u017cny jest design, kt\u00f3ry dodaje profesjonalnego wygl\u0105du pracownikom. Firma Doktorvolt wypu\u015bci\u0142a na rynek firmow\u0105 lini\u0119 odzie\u017cy roboczej.<\/span><\/p>\n<p style=\"text-align: justify; font-size: 13pt;\"><span style=\"color: #000000;\">Nowy produkt Doktorvolt doskonale sprawdzi si\u0119 przy pracach instalacyjnych, budowlanych, remontowych oraz ogrodniczych. Odzie\u017c robocza cechuje si\u0119 praktycznym designem w niebiesko-czarnej kolorystyce. Ubrania s\u0105 wytrzyma\u0142e i doskonale sprawdz\u0105 si\u0119 w ka\u017cdych warunkach. Stanowi doskona\u0142\u0105 ochron\u0119 przed zabrudzeniem i minimalnymi zagro\u017ceniami podczas wykonywania prac produkcyjnych i us\u0142ugowych.<\/span><\/p>\n<p style=\"text-align: justify; font-size: 13pt;\"><span style=\"color: #000000;\">W\u0142a\u015bciwo\u015bci bluzy:<\/span><\/p>\n<p style=\"text-align: justify; font-size: 13pt;\"><span style=\"color: #000000;\">&#8211; Bluza zapinana na zamek w stylu kostka,<\/span><br \/><span style=\"color: #000000;\">&#8211; podkr\u00f3j szyi wyko\u0144czony st\u00f3jk\u0105,<\/span><br \/><span style=\"color: #000000;\">&#8211; z ty\u0142u karczek odcinany,<\/span><br \/><span style=\"color: #000000;\">&#8211; na prawej piersi kiesze\u0144 naszywana z Cordury na zamek (16cm),<\/span><br \/><span style=\"color: #000000;\">&#8211; z przodu i ty\u0142u odcinane boki,<\/span><br \/><span style=\"color: #000000;\">&#8211; dwie kieszenie dolne na zamek (16cm)<\/span><br \/><span style=\"color: #000000;\">&#8211; r\u0119kawy wyko\u0144czone gum\u0105,<\/span><br \/><span style=\"color: #000000;\">&#8211; d\u00f3\u0142 polara wyko\u0144czony tunelem z wci\u0105gni\u0119tym sznurkiem do regulacji.<\/span><\/p>\n<p style=\"text-align: justify; font-size: 13pt;\">\n<table class=\"center\" style=\"background-color: #f5f5f5; margin-left: auto; margin-right: auto; width: 520px; height: 1151px; border: 1px solid #ffffff;\" align=\"center\">\n<tbody>\n<tr>\n<td style=\"text-align: right; padding: 15px; height: 25px;\" valign=\"middle\" align=\"right\">\n<p><span style=\"font-family: verdana, geneva; color: #000000;\"><span style=\"font-size: 16px;\">rozmiar<\/span><\/span><\/p>\n<\/td>\n<td style=\"background-color: #ffffff; text-align: center;\">\n<p><span style=\"font-size: 16px;\">2XL<\/span><\/p>\n<\/td>\n<\/tr>\n<tr>\n<td style=\"text-align: right; padding: 15px; height: 25px;\" valign=\"middle\" align=\"right\">\n<p><span style=\"font-family: verdana, geneva; color: #000000;\"><span style=\"font-size: 16px;\">tkanina<\/span><\/span><\/p>\n<\/td>\n<td style=\"background-color: #ffffff; text-align: center;\">\n<p><span style=\"font-size: 16px; color: #000000;\">polar &#8211; 360g\/m2<\/span><\/p>\n<p><span style=\"font-size: 16px; color: #000000;\">cordura &#8211; 245g\/m2<\/span><\/p>\n<\/td>\n<\/tr>\n<tr>\n<td style=\"text-align: right; padding: 15px; height: 25px;\" valign=\"middle\" align=\"right\">\n<p><span style=\"font-family: verdana, geneva; color: #000000;\"><span style=\"font-size: 16px;\">sk\u0142ad<\/span><\/span><\/p>\n<\/td>\n<td style=\"background-color: #ffffff; text-align: center;\">\n<p><span style=\"font-family: verdana, geneva; color: #000000;\"><span style=\"font-size: 16px;\">100% poliester<\/span><\/span><\/p>\n<\/td>\n<\/tr>\n<tr>\n<td style=\"text-align: right; padding: 15px; height: 25px;\" valign=\"middle\" align=\"right\">\n<p><span style=\"font-family: verdana, geneva; color: #000000;\"><span style=\"font-size: 16px;\">kolor<\/span><\/span><\/p>\n<\/td>\n<td style=\"background-color: #ffffff; text-align: center;\">\n<p><span style=\"font-family: verdana, geneva; color: #000000;\"><span style=\"font-size: 16px;\">czarny<\/span><\/span><\/p>\n<\/td>\n<\/tr>\n<tr>\n<td style=\"text-align: right; padding: 15px; height: 25px;\" valign=\"middle\" align=\"right\"><span style=\"font-family: verdana, geneva; color: #000000;\"><span style=\"font-size: 16px;\">oznaczenie producenta<\/span><\/span><\/td>\n<td style=\"background-color: #ffffff; text-align: center;\"><span style=\"font-size: 12pt; font-family: verdana, geneva; color: #000000;\">DV-2247-KP-028A-2XL<\/span><\/td>\n<\/tr>\n<tr>\n<td style=\"text-align: right; padding: 15px; height: 25px;\" valign=\"middle\" align=\"right\"><span style=\"font-size: 12pt; font-family: verdana, geneva; color: #000000;\"><span style=\"font-family: verdana, geneva;\">kod EAN<br \/><\/span><\/span><\/td>\n<td style=\"background-color: #ffffff; text-align: center;\"><span style=\"font-size: 12pt; font-family: verdana, geneva; color: #000000;\">5907589332247<\/span><\/td>\n<\/tr>\n<\/tbody>\n<\/table>\n","protected":false},"excerpt":{"rendered":"<p>Bluza polarowa robocza Czarna Doktorvolt Rozmiar 2XL 2247<\/p>\n","protected":false},"featured_media":103566,"template":"","meta":[],"product_brand":[],"product_cat":[5229],"product_tag":[],"class_list":{"0":"post-110837","1":"product","2":"type-product","3":"status-publish","4":"has-post-thumbnail","6":"product_cat-workwear","8":"first","9":"instock","10":"shipping-taxable","11":"product-type-external"},"yoast_head":"<!-- This site is optimized with the Yoast SEO plugin v27.0 - https:\/\/yoast.com\/product\/yoast-seo-wordpress\/ -->\n<title>Bluza polarowa robocza Czarna Doktorvolt Rozmiar 2XL 2247 - DOKTORVOLT\u00ae<\/title>\n<meta name=\"robots\" content=\"index, follow, max-snippet:-1, max-image-preview:large, max-video-preview:-1\" \/>\n<link rel=\"canonical\" href=\"https:\/\/doktorvolt.pl\/en\/oferta-doktorvolt\/workwear\/bluza-polarowa-robocza-czarna-doktorvolt-rozmiar-2xl-2247\/\" \/>\n<meta property=\"og:locale\" content=\"en_US\" \/>\n<meta property=\"og:type\" content=\"article\" \/>\n<meta property=\"og:title\" content=\"Bluza polarowa robocza Czarna Doktorvolt Rozmiar 2XL 2247 - DOKTORVOLT\u00ae\" \/>\n<meta property=\"og:description\" content=\"Bluza polarowa robocza Czarna Doktorvolt Rozmiar 2XL 2247\" \/>\n<meta property=\"og:url\" content=\"https:\/\/doktorvolt.pl\/en\/oferta-doktorvolt\/workwear\/bluza-polarowa-robocza-czarna-doktorvolt-rozmiar-2xl-2247\/\" \/>\n<meta property=\"og:site_name\" content=\"DOKTORVOLT\u00ae\" \/>\n<meta property=\"og:image\" content=\"https:\/\/doktorvolt.pl\/wp-content\/uploads\/2026\/02\/pol_pl_13499-13499_1.jpg\" \/>\n\t<meta property=\"og:image:width\" content=\"1000\" \/>\n\t<meta property=\"og:image:height\" content=\"1000\" \/>\n\t<meta property=\"og:image:type\" content=\"image\/jpeg\" \/>\n<meta name=\"twitter:card\" content=\"summary_large_image\" \/>\n<meta name=\"twitter:label1\" content=\"Est. reading time\" \/>\n\t<meta name=\"twitter:data1\" content=\"1 minute\" \/>\n<script type=\"application\/ld+json\" class=\"yoast-schema-graph\">{\"@context\":\"https:\/\/schema.org\",\"@graph\":[{\"@type\":\"WebPage\",\"@id\":\"https:\/\/doktorvolt.pl\/en\/oferta-doktorvolt\/workwear\/bluza-polarowa-robocza-czarna-doktorvolt-rozmiar-2xl-2247\/\",\"url\":\"https:\/\/doktorvolt.pl\/en\/oferta-doktorvolt\/workwear\/bluza-polarowa-robocza-czarna-doktorvolt-rozmiar-2xl-2247\/\",\"name\":\"Bluza polarowa robocza Czarna Doktorvolt Rozmiar 2XL 2247 - DOKTORVOLT\u00ae\",\"isPartOf\":{\"@id\":\"https:\/\/doktorvolt.pl\/de\/#website\"},\"primaryImageOfPage\":{\"@id\":\"https:\/\/doktorvolt.pl\/en\/oferta-doktorvolt\/workwear\/bluza-polarowa-robocza-czarna-doktorvolt-rozmiar-2xl-2247\/#primaryimage\"},\"image\":{\"@id\":\"https:\/\/doktorvolt.pl\/en\/oferta-doktorvolt\/workwear\/bluza-polarowa-robocza-czarna-doktorvolt-rozmiar-2xl-2247\/#primaryimage\"},\"thumbnailUrl\":\"https:\/\/doktorvolt.pl\/wp-content\/uploads\/2026\/02\/pol_pl_13499-13499_1.jpg\",\"datePublished\":\"2026-02-23T13:43:05+00:00\",\"breadcrumb\":{\"@id\":\"https:\/\/doktorvolt.pl\/en\/oferta-doktorvolt\/workwear\/bluza-polarowa-robocza-czarna-doktorvolt-rozmiar-2xl-2247\/#breadcrumb\"},\"inLanguage\":\"en-US\",\"potentialAction\":[{\"@type\":\"ReadAction\",\"target\":[\"https:\/\/doktorvolt.pl\/en\/oferta-doktorvolt\/workwear\/bluza-polarowa-robocza-czarna-doktorvolt-rozmiar-2xl-2247\/\"]}]},{\"@type\":\"ImageObject\",\"inLanguage\":\"en-US\",\"@id\":\"https:\/\/doktorvolt.pl\/en\/oferta-doktorvolt\/workwear\/bluza-polarowa-robocza-czarna-doktorvolt-rozmiar-2xl-2247\/#primaryimage\",\"url\":\"https:\/\/doktorvolt.pl\/wp-content\/uploads\/2026\/02\/pol_pl_13499-13499_1.jpg\",\"contentUrl\":\"https:\/\/doktorvolt.pl\/wp-content\/uploads\/2026\/02\/pol_pl_13499-13499_1.jpg\",\"width\":1000,\"height\":1000},{\"@type\":\"BreadcrumbList\",\"@id\":\"https:\/\/doktorvolt.pl\/en\/oferta-doktorvolt\/workwear\/bluza-polarowa-robocza-czarna-doktorvolt-rozmiar-2xl-2247\/#breadcrumb\",\"itemListElement\":[{\"@type\":\"ListItem\",\"position\":1,\"name\":\"Strona g\u0142\u00f3wna\",\"item\":\"https:\/\/doktorvolt.pl\/en\/\"},{\"@type\":\"ListItem\",\"position\":2,\"name\":\"Offer Doktorvolt\",\"item\":\"https:\/\/doktorvolt.pl\/en\/offer-doktorvolt\/\"},{\"@type\":\"ListItem\",\"position\":3,\"name\":\"Bluza polarowa robocza Czarna Doktorvolt Rozmiar 2XL 2247\"}]},{\"@type\":\"WebSite\",\"@id\":\"https:\/\/doktorvolt.pl\/de\/#website\",\"url\":\"https:\/\/doktorvolt.pl\/de\/\",\"name\":\"DOKTORVOLT\u00ae\",\"description\":\"Producent rozdzielnic budowlanych\",\"publisher\":{\"@id\":\"https:\/\/doktorvolt.pl\/de\/#organization\"},\"potentialAction\":[{\"@type\":\"SearchAction\",\"target\":{\"@type\":\"EntryPoint\",\"urlTemplate\":\"https:\/\/doktorvolt.pl\/de\/?s={search_term_string}\"},\"query-input\":{\"@type\":\"PropertyValueSpecification\",\"valueRequired\":true,\"valueName\":\"search_term_string\"}}],\"inLanguage\":\"en-US\"},{\"@type\":\"Organization\",\"@id\":\"https:\/\/doktorvolt.pl\/de\/#organization\",\"name\":\"DOKTORVOLT\u00ae\",\"url\":\"https:\/\/doktorvolt.pl\/de\/\",\"logo\":{\"@type\":\"ImageObject\",\"inLanguage\":\"en-US\",\"@id\":\"https:\/\/doktorvolt.pl\/de\/#\/schema\/logo\/image\/\",\"url\":\"https:\/\/doktorvolt.pl\/wp-content\/uploads\/2023\/10\/DoktorVOLT-black-png.png\",\"contentUrl\":\"https:\/\/doktorvolt.pl\/wp-content\/uploads\/2023\/10\/DoktorVOLT-black-png.png\",\"width\":729,\"height\":40,\"caption\":\"DOKTORVOLT\u00ae\"},\"image\":{\"@id\":\"https:\/\/doktorvolt.pl\/de\/#\/schema\/logo\/image\/\"}}]}<\/script>\n<!-- \/ Yoast SEO plugin. -->","yoast_head_json":{"title":"Bluza polarowa robocza Czarna Doktorvolt Rozmiar 2XL 2247 - DOKTORVOLT\u00ae","robots":{"index":"index","follow":"follow","max-snippet":"max-snippet:-1","max-image-preview":"max-image-preview:large","max-video-preview":"max-video-preview:-1"},"canonical":"https:\/\/doktorvolt.pl\/en\/oferta-doktorvolt\/workwear\/bluza-polarowa-robocza-czarna-doktorvolt-rozmiar-2xl-2247\/","og_locale":"en_US","og_type":"article","og_title":"Bluza polarowa robocza Czarna Doktorvolt Rozmiar 2XL 2247 - DOKTORVOLT\u00ae","og_description":"Bluza polarowa robocza Czarna Doktorvolt Rozmiar 2XL 2247","og_url":"https:\/\/doktorvolt.pl\/en\/oferta-doktorvolt\/workwear\/bluza-polarowa-robocza-czarna-doktorvolt-rozmiar-2xl-2247\/","og_site_name":"DOKTORVOLT\u00ae","og_image":[{"width":1000,"height":1000,"url":"https:\/\/doktorvolt.pl\/wp-content\/uploads\/2026\/02\/pol_pl_13499-13499_1.jpg","type":"image\/jpeg"}],"twitter_card":"summary_large_image","twitter_misc":{"Est. reading time":"1 minute"},"schema":{"@context":"https:\/\/schema.org","@graph":[{"@type":"WebPage","@id":"https:\/\/doktorvolt.pl\/en\/oferta-doktorvolt\/workwear\/bluza-polarowa-robocza-czarna-doktorvolt-rozmiar-2xl-2247\/","url":"https:\/\/doktorvolt.pl\/en\/oferta-doktorvolt\/workwear\/bluza-polarowa-robocza-czarna-doktorvolt-rozmiar-2xl-2247\/","name":"Bluza polarowa robocza Czarna Doktorvolt Rozmiar 2XL 2247 - DOKTORVOLT\u00ae","isPartOf":{"@id":"https:\/\/doktorvolt.pl\/de\/#website"},"primaryImageOfPage":{"@id":"https:\/\/doktorvolt.pl\/en\/oferta-doktorvolt\/workwear\/bluza-polarowa-robocza-czarna-doktorvolt-rozmiar-2xl-2247\/#primaryimage"},"image":{"@id":"https:\/\/doktorvolt.pl\/en\/oferta-doktorvolt\/workwear\/bluza-polarowa-robocza-czarna-doktorvolt-rozmiar-2xl-2247\/#primaryimage"},"thumbnailUrl":"https:\/\/doktorvolt.pl\/wp-content\/uploads\/2026\/02\/pol_pl_13499-13499_1.jpg","datePublished":"2026-02-23T13:43:05+00:00","breadcrumb":{"@id":"https:\/\/doktorvolt.pl\/en\/oferta-doktorvolt\/workwear\/bluza-polarowa-robocza-czarna-doktorvolt-rozmiar-2xl-2247\/#breadcrumb"},"inLanguage":"en-US","potentialAction":[{"@type":"ReadAction","target":["https:\/\/doktorvolt.pl\/en\/oferta-doktorvolt\/workwear\/bluza-polarowa-robocza-czarna-doktorvolt-rozmiar-2xl-2247\/"]}]},{"@type":"ImageObject","inLanguage":"en-US","@id":"https:\/\/doktorvolt.pl\/en\/oferta-doktorvolt\/workwear\/bluza-polarowa-robocza-czarna-doktorvolt-rozmiar-2xl-2247\/#primaryimage","url":"https:\/\/doktorvolt.pl\/wp-content\/uploads\/2026\/02\/pol_pl_13499-13499_1.jpg","contentUrl":"https:\/\/doktorvolt.pl\/wp-content\/uploads\/2026\/02\/pol_pl_13499-13499_1.jpg","width":1000,"height":1000},{"@type":"BreadcrumbList","@id":"https:\/\/doktorvolt.pl\/en\/oferta-doktorvolt\/workwear\/bluza-polarowa-robocza-czarna-doktorvolt-rozmiar-2xl-2247\/#breadcrumb","itemListElement":[{"@type":"ListItem","position":1,"name":"Strona g\u0142\u00f3wna","item":"https:\/\/doktorvolt.pl\/en\/"},{"@type":"ListItem","position":2,"name":"Offer Doktorvolt","item":"https:\/\/doktorvolt.pl\/en\/offer-doktorvolt\/"},{"@type":"ListItem","position":3,"name":"Bluza polarowa robocza Czarna Doktorvolt Rozmiar 2XL 2247"}]},{"@type":"WebSite","@id":"https:\/\/doktorvolt.pl\/de\/#website","url":"https:\/\/doktorvolt.pl\/de\/","name":"DOKTORVOLT\u00ae","description":"Producent rozdzielnic budowlanych","publisher":{"@id":"https:\/\/doktorvolt.pl\/de\/#organization"},"potentialAction":[{"@type":"SearchAction","target":{"@type":"EntryPoint","urlTemplate":"https:\/\/doktorvolt.pl\/de\/?s={search_term_string}"},"query-input":{"@type":"PropertyValueSpecification","valueRequired":true,"valueName":"search_term_string"}}],"inLanguage":"en-US"},{"@type":"Organization","@id":"https:\/\/doktorvolt.pl\/de\/#organization","name":"DOKTORVOLT\u00ae","url":"https:\/\/doktorvolt.pl\/de\/","logo":{"@type":"ImageObject","inLanguage":"en-US","@id":"https:\/\/doktorvolt.pl\/de\/#\/schema\/logo\/image\/","url":"https:\/\/doktorvolt.pl\/wp-content\/uploads\/2023\/10\/DoktorVOLT-black-png.png","contentUrl":"https:\/\/doktorvolt.pl\/wp-content\/uploads\/2023\/10\/DoktorVOLT-black-png.png","width":729,"height":40,"caption":"DOKTORVOLT\u00ae"},"image":{"@id":"https:\/\/doktorvolt.pl\/de\/#\/schema\/logo\/image\/"}}]}},"_links":{"self":[{"href":"https:\/\/doktorvolt.pl\/en\/wp-json\/wp\/v2\/product\/110837","targetHints":{"allow":["GET"]}}],"collection":[{"href":"https:\/\/doktorvolt.pl\/en\/wp-json\/wp\/v2\/product"}],"about":[{"href":"https:\/\/doktorvolt.pl\/en\/wp-json\/wp\/v2\/types\/product"}],"wp:featuredmedia":[{"embeddable":true,"href":"https:\/\/doktorvolt.pl\/en\/wp-json\/wp\/v2\/media\/103566"}],"wp:attachment":[{"href":"https:\/\/doktorvolt.pl\/en\/wp-json\/wp\/v2\/media?parent=110837"}],"wp:term":[{"taxonomy":"product_brand","embeddable":true,"href":"https:\/\/doktorvolt.pl\/en\/wp-json\/wp\/v2\/product_brand?post=110837"},{"taxonomy":"product_cat","embeddable":true,"href":"https:\/\/doktorvolt.pl\/en\/wp-json\/wp\/v2\/product_cat?post=110837"},{"taxonomy":"product_tag","embeddable":true,"href":"https:\/\/doktorvolt.pl\/en\/wp-json\/wp\/v2\/product_tag?post=110837"}],"curies":[{"name":"wp","href":"https:\/\/api.w.org\/{rel}","templated":true}]}}