{"id":110846,"date":"2026-02-23T15:41:51","date_gmt":"2026-02-23T13:41:51","guid":{"rendered":"https:\/\/doktorvolt.pl\/sklep\/uncategorized\/krotkie-spodenki-robocze-245-g-m2-r50-dla-elektrykow-doktorvolt-2148\/"},"modified":"2026-02-23T15:41:51","modified_gmt":"2026-02-23T13:41:51","slug":"krotkie-spodenki-robocze-245-g-m2-r50-dla-elektrykow-doktorvolt-2148","status":"publish","type":"product","link":"https:\/\/doktorvolt.pl\/en\/oferta-doktorvolt\/accessories\/construction-renovation-tools\/workwear\/krotkie-spodenki-robocze-245-g-m2-r50-dla-elektrykow-doktorvolt-2148\/","title":{"rendered":"Kr\u00f3tkie spodenki robocze 245 g\/m2 R50 dla elektryk\u00f3w Doktorvolt 2148"},"content":{"rendered":"<p><!-- aukcja by Wlodi --><\/p>\n<h1 style=\"text-align:center;\"><span style=\"color:#000000;\">Kr\u00f3tkie spodenki robocze\u00a0245 g\/m2 Rozmiar 50<\/span><br \/><span style=\"color:#000000;\">Doktorvolt<\/span><\/h1>\n<\/p>\n<p style=\"text-align:justify;font-size:13pt;\"><span style=\"color:#000000;\">Odzie\u017c robocza ma za zadanie chroni\u0107 przed drobnymi urazami oraz cechowa\u0107 si\u0119 pewn\u0105 wytrzyma\u0142o\u015bci\u0105, co zapewni przez d\u0142u\u017cszy czas mo\u017cliwo\u015b\u0107 komfortowej pracy. Aby spe\u0142ni\u0107 te wymagania, ubranie musi by\u0107 wykonane z odpowiednich jako\u015bciowych materia\u0142\u00f3w. Ponadto wa\u017cny jest design, kt\u00f3ry dodaje profesjonalnego wygl\u0105du pracownikom. Firma Doktorvolt wypu\u015bci\u0142a na rynek firmow\u0105 lini\u0119 odzie\u017cy roboczej.<\/span><\/p>\n<p style=\"text-align:justify;font-size:13pt;\"><span style=\"color:#000000;\">Nowy produkt Doktorvolt doskonale sprawdzi si\u0119 przy pracach instalacyjnych, budowlanych, remontowych oraz ogrodniczych. Odzie\u017c robocza cechuje si\u0119 praktycznym designem w niebiesko-czarnej kolorystyce. Ubrania s\u0105 wytrzyma\u0142e i doskonale sprawdz\u0105 si\u0119 w ka\u017cdych warunkach. Stanowi doskona\u0142\u0105 ochron\u0119 przed zabrudzeniem i minimalnymi zagro\u017ceniami podczas wykonywania prac produkcyjnych i us\u0142ugowych.<\/span><\/p>\n<p style=\"text-align:justify;font-size:13pt;\"><span style=\"color:#000000;\">Ubrania robocze dost\u0119pne s\u0105 w dw\u00f3ch wariantach i kilku rozmiarach. Pierwsz\u0105 opcj\u0105 s\u0105 spodnie do pasa kr\u00f3tkie. Wyr\u00f3\u017cniaj\u0105 si\u0119 uczuciem komfortu, gdy s\u0105 noszone w czasie wykonywania prac. U g\u00f3ry wyko\u0144czone s\u0105 paskiem z gum\u0105 z ty\u0142u po \u015brodku (nowa paskarka). Dodatkowo zapinany jest na guzik metalowy i posiada 6 szlufek szerokich (1,8 cm) oraz jedn\u0105 du\u017c\u0105 z ty\u0142u. Na prawym worku wpuszczanej kieszeni (pod paskiem) wszyty pasek z ta\u015bmy no\u015bnej (3 cm) i z p\u00f3\u0142kolem metalowym (mo\u017cliwo\u015b\u0107 chowania do kieszeni). Na nogawkach tylnych znajduj\u0105 kieszenie nak\u0142adane z mieszkiem z jednej strony (z Cordury) przykryte patkami na 2 rzepy 4&#215;2 cm. Ubranie posiada r\u00f3wnie\u017c poni\u017cej prawej tylnej kieszeni metr\u00f3wk\u0119 podw\u00f3jn\u0105 (2-ig\u0142owka) oraz kiesze\u0144 na d\u0142ugopis (z 2 dziurkami) i 2 paskami z ta\u015bmy no\u015bnej (2 cm). Nogawki spodni s\u0105 podwini\u0119te i przest\u0119bnowane. Dodatkowo, w kroku spodni wszyty jest klin ze \u015bci\u0105gacza. To tylko kilka walor\u00f3w nowej odzie\u017cy roboczej Doktorvolt.<\/span><\/p>\n<p style=\"text-align:justify;font-size:13pt;\">\n<table class=\"center\" style=\"background-color:#f5f5f5;margin-left:auto;margin-right:auto;width:520px;height:1151px;border:1px solid #ffffff;\" align=\"center\">\n<tbody>\n<tr>\n<td style=\"text-align:right;padding:15px;height:25px;\" valign=\"middle\" align=\"right\">\n<p><span style=\"font-family:verdana, geneva;color:#000000;\"><span style=\"font-size:16px;\">rozmiar<\/span><\/span><\/p>\n<\/td>\n<td style=\"background-color:#ffffff;text-align:center;\">\n<p><span style=\"font-size:16px;color:#000000;\">50<\/span><\/p>\n<\/td>\n<\/tr>\n<tr>\n<td style=\"text-align:right;padding:15px;height:25px;\" valign=\"middle\" align=\"right\">\n<p><span style=\"font-family:verdana, geneva;color:#000000;\"><span style=\"font-size:16px;\">tkanina Jowisz (245 g\/m2)<\/span><\/span><\/p>\n<\/td>\n<td style=\"background-color:#ffffff;text-align:center;\">\n<p><span style=\"font-size:16px;color:#000000;\">sk\u0142ad:<\/span><\/p>\n<p><span style=\"font-size:16px;color:#000000;\">55% bawe\u0142na, 45% poliester<\/span><\/p>\n<p><span style=\"font-size:16px;color:#000000;\">kolor:<\/span><\/p>\n<p><span style=\"font-size:16px;color:#000000;\">niebieski 293C, czarny 910<\/span><\/p>\n<\/td>\n<\/tr>\n<tr>\n<td style=\"text-align:right;padding:15px;height:25px;\" valign=\"middle\" align=\"right\">\n<p><span style=\"font-family:verdana, geneva;color:#000000;\"><span style=\"font-size:16px;\">tkanina Cordura (245 g\/m2)<\/span><\/span><\/p>\n<\/td>\n<td style=\"background-color:#ffffff;text-align:center;\">\n<p><span style=\"font-family:verdana, geneva;color:#000000;\"><span style=\"font-size:16px;\">sk\u0142ad:<\/span><\/span><\/p>\n<p><span style=\"font-family:verdana, geneva;color:#000000;\"><span style=\"font-size:16px;\">100% poliester<\/span><\/span><\/p>\n<p><span style=\"font-family:verdana, geneva;color:#000000;\"><span style=\"font-size:16px;\">kolor:<\/span><\/span><\/p>\n<p><span style=\"font-family:verdana, geneva;color:#000000;\"><span style=\"font-size:16px;\">czarny<\/span><\/span><\/p>\n<\/td>\n<\/tr>\n<tr>\n<td style=\"text-align:right;padding:15px;height:25px;\" valign=\"middle\" align=\"right\">\n<p><span style=\"font-family:verdana, geneva;color:#000000;\"><span style=\"font-size:16px;\">kieszeni\u00f3wka<\/span><\/span><\/p>\n<\/td>\n<td style=\"background-color:#ffffff;text-align:center;\">\n<p><span style=\"font-family:verdana, geneva;color:#000000;\"><span style=\"font-size:16px;\">czarna<\/span><\/span><\/p>\n<\/td>\n<\/tr>\n<tr>\n<td style=\"text-align:right;padding:15px;height:25px;\" valign=\"middle\" align=\"right\"><span style=\"font-family:verdana, geneva;color:#000000;\"><span style=\"font-size:16px;\">sezon<\/span><\/span><\/td>\n<td style=\"background-color:#ffffff;text-align:center;\"><span style=\"font-size:16px;color:#000000;\">letni<\/span><\/td>\n<\/tr>\n<tr>\n<td style=\"text-align:right;padding:15px;height:25px;\" valign=\"middle\" align=\"right\"><span style=\"font-family:verdana, geneva;color:#000000;\"><span style=\"font-size:16px;\">szycie<\/span><\/span><\/td>\n<td style=\"background-color:#ffffff;text-align:center;\">\n<p><span style=\"font-size:16px;color:#000000;\">&#8211; patki st\u0119bnowane na 2-ig\u0142\u00f3wce<\/span><\/p>\n<p><span style=\"font-size:16px;color:#000000;\">&#8211; karczki, wzmocnienia, cordura w dole nogawek &#8211; (overlok + 2-ig\u0142\u00f3wka)<\/span><\/p>\n<p><span style=\"font-size:16px;color:#000000;\">&#8211; siedzeniowy &#8211; na lejku (2-ig\u0142y)<\/span><\/p>\n<p><span style=\"font-size:16px;color:#000000;\">&#8211; zewn\u0119trzny i wewn\u0119trzny szwy &#8211; overlok<\/span><\/p>\n<\/td>\n<\/tr>\n<tr>\n<td style=\"text-align:right;padding:15px;height:25px;\" valign=\"middle\" align=\"right\">\n<p><span style=\"font-family:verdana, geneva;color:#000000;\"><span style=\"font-size:16px;\">nici<\/span><\/span><\/p>\n<\/td>\n<td style=\"background-color:#ffffff;text-align:center;\">\n<p><span style=\"font-size:16px;color:#000000;\">w kolorach tkanin &#8211; niebieskie i czarne<\/span><\/p>\n<\/td>\n<\/tr>\n<tr>\n<td style=\"text-align:right;padding:15px;height:25px;\" valign=\"middle\" align=\"right\"><span style=\"font-size:12pt;color:#000000;\"><span style=\"font-family:verdana, geneva;\">elementy odblaskowe<\/span><\/span><\/td>\n<td style=\"background-color:#ffffff;text-align:center;\"><span style=\"font-family:verdana, geneva;color:#000000;\"><span style=\"font-size:16px;\">&#8211;<\/span><\/span><\/td>\n<\/tr>\n<tr>\n<td style=\"text-align:right;padding:15px;height:25px;\" valign=\"middle\" align=\"right\"><span style=\"font-size:12pt;color:#000000;\"><span style=\"font-family:verdana, geneva;\">w przodzie dwie kieszenie wpuszczane<\/span><\/span><\/td>\n<td style=\"background-color:#ffffff;text-align:center;\">\n<p><span style=\"font-size:12pt;font-family:verdana, geneva;color:#000000;\"><span style=\"font-size:12pt;font-family:verdana, geneva;\"><span style=\"font-size:12pt;\"><span style=\"font-size:12pt;font-family:verdana, geneva;\"><span style=\"font-size:12pt;\">tak<\/span><\/span><\/span><\/span><\/span><\/p>\n<p><span style=\"font-size:12pt;font-family:verdana, geneva;color:#000000;\"><span style=\"font-size:12pt;font-family:verdana, geneva;\"><span style=\"font-size:12pt;\"><span style=\"font-size:12pt;font-family:verdana, geneva;\"><span style=\"font-size:12pt;\">Worki przy wlocie \u2013 z Cordury.\u00a0<\/span><\/span><\/span><\/span><\/span><\/p>\n<\/td>\n<\/tr>\n<tr>\n<td style=\"text-align:right;padding:15px;height:25px;\" valign=\"middle\" align=\"right\"><span style=\"font-family:verdana, geneva;color:#000000;\"><span style=\"font-size:16px;\">producent<\/span><\/span><\/td>\n<td style=\"background-color:#ffffff;text-align:center;\"><span style=\"font-size:12pt;font-family:verdana, geneva;color:#000000;\">Doktorvolt<\/span><\/td>\n<\/tr>\n<tr>\n<td style=\"text-align:right;padding:15px;height:25px;\" valign=\"middle\" align=\"right\"><span style=\"font-family:verdana, geneva;color:#000000;\"><span style=\"font-size:16px;\">oznaczenie producenta<\/span><\/span><\/td>\n<td style=\"background-color:#ffffff;text-align:center;\"><span style=\"font-size:12pt;font-family:verdana, geneva;color:#000000;\">DV-2148-SK-B551-50<\/span><\/td>\n<\/tr>\n<tr>\n<td style=\"text-align:right;padding:15px;height:25px;\" valign=\"middle\" align=\"right\"><span style=\"font-size:12pt;font-family:verdana, geneva;color:#000000;\"><span style=\"font-family:verdana, geneva;\">kod EAN<br \/><\/span><\/span><\/td>\n<td style=\"background-color:#ffffff;text-align:center;\"><span style=\"font-size:12pt;font-family:verdana, geneva;color:#000000;\">5907589332148<\/span><\/td>\n<\/tr>\n<\/tbody>\n<\/table>\n","protected":false},"excerpt":{"rendered":"<p>Kr\u00f3tkie spodenki robocze\u00a0do pasa rozmiar 50<\/p>\n","protected":false},"featured_media":103413,"template":"","meta":[],"product_brand":[],"product_cat":[5229],"product_tag":[],"class_list":{"0":"post-110846","1":"product","2":"type-product","3":"status-publish","4":"has-post-thumbnail","6":"product_cat-workwear","8":"first","9":"instock","10":"shipping-taxable","11":"product-type-external"},"yoast_head":"<!-- This site is optimized with the Yoast SEO plugin v27.0 - https:\/\/yoast.com\/product\/yoast-seo-wordpress\/ -->\n<title>Kr\u00f3tkie spodenki robocze 245 g\/m2 R50 dla elektryk\u00f3w Doktorvolt 2148 - DOKTORVOLT\u00ae<\/title>\n<meta name=\"robots\" content=\"index, follow, max-snippet:-1, max-image-preview:large, max-video-preview:-1\" \/>\n<link rel=\"canonical\" href=\"https:\/\/doktorvolt.pl\/en\/oferta-doktorvolt\/workwear\/krotkie-spodenki-robocze-245-g-m2-r50-dla-elektrykow-doktorvolt-2148\/\" \/>\n<meta property=\"og:locale\" content=\"en_US\" \/>\n<meta property=\"og:type\" content=\"article\" \/>\n<meta property=\"og:title\" content=\"Kr\u00f3tkie spodenki robocze 245 g\/m2 R50 dla elektryk\u00f3w Doktorvolt 2148 - DOKTORVOLT\u00ae\" \/>\n<meta property=\"og:description\" content=\"Kr\u00f3tkie spodenki robocze\u00a0do pasa rozmiar 50\" \/>\n<meta property=\"og:url\" content=\"https:\/\/doktorvolt.pl\/en\/oferta-doktorvolt\/workwear\/krotkie-spodenki-robocze-245-g-m2-r50-dla-elektrykow-doktorvolt-2148\/\" \/>\n<meta property=\"og:site_name\" content=\"DOKTORVOLT\u00ae\" \/>\n<meta property=\"og:image\" content=\"https:\/\/doktorvolt.pl\/wp-content\/uploads\/2026\/02\/pol_pl_13224-13224_1.jpg\" \/>\n\t<meta property=\"og:image:width\" content=\"1000\" \/>\n\t<meta property=\"og:image:height\" content=\"1000\" \/>\n\t<meta property=\"og:image:type\" content=\"image\/jpeg\" \/>\n<meta name=\"twitter:card\" content=\"summary_large_image\" \/>\n<meta name=\"twitter:label1\" content=\"Est. reading time\" \/>\n\t<meta name=\"twitter:data1\" content=\"2 minutes\" \/>\n<script type=\"application\/ld+json\" class=\"yoast-schema-graph\">{\"@context\":\"https:\/\/schema.org\",\"@graph\":[{\"@type\":\"WebPage\",\"@id\":\"https:\/\/doktorvolt.pl\/en\/oferta-doktorvolt\/workwear\/krotkie-spodenki-robocze-245-g-m2-r50-dla-elektrykow-doktorvolt-2148\/\",\"url\":\"https:\/\/doktorvolt.pl\/en\/oferta-doktorvolt\/workwear\/krotkie-spodenki-robocze-245-g-m2-r50-dla-elektrykow-doktorvolt-2148\/\",\"name\":\"Kr\u00f3tkie spodenki robocze 245 g\/m2 R50 dla elektryk\u00f3w Doktorvolt 2148 - DOKTORVOLT\u00ae\",\"isPartOf\":{\"@id\":\"https:\/\/doktorvolt.pl\/de\/#website\"},\"primaryImageOfPage\":{\"@id\":\"https:\/\/doktorvolt.pl\/en\/oferta-doktorvolt\/workwear\/krotkie-spodenki-robocze-245-g-m2-r50-dla-elektrykow-doktorvolt-2148\/#primaryimage\"},\"image\":{\"@id\":\"https:\/\/doktorvolt.pl\/en\/oferta-doktorvolt\/workwear\/krotkie-spodenki-robocze-245-g-m2-r50-dla-elektrykow-doktorvolt-2148\/#primaryimage\"},\"thumbnailUrl\":\"https:\/\/doktorvolt.pl\/wp-content\/uploads\/2026\/02\/pol_pl_13224-13224_1.jpg\",\"datePublished\":\"2026-02-23T13:41:51+00:00\",\"breadcrumb\":{\"@id\":\"https:\/\/doktorvolt.pl\/en\/oferta-doktorvolt\/workwear\/krotkie-spodenki-robocze-245-g-m2-r50-dla-elektrykow-doktorvolt-2148\/#breadcrumb\"},\"inLanguage\":\"en-US\",\"potentialAction\":[{\"@type\":\"ReadAction\",\"target\":[\"https:\/\/doktorvolt.pl\/en\/oferta-doktorvolt\/workwear\/krotkie-spodenki-robocze-245-g-m2-r50-dla-elektrykow-doktorvolt-2148\/\"]}]},{\"@type\":\"ImageObject\",\"inLanguage\":\"en-US\",\"@id\":\"https:\/\/doktorvolt.pl\/en\/oferta-doktorvolt\/workwear\/krotkie-spodenki-robocze-245-g-m2-r50-dla-elektrykow-doktorvolt-2148\/#primaryimage\",\"url\":\"https:\/\/doktorvolt.pl\/wp-content\/uploads\/2026\/02\/pol_pl_13224-13224_1.jpg\",\"contentUrl\":\"https:\/\/doktorvolt.pl\/wp-content\/uploads\/2026\/02\/pol_pl_13224-13224_1.jpg\",\"width\":1000,\"height\":1000},{\"@type\":\"BreadcrumbList\",\"@id\":\"https:\/\/doktorvolt.pl\/en\/oferta-doktorvolt\/workwear\/krotkie-spodenki-robocze-245-g-m2-r50-dla-elektrykow-doktorvolt-2148\/#breadcrumb\",\"itemListElement\":[{\"@type\":\"ListItem\",\"position\":1,\"name\":\"Strona g\u0142\u00f3wna\",\"item\":\"https:\/\/doktorvolt.pl\/en\/\"},{\"@type\":\"ListItem\",\"position\":2,\"name\":\"Offer Doktorvolt\",\"item\":\"https:\/\/doktorvolt.pl\/en\/offer-doktorvolt\/\"},{\"@type\":\"ListItem\",\"position\":3,\"name\":\"Kr\u00f3tkie spodenki robocze 245 g\/m2 R50 dla elektryk\u00f3w Doktorvolt 2148\"}]},{\"@type\":\"WebSite\",\"@id\":\"https:\/\/doktorvolt.pl\/de\/#website\",\"url\":\"https:\/\/doktorvolt.pl\/de\/\",\"name\":\"DOKTORVOLT\u00ae\",\"description\":\"Producent rozdzielnic budowlanych\",\"publisher\":{\"@id\":\"https:\/\/doktorvolt.pl\/de\/#organization\"},\"potentialAction\":[{\"@type\":\"SearchAction\",\"target\":{\"@type\":\"EntryPoint\",\"urlTemplate\":\"https:\/\/doktorvolt.pl\/de\/?s={search_term_string}\"},\"query-input\":{\"@type\":\"PropertyValueSpecification\",\"valueRequired\":true,\"valueName\":\"search_term_string\"}}],\"inLanguage\":\"en-US\"},{\"@type\":\"Organization\",\"@id\":\"https:\/\/doktorvolt.pl\/de\/#organization\",\"name\":\"DOKTORVOLT\u00ae\",\"url\":\"https:\/\/doktorvolt.pl\/de\/\",\"logo\":{\"@type\":\"ImageObject\",\"inLanguage\":\"en-US\",\"@id\":\"https:\/\/doktorvolt.pl\/de\/#\/schema\/logo\/image\/\",\"url\":\"https:\/\/doktorvolt.pl\/wp-content\/uploads\/2023\/10\/DoktorVOLT-black-png.png\",\"contentUrl\":\"https:\/\/doktorvolt.pl\/wp-content\/uploads\/2023\/10\/DoktorVOLT-black-png.png\",\"width\":729,\"height\":40,\"caption\":\"DOKTORVOLT\u00ae\"},\"image\":{\"@id\":\"https:\/\/doktorvolt.pl\/de\/#\/schema\/logo\/image\/\"}}]}<\/script>\n<!-- \/ Yoast SEO plugin. -->","yoast_head_json":{"title":"Kr\u00f3tkie spodenki robocze 245 g\/m2 R50 dla elektryk\u00f3w Doktorvolt 2148 - DOKTORVOLT\u00ae","robots":{"index":"index","follow":"follow","max-snippet":"max-snippet:-1","max-image-preview":"max-image-preview:large","max-video-preview":"max-video-preview:-1"},"canonical":"https:\/\/doktorvolt.pl\/en\/oferta-doktorvolt\/workwear\/krotkie-spodenki-robocze-245-g-m2-r50-dla-elektrykow-doktorvolt-2148\/","og_locale":"en_US","og_type":"article","og_title":"Kr\u00f3tkie spodenki robocze 245 g\/m2 R50 dla elektryk\u00f3w Doktorvolt 2148 - DOKTORVOLT\u00ae","og_description":"Kr\u00f3tkie spodenki robocze\u00a0do pasa rozmiar 50","og_url":"https:\/\/doktorvolt.pl\/en\/oferta-doktorvolt\/workwear\/krotkie-spodenki-robocze-245-g-m2-r50-dla-elektrykow-doktorvolt-2148\/","og_site_name":"DOKTORVOLT\u00ae","og_image":[{"width":1000,"height":1000,"url":"https:\/\/doktorvolt.pl\/wp-content\/uploads\/2026\/02\/pol_pl_13224-13224_1.jpg","type":"image\/jpeg"}],"twitter_card":"summary_large_image","twitter_misc":{"Est. reading time":"2 minutes"},"schema":{"@context":"https:\/\/schema.org","@graph":[{"@type":"WebPage","@id":"https:\/\/doktorvolt.pl\/en\/oferta-doktorvolt\/workwear\/krotkie-spodenki-robocze-245-g-m2-r50-dla-elektrykow-doktorvolt-2148\/","url":"https:\/\/doktorvolt.pl\/en\/oferta-doktorvolt\/workwear\/krotkie-spodenki-robocze-245-g-m2-r50-dla-elektrykow-doktorvolt-2148\/","name":"Kr\u00f3tkie spodenki robocze 245 g\/m2 R50 dla elektryk\u00f3w Doktorvolt 2148 - DOKTORVOLT\u00ae","isPartOf":{"@id":"https:\/\/doktorvolt.pl\/de\/#website"},"primaryImageOfPage":{"@id":"https:\/\/doktorvolt.pl\/en\/oferta-doktorvolt\/workwear\/krotkie-spodenki-robocze-245-g-m2-r50-dla-elektrykow-doktorvolt-2148\/#primaryimage"},"image":{"@id":"https:\/\/doktorvolt.pl\/en\/oferta-doktorvolt\/workwear\/krotkie-spodenki-robocze-245-g-m2-r50-dla-elektrykow-doktorvolt-2148\/#primaryimage"},"thumbnailUrl":"https:\/\/doktorvolt.pl\/wp-content\/uploads\/2026\/02\/pol_pl_13224-13224_1.jpg","datePublished":"2026-02-23T13:41:51+00:00","breadcrumb":{"@id":"https:\/\/doktorvolt.pl\/en\/oferta-doktorvolt\/workwear\/krotkie-spodenki-robocze-245-g-m2-r50-dla-elektrykow-doktorvolt-2148\/#breadcrumb"},"inLanguage":"en-US","potentialAction":[{"@type":"ReadAction","target":["https:\/\/doktorvolt.pl\/en\/oferta-doktorvolt\/workwear\/krotkie-spodenki-robocze-245-g-m2-r50-dla-elektrykow-doktorvolt-2148\/"]}]},{"@type":"ImageObject","inLanguage":"en-US","@id":"https:\/\/doktorvolt.pl\/en\/oferta-doktorvolt\/workwear\/krotkie-spodenki-robocze-245-g-m2-r50-dla-elektrykow-doktorvolt-2148\/#primaryimage","url":"https:\/\/doktorvolt.pl\/wp-content\/uploads\/2026\/02\/pol_pl_13224-13224_1.jpg","contentUrl":"https:\/\/doktorvolt.pl\/wp-content\/uploads\/2026\/02\/pol_pl_13224-13224_1.jpg","width":1000,"height":1000},{"@type":"BreadcrumbList","@id":"https:\/\/doktorvolt.pl\/en\/oferta-doktorvolt\/workwear\/krotkie-spodenki-robocze-245-g-m2-r50-dla-elektrykow-doktorvolt-2148\/#breadcrumb","itemListElement":[{"@type":"ListItem","position":1,"name":"Strona g\u0142\u00f3wna","item":"https:\/\/doktorvolt.pl\/en\/"},{"@type":"ListItem","position":2,"name":"Offer Doktorvolt","item":"https:\/\/doktorvolt.pl\/en\/offer-doktorvolt\/"},{"@type":"ListItem","position":3,"name":"Kr\u00f3tkie spodenki robocze 245 g\/m2 R50 dla elektryk\u00f3w Doktorvolt 2148"}]},{"@type":"WebSite","@id":"https:\/\/doktorvolt.pl\/de\/#website","url":"https:\/\/doktorvolt.pl\/de\/","name":"DOKTORVOLT\u00ae","description":"Producent rozdzielnic budowlanych","publisher":{"@id":"https:\/\/doktorvolt.pl\/de\/#organization"},"potentialAction":[{"@type":"SearchAction","target":{"@type":"EntryPoint","urlTemplate":"https:\/\/doktorvolt.pl\/de\/?s={search_term_string}"},"query-input":{"@type":"PropertyValueSpecification","valueRequired":true,"valueName":"search_term_string"}}],"inLanguage":"en-US"},{"@type":"Organization","@id":"https:\/\/doktorvolt.pl\/de\/#organization","name":"DOKTORVOLT\u00ae","url":"https:\/\/doktorvolt.pl\/de\/","logo":{"@type":"ImageObject","inLanguage":"en-US","@id":"https:\/\/doktorvolt.pl\/de\/#\/schema\/logo\/image\/","url":"https:\/\/doktorvolt.pl\/wp-content\/uploads\/2023\/10\/DoktorVOLT-black-png.png","contentUrl":"https:\/\/doktorvolt.pl\/wp-content\/uploads\/2023\/10\/DoktorVOLT-black-png.png","width":729,"height":40,"caption":"DOKTORVOLT\u00ae"},"image":{"@id":"https:\/\/doktorvolt.pl\/de\/#\/schema\/logo\/image\/"}}]}},"_links":{"self":[{"href":"https:\/\/doktorvolt.pl\/en\/wp-json\/wp\/v2\/product\/110846","targetHints":{"allow":["GET"]}}],"collection":[{"href":"https:\/\/doktorvolt.pl\/en\/wp-json\/wp\/v2\/product"}],"about":[{"href":"https:\/\/doktorvolt.pl\/en\/wp-json\/wp\/v2\/types\/product"}],"wp:featuredmedia":[{"embeddable":true,"href":"https:\/\/doktorvolt.pl\/en\/wp-json\/wp\/v2\/media\/103413"}],"wp:attachment":[{"href":"https:\/\/doktorvolt.pl\/en\/wp-json\/wp\/v2\/media?parent=110846"}],"wp:term":[{"taxonomy":"product_brand","embeddable":true,"href":"https:\/\/doktorvolt.pl\/en\/wp-json\/wp\/v2\/product_brand?post=110846"},{"taxonomy":"product_cat","embeddable":true,"href":"https:\/\/doktorvolt.pl\/en\/wp-json\/wp\/v2\/product_cat?post=110846"},{"taxonomy":"product_tag","embeddable":true,"href":"https:\/\/doktorvolt.pl\/en\/wp-json\/wp\/v2\/product_tag?post=110846"}],"curies":[{"name":"wp","href":"https:\/\/api.w.org\/{rel}","templated":true}]}}