{"id":110854,"date":"2026-02-23T15:40:56","date_gmt":"2026-02-23T13:40:56","guid":{"rendered":"https:\/\/doktorvolt.pl\/sklep\/uncategorized\/rozdzielnica-budowlana-4x230v-2x16a-jun-bez-zabezpieczen-gniazda-bals-doktorvolt-dv-6863-f\/"},"modified":"2026-02-23T15:40:56","modified_gmt":"2026-02-23T13:40:56","slug":"rozdzielnica-budowlana-4x230v-2x16a-jun-bez-zabezpieczen-gniazda-bals-doktorvolt-dv-6863-f","status":"publish","type":"product","link":"https:\/\/doktorvolt.pl\/en\/oferta-doktorvolt\/distribution-boxes\/jun-series\/rozdzielnica-budowlana-4x230v-2x16a-jun-bez-zabezpieczen-gniazda-bals-doktorvolt-dv-6863-f\/","title":{"rendered":"Rozdzielnica budowlana 4x230V 2x16A JUN bez zabezpiecze\u0144 gniazda Bals DOKTORVOLT DV-6863-F"},"content":{"rendered":"<p><!DOCTYPE html><br \/>\n<html lang=\"pl\"><br \/>\n<head><br \/>\n    <meta charset=\"UTF-8\"><br \/>\n    <meta name=\"viewport\" content=\"width=device-width, initial-scale=1.0\">\n    <link rel=\"stylesheet\" href=\"https:\/\/preis-zone.com\/data\/include\/cms\/1.-style-css\/style_dlugi_DV.css?v=1744613556021\">\n    <title>Rozdzielnica budowlana JUN 2x16A 4x230V gniazda Bals DOKTORVOLT\u00ae DV-6863-F<\/title><br \/>\n<\/head><br \/>\n<body><\/p>\n<p><!-- Nag\u0142\u00f3wek g\u0142\u00f3wny strony --><\/p>\n<h1 class=\"title-h1\"><span>Rozdzielnica budowlana JUN 2x16A 4x230V gniazda Bals DOKTORVOLT\u00ae DV-6863-F<\/span><\/h1>\n<h4 class=\"title-h4\"><span>Gotowa do u\u017cycia rozdzielnica budowlana JUN 2x16A 4x230V marki Doktorvolt\u00ae z gniazdami Bals. Odporna na warunki zewn\u0119trzne (IP44), idealna na budow\u0119, do warsztatu i zastosowa\u0144 mobilnych<\/span><\/h4>\n<div><img decoding=\"async\" class=\"full-width-img\" src=\"https:\/\/shop38554-1.yourtechnicaldomain.com\/data\/include\/cms\/1-zdjecia-produktow\/DOKTORVOLT\/DV-4995-EV\/ikonka_zielona_z_literka_D_biala.png?v=1729773346118\" border=\"0\" width=\"1900\" height=\"30\"><\/div>\n<p><!-- Sekcja 1 --><\/p>\n<div class=\"section-wrapper\">\n<div class=\"section-text\">\n<div class=\"max-width-500\">\n<h2 class=\"section-heading\"><strong>Rozdzielnica gotowa do pod\u0142\u0105czenia \u2013 od razu do pracy<\/strong><\/h2>\n<\/p><\/div>\n<div class=\"section-description\">\n            <span><br \/>\n                Rozdzielnica budowlana JUN 2x16A 4x230V marki Doktorvolt\u00ae to kompaktowe i funkcjonalne rozwi\u0105zanie, kt\u00f3re zapewnia wygodne pod\u0142\u0105czenie urz\u0105dze\u0144 zar\u00f3wno jednofazowych, jak i tr\u00f3jfazowych. Dzi\u0119ki zastosowaniu wysokiej jako\u015bci obudowy z tworzywa sztucznego oraz gniazdom Bals, urz\u0105dzenie gwarantuje trwa\u0142o\u015b\u0107, szczelno\u015b\u0107 i odporno\u015b\u0107 na trudne warunki zewn\u0119trzne. Ca\u0142o\u015b\u0107 jest w pe\u0142ni okablowana i gotowa do natychmiastowego u\u017cytku \u2013 bez potrzeby dodatkowego monta\u017cu<br \/>\n            <\/span>\n        <\/div>\n<\/p><\/div>\n<div><img decoding=\"async\" src=\"https:\/\/preis-zone.com\/hpeciai\/1da1908409f490728d0c9c3e92f79263\/17687_1.jpg?48926\" width=\"472\" height=\"472\" class=\"img-responsive\"><\/div>\n<\/div>\n<div><img decoding=\"async\" class=\"full-width-img\" src=\"https:\/\/shop38554-1.yourtechnicaldomain.com\/data\/include\/cms\/1-zdjecia-produktow\/DOKTORVOLT\/DV-4995-EV\/ikonka_zielona_z_literka_D_biala.png?v=1729773346118\" border=\"0\" width=\"1900\" height=\"30\"><\/div>\n<p><!-- Sekcja 2 --><\/p>\n<div class=\"section-wrapper\">\n<div>\n        <video class=\"video-custom\" width=\"400\" height=\"300\" src=\"https:\/\/preis-zone.com\/data\/include\/cms\/1-zdjecia-produktow\/DOKTORVOLT\/DV-6863-F\/DV-6863-F_v.mp4?v=1757054147834\" type=\"video\/mp4\" controls autoplay muted loop controlsList=\"nodownload\"><\/video>\n    <\/div>\n<div class=\"section-text max-width-500\">\n<h2 class=\"section-heading\"><strong>Uniwersalne zastosowanie w ka\u017cdych warunkach<\/strong><\/h2>\n<div class=\"section-description\">\n            <span><br \/>\n               Rozdzielnica JUN doskonale sprawdzi si\u0119 zar\u00f3wno na profesjonalnych placach budowy, jak i w domowych warsztatach czy podczas imprez plenerowych. Dzi\u0119ki szczelno\u015bci IP44 i wytrzyma\u0142ej konstrukcji mo\u017ce by\u0107 stosowana w trudnych warunkach atmosferycznych, zapewniaj\u0105c stabilne i bezpieczne zasilanie. Zosta\u0142a zaprojektowana z my\u015bl\u0105 o maksymalnej funkcjonalno\u015bci i wygodzie u\u017cytkowania w ka\u017cdych warunkach terenowych.<br \/>\n            <\/span>\n        <\/div>\n<\/p><\/div>\n<\/div>\n<p><!-- Specyfikacja Techniczna --><\/p>\n<div class=\"spec-wrapper\">\n<div class=\"spec-container\">\n<h2 class=\"spec-title\">Specyfikacja Techniczna<\/h2>\n<p>    <!-- Block 1 --><\/p>\n<div class=\"spec-block\">\n<div class=\"spec-text\">\n<h2 class=\"block-title\">Informacje Og\u00f3lne<\/h2>\n<p><strong>Model:<\/strong> DV-6863-F<\/p>\n<p><strong>EAN:<\/strong> 5907589336863<\/p>\n<p><strong>Oznaczenie serii produktu:<\/strong> JUN<\/p>\n<p><strong>Producent:<\/strong> Doktorvolt<\/p>\n<\/p><\/div>\n<div class=\"spec-image\">\n        <img decoding=\"async\" src=\"https:\/\/preis-zone.com\/hpeciai\/5a4dd2f82f6ce9ffc4d90a33842d06b7\/17687_5.jpg?68054\" alt=\"Obraz 1\" class=\"img-rounded\">\n      <\/div>\n<\/p><\/div>\n<p>    <!-- Block 2 --><\/p>\n<div class=\"spec-block row-reverse\">\n<div class=\"spec-text-left\">\n<h2 class=\"block-title\">Gniazda i Aparatura Zabezpieczeniowa<\/h2>\n<p><strong>Zabezpieczenia:<\/strong> Brak zabezpiecze\u0144 \u2013 mo\u017cliwo\u015b\u0107 indywidualnego doposa\u017cenia<\/p>\n<p><strong>Gniazda:<\/strong><br \/>4x 230V 16A IP44 Bals<br \/>2x 400V 16A IP54 Bals<\/p>\n<\/p><\/div>\n<div class=\"spec-image\">\n        <img decoding=\"async\" src=\"https:\/\/preis-zone.com\/hpeciai\/dce30277fc486bd4f06c74d7d65caf21\/17687_4.jpg?20232\" alt=\"Obraz 2\" class=\"img-rounded\">\n      <\/div>\n<\/p><\/div>\n<p>    <!-- Block 3 --><\/p>\n<div class=\"spec-block\">\n<div class=\"spec-text\">\n<h2 class=\"block-title\">Okablowanie wewn\u0119trzne<\/h2>\n<p><strong>Rodzaj okablowania:<\/strong><br \/>\n            H07V-K 2,5 mm\u00b2 \u017c\u00f3\u0142to-zielony, czarny, niebieski\n        <\/p>\n<\/p><\/div>\n<div class=\"spec-image\">\n        <img decoding=\"async\" src=\"https:\/\/preis-zone.com\/hpeciai\/dba1d83fbfaba876b76abc8b08324adc\/17687_2.jpg?78395\" alt=\"Obraz 3\" class=\"img-rounded\">\n      <\/div>\n<\/p><\/div>\n<p>    <!-- Block 4 --><\/p>\n<div class=\"spec-block row-reverse\">\n<div class=\"spec-text-left\">\n<h2 class=\"block-title\">Producent i jako\u015b\u0107<\/h2>\n<p><strong>RDF:<\/strong> 1<\/p>\n<p><strong>Producent:<\/strong> Doktorvolt<\/p>\n<p><strong>Certyfikaty i normy producenta:<\/strong><br \/>T\u00dcV S\u00dcD<br \/>ISO 9001:2015<br \/>CE<br \/>IEC 61439<\/p>\n<\/p><\/div>\n<div class=\"spec-image\">\n        <img decoding=\"async\" src=\"https:\/\/preis-zone.com\/hpeciai\/9c569c2e1c0d5e037b6cbd2b5a67ee6a\/17687_11.jpg?33694\" alt=\"Obraz 4\" class=\"img-rounded\">\n      <\/div>\n<\/p><\/div>\n<\/p><\/div>\n<\/div>\n<p><!-- Certyfikacja --><\/p>\n<div class=\"flex-wrapper\">\n<div class=\"content-block\">\n<div class=\"max-width-500\">\n<h2 class=\"h2-black\"><strong>Certyfikat = gwarancja jako\u015bci:<\/strong><\/h2>\n<\/p><\/div>\n<div class=\"description-block\">\n            <span><br \/>\n                Produkty marki DOKTORVOLT s\u0105 poddawane rutynowym testom, aby zapewni\u0107 najwy\u017csz\u0105 jako\u015b\u0107. Ka\u017cdy produkt otrzymuje indywidualny certyfikat potwierdzaj\u0105cy zgodno\u015b\u0107 z normami IEC. Firma posiada certyfikowany system produkcji T\u00dcV S\u00dcD.<br \/>\n            <\/span>\n        <\/div>\n<\/p><\/div>\n<div>\n        <img decoding=\"async\" src=\"https:\/\/preis-zone.com\/hpeciai\/2a7a6dd633121e65954b8bcd0be8c4a5\/17687_3.jpg?67117\" width=\"472\" height=\"472\" class=\"full-width-img\">\n    <\/div>\n<\/div>\n<div>\n    <img decoding=\"async\" class=\"full-width-img\" src=\"https:\/\/preis-zone.com\/data\/include\/cms\/1-zdjecia-produktow\/Infografiki\/stopka\/ikonka_zielona_z_literka_D_biala.png?v=1744364445983\" border=\"0\" width=\"1900\" height=\"30\">\n<\/div>\n<p><!-- IP44 Informacja --><\/p>\n<div class=\"flex-wrapper\">\n<div>\n        <img decoding=\"async\" src=\"https:\/\/shop38554-1.yourtechnicaldomain.com\/data\/include\/cms\/1-zdjecia-produktow\/Logo-IP\/IP_44.png?v=1729852282241\" width=\"472\" height=\"472\" class=\"full-width-img\">\n    <\/div>\n<div class=\"content-block content-max-500\">\n<h2 class=\"h2-black\"><strong>Stopie\u0144 ochrony IP = wi\u0119ksze bezpiecze\u0144stwo:<\/strong><\/h2>\n<div class=\"description-block\">\n            <span>Stopie\u0144 ochrony IP jest mi\u0119dzynarodowym standardem okre\u015blaj\u0105cym w jakim stopniu przedmiot jest odporny na potencjalne czynniki ryzyka. Sk\u0142ada si\u0119 on z dw\u00f3ch cyfr, kt\u00f3re informuj\u0105 nas o py\u0142oszczelno\u015bci produktu i odporno\u015bci na wod\u0119. Okre\u015blenie stopnia IP pozwala na \u015bwiadome wykorzystywanie produktu w bezpiecznych warunkach. Stopie\u0144 ochrony <strong>IP44<\/strong> m\u00f3wi nam, \u017ce urz\u0105dzenie:<br \/>\n            &#8211; jest chronione przed wnikaniem obiekt\u00f3w o wielko\u015bci wi\u0119kszej ni\u017c 1 mm<br \/>\n            &#8211; jest chronione przed wod\u0105 rozpryskuj\u0105c\u0105 si\u0119 z r\u00f3\u017cnych kierunk\u00f3w<br \/>\n            <\/span>\n        <\/div>\n<\/p><\/div>\n<\/div>\n<div>\n    <img decoding=\"async\" class=\"full-width-img\" src=\"https:\/\/preis-zone.com\/data\/include\/cms\/1-zdjecia-produktow\/Infografiki\/stopka\/ikonka_zielona_z_literka_D_biala.png?v=1744364445983\" border=\"0\" width=\"1900\" height=\"30\">\n<\/div>\n<p><!-- Informacje o producencie --><\/p>\n<div class=\"column-center\">\n<h2 class=\"h2-center\">Zaufany producent:<\/h2>\n<p class=\"paragraph-large\">\n    \tFirma Doktorvolt\u00ae zosta\u0142a za\u0142o\u017cona w 2013 roku. Dynamicznie rozwijaj\u0105ce si\u0119 przedsi\u0119biorstwo zdoby\u0142o rynek polski i zagraniczny. Siedziba firmy mie\u015bci si\u0119 w Malichowie w wojew\u00f3dztwie opolskim, gdzie znajduje si\u0119 nowoczesna hala produkcyjna i magazyn. Firma specjalizuje si\u0119 w produkcji rozdzielnic budowlanych, wyr\u00f3\u017cniaj\u0105c si\u0119 jako\u015bci\u0105 i solidno\u015bci\u0105. Ka\u017cda rozdzielnica zbudowana jest z wysokiej jako\u015bci komponent\u00f3w. Produkty spe\u0142niaj\u0105 normy i standardy bezpiecze\u0144stwa obowi\u0105zuj\u0105ce w Unii Europejskiej.\n\t<\/p>\n<p>\t<img decoding=\"async\" src=\"https:\/\/shop38554-1.yourtechnicaldomain.com\/data\/include\/cms\/1-zdjecia-produktow\/doktorvolt-logo\/nowe.jpg?v=1729077634670\" alt=\"Doktorvolt Logo\" width=\"566\" height=\"155\" style=\"margin-top: 20px;\">\n<\/div>\n<p><\/body><br \/>\n<\/html><\/p>\n","protected":false},"excerpt":{"rendered":"<p>Gotowa do u\u017cycia rozdzielnica budowlana JUN 2x16A 4x230V marki Doktorvolt\u00ae z gniazdami Bals. Odporna na warunki zewn\u0119trzne (IP44), idealna na budow\u0119, do warsztatu i zastosowa\u0144 mobilnych.<\/p>\n","protected":false},"featured_media":103313,"template":"","meta":[],"product_brand":[],"product_cat":[5081],"product_tag":[],"class_list":{"0":"post-110854","1":"product","2":"type-product","3":"status-publish","4":"has-post-thumbnail","6":"product_cat-jun-series","7":"pa_material-obudowy-plastic","8":"pa_napiecie-cee-400v","9":"pa_natezenie-pradu-cee-16a","10":"pa_typ-gniazd-typ-e-z-bolcem-uziemiajacym","11":"pa_zabezpieczenie-bez-zabezpieczen","13":"first","14":"instock","15":"shipping-taxable","16":"product-type-external"},"yoast_head":"<!-- This site is optimized with the Yoast SEO plugin v27.0 - https:\/\/yoast.com\/product\/yoast-seo-wordpress\/ -->\n<title>Rozdzielnica budowlana 4x230V 2x16A JUN bez zabezpiecze\u0144 gniazda Bals DOKTORVOLT DV-6863-F - DOKTORVOLT\u00ae<\/title>\n<meta name=\"robots\" content=\"index, follow, max-snippet:-1, max-image-preview:large, max-video-preview:-1\" \/>\n<link rel=\"canonical\" href=\"https:\/\/doktorvolt.pl\/en\/oferta-doktorvolt\/distribution-boxes\/jun-series\/rozdzielnica-budowlana-4x230v-2x16a-jun-bez-zabezpieczen-gniazda-bals-doktorvolt-dv-6863-f\/\" \/>\n<meta property=\"og:locale\" content=\"en_US\" \/>\n<meta property=\"og:type\" content=\"article\" \/>\n<meta property=\"og:title\" content=\"Rozdzielnica budowlana 4x230V 2x16A JUN bez zabezpiecze\u0144 gniazda Bals DOKTORVOLT DV-6863-F - DOKTORVOLT\u00ae\" \/>\n<meta property=\"og:description\" content=\"Gotowa do u\u017cycia rozdzielnica budowlana JUN 2x16A 4x230V marki Doktorvolt\u00ae z gniazdami Bals. Odporna na warunki zewn\u0119trzne (IP44), idealna na budow\u0119, do warsztatu i zastosowa\u0144 mobilnych.\" \/>\n<meta property=\"og:url\" content=\"https:\/\/doktorvolt.pl\/en\/oferta-doktorvolt\/distribution-boxes\/jun-series\/rozdzielnica-budowlana-4x230v-2x16a-jun-bez-zabezpieczen-gniazda-bals-doktorvolt-dv-6863-f\/\" \/>\n<meta property=\"og:site_name\" content=\"DOKTORVOLT\u00ae\" \/>\n<meta property=\"og:image\" content=\"https:\/\/doktorvolt.pl\/wp-content\/uploads\/2026\/02\/pol_pl_Rozdzielnica-budowlana-4x230V-2x16A-JUN-bez-zabezpieczen-gniazda-Bals-DOKTORVOLT-DV-6863-F-17687_1.jpg\" \/>\n\t<meta property=\"og:image:width\" content=\"1600\" \/>\n\t<meta property=\"og:image:height\" content=\"1600\" \/>\n\t<meta property=\"og:image:type\" content=\"image\/jpeg\" \/>\n<meta name=\"twitter:card\" content=\"summary_large_image\" \/>\n<meta name=\"twitter:label1\" content=\"Est. reading time\" \/>\n\t<meta name=\"twitter:data1\" content=\"2 minutes\" \/>\n<script type=\"application\/ld+json\" class=\"yoast-schema-graph\">{\"@context\":\"https:\/\/schema.org\",\"@graph\":[{\"@type\":\"WebPage\",\"@id\":\"https:\/\/doktorvolt.pl\/en\/oferta-doktorvolt\/distribution-boxes\/jun-series\/rozdzielnica-budowlana-4x230v-2x16a-jun-bez-zabezpieczen-gniazda-bals-doktorvolt-dv-6863-f\/\",\"url\":\"https:\/\/doktorvolt.pl\/en\/oferta-doktorvolt\/distribution-boxes\/jun-series\/rozdzielnica-budowlana-4x230v-2x16a-jun-bez-zabezpieczen-gniazda-bals-doktorvolt-dv-6863-f\/\",\"name\":\"Rozdzielnica budowlana 4x230V 2x16A JUN bez zabezpiecze\u0144 gniazda Bals DOKTORVOLT DV-6863-F - DOKTORVOLT\u00ae\",\"isPartOf\":{\"@id\":\"https:\/\/doktorvolt.pl\/de\/#website\"},\"primaryImageOfPage\":{\"@id\":\"https:\/\/doktorvolt.pl\/en\/oferta-doktorvolt\/distribution-boxes\/jun-series\/rozdzielnica-budowlana-4x230v-2x16a-jun-bez-zabezpieczen-gniazda-bals-doktorvolt-dv-6863-f\/#primaryimage\"},\"image\":{\"@id\":\"https:\/\/doktorvolt.pl\/en\/oferta-doktorvolt\/distribution-boxes\/jun-series\/rozdzielnica-budowlana-4x230v-2x16a-jun-bez-zabezpieczen-gniazda-bals-doktorvolt-dv-6863-f\/#primaryimage\"},\"thumbnailUrl\":\"https:\/\/doktorvolt.pl\/wp-content\/uploads\/2026\/02\/pol_pl_Rozdzielnica-budowlana-4x230V-2x16A-JUN-bez-zabezpieczen-gniazda-Bals-DOKTORVOLT-DV-6863-F-17687_1.jpg\",\"datePublished\":\"2026-02-23T13:40:56+00:00\",\"breadcrumb\":{\"@id\":\"https:\/\/doktorvolt.pl\/en\/oferta-doktorvolt\/distribution-boxes\/jun-series\/rozdzielnica-budowlana-4x230v-2x16a-jun-bez-zabezpieczen-gniazda-bals-doktorvolt-dv-6863-f\/#breadcrumb\"},\"inLanguage\":\"en-US\",\"potentialAction\":[{\"@type\":\"ReadAction\",\"target\":[\"https:\/\/doktorvolt.pl\/en\/oferta-doktorvolt\/distribution-boxes\/jun-series\/rozdzielnica-budowlana-4x230v-2x16a-jun-bez-zabezpieczen-gniazda-bals-doktorvolt-dv-6863-f\/\"]}]},{\"@type\":\"ImageObject\",\"inLanguage\":\"en-US\",\"@id\":\"https:\/\/doktorvolt.pl\/en\/oferta-doktorvolt\/distribution-boxes\/jun-series\/rozdzielnica-budowlana-4x230v-2x16a-jun-bez-zabezpieczen-gniazda-bals-doktorvolt-dv-6863-f\/#primaryimage\",\"url\":\"https:\/\/doktorvolt.pl\/wp-content\/uploads\/2026\/02\/pol_pl_Rozdzielnica-budowlana-4x230V-2x16A-JUN-bez-zabezpieczen-gniazda-Bals-DOKTORVOLT-DV-6863-F-17687_1.jpg\",\"contentUrl\":\"https:\/\/doktorvolt.pl\/wp-content\/uploads\/2026\/02\/pol_pl_Rozdzielnica-budowlana-4x230V-2x16A-JUN-bez-zabezpieczen-gniazda-Bals-DOKTORVOLT-DV-6863-F-17687_1.jpg\",\"width\":1600,\"height\":1600},{\"@type\":\"BreadcrumbList\",\"@id\":\"https:\/\/doktorvolt.pl\/en\/oferta-doktorvolt\/distribution-boxes\/jun-series\/rozdzielnica-budowlana-4x230v-2x16a-jun-bez-zabezpieczen-gniazda-bals-doktorvolt-dv-6863-f\/#breadcrumb\",\"itemListElement\":[{\"@type\":\"ListItem\",\"position\":1,\"name\":\"Strona g\u0142\u00f3wna\",\"item\":\"https:\/\/doktorvolt.pl\/en\/\"},{\"@type\":\"ListItem\",\"position\":2,\"name\":\"Offer Doktorvolt\",\"item\":\"https:\/\/doktorvolt.pl\/en\/offer-doktorvolt\/\"},{\"@type\":\"ListItem\",\"position\":3,\"name\":\"Rozdzielnica budowlana 4x230V 2x16A JUN bez zabezpiecze\u0144 gniazda Bals DOKTORVOLT DV-6863-F\"}]},{\"@type\":\"WebSite\",\"@id\":\"https:\/\/doktorvolt.pl\/de\/#website\",\"url\":\"https:\/\/doktorvolt.pl\/de\/\",\"name\":\"DOKTORVOLT\u00ae\",\"description\":\"Producent rozdzielnic budowlanych\",\"publisher\":{\"@id\":\"https:\/\/doktorvolt.pl\/de\/#organization\"},\"potentialAction\":[{\"@type\":\"SearchAction\",\"target\":{\"@type\":\"EntryPoint\",\"urlTemplate\":\"https:\/\/doktorvolt.pl\/de\/?s={search_term_string}\"},\"query-input\":{\"@type\":\"PropertyValueSpecification\",\"valueRequired\":true,\"valueName\":\"search_term_string\"}}],\"inLanguage\":\"en-US\"},{\"@type\":\"Organization\",\"@id\":\"https:\/\/doktorvolt.pl\/de\/#organization\",\"name\":\"DOKTORVOLT\u00ae\",\"url\":\"https:\/\/doktorvolt.pl\/de\/\",\"logo\":{\"@type\":\"ImageObject\",\"inLanguage\":\"en-US\",\"@id\":\"https:\/\/doktorvolt.pl\/de\/#\/schema\/logo\/image\/\",\"url\":\"https:\/\/doktorvolt.pl\/wp-content\/uploads\/2023\/10\/DoktorVOLT-black-png.png\",\"contentUrl\":\"https:\/\/doktorvolt.pl\/wp-content\/uploads\/2023\/10\/DoktorVOLT-black-png.png\",\"width\":729,\"height\":40,\"caption\":\"DOKTORVOLT\u00ae\"},\"image\":{\"@id\":\"https:\/\/doktorvolt.pl\/de\/#\/schema\/logo\/image\/\"}}]}<\/script>\n<!-- \/ Yoast SEO plugin. -->","yoast_head_json":{"title":"Rozdzielnica budowlana 4x230V 2x16A JUN bez zabezpiecze\u0144 gniazda Bals DOKTORVOLT DV-6863-F - DOKTORVOLT\u00ae","robots":{"index":"index","follow":"follow","max-snippet":"max-snippet:-1","max-image-preview":"max-image-preview:large","max-video-preview":"max-video-preview:-1"},"canonical":"https:\/\/doktorvolt.pl\/en\/oferta-doktorvolt\/distribution-boxes\/jun-series\/rozdzielnica-budowlana-4x230v-2x16a-jun-bez-zabezpieczen-gniazda-bals-doktorvolt-dv-6863-f\/","og_locale":"en_US","og_type":"article","og_title":"Rozdzielnica budowlana 4x230V 2x16A JUN bez zabezpiecze\u0144 gniazda Bals DOKTORVOLT DV-6863-F - DOKTORVOLT\u00ae","og_description":"Gotowa do u\u017cycia rozdzielnica budowlana JUN 2x16A 4x230V marki Doktorvolt\u00ae z gniazdami Bals. Odporna na warunki zewn\u0119trzne (IP44), idealna na budow\u0119, do warsztatu i zastosowa\u0144 mobilnych.","og_url":"https:\/\/doktorvolt.pl\/en\/oferta-doktorvolt\/distribution-boxes\/jun-series\/rozdzielnica-budowlana-4x230v-2x16a-jun-bez-zabezpieczen-gniazda-bals-doktorvolt-dv-6863-f\/","og_site_name":"DOKTORVOLT\u00ae","og_image":[{"width":1600,"height":1600,"url":"https:\/\/doktorvolt.pl\/wp-content\/uploads\/2026\/02\/pol_pl_Rozdzielnica-budowlana-4x230V-2x16A-JUN-bez-zabezpieczen-gniazda-Bals-DOKTORVOLT-DV-6863-F-17687_1.jpg","type":"image\/jpeg"}],"twitter_card":"summary_large_image","twitter_misc":{"Est. reading time":"2 minutes"},"schema":{"@context":"https:\/\/schema.org","@graph":[{"@type":"WebPage","@id":"https:\/\/doktorvolt.pl\/en\/oferta-doktorvolt\/distribution-boxes\/jun-series\/rozdzielnica-budowlana-4x230v-2x16a-jun-bez-zabezpieczen-gniazda-bals-doktorvolt-dv-6863-f\/","url":"https:\/\/doktorvolt.pl\/en\/oferta-doktorvolt\/distribution-boxes\/jun-series\/rozdzielnica-budowlana-4x230v-2x16a-jun-bez-zabezpieczen-gniazda-bals-doktorvolt-dv-6863-f\/","name":"Rozdzielnica budowlana 4x230V 2x16A JUN bez zabezpiecze\u0144 gniazda Bals DOKTORVOLT DV-6863-F - DOKTORVOLT\u00ae","isPartOf":{"@id":"https:\/\/doktorvolt.pl\/de\/#website"},"primaryImageOfPage":{"@id":"https:\/\/doktorvolt.pl\/en\/oferta-doktorvolt\/distribution-boxes\/jun-series\/rozdzielnica-budowlana-4x230v-2x16a-jun-bez-zabezpieczen-gniazda-bals-doktorvolt-dv-6863-f\/#primaryimage"},"image":{"@id":"https:\/\/doktorvolt.pl\/en\/oferta-doktorvolt\/distribution-boxes\/jun-series\/rozdzielnica-budowlana-4x230v-2x16a-jun-bez-zabezpieczen-gniazda-bals-doktorvolt-dv-6863-f\/#primaryimage"},"thumbnailUrl":"https:\/\/doktorvolt.pl\/wp-content\/uploads\/2026\/02\/pol_pl_Rozdzielnica-budowlana-4x230V-2x16A-JUN-bez-zabezpieczen-gniazda-Bals-DOKTORVOLT-DV-6863-F-17687_1.jpg","datePublished":"2026-02-23T13:40:56+00:00","breadcrumb":{"@id":"https:\/\/doktorvolt.pl\/en\/oferta-doktorvolt\/distribution-boxes\/jun-series\/rozdzielnica-budowlana-4x230v-2x16a-jun-bez-zabezpieczen-gniazda-bals-doktorvolt-dv-6863-f\/#breadcrumb"},"inLanguage":"en-US","potentialAction":[{"@type":"ReadAction","target":["https:\/\/doktorvolt.pl\/en\/oferta-doktorvolt\/distribution-boxes\/jun-series\/rozdzielnica-budowlana-4x230v-2x16a-jun-bez-zabezpieczen-gniazda-bals-doktorvolt-dv-6863-f\/"]}]},{"@type":"ImageObject","inLanguage":"en-US","@id":"https:\/\/doktorvolt.pl\/en\/oferta-doktorvolt\/distribution-boxes\/jun-series\/rozdzielnica-budowlana-4x230v-2x16a-jun-bez-zabezpieczen-gniazda-bals-doktorvolt-dv-6863-f\/#primaryimage","url":"https:\/\/doktorvolt.pl\/wp-content\/uploads\/2026\/02\/pol_pl_Rozdzielnica-budowlana-4x230V-2x16A-JUN-bez-zabezpieczen-gniazda-Bals-DOKTORVOLT-DV-6863-F-17687_1.jpg","contentUrl":"https:\/\/doktorvolt.pl\/wp-content\/uploads\/2026\/02\/pol_pl_Rozdzielnica-budowlana-4x230V-2x16A-JUN-bez-zabezpieczen-gniazda-Bals-DOKTORVOLT-DV-6863-F-17687_1.jpg","width":1600,"height":1600},{"@type":"BreadcrumbList","@id":"https:\/\/doktorvolt.pl\/en\/oferta-doktorvolt\/distribution-boxes\/jun-series\/rozdzielnica-budowlana-4x230v-2x16a-jun-bez-zabezpieczen-gniazda-bals-doktorvolt-dv-6863-f\/#breadcrumb","itemListElement":[{"@type":"ListItem","position":1,"name":"Strona g\u0142\u00f3wna","item":"https:\/\/doktorvolt.pl\/en\/"},{"@type":"ListItem","position":2,"name":"Offer Doktorvolt","item":"https:\/\/doktorvolt.pl\/en\/offer-doktorvolt\/"},{"@type":"ListItem","position":3,"name":"Rozdzielnica budowlana 4x230V 2x16A JUN bez zabezpiecze\u0144 gniazda Bals DOKTORVOLT DV-6863-F"}]},{"@type":"WebSite","@id":"https:\/\/doktorvolt.pl\/de\/#website","url":"https:\/\/doktorvolt.pl\/de\/","name":"DOKTORVOLT\u00ae","description":"Producent rozdzielnic budowlanych","publisher":{"@id":"https:\/\/doktorvolt.pl\/de\/#organization"},"potentialAction":[{"@type":"SearchAction","target":{"@type":"EntryPoint","urlTemplate":"https:\/\/doktorvolt.pl\/de\/?s={search_term_string}"},"query-input":{"@type":"PropertyValueSpecification","valueRequired":true,"valueName":"search_term_string"}}],"inLanguage":"en-US"},{"@type":"Organization","@id":"https:\/\/doktorvolt.pl\/de\/#organization","name":"DOKTORVOLT\u00ae","url":"https:\/\/doktorvolt.pl\/de\/","logo":{"@type":"ImageObject","inLanguage":"en-US","@id":"https:\/\/doktorvolt.pl\/de\/#\/schema\/logo\/image\/","url":"https:\/\/doktorvolt.pl\/wp-content\/uploads\/2023\/10\/DoktorVOLT-black-png.png","contentUrl":"https:\/\/doktorvolt.pl\/wp-content\/uploads\/2023\/10\/DoktorVOLT-black-png.png","width":729,"height":40,"caption":"DOKTORVOLT\u00ae"},"image":{"@id":"https:\/\/doktorvolt.pl\/de\/#\/schema\/logo\/image\/"}}]}},"_links":{"self":[{"href":"https:\/\/doktorvolt.pl\/en\/wp-json\/wp\/v2\/product\/110854","targetHints":{"allow":["GET"]}}],"collection":[{"href":"https:\/\/doktorvolt.pl\/en\/wp-json\/wp\/v2\/product"}],"about":[{"href":"https:\/\/doktorvolt.pl\/en\/wp-json\/wp\/v2\/types\/product"}],"wp:featuredmedia":[{"embeddable":true,"href":"https:\/\/doktorvolt.pl\/en\/wp-json\/wp\/v2\/media\/103313"}],"wp:attachment":[{"href":"https:\/\/doktorvolt.pl\/en\/wp-json\/wp\/v2\/media?parent=110854"}],"wp:term":[{"taxonomy":"product_brand","embeddable":true,"href":"https:\/\/doktorvolt.pl\/en\/wp-json\/wp\/v2\/product_brand?post=110854"},{"taxonomy":"product_cat","embeddable":true,"href":"https:\/\/doktorvolt.pl\/en\/wp-json\/wp\/v2\/product_cat?post=110854"},{"taxonomy":"product_tag","embeddable":true,"href":"https:\/\/doktorvolt.pl\/en\/wp-json\/wp\/v2\/product_tag?post=110854"}],"curies":[{"name":"wp","href":"https:\/\/api.w.org\/{rel}","templated":true}]}}