{"id":110858,"date":"2026-02-23T15:40:15","date_gmt":"2026-02-23T13:40:15","guid":{"rendered":"https:\/\/doktorvolt.pl\/sklep\/uncategorized\/rozgaleznik-3-fazowy-wejscie-1x16a-5p-wyjscie-3x16a-5p-ip44-rop-1653-6376\/"},"modified":"2026-02-23T15:40:15","modified_gmt":"2026-02-23T13:40:15","slug":"rozgaleznik-3-fazowy-wejscie-1x16a-5p-wyjscie-3x16a-5p-ip44-rop-1653-6376","status":"publish","type":"product","link":"https:\/\/doktorvolt.pl\/en\/oferta-doktorvolt\/accessories\/industrial-sockets\/rozgaleznik-3-fazowy-wejscie-1x16a-5p-wyjscie-3x16a-5p-ip44-rop-1653-6376\/","title":{"rendered":"Rozga\u0142\u0119\u017anik 3-fazowy wej\u015bcie 1x16A 5P\/ wyj\u015bcie 3x16A 5P IP44 ROP 1653 6376"},"content":{"rendered":"<\/p>\n<table class=\"center\" style=\"background-color:#f5f5f5;margin-left:auto;margin-right:auto;width:613px;height:781px;border:1px solid #ffffff;\" align=\"center\">\n<tbody>\n<tr align=\"left\">\n<td class=\"align_justify\" style=\"text-align:right;padding:15px;height:25px;\" valign=\"middle\" align=\"right\"><span style=\"font-size:12pt;\"><strong><span style=\"font-family:verdana, geneva;\"><span style=\"font-size:12pt;\"><strong><span style=\"font-family:verdana, geneva;\"><span style=\"font-size:12pt;\"><strong><span style=\"font-family:verdana, geneva;\">zastosowanie<\/span><\/strong><\/span><\/span><\/strong><\/span><\/span><\/strong><\/span><\/td>\n<td style=\"background-color:#ffffff;text-align:center;\">\n<p><span style=\"font-family:verdana, geneva;font-size:12pt;\"><span>do rozprowadzenia zasilania na budowach i w warsztatach<\/span><\/span><\/p>\n<\/td>\n<\/tr>\n<tr align=\"left\">\n<td class=\"align_justify\" style=\"text-align:right;padding:15px;height:25px;\" valign=\"middle\" align=\"right\"><span style=\"font-size:12pt;\"><strong><span style=\"font-family:verdana, geneva;\"><span style=\"font-size:12pt;\"><strong><span style=\"font-family:verdana, geneva;\">napi\u0119cie znamionowe<\/span><\/strong><\/span><\/span><\/strong><\/span><\/td>\n<td style=\"background-color:#ffffff;text-align:center;\">\n<p style=\"padding-left:30px;\"><span style=\"font-family:verdana, geneva;font-size:12pt;\"><span style=\"font-family:verdana, geneva;font-size:12pt;\">230\/400V <br \/><\/span><\/span><\/p>\n<\/td>\n<\/tr>\n<tr align=\"left\">\n<td class=\"align_justify\" style=\"text-align:right;padding:15px;height:25px;\" valign=\"middle\" align=\"right\"><span style=\"font-size:12pt;\"><strong><span style=\"font-family:verdana, geneva;\"><span style=\"font-size:12pt;\"><strong><span style=\"font-family:verdana, geneva;\"><span style=\"font-size:12pt;\"><strong><span style=\"font-family:verdana, geneva;\"><span style=\"font-size:12pt;\"><strong><span style=\"font-family:verdana, geneva;\"><span style=\"font-size:12pt;\"><strong><span style=\"font-family:verdana, geneva;\"><span style=\"font-size:12pt;\"><strong><span style=\"font-family:verdana, geneva;\"><span style=\"font-size:12pt;\"><strong><span style=\"font-family:verdana, geneva;\"><span style=\"font-size:12pt;\"><strong><span style=\"font-family:verdana, geneva;\"><strong><span><span><strong><span><span style=\"font-size:12pt;\"><strong><span style=\"font-family:verdana, geneva;\"><span style=\"font-size:12pt;\"><strong><span style=\"font-family:verdana, geneva;\"><strong><span><span><strong><span><span style=\"font-size:12pt;\"><strong><span style=\"font-family:verdana, geneva;\"><span style=\"font-size:12pt;\"><strong><span style=\"font-family:verdana, geneva;\">pr\u0105d znamionowy <br \/><\/span><\/strong><\/span><\/span><\/strong><\/span><\/span><\/strong><\/span><\/span><\/strong><\/span><\/strong><\/span><\/span><\/strong><\/span><\/span><\/strong><\/span><\/span><\/strong><\/span><\/strong><\/span><\/span><\/strong><\/span><\/span><\/strong><\/span><\/span><\/strong><\/span><\/span><\/strong><\/span><\/span><\/strong><\/span><\/span><\/strong><\/span><\/span><\/strong><\/span><\/td>\n<td style=\"background-color:#ffffff;text-align:center;\">\n<p style=\"padding-left:30px;\"><span style=\"font-family:verdana, geneva;font-size:12pt;\"><span style=\"font-family:verdana, geneva;font-size:12pt;\">16A<br \/><\/span><\/span><\/p>\n<\/td>\n<\/tr>\n<tr align=\"left\">\n<td class=\"align_justify\" style=\"text-align:right;padding:15px;height:25px;\" valign=\"middle\" align=\"right\"><span style=\"font-size:12pt;\"><strong><span style=\"font-family:verdana, geneva;\"><span style=\"font-size:12pt;\"><strong><span style=\"font-family:verdana, geneva;\"><span style=\"font-size:12pt;\"><strong><span style=\"font-family:verdana, geneva;\"><span style=\"font-size:12pt;\"><strong><span style=\"font-family:verdana, geneva;\"><span style=\"font-size:12pt;\"><strong><span style=\"font-family:verdana, geneva;\"><span style=\"font-size:12pt;\"><strong><span style=\"font-family:verdana, geneva;\"><span style=\"font-size:12pt;\"><strong><span style=\"font-family:verdana, geneva;\"><span style=\"font-size:12pt;\"><strong><span style=\"font-family:verdana, geneva;\"><strong><span><span><strong><span><span style=\"font-size:12pt;\"><strong><span style=\"font-family:verdana, geneva;\"><span style=\"font-size:12pt;\"><strong><span style=\"font-family:verdana, geneva;\"><strong><span><span><strong><span><span style=\"font-size:12pt;\"><strong><span style=\"font-family:verdana, geneva;\"><span style=\"font-size:12pt;\"><strong><span style=\"font-family:verdana, geneva;\">cz\u0119stotliwo\u015b\u0107<br \/><\/span><\/strong><\/span><\/span><\/strong><\/span><\/span><\/strong><\/span><\/span><\/strong><\/span><\/strong><\/span><\/span><\/strong><\/span><\/span><\/strong><\/span><\/span><\/strong><\/span><\/strong><\/span><\/span><\/strong><\/span><\/span><\/strong><\/span><\/span><\/strong><\/span><\/span><\/strong><\/span><\/span><\/strong><\/span><\/span><\/strong><\/span><\/span><\/strong><\/span><\/td>\n<td style=\"background-color:#ffffff;text-align:center;\">\n<p style=\"padding-left:30px;\"><span style=\"font-family:verdana, geneva;font-size:12pt;\"><span style=\"font-family:verdana, geneva;font-size:12pt;\">50Hz <br \/><\/span><\/span><\/p>\n<\/td>\n<\/tr>\n<tr align=\"left\">\n<td class=\"align_justify\" style=\"text-align:right;padding:15px;height:25px;\" valign=\"middle\" align=\"right\"><span style=\"font-size:12pt;\"><strong><span style=\"font-family:verdana, geneva;\"><span style=\"font-size:12pt;\"><strong><span style=\"font-family:verdana, geneva;\"><span style=\"font-size:12pt;\"><strong><span style=\"font-family:verdana, geneva;\"><span style=\"font-size:12pt;\"><strong><span style=\"font-family:verdana, geneva;\"><span style=\"font-size:12pt;\"><strong><span style=\"font-family:verdana, geneva;\"><span style=\"font-size:12pt;\"><strong><span style=\"font-family:verdana, geneva;\"><strong><span><span><strong><span><span style=\"font-size:12pt;\"><strong><span style=\"font-family:verdana, geneva;\"><span style=\"font-size:12pt;\"><strong><span style=\"font-family:verdana, geneva;\"><strong><span><span><strong><span><span style=\"font-size:12pt;\"><strong><span style=\"font-family:verdana, geneva;\"><span style=\"font-size:12pt;\"><strong><span style=\"font-family:verdana, geneva;\">ilo\u015b\u0107 gniazd &#8211; wyj\u015bcie<\/span><\/strong><\/span><\/span><\/strong><\/span><\/span><\/strong><\/span><\/span><\/strong><\/span><\/strong><\/span><\/span><\/strong><\/span><\/span><\/strong><\/span><\/span><\/strong><\/span><\/strong><\/span><\/span><\/strong><\/span><\/span><\/strong><\/span><\/span><\/strong><\/span><\/span><\/strong><\/span><\/span><\/strong><\/span><\/td>\n<td style=\"background-color:#ffffff;text-align:center;\">\n<p style=\"padding-left:30px;\"><span style=\"font-family:verdana, geneva;font-size:12pt;\"><span><span><span style=\"font-family:verdana, geneva;font-size:12pt;\"><span><span><span style=\"font-family:verdana, geneva;font-size:12pt;\"><span style=\"font-family:verdana, geneva;font-size:12pt;\"><span>gniazdo si\u0142owe tablicowe<\/span><\/span> <\/span><\/span><\/span><\/span><\/span><\/span><\/span><\/p>\n<p style=\"padding-left:30px;\"><span style=\"font-family:verdana, geneva;font-size:12pt;\"><span><span><span style=\"font-family:verdana, geneva;font-size:12pt;\"><span><span><span style=\"font-family:verdana, geneva;font-size:12pt;\">3 x 16A 5P <span style=\"font-family:verdana, geneva;\"><span style=\"font-size:16px;\">(3P+N+T)<\/span><\/span> 6h 240-415V~ IP44 czerwone <br \/><\/span><\/span><\/span><\/span><\/span><\/span><\/span><\/p>\n<\/td>\n<\/tr>\n<tr align=\"left\">\n<td class=\"align_justify\" style=\"text-align:right;padding:15px;height:25px;\" valign=\"middle\" align=\"right\"><span style=\"font-size:12pt;\"><strong><span style=\"font-family:verdana, geneva;\"><span style=\"font-size:12pt;\"><strong><span style=\"font-family:verdana, geneva;\"><span style=\"font-size:12pt;\"><strong><span style=\"font-family:verdana, geneva;\"><span style=\"font-size:12pt;\"><strong><span style=\"font-family:verdana, geneva;\"><strong><span><span><strong><span><span style=\"font-size:12pt;\"><strong><span style=\"font-family:verdana, geneva;\"><span style=\"font-size:12pt;\"><strong><span style=\"font-family:verdana, geneva;\"><strong><span><span><strong><span><span style=\"font-size:12pt;\"><strong><span style=\"font-family:verdana, geneva;\"><span style=\"font-size:12pt;\"><strong><span style=\"font-family:verdana, geneva;\">ilo\u015b\u0107 gniazd &#8211; wej\u015bcie<\/span><\/strong><\/span><\/span><\/strong><\/span><\/span><\/strong><\/span><\/span><\/strong><\/span><\/strong><\/span><\/span><\/strong><\/span><\/span><\/strong><\/span><\/span><\/strong><\/span><\/strong><\/span><\/span><\/strong><\/span><\/span><\/strong><\/span><\/span><\/strong><\/span><\/td>\n<td style=\"background-color:#ffffff;text-align:center;\">\n<p style=\"padding-left:30px;\"><span style=\"font-family:verdana, geneva;font-size:12pt;\"><span>gniazdo odbiornikowe tablicowe <\/span><\/span><\/p>\n<p style=\"padding-left:30px;\"><span style=\"font-family:verdana, geneva;font-size:12pt;\"><span>1 x 16A 5P 6h 400V IP44 czerwone <br \/><\/span><\/span><\/p>\n<\/td>\n<\/tr>\n<tr align=\"left\">\n<td class=\"align_justify\" style=\"text-align:right;padding:15px;height:25px;\" valign=\"middle\" align=\"right\"><span style=\"font-size:12pt;\"><strong><span style=\"font-family:verdana, geneva;\"><span style=\"font-size:12pt;\"><strong><span style=\"font-family:verdana, geneva;\">klasa szczelno\u015bci<\/span><\/strong><\/span><\/span><\/strong><\/span><\/td>\n<td style=\"background-color:#ffffff;text-align:center;\"><span style=\"font-family:verdana, geneva;font-size:12pt;\">IP44<\/span><\/td>\n<\/tr>\n<tr align=\"left\">\n<td class=\"align_justify\" style=\"text-align:right;padding:15px;height:25px;\" valign=\"middle\" align=\"right\"><span style=\"font-size:12pt;\"><strong><span style=\"font-family:verdana, geneva;\"><span style=\"font-size:12pt;\"><strong><span style=\"font-family:verdana, geneva;\">wymiary&nbsp; obudowy<br \/><\/span><\/strong><\/span><\/span><\/strong><\/span><\/td>\n<td style=\"background-color:#ffffff;text-align:center;\"><span style=\"font-family:verdana, geneva;font-size:12pt;\">80 mm &#8211; szeroko\u015b\u0107 g\u00f3rna<br \/>80 mm &#8211; g\u0142\u0119boko\u015b\u0107<br \/>125 mm &#8211; wysoko\u015b\u0107<\/span><\/td>\n<\/tr>\n<tr align=\"left\">\n<td class=\"align_justify\" style=\"text-align:right;padding:15px;height:25px;\" valign=\"middle\" align=\"right\"><span style=\"font-size:12pt;\"><strong><span style=\"font-family:verdana, geneva;\"><span style=\"font-size:12pt;\"><strong><span style=\"font-family:verdana, geneva;\">materia\u0142<br \/><\/span><\/strong><\/span><\/span><\/strong><\/span><\/td>\n<td style=\"background-color:#ffffff;text-align:center;\"><span style=\"font-family:verdana, geneva;font-size:12pt;\">tworzywo sztuczne<br \/><\/span><\/td>\n<\/tr>\n<tr align=\"left\">\n<td class=\"align_justify\" style=\"text-align:right;padding:15px;height:25px;\" valign=\"middle\" align=\"right\"><span style=\"font-size:12pt;\"><strong><span style=\"font-family:verdana, geneva;\"><span style=\"font-size:12pt;\"><strong><span style=\"font-family:verdana, geneva;\">normy<br \/><\/span><\/strong><\/span><\/span><\/strong><\/span><\/td>\n<td style=\"background-color:#ffffff;text-align:center;\"><span style=\"font-family:verdana, geneva;font-size:12pt;\">CE<br \/>IEC 61439-3<br \/><\/span><\/td>\n<\/tr>\n<tr align=\"left\">\n<td class=\"align_justify\" style=\"text-align:right;padding:15px;height:25px;\" valign=\"middle\" align=\"right\"><span style=\"font-size:12pt;\"><strong><span style=\"font-family:verdana, geneva;\"><span style=\"font-size:12pt;\"><strong><span style=\"font-family:verdana, geneva;\">numer artyku\u0142u<\/span><\/strong><\/span><\/span><\/strong><\/span><\/td>\n<td style=\"background-color:#ffffff;text-align:center;\"><span style=\"font-family:verdana, geneva;font-size:12pt;\">ROP 1653 DV<br \/><\/span><\/td>\n<\/tr>\n<tr align=\"left\">\n<td class=\"align_justify\" style=\"text-align:right;padding:15px;height:25px;\" valign=\"middle\" align=\"right\"><span style=\"font-size:12pt;\"><strong><span style=\"font-family:verdana, geneva;\"><span style=\"font-size:12pt;\"><strong><span style=\"font-family:verdana, geneva;\">producent<\/span><\/strong><\/span><\/span><\/strong><\/span><\/td>\n<td style=\"background-color:#ffffff;text-align:center;\"><span style=\"font-size:12pt;\">Doktorvolt<\/span><\/td>\n<\/tr>\n<tr align=\"left\">\n<td class=\"align_justify\" style=\"text-align:right;padding:15px;height:25px;\" valign=\"middle\" align=\"right\"><span style=\"font-size:12pt;\"><strong><span style=\"font-family:verdana, geneva;\"><span style=\"font-size:12pt;\"><strong><span style=\"font-family:verdana, geneva;\">EAN<\/span><\/strong><\/span><\/span><\/strong><\/span><\/td>\n<td style=\"background-color:#ffffff;text-align:center;\"><span style=\"font-size:12pt;\">8584128116376<\/span><\/td>\n<\/tr>\n<\/tbody>\n<\/table>\n","protected":false},"excerpt":{"rendered":"<p>Rozga\u0142\u0119\u017anik 3-fazowy wej\u015bcie 1x16A 5P\/ wyj\u015bcie 3x16A 5P IP44 tr\u00f3jnik si\u0142owy przeno\u015bny ROP 1653<\/p>\n","protected":false},"featured_media":103245,"template":"","meta":[],"product_brand":[],"product_cat":[5234],"product_tag":[],"class_list":{"0":"post-110858","1":"product","2":"type-product","3":"status-publish","4":"has-post-thumbnail","6":"product_cat-industrial-sockets","7":"pa_cee-liczba-biegunow-modulow-5p","8":"pa_dodatkowe-wyposazenie-panel-mounted-plug","9":"pa_material-obudowy-plastic","10":"pa_napiecie-cee-400v","11":"pa_natezenie-pradu-cee-16a","12":"pa_zabezpieczenie-bez-zabezpieczen","14":"first","15":"instock","16":"shipping-taxable","17":"product-type-external"},"yoast_head":"<!-- This site is optimized with the Yoast SEO plugin v27.0 - https:\/\/yoast.com\/product\/yoast-seo-wordpress\/ -->\n<title>Rozga\u0142\u0119\u017anik 3-fazowy wej\u015bcie 1x16A 5P\/ wyj\u015bcie 3x16A 5P IP44 ROP 1653 6376 - DOKTORVOLT\u00ae<\/title>\n<meta name=\"robots\" content=\"index, follow, max-snippet:-1, max-image-preview:large, max-video-preview:-1\" \/>\n<link rel=\"canonical\" href=\"https:\/\/doktorvolt.pl\/oferta-doktorvolt\/akcesoria\/gniazda-rozdzielcze\/rozgaleznik-3-fazowy-wejscie-1x16a-5p-wyjscie-3x16a-5p-ip44-rop-1653-6376\/\" \/>\n<meta property=\"og:locale\" content=\"en_US\" \/>\n<meta property=\"og:type\" content=\"article\" \/>\n<meta property=\"og:title\" content=\"Rozga\u0142\u0119\u017anik 3-fazowy wej\u015bcie 1x16A 5P\/ wyj\u015bcie 3x16A 5P IP44 ROP 1653 6376 - DOKTORVOLT\u00ae\" \/>\n<meta property=\"og:description\" content=\"Rozga\u0142\u0119\u017anik 3-fazowy wej\u015bcie 1x16A 5P\/ wyj\u015bcie 3x16A 5P IP44 tr\u00f3jnik si\u0142owy przeno\u015bny ROP 1653\" \/>\n<meta property=\"og:url\" content=\"https:\/\/doktorvolt.pl\/oferta-doktorvolt\/akcesoria\/gniazda-rozdzielcze\/rozgaleznik-3-fazowy-wejscie-1x16a-5p-wyjscie-3x16a-5p-ip44-rop-1653-6376\/\" \/>\n<meta property=\"og:site_name\" content=\"DOKTORVOLT\u00ae\" \/>\n<meta property=\"og:image\" content=\"https:\/\/doktorvolt.pl\/wp-content\/uploads\/2026\/02\/pol_pl_16245-16245_1.jpg\" \/>\n\t<meta property=\"og:image:width\" content=\"1600\" \/>\n\t<meta property=\"og:image:height\" content=\"1600\" \/>\n\t<meta property=\"og:image:type\" content=\"image\/jpeg\" \/>\n<meta name=\"twitter:card\" content=\"summary_large_image\" \/>\n<script type=\"application\/ld+json\" class=\"yoast-schema-graph\">{\"@context\":\"https:\/\/schema.org\",\"@graph\":[{\"@type\":\"WebPage\",\"@id\":\"https:\/\/doktorvolt.pl\/oferta-doktorvolt\/akcesoria\/gniazda-rozdzielcze\/rozgaleznik-3-fazowy-wejscie-1x16a-5p-wyjscie-3x16a-5p-ip44-rop-1653-6376\/\",\"url\":\"https:\/\/doktorvolt.pl\/oferta-doktorvolt\/akcesoria\/gniazda-rozdzielcze\/rozgaleznik-3-fazowy-wejscie-1x16a-5p-wyjscie-3x16a-5p-ip44-rop-1653-6376\/\",\"name\":\"Rozga\u0142\u0119\u017anik 3-fazowy wej\u015bcie 1x16A 5P\/ wyj\u015bcie 3x16A 5P IP44 ROP 1653 6376 - DOKTORVOLT\u00ae\",\"isPartOf\":{\"@id\":\"https:\/\/doktorvolt.pl\/de\/#website\"},\"primaryImageOfPage\":{\"@id\":\"https:\/\/doktorvolt.pl\/oferta-doktorvolt\/akcesoria\/gniazda-rozdzielcze\/rozgaleznik-3-fazowy-wejscie-1x16a-5p-wyjscie-3x16a-5p-ip44-rop-1653-6376\/#primaryimage\"},\"image\":{\"@id\":\"https:\/\/doktorvolt.pl\/oferta-doktorvolt\/akcesoria\/gniazda-rozdzielcze\/rozgaleznik-3-fazowy-wejscie-1x16a-5p-wyjscie-3x16a-5p-ip44-rop-1653-6376\/#primaryimage\"},\"thumbnailUrl\":\"https:\/\/doktorvolt.pl\/wp-content\/uploads\/2026\/02\/pol_pl_16245-16245_1.jpg\",\"datePublished\":\"2026-02-23T13:40:15+00:00\",\"breadcrumb\":{\"@id\":\"https:\/\/doktorvolt.pl\/oferta-doktorvolt\/akcesoria\/gniazda-rozdzielcze\/rozgaleznik-3-fazowy-wejscie-1x16a-5p-wyjscie-3x16a-5p-ip44-rop-1653-6376\/#breadcrumb\"},\"inLanguage\":\"en-US\",\"potentialAction\":[{\"@type\":\"ReadAction\",\"target\":[\"https:\/\/doktorvolt.pl\/oferta-doktorvolt\/akcesoria\/gniazda-rozdzielcze\/rozgaleznik-3-fazowy-wejscie-1x16a-5p-wyjscie-3x16a-5p-ip44-rop-1653-6376\/\"]}]},{\"@type\":\"ImageObject\",\"inLanguage\":\"en-US\",\"@id\":\"https:\/\/doktorvolt.pl\/oferta-doktorvolt\/akcesoria\/gniazda-rozdzielcze\/rozgaleznik-3-fazowy-wejscie-1x16a-5p-wyjscie-3x16a-5p-ip44-rop-1653-6376\/#primaryimage\",\"url\":\"https:\/\/doktorvolt.pl\/wp-content\/uploads\/2026\/02\/pol_pl_16245-16245_1.jpg\",\"contentUrl\":\"https:\/\/doktorvolt.pl\/wp-content\/uploads\/2026\/02\/pol_pl_16245-16245_1.jpg\",\"width\":1600,\"height\":1600},{\"@type\":\"BreadcrumbList\",\"@id\":\"https:\/\/doktorvolt.pl\/oferta-doktorvolt\/akcesoria\/gniazda-rozdzielcze\/rozgaleznik-3-fazowy-wejscie-1x16a-5p-wyjscie-3x16a-5p-ip44-rop-1653-6376\/#breadcrumb\",\"itemListElement\":[{\"@type\":\"ListItem\",\"position\":1,\"name\":\"Strona g\u0142\u00f3wna\",\"item\":\"https:\/\/doktorvolt.pl\/en\/\"},{\"@type\":\"ListItem\",\"position\":2,\"name\":\"Offer Doktorvolt\",\"item\":\"https:\/\/doktorvolt.pl\/en\/offer-doktorvolt\/\"},{\"@type\":\"ListItem\",\"position\":3,\"name\":\"Rozga\u0142\u0119\u017anik 3-fazowy wej\u015bcie 1x16A 5P\/ wyj\u015bcie 3x16A 5P IP44 ROP 1653 6376\"}]},{\"@type\":\"WebSite\",\"@id\":\"https:\/\/doktorvolt.pl\/de\/#website\",\"url\":\"https:\/\/doktorvolt.pl\/de\/\",\"name\":\"DOKTORVOLT\u00ae\",\"description\":\"Producent rozdzielnic budowlanych\",\"publisher\":{\"@id\":\"https:\/\/doktorvolt.pl\/de\/#organization\"},\"potentialAction\":[{\"@type\":\"SearchAction\",\"target\":{\"@type\":\"EntryPoint\",\"urlTemplate\":\"https:\/\/doktorvolt.pl\/de\/?s={search_term_string}\"},\"query-input\":{\"@type\":\"PropertyValueSpecification\",\"valueRequired\":true,\"valueName\":\"search_term_string\"}}],\"inLanguage\":\"en-US\"},{\"@type\":\"Organization\",\"@id\":\"https:\/\/doktorvolt.pl\/de\/#organization\",\"name\":\"DOKTORVOLT\u00ae\",\"url\":\"https:\/\/doktorvolt.pl\/de\/\",\"logo\":{\"@type\":\"ImageObject\",\"inLanguage\":\"en-US\",\"@id\":\"https:\/\/doktorvolt.pl\/de\/#\/schema\/logo\/image\/\",\"url\":\"https:\/\/doktorvolt.pl\/wp-content\/uploads\/2023\/10\/DoktorVOLT-black-png.png\",\"contentUrl\":\"https:\/\/doktorvolt.pl\/wp-content\/uploads\/2023\/10\/DoktorVOLT-black-png.png\",\"width\":729,\"height\":40,\"caption\":\"DOKTORVOLT\u00ae\"},\"image\":{\"@id\":\"https:\/\/doktorvolt.pl\/de\/#\/schema\/logo\/image\/\"}}]}<\/script>\n<!-- \/ Yoast SEO plugin. -->","yoast_head_json":{"title":"Rozga\u0142\u0119\u017anik 3-fazowy wej\u015bcie 1x16A 5P\/ wyj\u015bcie 3x16A 5P IP44 ROP 1653 6376 - DOKTORVOLT\u00ae","robots":{"index":"index","follow":"follow","max-snippet":"max-snippet:-1","max-image-preview":"max-image-preview:large","max-video-preview":"max-video-preview:-1"},"canonical":"https:\/\/doktorvolt.pl\/oferta-doktorvolt\/akcesoria\/gniazda-rozdzielcze\/rozgaleznik-3-fazowy-wejscie-1x16a-5p-wyjscie-3x16a-5p-ip44-rop-1653-6376\/","og_locale":"en_US","og_type":"article","og_title":"Rozga\u0142\u0119\u017anik 3-fazowy wej\u015bcie 1x16A 5P\/ wyj\u015bcie 3x16A 5P IP44 ROP 1653 6376 - DOKTORVOLT\u00ae","og_description":"Rozga\u0142\u0119\u017anik 3-fazowy wej\u015bcie 1x16A 5P\/ wyj\u015bcie 3x16A 5P IP44 tr\u00f3jnik si\u0142owy przeno\u015bny ROP 1653","og_url":"https:\/\/doktorvolt.pl\/oferta-doktorvolt\/akcesoria\/gniazda-rozdzielcze\/rozgaleznik-3-fazowy-wejscie-1x16a-5p-wyjscie-3x16a-5p-ip44-rop-1653-6376\/","og_site_name":"DOKTORVOLT\u00ae","og_image":[{"width":1600,"height":1600,"url":"https:\/\/doktorvolt.pl\/wp-content\/uploads\/2026\/02\/pol_pl_16245-16245_1.jpg","type":"image\/jpeg"}],"twitter_card":"summary_large_image","schema":{"@context":"https:\/\/schema.org","@graph":[{"@type":"WebPage","@id":"https:\/\/doktorvolt.pl\/oferta-doktorvolt\/akcesoria\/gniazda-rozdzielcze\/rozgaleznik-3-fazowy-wejscie-1x16a-5p-wyjscie-3x16a-5p-ip44-rop-1653-6376\/","url":"https:\/\/doktorvolt.pl\/oferta-doktorvolt\/akcesoria\/gniazda-rozdzielcze\/rozgaleznik-3-fazowy-wejscie-1x16a-5p-wyjscie-3x16a-5p-ip44-rop-1653-6376\/","name":"Rozga\u0142\u0119\u017anik 3-fazowy wej\u015bcie 1x16A 5P\/ wyj\u015bcie 3x16A 5P IP44 ROP 1653 6376 - DOKTORVOLT\u00ae","isPartOf":{"@id":"https:\/\/doktorvolt.pl\/de\/#website"},"primaryImageOfPage":{"@id":"https:\/\/doktorvolt.pl\/oferta-doktorvolt\/akcesoria\/gniazda-rozdzielcze\/rozgaleznik-3-fazowy-wejscie-1x16a-5p-wyjscie-3x16a-5p-ip44-rop-1653-6376\/#primaryimage"},"image":{"@id":"https:\/\/doktorvolt.pl\/oferta-doktorvolt\/akcesoria\/gniazda-rozdzielcze\/rozgaleznik-3-fazowy-wejscie-1x16a-5p-wyjscie-3x16a-5p-ip44-rop-1653-6376\/#primaryimage"},"thumbnailUrl":"https:\/\/doktorvolt.pl\/wp-content\/uploads\/2026\/02\/pol_pl_16245-16245_1.jpg","datePublished":"2026-02-23T13:40:15+00:00","breadcrumb":{"@id":"https:\/\/doktorvolt.pl\/oferta-doktorvolt\/akcesoria\/gniazda-rozdzielcze\/rozgaleznik-3-fazowy-wejscie-1x16a-5p-wyjscie-3x16a-5p-ip44-rop-1653-6376\/#breadcrumb"},"inLanguage":"en-US","potentialAction":[{"@type":"ReadAction","target":["https:\/\/doktorvolt.pl\/oferta-doktorvolt\/akcesoria\/gniazda-rozdzielcze\/rozgaleznik-3-fazowy-wejscie-1x16a-5p-wyjscie-3x16a-5p-ip44-rop-1653-6376\/"]}]},{"@type":"ImageObject","inLanguage":"en-US","@id":"https:\/\/doktorvolt.pl\/oferta-doktorvolt\/akcesoria\/gniazda-rozdzielcze\/rozgaleznik-3-fazowy-wejscie-1x16a-5p-wyjscie-3x16a-5p-ip44-rop-1653-6376\/#primaryimage","url":"https:\/\/doktorvolt.pl\/wp-content\/uploads\/2026\/02\/pol_pl_16245-16245_1.jpg","contentUrl":"https:\/\/doktorvolt.pl\/wp-content\/uploads\/2026\/02\/pol_pl_16245-16245_1.jpg","width":1600,"height":1600},{"@type":"BreadcrumbList","@id":"https:\/\/doktorvolt.pl\/oferta-doktorvolt\/akcesoria\/gniazda-rozdzielcze\/rozgaleznik-3-fazowy-wejscie-1x16a-5p-wyjscie-3x16a-5p-ip44-rop-1653-6376\/#breadcrumb","itemListElement":[{"@type":"ListItem","position":1,"name":"Strona g\u0142\u00f3wna","item":"https:\/\/doktorvolt.pl\/en\/"},{"@type":"ListItem","position":2,"name":"Offer Doktorvolt","item":"https:\/\/doktorvolt.pl\/en\/offer-doktorvolt\/"},{"@type":"ListItem","position":3,"name":"Rozga\u0142\u0119\u017anik 3-fazowy wej\u015bcie 1x16A 5P\/ wyj\u015bcie 3x16A 5P IP44 ROP 1653 6376"}]},{"@type":"WebSite","@id":"https:\/\/doktorvolt.pl\/de\/#website","url":"https:\/\/doktorvolt.pl\/de\/","name":"DOKTORVOLT\u00ae","description":"Producent rozdzielnic budowlanych","publisher":{"@id":"https:\/\/doktorvolt.pl\/de\/#organization"},"potentialAction":[{"@type":"SearchAction","target":{"@type":"EntryPoint","urlTemplate":"https:\/\/doktorvolt.pl\/de\/?s={search_term_string}"},"query-input":{"@type":"PropertyValueSpecification","valueRequired":true,"valueName":"search_term_string"}}],"inLanguage":"en-US"},{"@type":"Organization","@id":"https:\/\/doktorvolt.pl\/de\/#organization","name":"DOKTORVOLT\u00ae","url":"https:\/\/doktorvolt.pl\/de\/","logo":{"@type":"ImageObject","inLanguage":"en-US","@id":"https:\/\/doktorvolt.pl\/de\/#\/schema\/logo\/image\/","url":"https:\/\/doktorvolt.pl\/wp-content\/uploads\/2023\/10\/DoktorVOLT-black-png.png","contentUrl":"https:\/\/doktorvolt.pl\/wp-content\/uploads\/2023\/10\/DoktorVOLT-black-png.png","width":729,"height":40,"caption":"DOKTORVOLT\u00ae"},"image":{"@id":"https:\/\/doktorvolt.pl\/de\/#\/schema\/logo\/image\/"}}]}},"_links":{"self":[{"href":"https:\/\/doktorvolt.pl\/en\/wp-json\/wp\/v2\/product\/110858","targetHints":{"allow":["GET"]}}],"collection":[{"href":"https:\/\/doktorvolt.pl\/en\/wp-json\/wp\/v2\/product"}],"about":[{"href":"https:\/\/doktorvolt.pl\/en\/wp-json\/wp\/v2\/types\/product"}],"wp:featuredmedia":[{"embeddable":true,"href":"https:\/\/doktorvolt.pl\/en\/wp-json\/wp\/v2\/media\/103245"}],"wp:attachment":[{"href":"https:\/\/doktorvolt.pl\/en\/wp-json\/wp\/v2\/media?parent=110858"}],"wp:term":[{"taxonomy":"product_brand","embeddable":true,"href":"https:\/\/doktorvolt.pl\/en\/wp-json\/wp\/v2\/product_brand?post=110858"},{"taxonomy":"product_cat","embeddable":true,"href":"https:\/\/doktorvolt.pl\/en\/wp-json\/wp\/v2\/product_cat?post=110858"},{"taxonomy":"product_tag","embeddable":true,"href":"https:\/\/doktorvolt.pl\/en\/wp-json\/wp\/v2\/product_tag?post=110858"}],"curies":[{"name":"wp","href":"https:\/\/api.w.org\/{rel}","templated":true}]}}