{"id":110861,"date":"2026-02-23T15:39:45","date_gmt":"2026-02-23T13:39:45","guid":{"rendered":"https:\/\/doktorvolt.pl\/sklep\/uncategorized\/wtyczka-przenosna-skrecana-230v-16a-ip67-uni-schuko-doktorvolt-9993\/"},"modified":"2026-02-23T15:39:45","modified_gmt":"2026-02-23T13:39:45","slug":"wtyczka-przenosna-skrecana-230v-16a-ip67-uni-schuko-doktorvolt-9993","status":"publish","type":"product","link":"https:\/\/doktorvolt.pl\/en\/oferta-doktorvolt\/accessories\/panel-mounted-sockets-and-portable-mobile-plugs\/wtyczka-przenosna-skrecana-230v-16a-ip67-uni-schuko-doktorvolt-9993\/","title":{"rendered":"Wtyczka przeno\u015bna skr\u0119cana 230V 16A IP67 Uni-Schuko Doktorvolt 9993"},"content":{"rendered":"<h1 style=\"text-align:center;\"><span style=\"color:#000000;\">Wtyczka przeno\u015bna skr\u0119cana 230V 16A IP67 Uni-Schuko Doktorvolt 9993<\/span><\/h1>\n<p style=\"font-size:13pt;text-align:center;\">\n<table class=\"center\" style=\"background-color:#f5f5f5;margin-left:auto;margin-right:auto;width:631px;height:464px;border:1px solid #ffffff;\" align=\"center\">\n<tbody>\n<tr>\n<td style=\"text-align:right;padding:15px;height:25px;\" valign=\"middle\" align=\"right\"><span style=\"font-family:verdana, geneva;color:#000000;\"><span style=\"font-size:16px;\">pr\u0105d znamionowy<\/span><\/span><\/td>\n<td style=\"background-color:#ffffff;text-align:center;\">\n<p><span style=\"font-size:16px;color:#000000;\">16A<\/span><\/p>\n<\/td>\n<\/tr>\n<tr>\n<td style=\"text-align:right;padding:15px;height:25px;\" valign=\"middle\" align=\"right\"><span style=\"font-family:verdana, geneva;color:#000000;\"><span style=\"font-size:16px;\">napi\u0119cie znamionowe<\/span><\/span><\/td>\n<td style=\"background-color:#ffffff;text-align:center;\">\n<p><span style=\"font-size:16px;color:#000000;\">250V<\/span><\/p>\n<\/td>\n<\/tr>\n<tr>\n<td style=\"text-align:right;padding:15px;height:25px;\" valign=\"middle\" align=\"right\"><span style=\"font-family:verdana, geneva;color:#000000;\"><span style=\"font-size:16px;\">ilo\u015b\u0107 biegun\u00f3w<\/span><\/span><\/td>\n<td style=\"background-color:#ffffff;text-align:center;\">\n<p><span style=\"font-size:16px;color:#000000;\">3P (2P+PE)<\/span><\/p>\n<\/td>\n<\/tr>\n<tr>\n<td style=\"text-align:right;padding:15px;height:25px;\" valign=\"middle\" align=\"right\"><span style=\"font-family:verdana, geneva;color:#000000;\"><span style=\"font-size:16px;\">klasa szczelno\u015bci<\/span><\/span><\/td>\n<td style=\"background-color:#ffffff;text-align:center;\">\n<p><span style=\"font-size:16px;color:#000000;\">IP67<\/span><\/p>\n<\/td>\n<\/tr>\n<tr>\n<td style=\"text-align:right;padding:15px;height:25px;\" valign=\"middle\" align=\"right\"><span style=\"font-family:verdana, geneva;color:#000000;\"><span style=\"font-size:16px;\">wymiary<\/span><\/span><\/td>\n<td style=\"background-color:#ffffff;text-align:center;\">\n<p><span style=\"font-size:16px;color:#000000;\">124mm x 57mm<\/span><\/p>\n<\/td>\n<\/tr>\n<tr>\n<td style=\"text-align:right;padding:15px;height:25px;\" valign=\"middle\" align=\"right\"><span style=\"font-family:verdana, geneva;color:#000000;\"><span style=\"font-size:16px;\">maksymalny przekr\u00f3j przewod\u00f3w<\/span><\/span><\/td>\n<td style=\"background-color:#ffffff;text-align:center;\">\n<p><span style=\"font-size:16px;color:#000000;\">2,5mm\u00b2<\/span><\/p>\n<\/td>\n<\/tr>\n<tr>\n<td style=\"text-align:right;padding:15px;height:25px;\" valign=\"middle\" align=\"right\"><span style=\"font-family:verdana, geneva;color:#000000;\"><span style=\"font-size:16px;\">materia\u0142<\/span><\/span><\/td>\n<td style=\"background-color:#ffffff;text-align:center;\">\n<p><span style=\"font-size:16px;color:#000000;\">tworzywo sztuczne<\/span><\/p>\n<\/td>\n<\/tr>\n<tr>\n<td style=\"text-align:right;padding:15px;height:25px;\" valign=\"middle\" align=\"right\"><span style=\"font-size:12pt;color:#000000;\"><span style=\"font-family:verdana, geneva;\">producent <br \/><\/span><\/span><\/td>\n<td style=\"background-color:#ffffff;text-align:center;width:200px;\"><span style=\"font-family:verdana, geneva;font-size:12pt;color:#000000;\">Doktorvolt<br \/><\/span><\/td>\n<\/tr>\n<tr>\n<td style=\"text-align:right;padding:15px;height:25px;\" valign=\"middle\" align=\"right\"><span style=\"font-size:12pt;color:#000000;\"><span style=\"font-family:verdana, geneva;\">oznaczenie producenta<\/span><\/span><\/td>\n<td style=\"background-color:#ffffff;text-align:center;\"><span style=\"font-family:verdana, geneva;color:#000000;\"><span style=\"font-size:16px;\">PVG 16 DV<\/span><\/span><\/td>\n<\/tr>\n<tr>\n<td style=\"text-align:right;padding:15px;height:25px;\" valign=\"middle\" align=\"right\"><span style=\"font-size:12pt;color:#000000;\"><span style=\"font-family:verdana, geneva;\">EAN<\/span><\/span><\/td>\n<td style=\"background-color:#ffffff;text-align:center;\"><span style=\"font-family:verdana, geneva;color:#000000;\"><span style=\"font-size:16px;\">5903260279993<\/span><\/span><\/td>\n<\/tr>\n<\/tbody>\n<\/table>\n","protected":false},"excerpt":{"rendered":"<p>Wtyczka przeno\u015bna skr\u0119cana 230V 16A IP67\u00a0Uni-Schuko Doktorvolt 9993<\/p>\n","protected":false},"featured_media":103198,"template":"","meta":[],"product_brand":[],"product_cat":[5070],"product_tag":[],"class_list":{"0":"post-110861","1":"product","2":"type-product","3":"status-publish","4":"has-post-thumbnail","6":"product_cat-panel-mounted-sockets-and-portable-mobile-plugs","8":"first","9":"instock","10":"shipping-taxable","11":"product-type-external"},"yoast_head":"<!-- This site is optimized with the Yoast SEO plugin v27.0 - https:\/\/yoast.com\/product\/yoast-seo-wordpress\/ -->\n<title>Wtyczka przeno\u015bna skr\u0119cana 230V 16A IP67 Uni-Schuko Doktorvolt 9993 - DOKTORVOLT\u00ae<\/title>\n<meta name=\"robots\" content=\"index, follow, max-snippet:-1, max-image-preview:large, max-video-preview:-1\" \/>\n<link rel=\"canonical\" href=\"https:\/\/doktorvolt.pl\/en\/oferta-doktorvolt\/accessories\/panel-mounted-sockets-and-portable-mobile-plugs\/wtyczka-przenosna-skrecana-230v-16a-ip67-uni-schuko-doktorvolt-9993\/\" \/>\n<meta property=\"og:locale\" content=\"en_US\" \/>\n<meta property=\"og:type\" content=\"article\" \/>\n<meta property=\"og:title\" content=\"Wtyczka przeno\u015bna skr\u0119cana 230V 16A IP67 Uni-Schuko Doktorvolt 9993 - DOKTORVOLT\u00ae\" \/>\n<meta property=\"og:description\" content=\"Wtyczka przeno\u015bna skr\u0119cana 230V 16A IP67\u00a0Uni-Schuko Doktorvolt 9993\" \/>\n<meta property=\"og:url\" content=\"https:\/\/doktorvolt.pl\/en\/oferta-doktorvolt\/accessories\/panel-mounted-sockets-and-portable-mobile-plugs\/wtyczka-przenosna-skrecana-230v-16a-ip67-uni-schuko-doktorvolt-9993\/\" \/>\n<meta property=\"og:site_name\" content=\"DOKTORVOLT\u00ae\" \/>\n<meta property=\"og:image\" content=\"https:\/\/doktorvolt.pl\/wp-content\/uploads\/2026\/02\/pol_pl_12321-12321_3.jpg\" \/>\n\t<meta property=\"og:image:width\" content=\"800\" \/>\n\t<meta property=\"og:image:height\" content=\"800\" \/>\n\t<meta property=\"og:image:type\" content=\"image\/jpeg\" \/>\n<meta name=\"twitter:card\" content=\"summary_large_image\" \/>\n<script type=\"application\/ld+json\" class=\"yoast-schema-graph\">{\"@context\":\"https:\/\/schema.org\",\"@graph\":[{\"@type\":\"WebPage\",\"@id\":\"https:\/\/doktorvolt.pl\/en\/oferta-doktorvolt\/accessories\/panel-mounted-sockets-and-portable-mobile-plugs\/wtyczka-przenosna-skrecana-230v-16a-ip67-uni-schuko-doktorvolt-9993\/\",\"url\":\"https:\/\/doktorvolt.pl\/en\/oferta-doktorvolt\/accessories\/panel-mounted-sockets-and-portable-mobile-plugs\/wtyczka-przenosna-skrecana-230v-16a-ip67-uni-schuko-doktorvolt-9993\/\",\"name\":\"Wtyczka przeno\u015bna skr\u0119cana 230V 16A IP67 Uni-Schuko Doktorvolt 9993 - DOKTORVOLT\u00ae\",\"isPartOf\":{\"@id\":\"https:\/\/doktorvolt.pl\/de\/#website\"},\"primaryImageOfPage\":{\"@id\":\"https:\/\/doktorvolt.pl\/en\/oferta-doktorvolt\/accessories\/panel-mounted-sockets-and-portable-mobile-plugs\/wtyczka-przenosna-skrecana-230v-16a-ip67-uni-schuko-doktorvolt-9993\/#primaryimage\"},\"image\":{\"@id\":\"https:\/\/doktorvolt.pl\/en\/oferta-doktorvolt\/accessories\/panel-mounted-sockets-and-portable-mobile-plugs\/wtyczka-przenosna-skrecana-230v-16a-ip67-uni-schuko-doktorvolt-9993\/#primaryimage\"},\"thumbnailUrl\":\"https:\/\/doktorvolt.pl\/wp-content\/uploads\/2026\/02\/pol_pl_12321-12321_3.jpg\",\"datePublished\":\"2026-02-23T13:39:45+00:00\",\"breadcrumb\":{\"@id\":\"https:\/\/doktorvolt.pl\/en\/oferta-doktorvolt\/accessories\/panel-mounted-sockets-and-portable-mobile-plugs\/wtyczka-przenosna-skrecana-230v-16a-ip67-uni-schuko-doktorvolt-9993\/#breadcrumb\"},\"inLanguage\":\"en-US\",\"potentialAction\":[{\"@type\":\"ReadAction\",\"target\":[\"https:\/\/doktorvolt.pl\/en\/oferta-doktorvolt\/accessories\/panel-mounted-sockets-and-portable-mobile-plugs\/wtyczka-przenosna-skrecana-230v-16a-ip67-uni-schuko-doktorvolt-9993\/\"]}]},{\"@type\":\"ImageObject\",\"inLanguage\":\"en-US\",\"@id\":\"https:\/\/doktorvolt.pl\/en\/oferta-doktorvolt\/accessories\/panel-mounted-sockets-and-portable-mobile-plugs\/wtyczka-przenosna-skrecana-230v-16a-ip67-uni-schuko-doktorvolt-9993\/#primaryimage\",\"url\":\"https:\/\/doktorvolt.pl\/wp-content\/uploads\/2026\/02\/pol_pl_12321-12321_3.jpg\",\"contentUrl\":\"https:\/\/doktorvolt.pl\/wp-content\/uploads\/2026\/02\/pol_pl_12321-12321_3.jpg\",\"width\":800,\"height\":800},{\"@type\":\"BreadcrumbList\",\"@id\":\"https:\/\/doktorvolt.pl\/en\/oferta-doktorvolt\/accessories\/panel-mounted-sockets-and-portable-mobile-plugs\/wtyczka-przenosna-skrecana-230v-16a-ip67-uni-schuko-doktorvolt-9993\/#breadcrumb\",\"itemListElement\":[{\"@type\":\"ListItem\",\"position\":1,\"name\":\"Strona g\u0142\u00f3wna\",\"item\":\"https:\/\/doktorvolt.pl\/en\/\"},{\"@type\":\"ListItem\",\"position\":2,\"name\":\"Offer Doktorvolt\",\"item\":\"https:\/\/doktorvolt.pl\/en\/offer-doktorvolt\/\"},{\"@type\":\"ListItem\",\"position\":3,\"name\":\"Wtyczka przeno\u015bna skr\u0119cana 230V 16A IP67 Uni-Schuko Doktorvolt 9993\"}]},{\"@type\":\"WebSite\",\"@id\":\"https:\/\/doktorvolt.pl\/de\/#website\",\"url\":\"https:\/\/doktorvolt.pl\/de\/\",\"name\":\"DOKTORVOLT\u00ae\",\"description\":\"Producent rozdzielnic budowlanych\",\"publisher\":{\"@id\":\"https:\/\/doktorvolt.pl\/de\/#organization\"},\"potentialAction\":[{\"@type\":\"SearchAction\",\"target\":{\"@type\":\"EntryPoint\",\"urlTemplate\":\"https:\/\/doktorvolt.pl\/de\/?s={search_term_string}\"},\"query-input\":{\"@type\":\"PropertyValueSpecification\",\"valueRequired\":true,\"valueName\":\"search_term_string\"}}],\"inLanguage\":\"en-US\"},{\"@type\":\"Organization\",\"@id\":\"https:\/\/doktorvolt.pl\/de\/#organization\",\"name\":\"DOKTORVOLT\u00ae\",\"url\":\"https:\/\/doktorvolt.pl\/de\/\",\"logo\":{\"@type\":\"ImageObject\",\"inLanguage\":\"en-US\",\"@id\":\"https:\/\/doktorvolt.pl\/de\/#\/schema\/logo\/image\/\",\"url\":\"https:\/\/doktorvolt.pl\/wp-content\/uploads\/2023\/10\/DoktorVOLT-black-png.png\",\"contentUrl\":\"https:\/\/doktorvolt.pl\/wp-content\/uploads\/2023\/10\/DoktorVOLT-black-png.png\",\"width\":729,\"height\":40,\"caption\":\"DOKTORVOLT\u00ae\"},\"image\":{\"@id\":\"https:\/\/doktorvolt.pl\/de\/#\/schema\/logo\/image\/\"}}]}<\/script>\n<!-- \/ Yoast SEO plugin. -->","yoast_head_json":{"title":"Wtyczka przeno\u015bna skr\u0119cana 230V 16A IP67 Uni-Schuko Doktorvolt 9993 - DOKTORVOLT\u00ae","robots":{"index":"index","follow":"follow","max-snippet":"max-snippet:-1","max-image-preview":"max-image-preview:large","max-video-preview":"max-video-preview:-1"},"canonical":"https:\/\/doktorvolt.pl\/en\/oferta-doktorvolt\/accessories\/panel-mounted-sockets-and-portable-mobile-plugs\/wtyczka-przenosna-skrecana-230v-16a-ip67-uni-schuko-doktorvolt-9993\/","og_locale":"en_US","og_type":"article","og_title":"Wtyczka przeno\u015bna skr\u0119cana 230V 16A IP67 Uni-Schuko Doktorvolt 9993 - DOKTORVOLT\u00ae","og_description":"Wtyczka przeno\u015bna skr\u0119cana 230V 16A IP67\u00a0Uni-Schuko Doktorvolt 9993","og_url":"https:\/\/doktorvolt.pl\/en\/oferta-doktorvolt\/accessories\/panel-mounted-sockets-and-portable-mobile-plugs\/wtyczka-przenosna-skrecana-230v-16a-ip67-uni-schuko-doktorvolt-9993\/","og_site_name":"DOKTORVOLT\u00ae","og_image":[{"width":800,"height":800,"url":"https:\/\/doktorvolt.pl\/wp-content\/uploads\/2026\/02\/pol_pl_12321-12321_3.jpg","type":"image\/jpeg"}],"twitter_card":"summary_large_image","schema":{"@context":"https:\/\/schema.org","@graph":[{"@type":"WebPage","@id":"https:\/\/doktorvolt.pl\/en\/oferta-doktorvolt\/accessories\/panel-mounted-sockets-and-portable-mobile-plugs\/wtyczka-przenosna-skrecana-230v-16a-ip67-uni-schuko-doktorvolt-9993\/","url":"https:\/\/doktorvolt.pl\/en\/oferta-doktorvolt\/accessories\/panel-mounted-sockets-and-portable-mobile-plugs\/wtyczka-przenosna-skrecana-230v-16a-ip67-uni-schuko-doktorvolt-9993\/","name":"Wtyczka przeno\u015bna skr\u0119cana 230V 16A IP67 Uni-Schuko Doktorvolt 9993 - DOKTORVOLT\u00ae","isPartOf":{"@id":"https:\/\/doktorvolt.pl\/de\/#website"},"primaryImageOfPage":{"@id":"https:\/\/doktorvolt.pl\/en\/oferta-doktorvolt\/accessories\/panel-mounted-sockets-and-portable-mobile-plugs\/wtyczka-przenosna-skrecana-230v-16a-ip67-uni-schuko-doktorvolt-9993\/#primaryimage"},"image":{"@id":"https:\/\/doktorvolt.pl\/en\/oferta-doktorvolt\/accessories\/panel-mounted-sockets-and-portable-mobile-plugs\/wtyczka-przenosna-skrecana-230v-16a-ip67-uni-schuko-doktorvolt-9993\/#primaryimage"},"thumbnailUrl":"https:\/\/doktorvolt.pl\/wp-content\/uploads\/2026\/02\/pol_pl_12321-12321_3.jpg","datePublished":"2026-02-23T13:39:45+00:00","breadcrumb":{"@id":"https:\/\/doktorvolt.pl\/en\/oferta-doktorvolt\/accessories\/panel-mounted-sockets-and-portable-mobile-plugs\/wtyczka-przenosna-skrecana-230v-16a-ip67-uni-schuko-doktorvolt-9993\/#breadcrumb"},"inLanguage":"en-US","potentialAction":[{"@type":"ReadAction","target":["https:\/\/doktorvolt.pl\/en\/oferta-doktorvolt\/accessories\/panel-mounted-sockets-and-portable-mobile-plugs\/wtyczka-przenosna-skrecana-230v-16a-ip67-uni-schuko-doktorvolt-9993\/"]}]},{"@type":"ImageObject","inLanguage":"en-US","@id":"https:\/\/doktorvolt.pl\/en\/oferta-doktorvolt\/accessories\/panel-mounted-sockets-and-portable-mobile-plugs\/wtyczka-przenosna-skrecana-230v-16a-ip67-uni-schuko-doktorvolt-9993\/#primaryimage","url":"https:\/\/doktorvolt.pl\/wp-content\/uploads\/2026\/02\/pol_pl_12321-12321_3.jpg","contentUrl":"https:\/\/doktorvolt.pl\/wp-content\/uploads\/2026\/02\/pol_pl_12321-12321_3.jpg","width":800,"height":800},{"@type":"BreadcrumbList","@id":"https:\/\/doktorvolt.pl\/en\/oferta-doktorvolt\/accessories\/panel-mounted-sockets-and-portable-mobile-plugs\/wtyczka-przenosna-skrecana-230v-16a-ip67-uni-schuko-doktorvolt-9993\/#breadcrumb","itemListElement":[{"@type":"ListItem","position":1,"name":"Strona g\u0142\u00f3wna","item":"https:\/\/doktorvolt.pl\/en\/"},{"@type":"ListItem","position":2,"name":"Offer Doktorvolt","item":"https:\/\/doktorvolt.pl\/en\/offer-doktorvolt\/"},{"@type":"ListItem","position":3,"name":"Wtyczka przeno\u015bna skr\u0119cana 230V 16A IP67 Uni-Schuko Doktorvolt 9993"}]},{"@type":"WebSite","@id":"https:\/\/doktorvolt.pl\/de\/#website","url":"https:\/\/doktorvolt.pl\/de\/","name":"DOKTORVOLT\u00ae","description":"Producent rozdzielnic budowlanych","publisher":{"@id":"https:\/\/doktorvolt.pl\/de\/#organization"},"potentialAction":[{"@type":"SearchAction","target":{"@type":"EntryPoint","urlTemplate":"https:\/\/doktorvolt.pl\/de\/?s={search_term_string}"},"query-input":{"@type":"PropertyValueSpecification","valueRequired":true,"valueName":"search_term_string"}}],"inLanguage":"en-US"},{"@type":"Organization","@id":"https:\/\/doktorvolt.pl\/de\/#organization","name":"DOKTORVOLT\u00ae","url":"https:\/\/doktorvolt.pl\/de\/","logo":{"@type":"ImageObject","inLanguage":"en-US","@id":"https:\/\/doktorvolt.pl\/de\/#\/schema\/logo\/image\/","url":"https:\/\/doktorvolt.pl\/wp-content\/uploads\/2023\/10\/DoktorVOLT-black-png.png","contentUrl":"https:\/\/doktorvolt.pl\/wp-content\/uploads\/2023\/10\/DoktorVOLT-black-png.png","width":729,"height":40,"caption":"DOKTORVOLT\u00ae"},"image":{"@id":"https:\/\/doktorvolt.pl\/de\/#\/schema\/logo\/image\/"}}]}},"_links":{"self":[{"href":"https:\/\/doktorvolt.pl\/en\/wp-json\/wp\/v2\/product\/110861","targetHints":{"allow":["GET"]}}],"collection":[{"href":"https:\/\/doktorvolt.pl\/en\/wp-json\/wp\/v2\/product"}],"about":[{"href":"https:\/\/doktorvolt.pl\/en\/wp-json\/wp\/v2\/types\/product"}],"wp:featuredmedia":[{"embeddable":true,"href":"https:\/\/doktorvolt.pl\/en\/wp-json\/wp\/v2\/media\/103198"}],"wp:attachment":[{"href":"https:\/\/doktorvolt.pl\/en\/wp-json\/wp\/v2\/media?parent=110861"}],"wp:term":[{"taxonomy":"product_brand","embeddable":true,"href":"https:\/\/doktorvolt.pl\/en\/wp-json\/wp\/v2\/product_brand?post=110861"},{"taxonomy":"product_cat","embeddable":true,"href":"https:\/\/doktorvolt.pl\/en\/wp-json\/wp\/v2\/product_cat?post=110861"},{"taxonomy":"product_tag","embeddable":true,"href":"https:\/\/doktorvolt.pl\/en\/wp-json\/wp\/v2\/product_tag?post=110861"}],"curies":[{"name":"wp","href":"https:\/\/api.w.org\/{rel}","templated":true}]}}