{"id":110863,"date":"2026-02-23T15:39:36","date_gmt":"2026-02-23T13:39:36","guid":{"rendered":"https:\/\/doktorvolt.pl\/sklep\/uncategorized\/wlacznik-wylacznik-swiatla-lacznik-pojedynczy-ip44-popiel-grafit-156-08-dv-8264\/"},"modified":"2026-02-23T15:39:36","modified_gmt":"2026-02-23T13:39:36","slug":"wlacznik-wylacznik-swiatla-lacznik-pojedynczy-ip44-popiel-grafit-156-08-dv-8264","status":"publish","type":"product","link":"https:\/\/doktorvolt.pl\/en\/oferta-doktorvolt\/accessories\/sockets-and-switches\/wlacznik-wylacznik-swiatla-lacznik-pojedynczy-ip44-popiel-grafit-156-08-dv-8264\/","title":{"rendered":"W\u0142\u0105cznik wy\u0142\u0105cznik \u015bwiat\u0142a \u0142\u0105cznik pojedynczy IP44 popiel\/grafit 156-08 DV 8264"},"content":{"rendered":"<h1 style=\"text-align:center;\"><span style=\"color:#000000;\"><strong>Wy\u0142\u0105cznik \u015bwiat\u0142a 10A pojedynczy natynkowy popiel\/grafit IP44<\/strong><\/span><strong><\/strong><span style=\"color:#000000;\"><strong><br \/><\/strong><\/span><\/h1>\n<\/p>\n<h1 style=\"text-align:center;\"><\/h1>\n<table class=\"center\" style=\"background-color:#f5f5f5;margin-left:auto;margin-right:auto;width:506px;height:621px;border:1px solid #ffffff;\" align=\"center\">\n<tbody>\n<tr>\n<td style=\"text-align:right;padding:15px;height:25px;\" valign=\"middle\" align=\"right\"><span style=\"font-size:12pt;color:#000000;\"><span style=\"font-family:verdana, geneva;\">zastosowanie<\/span><\/span><\/td>\n<td style=\"background-color:#ffffff;text-align:center;padding:15px;\"><span style=\"font-family:verdana, geneva;color:#000000;\"><span style=\"font-size:16px;\"><span style=\"font-family:verdana, geneva;\"><span style=\"font-size:16px;\">&#8211; klatki schodowe, gara\u017ce, piwnice, altany<br \/>&#8211; w\u0142\u0105cznik chwilowy, po opuszczeniu klawisza w\u0142\u0105cznika, samoczynnie powraca do pozycji wyj\u015bciowej<br \/><\/span><\/span><\/span><\/span><\/td>\n<\/tr>\n<tr>\n<td style=\"text-align:right;padding:15px;height:25px;\" valign=\"middle\" align=\"right\"><span style=\"font-size:12pt;color:#000000;\"><span style=\"font-family:verdana, geneva;\">napi\u0119cie znamionowe <br \/><\/span><\/span><\/td>\n<td style=\"background-color:#ffffff;text-align:center;padding:15px;\"><span style=\"font-family:verdana, geneva;font-size:12pt;color:#000000;\">250V~<br \/><\/span><\/td>\n<\/tr>\n<tr>\n<td style=\"text-align:right;padding:15px;height:25px;\" valign=\"middle\" align=\"right\"><span style=\"font-size:12pt;color:#000000;\"><span style=\"font-family:verdana, geneva;\">pr\u0105d znamionowy <br \/><\/span><\/span><\/td>\n<td style=\"background-color:#ffffff;text-align:center;padding:15px;\"><span style=\"font-family:verdana, geneva;font-size:12pt;color:#000000;\">10A<br \/><\/span><\/td>\n<\/tr>\n<tr>\n<td style=\"text-align:right;padding:15px;height:25px;\" valign=\"middle\" align=\"right\"><span style=\"font-size:12pt;color:#000000;\"><span style=\"font-family:verdana, geneva;\">monta\u017c <br \/><\/span><\/span><\/td>\n<td style=\"background-color:#ffffff;text-align:center;padding:15px;\"><span style=\"font-family:verdana, geneva;font-size:12pt;color:#000000;\">natynkowy<br \/><\/span><\/td>\n<\/tr>\n<tr>\n<td style=\"text-align:right;padding:15px;height:25px;\" valign=\"middle\" align=\"right\"><span style=\"font-size:12pt;color:#000000;\"><span style=\"font-family:verdana, geneva;\">spos\u00f3b mocowania<br \/><\/span><\/span><\/td>\n<td style=\"background-color:#ffffff;text-align:center;padding:15px;\"><span style=\"font-family:verdana, geneva;font-size:12pt;color:#000000;\">zaciski \u015brubowe<br \/><\/span><\/td>\n<\/tr>\n<tr>\n<td style=\"text-align:right;padding:15px;height:25px;\" valign=\"middle\" align=\"right\"><span style=\"font-size:12pt;color:#000000;\"><span style=\"font-family:verdana, geneva;\">kolor gniazda\/klapki<\/span><\/span><\/td>\n<td style=\"background-color:#ffffff;text-align:center;padding:15px;\"><span style=\"font-family:verdana, geneva;font-size:12pt;color:#000000;\">popiel\/grafit<br \/><\/span><\/td>\n<\/tr>\n<tr>\n<td style=\"text-align:right;padding:15px;height:25px;\" valign=\"middle\" align=\"right\"><span style=\"font-size:12pt;color:#000000;\"><span style=\"font-family:verdana, geneva;\">wyko\u0144czenie powierzchni <br \/><\/span><\/span><\/td>\n<td style=\"background-color:#ffffff;text-align:center;padding:15px;\"><span style=\"font-family:verdana, geneva;font-size:12pt;color:#000000;\">matowa<br \/><\/span><\/td>\n<\/tr>\n<tr>\n<td style=\"text-align:right;padding:15px;height:25px;\" valign=\"middle\" align=\"right\"><span style=\"font-size:12pt;color:#000000;\"><span style=\"font-family:verdana, geneva;\">stopie\u0144 ochrony <br \/><\/span><\/span><\/td>\n<td style=\"background-color:#ffffff;text-align:center;padding:15px;\"><span style=\"font-family:verdana, geneva;font-size:12pt;color:#000000;\">IP44<\/span><\/td>\n<\/tr>\n<tr>\n<td style=\"text-align:right;padding:15px;height:25px;\" valign=\"middle\" align=\"right\"><span style=\"font-size:12pt;color:#000000;\"><span style=\"font-family:verdana, geneva;\">materia\u0142<\/span><\/span><\/td>\n<td style=\"background-color:#ffffff;text-align:center;padding:15px;\"><span style=\"font-family:verdana, geneva;font-size:12pt;color:#000000;\">ABS<\/span><\/td>\n<\/tr>\n<tr>\n<td style=\"text-align:right;padding:15px;height:25px;\" valign=\"middle\" align=\"right\"><span style=\"font-size:12pt;color:#000000;\"><span style=\"font-family:verdana, geneva;\">wymiary<\/span><\/span><\/td>\n<td style=\"background-color:#ffffff;text-align:center;padding:15px;\"><span style=\"font-family:verdana, geneva;font-size:12pt;color:#000000;\"> 74x62x46mm <br \/><\/span><\/td>\n<\/tr>\n<tr>\n<td style=\"text-align:right;padding:15px;height:25px;\" valign=\"middle\" align=\"right\"><span style=\"font-size:12pt;color:#000000;\"><span style=\"font-family:verdana, geneva;\">normy i aprobaty <\/span><\/span><\/td>\n<td style=\"background-color:#ffffff;text-align:center;padding:15px;\"><span style=\"font-family:verdana, geneva;font-size:12pt;color:#000000;\">CE<\/span><\/td>\n<\/tr>\n<tr>\n<td style=\"text-align:right;padding:15px;height:25px;\" valign=\"middle\" align=\"right\"><span style=\"font-size:12pt;color:#000000;\"><span style=\"font-family:verdana, geneva;\">producent<br \/><\/span><\/span><\/td>\n<td style=\"background-color:#ffffff;text-align:center;padding:15px;\"><span style=\"font-family:verdana, geneva;font-size:12pt;color:#000000;\">Doktorvolt<\/span><\/td>\n<\/tr>\n<tr>\n<td style=\"text-align:right;padding:15px;height:25px;\" valign=\"middle\" align=\"right\"><span style=\"font-size:12pt;color:#000000;\"><span style=\"font-family:verdana, geneva;\">numer artyku\u0142u<br \/><\/span><\/span><\/td>\n<td style=\"background-color:#ffffff;text-align:center;padding:15px;\"><span style=\"font-family:verdana, geneva;font-size:12pt;color:#000000;\">156-08-DRV<\/span><\/td>\n<\/tr>\n<tr>\n<td style=\"text-align:right;padding:15px;height:25px;\" valign=\"middle\" align=\"right\"><span style=\"font-size:12pt;color:#000000;\"><span style=\"font-family:verdana, geneva;\">EAN <br \/><\/span><\/span><\/td>\n<td style=\"background-color:#ffffff;text-align:center;padding:15px;\"><span style=\"color:#000000;\"><span style=\"font-family:verdana, geneva;font-size:12pt;\">5906365208264<\/span><span style=\"font-family:verdana, geneva;font-size:12pt;\"><br \/><\/span><\/span><\/td>\n<\/tr>\n<\/tbody>\n<\/table>\n","protected":false},"excerpt":{"rendered":"<p>\u0141\u0105cznik \u015bwiat\u0142o hermetyczny zwierny chwilowy pojedynczy natynkowy popiel\/grafit IP44<\/p>\n","protected":false},"featured_media":103180,"template":"","meta":[],"product_brand":[],"product_cat":[5147],"product_tag":[],"class_list":{"0":"post-110863","1":"product","2":"type-product","3":"status-publish","4":"has-post-thumbnail","6":"product_cat-sockets-and-switches","8":"first","9":"instock","10":"shipping-taxable","11":"product-type-external"},"yoast_head":"<!-- This site is optimized with the Yoast SEO plugin v27.0 - https:\/\/yoast.com\/product\/yoast-seo-wordpress\/ -->\n<title>W\u0142\u0105cznik wy\u0142\u0105cznik \u015bwiat\u0142a \u0142\u0105cznik pojedynczy IP44 popiel\/grafit 156-08 DV 8264 - DOKTORVOLT\u00ae<\/title>\n<meta name=\"robots\" content=\"index, follow, max-snippet:-1, max-image-preview:large, max-video-preview:-1\" \/>\n<link rel=\"canonical\" href=\"https:\/\/doktorvolt.pl\/en\/oferta-doktorvolt\/accessories\/sockets-and-switches\/wlacznik-wylacznik-swiatla-lacznik-pojedynczy-ip44-popiel-grafit-156-08-dv-8264\/\" \/>\n<meta property=\"og:locale\" content=\"en_US\" \/>\n<meta property=\"og:type\" content=\"article\" \/>\n<meta property=\"og:title\" content=\"W\u0142\u0105cznik wy\u0142\u0105cznik \u015bwiat\u0142a \u0142\u0105cznik pojedynczy IP44 popiel\/grafit 156-08 DV 8264 - DOKTORVOLT\u00ae\" \/>\n<meta property=\"og:description\" content=\"\u0141\u0105cznik \u015bwiat\u0142o hermetyczny zwierny chwilowy pojedynczy natynkowy popiel\/grafit IP44\" \/>\n<meta property=\"og:url\" content=\"https:\/\/doktorvolt.pl\/en\/oferta-doktorvolt\/accessories\/sockets-and-switches\/wlacznik-wylacznik-swiatla-lacznik-pojedynczy-ip44-popiel-grafit-156-08-dv-8264\/\" \/>\n<meta property=\"og:site_name\" content=\"DOKTORVOLT\u00ae\" \/>\n<meta property=\"og:image\" content=\"https:\/\/doktorvolt.pl\/wp-content\/uploads\/2026\/02\/pol_pl_16189-16189_1.jpg\" \/>\n\t<meta property=\"og:image:width\" content=\"1000\" \/>\n\t<meta property=\"og:image:height\" content=\"1000\" \/>\n\t<meta property=\"og:image:type\" content=\"image\/jpeg\" \/>\n<meta name=\"twitter:card\" content=\"summary_large_image\" \/>\n<script type=\"application\/ld+json\" class=\"yoast-schema-graph\">{\"@context\":\"https:\/\/schema.org\",\"@graph\":[{\"@type\":\"WebPage\",\"@id\":\"https:\/\/doktorvolt.pl\/en\/oferta-doktorvolt\/accessories\/sockets-and-switches\/wlacznik-wylacznik-swiatla-lacznik-pojedynczy-ip44-popiel-grafit-156-08-dv-8264\/\",\"url\":\"https:\/\/doktorvolt.pl\/en\/oferta-doktorvolt\/accessories\/sockets-and-switches\/wlacznik-wylacznik-swiatla-lacznik-pojedynczy-ip44-popiel-grafit-156-08-dv-8264\/\",\"name\":\"W\u0142\u0105cznik wy\u0142\u0105cznik \u015bwiat\u0142a \u0142\u0105cznik pojedynczy IP44 popiel\/grafit 156-08 DV 8264 - DOKTORVOLT\u00ae\",\"isPartOf\":{\"@id\":\"https:\/\/doktorvolt.pl\/de\/#website\"},\"primaryImageOfPage\":{\"@id\":\"https:\/\/doktorvolt.pl\/en\/oferta-doktorvolt\/accessories\/sockets-and-switches\/wlacznik-wylacznik-swiatla-lacznik-pojedynczy-ip44-popiel-grafit-156-08-dv-8264\/#primaryimage\"},\"image\":{\"@id\":\"https:\/\/doktorvolt.pl\/en\/oferta-doktorvolt\/accessories\/sockets-and-switches\/wlacznik-wylacznik-swiatla-lacznik-pojedynczy-ip44-popiel-grafit-156-08-dv-8264\/#primaryimage\"},\"thumbnailUrl\":\"https:\/\/doktorvolt.pl\/wp-content\/uploads\/2026\/02\/pol_pl_16189-16189_1.jpg\",\"datePublished\":\"2026-02-23T13:39:36+00:00\",\"breadcrumb\":{\"@id\":\"https:\/\/doktorvolt.pl\/en\/oferta-doktorvolt\/accessories\/sockets-and-switches\/wlacznik-wylacznik-swiatla-lacznik-pojedynczy-ip44-popiel-grafit-156-08-dv-8264\/#breadcrumb\"},\"inLanguage\":\"en-US\",\"potentialAction\":[{\"@type\":\"ReadAction\",\"target\":[\"https:\/\/doktorvolt.pl\/en\/oferta-doktorvolt\/accessories\/sockets-and-switches\/wlacznik-wylacznik-swiatla-lacznik-pojedynczy-ip44-popiel-grafit-156-08-dv-8264\/\"]}]},{\"@type\":\"ImageObject\",\"inLanguage\":\"en-US\",\"@id\":\"https:\/\/doktorvolt.pl\/en\/oferta-doktorvolt\/accessories\/sockets-and-switches\/wlacznik-wylacznik-swiatla-lacznik-pojedynczy-ip44-popiel-grafit-156-08-dv-8264\/#primaryimage\",\"url\":\"https:\/\/doktorvolt.pl\/wp-content\/uploads\/2026\/02\/pol_pl_16189-16189_1.jpg\",\"contentUrl\":\"https:\/\/doktorvolt.pl\/wp-content\/uploads\/2026\/02\/pol_pl_16189-16189_1.jpg\",\"width\":1000,\"height\":1000},{\"@type\":\"BreadcrumbList\",\"@id\":\"https:\/\/doktorvolt.pl\/en\/oferta-doktorvolt\/accessories\/sockets-and-switches\/wlacznik-wylacznik-swiatla-lacznik-pojedynczy-ip44-popiel-grafit-156-08-dv-8264\/#breadcrumb\",\"itemListElement\":[{\"@type\":\"ListItem\",\"position\":1,\"name\":\"Strona g\u0142\u00f3wna\",\"item\":\"https:\/\/doktorvolt.pl\/en\/\"},{\"@type\":\"ListItem\",\"position\":2,\"name\":\"Offer Doktorvolt\",\"item\":\"https:\/\/doktorvolt.pl\/en\/offer-doktorvolt\/\"},{\"@type\":\"ListItem\",\"position\":3,\"name\":\"W\u0142\u0105cznik wy\u0142\u0105cznik \u015bwiat\u0142a \u0142\u0105cznik pojedynczy IP44 popiel\/grafit 156-08 DV 8264\"}]},{\"@type\":\"WebSite\",\"@id\":\"https:\/\/doktorvolt.pl\/de\/#website\",\"url\":\"https:\/\/doktorvolt.pl\/de\/\",\"name\":\"DOKTORVOLT\u00ae\",\"description\":\"Producent rozdzielnic budowlanych\",\"publisher\":{\"@id\":\"https:\/\/doktorvolt.pl\/de\/#organization\"},\"potentialAction\":[{\"@type\":\"SearchAction\",\"target\":{\"@type\":\"EntryPoint\",\"urlTemplate\":\"https:\/\/doktorvolt.pl\/de\/?s={search_term_string}\"},\"query-input\":{\"@type\":\"PropertyValueSpecification\",\"valueRequired\":true,\"valueName\":\"search_term_string\"}}],\"inLanguage\":\"en-US\"},{\"@type\":\"Organization\",\"@id\":\"https:\/\/doktorvolt.pl\/de\/#organization\",\"name\":\"DOKTORVOLT\u00ae\",\"url\":\"https:\/\/doktorvolt.pl\/de\/\",\"logo\":{\"@type\":\"ImageObject\",\"inLanguage\":\"en-US\",\"@id\":\"https:\/\/doktorvolt.pl\/de\/#\/schema\/logo\/image\/\",\"url\":\"https:\/\/doktorvolt.pl\/wp-content\/uploads\/2023\/10\/DoktorVOLT-black-png.png\",\"contentUrl\":\"https:\/\/doktorvolt.pl\/wp-content\/uploads\/2023\/10\/DoktorVOLT-black-png.png\",\"width\":729,\"height\":40,\"caption\":\"DOKTORVOLT\u00ae\"},\"image\":{\"@id\":\"https:\/\/doktorvolt.pl\/de\/#\/schema\/logo\/image\/\"}}]}<\/script>\n<!-- \/ Yoast SEO plugin. -->","yoast_head_json":{"title":"W\u0142\u0105cznik wy\u0142\u0105cznik \u015bwiat\u0142a \u0142\u0105cznik pojedynczy IP44 popiel\/grafit 156-08 DV 8264 - DOKTORVOLT\u00ae","robots":{"index":"index","follow":"follow","max-snippet":"max-snippet:-1","max-image-preview":"max-image-preview:large","max-video-preview":"max-video-preview:-1"},"canonical":"https:\/\/doktorvolt.pl\/en\/oferta-doktorvolt\/accessories\/sockets-and-switches\/wlacznik-wylacznik-swiatla-lacznik-pojedynczy-ip44-popiel-grafit-156-08-dv-8264\/","og_locale":"en_US","og_type":"article","og_title":"W\u0142\u0105cznik wy\u0142\u0105cznik \u015bwiat\u0142a \u0142\u0105cznik pojedynczy IP44 popiel\/grafit 156-08 DV 8264 - DOKTORVOLT\u00ae","og_description":"\u0141\u0105cznik \u015bwiat\u0142o hermetyczny zwierny chwilowy pojedynczy natynkowy popiel\/grafit IP44","og_url":"https:\/\/doktorvolt.pl\/en\/oferta-doktorvolt\/accessories\/sockets-and-switches\/wlacznik-wylacznik-swiatla-lacznik-pojedynczy-ip44-popiel-grafit-156-08-dv-8264\/","og_site_name":"DOKTORVOLT\u00ae","og_image":[{"width":1000,"height":1000,"url":"https:\/\/doktorvolt.pl\/wp-content\/uploads\/2026\/02\/pol_pl_16189-16189_1.jpg","type":"image\/jpeg"}],"twitter_card":"summary_large_image","schema":{"@context":"https:\/\/schema.org","@graph":[{"@type":"WebPage","@id":"https:\/\/doktorvolt.pl\/en\/oferta-doktorvolt\/accessories\/sockets-and-switches\/wlacznik-wylacznik-swiatla-lacznik-pojedynczy-ip44-popiel-grafit-156-08-dv-8264\/","url":"https:\/\/doktorvolt.pl\/en\/oferta-doktorvolt\/accessories\/sockets-and-switches\/wlacznik-wylacznik-swiatla-lacznik-pojedynczy-ip44-popiel-grafit-156-08-dv-8264\/","name":"W\u0142\u0105cznik wy\u0142\u0105cznik \u015bwiat\u0142a \u0142\u0105cznik pojedynczy IP44 popiel\/grafit 156-08 DV 8264 - DOKTORVOLT\u00ae","isPartOf":{"@id":"https:\/\/doktorvolt.pl\/de\/#website"},"primaryImageOfPage":{"@id":"https:\/\/doktorvolt.pl\/en\/oferta-doktorvolt\/accessories\/sockets-and-switches\/wlacznik-wylacznik-swiatla-lacznik-pojedynczy-ip44-popiel-grafit-156-08-dv-8264\/#primaryimage"},"image":{"@id":"https:\/\/doktorvolt.pl\/en\/oferta-doktorvolt\/accessories\/sockets-and-switches\/wlacznik-wylacznik-swiatla-lacznik-pojedynczy-ip44-popiel-grafit-156-08-dv-8264\/#primaryimage"},"thumbnailUrl":"https:\/\/doktorvolt.pl\/wp-content\/uploads\/2026\/02\/pol_pl_16189-16189_1.jpg","datePublished":"2026-02-23T13:39:36+00:00","breadcrumb":{"@id":"https:\/\/doktorvolt.pl\/en\/oferta-doktorvolt\/accessories\/sockets-and-switches\/wlacznik-wylacznik-swiatla-lacznik-pojedynczy-ip44-popiel-grafit-156-08-dv-8264\/#breadcrumb"},"inLanguage":"en-US","potentialAction":[{"@type":"ReadAction","target":["https:\/\/doktorvolt.pl\/en\/oferta-doktorvolt\/accessories\/sockets-and-switches\/wlacznik-wylacznik-swiatla-lacznik-pojedynczy-ip44-popiel-grafit-156-08-dv-8264\/"]}]},{"@type":"ImageObject","inLanguage":"en-US","@id":"https:\/\/doktorvolt.pl\/en\/oferta-doktorvolt\/accessories\/sockets-and-switches\/wlacznik-wylacznik-swiatla-lacznik-pojedynczy-ip44-popiel-grafit-156-08-dv-8264\/#primaryimage","url":"https:\/\/doktorvolt.pl\/wp-content\/uploads\/2026\/02\/pol_pl_16189-16189_1.jpg","contentUrl":"https:\/\/doktorvolt.pl\/wp-content\/uploads\/2026\/02\/pol_pl_16189-16189_1.jpg","width":1000,"height":1000},{"@type":"BreadcrumbList","@id":"https:\/\/doktorvolt.pl\/en\/oferta-doktorvolt\/accessories\/sockets-and-switches\/wlacznik-wylacznik-swiatla-lacznik-pojedynczy-ip44-popiel-grafit-156-08-dv-8264\/#breadcrumb","itemListElement":[{"@type":"ListItem","position":1,"name":"Strona g\u0142\u00f3wna","item":"https:\/\/doktorvolt.pl\/en\/"},{"@type":"ListItem","position":2,"name":"Offer Doktorvolt","item":"https:\/\/doktorvolt.pl\/en\/offer-doktorvolt\/"},{"@type":"ListItem","position":3,"name":"W\u0142\u0105cznik wy\u0142\u0105cznik \u015bwiat\u0142a \u0142\u0105cznik pojedynczy IP44 popiel\/grafit 156-08 DV 8264"}]},{"@type":"WebSite","@id":"https:\/\/doktorvolt.pl\/de\/#website","url":"https:\/\/doktorvolt.pl\/de\/","name":"DOKTORVOLT\u00ae","description":"Producent rozdzielnic budowlanych","publisher":{"@id":"https:\/\/doktorvolt.pl\/de\/#organization"},"potentialAction":[{"@type":"SearchAction","target":{"@type":"EntryPoint","urlTemplate":"https:\/\/doktorvolt.pl\/de\/?s={search_term_string}"},"query-input":{"@type":"PropertyValueSpecification","valueRequired":true,"valueName":"search_term_string"}}],"inLanguage":"en-US"},{"@type":"Organization","@id":"https:\/\/doktorvolt.pl\/de\/#organization","name":"DOKTORVOLT\u00ae","url":"https:\/\/doktorvolt.pl\/de\/","logo":{"@type":"ImageObject","inLanguage":"en-US","@id":"https:\/\/doktorvolt.pl\/de\/#\/schema\/logo\/image\/","url":"https:\/\/doktorvolt.pl\/wp-content\/uploads\/2023\/10\/DoktorVOLT-black-png.png","contentUrl":"https:\/\/doktorvolt.pl\/wp-content\/uploads\/2023\/10\/DoktorVOLT-black-png.png","width":729,"height":40,"caption":"DOKTORVOLT\u00ae"},"image":{"@id":"https:\/\/doktorvolt.pl\/de\/#\/schema\/logo\/image\/"}}]}},"_links":{"self":[{"href":"https:\/\/doktorvolt.pl\/en\/wp-json\/wp\/v2\/product\/110863","targetHints":{"allow":["GET"]}}],"collection":[{"href":"https:\/\/doktorvolt.pl\/en\/wp-json\/wp\/v2\/product"}],"about":[{"href":"https:\/\/doktorvolt.pl\/en\/wp-json\/wp\/v2\/types\/product"}],"wp:featuredmedia":[{"embeddable":true,"href":"https:\/\/doktorvolt.pl\/en\/wp-json\/wp\/v2\/media\/103180"}],"wp:attachment":[{"href":"https:\/\/doktorvolt.pl\/en\/wp-json\/wp\/v2\/media?parent=110863"}],"wp:term":[{"taxonomy":"product_brand","embeddable":true,"href":"https:\/\/doktorvolt.pl\/en\/wp-json\/wp\/v2\/product_brand?post=110863"},{"taxonomy":"product_cat","embeddable":true,"href":"https:\/\/doktorvolt.pl\/en\/wp-json\/wp\/v2\/product_cat?post=110863"},{"taxonomy":"product_tag","embeddable":true,"href":"https:\/\/doktorvolt.pl\/en\/wp-json\/wp\/v2\/product_tag?post=110863"}],"curies":[{"name":"wp","href":"https:\/\/api.w.org\/{rel}","templated":true}]}}