{"id":110870,"date":"2026-02-23T15:39:04","date_gmt":"2026-02-23T13:39:04","guid":{"rendered":"https:\/\/doktorvolt.pl\/sklep\/uncategorized\/lacznik-swiecznikowy-podwojny-natynkowy-ip44-popiel-grafit-152-08-dv-8196\/"},"modified":"2026-02-23T15:39:04","modified_gmt":"2026-02-23T13:39:04","slug":"lacznik-swiecznikowy-podwojny-natynkowy-ip44-popiel-grafit-152-08-dv-8196","status":"publish","type":"product","link":"https:\/\/doktorvolt.pl\/en\/oferta-doktorvolt\/accessories\/sockets-and-switches\/lacznik-swiecznikowy-podwojny-natynkowy-ip44-popiel-grafit-152-08-dv-8196\/","title":{"rendered":"\u0141\u0105cznik \u015bwiecznikowy podw\u00f3jny natynkowy IP44 popiel\/grafit 152-08 DV 8196"},"content":{"rendered":"<h1 style=\"text-align: center; font-size: 24pt;\"><span>Wy\u0142\u0105cznik w\u0142\u0105cznik \u015bwiecznikowy podw\u00f3jny popiel\/grafit 10A 250V IP44  <\/span><\/h1>\n<h4 style=\"font-size: 14pt; text-align: center;\"><span><\/span><\/h4>\n<h2 style=\"font-size: 14pt; text-align: justify;\"><strong><span>Specyfikacja Techniczna:<\/span><\/strong><\/h2>\n<ul>\n<li><span style=\"font-size: 13pt;\"><b>Zastosowanie:<\/b><\/span> <span style=\"font-size: 13pt;\">wyposa\u017cony w 2 przyciski, przeznaczony do \u017cyrandoli (podzielonych na 2 strefy)<\/span><\/li>\n<li><span style=\"font-size: 13pt;\"><b>Napi\u0119cie znamionowe:<\/b><\/span> <span style=\"font-size: 13pt;\">250V~<\/span><\/li>\n<li><span style=\"font-size: 13pt;\"><b>Pr\u0105d znamionowy:<\/b><\/span> <span style=\"font-size: 13pt;\">10A<\/span><\/li>\n<li><span style=\"font-size: 13pt;\"><b>Monta\u017c:<\/b><\/span> <span style=\"font-size: 13pt;\">natynkowy<\/span><\/li>\n<li><span style=\"font-size: 13pt;\"><b>Spos\u00f3b mocowania:<\/b><\/span> <span style=\"font-size: 13pt;\">zaciski \u015brubowe<\/span><\/li>\n<li><span style=\"font-size: 13pt;\"><b>Kolor gniazda\/klapki:<\/b><\/span> <span style=\"font-size: 13pt;\">popiel\/grafit<\/span><\/li>\n<li><span style=\"font-size: 13pt;\"><b>Wyko\u0144czenie powierzchni:<\/b><\/span> <span style=\"font-size: 13pt;\">matowa<\/span><\/li>\n<li><span style=\"font-size: 13pt;\"><b>Stopie\u0144 ochrony:<\/b><\/span> <span style=\"font-size: 13pt;\">IP44<\/span><\/li>\n<li><span style=\"font-size: 13pt;\"><b>Materia\u0142:<\/b><\/span> <span style=\"font-size: 13pt;\">ABS<\/span><\/li>\n<li><span style=\"font-size: 13pt;\"><b>Wymiary:<\/b><\/span> <span style=\"font-size: 13pt;\">74x62x46mm<\/span><\/li>\n<li><span style=\"font-size: 13pt;\"><b>Normy i aprobaty:<\/b><\/span> <span style=\"font-size: 13pt;\">CE<\/span><\/li>\n<li><span style=\"font-size: 13pt;\"><b>Producent:<\/b><\/span> <span style=\"font-size: 13pt;\">Doktorvolt<\/span><\/li>\n<li><span style=\"font-size: 13pt;\"><b>Numer artyku\u0142u:<\/b><\/span> <span style=\"font-size: 13pt;\">152-08-DRV<\/span><\/li>\n<li><span style=\"font-size: 13pt;\"><b>EAN:<\/b><\/span> <span style=\"font-size: 13pt;\">5906365208196<\/span><\/li>\n<\/ul>\n","protected":false},"excerpt":{"rendered":"<p>\u0141\u0105cznik \u015bwiecznikowy podw\u00f3jny popiel\/grafit 10A 250V IP44 Wy\u0142\u0105cznik w\u0142\u0105cznik<\/p>\n","protected":false},"featured_media":103109,"template":"","meta":[],"product_brand":[],"product_cat":[5147],"product_tag":[],"class_list":{"0":"post-110870","1":"product","2":"type-product","3":"status-publish","4":"has-post-thumbnail","6":"product_cat-sockets-and-switches","8":"first","9":"instock","10":"shipping-taxable","11":"product-type-external"},"yoast_head":"<!-- This site is optimized with the Yoast SEO plugin v27.0 - https:\/\/yoast.com\/product\/yoast-seo-wordpress\/ -->\n<title>\u0141\u0105cznik \u015bwiecznikowy podw\u00f3jny natynkowy IP44 popiel\/grafit 152-08 DV 8196 - DOKTORVOLT\u00ae<\/title>\n<meta name=\"robots\" content=\"index, follow, max-snippet:-1, max-image-preview:large, max-video-preview:-1\" \/>\n<link rel=\"canonical\" href=\"https:\/\/doktorvolt.pl\/en\/oferta-doktorvolt\/accessories\/sockets-and-switches\/lacznik-swiecznikowy-podwojny-natynkowy-ip44-popiel-grafit-152-08-dv-8196\/\" \/>\n<meta property=\"og:locale\" content=\"en_US\" \/>\n<meta property=\"og:type\" content=\"article\" \/>\n<meta property=\"og:title\" content=\"\u0141\u0105cznik \u015bwiecznikowy podw\u00f3jny natynkowy IP44 popiel\/grafit 152-08 DV 8196 - DOKTORVOLT\u00ae\" \/>\n<meta property=\"og:description\" content=\"\u0141\u0105cznik \u015bwiecznikowy podw\u00f3jny popiel\/grafit 10A 250V IP44 Wy\u0142\u0105cznik w\u0142\u0105cznik\" \/>\n<meta property=\"og:url\" content=\"https:\/\/doktorvolt.pl\/en\/oferta-doktorvolt\/accessories\/sockets-and-switches\/lacznik-swiecznikowy-podwojny-natynkowy-ip44-popiel-grafit-152-08-dv-8196\/\" \/>\n<meta property=\"og:site_name\" content=\"DOKTORVOLT\u00ae\" \/>\n<meta property=\"og:image\" content=\"https:\/\/doktorvolt.pl\/wp-content\/uploads\/2026\/02\/pol_pl_12335-12335_1.png\" \/>\n\t<meta property=\"og:image:width\" content=\"1600\" \/>\n\t<meta property=\"og:image:height\" content=\"1600\" \/>\n\t<meta property=\"og:image:type\" content=\"image\/png\" \/>\n<meta name=\"twitter:card\" content=\"summary_large_image\" \/>\n<script type=\"application\/ld+json\" class=\"yoast-schema-graph\">{\"@context\":\"https:\/\/schema.org\",\"@graph\":[{\"@type\":\"WebPage\",\"@id\":\"https:\/\/doktorvolt.pl\/en\/oferta-doktorvolt\/accessories\/sockets-and-switches\/lacznik-swiecznikowy-podwojny-natynkowy-ip44-popiel-grafit-152-08-dv-8196\/\",\"url\":\"https:\/\/doktorvolt.pl\/en\/oferta-doktorvolt\/accessories\/sockets-and-switches\/lacznik-swiecznikowy-podwojny-natynkowy-ip44-popiel-grafit-152-08-dv-8196\/\",\"name\":\"\u0141\u0105cznik \u015bwiecznikowy podw\u00f3jny natynkowy IP44 popiel\/grafit 152-08 DV 8196 - DOKTORVOLT\u00ae\",\"isPartOf\":{\"@id\":\"https:\/\/doktorvolt.pl\/de\/#website\"},\"primaryImageOfPage\":{\"@id\":\"https:\/\/doktorvolt.pl\/en\/oferta-doktorvolt\/accessories\/sockets-and-switches\/lacznik-swiecznikowy-podwojny-natynkowy-ip44-popiel-grafit-152-08-dv-8196\/#primaryimage\"},\"image\":{\"@id\":\"https:\/\/doktorvolt.pl\/en\/oferta-doktorvolt\/accessories\/sockets-and-switches\/lacznik-swiecznikowy-podwojny-natynkowy-ip44-popiel-grafit-152-08-dv-8196\/#primaryimage\"},\"thumbnailUrl\":\"https:\/\/doktorvolt.pl\/wp-content\/uploads\/2026\/02\/pol_pl_12335-12335_1.png\",\"datePublished\":\"2026-02-23T13:39:04+00:00\",\"breadcrumb\":{\"@id\":\"https:\/\/doktorvolt.pl\/en\/oferta-doktorvolt\/accessories\/sockets-and-switches\/lacznik-swiecznikowy-podwojny-natynkowy-ip44-popiel-grafit-152-08-dv-8196\/#breadcrumb\"},\"inLanguage\":\"en-US\",\"potentialAction\":[{\"@type\":\"ReadAction\",\"target\":[\"https:\/\/doktorvolt.pl\/en\/oferta-doktorvolt\/accessories\/sockets-and-switches\/lacznik-swiecznikowy-podwojny-natynkowy-ip44-popiel-grafit-152-08-dv-8196\/\"]}]},{\"@type\":\"ImageObject\",\"inLanguage\":\"en-US\",\"@id\":\"https:\/\/doktorvolt.pl\/en\/oferta-doktorvolt\/accessories\/sockets-and-switches\/lacznik-swiecznikowy-podwojny-natynkowy-ip44-popiel-grafit-152-08-dv-8196\/#primaryimage\",\"url\":\"https:\/\/doktorvolt.pl\/wp-content\/uploads\/2026\/02\/pol_pl_12335-12335_1.png\",\"contentUrl\":\"https:\/\/doktorvolt.pl\/wp-content\/uploads\/2026\/02\/pol_pl_12335-12335_1.png\",\"width\":1600,\"height\":1600},{\"@type\":\"BreadcrumbList\",\"@id\":\"https:\/\/doktorvolt.pl\/en\/oferta-doktorvolt\/accessories\/sockets-and-switches\/lacznik-swiecznikowy-podwojny-natynkowy-ip44-popiel-grafit-152-08-dv-8196\/#breadcrumb\",\"itemListElement\":[{\"@type\":\"ListItem\",\"position\":1,\"name\":\"Strona g\u0142\u00f3wna\",\"item\":\"https:\/\/doktorvolt.pl\/en\/\"},{\"@type\":\"ListItem\",\"position\":2,\"name\":\"Offer Doktorvolt\",\"item\":\"https:\/\/doktorvolt.pl\/en\/offer-doktorvolt\/\"},{\"@type\":\"ListItem\",\"position\":3,\"name\":\"\u0141\u0105cznik \u015bwiecznikowy podw\u00f3jny natynkowy IP44 popiel\/grafit 152-08 DV 8196\"}]},{\"@type\":\"WebSite\",\"@id\":\"https:\/\/doktorvolt.pl\/de\/#website\",\"url\":\"https:\/\/doktorvolt.pl\/de\/\",\"name\":\"DOKTORVOLT\u00ae\",\"description\":\"Producent rozdzielnic budowlanych\",\"publisher\":{\"@id\":\"https:\/\/doktorvolt.pl\/de\/#organization\"},\"potentialAction\":[{\"@type\":\"SearchAction\",\"target\":{\"@type\":\"EntryPoint\",\"urlTemplate\":\"https:\/\/doktorvolt.pl\/de\/?s={search_term_string}\"},\"query-input\":{\"@type\":\"PropertyValueSpecification\",\"valueRequired\":true,\"valueName\":\"search_term_string\"}}],\"inLanguage\":\"en-US\"},{\"@type\":\"Organization\",\"@id\":\"https:\/\/doktorvolt.pl\/de\/#organization\",\"name\":\"DOKTORVOLT\u00ae\",\"url\":\"https:\/\/doktorvolt.pl\/de\/\",\"logo\":{\"@type\":\"ImageObject\",\"inLanguage\":\"en-US\",\"@id\":\"https:\/\/doktorvolt.pl\/de\/#\/schema\/logo\/image\/\",\"url\":\"https:\/\/doktorvolt.pl\/wp-content\/uploads\/2023\/10\/DoktorVOLT-black-png.png\",\"contentUrl\":\"https:\/\/doktorvolt.pl\/wp-content\/uploads\/2023\/10\/DoktorVOLT-black-png.png\",\"width\":729,\"height\":40,\"caption\":\"DOKTORVOLT\u00ae\"},\"image\":{\"@id\":\"https:\/\/doktorvolt.pl\/de\/#\/schema\/logo\/image\/\"}}]}<\/script>\n<!-- \/ Yoast SEO plugin. -->","yoast_head_json":{"title":"\u0141\u0105cznik \u015bwiecznikowy podw\u00f3jny natynkowy IP44 popiel\/grafit 152-08 DV 8196 - DOKTORVOLT\u00ae","robots":{"index":"index","follow":"follow","max-snippet":"max-snippet:-1","max-image-preview":"max-image-preview:large","max-video-preview":"max-video-preview:-1"},"canonical":"https:\/\/doktorvolt.pl\/en\/oferta-doktorvolt\/accessories\/sockets-and-switches\/lacznik-swiecznikowy-podwojny-natynkowy-ip44-popiel-grafit-152-08-dv-8196\/","og_locale":"en_US","og_type":"article","og_title":"\u0141\u0105cznik \u015bwiecznikowy podw\u00f3jny natynkowy IP44 popiel\/grafit 152-08 DV 8196 - DOKTORVOLT\u00ae","og_description":"\u0141\u0105cznik \u015bwiecznikowy podw\u00f3jny popiel\/grafit 10A 250V IP44 Wy\u0142\u0105cznik w\u0142\u0105cznik","og_url":"https:\/\/doktorvolt.pl\/en\/oferta-doktorvolt\/accessories\/sockets-and-switches\/lacznik-swiecznikowy-podwojny-natynkowy-ip44-popiel-grafit-152-08-dv-8196\/","og_site_name":"DOKTORVOLT\u00ae","og_image":[{"width":1600,"height":1600,"url":"https:\/\/doktorvolt.pl\/wp-content\/uploads\/2026\/02\/pol_pl_12335-12335_1.png","type":"image\/png"}],"twitter_card":"summary_large_image","schema":{"@context":"https:\/\/schema.org","@graph":[{"@type":"WebPage","@id":"https:\/\/doktorvolt.pl\/en\/oferta-doktorvolt\/accessories\/sockets-and-switches\/lacznik-swiecznikowy-podwojny-natynkowy-ip44-popiel-grafit-152-08-dv-8196\/","url":"https:\/\/doktorvolt.pl\/en\/oferta-doktorvolt\/accessories\/sockets-and-switches\/lacznik-swiecznikowy-podwojny-natynkowy-ip44-popiel-grafit-152-08-dv-8196\/","name":"\u0141\u0105cznik \u015bwiecznikowy podw\u00f3jny natynkowy IP44 popiel\/grafit 152-08 DV 8196 - DOKTORVOLT\u00ae","isPartOf":{"@id":"https:\/\/doktorvolt.pl\/de\/#website"},"primaryImageOfPage":{"@id":"https:\/\/doktorvolt.pl\/en\/oferta-doktorvolt\/accessories\/sockets-and-switches\/lacznik-swiecznikowy-podwojny-natynkowy-ip44-popiel-grafit-152-08-dv-8196\/#primaryimage"},"image":{"@id":"https:\/\/doktorvolt.pl\/en\/oferta-doktorvolt\/accessories\/sockets-and-switches\/lacznik-swiecznikowy-podwojny-natynkowy-ip44-popiel-grafit-152-08-dv-8196\/#primaryimage"},"thumbnailUrl":"https:\/\/doktorvolt.pl\/wp-content\/uploads\/2026\/02\/pol_pl_12335-12335_1.png","datePublished":"2026-02-23T13:39:04+00:00","breadcrumb":{"@id":"https:\/\/doktorvolt.pl\/en\/oferta-doktorvolt\/accessories\/sockets-and-switches\/lacznik-swiecznikowy-podwojny-natynkowy-ip44-popiel-grafit-152-08-dv-8196\/#breadcrumb"},"inLanguage":"en-US","potentialAction":[{"@type":"ReadAction","target":["https:\/\/doktorvolt.pl\/en\/oferta-doktorvolt\/accessories\/sockets-and-switches\/lacznik-swiecznikowy-podwojny-natynkowy-ip44-popiel-grafit-152-08-dv-8196\/"]}]},{"@type":"ImageObject","inLanguage":"en-US","@id":"https:\/\/doktorvolt.pl\/en\/oferta-doktorvolt\/accessories\/sockets-and-switches\/lacznik-swiecznikowy-podwojny-natynkowy-ip44-popiel-grafit-152-08-dv-8196\/#primaryimage","url":"https:\/\/doktorvolt.pl\/wp-content\/uploads\/2026\/02\/pol_pl_12335-12335_1.png","contentUrl":"https:\/\/doktorvolt.pl\/wp-content\/uploads\/2026\/02\/pol_pl_12335-12335_1.png","width":1600,"height":1600},{"@type":"BreadcrumbList","@id":"https:\/\/doktorvolt.pl\/en\/oferta-doktorvolt\/accessories\/sockets-and-switches\/lacznik-swiecznikowy-podwojny-natynkowy-ip44-popiel-grafit-152-08-dv-8196\/#breadcrumb","itemListElement":[{"@type":"ListItem","position":1,"name":"Strona g\u0142\u00f3wna","item":"https:\/\/doktorvolt.pl\/en\/"},{"@type":"ListItem","position":2,"name":"Offer Doktorvolt","item":"https:\/\/doktorvolt.pl\/en\/offer-doktorvolt\/"},{"@type":"ListItem","position":3,"name":"\u0141\u0105cznik \u015bwiecznikowy podw\u00f3jny natynkowy IP44 popiel\/grafit 152-08 DV 8196"}]},{"@type":"WebSite","@id":"https:\/\/doktorvolt.pl\/de\/#website","url":"https:\/\/doktorvolt.pl\/de\/","name":"DOKTORVOLT\u00ae","description":"Producent rozdzielnic budowlanych","publisher":{"@id":"https:\/\/doktorvolt.pl\/de\/#organization"},"potentialAction":[{"@type":"SearchAction","target":{"@type":"EntryPoint","urlTemplate":"https:\/\/doktorvolt.pl\/de\/?s={search_term_string}"},"query-input":{"@type":"PropertyValueSpecification","valueRequired":true,"valueName":"search_term_string"}}],"inLanguage":"en-US"},{"@type":"Organization","@id":"https:\/\/doktorvolt.pl\/de\/#organization","name":"DOKTORVOLT\u00ae","url":"https:\/\/doktorvolt.pl\/de\/","logo":{"@type":"ImageObject","inLanguage":"en-US","@id":"https:\/\/doktorvolt.pl\/de\/#\/schema\/logo\/image\/","url":"https:\/\/doktorvolt.pl\/wp-content\/uploads\/2023\/10\/DoktorVOLT-black-png.png","contentUrl":"https:\/\/doktorvolt.pl\/wp-content\/uploads\/2023\/10\/DoktorVOLT-black-png.png","width":729,"height":40,"caption":"DOKTORVOLT\u00ae"},"image":{"@id":"https:\/\/doktorvolt.pl\/de\/#\/schema\/logo\/image\/"}}]}},"_links":{"self":[{"href":"https:\/\/doktorvolt.pl\/en\/wp-json\/wp\/v2\/product\/110870","targetHints":{"allow":["GET"]}}],"collection":[{"href":"https:\/\/doktorvolt.pl\/en\/wp-json\/wp\/v2\/product"}],"about":[{"href":"https:\/\/doktorvolt.pl\/en\/wp-json\/wp\/v2\/types\/product"}],"wp:featuredmedia":[{"embeddable":true,"href":"https:\/\/doktorvolt.pl\/en\/wp-json\/wp\/v2\/media\/103109"}],"wp:attachment":[{"href":"https:\/\/doktorvolt.pl\/en\/wp-json\/wp\/v2\/media?parent=110870"}],"wp:term":[{"taxonomy":"product_brand","embeddable":true,"href":"https:\/\/doktorvolt.pl\/en\/wp-json\/wp\/v2\/product_brand?post=110870"},{"taxonomy":"product_cat","embeddable":true,"href":"https:\/\/doktorvolt.pl\/en\/wp-json\/wp\/v2\/product_cat?post=110870"},{"taxonomy":"product_tag","embeddable":true,"href":"https:\/\/doktorvolt.pl\/en\/wp-json\/wp\/v2\/product_tag?post=110870"}],"curies":[{"name":"wp","href":"https:\/\/api.w.org\/{rel}","templated":true}]}}