{"id":110871,"date":"2026-02-23T15:38:56","date_gmt":"2026-02-23T13:38:56","guid":{"rendered":"https:\/\/doktorvolt.pl\/sklep\/uncategorized\/lacznik-swiecznikowy-podwojny-natynkowy-ip44-bialy-152-01-dv-5720\/"},"modified":"2026-02-23T15:38:56","modified_gmt":"2026-02-23T13:38:56","slug":"lacznik-swiecznikowy-podwojny-natynkowy-ip44-bialy-152-01-dv-5720","status":"publish","type":"product","link":"https:\/\/doktorvolt.pl\/en\/oferta-doktorvolt\/accessories\/sockets-and-switches\/lacznik-swiecznikowy-podwojny-natynkowy-ip44-bialy-152-01-dv-5720\/","title":{"rendered":"\u0141\u0105cznik \u015bwiecznikowy podw\u00f3jny natynkowy IP44 bia\u0142y 152-01 DV 5720"},"content":{"rendered":"<h1 style=\"text-align:center;\"><strong><span style=\"color:#000000;\">Wy\u0142\u0105cznik w\u0142\u0105cznik \u015bwiecznikowy podw\u00f3jny bia\u0142y 10A 250V IP44<\/span> <\/strong><\/h1>\n<\/p>\n<table class=\"center\" style=\"background-color:#f5f5f5;margin-left:auto;margin-right:auto;width:506px;height:621px;border:1px solid #ffffff;\" align=\"center\">\n<tbody>\n<tr>\n<td style=\"text-align:right;padding:15px;height:25px;\" valign=\"middle\" align=\"right\"><span style=\"font-size:12pt;color:#000000;\"><span style=\"font-family:verdana, geneva;\">zastosowanie<\/span><\/span><\/td>\n<td style=\"background-color:#ffffff;text-align:center;padding:15px;\"><span style=\"font-family:verdana, geneva;color:#000000;\"><span style=\"font-size:16px;\"> wyposa\u017cony w 2 przyciski, przeznaczony do \u017cyrandoli (podzielonych na 2 strefy)<\/span><\/span><\/td>\n<\/tr>\n<tr>\n<td style=\"text-align:right;padding:15px;height:25px;\" valign=\"middle\" align=\"right\"><span style=\"font-size:12pt;color:#000000;\"><span style=\"font-family:verdana, geneva;\">napi\u0119cie znamionowe <br \/><\/span><\/span><\/td>\n<td style=\"background-color:#ffffff;text-align:center;padding:15px;\"><span style=\"font-family:verdana, geneva;font-size:12pt;color:#000000;\">250V~<br \/><\/span><\/td>\n<\/tr>\n<tr>\n<td style=\"text-align:right;padding:15px;height:25px;\" valign=\"middle\" align=\"right\"><span style=\"font-size:12pt;color:#000000;\"><span style=\"font-family:verdana, geneva;\">pr\u0105d znamionowy <br \/><\/span><\/span><\/td>\n<td style=\"background-color:#ffffff;text-align:center;padding:15px;\"><span style=\"font-family:verdana, geneva;font-size:12pt;color:#000000;\">10A<br \/><\/span><\/td>\n<\/tr>\n<tr>\n<td style=\"text-align:right;padding:15px;height:25px;\" valign=\"middle\" align=\"right\"><span style=\"font-size:12pt;color:#000000;\"><span style=\"font-family:verdana, geneva;\">monta\u017c <br \/><\/span><\/span><\/td>\n<td style=\"background-color:#ffffff;text-align:center;padding:15px;\"><span style=\"font-family:verdana, geneva;font-size:12pt;color:#000000;\">natynkowy<br \/><\/span><\/td>\n<\/tr>\n<tr>\n<td style=\"text-align:right;padding:15px;height:25px;\" valign=\"middle\" align=\"right\"><span style=\"font-size:12pt;color:#000000;\"><span style=\"font-family:verdana, geneva;\">spos\u00f3b mocowania<br \/><\/span><\/span><\/td>\n<td style=\"background-color:#ffffff;text-align:center;padding:15px;\"><span style=\"font-family:verdana, geneva;font-size:12pt;color:#000000;\">zaciski \u015brubowe<br \/><\/span><\/td>\n<\/tr>\n<tr>\n<td style=\"text-align:right;padding:15px;height:25px;\" valign=\"middle\" align=\"right\"><span style=\"font-size:12pt;color:#000000;\"><span style=\"font-family:verdana, geneva;\">kolor gniazda\/klapki<\/span><\/span><\/td>\n<td style=\"background-color:#ffffff;text-align:center;padding:15px;\"><span style=\"font-family:verdana, geneva;font-size:12pt;color:#000000;\">bia\u0142y\/bia\u0142y<br \/><\/span><\/td>\n<\/tr>\n<tr>\n<td style=\"text-align:right;padding:15px;height:25px;\" valign=\"middle\" align=\"right\"><span style=\"font-size:12pt;color:#000000;\"><span style=\"font-family:verdana, geneva;\">wyko\u0144czenie powierzchni <br \/><\/span><\/span><\/td>\n<td style=\"background-color:#ffffff;text-align:center;padding:15px;\"><span style=\"font-family:verdana, geneva;font-size:12pt;color:#000000;\">matowa<br \/><\/span><\/td>\n<\/tr>\n<tr>\n<td style=\"text-align:right;padding:15px;height:25px;\" valign=\"middle\" align=\"right\"><span style=\"font-size:12pt;color:#000000;\"><span style=\"font-family:verdana, geneva;\">stopie\u0144 ochrony <br \/><\/span><\/span><\/td>\n<td style=\"background-color:#ffffff;text-align:center;padding:15px;\"><span style=\"font-family:verdana, geneva;font-size:12pt;color:#000000;\">IP44<\/span><\/td>\n<\/tr>\n<tr>\n<td style=\"text-align:right;padding:15px;height:25px;\" valign=\"middle\" align=\"right\"><span style=\"font-size:12pt;color:#000000;\"><span style=\"font-family:verdana, geneva;\">materia\u0142<\/span><\/span><\/td>\n<td style=\"background-color:#ffffff;text-align:center;padding:15px;\"><span style=\"font-family:verdana, geneva;font-size:12pt;color:#000000;\">ABS<\/span><\/td>\n<\/tr>\n<tr>\n<td style=\"text-align:right;padding:15px;height:25px;\" valign=\"middle\" align=\"right\"><span style=\"font-size:12pt;color:#000000;\"><span style=\"font-family:verdana, geneva;\">wymiary<\/span><\/span><\/td>\n<td style=\"background-color:#ffffff;text-align:center;padding:15px;\"><span style=\"font-family:verdana, geneva;font-size:12pt;color:#000000;\"> 74x62x46mm <br \/><\/span><\/td>\n<\/tr>\n<tr>\n<td style=\"text-align:right;padding:15px;height:25px;\" valign=\"middle\" align=\"right\"><span style=\"font-size:12pt;color:#000000;\"><span style=\"font-family:verdana, geneva;\">normy i aprobaty <\/span><\/span><\/td>\n<td style=\"background-color:#ffffff;text-align:center;padding:15px;\"><span style=\"font-family:verdana, geneva;font-size:12pt;color:#000000;\">CE<\/span><\/td>\n<\/tr>\n<tr>\n<td style=\"text-align:right;padding:15px;height:25px;\" valign=\"middle\" align=\"right\"><span style=\"font-size:12pt;color:#000000;\"><span style=\"font-family:verdana, geneva;\">producent<br \/><\/span><\/span><\/td>\n<td style=\"background-color:#ffffff;text-align:center;padding:15px;\"><span style=\"font-family:verdana, geneva;font-size:12pt;color:#000000;\">Doktorvolt<\/span><\/td>\n<\/tr>\n<tr>\n<td style=\"text-align:right;padding:15px;height:25px;\" valign=\"middle\" align=\"right\"><span style=\"font-size:12pt;color:#000000;\"><span style=\"font-family:verdana, geneva;\">numer artyku\u0142u<br \/><\/span><\/span><\/td>\n<td style=\"background-color:#ffffff;text-align:center;padding:15px;\"><span style=\"font-family:verdana, geneva;font-size:12pt;color:#000000;\">152-01-DRV<\/span><\/td>\n<\/tr>\n<tr>\n<td style=\"text-align:right;padding:15px;height:25px;\" valign=\"middle\" align=\"right\"><span style=\"font-size:12pt;color:#000000;\"><span style=\"font-family:verdana, geneva;\">EAN <br \/><\/span><\/span><\/td>\n<td style=\"background-color:#ffffff;text-align:center;padding:15px;\"><span style=\"font-family:verdana, geneva;font-size:12pt;color:#000000;\">5906365205720<br \/><\/span><\/td>\n<\/tr>\n<\/tbody>\n<\/table>\n","protected":false},"excerpt":{"rendered":"<p>\u0141\u0105cznik \u015bwiecznikowy podw\u00f3jny bia\u0142y 10A 250V IP44 Wy\u0142\u0105cznik w\u0142\u0105cznik<\/p>\n","protected":false},"featured_media":103100,"template":"","meta":[],"product_brand":[],"product_cat":[5147],"product_tag":[],"class_list":{"0":"post-110871","1":"product","2":"type-product","3":"status-publish","4":"has-post-thumbnail","6":"product_cat-sockets-and-switches","8":"first","9":"instock","10":"shipping-taxable","11":"product-type-external"},"yoast_head":"<!-- This site is optimized with the Yoast SEO plugin v27.0 - https:\/\/yoast.com\/product\/yoast-seo-wordpress\/ -->\n<title>\u0141\u0105cznik \u015bwiecznikowy podw\u00f3jny natynkowy IP44 bia\u0142y 152-01 DV 5720 - DOKTORVOLT\u00ae<\/title>\n<meta name=\"robots\" content=\"index, follow, max-snippet:-1, max-image-preview:large, max-video-preview:-1\" \/>\n<link rel=\"canonical\" href=\"https:\/\/doktorvolt.pl\/en\/oferta-doktorvolt\/accessories\/sockets-and-switches\/lacznik-swiecznikowy-podwojny-natynkowy-ip44-bialy-152-01-dv-5720\/\" \/>\n<meta property=\"og:locale\" content=\"en_US\" \/>\n<meta property=\"og:type\" content=\"article\" \/>\n<meta property=\"og:title\" content=\"\u0141\u0105cznik \u015bwiecznikowy podw\u00f3jny natynkowy IP44 bia\u0142y 152-01 DV 5720 - DOKTORVOLT\u00ae\" \/>\n<meta property=\"og:description\" content=\"\u0141\u0105cznik \u015bwiecznikowy podw\u00f3jny bia\u0142y 10A 250V IP44 Wy\u0142\u0105cznik w\u0142\u0105cznik\" \/>\n<meta property=\"og:url\" content=\"https:\/\/doktorvolt.pl\/en\/oferta-doktorvolt\/accessories\/sockets-and-switches\/lacznik-swiecznikowy-podwojny-natynkowy-ip44-bialy-152-01-dv-5720\/\" \/>\n<meta property=\"og:site_name\" content=\"DOKTORVOLT\u00ae\" \/>\n<meta property=\"og:image\" content=\"https:\/\/doktorvolt.pl\/wp-content\/uploads\/2026\/02\/pol_pl_17066-17066_1.jpg\" \/>\n\t<meta property=\"og:image:width\" content=\"1000\" \/>\n\t<meta property=\"og:image:height\" content=\"1000\" \/>\n\t<meta property=\"og:image:type\" content=\"image\/jpeg\" \/>\n<meta name=\"twitter:card\" content=\"summary_large_image\" \/>\n<script type=\"application\/ld+json\" class=\"yoast-schema-graph\">{\"@context\":\"https:\/\/schema.org\",\"@graph\":[{\"@type\":\"WebPage\",\"@id\":\"https:\/\/doktorvolt.pl\/en\/oferta-doktorvolt\/accessories\/sockets-and-switches\/lacznik-swiecznikowy-podwojny-natynkowy-ip44-bialy-152-01-dv-5720\/\",\"url\":\"https:\/\/doktorvolt.pl\/en\/oferta-doktorvolt\/accessories\/sockets-and-switches\/lacznik-swiecznikowy-podwojny-natynkowy-ip44-bialy-152-01-dv-5720\/\",\"name\":\"\u0141\u0105cznik \u015bwiecznikowy podw\u00f3jny natynkowy IP44 bia\u0142y 152-01 DV 5720 - DOKTORVOLT\u00ae\",\"isPartOf\":{\"@id\":\"https:\/\/doktorvolt.pl\/de\/#website\"},\"primaryImageOfPage\":{\"@id\":\"https:\/\/doktorvolt.pl\/en\/oferta-doktorvolt\/accessories\/sockets-and-switches\/lacznik-swiecznikowy-podwojny-natynkowy-ip44-bialy-152-01-dv-5720\/#primaryimage\"},\"image\":{\"@id\":\"https:\/\/doktorvolt.pl\/en\/oferta-doktorvolt\/accessories\/sockets-and-switches\/lacznik-swiecznikowy-podwojny-natynkowy-ip44-bialy-152-01-dv-5720\/#primaryimage\"},\"thumbnailUrl\":\"https:\/\/doktorvolt.pl\/wp-content\/uploads\/2026\/02\/pol_pl_17066-17066_1.jpg\",\"datePublished\":\"2026-02-23T13:38:56+00:00\",\"breadcrumb\":{\"@id\":\"https:\/\/doktorvolt.pl\/en\/oferta-doktorvolt\/accessories\/sockets-and-switches\/lacznik-swiecznikowy-podwojny-natynkowy-ip44-bialy-152-01-dv-5720\/#breadcrumb\"},\"inLanguage\":\"en-US\",\"potentialAction\":[{\"@type\":\"ReadAction\",\"target\":[\"https:\/\/doktorvolt.pl\/en\/oferta-doktorvolt\/accessories\/sockets-and-switches\/lacznik-swiecznikowy-podwojny-natynkowy-ip44-bialy-152-01-dv-5720\/\"]}]},{\"@type\":\"ImageObject\",\"inLanguage\":\"en-US\",\"@id\":\"https:\/\/doktorvolt.pl\/en\/oferta-doktorvolt\/accessories\/sockets-and-switches\/lacznik-swiecznikowy-podwojny-natynkowy-ip44-bialy-152-01-dv-5720\/#primaryimage\",\"url\":\"https:\/\/doktorvolt.pl\/wp-content\/uploads\/2026\/02\/pol_pl_17066-17066_1.jpg\",\"contentUrl\":\"https:\/\/doktorvolt.pl\/wp-content\/uploads\/2026\/02\/pol_pl_17066-17066_1.jpg\",\"width\":1000,\"height\":1000},{\"@type\":\"BreadcrumbList\",\"@id\":\"https:\/\/doktorvolt.pl\/en\/oferta-doktorvolt\/accessories\/sockets-and-switches\/lacznik-swiecznikowy-podwojny-natynkowy-ip44-bialy-152-01-dv-5720\/#breadcrumb\",\"itemListElement\":[{\"@type\":\"ListItem\",\"position\":1,\"name\":\"Strona g\u0142\u00f3wna\",\"item\":\"https:\/\/doktorvolt.pl\/en\/\"},{\"@type\":\"ListItem\",\"position\":2,\"name\":\"Offer Doktorvolt\",\"item\":\"https:\/\/doktorvolt.pl\/en\/offer-doktorvolt\/\"},{\"@type\":\"ListItem\",\"position\":3,\"name\":\"\u0141\u0105cznik \u015bwiecznikowy podw\u00f3jny natynkowy IP44 bia\u0142y 152-01 DV 5720\"}]},{\"@type\":\"WebSite\",\"@id\":\"https:\/\/doktorvolt.pl\/de\/#website\",\"url\":\"https:\/\/doktorvolt.pl\/de\/\",\"name\":\"DOKTORVOLT\u00ae\",\"description\":\"Producent rozdzielnic budowlanych\",\"publisher\":{\"@id\":\"https:\/\/doktorvolt.pl\/de\/#organization\"},\"potentialAction\":[{\"@type\":\"SearchAction\",\"target\":{\"@type\":\"EntryPoint\",\"urlTemplate\":\"https:\/\/doktorvolt.pl\/de\/?s={search_term_string}\"},\"query-input\":{\"@type\":\"PropertyValueSpecification\",\"valueRequired\":true,\"valueName\":\"search_term_string\"}}],\"inLanguage\":\"en-US\"},{\"@type\":\"Organization\",\"@id\":\"https:\/\/doktorvolt.pl\/de\/#organization\",\"name\":\"DOKTORVOLT\u00ae\",\"url\":\"https:\/\/doktorvolt.pl\/de\/\",\"logo\":{\"@type\":\"ImageObject\",\"inLanguage\":\"en-US\",\"@id\":\"https:\/\/doktorvolt.pl\/de\/#\/schema\/logo\/image\/\",\"url\":\"https:\/\/doktorvolt.pl\/wp-content\/uploads\/2023\/10\/DoktorVOLT-black-png.png\",\"contentUrl\":\"https:\/\/doktorvolt.pl\/wp-content\/uploads\/2023\/10\/DoktorVOLT-black-png.png\",\"width\":729,\"height\":40,\"caption\":\"DOKTORVOLT\u00ae\"},\"image\":{\"@id\":\"https:\/\/doktorvolt.pl\/de\/#\/schema\/logo\/image\/\"}}]}<\/script>\n<!-- \/ Yoast SEO plugin. -->","yoast_head_json":{"title":"\u0141\u0105cznik \u015bwiecznikowy podw\u00f3jny natynkowy IP44 bia\u0142y 152-01 DV 5720 - DOKTORVOLT\u00ae","robots":{"index":"index","follow":"follow","max-snippet":"max-snippet:-1","max-image-preview":"max-image-preview:large","max-video-preview":"max-video-preview:-1"},"canonical":"https:\/\/doktorvolt.pl\/en\/oferta-doktorvolt\/accessories\/sockets-and-switches\/lacznik-swiecznikowy-podwojny-natynkowy-ip44-bialy-152-01-dv-5720\/","og_locale":"en_US","og_type":"article","og_title":"\u0141\u0105cznik \u015bwiecznikowy podw\u00f3jny natynkowy IP44 bia\u0142y 152-01 DV 5720 - DOKTORVOLT\u00ae","og_description":"\u0141\u0105cznik \u015bwiecznikowy podw\u00f3jny bia\u0142y 10A 250V IP44 Wy\u0142\u0105cznik w\u0142\u0105cznik","og_url":"https:\/\/doktorvolt.pl\/en\/oferta-doktorvolt\/accessories\/sockets-and-switches\/lacznik-swiecznikowy-podwojny-natynkowy-ip44-bialy-152-01-dv-5720\/","og_site_name":"DOKTORVOLT\u00ae","og_image":[{"width":1000,"height":1000,"url":"https:\/\/doktorvolt.pl\/wp-content\/uploads\/2026\/02\/pol_pl_17066-17066_1.jpg","type":"image\/jpeg"}],"twitter_card":"summary_large_image","schema":{"@context":"https:\/\/schema.org","@graph":[{"@type":"WebPage","@id":"https:\/\/doktorvolt.pl\/en\/oferta-doktorvolt\/accessories\/sockets-and-switches\/lacznik-swiecznikowy-podwojny-natynkowy-ip44-bialy-152-01-dv-5720\/","url":"https:\/\/doktorvolt.pl\/en\/oferta-doktorvolt\/accessories\/sockets-and-switches\/lacznik-swiecznikowy-podwojny-natynkowy-ip44-bialy-152-01-dv-5720\/","name":"\u0141\u0105cznik \u015bwiecznikowy podw\u00f3jny natynkowy IP44 bia\u0142y 152-01 DV 5720 - DOKTORVOLT\u00ae","isPartOf":{"@id":"https:\/\/doktorvolt.pl\/de\/#website"},"primaryImageOfPage":{"@id":"https:\/\/doktorvolt.pl\/en\/oferta-doktorvolt\/accessories\/sockets-and-switches\/lacznik-swiecznikowy-podwojny-natynkowy-ip44-bialy-152-01-dv-5720\/#primaryimage"},"image":{"@id":"https:\/\/doktorvolt.pl\/en\/oferta-doktorvolt\/accessories\/sockets-and-switches\/lacznik-swiecznikowy-podwojny-natynkowy-ip44-bialy-152-01-dv-5720\/#primaryimage"},"thumbnailUrl":"https:\/\/doktorvolt.pl\/wp-content\/uploads\/2026\/02\/pol_pl_17066-17066_1.jpg","datePublished":"2026-02-23T13:38:56+00:00","breadcrumb":{"@id":"https:\/\/doktorvolt.pl\/en\/oferta-doktorvolt\/accessories\/sockets-and-switches\/lacznik-swiecznikowy-podwojny-natynkowy-ip44-bialy-152-01-dv-5720\/#breadcrumb"},"inLanguage":"en-US","potentialAction":[{"@type":"ReadAction","target":["https:\/\/doktorvolt.pl\/en\/oferta-doktorvolt\/accessories\/sockets-and-switches\/lacznik-swiecznikowy-podwojny-natynkowy-ip44-bialy-152-01-dv-5720\/"]}]},{"@type":"ImageObject","inLanguage":"en-US","@id":"https:\/\/doktorvolt.pl\/en\/oferta-doktorvolt\/accessories\/sockets-and-switches\/lacznik-swiecznikowy-podwojny-natynkowy-ip44-bialy-152-01-dv-5720\/#primaryimage","url":"https:\/\/doktorvolt.pl\/wp-content\/uploads\/2026\/02\/pol_pl_17066-17066_1.jpg","contentUrl":"https:\/\/doktorvolt.pl\/wp-content\/uploads\/2026\/02\/pol_pl_17066-17066_1.jpg","width":1000,"height":1000},{"@type":"BreadcrumbList","@id":"https:\/\/doktorvolt.pl\/en\/oferta-doktorvolt\/accessories\/sockets-and-switches\/lacznik-swiecznikowy-podwojny-natynkowy-ip44-bialy-152-01-dv-5720\/#breadcrumb","itemListElement":[{"@type":"ListItem","position":1,"name":"Strona g\u0142\u00f3wna","item":"https:\/\/doktorvolt.pl\/en\/"},{"@type":"ListItem","position":2,"name":"Offer Doktorvolt","item":"https:\/\/doktorvolt.pl\/en\/offer-doktorvolt\/"},{"@type":"ListItem","position":3,"name":"\u0141\u0105cznik \u015bwiecznikowy podw\u00f3jny natynkowy IP44 bia\u0142y 152-01 DV 5720"}]},{"@type":"WebSite","@id":"https:\/\/doktorvolt.pl\/de\/#website","url":"https:\/\/doktorvolt.pl\/de\/","name":"DOKTORVOLT\u00ae","description":"Producent rozdzielnic budowlanych","publisher":{"@id":"https:\/\/doktorvolt.pl\/de\/#organization"},"potentialAction":[{"@type":"SearchAction","target":{"@type":"EntryPoint","urlTemplate":"https:\/\/doktorvolt.pl\/de\/?s={search_term_string}"},"query-input":{"@type":"PropertyValueSpecification","valueRequired":true,"valueName":"search_term_string"}}],"inLanguage":"en-US"},{"@type":"Organization","@id":"https:\/\/doktorvolt.pl\/de\/#organization","name":"DOKTORVOLT\u00ae","url":"https:\/\/doktorvolt.pl\/de\/","logo":{"@type":"ImageObject","inLanguage":"en-US","@id":"https:\/\/doktorvolt.pl\/de\/#\/schema\/logo\/image\/","url":"https:\/\/doktorvolt.pl\/wp-content\/uploads\/2023\/10\/DoktorVOLT-black-png.png","contentUrl":"https:\/\/doktorvolt.pl\/wp-content\/uploads\/2023\/10\/DoktorVOLT-black-png.png","width":729,"height":40,"caption":"DOKTORVOLT\u00ae"},"image":{"@id":"https:\/\/doktorvolt.pl\/de\/#\/schema\/logo\/image\/"}}]}},"_links":{"self":[{"href":"https:\/\/doktorvolt.pl\/en\/wp-json\/wp\/v2\/product\/110871","targetHints":{"allow":["GET"]}}],"collection":[{"href":"https:\/\/doktorvolt.pl\/en\/wp-json\/wp\/v2\/product"}],"about":[{"href":"https:\/\/doktorvolt.pl\/en\/wp-json\/wp\/v2\/types\/product"}],"wp:featuredmedia":[{"embeddable":true,"href":"https:\/\/doktorvolt.pl\/en\/wp-json\/wp\/v2\/media\/103100"}],"wp:attachment":[{"href":"https:\/\/doktorvolt.pl\/en\/wp-json\/wp\/v2\/media?parent=110871"}],"wp:term":[{"taxonomy":"product_brand","embeddable":true,"href":"https:\/\/doktorvolt.pl\/en\/wp-json\/wp\/v2\/product_brand?post=110871"},{"taxonomy":"product_cat","embeddable":true,"href":"https:\/\/doktorvolt.pl\/en\/wp-json\/wp\/v2\/product_cat?post=110871"},{"taxonomy":"product_tag","embeddable":true,"href":"https:\/\/doktorvolt.pl\/en\/wp-json\/wp\/v2\/product_tag?post=110871"}],"curies":[{"name":"wp","href":"https:\/\/api.w.org\/{rel}","templated":true}]}}