{"id":110873,"date":"2026-02-23T15:38:38","date_gmt":"2026-02-23T13:38:38","guid":{"rendered":"https:\/\/doktorvolt.pl\/sklep\/uncategorized\/gniazdo-przenosne-230v-16a-ip67-system-francuski-doktorvolt-6589\/"},"modified":"2026-02-23T15:38:38","modified_gmt":"2026-02-23T13:38:38","slug":"gniazdo-przenosne-230v-16a-ip67-system-francuski-doktorvolt-6589","status":"publish","type":"product","link":"https:\/\/doktorvolt.pl\/en\/oferta-doktorvolt\/accessories\/panel-mounted-sockets-and-portable-mobile-plugs\/gniazdo-przenosne-230v-16a-ip67-system-francuski-doktorvolt-6589\/","title":{"rendered":"Gniazdo przeno\u015bne 230V 16A IP67 system francuski Doktorvolt 6589"},"content":{"rendered":"<h1 style=\"text-align:center;\"><span style=\"color:#000000;\">Gniazdo przeno\u015bne 230V 16A IP67 system francuski Doktorvolt 6589<\/span><\/h1>\n<p style=\"text-align:center;\">\n<p style=\"font-size:13pt;text-align:center;\"><span style=\"color:#000000;\">Jednofazowe gniazdo przeno\u015bne typu francuskiego (z bolcem uziemiaj\u0105cym). Klapa i klasa szczelno\u015bci IP67 gwarantuje wysoki poziom bezpiecze\u0144stwa pracy. Przeno\u015bne gniazda 230V mog\u0105 by\u0107 u\u017cywane w gara\u017cach, warsztatach, na zewn\u0105trz, w magazynach i halach produkcyjnych.<\/span><\/p>\n<p style=\"font-size:13pt;text-align:center;\">\n<h2>Specyfikacja Techniczna:<\/h2>\n<ul>\n<li><span style=\"font-size: 13pt;\"><b>Pr\u0105d znamionowy:<\/b><\/span> <span style=\"font-size: 13pt;\">16A<\/span><\/li>\n<li><span style=\"font-size: 13pt;\"><b>Napi\u0119cie znamionowe:<\/b><\/span> <span style=\"font-size: 13pt;\">250V<\/span><\/li>\n<li><span style=\"font-size: 13pt;\"><b>Ilo\u015b\u0107 biegun\u00f3w:<\/b><\/span> <span style=\"font-size: 13pt;\">3P (2P + PE)<\/span><\/li>\n<li><span style=\"font-size: 13pt;\"><b>Klasa szczelno\u015bci:<\/b><\/span> <span style=\"font-size: 13pt;\">IP67<\/span><\/li>\n<li><span style=\"font-size: 13pt;\"><b>Wymiary:<\/b><\/span> <span style=\"font-size: 13pt;\">110x70mm<\/span><\/li>\n<li><span style=\"font-size: 13pt;\"><b>Maksymalny przekr\u00f3j przewod\u00f3w:<\/b><\/span> <span style=\"font-size: 13pt;\">2,5mm\u00b2<\/span><\/li>\n<li><span style=\"font-size: 13pt;\"><b>Materia\u0142:<\/b><\/span> <span style=\"font-size: 13pt;\">tworzywo sztuczne<\/span><\/li>\n<li><span style=\"font-size: 13pt;\"><b>Producent:<\/b><\/span> <span style=\"font-size: 13pt;\">Doktorvolt<\/span><\/li>\n<li><span style=\"font-size: 13pt;\"><b>Oznaczenie producenta:<\/b><\/span> <span style=\"font-size: 13pt;\">PSG 16 DV<\/span><\/li>\n<li><span style=\"font-size: 13pt;\"><b>EAN:<\/b><\/span> <span style=\"font-size: 13pt;\">5904730356589<\/span><\/li>\n<\/ul>\n","protected":false},"excerpt":{"rendered":"<p>Gniazdo przeno\u015bne 230V 16A IP67 system francuski Doktorvolt 6589<\/p>\n","protected":false},"featured_media":103074,"template":"","meta":[],"product_brand":[],"product_cat":[5070],"product_tag":[],"class_list":{"0":"post-110873","1":"product","2":"type-product","3":"status-publish","4":"has-post-thumbnail","6":"product_cat-panel-mounted-sockets-and-portable-mobile-plugs","8":"first","9":"instock","10":"shipping-taxable","11":"product-type-external"},"yoast_head":"<!-- This site is optimized with the Yoast SEO plugin v27.0 - https:\/\/yoast.com\/product\/yoast-seo-wordpress\/ -->\n<title>Gniazdo przeno\u015bne 230V 16A IP67 system francuski Doktorvolt 6589 - DOKTORVOLT\u00ae<\/title>\n<meta name=\"robots\" content=\"index, follow, max-snippet:-1, max-image-preview:large, max-video-preview:-1\" \/>\n<link rel=\"canonical\" href=\"https:\/\/doktorvolt.pl\/en\/oferta-doktorvolt\/accessories\/panel-mounted-sockets-and-portable-mobile-plugs\/gniazdo-przenosne-230v-16a-ip67-system-francuski-doktorvolt-6589\/\" \/>\n<meta property=\"og:locale\" content=\"en_US\" \/>\n<meta property=\"og:type\" content=\"article\" \/>\n<meta property=\"og:title\" content=\"Gniazdo przeno\u015bne 230V 16A IP67 system francuski Doktorvolt 6589 - DOKTORVOLT\u00ae\" \/>\n<meta property=\"og:description\" content=\"Gniazdo przeno\u015bne 230V 16A IP67 system francuski Doktorvolt 6589\" \/>\n<meta property=\"og:url\" content=\"https:\/\/doktorvolt.pl\/en\/oferta-doktorvolt\/accessories\/panel-mounted-sockets-and-portable-mobile-plugs\/gniazdo-przenosne-230v-16a-ip67-system-francuski-doktorvolt-6589\/\" \/>\n<meta property=\"og:site_name\" content=\"DOKTORVOLT\u00ae\" \/>\n<meta property=\"og:image\" content=\"https:\/\/doktorvolt.pl\/wp-content\/uploads\/2026\/02\/pol_pl_12312-12312_1.jpg\" \/>\n\t<meta property=\"og:image:width\" content=\"1600\" \/>\n\t<meta property=\"og:image:height\" content=\"1600\" \/>\n\t<meta property=\"og:image:type\" content=\"image\/jpeg\" \/>\n<meta name=\"twitter:card\" content=\"summary_large_image\" \/>\n<script type=\"application\/ld+json\" class=\"yoast-schema-graph\">{\"@context\":\"https:\/\/schema.org\",\"@graph\":[{\"@type\":\"WebPage\",\"@id\":\"https:\/\/doktorvolt.pl\/en\/oferta-doktorvolt\/accessories\/panel-mounted-sockets-and-portable-mobile-plugs\/gniazdo-przenosne-230v-16a-ip67-system-francuski-doktorvolt-6589\/\",\"url\":\"https:\/\/doktorvolt.pl\/en\/oferta-doktorvolt\/accessories\/panel-mounted-sockets-and-portable-mobile-plugs\/gniazdo-przenosne-230v-16a-ip67-system-francuski-doktorvolt-6589\/\",\"name\":\"Gniazdo przeno\u015bne 230V 16A IP67 system francuski Doktorvolt 6589 - DOKTORVOLT\u00ae\",\"isPartOf\":{\"@id\":\"https:\/\/doktorvolt.pl\/de\/#website\"},\"primaryImageOfPage\":{\"@id\":\"https:\/\/doktorvolt.pl\/en\/oferta-doktorvolt\/accessories\/panel-mounted-sockets-and-portable-mobile-plugs\/gniazdo-przenosne-230v-16a-ip67-system-francuski-doktorvolt-6589\/#primaryimage\"},\"image\":{\"@id\":\"https:\/\/doktorvolt.pl\/en\/oferta-doktorvolt\/accessories\/panel-mounted-sockets-and-portable-mobile-plugs\/gniazdo-przenosne-230v-16a-ip67-system-francuski-doktorvolt-6589\/#primaryimage\"},\"thumbnailUrl\":\"https:\/\/doktorvolt.pl\/wp-content\/uploads\/2026\/02\/pol_pl_12312-12312_1.jpg\",\"datePublished\":\"2026-02-23T13:38:38+00:00\",\"breadcrumb\":{\"@id\":\"https:\/\/doktorvolt.pl\/en\/oferta-doktorvolt\/accessories\/panel-mounted-sockets-and-portable-mobile-plugs\/gniazdo-przenosne-230v-16a-ip67-system-francuski-doktorvolt-6589\/#breadcrumb\"},\"inLanguage\":\"en-US\",\"potentialAction\":[{\"@type\":\"ReadAction\",\"target\":[\"https:\/\/doktorvolt.pl\/en\/oferta-doktorvolt\/accessories\/panel-mounted-sockets-and-portable-mobile-plugs\/gniazdo-przenosne-230v-16a-ip67-system-francuski-doktorvolt-6589\/\"]}]},{\"@type\":\"ImageObject\",\"inLanguage\":\"en-US\",\"@id\":\"https:\/\/doktorvolt.pl\/en\/oferta-doktorvolt\/accessories\/panel-mounted-sockets-and-portable-mobile-plugs\/gniazdo-przenosne-230v-16a-ip67-system-francuski-doktorvolt-6589\/#primaryimage\",\"url\":\"https:\/\/doktorvolt.pl\/wp-content\/uploads\/2026\/02\/pol_pl_12312-12312_1.jpg\",\"contentUrl\":\"https:\/\/doktorvolt.pl\/wp-content\/uploads\/2026\/02\/pol_pl_12312-12312_1.jpg\",\"width\":1600,\"height\":1600},{\"@type\":\"BreadcrumbList\",\"@id\":\"https:\/\/doktorvolt.pl\/en\/oferta-doktorvolt\/accessories\/panel-mounted-sockets-and-portable-mobile-plugs\/gniazdo-przenosne-230v-16a-ip67-system-francuski-doktorvolt-6589\/#breadcrumb\",\"itemListElement\":[{\"@type\":\"ListItem\",\"position\":1,\"name\":\"Strona g\u0142\u00f3wna\",\"item\":\"https:\/\/doktorvolt.pl\/en\/\"},{\"@type\":\"ListItem\",\"position\":2,\"name\":\"Offer Doktorvolt\",\"item\":\"https:\/\/doktorvolt.pl\/en\/offer-doktorvolt\/\"},{\"@type\":\"ListItem\",\"position\":3,\"name\":\"Gniazdo przeno\u015bne 230V 16A IP67 system francuski Doktorvolt 6589\"}]},{\"@type\":\"WebSite\",\"@id\":\"https:\/\/doktorvolt.pl\/de\/#website\",\"url\":\"https:\/\/doktorvolt.pl\/de\/\",\"name\":\"DOKTORVOLT\u00ae\",\"description\":\"Producent rozdzielnic budowlanych\",\"publisher\":{\"@id\":\"https:\/\/doktorvolt.pl\/de\/#organization\"},\"potentialAction\":[{\"@type\":\"SearchAction\",\"target\":{\"@type\":\"EntryPoint\",\"urlTemplate\":\"https:\/\/doktorvolt.pl\/de\/?s={search_term_string}\"},\"query-input\":{\"@type\":\"PropertyValueSpecification\",\"valueRequired\":true,\"valueName\":\"search_term_string\"}}],\"inLanguage\":\"en-US\"},{\"@type\":\"Organization\",\"@id\":\"https:\/\/doktorvolt.pl\/de\/#organization\",\"name\":\"DOKTORVOLT\u00ae\",\"url\":\"https:\/\/doktorvolt.pl\/de\/\",\"logo\":{\"@type\":\"ImageObject\",\"inLanguage\":\"en-US\",\"@id\":\"https:\/\/doktorvolt.pl\/de\/#\/schema\/logo\/image\/\",\"url\":\"https:\/\/doktorvolt.pl\/wp-content\/uploads\/2023\/10\/DoktorVOLT-black-png.png\",\"contentUrl\":\"https:\/\/doktorvolt.pl\/wp-content\/uploads\/2023\/10\/DoktorVOLT-black-png.png\",\"width\":729,\"height\":40,\"caption\":\"DOKTORVOLT\u00ae\"},\"image\":{\"@id\":\"https:\/\/doktorvolt.pl\/de\/#\/schema\/logo\/image\/\"}}]}<\/script>\n<!-- \/ Yoast SEO plugin. -->","yoast_head_json":{"title":"Gniazdo przeno\u015bne 230V 16A IP67 system francuski Doktorvolt 6589 - DOKTORVOLT\u00ae","robots":{"index":"index","follow":"follow","max-snippet":"max-snippet:-1","max-image-preview":"max-image-preview:large","max-video-preview":"max-video-preview:-1"},"canonical":"https:\/\/doktorvolt.pl\/en\/oferta-doktorvolt\/accessories\/panel-mounted-sockets-and-portable-mobile-plugs\/gniazdo-przenosne-230v-16a-ip67-system-francuski-doktorvolt-6589\/","og_locale":"en_US","og_type":"article","og_title":"Gniazdo przeno\u015bne 230V 16A IP67 system francuski Doktorvolt 6589 - DOKTORVOLT\u00ae","og_description":"Gniazdo przeno\u015bne 230V 16A IP67 system francuski Doktorvolt 6589","og_url":"https:\/\/doktorvolt.pl\/en\/oferta-doktorvolt\/accessories\/panel-mounted-sockets-and-portable-mobile-plugs\/gniazdo-przenosne-230v-16a-ip67-system-francuski-doktorvolt-6589\/","og_site_name":"DOKTORVOLT\u00ae","og_image":[{"width":1600,"height":1600,"url":"https:\/\/doktorvolt.pl\/wp-content\/uploads\/2026\/02\/pol_pl_12312-12312_1.jpg","type":"image\/jpeg"}],"twitter_card":"summary_large_image","schema":{"@context":"https:\/\/schema.org","@graph":[{"@type":"WebPage","@id":"https:\/\/doktorvolt.pl\/en\/oferta-doktorvolt\/accessories\/panel-mounted-sockets-and-portable-mobile-plugs\/gniazdo-przenosne-230v-16a-ip67-system-francuski-doktorvolt-6589\/","url":"https:\/\/doktorvolt.pl\/en\/oferta-doktorvolt\/accessories\/panel-mounted-sockets-and-portable-mobile-plugs\/gniazdo-przenosne-230v-16a-ip67-system-francuski-doktorvolt-6589\/","name":"Gniazdo przeno\u015bne 230V 16A IP67 system francuski Doktorvolt 6589 - DOKTORVOLT\u00ae","isPartOf":{"@id":"https:\/\/doktorvolt.pl\/de\/#website"},"primaryImageOfPage":{"@id":"https:\/\/doktorvolt.pl\/en\/oferta-doktorvolt\/accessories\/panel-mounted-sockets-and-portable-mobile-plugs\/gniazdo-przenosne-230v-16a-ip67-system-francuski-doktorvolt-6589\/#primaryimage"},"image":{"@id":"https:\/\/doktorvolt.pl\/en\/oferta-doktorvolt\/accessories\/panel-mounted-sockets-and-portable-mobile-plugs\/gniazdo-przenosne-230v-16a-ip67-system-francuski-doktorvolt-6589\/#primaryimage"},"thumbnailUrl":"https:\/\/doktorvolt.pl\/wp-content\/uploads\/2026\/02\/pol_pl_12312-12312_1.jpg","datePublished":"2026-02-23T13:38:38+00:00","breadcrumb":{"@id":"https:\/\/doktorvolt.pl\/en\/oferta-doktorvolt\/accessories\/panel-mounted-sockets-and-portable-mobile-plugs\/gniazdo-przenosne-230v-16a-ip67-system-francuski-doktorvolt-6589\/#breadcrumb"},"inLanguage":"en-US","potentialAction":[{"@type":"ReadAction","target":["https:\/\/doktorvolt.pl\/en\/oferta-doktorvolt\/accessories\/panel-mounted-sockets-and-portable-mobile-plugs\/gniazdo-przenosne-230v-16a-ip67-system-francuski-doktorvolt-6589\/"]}]},{"@type":"ImageObject","inLanguage":"en-US","@id":"https:\/\/doktorvolt.pl\/en\/oferta-doktorvolt\/accessories\/panel-mounted-sockets-and-portable-mobile-plugs\/gniazdo-przenosne-230v-16a-ip67-system-francuski-doktorvolt-6589\/#primaryimage","url":"https:\/\/doktorvolt.pl\/wp-content\/uploads\/2026\/02\/pol_pl_12312-12312_1.jpg","contentUrl":"https:\/\/doktorvolt.pl\/wp-content\/uploads\/2026\/02\/pol_pl_12312-12312_1.jpg","width":1600,"height":1600},{"@type":"BreadcrumbList","@id":"https:\/\/doktorvolt.pl\/en\/oferta-doktorvolt\/accessories\/panel-mounted-sockets-and-portable-mobile-plugs\/gniazdo-przenosne-230v-16a-ip67-system-francuski-doktorvolt-6589\/#breadcrumb","itemListElement":[{"@type":"ListItem","position":1,"name":"Strona g\u0142\u00f3wna","item":"https:\/\/doktorvolt.pl\/en\/"},{"@type":"ListItem","position":2,"name":"Offer Doktorvolt","item":"https:\/\/doktorvolt.pl\/en\/offer-doktorvolt\/"},{"@type":"ListItem","position":3,"name":"Gniazdo przeno\u015bne 230V 16A IP67 system francuski Doktorvolt 6589"}]},{"@type":"WebSite","@id":"https:\/\/doktorvolt.pl\/de\/#website","url":"https:\/\/doktorvolt.pl\/de\/","name":"DOKTORVOLT\u00ae","description":"Producent rozdzielnic budowlanych","publisher":{"@id":"https:\/\/doktorvolt.pl\/de\/#organization"},"potentialAction":[{"@type":"SearchAction","target":{"@type":"EntryPoint","urlTemplate":"https:\/\/doktorvolt.pl\/de\/?s={search_term_string}"},"query-input":{"@type":"PropertyValueSpecification","valueRequired":true,"valueName":"search_term_string"}}],"inLanguage":"en-US"},{"@type":"Organization","@id":"https:\/\/doktorvolt.pl\/de\/#organization","name":"DOKTORVOLT\u00ae","url":"https:\/\/doktorvolt.pl\/de\/","logo":{"@type":"ImageObject","inLanguage":"en-US","@id":"https:\/\/doktorvolt.pl\/de\/#\/schema\/logo\/image\/","url":"https:\/\/doktorvolt.pl\/wp-content\/uploads\/2023\/10\/DoktorVOLT-black-png.png","contentUrl":"https:\/\/doktorvolt.pl\/wp-content\/uploads\/2023\/10\/DoktorVOLT-black-png.png","width":729,"height":40,"caption":"DOKTORVOLT\u00ae"},"image":{"@id":"https:\/\/doktorvolt.pl\/de\/#\/schema\/logo\/image\/"}}]}},"_links":{"self":[{"href":"https:\/\/doktorvolt.pl\/en\/wp-json\/wp\/v2\/product\/110873","targetHints":{"allow":["GET"]}}],"collection":[{"href":"https:\/\/doktorvolt.pl\/en\/wp-json\/wp\/v2\/product"}],"about":[{"href":"https:\/\/doktorvolt.pl\/en\/wp-json\/wp\/v2\/types\/product"}],"wp:featuredmedia":[{"embeddable":true,"href":"https:\/\/doktorvolt.pl\/en\/wp-json\/wp\/v2\/media\/103074"}],"wp:attachment":[{"href":"https:\/\/doktorvolt.pl\/en\/wp-json\/wp\/v2\/media?parent=110873"}],"wp:term":[{"taxonomy":"product_brand","embeddable":true,"href":"https:\/\/doktorvolt.pl\/en\/wp-json\/wp\/v2\/product_brand?post=110873"},{"taxonomy":"product_cat","embeddable":true,"href":"https:\/\/doktorvolt.pl\/en\/wp-json\/wp\/v2\/product_cat?post=110873"},{"taxonomy":"product_tag","embeddable":true,"href":"https:\/\/doktorvolt.pl\/en\/wp-json\/wp\/v2\/product_tag?post=110873"}],"curies":[{"name":"wp","href":"https:\/\/api.w.org\/{rel}","templated":true}]}}