{"id":110889,"date":"2026-02-23T15:36:51","date_gmt":"2026-02-23T13:36:51","guid":{"rendered":"https:\/\/doktorvolt.pl\/sklep\/uncategorized\/gniazdo-podwojne-schuko-natynkowe-ip44-biale182-01-dv-6444\/"},"modified":"2026-02-23T15:36:51","modified_gmt":"2026-02-23T13:36:51","slug":"gniazdo-podwojne-schuko-natynkowe-ip44-biale182-01-dv-6444","status":"publish","type":"product","link":"https:\/\/doktorvolt.pl\/en\/oferta-doktorvolt\/accessories\/sockets-and-switches\/gniazdo-podwojne-schuko-natynkowe-ip44-biale182-01-dv-6444\/","title":{"rendered":"Gniazdo podw\u00f3jne schuko natynkowe IP44 bia\u0142e182-01 DV 6444"},"content":{"rendered":"<h1 style=\"text-align:center;\"><span style=\"color:#000000;\"><strong>Gniazdo natynkowe podw\u00f3jne bia\u0142e schuko z klapk\u0105 IP44<\/strong><\/span><\/h1>\n<h1 style=\"text-align:center;\"><\/h1>\n<\/p>\n<table class=\"center\" style=\"background-color:#f5f5f5;margin-left:auto;margin-right:auto;width:506px;height:621px;border:1px solid #ffffff;\" align=\"center\">\n<tbody>\n<tr>\n<td style=\"text-align:right;padding:15px;height:25px;\" valign=\"middle\" align=\"right\"><span style=\"font-size:12pt;color:#000000;\"><span style=\"font-family:verdana, geneva;\">oznaczenie jednego gniazda<\/span><span style=\"font-family:verdana, geneva;\"><br \/><\/span><\/span><\/td>\n<td style=\"background-color:#ffffff;text-align:center;padding:15px;\"><span style=\"font-family:verdana, geneva;font-size:12pt;color:#d0121a;\">2x 2P+E (schuko)<\/span><span style=\"font-family:verdana, geneva;font-size:12pt;color:#000000;\"><br \/><\/span><\/td>\n<\/tr>\n<tr>\n<td style=\"text-align:right;padding:15px;height:25px;\" valign=\"middle\" align=\"right\"><span style=\"font-size:12pt;color:#000000;\"><span style=\"font-family:verdana, geneva;\">napi\u0119cie znamionowe gniazda<br \/><\/span><\/span><\/td>\n<td style=\"background-color:#ffffff;text-align:center;padding:15px;\"><span style=\"font-family:verdana, geneva;font-size:12pt;color:#000000;\">250V~<br \/><\/span><\/td>\n<\/tr>\n<tr>\n<td style=\"text-align:right;padding:15px;height:25px;\" valign=\"middle\" align=\"right\"><span style=\"font-size:12pt;color:#000000;\"><span style=\"font-family:verdana, geneva;\">pr\u0105d znamionowy gniazda<br \/><\/span><\/span><\/td>\n<td style=\"background-color:#ffffff;text-align:center;padding:15px;\"><span style=\"font-family:verdana, geneva;font-size:12pt;color:#000000;\">16A<br \/><\/span><\/td>\n<\/tr>\n<tr>\n<td style=\"text-align:right;padding:15px;height:25px;\" valign=\"middle\" align=\"right\"><span style=\"font-size:12pt;color:#000000;\"><span style=\"font-family:verdana, geneva;\">monta\u017c <br \/><\/span><\/span><\/td>\n<td style=\"background-color:#ffffff;text-align:center;padding:15px;\"><span style=\"font-family:verdana, geneva;font-size:12pt;color:#000000;\">natynkowy<br \/><\/span><\/td>\n<\/tr>\n<tr>\n<td style=\"text-align:right;padding:15px;height:25px;\" valign=\"middle\" align=\"right\"><span style=\"font-size:12pt;color:#000000;\"><span style=\"font-family:verdana, geneva;\">spos\u00f3b mocowania<br \/><\/span><\/span><\/td>\n<td style=\"background-color:#ffffff;text-align:center;padding:15px;\"><span style=\"font-family:verdana, geneva;font-size:12pt;color:#000000;\">zaciski \u015brubowe<br \/><\/span><\/td>\n<\/tr>\n<tr>\n<td style=\"text-align:right;padding:15px;height:25px;\" valign=\"middle\" align=\"right\"><span style=\"font-size:12pt;color:#000000;\"><span style=\"font-family:verdana, geneva;\">kolor<\/span><\/span><\/td>\n<td style=\"background-color:#ffffff;text-align:center;padding:15px;\"><span style=\"font-family:verdana, geneva;font-size:12pt;color:#000000;\">bia\u0142y<br \/><\/span><\/td>\n<\/tr>\n<tr>\n<td style=\"text-align:right;padding:15px;height:25px;\" valign=\"middle\" align=\"right\"><span style=\"font-size:12pt;color:#000000;\"><span style=\"font-family:verdana, geneva;\">wyko\u0144czenie powierzchni <br \/><\/span><\/span><\/td>\n<td style=\"background-color:#ffffff;text-align:center;padding:15px;\"><span style=\"font-family:verdana, geneva;font-size:12pt;color:#000000;\">matowa<br \/><\/span><\/td>\n<\/tr>\n<tr>\n<td style=\"text-align:right;padding:15px;height:25px;\" valign=\"middle\" align=\"right\"><span style=\"font-size:12pt;color:#000000;\"><span style=\"font-family:verdana, geneva;\">stopie\u0144 ochrony <br \/><\/span><\/span><\/td>\n<td style=\"background-color:#ffffff;text-align:center;padding:15px;\"><span style=\"font-family:verdana, geneva;font-size:12pt;color:#000000;\">IP44<\/span><\/td>\n<\/tr>\n<tr>\n<td style=\"text-align:right;padding:15px;height:25px;\" valign=\"middle\" align=\"right\"><span style=\"font-size:12pt;color:#000000;\"><span style=\"font-family:verdana, geneva;\">materia\u0142<\/span><\/span><\/td>\n<td style=\"background-color:#ffffff;text-align:center;padding:15px;\"><span style=\"font-family:verdana, geneva;font-size:12pt;color:#000000;\">ABS<\/span><\/td>\n<\/tr>\n<tr>\n<td style=\"text-align:right;padding:15px;height:25px;\" valign=\"middle\" align=\"right\"><span style=\"font-size:12pt;color:#000000;\"><span style=\"font-family:verdana, geneva;\">wymiary<\/span><\/span><\/td>\n<td style=\"background-color:#ffffff;text-align:center;padding:15px;\"><span style=\"font-family:verdana, geneva;font-size:12pt;color:#000000;\">&nbsp;125x75x46mm<\/span><\/td>\n<\/tr>\n<tr>\n<td style=\"text-align:right;padding:15px;height:25px;\" valign=\"middle\" align=\"right\"><span style=\"font-size:12pt;color:#000000;\"><span style=\"font-family:verdana, geneva;\">normy i aprobaty <\/span><\/span><\/td>\n<td style=\"background-color:#ffffff;text-align:center;padding:15px;\"><span style=\"font-family:verdana, geneva;font-size:12pt;color:#000000;\">CE<\/span><\/td>\n<\/tr>\n<tr>\n<td style=\"text-align:right;padding:15px;height:25px;\" valign=\"middle\" align=\"right\"><span style=\"font-size:12pt;color:#000000;\"><span style=\"font-family:verdana, geneva;\">producent<br \/><\/span><\/span><\/td>\n<td style=\"background-color:#ffffff;text-align:center;padding:15px;\"><span style=\"font-family:verdana, geneva;font-size:12pt;color:#000000;\">Doktorvolt<\/span><\/td>\n<\/tr>\n<tr>\n<td style=\"text-align:right;padding:15px;height:25px;\" valign=\"middle\" align=\"right\"><span style=\"font-size:12pt;color:#000000;\"><span style=\"font-family:verdana, geneva;\">numer artyku\u0142u<br \/><\/span><\/span><\/td>\n<td style=\"background-color:#ffffff;text-align:center;padding:15px;\"><span style=\"font-family:verdana, geneva;font-size:12pt;color:#000000;\">182-01-DRV<\/span><\/td>\n<\/tr>\n<tr>\n<td style=\"text-align:right;padding:15px;height:25px;\" valign=\"middle\" align=\"right\"><span style=\"font-size:12pt;color:#000000;\"><span style=\"font-family:verdana, geneva;\">EAN <br \/><\/span><\/span><\/td>\n<td style=\"background-color:#ffffff;text-align:center;padding:15px;\"><span style=\"font-family:verdana, geneva;font-size:12pt;color:#000000;\">5906365206444<br \/><\/span><\/td>\n<\/tr>\n<\/tbody>\n<\/table>\n","protected":false},"excerpt":{"rendered":"<p>Gniazdo podw\u00f3jne z uziemieniem schuko natynkowe IP44 bia\u0142e z klapk\u0105 bia\u0142\u0105<\/p>\n","protected":false},"featured_media":102858,"template":"","meta":[],"product_brand":[],"product_cat":[5147],"product_tag":[],"class_list":{"0":"post-110889","1":"product","2":"type-product","3":"status-publish","4":"has-post-thumbnail","6":"product_cat-sockets-and-switches","8":"first","9":"instock","10":"shipping-taxable","11":"product-type-external"},"yoast_head":"<!-- This site is optimized with the Yoast SEO plugin v27.0 - https:\/\/yoast.com\/product\/yoast-seo-wordpress\/ -->\n<title>Gniazdo podw\u00f3jne schuko natynkowe IP44 bia\u0142e182-01 DV 6444 - DOKTORVOLT\u00ae<\/title>\n<meta name=\"robots\" content=\"index, follow, max-snippet:-1, max-image-preview:large, max-video-preview:-1\" \/>\n<link rel=\"canonical\" href=\"https:\/\/doktorvolt.pl\/en\/oferta-doktorvolt\/accessories\/sockets-and-switches\/gniazdo-podwojne-schuko-natynkowe-ip44-biale182-01-dv-6444\/\" \/>\n<meta property=\"og:locale\" content=\"en_US\" \/>\n<meta property=\"og:type\" content=\"article\" \/>\n<meta property=\"og:title\" content=\"Gniazdo podw\u00f3jne schuko natynkowe IP44 bia\u0142e182-01 DV 6444 - DOKTORVOLT\u00ae\" \/>\n<meta property=\"og:description\" content=\"Gniazdo podw\u00f3jne z uziemieniem schuko natynkowe IP44 bia\u0142e z klapk\u0105 bia\u0142\u0105\" \/>\n<meta property=\"og:url\" content=\"https:\/\/doktorvolt.pl\/en\/oferta-doktorvolt\/accessories\/sockets-and-switches\/gniazdo-podwojne-schuko-natynkowe-ip44-biale182-01-dv-6444\/\" \/>\n<meta property=\"og:site_name\" content=\"DOKTORVOLT\u00ae\" \/>\n<meta property=\"og:image\" content=\"https:\/\/doktorvolt.pl\/wp-content\/uploads\/2026\/02\/pol_pl_17103-17103_1.jpg\" \/>\n\t<meta property=\"og:image:width\" content=\"1000\" \/>\n\t<meta property=\"og:image:height\" content=\"1000\" \/>\n\t<meta property=\"og:image:type\" content=\"image\/jpeg\" \/>\n<meta name=\"twitter:card\" content=\"summary_large_image\" \/>\n<script type=\"application\/ld+json\" class=\"yoast-schema-graph\">{\"@context\":\"https:\/\/schema.org\",\"@graph\":[{\"@type\":\"WebPage\",\"@id\":\"https:\/\/doktorvolt.pl\/en\/oferta-doktorvolt\/accessories\/sockets-and-switches\/gniazdo-podwojne-schuko-natynkowe-ip44-biale182-01-dv-6444\/\",\"url\":\"https:\/\/doktorvolt.pl\/en\/oferta-doktorvolt\/accessories\/sockets-and-switches\/gniazdo-podwojne-schuko-natynkowe-ip44-biale182-01-dv-6444\/\",\"name\":\"Gniazdo podw\u00f3jne schuko natynkowe IP44 bia\u0142e182-01 DV 6444 - DOKTORVOLT\u00ae\",\"isPartOf\":{\"@id\":\"https:\/\/doktorvolt.pl\/de\/#website\"},\"primaryImageOfPage\":{\"@id\":\"https:\/\/doktorvolt.pl\/en\/oferta-doktorvolt\/accessories\/sockets-and-switches\/gniazdo-podwojne-schuko-natynkowe-ip44-biale182-01-dv-6444\/#primaryimage\"},\"image\":{\"@id\":\"https:\/\/doktorvolt.pl\/en\/oferta-doktorvolt\/accessories\/sockets-and-switches\/gniazdo-podwojne-schuko-natynkowe-ip44-biale182-01-dv-6444\/#primaryimage\"},\"thumbnailUrl\":\"https:\/\/doktorvolt.pl\/wp-content\/uploads\/2026\/02\/pol_pl_17103-17103_1.jpg\",\"datePublished\":\"2026-02-23T13:36:51+00:00\",\"breadcrumb\":{\"@id\":\"https:\/\/doktorvolt.pl\/en\/oferta-doktorvolt\/accessories\/sockets-and-switches\/gniazdo-podwojne-schuko-natynkowe-ip44-biale182-01-dv-6444\/#breadcrumb\"},\"inLanguage\":\"en-US\",\"potentialAction\":[{\"@type\":\"ReadAction\",\"target\":[\"https:\/\/doktorvolt.pl\/en\/oferta-doktorvolt\/accessories\/sockets-and-switches\/gniazdo-podwojne-schuko-natynkowe-ip44-biale182-01-dv-6444\/\"]}]},{\"@type\":\"ImageObject\",\"inLanguage\":\"en-US\",\"@id\":\"https:\/\/doktorvolt.pl\/en\/oferta-doktorvolt\/accessories\/sockets-and-switches\/gniazdo-podwojne-schuko-natynkowe-ip44-biale182-01-dv-6444\/#primaryimage\",\"url\":\"https:\/\/doktorvolt.pl\/wp-content\/uploads\/2026\/02\/pol_pl_17103-17103_1.jpg\",\"contentUrl\":\"https:\/\/doktorvolt.pl\/wp-content\/uploads\/2026\/02\/pol_pl_17103-17103_1.jpg\",\"width\":1000,\"height\":1000},{\"@type\":\"BreadcrumbList\",\"@id\":\"https:\/\/doktorvolt.pl\/en\/oferta-doktorvolt\/accessories\/sockets-and-switches\/gniazdo-podwojne-schuko-natynkowe-ip44-biale182-01-dv-6444\/#breadcrumb\",\"itemListElement\":[{\"@type\":\"ListItem\",\"position\":1,\"name\":\"Strona g\u0142\u00f3wna\",\"item\":\"https:\/\/doktorvolt.pl\/en\/\"},{\"@type\":\"ListItem\",\"position\":2,\"name\":\"Offer Doktorvolt\",\"item\":\"https:\/\/doktorvolt.pl\/en\/offer-doktorvolt\/\"},{\"@type\":\"ListItem\",\"position\":3,\"name\":\"Gniazdo podw\u00f3jne schuko natynkowe IP44 bia\u0142e182-01 DV 6444\"}]},{\"@type\":\"WebSite\",\"@id\":\"https:\/\/doktorvolt.pl\/de\/#website\",\"url\":\"https:\/\/doktorvolt.pl\/de\/\",\"name\":\"DOKTORVOLT\u00ae\",\"description\":\"Producent rozdzielnic budowlanych\",\"publisher\":{\"@id\":\"https:\/\/doktorvolt.pl\/de\/#organization\"},\"potentialAction\":[{\"@type\":\"SearchAction\",\"target\":{\"@type\":\"EntryPoint\",\"urlTemplate\":\"https:\/\/doktorvolt.pl\/de\/?s={search_term_string}\"},\"query-input\":{\"@type\":\"PropertyValueSpecification\",\"valueRequired\":true,\"valueName\":\"search_term_string\"}}],\"inLanguage\":\"en-US\"},{\"@type\":\"Organization\",\"@id\":\"https:\/\/doktorvolt.pl\/de\/#organization\",\"name\":\"DOKTORVOLT\u00ae\",\"url\":\"https:\/\/doktorvolt.pl\/de\/\",\"logo\":{\"@type\":\"ImageObject\",\"inLanguage\":\"en-US\",\"@id\":\"https:\/\/doktorvolt.pl\/de\/#\/schema\/logo\/image\/\",\"url\":\"https:\/\/doktorvolt.pl\/wp-content\/uploads\/2023\/10\/DoktorVOLT-black-png.png\",\"contentUrl\":\"https:\/\/doktorvolt.pl\/wp-content\/uploads\/2023\/10\/DoktorVOLT-black-png.png\",\"width\":729,\"height\":40,\"caption\":\"DOKTORVOLT\u00ae\"},\"image\":{\"@id\":\"https:\/\/doktorvolt.pl\/de\/#\/schema\/logo\/image\/\"}}]}<\/script>\n<!-- \/ Yoast SEO plugin. -->","yoast_head_json":{"title":"Gniazdo podw\u00f3jne schuko natynkowe IP44 bia\u0142e182-01 DV 6444 - DOKTORVOLT\u00ae","robots":{"index":"index","follow":"follow","max-snippet":"max-snippet:-1","max-image-preview":"max-image-preview:large","max-video-preview":"max-video-preview:-1"},"canonical":"https:\/\/doktorvolt.pl\/en\/oferta-doktorvolt\/accessories\/sockets-and-switches\/gniazdo-podwojne-schuko-natynkowe-ip44-biale182-01-dv-6444\/","og_locale":"en_US","og_type":"article","og_title":"Gniazdo podw\u00f3jne schuko natynkowe IP44 bia\u0142e182-01 DV 6444 - DOKTORVOLT\u00ae","og_description":"Gniazdo podw\u00f3jne z uziemieniem schuko natynkowe IP44 bia\u0142e z klapk\u0105 bia\u0142\u0105","og_url":"https:\/\/doktorvolt.pl\/en\/oferta-doktorvolt\/accessories\/sockets-and-switches\/gniazdo-podwojne-schuko-natynkowe-ip44-biale182-01-dv-6444\/","og_site_name":"DOKTORVOLT\u00ae","og_image":[{"width":1000,"height":1000,"url":"https:\/\/doktorvolt.pl\/wp-content\/uploads\/2026\/02\/pol_pl_17103-17103_1.jpg","type":"image\/jpeg"}],"twitter_card":"summary_large_image","schema":{"@context":"https:\/\/schema.org","@graph":[{"@type":"WebPage","@id":"https:\/\/doktorvolt.pl\/en\/oferta-doktorvolt\/accessories\/sockets-and-switches\/gniazdo-podwojne-schuko-natynkowe-ip44-biale182-01-dv-6444\/","url":"https:\/\/doktorvolt.pl\/en\/oferta-doktorvolt\/accessories\/sockets-and-switches\/gniazdo-podwojne-schuko-natynkowe-ip44-biale182-01-dv-6444\/","name":"Gniazdo podw\u00f3jne schuko natynkowe IP44 bia\u0142e182-01 DV 6444 - DOKTORVOLT\u00ae","isPartOf":{"@id":"https:\/\/doktorvolt.pl\/de\/#website"},"primaryImageOfPage":{"@id":"https:\/\/doktorvolt.pl\/en\/oferta-doktorvolt\/accessories\/sockets-and-switches\/gniazdo-podwojne-schuko-natynkowe-ip44-biale182-01-dv-6444\/#primaryimage"},"image":{"@id":"https:\/\/doktorvolt.pl\/en\/oferta-doktorvolt\/accessories\/sockets-and-switches\/gniazdo-podwojne-schuko-natynkowe-ip44-biale182-01-dv-6444\/#primaryimage"},"thumbnailUrl":"https:\/\/doktorvolt.pl\/wp-content\/uploads\/2026\/02\/pol_pl_17103-17103_1.jpg","datePublished":"2026-02-23T13:36:51+00:00","breadcrumb":{"@id":"https:\/\/doktorvolt.pl\/en\/oferta-doktorvolt\/accessories\/sockets-and-switches\/gniazdo-podwojne-schuko-natynkowe-ip44-biale182-01-dv-6444\/#breadcrumb"},"inLanguage":"en-US","potentialAction":[{"@type":"ReadAction","target":["https:\/\/doktorvolt.pl\/en\/oferta-doktorvolt\/accessories\/sockets-and-switches\/gniazdo-podwojne-schuko-natynkowe-ip44-biale182-01-dv-6444\/"]}]},{"@type":"ImageObject","inLanguage":"en-US","@id":"https:\/\/doktorvolt.pl\/en\/oferta-doktorvolt\/accessories\/sockets-and-switches\/gniazdo-podwojne-schuko-natynkowe-ip44-biale182-01-dv-6444\/#primaryimage","url":"https:\/\/doktorvolt.pl\/wp-content\/uploads\/2026\/02\/pol_pl_17103-17103_1.jpg","contentUrl":"https:\/\/doktorvolt.pl\/wp-content\/uploads\/2026\/02\/pol_pl_17103-17103_1.jpg","width":1000,"height":1000},{"@type":"BreadcrumbList","@id":"https:\/\/doktorvolt.pl\/en\/oferta-doktorvolt\/accessories\/sockets-and-switches\/gniazdo-podwojne-schuko-natynkowe-ip44-biale182-01-dv-6444\/#breadcrumb","itemListElement":[{"@type":"ListItem","position":1,"name":"Strona g\u0142\u00f3wna","item":"https:\/\/doktorvolt.pl\/en\/"},{"@type":"ListItem","position":2,"name":"Offer Doktorvolt","item":"https:\/\/doktorvolt.pl\/en\/offer-doktorvolt\/"},{"@type":"ListItem","position":3,"name":"Gniazdo podw\u00f3jne schuko natynkowe IP44 bia\u0142e182-01 DV 6444"}]},{"@type":"WebSite","@id":"https:\/\/doktorvolt.pl\/de\/#website","url":"https:\/\/doktorvolt.pl\/de\/","name":"DOKTORVOLT\u00ae","description":"Producent rozdzielnic budowlanych","publisher":{"@id":"https:\/\/doktorvolt.pl\/de\/#organization"},"potentialAction":[{"@type":"SearchAction","target":{"@type":"EntryPoint","urlTemplate":"https:\/\/doktorvolt.pl\/de\/?s={search_term_string}"},"query-input":{"@type":"PropertyValueSpecification","valueRequired":true,"valueName":"search_term_string"}}],"inLanguage":"en-US"},{"@type":"Organization","@id":"https:\/\/doktorvolt.pl\/de\/#organization","name":"DOKTORVOLT\u00ae","url":"https:\/\/doktorvolt.pl\/de\/","logo":{"@type":"ImageObject","inLanguage":"en-US","@id":"https:\/\/doktorvolt.pl\/de\/#\/schema\/logo\/image\/","url":"https:\/\/doktorvolt.pl\/wp-content\/uploads\/2023\/10\/DoktorVOLT-black-png.png","contentUrl":"https:\/\/doktorvolt.pl\/wp-content\/uploads\/2023\/10\/DoktorVOLT-black-png.png","width":729,"height":40,"caption":"DOKTORVOLT\u00ae"},"image":{"@id":"https:\/\/doktorvolt.pl\/de\/#\/schema\/logo\/image\/"}}]}},"_links":{"self":[{"href":"https:\/\/doktorvolt.pl\/en\/wp-json\/wp\/v2\/product\/110889","targetHints":{"allow":["GET"]}}],"collection":[{"href":"https:\/\/doktorvolt.pl\/en\/wp-json\/wp\/v2\/product"}],"about":[{"href":"https:\/\/doktorvolt.pl\/en\/wp-json\/wp\/v2\/types\/product"}],"wp:featuredmedia":[{"embeddable":true,"href":"https:\/\/doktorvolt.pl\/en\/wp-json\/wp\/v2\/media\/102858"}],"wp:attachment":[{"href":"https:\/\/doktorvolt.pl\/en\/wp-json\/wp\/v2\/media?parent=110889"}],"wp:term":[{"taxonomy":"product_brand","embeddable":true,"href":"https:\/\/doktorvolt.pl\/en\/wp-json\/wp\/v2\/product_brand?post=110889"},{"taxonomy":"product_cat","embeddable":true,"href":"https:\/\/doktorvolt.pl\/en\/wp-json\/wp\/v2\/product_cat?post=110889"},{"taxonomy":"product_tag","embeddable":true,"href":"https:\/\/doktorvolt.pl\/en\/wp-json\/wp\/v2\/product_tag?post=110889"}],"curies":[{"name":"wp","href":"https:\/\/api.w.org\/{rel}","templated":true}]}}