{"id":110895,"date":"2026-02-23T15:36:22","date_gmt":"2026-02-23T13:36:22","guid":{"rendered":"https:\/\/doktorvolt.pl\/sklep\/uncategorized\/przedluzacz-10m-kempingowy-16a-3p-ip44-230v-h07rn-f-3x15-doktorvolt-2667\/"},"modified":"2026-02-23T15:36:22","modified_gmt":"2026-02-23T13:36:22","slug":"przedluzacz-10m-kempingowy-16a-3p-ip44-230v-h07rn-f-3x15-doktorvolt-2667","status":"publish","type":"product","link":"https:\/\/doktorvolt.pl\/en\/oferta-doktorvolt\/extension-cords\/camping-extension-cords\/przedluzacz-10m-kempingowy-16a-3p-ip44-230v-h07rn-f-3x15-doktorvolt-2667\/","title":{"rendered":"Przed\u0142u\u017cacz 10m kempingowy 16A\/3P IP44 230V H07RN-F 3&#215;1,5 Doktorvolt\u00ae 2667"},"content":{"rendered":"<h1 style=\"text-align:center;\"><span style=\"font-size:12pt;color:#000000;\"><span style=\"font-family:verdana, geneva;\"><span style=\"font-size:12pt;\"><span style=\"font-family:verdana, geneva;\">Przed\u0142u\u017cacz 10m 16A kampingowy 3&#215;1,5<\/span><\/span><\/span><\/span><\/h1>\n<p style=\"text-align:center;\"><span style=\"font-size:12pt;color:#000000;\"><span style=\"font-family:verdana, geneva;\"><span style=\"font-size:12pt;\"><span style=\"font-family:verdana, geneva;\">Przed\u0142u\u017cacz gumowy idealny do zasilania urz\u0105dze\u0144 przeno\u015bnych. Wyposa\u017cony w gniazdo i wtyczk\u0119 kampingow\u0105. Kabel odporny na dzia\u0142anie olej\u00f3w. Kabel\u00a0H07RN-F nadaje si\u0119 do zastosowania domowego\u00a0oraz\u00a0przemys\u0142owego.<\/span><\/span><\/span><\/span><\/p>\n<table class=\"center\" style=\"background-color:#f5f5f5;margin-left:auto;margin-right:auto;width:488px;height:770px;border:1px solid #ffffff;\" align=\"center\">\n<tbody>\n<tr>\n<td style=\"text-align:right;padding:15px;height:25px;\" valign=\"middle\" align=\"right\"><span style=\"font-size:12pt;color:#000000;\"><span style=\"font-family:verdana, geneva;\">d\u0142ugo\u015b\u0107<\/span><span style=\"font-family:verdana, geneva;\"><br \/><\/span><\/span><\/td>\n<td style=\"background-color:#ffffff;text-align:center;\">\n<p><span style=\"font-family:verdana, geneva;font-size:12pt;color:#000000;\">10m<\/span><\/p>\n<\/td>\n<\/tr>\n<tr>\n<td style=\"text-align:right;padding:15px;height:25px;\" valign=\"middle\" align=\"right\"><span style=\"font-size:12pt;color:#000000;\"><span style=\"font-family:verdana, geneva;\"><span style=\"font-size:12pt;\"><span style=\"font-family:verdana, geneva;\">wyposa\u017cenie<\/span><\/span><\/span><\/span><\/td>\n<td style=\"background-color:#ffffff;text-align:center;\">\n<p><span style=\"font-family:verdana, geneva;font-size:12pt;color:#000000;\">&#8211; Wtyczka 2 cz\u0119\u015bciowa ProTop 16A\/3P 6h 400V IP44 MENNEKES Typ 148A<br \/>&#8211; Gniazdo przeno\u015bne kampingowe ProTOP 16A\/3p 230V IP44 MENNEKES 180A<br \/><\/span><\/p>\n<\/td>\n<\/tr>\n<tr>\n<td style=\"text-align:right;padding:15px;height:25px;\" valign=\"middle\" align=\"right\"><span style=\"font-size:12pt;color:#000000;\"><span style=\"font-family:verdana, geneva;\">max. pr\u0105d<br \/><\/span><\/span><\/td>\n<td style=\"background-color:#ffffff;text-align:center;\">\n<p><span style=\"font-family:verdana, geneva;font-size:12pt;color:#000000;\">16A <br \/><\/span><\/p>\n<\/td>\n<\/tr>\n<tr>\n<td style=\"text-align:right;padding:15px;height:25px;\" valign=\"middle\" align=\"right\"><span style=\"font-size:12pt;color:#000000;\"><span style=\"font-family:verdana, geneva;\">klasa szczelno\u015bci<br \/><\/span><\/span><\/td>\n<td style=\"background-color:#ffffff;text-align:center;\">\n<p><span style=\"font-family:verdana, geneva;font-size:12pt;color:#000000;\">IP44<br \/><\/span><\/p>\n<\/td>\n<\/tr>\n<tr>\n<td style=\"text-align:right;padding:15px;height:25px;\" valign=\"middle\" align=\"right\"><span style=\"font-size:12pt;color:#000000;\"><span style=\"font-family:verdana, geneva;\">przekr\u00f3j kabla<\/span><\/span><\/td>\n<td style=\"background-color:#ffffff;text-align:center;\">\n<p><span style=\"font-family:verdana, geneva;font-size:12pt;color:#000000;\">3&#215;1,5mm\u00b2<\/span><\/p>\n<\/td>\n<\/tr>\n<tr>\n<td style=\"text-align:right;padding:15px;height:25px;\" valign=\"middle\" align=\"right\"><span style=\"font-size:12pt;color:#000000;\"><span style=\"font-family:verdana, geneva;\">typ kabla<br \/><\/span><\/span><\/td>\n<td style=\"background-color:#ffffff;text-align:center;\">\n<p><span style=\"font-family:verdana, geneva;font-size:12pt;color:#000000;\">H07RN-F<\/span><\/p>\n<p><span style=\"font-family:verdana, geneva;font-size:12pt;color:#000000;\">(gumowy OnPD, olejoodporny, \u015brednie obci\u0105\u017cenia mechaniczne)<br \/><\/span><\/p>\n<\/td>\n<\/tr>\n<tr>\n<td style=\"text-align:right;padding:15px;height:25px;\" valign=\"middle\" align=\"right\"><span style=\"font-size:12pt;color:#000000;\"><span style=\"font-family:verdana, geneva;\">izolacja kabla<br \/><\/span><\/span><\/td>\n<td style=\"background-color:#ffffff;text-align:center;\">\n<p><span style=\"font-family:verdana, geneva;font-size:12pt;color:#000000;\">neopren &#8211; kauczuk, olejoodporny<br \/><\/span><\/p>\n<\/td>\n<\/tr>\n<tr>\n<td style=\"text-align:right;padding:15px;height:25px;\" valign=\"middle\" align=\"right\"><span style=\"font-size:12pt;color:#000000;\"><span style=\"font-family:verdana, geneva;\">producent<br \/><\/span><\/span><\/td>\n<td style=\"background-color:#ffffff;text-align:center;\">\n<p><span style=\"font-family:verdana, geneva;font-size:12pt;color:#000000;\">Doktorvolt<br \/><\/span><\/p>\n<\/td>\n<\/tr>\n<tr>\n<td style=\"text-align:right;padding:15px;height:25px;\" valign=\"middle\" align=\"right\"><span style=\"font-size:12pt;color:#000000;\"><span style=\"font-family:verdana, geneva;\">symbol<\/span><\/span><\/td>\n<td style=\"background-color:#ffffff;text-align:center;\">\n<p><span style=\"font-family:verdana, geneva;font-size:12pt;color:#000000;\">DV-2667-C-16<\/span><\/p>\n<\/td>\n<\/tr>\n<tr>\n<td style=\"text-align:right;padding:15px;height:25px;\" valign=\"middle\" align=\"right\"><span style=\"font-size:12pt;color:#000000;\"><span style=\"font-family:verdana, geneva;\">EAN<br \/><\/span><\/span><\/td>\n<td style=\"background-color:#ffffff;text-align:center;\">\n<p><span style=\"font-family:verdana, geneva;font-size:12pt;color:#000000;\">5907589332667<br \/><\/span><\/p>\n<\/td>\n<\/tr>\n<tr>\n<td style=\"text-align:right;padding:15px;height:25px;\" colspan=\"2\" valign=\"middle\" align=\"right\"><span style=\"font-size:12pt;color:#000000;\"><span style=\"font-family:verdana, geneva;\">W zestawie z przed\u0142u\u017caczem opaska samoprzylepna \u2013 rzep do spinania kabla<\/span><\/span><\/td>\n<\/tr>\n<\/tbody>\n<\/table>\n","protected":false},"excerpt":{"rendered":"<p>Przed\u0142u\u017cacz 10m 16A\/3P kampingowy kabel przed\u0142u\u017caj\u0105cy IP44 230V H07RN-F 3&#215;1,5 gniazda MENNEKES<\/p>\n","protected":false},"featured_media":102827,"template":"","meta":[],"product_brand":[],"product_cat":[5239],"product_tag":[],"class_list":{"0":"post-110895","1":"product","2":"type-product","3":"status-publish","4":"has-post-thumbnail","6":"product_cat-camping-extension-cords","7":"pa_dlugosc-kabla-10m","8":"pa_prad-znamionowy-16a","9":"pa_przekroj-kabla-3x1","10":"pa_przekroj-kabla-5mm","12":"first","13":"instock","14":"shipping-taxable","15":"product-type-external"},"yoast_head":"<!-- This site is optimized with the Yoast SEO plugin v27.0 - https:\/\/yoast.com\/product\/yoast-seo-wordpress\/ -->\n<title>Przed\u0142u\u017cacz 10m kempingowy 16A\/3P IP44 230V H07RN-F 3x1,5 Doktorvolt\u00ae 2667 - DOKTORVOLT\u00ae<\/title>\n<meta name=\"robots\" content=\"index, follow, max-snippet:-1, max-image-preview:large, max-video-preview:-1\" \/>\n<link rel=\"canonical\" href=\"https:\/\/doktorvolt.pl\/oferta-doktorvolt\/przedluzacze\/przedluzacze-kempingowe\/przedluzacz-10m-kempingowy-16a-3p-ip44-230v-h07rn-f-3x15-doktorvolt-2667\/\" \/>\n<meta property=\"og:locale\" content=\"en_US\" \/>\n<meta property=\"og:type\" content=\"article\" \/>\n<meta property=\"og:title\" content=\"Przed\u0142u\u017cacz 10m kempingowy 16A\/3P IP44 230V H07RN-F 3x1,5 Doktorvolt\u00ae 2667 - DOKTORVOLT\u00ae\" \/>\n<meta property=\"og:description\" content=\"Przed\u0142u\u017cacz 10m 16A\/3P kampingowy kabel przed\u0142u\u017caj\u0105cy IP44 230V H07RN-F 3x1,5 gniazda MENNEKES\" \/>\n<meta property=\"og:url\" content=\"https:\/\/doktorvolt.pl\/oferta-doktorvolt\/przedluzacze\/przedluzacze-kempingowe\/przedluzacz-10m-kempingowy-16a-3p-ip44-230v-h07rn-f-3x15-doktorvolt-2667\/\" \/>\n<meta property=\"og:site_name\" content=\"DOKTORVOLT\u00ae\" \/>\n<meta property=\"og:image\" content=\"https:\/\/doktorvolt.pl\/wp-content\/uploads\/2026\/02\/pol_pl_13671-13671_1.jpg\" \/>\n\t<meta property=\"og:image:width\" content=\"1600\" \/>\n\t<meta property=\"og:image:height\" content=\"1600\" \/>\n\t<meta property=\"og:image:type\" content=\"image\/jpeg\" \/>\n<meta name=\"twitter:card\" content=\"summary_large_image\" \/>\n<meta name=\"twitter:label1\" content=\"Est. reading time\" \/>\n\t<meta name=\"twitter:data1\" content=\"1 minute\" \/>\n<script type=\"application\/ld+json\" class=\"yoast-schema-graph\">{\"@context\":\"https:\/\/schema.org\",\"@graph\":[{\"@type\":\"WebPage\",\"@id\":\"https:\/\/doktorvolt.pl\/oferta-doktorvolt\/przedluzacze\/przedluzacze-kempingowe\/przedluzacz-10m-kempingowy-16a-3p-ip44-230v-h07rn-f-3x15-doktorvolt-2667\/\",\"url\":\"https:\/\/doktorvolt.pl\/oferta-doktorvolt\/przedluzacze\/przedluzacze-kempingowe\/przedluzacz-10m-kempingowy-16a-3p-ip44-230v-h07rn-f-3x15-doktorvolt-2667\/\",\"name\":\"Przed\u0142u\u017cacz 10m kempingowy 16A\/3P IP44 230V H07RN-F 3x1,5 Doktorvolt\u00ae 2667 - DOKTORVOLT\u00ae\",\"isPartOf\":{\"@id\":\"https:\/\/doktorvolt.pl\/de\/#website\"},\"primaryImageOfPage\":{\"@id\":\"https:\/\/doktorvolt.pl\/oferta-doktorvolt\/przedluzacze\/przedluzacze-kempingowe\/przedluzacz-10m-kempingowy-16a-3p-ip44-230v-h07rn-f-3x15-doktorvolt-2667\/#primaryimage\"},\"image\":{\"@id\":\"https:\/\/doktorvolt.pl\/oferta-doktorvolt\/przedluzacze\/przedluzacze-kempingowe\/przedluzacz-10m-kempingowy-16a-3p-ip44-230v-h07rn-f-3x15-doktorvolt-2667\/#primaryimage\"},\"thumbnailUrl\":\"https:\/\/doktorvolt.pl\/wp-content\/uploads\/2026\/02\/pol_pl_13671-13671_1.jpg\",\"datePublished\":\"2026-02-23T13:36:22+00:00\",\"breadcrumb\":{\"@id\":\"https:\/\/doktorvolt.pl\/oferta-doktorvolt\/przedluzacze\/przedluzacze-kempingowe\/przedluzacz-10m-kempingowy-16a-3p-ip44-230v-h07rn-f-3x15-doktorvolt-2667\/#breadcrumb\"},\"inLanguage\":\"en-US\",\"potentialAction\":[{\"@type\":\"ReadAction\",\"target\":[\"https:\/\/doktorvolt.pl\/oferta-doktorvolt\/przedluzacze\/przedluzacze-kempingowe\/przedluzacz-10m-kempingowy-16a-3p-ip44-230v-h07rn-f-3x15-doktorvolt-2667\/\"]}]},{\"@type\":\"ImageObject\",\"inLanguage\":\"en-US\",\"@id\":\"https:\/\/doktorvolt.pl\/oferta-doktorvolt\/przedluzacze\/przedluzacze-kempingowe\/przedluzacz-10m-kempingowy-16a-3p-ip44-230v-h07rn-f-3x15-doktorvolt-2667\/#primaryimage\",\"url\":\"https:\/\/doktorvolt.pl\/wp-content\/uploads\/2026\/02\/pol_pl_13671-13671_1.jpg\",\"contentUrl\":\"https:\/\/doktorvolt.pl\/wp-content\/uploads\/2026\/02\/pol_pl_13671-13671_1.jpg\",\"width\":1600,\"height\":1600},{\"@type\":\"BreadcrumbList\",\"@id\":\"https:\/\/doktorvolt.pl\/oferta-doktorvolt\/przedluzacze\/przedluzacze-kempingowe\/przedluzacz-10m-kempingowy-16a-3p-ip44-230v-h07rn-f-3x15-doktorvolt-2667\/#breadcrumb\",\"itemListElement\":[{\"@type\":\"ListItem\",\"position\":1,\"name\":\"Strona g\u0142\u00f3wna\",\"item\":\"https:\/\/doktorvolt.pl\/en\/\"},{\"@type\":\"ListItem\",\"position\":2,\"name\":\"Offer Doktorvolt\",\"item\":\"https:\/\/doktorvolt.pl\/en\/offer-doktorvolt\/\"},{\"@type\":\"ListItem\",\"position\":3,\"name\":\"Przed\u0142u\u017cacz 10m kempingowy 16A\/3P IP44 230V H07RN-F 3&#215;1,5 Doktorvolt\u00ae 2667\"}]},{\"@type\":\"WebSite\",\"@id\":\"https:\/\/doktorvolt.pl\/de\/#website\",\"url\":\"https:\/\/doktorvolt.pl\/de\/\",\"name\":\"DOKTORVOLT\u00ae\",\"description\":\"Producent rozdzielnic budowlanych\",\"publisher\":{\"@id\":\"https:\/\/doktorvolt.pl\/de\/#organization\"},\"potentialAction\":[{\"@type\":\"SearchAction\",\"target\":{\"@type\":\"EntryPoint\",\"urlTemplate\":\"https:\/\/doktorvolt.pl\/de\/?s={search_term_string}\"},\"query-input\":{\"@type\":\"PropertyValueSpecification\",\"valueRequired\":true,\"valueName\":\"search_term_string\"}}],\"inLanguage\":\"en-US\"},{\"@type\":\"Organization\",\"@id\":\"https:\/\/doktorvolt.pl\/de\/#organization\",\"name\":\"DOKTORVOLT\u00ae\",\"url\":\"https:\/\/doktorvolt.pl\/de\/\",\"logo\":{\"@type\":\"ImageObject\",\"inLanguage\":\"en-US\",\"@id\":\"https:\/\/doktorvolt.pl\/de\/#\/schema\/logo\/image\/\",\"url\":\"https:\/\/doktorvolt.pl\/wp-content\/uploads\/2023\/10\/DoktorVOLT-black-png.png\",\"contentUrl\":\"https:\/\/doktorvolt.pl\/wp-content\/uploads\/2023\/10\/DoktorVOLT-black-png.png\",\"width\":729,\"height\":40,\"caption\":\"DOKTORVOLT\u00ae\"},\"image\":{\"@id\":\"https:\/\/doktorvolt.pl\/de\/#\/schema\/logo\/image\/\"}}]}<\/script>\n<!-- \/ Yoast SEO plugin. -->","yoast_head_json":{"title":"Przed\u0142u\u017cacz 10m kempingowy 16A\/3P IP44 230V H07RN-F 3x1,5 Doktorvolt\u00ae 2667 - DOKTORVOLT\u00ae","robots":{"index":"index","follow":"follow","max-snippet":"max-snippet:-1","max-image-preview":"max-image-preview:large","max-video-preview":"max-video-preview:-1"},"canonical":"https:\/\/doktorvolt.pl\/oferta-doktorvolt\/przedluzacze\/przedluzacze-kempingowe\/przedluzacz-10m-kempingowy-16a-3p-ip44-230v-h07rn-f-3x15-doktorvolt-2667\/","og_locale":"en_US","og_type":"article","og_title":"Przed\u0142u\u017cacz 10m kempingowy 16A\/3P IP44 230V H07RN-F 3x1,5 Doktorvolt\u00ae 2667 - DOKTORVOLT\u00ae","og_description":"Przed\u0142u\u017cacz 10m 16A\/3P kampingowy kabel przed\u0142u\u017caj\u0105cy IP44 230V H07RN-F 3x1,5 gniazda MENNEKES","og_url":"https:\/\/doktorvolt.pl\/oferta-doktorvolt\/przedluzacze\/przedluzacze-kempingowe\/przedluzacz-10m-kempingowy-16a-3p-ip44-230v-h07rn-f-3x15-doktorvolt-2667\/","og_site_name":"DOKTORVOLT\u00ae","og_image":[{"width":1600,"height":1600,"url":"https:\/\/doktorvolt.pl\/wp-content\/uploads\/2026\/02\/pol_pl_13671-13671_1.jpg","type":"image\/jpeg"}],"twitter_card":"summary_large_image","twitter_misc":{"Est. reading time":"1 minute"},"schema":{"@context":"https:\/\/schema.org","@graph":[{"@type":"WebPage","@id":"https:\/\/doktorvolt.pl\/oferta-doktorvolt\/przedluzacze\/przedluzacze-kempingowe\/przedluzacz-10m-kempingowy-16a-3p-ip44-230v-h07rn-f-3x15-doktorvolt-2667\/","url":"https:\/\/doktorvolt.pl\/oferta-doktorvolt\/przedluzacze\/przedluzacze-kempingowe\/przedluzacz-10m-kempingowy-16a-3p-ip44-230v-h07rn-f-3x15-doktorvolt-2667\/","name":"Przed\u0142u\u017cacz 10m kempingowy 16A\/3P IP44 230V H07RN-F 3x1,5 Doktorvolt\u00ae 2667 - DOKTORVOLT\u00ae","isPartOf":{"@id":"https:\/\/doktorvolt.pl\/de\/#website"},"primaryImageOfPage":{"@id":"https:\/\/doktorvolt.pl\/oferta-doktorvolt\/przedluzacze\/przedluzacze-kempingowe\/przedluzacz-10m-kempingowy-16a-3p-ip44-230v-h07rn-f-3x15-doktorvolt-2667\/#primaryimage"},"image":{"@id":"https:\/\/doktorvolt.pl\/oferta-doktorvolt\/przedluzacze\/przedluzacze-kempingowe\/przedluzacz-10m-kempingowy-16a-3p-ip44-230v-h07rn-f-3x15-doktorvolt-2667\/#primaryimage"},"thumbnailUrl":"https:\/\/doktorvolt.pl\/wp-content\/uploads\/2026\/02\/pol_pl_13671-13671_1.jpg","datePublished":"2026-02-23T13:36:22+00:00","breadcrumb":{"@id":"https:\/\/doktorvolt.pl\/oferta-doktorvolt\/przedluzacze\/przedluzacze-kempingowe\/przedluzacz-10m-kempingowy-16a-3p-ip44-230v-h07rn-f-3x15-doktorvolt-2667\/#breadcrumb"},"inLanguage":"en-US","potentialAction":[{"@type":"ReadAction","target":["https:\/\/doktorvolt.pl\/oferta-doktorvolt\/przedluzacze\/przedluzacze-kempingowe\/przedluzacz-10m-kempingowy-16a-3p-ip44-230v-h07rn-f-3x15-doktorvolt-2667\/"]}]},{"@type":"ImageObject","inLanguage":"en-US","@id":"https:\/\/doktorvolt.pl\/oferta-doktorvolt\/przedluzacze\/przedluzacze-kempingowe\/przedluzacz-10m-kempingowy-16a-3p-ip44-230v-h07rn-f-3x15-doktorvolt-2667\/#primaryimage","url":"https:\/\/doktorvolt.pl\/wp-content\/uploads\/2026\/02\/pol_pl_13671-13671_1.jpg","contentUrl":"https:\/\/doktorvolt.pl\/wp-content\/uploads\/2026\/02\/pol_pl_13671-13671_1.jpg","width":1600,"height":1600},{"@type":"BreadcrumbList","@id":"https:\/\/doktorvolt.pl\/oferta-doktorvolt\/przedluzacze\/przedluzacze-kempingowe\/przedluzacz-10m-kempingowy-16a-3p-ip44-230v-h07rn-f-3x15-doktorvolt-2667\/#breadcrumb","itemListElement":[{"@type":"ListItem","position":1,"name":"Strona g\u0142\u00f3wna","item":"https:\/\/doktorvolt.pl\/en\/"},{"@type":"ListItem","position":2,"name":"Offer Doktorvolt","item":"https:\/\/doktorvolt.pl\/en\/offer-doktorvolt\/"},{"@type":"ListItem","position":3,"name":"Przed\u0142u\u017cacz 10m kempingowy 16A\/3P IP44 230V H07RN-F 3&#215;1,5 Doktorvolt\u00ae 2667"}]},{"@type":"WebSite","@id":"https:\/\/doktorvolt.pl\/de\/#website","url":"https:\/\/doktorvolt.pl\/de\/","name":"DOKTORVOLT\u00ae","description":"Producent rozdzielnic budowlanych","publisher":{"@id":"https:\/\/doktorvolt.pl\/de\/#organization"},"potentialAction":[{"@type":"SearchAction","target":{"@type":"EntryPoint","urlTemplate":"https:\/\/doktorvolt.pl\/de\/?s={search_term_string}"},"query-input":{"@type":"PropertyValueSpecification","valueRequired":true,"valueName":"search_term_string"}}],"inLanguage":"en-US"},{"@type":"Organization","@id":"https:\/\/doktorvolt.pl\/de\/#organization","name":"DOKTORVOLT\u00ae","url":"https:\/\/doktorvolt.pl\/de\/","logo":{"@type":"ImageObject","inLanguage":"en-US","@id":"https:\/\/doktorvolt.pl\/de\/#\/schema\/logo\/image\/","url":"https:\/\/doktorvolt.pl\/wp-content\/uploads\/2023\/10\/DoktorVOLT-black-png.png","contentUrl":"https:\/\/doktorvolt.pl\/wp-content\/uploads\/2023\/10\/DoktorVOLT-black-png.png","width":729,"height":40,"caption":"DOKTORVOLT\u00ae"},"image":{"@id":"https:\/\/doktorvolt.pl\/de\/#\/schema\/logo\/image\/"}}]}},"_links":{"self":[{"href":"https:\/\/doktorvolt.pl\/en\/wp-json\/wp\/v2\/product\/110895","targetHints":{"allow":["GET"]}}],"collection":[{"href":"https:\/\/doktorvolt.pl\/en\/wp-json\/wp\/v2\/product"}],"about":[{"href":"https:\/\/doktorvolt.pl\/en\/wp-json\/wp\/v2\/types\/product"}],"wp:featuredmedia":[{"embeddable":true,"href":"https:\/\/doktorvolt.pl\/en\/wp-json\/wp\/v2\/media\/102827"}],"wp:attachment":[{"href":"https:\/\/doktorvolt.pl\/en\/wp-json\/wp\/v2\/media?parent=110895"}],"wp:term":[{"taxonomy":"product_brand","embeddable":true,"href":"https:\/\/doktorvolt.pl\/en\/wp-json\/wp\/v2\/product_brand?post=110895"},{"taxonomy":"product_cat","embeddable":true,"href":"https:\/\/doktorvolt.pl\/en\/wp-json\/wp\/v2\/product_cat?post=110895"},{"taxonomy":"product_tag","embeddable":true,"href":"https:\/\/doktorvolt.pl\/en\/wp-json\/wp\/v2\/product_tag?post=110895"}],"curies":[{"name":"wp","href":"https:\/\/api.w.org\/{rel}","templated":true}]}}