{"id":110899,"date":"2026-02-23T15:35:55","date_gmt":"2026-02-23T13:35:55","guid":{"rendered":"https:\/\/doktorvolt.pl\/sklep\/uncategorized\/przedluzacz-zabezpieczajacy-16a-c16-5p-doktorvolt-2520\/"},"modified":"2026-02-23T15:35:55","modified_gmt":"2026-02-23T13:35:55","slug":"przedluzacz-zabezpieczajacy-16a-c16-5p-doktorvolt-2520","status":"publish","type":"product","link":"https:\/\/doktorvolt.pl\/en\/oferta-doktorvolt\/extension-cords\/protected-extension-cords\/przedluzacz-zabezpieczajacy-16a-c16-5p-doktorvolt-2520\/","title":{"rendered":"Przed\u0142u\u017cacz zabezpieczaj\u0105cy 16A C16 5P Doktorvolt 2520"},"content":{"rendered":"<p><!-- aukcja by Ela --><\/p>\n<h1 style=\"text-align:center;\"><span style=\"color:#000000;\">Przed\u0142u\u017cacz 16A z zabezpieczeniem nadpr\u0105dowym C16<\/span><\/h1>\n<\/p>\n<p style=\"text-align:center;\"><span style=\"font-family:verdana, geneva;color:#000000;\"><span style=\"font-size:16px;\">Si\u0142owy adapter zabezpieczaj\u0105cy, wyposa\u017cony w wy\u0142\u0105cznik nadpr\u0105dowy o charakterystyce C. Wykonany jest z wysokiej jako\u015bci komponent\u00f3w.\u00a0Wy\u0142\u0105cznik C16 schowany jest w hermetycznej, 4-modu\u0142owej obudowie o stopniu ochrony IP65. Gniazdo i wtyczka marki Mennekes gwarantuj\u0105 niezawodno\u015b\u0107 pracy.<\/span><\/span><\/p>\n<p style=\"text-align:center;\">\n<table class=\"center\" style=\"background-color:#f5f5f5;margin-left:auto;margin-right:auto;width:577px;height:464px;border:1px solid #ffffff;\" align=\"center\">\n<tbody>\n<tr>\n<td style=\"text-align:right;padding:15px;height:25px;\" valign=\"middle\" align=\"right\"><span style=\"font-size:12pt;color:#000000;\"><span style=\"font-family:verdana, geneva;\"><span style=\"font-size:12pt;\"><span style=\"font-family:verdana, geneva;\">d\u0142ugo\u015b\u0107 ca\u0142kowita<\/span><\/span><\/span><\/span><\/td>\n<td style=\"background-color:#ffffff;text-align:center;\"><span style=\"font-family:verdana, geneva;color:#000000;\"><span style=\"font-size:16px;\">oko\u0142o 110cm<\/span><\/span><\/td>\n<\/tr>\n<tr>\n<td style=\"text-align:right;padding:15px;height:25px;\" valign=\"middle\" align=\"right\"><span style=\"font-family:verdana, geneva;color:#000000;\"><span style=\"font-size:16px;\">rodzaj wtyczki<\/span><\/span><\/td>\n<td style=\"background-color:#ffffff;text-align:center;width:200px;\"><span style=\"font-family:verdana, geneva;font-size:12pt;color:#000000;\">2-cz\u0119\u015bciowa ProTop 16A\/5P (3P+N+PE) 6h 400V IP44 Typ 13A Mennekes<\/span><\/td>\n<\/tr>\n<tr>\n<td style=\"text-align:right;padding:15px;height:25px;\" valign=\"middle\" align=\"right\"><span style=\"font-family:verdana, geneva;color:#000000;\"><span style=\"font-size:16px;\">rodzaj gniazda<\/span><\/span><\/td>\n<td style=\"background-color:#ffffff;text-align:center;width:200px;\"><span style=\"font-family:verdana, geneva;font-size:12pt;color:#000000;\">\u00a02-cz\u0119\u015bciowe ProTop 16A\/5P (3P+N+PE) 400V IP44 Typ 15A Mennekes<\/span><\/td>\n<\/tr>\n<tr>\n<td style=\"text-align:right;padding:15px;height:25px;\" valign=\"middle\" align=\"right\"><span style=\"font-size:12pt;color:#000000;\"><span style=\"font-family:verdana, geneva;\">pr\u0105d znamionowy<br \/><\/span><\/span><\/td>\n<td style=\"background-color:#ffffff;text-align:center;width:200px;\">\n<p><span style=\"font-family:verdana, geneva;font-size:12pt;color:#000000;\">16A<\/span><\/p>\n<\/td>\n<\/tr>\n<tr>\n<td style=\"text-align:right;padding:15px;height:25px;\" valign=\"middle\" align=\"right\"><span style=\"font-size:12pt;color:#000000;\"><span style=\"font-family:verdana, geneva;\">napi\u0119cie znamionowe<\/span><\/span><\/td>\n<td style=\"background-color:#ffffff;text-align:center;width:200px;\">\n<p><span style=\"font-family:verdana, geneva;color:#000000;\"><span style=\"font-size:16px;\">400V<\/span><\/span><\/p>\n<\/td>\n<\/tr>\n<tr>\n<td style=\"text-align:right;padding:15px;height:25px;\" valign=\"middle\" align=\"right\"><span style=\"font-family:verdana, geneva;color:#000000;\"><span style=\"font-size:16px;\">przekr\u00f3j kabla<\/span><\/span><\/td>\n<td style=\"background-color:#ffffff;text-align:center;width:200px;\">\n<p><span style=\"font-family:verdana, geneva;font-size:12pt;color:#000000;\">5\u00d72,5mm2<\/span><\/p>\n<\/td>\n<\/tr>\n<tr>\n<td style=\"text-align:right;padding:15px;height:25px;\" valign=\"middle\" align=\"right\"><span style=\"font-size:12pt;color:#000000;\"><span style=\"font-family:verdana, geneva;\">typ kabla<\/span><\/span><\/td>\n<td style=\"background-color:#ffffff;text-align:center;width:200px;\">\n<p><span style=\"font-family:verdana, geneva;font-size:12pt;color:#000000;\">H07RN-F<\/span><\/p>\n<p><span style=\"font-family:verdana, geneva;font-size:12pt;color:#000000;\">(gumowy OnPD, olejoodporny, \u015brednie obci\u0105\u017cenia mechaniczne)<\/span><\/p>\n<\/td>\n<\/tr>\n<tr>\n<td style=\"text-align:right;padding:15px;height:25px;\" valign=\"middle\" align=\"right\"><span style=\"font-size:12pt;color:#000000;\"><span style=\"font-family:verdana, geneva;\">klasa szczelno\u015bci obudowy<\/span><\/span><\/td>\n<td style=\"background-color:#ffffff;text-align:center;width:200px;\">\n<p><span style=\"font-family:verdana, geneva;color:#000000;\"><span style=\"font-size:16px;\">IP65<\/span><\/span><\/p>\n<\/td>\n<\/tr>\n<tr>\n<td style=\"text-align:right;padding:15px;height:25px;\" valign=\"middle\" align=\"right\"><span style=\"font-size:12pt;color:#000000;\"><span style=\"font-family:verdana, geneva;\">klasa szczelno\u015bci przed\u0142u\u017cacza<\/span><\/span><\/td>\n<td style=\"background-color:#ffffff;text-align:center;width:200px;\">\n<p><span style=\"font-family:verdana, geneva;color:#000000;\"><span style=\"font-size:16px;\">IP44<\/span><\/span><\/p>\n<\/td>\n<\/tr>\n<tr>\n<td style=\"text-align:right;padding:15px;height:25px;\" valign=\"middle\" align=\"right\"><span style=\"font-size:12pt;color:#000000;\"><span style=\"font-family:verdana, geneva;\">zabezpieczenie nadpr\u0105dowe<\/span><\/span><\/td>\n<td style=\"background-color:#ffffff;text-align:center;width:200px;\">\n<p><span style=\"font-family:verdana, geneva;font-size:12pt;color:#000000;\">wy\u0142\u0105cznik nadpr\u0105dowy Doktorvolt C16A 10kA 3P<\/span><\/p>\n<\/td>\n<\/tr>\n<tr>\n<td style=\"text-align:right;padding:15px;height:25px;\" valign=\"middle\" align=\"right\"><span style=\"font-size:12pt;color:#000000;\"><span style=\"font-family:verdana, geneva;\">listwa zaciskowa N<\/span><\/span><\/td>\n<td style=\"background-color:#ffffff;text-align:center;width:200px;\">\n<p><span style=\"font-family:verdana, geneva;font-size:12pt;color:#000000;\">przelotowa rz\u0119dowa <span>Weidm\u00fcller\u00a0<\/span>WDU 2.5 BL 2.5 mm\u00b2<\/span><\/p>\n<\/td>\n<\/tr>\n<tr>\n<td style=\"text-align:right;padding:15px;height:25px;\" valign=\"middle\" align=\"right\"><span style=\"font-size:12pt;color:#000000;\"><span style=\"font-family:verdana, geneva;\">listwa zaciskowa PE<br \/><\/span><\/span><\/td>\n<td style=\"background-color:#ffffff;text-align:center;width:200px;\"><span style=\"font-family:verdana, geneva;font-size:12pt;color:#000000;\">przelotowa rz\u0119dowa <span>Weidm\u00fcller\u00a0<\/span>WPE 2.5 2.5mm2<\/span><\/td>\n<\/tr>\n<tr>\n<td style=\"text-align:right;padding:15px;height:25px;\" valign=\"middle\" align=\"right\"><span style=\"font-size:12pt;color:#000000;\"><span style=\"font-family:verdana, geneva;\">waga<\/span><\/span><\/td>\n<td style=\"background-color:#ffffff;text-align:center;width:200px;\"><span style=\"font-family:verdana, geneva;font-size:12pt;color:#000000;\">1.3kg<\/span><\/td>\n<\/tr>\n<tr>\n<td style=\"text-align:right;padding:15px;height:25px;\" valign=\"middle\" align=\"right\"><span style=\"font-size:12pt;color:#000000;\"><span style=\"font-family:verdana, geneva;\"><span style=\"font-size:12pt;\"><span style=\"font-family:verdana, geneva;\">indeks<\/span><\/span>\u00a0\u00a0<br \/><\/span><\/span><\/td>\n<td style=\"background-color:#ffffff;text-align:center;width:200px;\"><span style=\"font-family:verdana, geneva;font-size:12pt;color:#000000;\"><span style=\"font-family:verdana, geneva;font-size:12pt;\">DV-2520-AZ-16A<\/span><br \/><\/span><\/td>\n<\/tr>\n<tr>\n<td style=\"text-align:right;padding:15px;height:25px;\" valign=\"middle\" align=\"right\"><span style=\"font-size:12pt;color:#000000;\"><span style=\"font-family:verdana, geneva;\">oznaczenie producenta<\/span><\/span><\/td>\n<td style=\"background-color:#ffffff;text-align:center;\"><span style=\"font-family:verdana, geneva;color:#000000;\"><span style=\"font-size:16px;\">Doktorvolt<\/span><\/span><\/td>\n<\/tr>\n<tr>\n<td style=\"text-align:right;padding:15px;height:25px;\" valign=\"middle\" align=\"right\"><span style=\"font-size:12pt;color:#000000;\"><span style=\"font-family:verdana, geneva;\">kod EAN<\/span><\/span><\/td>\n<td style=\"background-color:#ffffff;text-align:center;\"><span style=\"font-family:verdana, geneva;font-size:12pt;color:#000000;\"><span class=\"series\">5907589332520<\/span><\/span><\/td>\n<\/tr>\n<\/tbody>\n<\/table>\n<p><span style=\"font-size:12pt;\">\u00a0<\/span><\/p>\n","protected":false},"excerpt":{"rendered":"<p>Przed\u0142u\u017cacz zabezpieczaj\u0105cy 16A C16 5P Doktorvolt 2520<\/p>\n","protected":false},"featured_media":102782,"template":"","meta":[],"product_brand":[],"product_cat":[5246],"product_tag":[],"class_list":{"0":"post-110899","1":"product","2":"type-product","3":"status-publish","4":"has-post-thumbnail","6":"product_cat-protected-extension-cords","7":"pa_cee-liczba-biegunow-modulow-5p","8":"pa_napiecie-cee-400v","9":"pa_natezenie-pradu-cee-16a","10":"pa_zabezpieczenie-wylacznik-nadpradowy","12":"first","13":"instock","14":"shipping-taxable","15":"product-type-external"},"yoast_head":"<!-- This site is optimized with the Yoast SEO plugin v27.0 - https:\/\/yoast.com\/product\/yoast-seo-wordpress\/ -->\n<title>Przed\u0142u\u017cacz zabezpieczaj\u0105cy 16A C16 5P Doktorvolt 2520 - DOKTORVOLT\u00ae<\/title>\n<meta name=\"robots\" content=\"index, follow, max-snippet:-1, max-image-preview:large, max-video-preview:-1\" \/>\n<link rel=\"canonical\" href=\"https:\/\/doktorvolt.pl\/en\/oferta-doktorvolt\/extension-cords\/protected-extension-cords\/przedluzacz-zabezpieczajacy-16a-c16-5p-doktorvolt-2520\/\" \/>\n<meta property=\"og:locale\" content=\"en_US\" \/>\n<meta property=\"og:type\" content=\"article\" \/>\n<meta property=\"og:title\" content=\"Przed\u0142u\u017cacz zabezpieczaj\u0105cy 16A C16 5P Doktorvolt 2520 - DOKTORVOLT\u00ae\" \/>\n<meta property=\"og:description\" content=\"Przed\u0142u\u017cacz zabezpieczaj\u0105cy 16A C16 5P Doktorvolt 2520\" \/>\n<meta property=\"og:url\" content=\"https:\/\/doktorvolt.pl\/en\/oferta-doktorvolt\/extension-cords\/protected-extension-cords\/przedluzacz-zabezpieczajacy-16a-c16-5p-doktorvolt-2520\/\" \/>\n<meta property=\"og:site_name\" content=\"DOKTORVOLT\u00ae\" \/>\n<meta property=\"og:image\" content=\"https:\/\/doktorvolt.pl\/wp-content\/uploads\/2026\/02\/pol_pl_Przedluzacz-zabezpieczajacy-16A-C16-5P-Doktorvolt-2520-13643_1.jpg\" \/>\n\t<meta property=\"og:image:width\" content=\"1600\" \/>\n\t<meta property=\"og:image:height\" content=\"1600\" \/>\n\t<meta property=\"og:image:type\" content=\"image\/jpeg\" \/>\n<meta name=\"twitter:card\" content=\"summary_large_image\" \/>\n<meta name=\"twitter:label1\" content=\"Est. reading time\" \/>\n\t<meta name=\"twitter:data1\" content=\"1 minute\" \/>\n<script type=\"application\/ld+json\" class=\"yoast-schema-graph\">{\"@context\":\"https:\/\/schema.org\",\"@graph\":[{\"@type\":\"WebPage\",\"@id\":\"https:\/\/doktorvolt.pl\/en\/oferta-doktorvolt\/extension-cords\/protected-extension-cords\/przedluzacz-zabezpieczajacy-16a-c16-5p-doktorvolt-2520\/\",\"url\":\"https:\/\/doktorvolt.pl\/en\/oferta-doktorvolt\/extension-cords\/protected-extension-cords\/przedluzacz-zabezpieczajacy-16a-c16-5p-doktorvolt-2520\/\",\"name\":\"Przed\u0142u\u017cacz zabezpieczaj\u0105cy 16A C16 5P Doktorvolt 2520 - DOKTORVOLT\u00ae\",\"isPartOf\":{\"@id\":\"https:\/\/doktorvolt.pl\/de\/#website\"},\"primaryImageOfPage\":{\"@id\":\"https:\/\/doktorvolt.pl\/en\/oferta-doktorvolt\/extension-cords\/protected-extension-cords\/przedluzacz-zabezpieczajacy-16a-c16-5p-doktorvolt-2520\/#primaryimage\"},\"image\":{\"@id\":\"https:\/\/doktorvolt.pl\/en\/oferta-doktorvolt\/extension-cords\/protected-extension-cords\/przedluzacz-zabezpieczajacy-16a-c16-5p-doktorvolt-2520\/#primaryimage\"},\"thumbnailUrl\":\"https:\/\/doktorvolt.pl\/wp-content\/uploads\/2026\/02\/pol_pl_Przedluzacz-zabezpieczajacy-16A-C16-5P-Doktorvolt-2520-13643_1.jpg\",\"datePublished\":\"2026-02-23T13:35:55+00:00\",\"breadcrumb\":{\"@id\":\"https:\/\/doktorvolt.pl\/en\/oferta-doktorvolt\/extension-cords\/protected-extension-cords\/przedluzacz-zabezpieczajacy-16a-c16-5p-doktorvolt-2520\/#breadcrumb\"},\"inLanguage\":\"en-US\",\"potentialAction\":[{\"@type\":\"ReadAction\",\"target\":[\"https:\/\/doktorvolt.pl\/en\/oferta-doktorvolt\/extension-cords\/protected-extension-cords\/przedluzacz-zabezpieczajacy-16a-c16-5p-doktorvolt-2520\/\"]}]},{\"@type\":\"ImageObject\",\"inLanguage\":\"en-US\",\"@id\":\"https:\/\/doktorvolt.pl\/en\/oferta-doktorvolt\/extension-cords\/protected-extension-cords\/przedluzacz-zabezpieczajacy-16a-c16-5p-doktorvolt-2520\/#primaryimage\",\"url\":\"https:\/\/doktorvolt.pl\/wp-content\/uploads\/2026\/02\/pol_pl_Przedluzacz-zabezpieczajacy-16A-C16-5P-Doktorvolt-2520-13643_1.jpg\",\"contentUrl\":\"https:\/\/doktorvolt.pl\/wp-content\/uploads\/2026\/02\/pol_pl_Przedluzacz-zabezpieczajacy-16A-C16-5P-Doktorvolt-2520-13643_1.jpg\",\"width\":1600,\"height\":1600},{\"@type\":\"BreadcrumbList\",\"@id\":\"https:\/\/doktorvolt.pl\/en\/oferta-doktorvolt\/extension-cords\/protected-extension-cords\/przedluzacz-zabezpieczajacy-16a-c16-5p-doktorvolt-2520\/#breadcrumb\",\"itemListElement\":[{\"@type\":\"ListItem\",\"position\":1,\"name\":\"Strona g\u0142\u00f3wna\",\"item\":\"https:\/\/doktorvolt.pl\/en\/\"},{\"@type\":\"ListItem\",\"position\":2,\"name\":\"Offer Doktorvolt\",\"item\":\"https:\/\/doktorvolt.pl\/en\/offer-doktorvolt\/\"},{\"@type\":\"ListItem\",\"position\":3,\"name\":\"Przed\u0142u\u017cacz zabezpieczaj\u0105cy 16A C16 5P Doktorvolt 2520\"}]},{\"@type\":\"WebSite\",\"@id\":\"https:\/\/doktorvolt.pl\/de\/#website\",\"url\":\"https:\/\/doktorvolt.pl\/de\/\",\"name\":\"DOKTORVOLT\u00ae\",\"description\":\"Producent rozdzielnic budowlanych\",\"publisher\":{\"@id\":\"https:\/\/doktorvolt.pl\/de\/#organization\"},\"potentialAction\":[{\"@type\":\"SearchAction\",\"target\":{\"@type\":\"EntryPoint\",\"urlTemplate\":\"https:\/\/doktorvolt.pl\/de\/?s={search_term_string}\"},\"query-input\":{\"@type\":\"PropertyValueSpecification\",\"valueRequired\":true,\"valueName\":\"search_term_string\"}}],\"inLanguage\":\"en-US\"},{\"@type\":\"Organization\",\"@id\":\"https:\/\/doktorvolt.pl\/de\/#organization\",\"name\":\"DOKTORVOLT\u00ae\",\"url\":\"https:\/\/doktorvolt.pl\/de\/\",\"logo\":{\"@type\":\"ImageObject\",\"inLanguage\":\"en-US\",\"@id\":\"https:\/\/doktorvolt.pl\/de\/#\/schema\/logo\/image\/\",\"url\":\"https:\/\/doktorvolt.pl\/wp-content\/uploads\/2023\/10\/DoktorVOLT-black-png.png\",\"contentUrl\":\"https:\/\/doktorvolt.pl\/wp-content\/uploads\/2023\/10\/DoktorVOLT-black-png.png\",\"width\":729,\"height\":40,\"caption\":\"DOKTORVOLT\u00ae\"},\"image\":{\"@id\":\"https:\/\/doktorvolt.pl\/de\/#\/schema\/logo\/image\/\"}}]}<\/script>\n<!-- \/ Yoast SEO plugin. -->","yoast_head_json":{"title":"Przed\u0142u\u017cacz zabezpieczaj\u0105cy 16A C16 5P Doktorvolt 2520 - DOKTORVOLT\u00ae","robots":{"index":"index","follow":"follow","max-snippet":"max-snippet:-1","max-image-preview":"max-image-preview:large","max-video-preview":"max-video-preview:-1"},"canonical":"https:\/\/doktorvolt.pl\/en\/oferta-doktorvolt\/extension-cords\/protected-extension-cords\/przedluzacz-zabezpieczajacy-16a-c16-5p-doktorvolt-2520\/","og_locale":"en_US","og_type":"article","og_title":"Przed\u0142u\u017cacz zabezpieczaj\u0105cy 16A C16 5P Doktorvolt 2520 - DOKTORVOLT\u00ae","og_description":"Przed\u0142u\u017cacz zabezpieczaj\u0105cy 16A C16 5P Doktorvolt 2520","og_url":"https:\/\/doktorvolt.pl\/en\/oferta-doktorvolt\/extension-cords\/protected-extension-cords\/przedluzacz-zabezpieczajacy-16a-c16-5p-doktorvolt-2520\/","og_site_name":"DOKTORVOLT\u00ae","og_image":[{"width":1600,"height":1600,"url":"https:\/\/doktorvolt.pl\/wp-content\/uploads\/2026\/02\/pol_pl_Przedluzacz-zabezpieczajacy-16A-C16-5P-Doktorvolt-2520-13643_1.jpg","type":"image\/jpeg"}],"twitter_card":"summary_large_image","twitter_misc":{"Est. reading time":"1 minute"},"schema":{"@context":"https:\/\/schema.org","@graph":[{"@type":"WebPage","@id":"https:\/\/doktorvolt.pl\/en\/oferta-doktorvolt\/extension-cords\/protected-extension-cords\/przedluzacz-zabezpieczajacy-16a-c16-5p-doktorvolt-2520\/","url":"https:\/\/doktorvolt.pl\/en\/oferta-doktorvolt\/extension-cords\/protected-extension-cords\/przedluzacz-zabezpieczajacy-16a-c16-5p-doktorvolt-2520\/","name":"Przed\u0142u\u017cacz zabezpieczaj\u0105cy 16A C16 5P Doktorvolt 2520 - DOKTORVOLT\u00ae","isPartOf":{"@id":"https:\/\/doktorvolt.pl\/de\/#website"},"primaryImageOfPage":{"@id":"https:\/\/doktorvolt.pl\/en\/oferta-doktorvolt\/extension-cords\/protected-extension-cords\/przedluzacz-zabezpieczajacy-16a-c16-5p-doktorvolt-2520\/#primaryimage"},"image":{"@id":"https:\/\/doktorvolt.pl\/en\/oferta-doktorvolt\/extension-cords\/protected-extension-cords\/przedluzacz-zabezpieczajacy-16a-c16-5p-doktorvolt-2520\/#primaryimage"},"thumbnailUrl":"https:\/\/doktorvolt.pl\/wp-content\/uploads\/2026\/02\/pol_pl_Przedluzacz-zabezpieczajacy-16A-C16-5P-Doktorvolt-2520-13643_1.jpg","datePublished":"2026-02-23T13:35:55+00:00","breadcrumb":{"@id":"https:\/\/doktorvolt.pl\/en\/oferta-doktorvolt\/extension-cords\/protected-extension-cords\/przedluzacz-zabezpieczajacy-16a-c16-5p-doktorvolt-2520\/#breadcrumb"},"inLanguage":"en-US","potentialAction":[{"@type":"ReadAction","target":["https:\/\/doktorvolt.pl\/en\/oferta-doktorvolt\/extension-cords\/protected-extension-cords\/przedluzacz-zabezpieczajacy-16a-c16-5p-doktorvolt-2520\/"]}]},{"@type":"ImageObject","inLanguage":"en-US","@id":"https:\/\/doktorvolt.pl\/en\/oferta-doktorvolt\/extension-cords\/protected-extension-cords\/przedluzacz-zabezpieczajacy-16a-c16-5p-doktorvolt-2520\/#primaryimage","url":"https:\/\/doktorvolt.pl\/wp-content\/uploads\/2026\/02\/pol_pl_Przedluzacz-zabezpieczajacy-16A-C16-5P-Doktorvolt-2520-13643_1.jpg","contentUrl":"https:\/\/doktorvolt.pl\/wp-content\/uploads\/2026\/02\/pol_pl_Przedluzacz-zabezpieczajacy-16A-C16-5P-Doktorvolt-2520-13643_1.jpg","width":1600,"height":1600},{"@type":"BreadcrumbList","@id":"https:\/\/doktorvolt.pl\/en\/oferta-doktorvolt\/extension-cords\/protected-extension-cords\/przedluzacz-zabezpieczajacy-16a-c16-5p-doktorvolt-2520\/#breadcrumb","itemListElement":[{"@type":"ListItem","position":1,"name":"Strona g\u0142\u00f3wna","item":"https:\/\/doktorvolt.pl\/en\/"},{"@type":"ListItem","position":2,"name":"Offer Doktorvolt","item":"https:\/\/doktorvolt.pl\/en\/offer-doktorvolt\/"},{"@type":"ListItem","position":3,"name":"Przed\u0142u\u017cacz zabezpieczaj\u0105cy 16A C16 5P Doktorvolt 2520"}]},{"@type":"WebSite","@id":"https:\/\/doktorvolt.pl\/de\/#website","url":"https:\/\/doktorvolt.pl\/de\/","name":"DOKTORVOLT\u00ae","description":"Producent rozdzielnic budowlanych","publisher":{"@id":"https:\/\/doktorvolt.pl\/de\/#organization"},"potentialAction":[{"@type":"SearchAction","target":{"@type":"EntryPoint","urlTemplate":"https:\/\/doktorvolt.pl\/de\/?s={search_term_string}"},"query-input":{"@type":"PropertyValueSpecification","valueRequired":true,"valueName":"search_term_string"}}],"inLanguage":"en-US"},{"@type":"Organization","@id":"https:\/\/doktorvolt.pl\/de\/#organization","name":"DOKTORVOLT\u00ae","url":"https:\/\/doktorvolt.pl\/de\/","logo":{"@type":"ImageObject","inLanguage":"en-US","@id":"https:\/\/doktorvolt.pl\/de\/#\/schema\/logo\/image\/","url":"https:\/\/doktorvolt.pl\/wp-content\/uploads\/2023\/10\/DoktorVOLT-black-png.png","contentUrl":"https:\/\/doktorvolt.pl\/wp-content\/uploads\/2023\/10\/DoktorVOLT-black-png.png","width":729,"height":40,"caption":"DOKTORVOLT\u00ae"},"image":{"@id":"https:\/\/doktorvolt.pl\/de\/#\/schema\/logo\/image\/"}}]}},"_links":{"self":[{"href":"https:\/\/doktorvolt.pl\/en\/wp-json\/wp\/v2\/product\/110899","targetHints":{"allow":["GET"]}}],"collection":[{"href":"https:\/\/doktorvolt.pl\/en\/wp-json\/wp\/v2\/product"}],"about":[{"href":"https:\/\/doktorvolt.pl\/en\/wp-json\/wp\/v2\/types\/product"}],"wp:featuredmedia":[{"embeddable":true,"href":"https:\/\/doktorvolt.pl\/en\/wp-json\/wp\/v2\/media\/102782"}],"wp:attachment":[{"href":"https:\/\/doktorvolt.pl\/en\/wp-json\/wp\/v2\/media?parent=110899"}],"wp:term":[{"taxonomy":"product_brand","embeddable":true,"href":"https:\/\/doktorvolt.pl\/en\/wp-json\/wp\/v2\/product_brand?post=110899"},{"taxonomy":"product_cat","embeddable":true,"href":"https:\/\/doktorvolt.pl\/en\/wp-json\/wp\/v2\/product_cat?post=110899"},{"taxonomy":"product_tag","embeddable":true,"href":"https:\/\/doktorvolt.pl\/en\/wp-json\/wp\/v2\/product_tag?post=110899"}],"curies":[{"name":"wp","href":"https:\/\/api.w.org\/{rel}","templated":true}]}}