{"id":110901,"date":"2026-02-23T15:35:49","date_gmt":"2026-02-23T13:35:49","guid":{"rendered":"https:\/\/doktorvolt.pl\/sklep\/uncategorized\/przedluzacz-25m-budowlany-ip44-230-16a-h07rn-f-3x25-z-bezpiecznikiem-automatycznym-kablowym-prcd-s-doktorvolt-9580\/"},"modified":"2026-02-23T15:35:49","modified_gmt":"2026-02-23T13:35:49","slug":"przedluzacz-25m-budowlany-ip44-230-16a-h07rn-f-3x25-z-bezpiecznikiem-automatycznym-kablowym-prcd-s-doktorvolt-9580","status":"publish","type":"product","link":"https:\/\/doktorvolt.pl\/en\/oferta-doktorvolt\/extension-cords\/protected-extension-cords\/przedluzacz-25m-budowlany-ip44-230-16a-h07rn-f-3x25-z-bezpiecznikiem-automatycznym-kablowym-prcd-s-doktorvolt-9580\/","title":{"rendered":"Przed\u0142u\u017cacz 25m budowlany IP44 230\/16A H07RN-F 3&#215;2,5 z bezpiecznikiem automatycznym kablowym PRCD-S Doktorvolt\u00ae 9580"},"content":{"rendered":"<h1 style=\"text-align: center;\"><\/h1>\n<h1 style=\"text-align: center;\"><span style=\"font-size: 12pt; color: #000000;\"><span style=\"font-family: verdana, geneva;\">Przed\u0142u\u017cacz 25m budowlany IP44 230\/16A <\/span><\/span><\/h1>\n<h1 style=\"text-align: center;\"><span style=\"font-size: 12pt; color: #000000;\"><span style=\"font-family: verdana, geneva;\">H07RN-F 3 x 2,5 <\/span><\/span><\/h1>\n<h1 style=\"text-align: center;\"><span style=\"font-size: 12pt; color: #000000;\"><span style=\"font-family: verdana, geneva;\">z bezpiecznikiem automatycznym kablowym <\/span><\/span><\/h1>\n<h1 style=\"text-align: center;\"><span style=\"font-size: 12pt; color: #000000;\"><span style=\"font-family: verdana, geneva;\">PRCD-S+ PCE 967011355 <br \/><\/span><\/span><\/h1>\n<h1 style=\"text-align: center;\"><\/h1>\n<p style=\"text-align: center;\">\n<p style=\"text-align: center;\">\n<p style=\"text-align: center;\"><span style=\"font-size: 12pt; color: #000000;\"><span style=\"font-family: verdana, geneva;\">Przed\u0142u\u017cacz gumowy, do zastosowania w wymagaj\u0105cych warunkach. Idealny do zasilania urz\u0105dze\u0144 przeno\u015bnych. Kabel odporny na dzia\u0142anie olej\u00f3w.<\/span><\/span><\/p>\n<p style=\"text-align: center;\">\n<p style=\"text-align: center;\">\n<p style=\"text-align: center;\"><span style=\"font-size: 12pt; color: #000000;\"><span style=\"font-family: verdana, geneva;\">Wtyczka elektryczna PRCD-S+ pe\u0142ni funkcj\u0119 mobilnego wy\u0142\u0105cznika r\u00f3\u017cnicowopr\u0105dowego z prze\u0142\u0105cznikiem uniwersalnym. Do zastosowania do gniazd z nieznanymi \u015brodkami ochrony. Rodzaj wtyczki zasilacza &#8211; prze\u0142\u0105cznik po\u015bredni. Wersja wtyczki &#8211; prosta. Maksymalne obci\u0105\u017cenie &#8211; 16A. Napi\u0119cie znamionowe &#8211; 230V. Znamionowy pr\u0105d r\u00f3znicowy &#8211; 0.03A. Specyfikacja wtyczki &#8211; z PRCD-S+<\/span><\/span><\/p>\n<\/p>\n<\/p>\n<p style=\"text-align: center;\">\n<p style=\"text-align: center;\">\n<p style=\"text-align: justify;\">\n<table class=\"center\" style=\"background-color: #f5f5f5; margin-left: auto; margin-right: auto; width: 505px; height: 661px; border: 1px solid #ffffff;\" align=\"center\">\n<tbody>\n<tr>\n<td style=\"text-align: right; padding: 15px; height: 25px;\" valign=\"middle\" align=\"right\"><span style=\"font-size: 12pt; color: #000000;\"><span style=\"font-family: verdana, geneva;\">d\u0142ugo\u015b\u0107<\/span><span style=\"font-family: verdana, geneva;\"><br \/><\/span><\/span><\/td>\n<td style=\"background-color: #ffffff; text-align: center;\">\n<p><span style=\"font-family: verdana, geneva; font-size: 12pt; color: #000000;\">25m<\/span><\/p>\n<\/td>\n<\/tr>\n<tr>\n<td style=\"text-align: right; padding: 15px; height: 25px;\" valign=\"middle\" align=\"right\"><span style=\"font-size: 12pt; color: #000000;\"><span style=\"font-family: verdana, geneva;\">przekr\u00f3j kabla<\/span><\/span><\/td>\n<td style=\"background-color: #ffffff; text-align: center;\">\n<p><span style=\"font-family: verdana, geneva; font-size: 12pt; color: #000000;\">3&#215;2,5mm\u00b2<\/span><\/p>\n<\/td>\n<\/tr>\n<tr>\n<td style=\"text-align: right; padding: 15px; height: 25px;\" valign=\"middle\" align=\"right\"><span style=\"font-size: 12pt; color: #000000;\"><span style=\"font-family: verdana, geneva;\">typ kabla<br \/><\/span><\/span><\/td>\n<td style=\"background-color: #ffffff; text-align: center;\">\n<p><span style=\"font-family: verdana, geneva; font-size: 12pt; color: #000000;\">H07RN-F<\/span><\/p>\n<p><span style=\"font-family: verdana, geneva; font-size: 12pt; color: #000000;\">(gumowy OnPD, olejoodporny, \u015brednie obci\u0105\u017cenia mechaniczne)<br \/><\/span><\/p>\n<\/td>\n<\/tr>\n<tr>\n<td style=\"text-align: right; padding: 15px; height: 25px;\" valign=\"middle\" align=\"right\">\n<p><span style=\"font-size: 12pt; color: #000000;\"><span style=\"font-family: verdana, geneva;\"><span style=\"font-size: 12pt;\"><span style=\"font-family: verdana, geneva;\">gniazdo<\/span><\/span><\/span><\/span><\/p>\n<p><span style=\"font-size: 12pt; color: #000000;\"><span style=\"font-family: verdana, geneva;\"><span style=\"font-size: 12pt;\"><span style=\"font-family: verdana, geneva;\">wtyczka<\/span><\/span> <br \/><\/span><\/span><\/p>\n<p><span style=\"font-size: 12pt; color: #000000;\"><span style=\"font-family: verdana, geneva;\">bezpiecznik<\/span><\/span><\/p>\n<\/td>\n<td style=\"background-color: #ffffff; text-align: center; width: 200px;\">\n<p><span style=\"font-size: 12pt; font-family: verdana, geneva; color: #000000;\"><span style=\"font-size: 12pt;\">Wtyczka UniSchuko 16A 230V IP44 Typ BL 7373 BALS<br \/>Gniazdo przeno\u015bne 16A 230V IP54 Typ BL 7489 <br \/><\/span><\/span><\/p>\n<p><span style=\"font-size: 12pt; font-family: verdana, geneva; color: #000000;\"><span style=\"font-size: 12pt;\">Bezpiecznik automatyczny kablowy PRCD-S+ PCE 967011355 IP55<br \/><\/span><\/span><\/p>\n<p><span style=\"font-family: verdana, geneva; font-size: 12pt; color: #000000;\"><\/span><\/td>\n<\/tr>\n<tr>\n<td style=\"text-align: right; padding: 15px; height: 25px;\" valign=\"middle\" align=\"right\"><span style=\"font-size: 12pt; color: #000000;\"><span style=\"font-family: verdana, geneva;\"><span style=\"font-size: 12pt;\"><span style=\"font-family: verdana, geneva;\"><span style=\"font-size: 12pt;\"><span style=\"font-family: verdana, geneva;\"><span style=\"font-size: 12pt;\"><span style=\"font-family: verdana, geneva;\">klasa szczelno\u015bci<\/span><\/span><\/span><\/span><\/span><\/span><\/span><\/span><\/td>\n<td style=\"background-color: #ffffff; text-align: center;\">\n<p><span style=\"font-family: verdana, geneva; font-size: 12pt; color: #000000;\">IP44<\/span><\/p>\n<\/td>\n<\/tr>\n<tr>\n<td style=\"text-align: right; padding: 15px; height: 25px;\" valign=\"middle\" align=\"right\"><span style=\"font-size: 12pt; color: #000000;\"><span style=\"font-family: verdana, geneva;\"><span style=\"font-size: 12pt;\"><span style=\"font-family: verdana, geneva;\"><span style=\"font-size: 12pt;\"><span style=\"font-family: verdana, geneva;\"><span style=\"font-size: 12pt;\"><span style=\"font-family: verdana, geneva;\">producent<\/span><\/span><\/span><\/span><\/span><\/span><\/span><\/span><\/td>\n<td style=\"background-color: #ffffff; text-align: center;\">\n<p><span style=\"font-family: verdana, geneva; font-size: 12pt; color: #000000;\">Doktorvolt<br \/><\/span><\/p>\n<\/td>\n<\/tr>\n<tr>\n<td style=\"text-align: right; padding: 15px; height: 25px;\" valign=\"middle\" align=\"right\"><span style=\"font-size: 12pt; color: #000000;\"><span style=\"font-family: verdana, geneva;\">symbol<br \/><\/span><\/span><\/td>\n<td style=\"background-color: #ffffff; text-align: center;\">\n<p><span style=\"font-family: verdana, geneva; font-size: 12pt; color: #000000;\">DV-9580-D-230-FI<\/span><\/p>\n<\/td>\n<\/tr>\n<tr>\n<td style=\"text-align: right; padding: 15px; height: 25px;\" valign=\"middle\" align=\"right\"><span style=\"font-size: 12pt; color: #000000;\"><span style=\"font-family: verdana, geneva;\">EAN<br \/><\/span><\/span><\/td>\n<td style=\"background-color: #ffffff; text-align: center;\">\n<p><span style=\"font-family: verdana, geneva; font-size: 12pt; color: #000000;\">5903260279580<\/span><\/p>\n<\/td>\n<\/tr>\n<tr>\n<td style=\"text-align: right; padding: 15px; height: 25px;\" colspan=\"2\" valign=\"middle\" align=\"right\"><span style=\"font-size: 12pt; color: #000000;\"><span style=\"font-family: verdana, geneva;\">W zestawie z przed\u0142u\u017caczem opaska samoprzylepna \u2013 rzep do spinania kabla<\/span><\/span><\/td>\n<\/tr>\n<\/tbody>\n<\/table>\n<h1 class=\"western\" style=\"margin-top: 0cm; margin-bottom: 0cm; border: none; padding: 0cm; font-style: normal; font-weight: normal;\" align=\"center\"><\/h1>\n","protected":false},"excerpt":{"rendered":"<p>Przed\u0142u\u017cacz 25m budowlany IP44 230\/16A H07RN-F 3&#215;2,5 z bezpiecznikiem automatycznym kablowym PRCD-S Doktorvolt\u00ae<\/p>\n","protected":false},"featured_media":102772,"template":"","meta":[],"product_brand":[],"product_cat":[5246],"product_tag":[],"class_list":{"0":"post-110901","1":"product","2":"type-product","3":"status-publish","4":"has-post-thumbnail","6":"product_cat-protected-extension-cords","8":"first","9":"instock","10":"shipping-taxable","11":"product-type-external"},"yoast_head":"<!-- This site is optimized with the Yoast SEO plugin v27.0 - https:\/\/yoast.com\/product\/yoast-seo-wordpress\/ -->\n<title>Przed\u0142u\u017cacz 25m budowlany IP44 230\/16A H07RN-F 3x2,5 z bezpiecznikiem automatycznym kablowym PRCD-S Doktorvolt\u00ae 9580 - DOKTORVOLT\u00ae<\/title>\n<meta name=\"robots\" content=\"index, follow, max-snippet:-1, max-image-preview:large, max-video-preview:-1\" \/>\n<link rel=\"canonical\" href=\"https:\/\/doktorvolt.pl\/oferta-doktorvolt\/przedluzacze\/przedluzacze-zabezpieczone\/przedluzacz-25m-budowlany-ip44-230-16a-h07rn-f-3x25-z-bezpiecznikiem-automatycznym-kablowym-prcd-s-doktorvolt-9580\/\" \/>\n<meta property=\"og:locale\" content=\"en_US\" \/>\n<meta property=\"og:type\" content=\"article\" \/>\n<meta property=\"og:title\" content=\"Przed\u0142u\u017cacz 25m budowlany IP44 230\/16A H07RN-F 3x2,5 z bezpiecznikiem automatycznym kablowym PRCD-S Doktorvolt\u00ae 9580 - DOKTORVOLT\u00ae\" \/>\n<meta property=\"og:description\" content=\"Przed\u0142u\u017cacz 25m budowlany IP44 230\/16A H07RN-F 3x2,5 z bezpiecznikiem automatycznym kablowym PRCD-S Doktorvolt\u00ae\" \/>\n<meta property=\"og:url\" content=\"https:\/\/doktorvolt.pl\/oferta-doktorvolt\/przedluzacze\/przedluzacze-zabezpieczone\/przedluzacz-25m-budowlany-ip44-230-16a-h07rn-f-3x25-z-bezpiecznikiem-automatycznym-kablowym-prcd-s-doktorvolt-9580\/\" \/>\n<meta property=\"og:site_name\" content=\"DOKTORVOLT\u00ae\" \/>\n<meta property=\"og:image\" content=\"https:\/\/doktorvolt.pl\/wp-content\/uploads\/2026\/02\/pol_pl_17367-17367_1.jpg\" \/>\n\t<meta property=\"og:image:width\" content=\"1000\" \/>\n\t<meta property=\"og:image:height\" content=\"1000\" \/>\n\t<meta property=\"og:image:type\" content=\"image\/jpeg\" \/>\n<meta name=\"twitter:card\" content=\"summary_large_image\" \/>\n<meta name=\"twitter:label1\" content=\"Est. reading time\" \/>\n\t<meta name=\"twitter:data1\" content=\"1 minute\" \/>\n<script type=\"application\/ld+json\" class=\"yoast-schema-graph\">{\"@context\":\"https:\/\/schema.org\",\"@graph\":[{\"@type\":\"WebPage\",\"@id\":\"https:\/\/doktorvolt.pl\/oferta-doktorvolt\/przedluzacze\/przedluzacze-zabezpieczone\/przedluzacz-25m-budowlany-ip44-230-16a-h07rn-f-3x25-z-bezpiecznikiem-automatycznym-kablowym-prcd-s-doktorvolt-9580\/\",\"url\":\"https:\/\/doktorvolt.pl\/oferta-doktorvolt\/przedluzacze\/przedluzacze-zabezpieczone\/przedluzacz-25m-budowlany-ip44-230-16a-h07rn-f-3x25-z-bezpiecznikiem-automatycznym-kablowym-prcd-s-doktorvolt-9580\/\",\"name\":\"Przed\u0142u\u017cacz 25m budowlany IP44 230\/16A H07RN-F 3x2,5 z bezpiecznikiem automatycznym kablowym PRCD-S Doktorvolt\u00ae 9580 - DOKTORVOLT\u00ae\",\"isPartOf\":{\"@id\":\"https:\/\/doktorvolt.pl\/de\/#website\"},\"primaryImageOfPage\":{\"@id\":\"https:\/\/doktorvolt.pl\/oferta-doktorvolt\/przedluzacze\/przedluzacze-zabezpieczone\/przedluzacz-25m-budowlany-ip44-230-16a-h07rn-f-3x25-z-bezpiecznikiem-automatycznym-kablowym-prcd-s-doktorvolt-9580\/#primaryimage\"},\"image\":{\"@id\":\"https:\/\/doktorvolt.pl\/oferta-doktorvolt\/przedluzacze\/przedluzacze-zabezpieczone\/przedluzacz-25m-budowlany-ip44-230-16a-h07rn-f-3x25-z-bezpiecznikiem-automatycznym-kablowym-prcd-s-doktorvolt-9580\/#primaryimage\"},\"thumbnailUrl\":\"https:\/\/doktorvolt.pl\/wp-content\/uploads\/2026\/02\/pol_pl_17367-17367_1.jpg\",\"datePublished\":\"2026-02-23T13:35:49+00:00\",\"breadcrumb\":{\"@id\":\"https:\/\/doktorvolt.pl\/oferta-doktorvolt\/przedluzacze\/przedluzacze-zabezpieczone\/przedluzacz-25m-budowlany-ip44-230-16a-h07rn-f-3x25-z-bezpiecznikiem-automatycznym-kablowym-prcd-s-doktorvolt-9580\/#breadcrumb\"},\"inLanguage\":\"en-US\",\"potentialAction\":[{\"@type\":\"ReadAction\",\"target\":[\"https:\/\/doktorvolt.pl\/oferta-doktorvolt\/przedluzacze\/przedluzacze-zabezpieczone\/przedluzacz-25m-budowlany-ip44-230-16a-h07rn-f-3x25-z-bezpiecznikiem-automatycznym-kablowym-prcd-s-doktorvolt-9580\/\"]}]},{\"@type\":\"ImageObject\",\"inLanguage\":\"en-US\",\"@id\":\"https:\/\/doktorvolt.pl\/oferta-doktorvolt\/przedluzacze\/przedluzacze-zabezpieczone\/przedluzacz-25m-budowlany-ip44-230-16a-h07rn-f-3x25-z-bezpiecznikiem-automatycznym-kablowym-prcd-s-doktorvolt-9580\/#primaryimage\",\"url\":\"https:\/\/doktorvolt.pl\/wp-content\/uploads\/2026\/02\/pol_pl_17367-17367_1.jpg\",\"contentUrl\":\"https:\/\/doktorvolt.pl\/wp-content\/uploads\/2026\/02\/pol_pl_17367-17367_1.jpg\",\"width\":1000,\"height\":1000},{\"@type\":\"BreadcrumbList\",\"@id\":\"https:\/\/doktorvolt.pl\/oferta-doktorvolt\/przedluzacze\/przedluzacze-zabezpieczone\/przedluzacz-25m-budowlany-ip44-230-16a-h07rn-f-3x25-z-bezpiecznikiem-automatycznym-kablowym-prcd-s-doktorvolt-9580\/#breadcrumb\",\"itemListElement\":[{\"@type\":\"ListItem\",\"position\":1,\"name\":\"Strona g\u0142\u00f3wna\",\"item\":\"https:\/\/doktorvolt.pl\/en\/\"},{\"@type\":\"ListItem\",\"position\":2,\"name\":\"Offer Doktorvolt\",\"item\":\"https:\/\/doktorvolt.pl\/en\/offer-doktorvolt\/\"},{\"@type\":\"ListItem\",\"position\":3,\"name\":\"Przed\u0142u\u017cacz 25m budowlany IP44 230\/16A H07RN-F 3&#215;2,5 z bezpiecznikiem automatycznym kablowym PRCD-S Doktorvolt\u00ae 9580\"}]},{\"@type\":\"WebSite\",\"@id\":\"https:\/\/doktorvolt.pl\/de\/#website\",\"url\":\"https:\/\/doktorvolt.pl\/de\/\",\"name\":\"DOKTORVOLT\u00ae\",\"description\":\"Producent rozdzielnic budowlanych\",\"publisher\":{\"@id\":\"https:\/\/doktorvolt.pl\/de\/#organization\"},\"potentialAction\":[{\"@type\":\"SearchAction\",\"target\":{\"@type\":\"EntryPoint\",\"urlTemplate\":\"https:\/\/doktorvolt.pl\/de\/?s={search_term_string}\"},\"query-input\":{\"@type\":\"PropertyValueSpecification\",\"valueRequired\":true,\"valueName\":\"search_term_string\"}}],\"inLanguage\":\"en-US\"},{\"@type\":\"Organization\",\"@id\":\"https:\/\/doktorvolt.pl\/de\/#organization\",\"name\":\"DOKTORVOLT\u00ae\",\"url\":\"https:\/\/doktorvolt.pl\/de\/\",\"logo\":{\"@type\":\"ImageObject\",\"inLanguage\":\"en-US\",\"@id\":\"https:\/\/doktorvolt.pl\/de\/#\/schema\/logo\/image\/\",\"url\":\"https:\/\/doktorvolt.pl\/wp-content\/uploads\/2023\/10\/DoktorVOLT-black-png.png\",\"contentUrl\":\"https:\/\/doktorvolt.pl\/wp-content\/uploads\/2023\/10\/DoktorVOLT-black-png.png\",\"width\":729,\"height\":40,\"caption\":\"DOKTORVOLT\u00ae\"},\"image\":{\"@id\":\"https:\/\/doktorvolt.pl\/de\/#\/schema\/logo\/image\/\"}}]}<\/script>\n<!-- \/ Yoast SEO plugin. -->","yoast_head_json":{"title":"Przed\u0142u\u017cacz 25m budowlany IP44 230\/16A H07RN-F 3x2,5 z bezpiecznikiem automatycznym kablowym PRCD-S Doktorvolt\u00ae 9580 - DOKTORVOLT\u00ae","robots":{"index":"index","follow":"follow","max-snippet":"max-snippet:-1","max-image-preview":"max-image-preview:large","max-video-preview":"max-video-preview:-1"},"canonical":"https:\/\/doktorvolt.pl\/oferta-doktorvolt\/przedluzacze\/przedluzacze-zabezpieczone\/przedluzacz-25m-budowlany-ip44-230-16a-h07rn-f-3x25-z-bezpiecznikiem-automatycznym-kablowym-prcd-s-doktorvolt-9580\/","og_locale":"en_US","og_type":"article","og_title":"Przed\u0142u\u017cacz 25m budowlany IP44 230\/16A H07RN-F 3x2,5 z bezpiecznikiem automatycznym kablowym PRCD-S Doktorvolt\u00ae 9580 - DOKTORVOLT\u00ae","og_description":"Przed\u0142u\u017cacz 25m budowlany IP44 230\/16A H07RN-F 3x2,5 z bezpiecznikiem automatycznym kablowym PRCD-S Doktorvolt\u00ae","og_url":"https:\/\/doktorvolt.pl\/oferta-doktorvolt\/przedluzacze\/przedluzacze-zabezpieczone\/przedluzacz-25m-budowlany-ip44-230-16a-h07rn-f-3x25-z-bezpiecznikiem-automatycznym-kablowym-prcd-s-doktorvolt-9580\/","og_site_name":"DOKTORVOLT\u00ae","og_image":[{"width":1000,"height":1000,"url":"https:\/\/doktorvolt.pl\/wp-content\/uploads\/2026\/02\/pol_pl_17367-17367_1.jpg","type":"image\/jpeg"}],"twitter_card":"summary_large_image","twitter_misc":{"Est. reading time":"1 minute"},"schema":{"@context":"https:\/\/schema.org","@graph":[{"@type":"WebPage","@id":"https:\/\/doktorvolt.pl\/oferta-doktorvolt\/przedluzacze\/przedluzacze-zabezpieczone\/przedluzacz-25m-budowlany-ip44-230-16a-h07rn-f-3x25-z-bezpiecznikiem-automatycznym-kablowym-prcd-s-doktorvolt-9580\/","url":"https:\/\/doktorvolt.pl\/oferta-doktorvolt\/przedluzacze\/przedluzacze-zabezpieczone\/przedluzacz-25m-budowlany-ip44-230-16a-h07rn-f-3x25-z-bezpiecznikiem-automatycznym-kablowym-prcd-s-doktorvolt-9580\/","name":"Przed\u0142u\u017cacz 25m budowlany IP44 230\/16A H07RN-F 3x2,5 z bezpiecznikiem automatycznym kablowym PRCD-S Doktorvolt\u00ae 9580 - DOKTORVOLT\u00ae","isPartOf":{"@id":"https:\/\/doktorvolt.pl\/de\/#website"},"primaryImageOfPage":{"@id":"https:\/\/doktorvolt.pl\/oferta-doktorvolt\/przedluzacze\/przedluzacze-zabezpieczone\/przedluzacz-25m-budowlany-ip44-230-16a-h07rn-f-3x25-z-bezpiecznikiem-automatycznym-kablowym-prcd-s-doktorvolt-9580\/#primaryimage"},"image":{"@id":"https:\/\/doktorvolt.pl\/oferta-doktorvolt\/przedluzacze\/przedluzacze-zabezpieczone\/przedluzacz-25m-budowlany-ip44-230-16a-h07rn-f-3x25-z-bezpiecznikiem-automatycznym-kablowym-prcd-s-doktorvolt-9580\/#primaryimage"},"thumbnailUrl":"https:\/\/doktorvolt.pl\/wp-content\/uploads\/2026\/02\/pol_pl_17367-17367_1.jpg","datePublished":"2026-02-23T13:35:49+00:00","breadcrumb":{"@id":"https:\/\/doktorvolt.pl\/oferta-doktorvolt\/przedluzacze\/przedluzacze-zabezpieczone\/przedluzacz-25m-budowlany-ip44-230-16a-h07rn-f-3x25-z-bezpiecznikiem-automatycznym-kablowym-prcd-s-doktorvolt-9580\/#breadcrumb"},"inLanguage":"en-US","potentialAction":[{"@type":"ReadAction","target":["https:\/\/doktorvolt.pl\/oferta-doktorvolt\/przedluzacze\/przedluzacze-zabezpieczone\/przedluzacz-25m-budowlany-ip44-230-16a-h07rn-f-3x25-z-bezpiecznikiem-automatycznym-kablowym-prcd-s-doktorvolt-9580\/"]}]},{"@type":"ImageObject","inLanguage":"en-US","@id":"https:\/\/doktorvolt.pl\/oferta-doktorvolt\/przedluzacze\/przedluzacze-zabezpieczone\/przedluzacz-25m-budowlany-ip44-230-16a-h07rn-f-3x25-z-bezpiecznikiem-automatycznym-kablowym-prcd-s-doktorvolt-9580\/#primaryimage","url":"https:\/\/doktorvolt.pl\/wp-content\/uploads\/2026\/02\/pol_pl_17367-17367_1.jpg","contentUrl":"https:\/\/doktorvolt.pl\/wp-content\/uploads\/2026\/02\/pol_pl_17367-17367_1.jpg","width":1000,"height":1000},{"@type":"BreadcrumbList","@id":"https:\/\/doktorvolt.pl\/oferta-doktorvolt\/przedluzacze\/przedluzacze-zabezpieczone\/przedluzacz-25m-budowlany-ip44-230-16a-h07rn-f-3x25-z-bezpiecznikiem-automatycznym-kablowym-prcd-s-doktorvolt-9580\/#breadcrumb","itemListElement":[{"@type":"ListItem","position":1,"name":"Strona g\u0142\u00f3wna","item":"https:\/\/doktorvolt.pl\/en\/"},{"@type":"ListItem","position":2,"name":"Offer Doktorvolt","item":"https:\/\/doktorvolt.pl\/en\/offer-doktorvolt\/"},{"@type":"ListItem","position":3,"name":"Przed\u0142u\u017cacz 25m budowlany IP44 230\/16A H07RN-F 3&#215;2,5 z bezpiecznikiem automatycznym kablowym PRCD-S Doktorvolt\u00ae 9580"}]},{"@type":"WebSite","@id":"https:\/\/doktorvolt.pl\/de\/#website","url":"https:\/\/doktorvolt.pl\/de\/","name":"DOKTORVOLT\u00ae","description":"Producent rozdzielnic budowlanych","publisher":{"@id":"https:\/\/doktorvolt.pl\/de\/#organization"},"potentialAction":[{"@type":"SearchAction","target":{"@type":"EntryPoint","urlTemplate":"https:\/\/doktorvolt.pl\/de\/?s={search_term_string}"},"query-input":{"@type":"PropertyValueSpecification","valueRequired":true,"valueName":"search_term_string"}}],"inLanguage":"en-US"},{"@type":"Organization","@id":"https:\/\/doktorvolt.pl\/de\/#organization","name":"DOKTORVOLT\u00ae","url":"https:\/\/doktorvolt.pl\/de\/","logo":{"@type":"ImageObject","inLanguage":"en-US","@id":"https:\/\/doktorvolt.pl\/de\/#\/schema\/logo\/image\/","url":"https:\/\/doktorvolt.pl\/wp-content\/uploads\/2023\/10\/DoktorVOLT-black-png.png","contentUrl":"https:\/\/doktorvolt.pl\/wp-content\/uploads\/2023\/10\/DoktorVOLT-black-png.png","width":729,"height":40,"caption":"DOKTORVOLT\u00ae"},"image":{"@id":"https:\/\/doktorvolt.pl\/de\/#\/schema\/logo\/image\/"}}]}},"_links":{"self":[{"href":"https:\/\/doktorvolt.pl\/en\/wp-json\/wp\/v2\/product\/110901","targetHints":{"allow":["GET"]}}],"collection":[{"href":"https:\/\/doktorvolt.pl\/en\/wp-json\/wp\/v2\/product"}],"about":[{"href":"https:\/\/doktorvolt.pl\/en\/wp-json\/wp\/v2\/types\/product"}],"wp:featuredmedia":[{"embeddable":true,"href":"https:\/\/doktorvolt.pl\/en\/wp-json\/wp\/v2\/media\/102772"}],"wp:attachment":[{"href":"https:\/\/doktorvolt.pl\/en\/wp-json\/wp\/v2\/media?parent=110901"}],"wp:term":[{"taxonomy":"product_brand","embeddable":true,"href":"https:\/\/doktorvolt.pl\/en\/wp-json\/wp\/v2\/product_brand?post=110901"},{"taxonomy":"product_cat","embeddable":true,"href":"https:\/\/doktorvolt.pl\/en\/wp-json\/wp\/v2\/product_cat?post=110901"},{"taxonomy":"product_tag","embeddable":true,"href":"https:\/\/doktorvolt.pl\/en\/wp-json\/wp\/v2\/product_tag?post=110901"}],"curies":[{"name":"wp","href":"https:\/\/api.w.org\/{rel}","templated":true}]}}