{"id":110903,"date":"2026-02-23T15:35:39","date_gmt":"2026-02-23T13:35:39","guid":{"rendered":"https:\/\/doktorvolt.pl\/sklep\/uncategorized\/2m-przewod-przylaczeniowy-z-wtyczka-32a-5p-kabel-5x4mm%c2%b2-2947\/"},"modified":"2026-02-23T15:35:39","modified_gmt":"2026-02-23T13:35:39","slug":"2m-przewod-przylaczeniowy-z-wtyczka-32a-5p-kabel-5x4mm%c2%b2-2947","status":"publish","type":"product","link":"https:\/\/doktorvolt.pl\/en\/oferta-doktorvolt\/extension-cords\/power-cords-with-open-ends\/2m-przewod-przylaczeniowy-z-wtyczka-32a-5p-kabel-5x4mm%c2%b2-2947\/","title":{"rendered":"2m Przew\u00f3d przy\u0142\u0105czeniowy z wtyczk\u0105 32A\/5P kabel 5x4mm\u00b2 2947"},"content":{"rendered":"<h1 style=\"text-align:center;\"><span style=\"color:#000000;\">Przew\u00f3d przy\u0142\u0105czeniowy z wtyczk\u0105 32A\/5P<\/span><\/h1>\n<\/p>\n<\/p>\n<p style=\"text-align:center;\"><span style=\"font-size:12pt;color:#000000;\"><span style=\"font-family:verdana, geneva;\">Przew\u00f3d prze\u0142\u0105czeniowy gumowy, do doprowadzenia zasilania do r\u00f3\u017cnych odbiornik\u00f3w w trudnych warunkach np. <span style=\"font-size:12pt;\"><span style=\"font-family:verdana, geneva;\">warsztaty samochodowe, plac budowy<\/span><\/span>, urz\u0105dzenia rolnicze i kopalniane, urz\u0105dzenia przemys\u0142owe. Idealny do zasilania urz\u0105dze\u0144 przeno\u015bnych. Kabel odporny na dzia\u0142anie olej\u00f3w.<span style=\"font-size:12pt;\"><span style=\"font-family:verdana, geneva;\"> Do monta\u017cu w suchych i wilgotnych pomieszczeniach, jak te\u017c na zewn\u0105trz i w wodzie u\u017cytkowej.<br \/><\/span><\/span><\/span><\/span><\/p>\n<p style=\"text-align:center;\"><span style=\"font-size:12pt;color:#000000;\"><span style=\"font-family:verdana, geneva;\"><span style=\"font-size:12pt;\"><span style=\"font-family:verdana, geneva;\">H07RN-F &#8211; przew\u00f3d harmonizowany (H), na napi\u0119cie znamionowe 450\/750V (07), o izolacji z kauczuku naturalnego lub syntetycznego (R) i oponie z kauczuku chloroprenowego (N), z \u017cy\u0142ami miedzianymi z cienkiego drutu (F)<\/span><\/span><\/span><\/span><\/p>\n<p style=\"text-align:center;\">\n<p style=\"text-align:justify;\">\n<p style=\"text-align:justify;\">\n<p style=\"text-align:justify;\">\n<table class=\"center\" style=\"background-color:#f5f5f5;margin-left:auto;margin-right:auto;width:580px;height:647px;border:1px solid #ffffff;\" align=\"center\">\n<tbody>\n<tr>\n<td style=\"text-align:right;padding:15px;height:25px;\" valign=\"middle\" align=\"right\"><span style=\"font-size:12pt;color:#000000;\"><span style=\"font-family:verdana, geneva;\">d\u0142ugo\u015b\u0107<\/span><span style=\"font-family:verdana, geneva;\"><br \/><\/span><\/span><\/td>\n<td style=\"background-color:#ffffff;text-align:center;\">\n<p><span style=\"font-family:verdana, geneva;font-size:12pt;color:#000000;\">2 m<\/span><\/p>\n<\/td>\n<\/tr>\n<tr>\n<td style=\"text-align:right;padding:15px;height:25px;\" valign=\"middle\" align=\"right\"><span style=\"font-size:12pt;color:#000000;\"><span style=\"font-family:verdana, geneva;\">wyposa\u017cenie<br \/><\/span><\/span><\/td>\n<td style=\"background-color:#ffffff;text-align:center;\">\n<p><span style=\"font-family:verdana, geneva;font-size:12pt;color:#000000;\">CEE Wtyczka 2 cz\u0119\u015bciowa IP44 32A\/5P (3P+N+PE) 6h 400V Protop Typ 14A Mennekes<\/span><\/p>\n<\/td>\n<\/tr>\n<tr>\n<td style=\"text-align:right;padding:15px;height:25px;\" valign=\"middle\" align=\"right\"><span style=\"font-size:12pt;color:#000000;\"><span style=\"font-family:verdana, geneva;\">max. pr\u0105d<br \/><\/span><\/span><\/td>\n<td style=\"background-color:#ffffff;text-align:center;\">\n<p><span style=\"font-family:verdana, geneva;font-size:12pt;color:#000000;\">32A <br \/><\/span><\/p>\n<\/td>\n<\/tr>\n<tr>\n<td style=\"text-align:right;padding:15px;height:25px;\" valign=\"middle\" align=\"right\"><span style=\"font-size:12pt;color:#000000;\"><span style=\"font-family:verdana, geneva;\">napi\u0119cie znamionowe<br \/><\/span><\/span><\/td>\n<td style=\"background-color:#ffffff;text-align:center;\">\n<p><span style=\"font-family:verdana, geneva;font-size:12pt;color:#000000;\">400V<br \/><\/span><\/p>\n<\/td>\n<\/tr>\n<tr>\n<td style=\"text-align:right;padding:15px;height:25px;\" valign=\"middle\" align=\"right\"><span style=\"font-size:12pt;color:#000000;\"><span style=\"font-family:verdana, geneva;\">klasa szczelno\u015bci<br \/><\/span><\/span><\/td>\n<td style=\"background-color:#ffffff;text-align:center;\">\n<p><span style=\"font-family:verdana, geneva;font-size:12pt;color:#000000;\">IP44<br \/><\/span><\/p>\n<\/td>\n<\/tr>\n<tr>\n<td style=\"text-align:right;padding:15px;height:25px;\" valign=\"middle\" align=\"right\"><span style=\"font-size:12pt;color:#000000;\"><span style=\"font-family:verdana, geneva;\">przekr\u00f3j kabla<\/span><\/span><\/td>\n<td style=\"background-color:#ffffff;text-align:center;\">\n<p><span style=\"font-family:verdana, geneva;font-size:12pt;color:#000000;\">5x4mm\u00b2<\/span><\/p>\n<\/td>\n<\/tr>\n<tr>\n<td style=\"text-align:right;padding:15px;height:25px;\" valign=\"middle\" align=\"right\"><span style=\"font-size:12pt;color:#000000;\"><span style=\"font-family:verdana, geneva;\">typ kabla<br \/><\/span><\/span><\/td>\n<td style=\"background-color:#ffffff;text-align:center;\">\n<p><span style=\"font-family:verdana, geneva;font-size:12pt;color:#000000;\">H07RN-F <br \/><\/span><\/p>\n<p><span style=\"font-family:verdana, geneva;font-size:12pt;color:#000000;\">(gumowy OnPd, olejoodporny, \u015brednie obci\u0105\u017cenia mechaniczne)<br \/><\/span><\/p>\n<\/td>\n<\/tr>\n<tr>\n<td style=\"text-align:right;padding:15px;height:25px;\" valign=\"middle\" align=\"right\"><span style=\"font-size:12pt;color:#000000;\"><span style=\"font-family:verdana, geneva;\">izolacja kabla<br \/><\/span><\/span><\/td>\n<td style=\"background-color:#ffffff;text-align:center;\">\n<p><span style=\"font-family:verdana, geneva;font-size:12pt;color:#000000;\">neopren &#8211; kauczuk, olejoodporny<br \/><\/span><\/p>\n<\/td>\n<\/tr>\n<tr>\n<td style=\"text-align:right;padding:15px;height:25px;\" valign=\"middle\" align=\"right\"><span style=\"font-size:12pt;color:#000000;\"><span style=\"font-family:verdana, geneva;\">producent<br \/><\/span><\/span><\/td>\n<td style=\"background-color:#ffffff;text-align:center;\">\n<p><span style=\"font-family:verdana, geneva;font-size:12pt;color:#000000;\">Doktorvolt<br \/><\/span><\/p>\n<\/td>\n<\/tr>\n<tr>\n<td style=\"text-align:right;padding:15px;height:25px;\" valign=\"middle\" align=\"right\"><span style=\"font-size:12pt;color:#000000;\"><span style=\"font-family:verdana, geneva;\">EAN<br \/><\/span><\/span><\/td>\n<td style=\"background-color:#ffffff;text-align:center;\">\n<p><span style=\"font-family:verdana, geneva;font-size:12pt;color:#000000;\">5905669992947<\/span><\/p>\n<\/td>\n<\/tr>\n<\/tbody>\n<\/table>\n","protected":false},"excerpt":{"rendered":"<p>Przew\u00f3d przy\u0142\u0105czeniowy z wtyczk\u0105 ProTOP 32A\/5p 400V IP44 2-cz\u0119\u015bciowa Mennekes Typ 14A sznur kabel 5x4mm\u00b2 H07RN-F OnPd Doktorvolt<\/p>\n","protected":false},"featured_media":102746,"template":"","meta":[],"product_brand":[],"product_cat":[5247],"product_tag":[],"class_list":{"0":"post-110903","1":"product","2":"type-product","3":"status-publish","4":"has-post-thumbnail","6":"product_cat-power-cords-with-open-ends","8":"first","9":"instock","10":"shipping-taxable","11":"product-type-external"},"yoast_head":"<!-- This site is optimized with the Yoast SEO plugin v27.0 - https:\/\/yoast.com\/product\/yoast-seo-wordpress\/ -->\n<title>2m Przew\u00f3d przy\u0142\u0105czeniowy z wtyczk\u0105 32A\/5P kabel 5x4mm\u00b2 2947 - DOKTORVOLT\u00ae<\/title>\n<meta name=\"robots\" content=\"index, follow, max-snippet:-1, max-image-preview:large, max-video-preview:-1\" \/>\n<link rel=\"canonical\" href=\"https:\/\/doktorvolt.pl\/en\/oferta-doktorvolt\/extension-cords\/power-cords-with-open-ends\/2m-przewod-przylaczeniowy-z-wtyczka-32a-5p-kabel-5x4mm\u00b2-2947\/\" \/>\n<meta property=\"og:locale\" content=\"en_US\" \/>\n<meta property=\"og:type\" content=\"article\" \/>\n<meta property=\"og:title\" content=\"2m Przew\u00f3d przy\u0142\u0105czeniowy z wtyczk\u0105 32A\/5P kabel 5x4mm\u00b2 2947 - DOKTORVOLT\u00ae\" \/>\n<meta property=\"og:description\" content=\"Przew\u00f3d przy\u0142\u0105czeniowy z wtyczk\u0105 ProTOP 32A\/5p 400V IP44 2-cz\u0119\u015bciowa Mennekes Typ 14A sznur kabel 5x4mm\u00b2 H07RN-F OnPd Doktorvolt\" \/>\n<meta property=\"og:url\" content=\"https:\/\/doktorvolt.pl\/en\/oferta-doktorvolt\/extension-cords\/power-cords-with-open-ends\/2m-przewod-przylaczeniowy-z-wtyczka-32a-5p-kabel-5x4mm\u00b2-2947\/\" \/>\n<meta property=\"og:site_name\" content=\"DOKTORVOLT\u00ae\" \/>\n<meta property=\"og:image\" content=\"https:\/\/doktorvolt.pl\/wp-content\/uploads\/2026\/02\/pol_pl_16023-16023_1.jpg\" \/>\n\t<meta property=\"og:image:width\" content=\"1000\" \/>\n\t<meta property=\"og:image:height\" content=\"1000\" \/>\n\t<meta property=\"og:image:type\" content=\"image\/jpeg\" \/>\n<meta name=\"twitter:card\" content=\"summary_large_image\" \/>\n<meta name=\"twitter:label1\" content=\"Est. reading time\" \/>\n\t<meta name=\"twitter:data1\" content=\"1 minute\" \/>\n<script type=\"application\/ld+json\" class=\"yoast-schema-graph\">{\"@context\":\"https:\/\/schema.org\",\"@graph\":[{\"@type\":\"WebPage\",\"@id\":\"https:\/\/doktorvolt.pl\/en\/oferta-doktorvolt\/extension-cords\/power-cords-with-open-ends\/2m-przewod-przylaczeniowy-z-wtyczka-32a-5p-kabel-5x4mm%c2%b2-2947\/\",\"url\":\"https:\/\/doktorvolt.pl\/en\/oferta-doktorvolt\/extension-cords\/power-cords-with-open-ends\/2m-przewod-przylaczeniowy-z-wtyczka-32a-5p-kabel-5x4mm%c2%b2-2947\/\",\"name\":\"2m Przew\u00f3d przy\u0142\u0105czeniowy z wtyczk\u0105 32A\/5P kabel 5x4mm\u00b2 2947 - DOKTORVOLT\u00ae\",\"isPartOf\":{\"@id\":\"https:\/\/doktorvolt.pl\/de\/#website\"},\"primaryImageOfPage\":{\"@id\":\"https:\/\/doktorvolt.pl\/en\/oferta-doktorvolt\/extension-cords\/power-cords-with-open-ends\/2m-przewod-przylaczeniowy-z-wtyczka-32a-5p-kabel-5x4mm%c2%b2-2947\/#primaryimage\"},\"image\":{\"@id\":\"https:\/\/doktorvolt.pl\/en\/oferta-doktorvolt\/extension-cords\/power-cords-with-open-ends\/2m-przewod-przylaczeniowy-z-wtyczka-32a-5p-kabel-5x4mm%c2%b2-2947\/#primaryimage\"},\"thumbnailUrl\":\"https:\/\/doktorvolt.pl\/wp-content\/uploads\/2026\/02\/pol_pl_16023-16023_1.jpg\",\"datePublished\":\"2026-02-23T13:35:39+00:00\",\"breadcrumb\":{\"@id\":\"https:\/\/doktorvolt.pl\/en\/oferta-doktorvolt\/extension-cords\/power-cords-with-open-ends\/2m-przewod-przylaczeniowy-z-wtyczka-32a-5p-kabel-5x4mm%c2%b2-2947\/#breadcrumb\"},\"inLanguage\":\"en-US\",\"potentialAction\":[{\"@type\":\"ReadAction\",\"target\":[\"https:\/\/doktorvolt.pl\/en\/oferta-doktorvolt\/extension-cords\/power-cords-with-open-ends\/2m-przewod-przylaczeniowy-z-wtyczka-32a-5p-kabel-5x4mm%c2%b2-2947\/\"]}]},{\"@type\":\"ImageObject\",\"inLanguage\":\"en-US\",\"@id\":\"https:\/\/doktorvolt.pl\/en\/oferta-doktorvolt\/extension-cords\/power-cords-with-open-ends\/2m-przewod-przylaczeniowy-z-wtyczka-32a-5p-kabel-5x4mm%c2%b2-2947\/#primaryimage\",\"url\":\"https:\/\/doktorvolt.pl\/wp-content\/uploads\/2026\/02\/pol_pl_16023-16023_1.jpg\",\"contentUrl\":\"https:\/\/doktorvolt.pl\/wp-content\/uploads\/2026\/02\/pol_pl_16023-16023_1.jpg\",\"width\":1000,\"height\":1000},{\"@type\":\"BreadcrumbList\",\"@id\":\"https:\/\/doktorvolt.pl\/en\/oferta-doktorvolt\/extension-cords\/power-cords-with-open-ends\/2m-przewod-przylaczeniowy-z-wtyczka-32a-5p-kabel-5x4mm%c2%b2-2947\/#breadcrumb\",\"itemListElement\":[{\"@type\":\"ListItem\",\"position\":1,\"name\":\"Strona g\u0142\u00f3wna\",\"item\":\"https:\/\/doktorvolt.pl\/en\/\"},{\"@type\":\"ListItem\",\"position\":2,\"name\":\"Offer Doktorvolt\",\"item\":\"https:\/\/doktorvolt.pl\/en\/offer-doktorvolt\/\"},{\"@type\":\"ListItem\",\"position\":3,\"name\":\"2m Przew\u00f3d przy\u0142\u0105czeniowy z wtyczk\u0105 32A\/5P kabel 5x4mm\u00b2 2947\"}]},{\"@type\":\"WebSite\",\"@id\":\"https:\/\/doktorvolt.pl\/de\/#website\",\"url\":\"https:\/\/doktorvolt.pl\/de\/\",\"name\":\"DOKTORVOLT\u00ae\",\"description\":\"Producent rozdzielnic budowlanych\",\"publisher\":{\"@id\":\"https:\/\/doktorvolt.pl\/de\/#organization\"},\"potentialAction\":[{\"@type\":\"SearchAction\",\"target\":{\"@type\":\"EntryPoint\",\"urlTemplate\":\"https:\/\/doktorvolt.pl\/de\/?s={search_term_string}\"},\"query-input\":{\"@type\":\"PropertyValueSpecification\",\"valueRequired\":true,\"valueName\":\"search_term_string\"}}],\"inLanguage\":\"en-US\"},{\"@type\":\"Organization\",\"@id\":\"https:\/\/doktorvolt.pl\/de\/#organization\",\"name\":\"DOKTORVOLT\u00ae\",\"url\":\"https:\/\/doktorvolt.pl\/de\/\",\"logo\":{\"@type\":\"ImageObject\",\"inLanguage\":\"en-US\",\"@id\":\"https:\/\/doktorvolt.pl\/de\/#\/schema\/logo\/image\/\",\"url\":\"https:\/\/doktorvolt.pl\/wp-content\/uploads\/2023\/10\/DoktorVOLT-black-png.png\",\"contentUrl\":\"https:\/\/doktorvolt.pl\/wp-content\/uploads\/2023\/10\/DoktorVOLT-black-png.png\",\"width\":729,\"height\":40,\"caption\":\"DOKTORVOLT\u00ae\"},\"image\":{\"@id\":\"https:\/\/doktorvolt.pl\/de\/#\/schema\/logo\/image\/\"}}]}<\/script>\n<!-- \/ Yoast SEO plugin. -->","yoast_head_json":{"title":"2m Przew\u00f3d przy\u0142\u0105czeniowy z wtyczk\u0105 32A\/5P kabel 5x4mm\u00b2 2947 - DOKTORVOLT\u00ae","robots":{"index":"index","follow":"follow","max-snippet":"max-snippet:-1","max-image-preview":"max-image-preview:large","max-video-preview":"max-video-preview:-1"},"canonical":"https:\/\/doktorvolt.pl\/en\/oferta-doktorvolt\/extension-cords\/power-cords-with-open-ends\/2m-przewod-przylaczeniowy-z-wtyczka-32a-5p-kabel-5x4mm\u00b2-2947\/","og_locale":"en_US","og_type":"article","og_title":"2m Przew\u00f3d przy\u0142\u0105czeniowy z wtyczk\u0105 32A\/5P kabel 5x4mm\u00b2 2947 - DOKTORVOLT\u00ae","og_description":"Przew\u00f3d przy\u0142\u0105czeniowy z wtyczk\u0105 ProTOP 32A\/5p 400V IP44 2-cz\u0119\u015bciowa Mennekes Typ 14A sznur kabel 5x4mm\u00b2 H07RN-F OnPd Doktorvolt","og_url":"https:\/\/doktorvolt.pl\/en\/oferta-doktorvolt\/extension-cords\/power-cords-with-open-ends\/2m-przewod-przylaczeniowy-z-wtyczka-32a-5p-kabel-5x4mm\u00b2-2947\/","og_site_name":"DOKTORVOLT\u00ae","og_image":[{"width":1000,"height":1000,"url":"https:\/\/doktorvolt.pl\/wp-content\/uploads\/2026\/02\/pol_pl_16023-16023_1.jpg","type":"image\/jpeg"}],"twitter_card":"summary_large_image","twitter_misc":{"Est. reading time":"1 minute"},"schema":{"@context":"https:\/\/schema.org","@graph":[{"@type":"WebPage","@id":"https:\/\/doktorvolt.pl\/en\/oferta-doktorvolt\/extension-cords\/power-cords-with-open-ends\/2m-przewod-przylaczeniowy-z-wtyczka-32a-5p-kabel-5x4mm%c2%b2-2947\/","url":"https:\/\/doktorvolt.pl\/en\/oferta-doktorvolt\/extension-cords\/power-cords-with-open-ends\/2m-przewod-przylaczeniowy-z-wtyczka-32a-5p-kabel-5x4mm%c2%b2-2947\/","name":"2m Przew\u00f3d przy\u0142\u0105czeniowy z wtyczk\u0105 32A\/5P kabel 5x4mm\u00b2 2947 - DOKTORVOLT\u00ae","isPartOf":{"@id":"https:\/\/doktorvolt.pl\/de\/#website"},"primaryImageOfPage":{"@id":"https:\/\/doktorvolt.pl\/en\/oferta-doktorvolt\/extension-cords\/power-cords-with-open-ends\/2m-przewod-przylaczeniowy-z-wtyczka-32a-5p-kabel-5x4mm%c2%b2-2947\/#primaryimage"},"image":{"@id":"https:\/\/doktorvolt.pl\/en\/oferta-doktorvolt\/extension-cords\/power-cords-with-open-ends\/2m-przewod-przylaczeniowy-z-wtyczka-32a-5p-kabel-5x4mm%c2%b2-2947\/#primaryimage"},"thumbnailUrl":"https:\/\/doktorvolt.pl\/wp-content\/uploads\/2026\/02\/pol_pl_16023-16023_1.jpg","datePublished":"2026-02-23T13:35:39+00:00","breadcrumb":{"@id":"https:\/\/doktorvolt.pl\/en\/oferta-doktorvolt\/extension-cords\/power-cords-with-open-ends\/2m-przewod-przylaczeniowy-z-wtyczka-32a-5p-kabel-5x4mm%c2%b2-2947\/#breadcrumb"},"inLanguage":"en-US","potentialAction":[{"@type":"ReadAction","target":["https:\/\/doktorvolt.pl\/en\/oferta-doktorvolt\/extension-cords\/power-cords-with-open-ends\/2m-przewod-przylaczeniowy-z-wtyczka-32a-5p-kabel-5x4mm%c2%b2-2947\/"]}]},{"@type":"ImageObject","inLanguage":"en-US","@id":"https:\/\/doktorvolt.pl\/en\/oferta-doktorvolt\/extension-cords\/power-cords-with-open-ends\/2m-przewod-przylaczeniowy-z-wtyczka-32a-5p-kabel-5x4mm%c2%b2-2947\/#primaryimage","url":"https:\/\/doktorvolt.pl\/wp-content\/uploads\/2026\/02\/pol_pl_16023-16023_1.jpg","contentUrl":"https:\/\/doktorvolt.pl\/wp-content\/uploads\/2026\/02\/pol_pl_16023-16023_1.jpg","width":1000,"height":1000},{"@type":"BreadcrumbList","@id":"https:\/\/doktorvolt.pl\/en\/oferta-doktorvolt\/extension-cords\/power-cords-with-open-ends\/2m-przewod-przylaczeniowy-z-wtyczka-32a-5p-kabel-5x4mm%c2%b2-2947\/#breadcrumb","itemListElement":[{"@type":"ListItem","position":1,"name":"Strona g\u0142\u00f3wna","item":"https:\/\/doktorvolt.pl\/en\/"},{"@type":"ListItem","position":2,"name":"Offer Doktorvolt","item":"https:\/\/doktorvolt.pl\/en\/offer-doktorvolt\/"},{"@type":"ListItem","position":3,"name":"2m Przew\u00f3d przy\u0142\u0105czeniowy z wtyczk\u0105 32A\/5P kabel 5x4mm\u00b2 2947"}]},{"@type":"WebSite","@id":"https:\/\/doktorvolt.pl\/de\/#website","url":"https:\/\/doktorvolt.pl\/de\/","name":"DOKTORVOLT\u00ae","description":"Producent rozdzielnic budowlanych","publisher":{"@id":"https:\/\/doktorvolt.pl\/de\/#organization"},"potentialAction":[{"@type":"SearchAction","target":{"@type":"EntryPoint","urlTemplate":"https:\/\/doktorvolt.pl\/de\/?s={search_term_string}"},"query-input":{"@type":"PropertyValueSpecification","valueRequired":true,"valueName":"search_term_string"}}],"inLanguage":"en-US"},{"@type":"Organization","@id":"https:\/\/doktorvolt.pl\/de\/#organization","name":"DOKTORVOLT\u00ae","url":"https:\/\/doktorvolt.pl\/de\/","logo":{"@type":"ImageObject","inLanguage":"en-US","@id":"https:\/\/doktorvolt.pl\/de\/#\/schema\/logo\/image\/","url":"https:\/\/doktorvolt.pl\/wp-content\/uploads\/2023\/10\/DoktorVOLT-black-png.png","contentUrl":"https:\/\/doktorvolt.pl\/wp-content\/uploads\/2023\/10\/DoktorVOLT-black-png.png","width":729,"height":40,"caption":"DOKTORVOLT\u00ae"},"image":{"@id":"https:\/\/doktorvolt.pl\/de\/#\/schema\/logo\/image\/"}}]}},"_links":{"self":[{"href":"https:\/\/doktorvolt.pl\/en\/wp-json\/wp\/v2\/product\/110903","targetHints":{"allow":["GET"]}}],"collection":[{"href":"https:\/\/doktorvolt.pl\/en\/wp-json\/wp\/v2\/product"}],"about":[{"href":"https:\/\/doktorvolt.pl\/en\/wp-json\/wp\/v2\/types\/product"}],"wp:featuredmedia":[{"embeddable":true,"href":"https:\/\/doktorvolt.pl\/en\/wp-json\/wp\/v2\/media\/102746"}],"wp:attachment":[{"href":"https:\/\/doktorvolt.pl\/en\/wp-json\/wp\/v2\/media?parent=110903"}],"wp:term":[{"taxonomy":"product_brand","embeddable":true,"href":"https:\/\/doktorvolt.pl\/en\/wp-json\/wp\/v2\/product_brand?post=110903"},{"taxonomy":"product_cat","embeddable":true,"href":"https:\/\/doktorvolt.pl\/en\/wp-json\/wp\/v2\/product_cat?post=110903"},{"taxonomy":"product_tag","embeddable":true,"href":"https:\/\/doktorvolt.pl\/en\/wp-json\/wp\/v2\/product_tag?post=110903"}],"curies":[{"name":"wp","href":"https:\/\/api.w.org\/{rel}","templated":true}]}}