{"id":110908,"date":"2026-02-23T15:35:21","date_gmt":"2026-02-23T13:35:21","guid":{"rendered":"https:\/\/doktorvolt.pl\/sklep\/uncategorized\/adapter-1m-z-wtyczki-230v-unischuko-na-gniazdo-silowe-230v-16a-5p-2773\/"},"modified":"2026-02-23T15:35:21","modified_gmt":"2026-02-23T13:35:21","slug":"adapter-1m-z-wtyczki-230v-unischuko-na-gniazdo-silowe-230v-16a-5p-2773","status":"publish","type":"product","link":"https:\/\/doktorvolt.pl\/en\/oferta-doktorvolt\/extension-cords\/adapters\/adapter-1m-z-wtyczki-230v-unischuko-na-gniazdo-silowe-230v-16a-5p-2773\/","title":{"rendered":"Adapter 1m z wtyczki 230V Unischuko na gniazdo si\u0142owe 230V\/16A\/5P 2773"},"content":{"rendered":"<h1 style=\"text-align: center;\"><span style=\"color: #000000;\">Adapter 1m z wtyczki 230V\u00a0Unischuko<\/span><br \/><span style=\"color: #000000;\">na gniazdo si\u0142owe 230V\/16A\/5P<\/span><\/h1>\n<p style=\"text-align: justify;\"><span style=\"font-size: 12pt; color: #000000;\"><span style=\"font-family: verdana, geneva;\"><span style=\"font-size: 12pt;\"><span style=\"font-family: verdana, geneva;\">Kabel przej\u015bciowy z wtyczki Unischuko 230V na gniazdo si\u0142owe 230V 16A 5P CEE. Adapter znajdzie doskona\u0142e zastosowanie na placach budowy, warsztatach, magazynach, kuchniach i wsz\u0119dzie tam, gdzie potrzebne jest zasilanie maszyn o mniejszym poborze mocy. Produkty marki Doktorvolt sk\u0142adaj\u0105 si\u0119 z komponent\u00f3w pochodz\u0105cych wy\u0142\u0105cznie od europejskich producent\u00f3w &#8211; gniazda Mennekes i wtyczki Bals.<\/span><\/span><\/span><\/span><\/p>\n<table class=\"center\" style=\"background-color: #f5f5f5; margin-left: auto; margin-right: auto; width: 612px; height: 464px; border: 1px solid #ffffff;\" align=\"center\">\n<tbody>\n<tr>\n<td style=\"text-align: right; padding: 15px; height: 25px;\" valign=\"middle\" align=\"right\"><span style=\"font-size: 12pt; color: #000000;\"><span style=\"font-family: verdana, geneva;\">d\u0142ugo\u015b\u0107<\/span><span style=\"font-family: verdana, geneva;\"><br \/><\/span><\/span><\/td>\n<td style=\"background-color: #ffffff; text-align: center;\">\n<p><span style=\"font-family: verdana, geneva; font-size: 12pt; color: #000000;\">1m<\/span><\/p>\n<\/td>\n<\/tr>\n<tr>\n<td style=\"text-align: right; padding: 15px; height: 25px;\" valign=\"middle\" align=\"right\"><span style=\"font-size: 12pt; color: #000000;\"><span style=\"font-family: verdana, geneva;\">wyposa\u017cenie<br \/><\/span><\/span><\/td>\n<td style=\"background-color: #ffffff; text-align: center;\">\n<p><span style=\"font-family: verdana, geneva; font-size: 12pt; color: #000000;\">&#8211; wtyczka gumowa prosta 2P+Z z uziemieniem czarna IP44 16A 230V Bals Typ BL 7373<br \/>&#8211; \u00a0Gniazdo ProTOP przeno\u015bne 16A\/5p 400V IP44 MENNEKES 15A<\/span><\/p>\n<\/td>\n<\/tr>\n<tr>\n<td style=\"text-align: right; padding: 15px; height: 25px;\" valign=\"middle\" align=\"right\"><span style=\"font-size: 12pt; color: #000000;\"><span style=\"font-family: verdana, geneva;\">max. pr\u0105d<br \/><\/span><\/span><\/td>\n<td style=\"background-color: #ffffff; text-align: center;\">\n<p><span style=\"font-family: verdana, geneva; font-size: 12pt; color: #000000;\">16A <br \/><\/span><\/p>\n<\/td>\n<\/tr>\n<tr>\n<td style=\"text-align: right; padding: 15px; height: 25px;\" valign=\"middle\" align=\"right\"><span style=\"font-size: 12pt; color: #000000;\"><span style=\"font-family: verdana, geneva;\">napi\u0119cie znamionowe<br \/><\/span><\/span><\/td>\n<td style=\"background-color: #ffffff; text-align: center;\">\n<p><span style=\"font-family: verdana, geneva; font-size: 12pt; color: #000000;\">230V<br \/><\/span><\/p>\n<\/td>\n<\/tr>\n<tr>\n<td style=\"text-align: right; padding: 15px; height: 25px;\" valign=\"middle\" align=\"right\"><span style=\"font-size: 12pt; color: #000000;\"><span style=\"font-family: verdana, geneva;\">klasa szczelno\u015bci<br \/><\/span><\/span><\/td>\n<td style=\"background-color: #ffffff; text-align: center;\">\n<p><span style=\"font-family: verdana, geneva; font-size: 12pt; color: #000000;\">IP44<br \/><\/span><\/p>\n<\/td>\n<\/tr>\n<tr>\n<td style=\"text-align: right; padding: 15px; height: 25px;\" valign=\"middle\" align=\"right\"><span style=\"font-size: 12pt; color: #000000;\"><span style=\"font-family: verdana, geneva;\">przekr\u00f3j kabla<\/span><\/span><\/td>\n<td style=\"background-color: #ffffff; text-align: center;\">\n<p><span style=\"font-family: verdana, geneva; font-size: 12pt; color: #000000;\">3&#215;2,5mm\u00b2<\/span><\/p>\n<\/td>\n<\/tr>\n<tr>\n<td style=\"text-align: right; padding: 15px; height: 25px;\" valign=\"middle\" align=\"right\"><span style=\"font-size: 12pt; color: #000000;\"><span style=\"font-family: verdana, geneva;\">typ kabla<br \/><\/span><\/span><\/td>\n<td style=\"background-color: #ffffff; text-align: center;\">\n<p><span style=\"font-family: verdana, geneva; font-size: 12pt; color: #000000;\">H07RN-F<\/span><\/p>\n<p><span style=\"font-family: verdana, geneva; font-size: 12pt; color: #000000;\">(gumowy OnPD, olejoodporny, \u015brednie obci\u0105\u017cenia mechaniczne)<br \/><\/span><\/p>\n<\/td>\n<\/tr>\n<tr>\n<td style=\"text-align: right; padding: 15px; height: 25px;\" valign=\"middle\" align=\"right\"><span style=\"font-size: 12pt; color: #000000;\"><span style=\"font-family: verdana, geneva;\">izolacja kabla<br \/><\/span><\/span><\/td>\n<td style=\"background-color: #ffffff; text-align: center;\">\n<p><span style=\"font-family: verdana, geneva; font-size: 12pt; color: #000000;\">neopren &#8211; kauczuk, olejoodporny<br \/><\/span><\/p>\n<\/td>\n<\/tr>\n<tr>\n<td style=\"text-align: right; padding: 15px; height: 25px;\" valign=\"middle\" align=\"right\"><span style=\"font-size: 12pt; color: #000000;\"><span style=\"font-family: verdana, geneva;\">producent<br \/><\/span><\/span><\/td>\n<td style=\"background-color: #ffffff; text-align: center;\">\n<p><span style=\"font-family: verdana, geneva; font-size: 12pt; color: #000000;\">Doktorvolt<br \/><\/span><\/p>\n<\/td>\n<\/tr>\n<tr>\n<td style=\"text-align: right; padding: 15px; height: 25px;\" valign=\"middle\" align=\"right\"><span style=\"font-size: 12pt; color: #000000;\"><span style=\"font-family: verdana, geneva;\">symbol<\/span><\/span><\/td>\n<td style=\"background-color: #ffffff; text-align: center;\">\n<p><span style=\"font-family: verdana, geneva; font-size: 12pt; color: #000000;\">DV-2773-230-A-16<\/span><\/p>\n<\/td>\n<\/tr>\n<tr>\n<td style=\"text-align: right; padding: 15px; height: 25px;\" valign=\"middle\" align=\"right\"><span style=\"font-size: 12pt; color: #000000;\"><span style=\"font-family: verdana, geneva;\">EAN<br \/><\/span><\/span><\/td>\n<td style=\"background-color: #ffffff; text-align: center;\">\n<p><span style=\"font-family: verdana, geneva; font-size: 12pt; color: #000000;\">5907589332773<\/span><\/p>\n<\/td>\n<\/tr>\n<tr>\n<td style=\"text-align: right; padding: 15px; height: 25px;\" colspan=\"2\" valign=\"middle\" align=\"right\">\n<p><span style=\"color: #000000;\"><span style=\"font-size: 12pt;\"><span style=\"font-family: verdana, geneva;\">W zestawie z przed\u0142u\u017caczem opaska samoprzylepna \u2013 rzep do spinania kabla<\/span><\/span><span style=\"font-size: 12pt;\"><span style=\"font-family: verdana, geneva;\"> <\/span><\/span><span style=\"font-size: 12pt;\"><span style=\"font-family: verdana, geneva;\"><br \/><\/span><\/span><\/span><\/p>\n<\/td>\n<\/tr>\n<\/tbody>\n<\/table>\n","protected":false},"excerpt":{"rendered":"<p>Kabel przej\u015bciowy adapter 1m z wtyczki 230V\u00a0Unischuko na gniazdo si\u0142owe CEE 230V\/16A\/5P przew\u00f3d 3&#215;1,5mm2 Doktorvolt<\/p>\n","protected":false},"featured_media":102713,"template":"","meta":[],"product_brand":[],"product_cat":[5145],"product_tag":[],"class_list":{"0":"post-110908","1":"product","2":"type-product","3":"status-publish","4":"has-post-thumbnail","6":"product_cat-adapters","8":"first","9":"instock","10":"shipping-taxable","11":"product-type-external"},"yoast_head":"<!-- This site is optimized with the Yoast SEO plugin v27.0 - https:\/\/yoast.com\/product\/yoast-seo-wordpress\/ -->\n<title>Adapter 1m z wtyczki 230V Unischuko na gniazdo si\u0142owe 230V\/16A\/5P 2773 - DOKTORVOLT\u00ae<\/title>\n<meta name=\"robots\" content=\"index, follow, max-snippet:-1, max-image-preview:large, max-video-preview:-1\" \/>\n<link rel=\"canonical\" href=\"https:\/\/doktorvolt.pl\/en\/oferta-doktorvolt\/extension-cords\/adapters\/adapter-1m-z-wtyczki-230v-unischuko-na-gniazdo-silowe-230v-16a-5p-2773\/\" \/>\n<meta property=\"og:locale\" content=\"en_US\" \/>\n<meta property=\"og:type\" content=\"article\" \/>\n<meta property=\"og:title\" content=\"Adapter 1m z wtyczki 230V Unischuko na gniazdo si\u0142owe 230V\/16A\/5P 2773 - DOKTORVOLT\u00ae\" \/>\n<meta property=\"og:description\" content=\"Kabel przej\u015bciowy adapter 1m z wtyczki 230V\u00a0Unischuko na gniazdo si\u0142owe CEE 230V\/16A\/5P przew\u00f3d 3x1,5mm2 Doktorvolt\" \/>\n<meta property=\"og:url\" content=\"https:\/\/doktorvolt.pl\/en\/oferta-doktorvolt\/extension-cords\/adapters\/adapter-1m-z-wtyczki-230v-unischuko-na-gniazdo-silowe-230v-16a-5p-2773\/\" \/>\n<meta property=\"og:site_name\" content=\"DOKTORVOLT\u00ae\" \/>\n<meta property=\"og:image\" content=\"https:\/\/doktorvolt.pl\/wp-content\/uploads\/2026\/02\/pol_pl_13693-13693_1.jpg\" \/>\n\t<meta property=\"og:image:width\" content=\"1000\" \/>\n\t<meta property=\"og:image:height\" content=\"1000\" \/>\n\t<meta property=\"og:image:type\" content=\"image\/jpeg\" \/>\n<meta name=\"twitter:card\" content=\"summary_large_image\" \/>\n<meta name=\"twitter:label1\" content=\"Est. reading time\" \/>\n\t<meta name=\"twitter:data1\" content=\"1 minute\" \/>\n<script type=\"application\/ld+json\" class=\"yoast-schema-graph\">{\"@context\":\"https:\/\/schema.org\",\"@graph\":[{\"@type\":\"WebPage\",\"@id\":\"https:\/\/doktorvolt.pl\/en\/oferta-doktorvolt\/extension-cords\/adapters\/adapter-1m-z-wtyczki-230v-unischuko-na-gniazdo-silowe-230v-16a-5p-2773\/\",\"url\":\"https:\/\/doktorvolt.pl\/en\/oferta-doktorvolt\/extension-cords\/adapters\/adapter-1m-z-wtyczki-230v-unischuko-na-gniazdo-silowe-230v-16a-5p-2773\/\",\"name\":\"Adapter 1m z wtyczki 230V Unischuko na gniazdo si\u0142owe 230V\/16A\/5P 2773 - DOKTORVOLT\u00ae\",\"isPartOf\":{\"@id\":\"https:\/\/doktorvolt.pl\/de\/#website\"},\"primaryImageOfPage\":{\"@id\":\"https:\/\/doktorvolt.pl\/en\/oferta-doktorvolt\/extension-cords\/adapters\/adapter-1m-z-wtyczki-230v-unischuko-na-gniazdo-silowe-230v-16a-5p-2773\/#primaryimage\"},\"image\":{\"@id\":\"https:\/\/doktorvolt.pl\/en\/oferta-doktorvolt\/extension-cords\/adapters\/adapter-1m-z-wtyczki-230v-unischuko-na-gniazdo-silowe-230v-16a-5p-2773\/#primaryimage\"},\"thumbnailUrl\":\"https:\/\/doktorvolt.pl\/wp-content\/uploads\/2026\/02\/pol_pl_13693-13693_1.jpg\",\"datePublished\":\"2026-02-23T13:35:21+00:00\",\"breadcrumb\":{\"@id\":\"https:\/\/doktorvolt.pl\/en\/oferta-doktorvolt\/extension-cords\/adapters\/adapter-1m-z-wtyczki-230v-unischuko-na-gniazdo-silowe-230v-16a-5p-2773\/#breadcrumb\"},\"inLanguage\":\"en-US\",\"potentialAction\":[{\"@type\":\"ReadAction\",\"target\":[\"https:\/\/doktorvolt.pl\/en\/oferta-doktorvolt\/extension-cords\/adapters\/adapter-1m-z-wtyczki-230v-unischuko-na-gniazdo-silowe-230v-16a-5p-2773\/\"]}]},{\"@type\":\"ImageObject\",\"inLanguage\":\"en-US\",\"@id\":\"https:\/\/doktorvolt.pl\/en\/oferta-doktorvolt\/extension-cords\/adapters\/adapter-1m-z-wtyczki-230v-unischuko-na-gniazdo-silowe-230v-16a-5p-2773\/#primaryimage\",\"url\":\"https:\/\/doktorvolt.pl\/wp-content\/uploads\/2026\/02\/pol_pl_13693-13693_1.jpg\",\"contentUrl\":\"https:\/\/doktorvolt.pl\/wp-content\/uploads\/2026\/02\/pol_pl_13693-13693_1.jpg\",\"width\":1000,\"height\":1000},{\"@type\":\"BreadcrumbList\",\"@id\":\"https:\/\/doktorvolt.pl\/en\/oferta-doktorvolt\/extension-cords\/adapters\/adapter-1m-z-wtyczki-230v-unischuko-na-gniazdo-silowe-230v-16a-5p-2773\/#breadcrumb\",\"itemListElement\":[{\"@type\":\"ListItem\",\"position\":1,\"name\":\"Strona g\u0142\u00f3wna\",\"item\":\"https:\/\/doktorvolt.pl\/en\/\"},{\"@type\":\"ListItem\",\"position\":2,\"name\":\"Offer Doktorvolt\",\"item\":\"https:\/\/doktorvolt.pl\/en\/offer-doktorvolt\/\"},{\"@type\":\"ListItem\",\"position\":3,\"name\":\"Adapter 1m z wtyczki 230V Unischuko na gniazdo si\u0142owe 230V\/16A\/5P 2773\"}]},{\"@type\":\"WebSite\",\"@id\":\"https:\/\/doktorvolt.pl\/de\/#website\",\"url\":\"https:\/\/doktorvolt.pl\/de\/\",\"name\":\"DOKTORVOLT\u00ae\",\"description\":\"Producent rozdzielnic budowlanych\",\"publisher\":{\"@id\":\"https:\/\/doktorvolt.pl\/de\/#organization\"},\"potentialAction\":[{\"@type\":\"SearchAction\",\"target\":{\"@type\":\"EntryPoint\",\"urlTemplate\":\"https:\/\/doktorvolt.pl\/de\/?s={search_term_string}\"},\"query-input\":{\"@type\":\"PropertyValueSpecification\",\"valueRequired\":true,\"valueName\":\"search_term_string\"}}],\"inLanguage\":\"en-US\"},{\"@type\":\"Organization\",\"@id\":\"https:\/\/doktorvolt.pl\/de\/#organization\",\"name\":\"DOKTORVOLT\u00ae\",\"url\":\"https:\/\/doktorvolt.pl\/de\/\",\"logo\":{\"@type\":\"ImageObject\",\"inLanguage\":\"en-US\",\"@id\":\"https:\/\/doktorvolt.pl\/de\/#\/schema\/logo\/image\/\",\"url\":\"https:\/\/doktorvolt.pl\/wp-content\/uploads\/2023\/10\/DoktorVOLT-black-png.png\",\"contentUrl\":\"https:\/\/doktorvolt.pl\/wp-content\/uploads\/2023\/10\/DoktorVOLT-black-png.png\",\"width\":729,\"height\":40,\"caption\":\"DOKTORVOLT\u00ae\"},\"image\":{\"@id\":\"https:\/\/doktorvolt.pl\/de\/#\/schema\/logo\/image\/\"}}]}<\/script>\n<!-- \/ Yoast SEO plugin. -->","yoast_head_json":{"title":"Adapter 1m z wtyczki 230V Unischuko na gniazdo si\u0142owe 230V\/16A\/5P 2773 - DOKTORVOLT\u00ae","robots":{"index":"index","follow":"follow","max-snippet":"max-snippet:-1","max-image-preview":"max-image-preview:large","max-video-preview":"max-video-preview:-1"},"canonical":"https:\/\/doktorvolt.pl\/en\/oferta-doktorvolt\/extension-cords\/adapters\/adapter-1m-z-wtyczki-230v-unischuko-na-gniazdo-silowe-230v-16a-5p-2773\/","og_locale":"en_US","og_type":"article","og_title":"Adapter 1m z wtyczki 230V Unischuko na gniazdo si\u0142owe 230V\/16A\/5P 2773 - DOKTORVOLT\u00ae","og_description":"Kabel przej\u015bciowy adapter 1m z wtyczki 230V\u00a0Unischuko na gniazdo si\u0142owe CEE 230V\/16A\/5P przew\u00f3d 3x1,5mm2 Doktorvolt","og_url":"https:\/\/doktorvolt.pl\/en\/oferta-doktorvolt\/extension-cords\/adapters\/adapter-1m-z-wtyczki-230v-unischuko-na-gniazdo-silowe-230v-16a-5p-2773\/","og_site_name":"DOKTORVOLT\u00ae","og_image":[{"width":1000,"height":1000,"url":"https:\/\/doktorvolt.pl\/wp-content\/uploads\/2026\/02\/pol_pl_13693-13693_1.jpg","type":"image\/jpeg"}],"twitter_card":"summary_large_image","twitter_misc":{"Est. reading time":"1 minute"},"schema":{"@context":"https:\/\/schema.org","@graph":[{"@type":"WebPage","@id":"https:\/\/doktorvolt.pl\/en\/oferta-doktorvolt\/extension-cords\/adapters\/adapter-1m-z-wtyczki-230v-unischuko-na-gniazdo-silowe-230v-16a-5p-2773\/","url":"https:\/\/doktorvolt.pl\/en\/oferta-doktorvolt\/extension-cords\/adapters\/adapter-1m-z-wtyczki-230v-unischuko-na-gniazdo-silowe-230v-16a-5p-2773\/","name":"Adapter 1m z wtyczki 230V Unischuko na gniazdo si\u0142owe 230V\/16A\/5P 2773 - DOKTORVOLT\u00ae","isPartOf":{"@id":"https:\/\/doktorvolt.pl\/de\/#website"},"primaryImageOfPage":{"@id":"https:\/\/doktorvolt.pl\/en\/oferta-doktorvolt\/extension-cords\/adapters\/adapter-1m-z-wtyczki-230v-unischuko-na-gniazdo-silowe-230v-16a-5p-2773\/#primaryimage"},"image":{"@id":"https:\/\/doktorvolt.pl\/en\/oferta-doktorvolt\/extension-cords\/adapters\/adapter-1m-z-wtyczki-230v-unischuko-na-gniazdo-silowe-230v-16a-5p-2773\/#primaryimage"},"thumbnailUrl":"https:\/\/doktorvolt.pl\/wp-content\/uploads\/2026\/02\/pol_pl_13693-13693_1.jpg","datePublished":"2026-02-23T13:35:21+00:00","breadcrumb":{"@id":"https:\/\/doktorvolt.pl\/en\/oferta-doktorvolt\/extension-cords\/adapters\/adapter-1m-z-wtyczki-230v-unischuko-na-gniazdo-silowe-230v-16a-5p-2773\/#breadcrumb"},"inLanguage":"en-US","potentialAction":[{"@type":"ReadAction","target":["https:\/\/doktorvolt.pl\/en\/oferta-doktorvolt\/extension-cords\/adapters\/adapter-1m-z-wtyczki-230v-unischuko-na-gniazdo-silowe-230v-16a-5p-2773\/"]}]},{"@type":"ImageObject","inLanguage":"en-US","@id":"https:\/\/doktorvolt.pl\/en\/oferta-doktorvolt\/extension-cords\/adapters\/adapter-1m-z-wtyczki-230v-unischuko-na-gniazdo-silowe-230v-16a-5p-2773\/#primaryimage","url":"https:\/\/doktorvolt.pl\/wp-content\/uploads\/2026\/02\/pol_pl_13693-13693_1.jpg","contentUrl":"https:\/\/doktorvolt.pl\/wp-content\/uploads\/2026\/02\/pol_pl_13693-13693_1.jpg","width":1000,"height":1000},{"@type":"BreadcrumbList","@id":"https:\/\/doktorvolt.pl\/en\/oferta-doktorvolt\/extension-cords\/adapters\/adapter-1m-z-wtyczki-230v-unischuko-na-gniazdo-silowe-230v-16a-5p-2773\/#breadcrumb","itemListElement":[{"@type":"ListItem","position":1,"name":"Strona g\u0142\u00f3wna","item":"https:\/\/doktorvolt.pl\/en\/"},{"@type":"ListItem","position":2,"name":"Offer Doktorvolt","item":"https:\/\/doktorvolt.pl\/en\/offer-doktorvolt\/"},{"@type":"ListItem","position":3,"name":"Adapter 1m z wtyczki 230V Unischuko na gniazdo si\u0142owe 230V\/16A\/5P 2773"}]},{"@type":"WebSite","@id":"https:\/\/doktorvolt.pl\/de\/#website","url":"https:\/\/doktorvolt.pl\/de\/","name":"DOKTORVOLT\u00ae","description":"Producent rozdzielnic budowlanych","publisher":{"@id":"https:\/\/doktorvolt.pl\/de\/#organization"},"potentialAction":[{"@type":"SearchAction","target":{"@type":"EntryPoint","urlTemplate":"https:\/\/doktorvolt.pl\/de\/?s={search_term_string}"},"query-input":{"@type":"PropertyValueSpecification","valueRequired":true,"valueName":"search_term_string"}}],"inLanguage":"en-US"},{"@type":"Organization","@id":"https:\/\/doktorvolt.pl\/de\/#organization","name":"DOKTORVOLT\u00ae","url":"https:\/\/doktorvolt.pl\/de\/","logo":{"@type":"ImageObject","inLanguage":"en-US","@id":"https:\/\/doktorvolt.pl\/de\/#\/schema\/logo\/image\/","url":"https:\/\/doktorvolt.pl\/wp-content\/uploads\/2023\/10\/DoktorVOLT-black-png.png","contentUrl":"https:\/\/doktorvolt.pl\/wp-content\/uploads\/2023\/10\/DoktorVOLT-black-png.png","width":729,"height":40,"caption":"DOKTORVOLT\u00ae"},"image":{"@id":"https:\/\/doktorvolt.pl\/de\/#\/schema\/logo\/image\/"}}]}},"_links":{"self":[{"href":"https:\/\/doktorvolt.pl\/en\/wp-json\/wp\/v2\/product\/110908","targetHints":{"allow":["GET"]}}],"collection":[{"href":"https:\/\/doktorvolt.pl\/en\/wp-json\/wp\/v2\/product"}],"about":[{"href":"https:\/\/doktorvolt.pl\/en\/wp-json\/wp\/v2\/types\/product"}],"wp:featuredmedia":[{"embeddable":true,"href":"https:\/\/doktorvolt.pl\/en\/wp-json\/wp\/v2\/media\/102713"}],"wp:attachment":[{"href":"https:\/\/doktorvolt.pl\/en\/wp-json\/wp\/v2\/media?parent=110908"}],"wp:term":[{"taxonomy":"product_brand","embeddable":true,"href":"https:\/\/doktorvolt.pl\/en\/wp-json\/wp\/v2\/product_brand?post=110908"},{"taxonomy":"product_cat","embeddable":true,"href":"https:\/\/doktorvolt.pl\/en\/wp-json\/wp\/v2\/product_cat?post=110908"},{"taxonomy":"product_tag","embeddable":true,"href":"https:\/\/doktorvolt.pl\/en\/wp-json\/wp\/v2\/product_tag?post=110908"}],"curies":[{"name":"wp","href":"https:\/\/api.w.org\/{rel}","templated":true}]}}