{"id":110910,"date":"2026-02-23T15:35:17","date_gmt":"2026-02-23T13:35:17","guid":{"rendered":"https:\/\/doktorvolt.pl\/sklep\/uncategorized\/adapter-silowy-1m-z-wtyczki-16a-5p-400v-na-gniazdo-32a-5p-400v-2551\/"},"modified":"2026-02-23T15:35:17","modified_gmt":"2026-02-23T13:35:17","slug":"adapter-silowy-1m-z-wtyczki-16a-5p-400v-na-gniazdo-32a-5p-400v-2551","status":"publish","type":"product","link":"https:\/\/doktorvolt.pl\/en\/oferta-doktorvolt\/extension-cords\/adapters\/adapter-silowy-1m-z-wtyczki-16a-5p-400v-na-gniazdo-32a-5p-400v-2551\/","title":{"rendered":"Adapter si\u0142owy 1m z wtyczki 16A 5p 400V na gniazdo 32A 5P 400V 2551"},"content":{"rendered":"<p><!-- aukcja by Wlodi --><\/p>\n<h1 style=\"text-align: center;\"><span style=\"color: #000000;\">Kabel przej\u015bciowy 1m z wtyczki 16A 5p 400V na\u00a0gniazdo 32A 5P 400V\u00a0<\/span><\/h1>\n<p style=\"text-align: center;\"><span style=\"font-family: verdana, geneva; font-size: 12pt; color: #000000;\"><span style=\"font-family: verdana, geneva; font-size: 12pt;\">Adapter przej\u015bciowy z wtyczki 16A 5P 400V na gniazdo 32A 5P 400V. Wykonany z najwy\u017cszej jako\u015bci komponent\u00f3w. Wtyczka i gniazdo marki Mennekes gwarantuj\u0105 stabiln\u0105 prac\u0119.<\/span><\/span><\/p>\n<table class=\"center\" style=\"background-color: #f5f5f5; margin-left: auto; margin-right: auto; width: 577px; height: 464px; border: 1px solid #ffffff;\" align=\"center\">\n<tbody>\n<tr>\n<td style=\"text-align: right; padding: 15px; height: 25px;\" valign=\"middle\" align=\"right\"><span style=\"font-size: 12pt; color: #000000;\"><span style=\"font-family: verdana, geneva;\"><span style=\"font-size: 12pt;\"><span style=\"font-family: verdana, geneva;\">napi\u0119cie znamionowe Un<\/span><\/span><\/span><\/span><\/td>\n<td style=\"background-color: #ffffff; text-align: center;\"><span style=\"font-family: verdana, geneva; color: #000000;\"><span style=\"font-size: 16px;\">400V<\/span><\/span><\/td>\n<\/tr>\n<tr>\n<td style=\"text-align: right; padding: 15px; height: 25px;\" valign=\"middle\" align=\"right\"><span style=\"font-family: verdana, geneva; color: #000000;\"><span style=\"font-size: 16px;\">Nat\u0119\u017cenie znamionowe In<\/span><\/span><\/td>\n<td style=\"background-color: #ffffff; text-align: center; width: 200px;\"><span style=\"font-family: verdana, geneva; color: #000000;\"><span style=\"font-size: 16px;\">16A<\/span><\/span><\/td>\n<\/tr>\n<tr>\n<td style=\"text-align: right; padding: 15px; height: 25px;\" valign=\"middle\" align=\"right\"><span style=\"font-family: verdana, geneva; color: #000000;\"><span style=\"font-size: 16px;\">wtyczka<\/span><\/span><\/td>\n<td style=\"background-color: #ffffff; text-align: center; width: 200px;\"><span style=\"font-family: verdana, geneva; color: #000000;\"><span style=\"font-size: 16px;\">16A 400V 5P IP44 Mennekes<\/span><\/span><\/td>\n<\/tr>\n<tr>\n<td style=\"text-align: right; padding: 15px; height: 25px;\" valign=\"middle\" align=\"right\"><span style=\"font-family: verdana, geneva; color: #000000;\"><span style=\"font-size: 16px;\">gniazdo<\/span><\/span><\/td>\n<td style=\"background-color: #ffffff; text-align: center; width: 200px;\"><span style=\"font-family: verdana, geneva; color: #000000;\"><span style=\"font-size: 16px;\">32A 400V 5P IP44 Mennekes<\/span><\/span><\/td>\n<\/tr>\n<tr>\n<td style=\"text-align: right; padding: 15px; height: 25px;\" valign=\"middle\" align=\"right\"><span style=\"font-size: 12pt; color: #000000;\"><span style=\"font-family: verdana, geneva;\">przekr\u00f3j kabla<\/span><\/span><\/td>\n<td style=\"background-color: #ffffff; text-align: center; width: 200px;\"><span style=\"font-family: verdana, geneva; font-size: 12pt; color: #000000;\">5\u00d72,5mm2<\/span><\/td>\n<\/tr>\n<tr>\n<td style=\"text-align: right; padding: 15px; height: 25px;\" valign=\"middle\" align=\"right\"><span style=\"font-family: verdana, geneva; color: #000000;\"><span style=\"font-size: 16px;\">typ kabla<\/span><\/span><\/td>\n<td style=\"background-color: #ffffff; text-align: center; width: 200px;\">\n<p><span style=\"font-family: verdana, geneva; font-size: 12pt; color: #000000;\">H07RN-F<\/span><\/p>\n<\/p>\n<p><span style=\"font-family: verdana, geneva; font-size: 12pt; color: #000000;\">(gumowy OnPD, olejoodporny, \u015brednie obci\u0105\u017cenia mechaniczne)<br \/><\/span><\/p>\n<\/td>\n<\/tr>\n<tr>\n<td style=\"text-align: right; padding: 15px; height: 25px;\" valign=\"middle\" align=\"right\"><span style=\"font-family: verdana, geneva; color: #000000;\"><span style=\"font-size: 16px;\">stopie\u0144 ochrony<\/span><\/span><\/td>\n<td style=\"background-color: #ffffff; text-align: center; width: 200px;\">\n<p><span style=\"font-family: verdana, geneva; color: #000000;\"><span style=\"font-size: 16px;\">IP44<\/span><\/span><\/p>\n<\/td>\n<\/tr>\n<tr>\n<td style=\"text-align: right; padding: 15px; height: 25px;\" valign=\"middle\" align=\"right\"><span style=\"font-size: 12pt; color: #000000;\"><span style=\"font-family: verdana, geneva;\">materia\u0142<br \/><\/span><\/span><\/td>\n<td style=\"background-color: #ffffff; text-align: center; width: 200px;\">\n<p><span style=\"font-family: verdana, geneva; font-size: 12pt; color: #000000;\">tworzywo sztuczne, guma<\/span><\/p>\n<\/td>\n<\/tr>\n<tr>\n<td style=\"text-align: right; padding: 15px; height: 25px;\" valign=\"middle\" align=\"right\"><span style=\"font-size: 12pt; color: #000000;\"><span style=\"font-family: verdana, geneva;\">d\u0142ugos\u0107 z gniazdem i wtyczk\u0105<\/span><\/span><\/td>\n<td style=\"background-color: #ffffff; text-align: center; width: 200px;\">\n<p><span style=\"font-family: verdana, geneva; color: #000000;\"><span style=\"font-size: 16px;\">110cm<\/span><\/span><\/p>\n<\/td>\n<\/tr>\n<tr>\n<td style=\"text-align: right; padding: 15px; height: 25px;\" valign=\"middle\" align=\"right\"><span style=\"font-size: 12pt; color: #000000;\"><span style=\"font-family: verdana, geneva;\">producent\u00a0 <br \/><\/span><\/span><\/td>\n<td style=\"background-color: #ffffff; text-align: center; width: 200px;\"><span style=\"font-family: verdana, geneva; font-size: 12pt; color: #000000;\">Doktorvolt<\/span><\/td>\n<\/tr>\n<tr>\n<td style=\"text-align: right; padding: 15px; height: 25px;\" valign=\"middle\" align=\"right\"><span style=\"font-size: 12pt; color: #000000;\"><span style=\"font-family: verdana, geneva;\">oznaczenie producenta<\/span><\/span><\/td>\n<td style=\"background-color: #ffffff; text-align: center;\"><span style=\"font-family: verdana, geneva; font-size: 12pt; color: #000000;\">DV-2551-D-16-A-32<\/span><\/td>\n<\/tr>\n<tr>\n<td style=\"text-align: right; padding: 15px; height: 25px;\" valign=\"middle\" align=\"right\"><span style=\"font-size: 12pt; color: #000000;\"><span style=\"font-family: verdana, geneva;\">kod EAN<\/span><\/span><\/td>\n<td style=\"background-color: #ffffff; text-align: center;\"><span style=\"font-family: verdana, geneva; font-size: 12pt; color: #000000;\"><span class=\"series\">5907589332551<\/span><\/span><\/td>\n<\/tr>\n<\/tbody>\n<\/table>\n","protected":false},"excerpt":{"rendered":"<p>Kabel przej\u015bciowy 1m\u00a0z wtyczki 16A 5p 400V na gniazdo 32A 5P 400V<\/p>\n","protected":false},"featured_media":102703,"template":"","meta":[],"product_brand":[],"product_cat":[5145],"product_tag":[],"class_list":{"0":"post-110910","1":"product","2":"type-product","3":"status-publish","4":"has-post-thumbnail","6":"product_cat-adapters","8":"first","9":"instock","10":"shipping-taxable","11":"product-type-external"},"yoast_head":"<!-- This site is optimized with the Yoast SEO plugin v27.0 - https:\/\/yoast.com\/product\/yoast-seo-wordpress\/ -->\n<title>Adapter si\u0142owy 1m z wtyczki 16A 5p 400V na gniazdo 32A 5P 400V 2551 - DOKTORVOLT\u00ae<\/title>\n<meta name=\"robots\" content=\"index, follow, max-snippet:-1, max-image-preview:large, max-video-preview:-1\" \/>\n<link rel=\"canonical\" href=\"https:\/\/doktorvolt.pl\/en\/oferta-doktorvolt\/extension-cords\/adapters\/adapter-silowy-1m-z-wtyczki-16a-5p-400v-na-gniazdo-32a-5p-400v-2551\/\" \/>\n<meta property=\"og:locale\" content=\"en_US\" \/>\n<meta property=\"og:type\" content=\"article\" \/>\n<meta property=\"og:title\" content=\"Adapter si\u0142owy 1m z wtyczki 16A 5p 400V na gniazdo 32A 5P 400V 2551 - DOKTORVOLT\u00ae\" \/>\n<meta property=\"og:description\" content=\"Kabel przej\u015bciowy 1m\u00a0z wtyczki 16A 5p 400V na gniazdo 32A 5P 400V\" \/>\n<meta property=\"og:url\" content=\"https:\/\/doktorvolt.pl\/en\/oferta-doktorvolt\/extension-cords\/adapters\/adapter-silowy-1m-z-wtyczki-16a-5p-400v-na-gniazdo-32a-5p-400v-2551\/\" \/>\n<meta property=\"og:site_name\" content=\"DOKTORVOLT\u00ae\" \/>\n<meta property=\"og:image\" content=\"https:\/\/doktorvolt.pl\/wp-content\/uploads\/2026\/02\/pol_pl_13648-13648_1.jpg\" \/>\n\t<meta property=\"og:image:width\" content=\"1000\" \/>\n\t<meta property=\"og:image:height\" content=\"1000\" \/>\n\t<meta property=\"og:image:type\" content=\"image\/jpeg\" \/>\n<meta name=\"twitter:card\" content=\"summary_large_image\" \/>\n<meta name=\"twitter:label1\" content=\"Est. reading time\" \/>\n\t<meta name=\"twitter:data1\" content=\"1 minute\" \/>\n<script type=\"application\/ld+json\" class=\"yoast-schema-graph\">{\"@context\":\"https:\/\/schema.org\",\"@graph\":[{\"@type\":\"WebPage\",\"@id\":\"https:\/\/doktorvolt.pl\/en\/oferta-doktorvolt\/extension-cords\/adapters\/adapter-silowy-1m-z-wtyczki-16a-5p-400v-na-gniazdo-32a-5p-400v-2551\/\",\"url\":\"https:\/\/doktorvolt.pl\/en\/oferta-doktorvolt\/extension-cords\/adapters\/adapter-silowy-1m-z-wtyczki-16a-5p-400v-na-gniazdo-32a-5p-400v-2551\/\",\"name\":\"Adapter si\u0142owy 1m z wtyczki 16A 5p 400V na gniazdo 32A 5P 400V 2551 - DOKTORVOLT\u00ae\",\"isPartOf\":{\"@id\":\"https:\/\/doktorvolt.pl\/de\/#website\"},\"primaryImageOfPage\":{\"@id\":\"https:\/\/doktorvolt.pl\/en\/oferta-doktorvolt\/extension-cords\/adapters\/adapter-silowy-1m-z-wtyczki-16a-5p-400v-na-gniazdo-32a-5p-400v-2551\/#primaryimage\"},\"image\":{\"@id\":\"https:\/\/doktorvolt.pl\/en\/oferta-doktorvolt\/extension-cords\/adapters\/adapter-silowy-1m-z-wtyczki-16a-5p-400v-na-gniazdo-32a-5p-400v-2551\/#primaryimage\"},\"thumbnailUrl\":\"https:\/\/doktorvolt.pl\/wp-content\/uploads\/2026\/02\/pol_pl_13648-13648_1.jpg\",\"datePublished\":\"2026-02-23T13:35:17+00:00\",\"breadcrumb\":{\"@id\":\"https:\/\/doktorvolt.pl\/en\/oferta-doktorvolt\/extension-cords\/adapters\/adapter-silowy-1m-z-wtyczki-16a-5p-400v-na-gniazdo-32a-5p-400v-2551\/#breadcrumb\"},\"inLanguage\":\"en-US\",\"potentialAction\":[{\"@type\":\"ReadAction\",\"target\":[\"https:\/\/doktorvolt.pl\/en\/oferta-doktorvolt\/extension-cords\/adapters\/adapter-silowy-1m-z-wtyczki-16a-5p-400v-na-gniazdo-32a-5p-400v-2551\/\"]}]},{\"@type\":\"ImageObject\",\"inLanguage\":\"en-US\",\"@id\":\"https:\/\/doktorvolt.pl\/en\/oferta-doktorvolt\/extension-cords\/adapters\/adapter-silowy-1m-z-wtyczki-16a-5p-400v-na-gniazdo-32a-5p-400v-2551\/#primaryimage\",\"url\":\"https:\/\/doktorvolt.pl\/wp-content\/uploads\/2026\/02\/pol_pl_13648-13648_1.jpg\",\"contentUrl\":\"https:\/\/doktorvolt.pl\/wp-content\/uploads\/2026\/02\/pol_pl_13648-13648_1.jpg\",\"width\":1000,\"height\":1000},{\"@type\":\"BreadcrumbList\",\"@id\":\"https:\/\/doktorvolt.pl\/en\/oferta-doktorvolt\/extension-cords\/adapters\/adapter-silowy-1m-z-wtyczki-16a-5p-400v-na-gniazdo-32a-5p-400v-2551\/#breadcrumb\",\"itemListElement\":[{\"@type\":\"ListItem\",\"position\":1,\"name\":\"Strona g\u0142\u00f3wna\",\"item\":\"https:\/\/doktorvolt.pl\/en\/\"},{\"@type\":\"ListItem\",\"position\":2,\"name\":\"Offer Doktorvolt\",\"item\":\"https:\/\/doktorvolt.pl\/en\/offer-doktorvolt\/\"},{\"@type\":\"ListItem\",\"position\":3,\"name\":\"Adapter si\u0142owy 1m z wtyczki 16A 5p 400V na gniazdo 32A 5P 400V 2551\"}]},{\"@type\":\"WebSite\",\"@id\":\"https:\/\/doktorvolt.pl\/de\/#website\",\"url\":\"https:\/\/doktorvolt.pl\/de\/\",\"name\":\"DOKTORVOLT\u00ae\",\"description\":\"Producent rozdzielnic budowlanych\",\"publisher\":{\"@id\":\"https:\/\/doktorvolt.pl\/de\/#organization\"},\"potentialAction\":[{\"@type\":\"SearchAction\",\"target\":{\"@type\":\"EntryPoint\",\"urlTemplate\":\"https:\/\/doktorvolt.pl\/de\/?s={search_term_string}\"},\"query-input\":{\"@type\":\"PropertyValueSpecification\",\"valueRequired\":true,\"valueName\":\"search_term_string\"}}],\"inLanguage\":\"en-US\"},{\"@type\":\"Organization\",\"@id\":\"https:\/\/doktorvolt.pl\/de\/#organization\",\"name\":\"DOKTORVOLT\u00ae\",\"url\":\"https:\/\/doktorvolt.pl\/de\/\",\"logo\":{\"@type\":\"ImageObject\",\"inLanguage\":\"en-US\",\"@id\":\"https:\/\/doktorvolt.pl\/de\/#\/schema\/logo\/image\/\",\"url\":\"https:\/\/doktorvolt.pl\/wp-content\/uploads\/2023\/10\/DoktorVOLT-black-png.png\",\"contentUrl\":\"https:\/\/doktorvolt.pl\/wp-content\/uploads\/2023\/10\/DoktorVOLT-black-png.png\",\"width\":729,\"height\":40,\"caption\":\"DOKTORVOLT\u00ae\"},\"image\":{\"@id\":\"https:\/\/doktorvolt.pl\/de\/#\/schema\/logo\/image\/\"}}]}<\/script>\n<!-- \/ Yoast SEO plugin. -->","yoast_head_json":{"title":"Adapter si\u0142owy 1m z wtyczki 16A 5p 400V na gniazdo 32A 5P 400V 2551 - DOKTORVOLT\u00ae","robots":{"index":"index","follow":"follow","max-snippet":"max-snippet:-1","max-image-preview":"max-image-preview:large","max-video-preview":"max-video-preview:-1"},"canonical":"https:\/\/doktorvolt.pl\/en\/oferta-doktorvolt\/extension-cords\/adapters\/adapter-silowy-1m-z-wtyczki-16a-5p-400v-na-gniazdo-32a-5p-400v-2551\/","og_locale":"en_US","og_type":"article","og_title":"Adapter si\u0142owy 1m z wtyczki 16A 5p 400V na gniazdo 32A 5P 400V 2551 - DOKTORVOLT\u00ae","og_description":"Kabel przej\u015bciowy 1m\u00a0z wtyczki 16A 5p 400V na gniazdo 32A 5P 400V","og_url":"https:\/\/doktorvolt.pl\/en\/oferta-doktorvolt\/extension-cords\/adapters\/adapter-silowy-1m-z-wtyczki-16a-5p-400v-na-gniazdo-32a-5p-400v-2551\/","og_site_name":"DOKTORVOLT\u00ae","og_image":[{"width":1000,"height":1000,"url":"https:\/\/doktorvolt.pl\/wp-content\/uploads\/2026\/02\/pol_pl_13648-13648_1.jpg","type":"image\/jpeg"}],"twitter_card":"summary_large_image","twitter_misc":{"Est. reading time":"1 minute"},"schema":{"@context":"https:\/\/schema.org","@graph":[{"@type":"WebPage","@id":"https:\/\/doktorvolt.pl\/en\/oferta-doktorvolt\/extension-cords\/adapters\/adapter-silowy-1m-z-wtyczki-16a-5p-400v-na-gniazdo-32a-5p-400v-2551\/","url":"https:\/\/doktorvolt.pl\/en\/oferta-doktorvolt\/extension-cords\/adapters\/adapter-silowy-1m-z-wtyczki-16a-5p-400v-na-gniazdo-32a-5p-400v-2551\/","name":"Adapter si\u0142owy 1m z wtyczki 16A 5p 400V na gniazdo 32A 5P 400V 2551 - DOKTORVOLT\u00ae","isPartOf":{"@id":"https:\/\/doktorvolt.pl\/de\/#website"},"primaryImageOfPage":{"@id":"https:\/\/doktorvolt.pl\/en\/oferta-doktorvolt\/extension-cords\/adapters\/adapter-silowy-1m-z-wtyczki-16a-5p-400v-na-gniazdo-32a-5p-400v-2551\/#primaryimage"},"image":{"@id":"https:\/\/doktorvolt.pl\/en\/oferta-doktorvolt\/extension-cords\/adapters\/adapter-silowy-1m-z-wtyczki-16a-5p-400v-na-gniazdo-32a-5p-400v-2551\/#primaryimage"},"thumbnailUrl":"https:\/\/doktorvolt.pl\/wp-content\/uploads\/2026\/02\/pol_pl_13648-13648_1.jpg","datePublished":"2026-02-23T13:35:17+00:00","breadcrumb":{"@id":"https:\/\/doktorvolt.pl\/en\/oferta-doktorvolt\/extension-cords\/adapters\/adapter-silowy-1m-z-wtyczki-16a-5p-400v-na-gniazdo-32a-5p-400v-2551\/#breadcrumb"},"inLanguage":"en-US","potentialAction":[{"@type":"ReadAction","target":["https:\/\/doktorvolt.pl\/en\/oferta-doktorvolt\/extension-cords\/adapters\/adapter-silowy-1m-z-wtyczki-16a-5p-400v-na-gniazdo-32a-5p-400v-2551\/"]}]},{"@type":"ImageObject","inLanguage":"en-US","@id":"https:\/\/doktorvolt.pl\/en\/oferta-doktorvolt\/extension-cords\/adapters\/adapter-silowy-1m-z-wtyczki-16a-5p-400v-na-gniazdo-32a-5p-400v-2551\/#primaryimage","url":"https:\/\/doktorvolt.pl\/wp-content\/uploads\/2026\/02\/pol_pl_13648-13648_1.jpg","contentUrl":"https:\/\/doktorvolt.pl\/wp-content\/uploads\/2026\/02\/pol_pl_13648-13648_1.jpg","width":1000,"height":1000},{"@type":"BreadcrumbList","@id":"https:\/\/doktorvolt.pl\/en\/oferta-doktorvolt\/extension-cords\/adapters\/adapter-silowy-1m-z-wtyczki-16a-5p-400v-na-gniazdo-32a-5p-400v-2551\/#breadcrumb","itemListElement":[{"@type":"ListItem","position":1,"name":"Strona g\u0142\u00f3wna","item":"https:\/\/doktorvolt.pl\/en\/"},{"@type":"ListItem","position":2,"name":"Offer Doktorvolt","item":"https:\/\/doktorvolt.pl\/en\/offer-doktorvolt\/"},{"@type":"ListItem","position":3,"name":"Adapter si\u0142owy 1m z wtyczki 16A 5p 400V na gniazdo 32A 5P 400V 2551"}]},{"@type":"WebSite","@id":"https:\/\/doktorvolt.pl\/de\/#website","url":"https:\/\/doktorvolt.pl\/de\/","name":"DOKTORVOLT\u00ae","description":"Producent rozdzielnic budowlanych","publisher":{"@id":"https:\/\/doktorvolt.pl\/de\/#organization"},"potentialAction":[{"@type":"SearchAction","target":{"@type":"EntryPoint","urlTemplate":"https:\/\/doktorvolt.pl\/de\/?s={search_term_string}"},"query-input":{"@type":"PropertyValueSpecification","valueRequired":true,"valueName":"search_term_string"}}],"inLanguage":"en-US"},{"@type":"Organization","@id":"https:\/\/doktorvolt.pl\/de\/#organization","name":"DOKTORVOLT\u00ae","url":"https:\/\/doktorvolt.pl\/de\/","logo":{"@type":"ImageObject","inLanguage":"en-US","@id":"https:\/\/doktorvolt.pl\/de\/#\/schema\/logo\/image\/","url":"https:\/\/doktorvolt.pl\/wp-content\/uploads\/2023\/10\/DoktorVOLT-black-png.png","contentUrl":"https:\/\/doktorvolt.pl\/wp-content\/uploads\/2023\/10\/DoktorVOLT-black-png.png","width":729,"height":40,"caption":"DOKTORVOLT\u00ae"},"image":{"@id":"https:\/\/doktorvolt.pl\/de\/#\/schema\/logo\/image\/"}}]}},"_links":{"self":[{"href":"https:\/\/doktorvolt.pl\/en\/wp-json\/wp\/v2\/product\/110910","targetHints":{"allow":["GET"]}}],"collection":[{"href":"https:\/\/doktorvolt.pl\/en\/wp-json\/wp\/v2\/product"}],"about":[{"href":"https:\/\/doktorvolt.pl\/en\/wp-json\/wp\/v2\/types\/product"}],"wp:featuredmedia":[{"embeddable":true,"href":"https:\/\/doktorvolt.pl\/en\/wp-json\/wp\/v2\/media\/102703"}],"wp:attachment":[{"href":"https:\/\/doktorvolt.pl\/en\/wp-json\/wp\/v2\/media?parent=110910"}],"wp:term":[{"taxonomy":"product_brand","embeddable":true,"href":"https:\/\/doktorvolt.pl\/en\/wp-json\/wp\/v2\/product_brand?post=110910"},{"taxonomy":"product_cat","embeddable":true,"href":"https:\/\/doktorvolt.pl\/en\/wp-json\/wp\/v2\/product_cat?post=110910"},{"taxonomy":"product_tag","embeddable":true,"href":"https:\/\/doktorvolt.pl\/en\/wp-json\/wp\/v2\/product_tag?post=110910"}],"curies":[{"name":"wp","href":"https:\/\/api.w.org\/{rel}","templated":true}]}}