{"id":110912,"date":"2026-02-23T15:34:51","date_gmt":"2026-02-23T13:34:51","guid":{"rendered":"https:\/\/doktorvolt.pl\/sklep\/uncategorized\/przedluzacz-bebnowy-4x230v-16a-25m-3x25mm2-9994\/"},"modified":"2026-02-23T15:34:51","modified_gmt":"2026-02-23T13:34:51","slug":"przedluzacz-bebnowy-4x230v-16a-25m-3x25mm2-9994","status":"publish","type":"product","link":"https:\/\/doktorvolt.pl\/en\/oferta-doktorvolt\/extension-cords\/cable-reels\/przedluzacz-bebnowy-4x230v-16a-25m-3x25mm2-9994\/","title":{"rendered":"Przed\u0142u\u017cacz b\u0119bnowy 4x230V\/16A 25m 3&#215;2,5mm2 9994"},"content":{"rendered":"<h1 style=\"text-align:center;\"><span style=\"color:#000000;\">Przed\u0142u\u017cacz b\u0119bnowy 25m 16A 230V IP20<br \/><\/span><\/h1>\n<\/p>\n<p style=\"font-family:verdana, geneva;font-size:12pt;text-align:center;\"><span style=\"color:#000000;\">&#x2b50;&#x2b50;&#x2b50;&#x2b50;&#x2b50;<\/span><\/p>\n<p style=\"text-align:center;\"><img decoding=\"async\" src=\"https:\/\/preis-zone.pl\/img\/cms\/DV-9994-F-B230%20(4).jpg\" alt=\"\" width=\"491\" height=\"491\" \/><\/p>\n<p style=\"text-align:justify;\"><span style=\"font-family:verdana, geneva;font-size:12pt;color:#000000;\">&#x27a1;&#xfe0f; Przed\u0142u\u017cacz na zwijanym b\u0119bnie z innowacyjnym systemem anti-twist (sta\u0142e gniazda), unikatowym, metalowym stojakiem oraz zabezpieczeniem przeci\u0105\u017ceniowym w postaci wy\u0142\u0105cznika termicznego. <\/span><\/p>\n<p style=\"text-align:justify;\"><span style=\"font-family:verdana, geneva;font-size:12pt;color:#000000;\">&#x27a1;&#xfe0f; Kabel gumowy, olejoodporny H07RN-F o d\u0142ugo\u015bci 25m. Przed\u0142u\u017cacz posiada 4 gniazda sieciowe typu E z uziemieniem, przes\u0142onami tor\u00f3w pr\u0105dowych oraz pokrywami uszczelniaj\u0105cymi, kt\u00f3re chroni\u0105 przed zabrudzeniami i wilgoci\u0105 <\/span><\/p>\n<p style=\"text-align:justify;\"><span style=\"font-family:verdana, geneva;font-size:12pt;color:#000000;\">&#x27a1;&#xfe0f; Kabel jest wygodny w u\u017cytkowaniu, posiada gumowy uchwyt do przenoszenia, obracaj\u0105cy si\u0119 uchwyt do zwijania kabla, blokad\u0119 obrotu b\u0119bna i wtyczk\u0119 zalewan\u0105 o stopniu ochrony IP44. Kabel przystosowany do ci\u0119\u017ckich warunk\u00f3w u\u017cytkowania r\u00f3wnie\u017c na zewn\u0105trz.<\/span><\/p>\n<p style=\"text-align:center;\">\n<\/p>\n<p style=\"text-align:justify;\"><strong><span style=\"font-family:verdana, geneva;font-size:12pt;color:#000000;\">&#x27a1;&#xfe0f; Specyfikacja produktu:<\/span><\/strong><\/p>\n<p style=\"text-align:justify;\"><strong><span style=\"font-family:verdana, geneva;font-size:12pt;color:#000000;\">&#x2714;&#xfe0f; solidny ergonomiczny uchwyt,<\/span><\/strong><\/p>\n<p style=\"text-align:justify;\"><strong><span style=\"font-family:verdana, geneva;font-size:12pt;color:#000000;\">&#x2714;&#xfe0f; 4 gniazda typu E (typ francuski),<\/span><\/strong><\/p>\n<p style=\"text-align:justify;\"><strong><span style=\"font-family:verdana, geneva;font-size:12pt;color:#000000;\">&#x2714;&#xfe0f; wy\u0142\u0105cznik termiczny,<\/span><\/strong><\/p>\n<p style=\"text-align:justify;\"><strong><span style=\"font-family:verdana, geneva;font-size:12pt;color:#000000;\">&#x2714;&#xfe0f; obracaj\u0105cy si\u0119 uchwyt,<\/span><\/strong><\/p>\n<p style=\"text-align:justify;\"><strong><span style=\"font-family:verdana, geneva;font-size:12pt;color:#000000;\">&#x2714;&#xfe0f; <\/span><span style=\"font-family:verdana, geneva;font-size:12pt;color:#000000;\">gniazda<\/span><span style=\"font-family:verdana, geneva;font-size:12pt;color:#000000;\"> IP20,<\/span><\/strong><\/p>\n<p style=\"text-align:justify;\"><strong><span style=\"font-family:verdana, geneva;font-size:12pt;color:#000000;\">&#x2714;&#xfe0f; <\/span><span style=\"font-family:verdana, geneva;font-size:12pt;color:#000000;\">wtyczka<\/span><span style=\"font-family:verdana, geneva;font-size:12pt;color:#000000;\"> IP44,<\/span><\/strong><\/p>\n<p style=\"text-align:justify;\"><strong><span style=\"font-family:verdana, geneva;font-size:12pt;color:#000000;\">&#x2714;&#xfe0f; stalowy stela\u017c.<\/span><\/strong><\/p>\n<\/p>\n<p style=\"text-align:justify;\"><strong><span style=\"font-family:verdana, geneva;font-size:12pt;color:#000000;\">&#x27a1;&#xfe0f; Specyfikacja techniczna:<\/span><\/strong><\/p>\n<p style=\"text-align:justify;\"><strong><span style=\"font-family:verdana, geneva;font-size:12pt;color:#000000;\">&#x2714;&#xfe0f; <\/span><\/strong><span style=\"font-family:verdana, geneva;font-size:12pt;color:#000000;\">typ gniazda:<\/span><strong><span style=\"font-family:verdana, geneva;font-size:12pt;color:#000000;\">\u00a0<strong>E (typ francuski)<\/strong>,<\/span><\/strong><\/p>\n<p style=\"text-align:justify;\"><strong><span style=\"font-family:verdana, geneva;font-size:12pt;color:#000000;\">&#x2714;&#xfe0f; <\/span><\/strong><span style=\"font-family:verdana, geneva;font-size:12pt;color:#000000;\">napi\u0119cie [V]:<\/span><strong><span style=\"font-family:verdana, geneva;font-size:12pt;color:#000000;\"> 230,<\/span><\/strong><\/p>\n<p style=\"text-align:justify;\"><strong><span style=\"font-family:verdana, geneva;font-size:12pt;color:#000000;\">&#x2714;&#xfe0f; <\/span><\/strong><span style=\"font-family:verdana, geneva;font-size:12pt;color:#000000;\">moc [W]:<\/span><strong><span style=\"font-family:verdana, geneva;font-size:12pt;color:#000000;\"> 3680,<\/span><\/strong><\/p>\n<p style=\"text-align:justify;\"><strong><span style=\"font-family:verdana, geneva;font-size:12pt;color:#000000;\">&#x2714;&#xfe0f; <\/span><\/strong><span style=\"font-family:verdana, geneva;font-size:12pt;color:#000000;\">maksymalne obci\u0105\u017cenie [A]:<\/span><strong><span style=\"font-family:verdana, geneva;font-size:12pt;color:#000000;\"> 16,<\/span><\/strong><\/p>\n<p style=\"text-align:justify;\"><strong><span style=\"font-family:verdana, geneva;font-size:12pt;color:#000000;\">&#x2714;&#xfe0f; <\/span><\/strong><span style=\"font-family:verdana, geneva;font-size:12pt;color:#000000;\">ilo\u015b\u0107 gniazd:<\/span><strong><span style=\"font-family:verdana, geneva;font-size:12pt;color:#000000;\"> 4,<\/span><\/strong><\/p>\n<p style=\"text-align:justify;\"><strong><span style=\"font-family:verdana, geneva;font-size:12pt;color:#000000;\">&#x2714;&#xfe0f; <\/span><\/strong><span style=\"font-family:verdana, geneva;font-size:12pt;color:#000000;\">\u017cy\u0142a:<\/span><strong><span style=\"font-family:verdana, geneva;font-size:12pt;color:#000000;\"> H07RN-F,<\/span><\/strong><\/p>\n<p style=\"text-align:justify;\"><strong><span style=\"font-family:verdana, geneva;font-size:12pt;color:#000000;\">&#x2714;&#xfe0f; <\/span><\/strong><span style=\"font-family:verdana, geneva;font-size:12pt;color:#000000;\">typ izolacji:<\/span><strong><span style=\"font-family:verdana, geneva;font-size:12pt;color:#000000;\"> GUMA,<\/span><\/strong><\/p>\n<p style=\"text-align:justify;\"><strong><span style=\"font-family:verdana, geneva;font-size:12pt;color:#000000;\">&#x2714;&#xfe0f; <\/span><\/strong><span style=\"font-family:verdana, geneva;font-size:12pt;color:#000000;\">przekr\u00f3j przewodu [mm\u00b2]:<\/span><strong><span style=\"font-family:verdana, geneva;font-size:12pt;color:#000000;\"> 3\u00d72,5,<\/span><\/strong><\/p>\n<p style=\"text-align:justify;\"><strong><span style=\"font-family:verdana, geneva;font-size:12pt;color:#000000;\">&#x2714;&#xfe0f; <\/span><\/strong><span style=\"font-family:verdana, geneva;font-size:12pt;color:#000000;\">d\u0142ugo\u015b\u0107 przewodu (m):<\/span><strong><span style=\"font-family:verdana, geneva;font-size:12pt;color:#000000;\"> 25,<\/span><\/strong><\/p>\n<p style=\"text-align:justify;\"><strong><span style=\"font-family:verdana, geneva;font-size:12pt;color:#000000;\">&#x2714;&#xfe0f; <\/span><\/strong><span style=\"font-family:verdana, geneva;font-size:12pt;color:#000000;\">stopie\u0144 ochrony [IP]:<\/span><strong><span style=\"font-family:verdana, geneva;font-size:12pt;color:#000000;\"> IP20,<\/span><\/strong><\/p>\n<p style=\"text-align:justify;\"><strong><span style=\"font-family:verdana, geneva;font-size:12pt;color:#000000;\">&#x2714;&#xfe0f; <\/span><\/strong><span style=\"font-family:verdana, geneva;font-size:12pt;color:#000000;\">do u\u017cytku:<\/span><strong><span style=\"font-family:verdana, geneva;font-size:12pt;color:#000000;\"> wewn\u0119trznego,<\/span><\/strong><\/p>\n<p style=\"text-align:justify;\"><strong><span style=\"font-family:verdana, geneva;font-size:12pt;color:#000000;\">&#x2714;&#xfe0f;<\/span><\/strong><span style=\"font-family:verdana, geneva;font-size:12pt;color:#000000;\"> nat\u0119\u017cenie\/moc przewodu zwini\u0119tego:<\/span><strong><span style=\"font-family:verdana, geneva;font-size:12pt;color:#000000;\"> 6A\/1380W,<\/span><\/strong><\/p>\n<p style=\"text-align:justify;\"><strong><span style=\"font-family:verdana, geneva;font-size:12pt;color:#000000;\">&#x2714;&#xfe0f; <\/span><\/strong><span style=\"font-family:verdana, geneva;font-size:12pt;color:#000000;\">nat\u0119\u017cenie\/moc przewodu rozwini\u0119tego:<\/span><strong><span style=\"font-family:verdana, geneva;font-size:12pt;color:#000000;\"> 16A\/3680W,<\/span><\/strong><\/p>\n<p style=\"text-align:justify;\"><strong><span style=\"font-family:verdana, geneva;font-size:12pt;color:#000000;\">&#x2714;&#xfe0f; <\/span><\/strong><span style=\"font-family:verdana, geneva;font-size:12pt;color:#000000;\">uziemienie:<\/span><strong><span style=\"font-family:verdana, geneva;font-size:12pt;color:#000000;\"> tak,<\/span><\/strong><\/p>\n<p style=\"text-align:justify;\"><strong><span style=\"font-family:verdana, geneva;font-size:12pt;color:#000000;\">&#x2714;&#xfe0f; <\/span><\/strong><span style=\"font-family:verdana, geneva;font-size:12pt;color:#000000;\">przes\u0142ony tor\u00f3w pr\u0105dowych:<\/span><strong><span style=\"font-family:verdana, geneva;font-size:12pt;color:#000000;\"> tak,<\/span><\/strong><\/p>\n<p style=\"text-align:justify;\"><strong><span style=\"font-family:verdana, geneva;font-size:12pt;color:#000000;\">&#x2714;&#xfe0f; <\/span><\/strong><span style=\"font-family:verdana, geneva;font-size:12pt;color:#000000;\">bezpiecznik termiczny:<\/span><strong><span style=\"font-family:verdana, geneva;font-size:12pt;color:#000000;\"> tak,<\/span><\/strong><\/p>\n<p style=\"text-align:justify;\"><strong><span style=\"font-family:verdana, geneva;font-size:12pt;color:#000000;\">&#x2714;&#xfe0f; <\/span><\/strong><span style=\"font-family:verdana, geneva;font-size:12pt;color:#000000;\">kolor przewodu:<\/span><strong><span style=\"font-family:verdana, geneva;font-size:12pt;color:#000000;\"> czarny,<\/span><\/strong><\/p>\n<p style=\"text-align:justify;\">\n","protected":false},"excerpt":{"rendered":"","protected":false},"featured_media":102669,"template":"","meta":[],"product_brand":[],"product_cat":[5248],"product_tag":[],"class_list":{"0":"post-110912","1":"product","2":"type-product","3":"status-publish","4":"has-post-thumbnail","6":"product_cat-cable-reels","7":"pa_dlugosc-kabla-25m","8":"pa_ilosc-gniazd-5249","9":"pa_maks-obciazenie-16a","10":"pa_stopien-ochrony-ip20","12":"first","13":"instock","14":"shipping-taxable","15":"product-type-external"},"yoast_head":"<!-- This site is optimized with the Yoast SEO plugin v27.0 - https:\/\/yoast.com\/product\/yoast-seo-wordpress\/ -->\n<title>Przed\u0142u\u017cacz b\u0119bnowy 4x230V\/16A 25m 3x2,5mm2 9994 - DOKTORVOLT\u00ae<\/title>\n<meta name=\"robots\" content=\"index, follow, max-snippet:-1, max-image-preview:large, max-video-preview:-1\" \/>\n<link rel=\"canonical\" href=\"https:\/\/doktorvolt.pl\/oferta-doktorvolt\/przedluzacze\/przedluzacze-bebnowe\/przedluzacz-bebnowy-4x230v-16a-25m-3x25mm2-9994\/\" \/>\n<meta property=\"og:locale\" content=\"en_US\" \/>\n<meta property=\"og:type\" content=\"article\" \/>\n<meta property=\"og:title\" content=\"Przed\u0142u\u017cacz b\u0119bnowy 4x230V\/16A 25m 3x2,5mm2 9994 - DOKTORVOLT\u00ae\" \/>\n<meta property=\"og:url\" content=\"https:\/\/doktorvolt.pl\/oferta-doktorvolt\/przedluzacze\/przedluzacze-bebnowe\/przedluzacz-bebnowy-4x230v-16a-25m-3x25mm2-9994\/\" \/>\n<meta property=\"og:site_name\" content=\"DOKTORVOLT\u00ae\" \/>\n<meta property=\"og:image\" content=\"https:\/\/doktorvolt.pl\/wp-content\/uploads\/2026\/02\/pol_pl_16568-16568_1.jpg\" \/>\n\t<meta property=\"og:image:width\" content=\"1000\" \/>\n\t<meta property=\"og:image:height\" content=\"1000\" \/>\n\t<meta property=\"og:image:type\" content=\"image\/jpeg\" \/>\n<meta name=\"twitter:card\" content=\"summary_large_image\" \/>\n<meta name=\"twitter:label1\" content=\"Est. reading time\" \/>\n\t<meta name=\"twitter:data1\" content=\"2 minutes\" \/>\n<script type=\"application\/ld+json\" class=\"yoast-schema-graph\">{\"@context\":\"https:\/\/schema.org\",\"@graph\":[{\"@type\":\"WebPage\",\"@id\":\"https:\/\/doktorvolt.pl\/oferta-doktorvolt\/przedluzacze\/przedluzacze-bebnowe\/przedluzacz-bebnowy-4x230v-16a-25m-3x25mm2-9994\/\",\"url\":\"https:\/\/doktorvolt.pl\/oferta-doktorvolt\/przedluzacze\/przedluzacze-bebnowe\/przedluzacz-bebnowy-4x230v-16a-25m-3x25mm2-9994\/\",\"name\":\"Przed\u0142u\u017cacz b\u0119bnowy 4x230V\/16A 25m 3x2,5mm2 9994 - DOKTORVOLT\u00ae\",\"isPartOf\":{\"@id\":\"https:\/\/doktorvolt.pl\/de\/#website\"},\"primaryImageOfPage\":{\"@id\":\"https:\/\/doktorvolt.pl\/oferta-doktorvolt\/przedluzacze\/przedluzacze-bebnowe\/przedluzacz-bebnowy-4x230v-16a-25m-3x25mm2-9994\/#primaryimage\"},\"image\":{\"@id\":\"https:\/\/doktorvolt.pl\/oferta-doktorvolt\/przedluzacze\/przedluzacze-bebnowe\/przedluzacz-bebnowy-4x230v-16a-25m-3x25mm2-9994\/#primaryimage\"},\"thumbnailUrl\":\"https:\/\/doktorvolt.pl\/wp-content\/uploads\/2026\/02\/pol_pl_16568-16568_1.jpg\",\"datePublished\":\"2026-02-23T13:34:51+00:00\",\"breadcrumb\":{\"@id\":\"https:\/\/doktorvolt.pl\/oferta-doktorvolt\/przedluzacze\/przedluzacze-bebnowe\/przedluzacz-bebnowy-4x230v-16a-25m-3x25mm2-9994\/#breadcrumb\"},\"inLanguage\":\"en-US\",\"potentialAction\":[{\"@type\":\"ReadAction\",\"target\":[\"https:\/\/doktorvolt.pl\/oferta-doktorvolt\/przedluzacze\/przedluzacze-bebnowe\/przedluzacz-bebnowy-4x230v-16a-25m-3x25mm2-9994\/\"]}]},{\"@type\":\"ImageObject\",\"inLanguage\":\"en-US\",\"@id\":\"https:\/\/doktorvolt.pl\/oferta-doktorvolt\/przedluzacze\/przedluzacze-bebnowe\/przedluzacz-bebnowy-4x230v-16a-25m-3x25mm2-9994\/#primaryimage\",\"url\":\"https:\/\/doktorvolt.pl\/wp-content\/uploads\/2026\/02\/pol_pl_16568-16568_1.jpg\",\"contentUrl\":\"https:\/\/doktorvolt.pl\/wp-content\/uploads\/2026\/02\/pol_pl_16568-16568_1.jpg\",\"width\":1000,\"height\":1000},{\"@type\":\"BreadcrumbList\",\"@id\":\"https:\/\/doktorvolt.pl\/oferta-doktorvolt\/przedluzacze\/przedluzacze-bebnowe\/przedluzacz-bebnowy-4x230v-16a-25m-3x25mm2-9994\/#breadcrumb\",\"itemListElement\":[{\"@type\":\"ListItem\",\"position\":1,\"name\":\"Strona g\u0142\u00f3wna\",\"item\":\"https:\/\/doktorvolt.pl\/en\/\"},{\"@type\":\"ListItem\",\"position\":2,\"name\":\"Offer Doktorvolt\",\"item\":\"https:\/\/doktorvolt.pl\/en\/offer-doktorvolt\/\"},{\"@type\":\"ListItem\",\"position\":3,\"name\":\"Przed\u0142u\u017cacz b\u0119bnowy 4x230V\/16A 25m 3&#215;2,5mm2 9994\"}]},{\"@type\":\"WebSite\",\"@id\":\"https:\/\/doktorvolt.pl\/de\/#website\",\"url\":\"https:\/\/doktorvolt.pl\/de\/\",\"name\":\"DOKTORVOLT\u00ae\",\"description\":\"Producent rozdzielnic budowlanych\",\"publisher\":{\"@id\":\"https:\/\/doktorvolt.pl\/de\/#organization\"},\"potentialAction\":[{\"@type\":\"SearchAction\",\"target\":{\"@type\":\"EntryPoint\",\"urlTemplate\":\"https:\/\/doktorvolt.pl\/de\/?s={search_term_string}\"},\"query-input\":{\"@type\":\"PropertyValueSpecification\",\"valueRequired\":true,\"valueName\":\"search_term_string\"}}],\"inLanguage\":\"en-US\"},{\"@type\":\"Organization\",\"@id\":\"https:\/\/doktorvolt.pl\/de\/#organization\",\"name\":\"DOKTORVOLT\u00ae\",\"url\":\"https:\/\/doktorvolt.pl\/de\/\",\"logo\":{\"@type\":\"ImageObject\",\"inLanguage\":\"en-US\",\"@id\":\"https:\/\/doktorvolt.pl\/de\/#\/schema\/logo\/image\/\",\"url\":\"https:\/\/doktorvolt.pl\/wp-content\/uploads\/2023\/10\/DoktorVOLT-black-png.png\",\"contentUrl\":\"https:\/\/doktorvolt.pl\/wp-content\/uploads\/2023\/10\/DoktorVOLT-black-png.png\",\"width\":729,\"height\":40,\"caption\":\"DOKTORVOLT\u00ae\"},\"image\":{\"@id\":\"https:\/\/doktorvolt.pl\/de\/#\/schema\/logo\/image\/\"}}]}<\/script>\n<!-- \/ Yoast SEO plugin. -->","yoast_head_json":{"title":"Przed\u0142u\u017cacz b\u0119bnowy 4x230V\/16A 25m 3x2,5mm2 9994 - DOKTORVOLT\u00ae","robots":{"index":"index","follow":"follow","max-snippet":"max-snippet:-1","max-image-preview":"max-image-preview:large","max-video-preview":"max-video-preview:-1"},"canonical":"https:\/\/doktorvolt.pl\/oferta-doktorvolt\/przedluzacze\/przedluzacze-bebnowe\/przedluzacz-bebnowy-4x230v-16a-25m-3x25mm2-9994\/","og_locale":"en_US","og_type":"article","og_title":"Przed\u0142u\u017cacz b\u0119bnowy 4x230V\/16A 25m 3x2,5mm2 9994 - DOKTORVOLT\u00ae","og_url":"https:\/\/doktorvolt.pl\/oferta-doktorvolt\/przedluzacze\/przedluzacze-bebnowe\/przedluzacz-bebnowy-4x230v-16a-25m-3x25mm2-9994\/","og_site_name":"DOKTORVOLT\u00ae","og_image":[{"width":1000,"height":1000,"url":"https:\/\/doktorvolt.pl\/wp-content\/uploads\/2026\/02\/pol_pl_16568-16568_1.jpg","type":"image\/jpeg"}],"twitter_card":"summary_large_image","twitter_misc":{"Est. reading time":"2 minutes"},"schema":{"@context":"https:\/\/schema.org","@graph":[{"@type":"WebPage","@id":"https:\/\/doktorvolt.pl\/oferta-doktorvolt\/przedluzacze\/przedluzacze-bebnowe\/przedluzacz-bebnowy-4x230v-16a-25m-3x25mm2-9994\/","url":"https:\/\/doktorvolt.pl\/oferta-doktorvolt\/przedluzacze\/przedluzacze-bebnowe\/przedluzacz-bebnowy-4x230v-16a-25m-3x25mm2-9994\/","name":"Przed\u0142u\u017cacz b\u0119bnowy 4x230V\/16A 25m 3x2,5mm2 9994 - DOKTORVOLT\u00ae","isPartOf":{"@id":"https:\/\/doktorvolt.pl\/de\/#website"},"primaryImageOfPage":{"@id":"https:\/\/doktorvolt.pl\/oferta-doktorvolt\/przedluzacze\/przedluzacze-bebnowe\/przedluzacz-bebnowy-4x230v-16a-25m-3x25mm2-9994\/#primaryimage"},"image":{"@id":"https:\/\/doktorvolt.pl\/oferta-doktorvolt\/przedluzacze\/przedluzacze-bebnowe\/przedluzacz-bebnowy-4x230v-16a-25m-3x25mm2-9994\/#primaryimage"},"thumbnailUrl":"https:\/\/doktorvolt.pl\/wp-content\/uploads\/2026\/02\/pol_pl_16568-16568_1.jpg","datePublished":"2026-02-23T13:34:51+00:00","breadcrumb":{"@id":"https:\/\/doktorvolt.pl\/oferta-doktorvolt\/przedluzacze\/przedluzacze-bebnowe\/przedluzacz-bebnowy-4x230v-16a-25m-3x25mm2-9994\/#breadcrumb"},"inLanguage":"en-US","potentialAction":[{"@type":"ReadAction","target":["https:\/\/doktorvolt.pl\/oferta-doktorvolt\/przedluzacze\/przedluzacze-bebnowe\/przedluzacz-bebnowy-4x230v-16a-25m-3x25mm2-9994\/"]}]},{"@type":"ImageObject","inLanguage":"en-US","@id":"https:\/\/doktorvolt.pl\/oferta-doktorvolt\/przedluzacze\/przedluzacze-bebnowe\/przedluzacz-bebnowy-4x230v-16a-25m-3x25mm2-9994\/#primaryimage","url":"https:\/\/doktorvolt.pl\/wp-content\/uploads\/2026\/02\/pol_pl_16568-16568_1.jpg","contentUrl":"https:\/\/doktorvolt.pl\/wp-content\/uploads\/2026\/02\/pol_pl_16568-16568_1.jpg","width":1000,"height":1000},{"@type":"BreadcrumbList","@id":"https:\/\/doktorvolt.pl\/oferta-doktorvolt\/przedluzacze\/przedluzacze-bebnowe\/przedluzacz-bebnowy-4x230v-16a-25m-3x25mm2-9994\/#breadcrumb","itemListElement":[{"@type":"ListItem","position":1,"name":"Strona g\u0142\u00f3wna","item":"https:\/\/doktorvolt.pl\/en\/"},{"@type":"ListItem","position":2,"name":"Offer Doktorvolt","item":"https:\/\/doktorvolt.pl\/en\/offer-doktorvolt\/"},{"@type":"ListItem","position":3,"name":"Przed\u0142u\u017cacz b\u0119bnowy 4x230V\/16A 25m 3&#215;2,5mm2 9994"}]},{"@type":"WebSite","@id":"https:\/\/doktorvolt.pl\/de\/#website","url":"https:\/\/doktorvolt.pl\/de\/","name":"DOKTORVOLT\u00ae","description":"Producent rozdzielnic budowlanych","publisher":{"@id":"https:\/\/doktorvolt.pl\/de\/#organization"},"potentialAction":[{"@type":"SearchAction","target":{"@type":"EntryPoint","urlTemplate":"https:\/\/doktorvolt.pl\/de\/?s={search_term_string}"},"query-input":{"@type":"PropertyValueSpecification","valueRequired":true,"valueName":"search_term_string"}}],"inLanguage":"en-US"},{"@type":"Organization","@id":"https:\/\/doktorvolt.pl\/de\/#organization","name":"DOKTORVOLT\u00ae","url":"https:\/\/doktorvolt.pl\/de\/","logo":{"@type":"ImageObject","inLanguage":"en-US","@id":"https:\/\/doktorvolt.pl\/de\/#\/schema\/logo\/image\/","url":"https:\/\/doktorvolt.pl\/wp-content\/uploads\/2023\/10\/DoktorVOLT-black-png.png","contentUrl":"https:\/\/doktorvolt.pl\/wp-content\/uploads\/2023\/10\/DoktorVOLT-black-png.png","width":729,"height":40,"caption":"DOKTORVOLT\u00ae"},"image":{"@id":"https:\/\/doktorvolt.pl\/de\/#\/schema\/logo\/image\/"}}]}},"_links":{"self":[{"href":"https:\/\/doktorvolt.pl\/en\/wp-json\/wp\/v2\/product\/110912","targetHints":{"allow":["GET"]}}],"collection":[{"href":"https:\/\/doktorvolt.pl\/en\/wp-json\/wp\/v2\/product"}],"about":[{"href":"https:\/\/doktorvolt.pl\/en\/wp-json\/wp\/v2\/types\/product"}],"wp:featuredmedia":[{"embeddable":true,"href":"https:\/\/doktorvolt.pl\/en\/wp-json\/wp\/v2\/media\/102669"}],"wp:attachment":[{"href":"https:\/\/doktorvolt.pl\/en\/wp-json\/wp\/v2\/media?parent=110912"}],"wp:term":[{"taxonomy":"product_brand","embeddable":true,"href":"https:\/\/doktorvolt.pl\/en\/wp-json\/wp\/v2\/product_brand?post=110912"},{"taxonomy":"product_cat","embeddable":true,"href":"https:\/\/doktorvolt.pl\/en\/wp-json\/wp\/v2\/product_cat?post=110912"},{"taxonomy":"product_tag","embeddable":true,"href":"https:\/\/doktorvolt.pl\/en\/wp-json\/wp\/v2\/product_tag?post=110912"}],"curies":[{"name":"wp","href":"https:\/\/api.w.org\/{rel}","templated":true}]}}