{"id":110913,"date":"2026-02-23T15:34:44","date_gmt":"2026-02-23T13:34:44","guid":{"rendered":"https:\/\/doktorvolt.pl\/sklep\/uncategorized\/kabel-przejsciowy-033m-ip44-230v-16a-z-wtyczki-230v-na-gniazdo-kempingowe-przewod-3x25-doktorvolt-6503\/"},"modified":"2026-02-23T15:34:44","modified_gmt":"2026-02-23T13:34:44","slug":"kabel-przejsciowy-033m-ip44-230v-16a-z-wtyczki-230v-na-gniazdo-kempingowe-przewod-3x25-doktorvolt-6503","status":"publish","type":"product","link":"https:\/\/doktorvolt.pl\/en\/oferta-doktorvolt\/extension-cords\/adapters\/kabel-przejsciowy-033m-ip44-230v-16a-z-wtyczki-230v-na-gniazdo-kempingowe-przewod-3x25-doktorvolt-6503\/","title":{"rendered":"Kabel przej\u015bciowy 0,33m IP44 230V\/16A z wtyczki 230V na gniazdo kempingowe przew\u00f3d 3&#215;2,5 Doktorvolt\u00ae  6503"},"content":{"rendered":"<h1 style=\"text-align: center;\"><span>Kabel przej\u015bciowy 0,33m IP44 230V\/16A z wtyczki 230V na gniazdo kempingowe przew\u00f3d 3&#215;2,5 Doktorvolt\u00ae 6503<\/span><\/h1>\n<div style=\"display: flex; width: 100%; flex-wrap: wrap; justify-content: space-around;\">\n<div style=\"display: flex; justify-content: center; align-items: center; padding-left: 50px; padding-right: 50px; padding-top: 30px;\">\n<div style=\"min-width: 250px; max-width: 500px;\">\n<h2 style=\"text-align: justify;\"><strong><span>Specyfikacja techniczna:<\/span><\/strong><\/h2>\n<ul>\n<li><span><strong>Zastosowanie:<\/strong>\u00a0warsztaty samochodowe, plac budowy, ogrody, kempingi<\/span><\/li>\n<li><span><strong>Wyposa\u017cenie:<\/strong> gniazdo przeno\u015bne 2P+PE 16A 250V Mennekes TYP 14502 IP54,<\/span><span>\u00a0wtyczka gumowa prosta 2P+Z z uziemieniem czarna IP44 16A 230V<\/span><\/li>\n<li><span><strong>Przew\u00f3d:<\/strong> 3&#215;2,5mm\u00b2<\/span><\/li>\n<li><span><strong>Max. pr\u0105d:<\/strong> 16 A <\/span><\/li>\n<li><span><strong>Klasa szczelno\u015bci:<\/strong> IP44 <\/span><\/li>\n<li><span><strong>Izolacja kabla:<\/strong> neopren &#8211; kauczuk <\/span><\/li>\n<li><span><strong>Typ kabla:<\/strong> H07RN-F 3G2,5 <\/span><\/li>\n<li><span><strong>D\u0142ugo\u015b\u0107:<\/strong> 0,33m <\/span><\/li>\n<li><span><strong>Producent:<\/strong> DoktorVolt <\/span><\/li>\n<li><span><strong>EAN:<\/strong> 5904730356503 <\/span><\/li>\n<\/ul>\n<\/div>\n<\/div>\n<div style=\"display: flex;\"><img decoding=\"async\" src=\"\/data\/include\/cms\/description\/img\/cms\/Zdj\u0119cia produkt\u00f3w 2024\/DV-6503-230-A-16\/DV-6503-230-A-16_2.jpg\" width=\"427\" height=\"427\" style=\"max-width: 100%;\" alt=\"Kabel przej\u015bciowy 0,33m IP44 230V\/16A z wtyczki 230V na gniazdo kempingowe przew\u00f3d 3x2,5 Doktorvolt\u00ae 6503\" \/><\/div>\n<\/div>\n<div style=\"display: flex; width: 100%; flex-wrap: wrap; justify-content: space-around;\">\n<div><img decoding=\"async\" src=\"\/data\/include\/cms\/description\/img\/cms\/Zdj\u0119cia produkt\u00f3w 2024\/DV-6503-230-A-16\/DV-6503-230-A-16_11.jpg\" width=\"472\" height=\"472\" style=\"max-width: 100%;\" alt=\"Kabel przej\u015bciowy 0,33m IP44 230V\/16A z wtyczki 230V na gniazdo kempingowe przew\u00f3d 3x2,5 Doktorvolt\u00ae 6503\" \/><\/div>\n<div style=\"display: flex; flex-direction: column; justify-content: center; align-items: left; padding-left: 50px; padding-right: 50px; padding-top: 30px; max-width: 500px;\">\n<h2><strong>Wykonanie wysokiej jako\u015bci:<\/strong><\/h2>\n<div style=\"min-width: 250px;\">\n<div style=\"min-width: 250px; text-align: justify;\">Wysokiej jako\u015bci kabel przej\u015bciowy renomowanego producenta <strong>Doktorvolt<\/strong>, stworzony z my\u015bl\u0105 o bezpiecze\u0144stwie i niezawodnym zasilaniu. Idealnie rozwi\u0105zanie dla os\u00f3b ceni\u0105cych sobie niezawodno\u015b\u0107 i wysok\u0105 jako\u015b\u0107 wykonania. Kabel wyposa\u017cony w gumow\u0105 wtyczk\u0119 z uziemieniem oraz gniazdo przeno\u015bne firmy Mennekes gwarantuje pewne po\u0142\u0105czenie w ka\u017cdych warunkach. Idealnie nadaje si\u0119 do warsztat\u00f3w samochodowych, plac\u00f3w budowy, ogrod\u00f3w oraz kemping\u00f3w. Stworzony w <strong>klasie ochrony IP54<\/strong>,zapewnia odporno\u015b\u0107 na py\u0142 i zachlapania a jego wytrzyma\u0142a konstrukcja pozwala na u\u017cytkowanie zar\u00f3wno w domu jak i w wymagaj\u0105cych warunkach zewn\u0119trznych.<\/div>\n<\/p>\n<\/div>\n<\/div>\n<\/div>\n<div style=\"display: flex; width: 100%; flex-wrap: wrap; justify-content: space-around;\">\n<div style=\"display: flex; flex-direction: column; justify-content: center; align-items: left; padding-left: 50px; padding-right: 50px; padding-top: 30px;\">\n<div style=\"max-width: 500px;\"><\/div>\n<\/div>\n<\/div>\n","protected":false},"excerpt":{"rendered":"<p>Kabel przej\u015bciowy 0,33m z wtyczki 230V na gniazdo kempingowe<\/p>\n","protected":false},"featured_media":102664,"template":"","meta":[],"product_brand":[],"product_cat":[5145],"product_tag":[],"class_list":{"0":"post-110913","1":"product","2":"type-product","3":"status-publish","4":"has-post-thumbnail","6":"product_cat-adapters","8":"first","9":"instock","10":"shipping-taxable","11":"product-type-external"},"yoast_head":"<!-- This site is optimized with the Yoast SEO plugin v27.0 - https:\/\/yoast.com\/product\/yoast-seo-wordpress\/ -->\n<title>Kabel przej\u015bciowy 0,33m IP44 230V\/16A z wtyczki 230V na gniazdo kempingowe przew\u00f3d 3x2,5 Doktorvolt\u00ae 6503 - DOKTORVOLT\u00ae<\/title>\n<meta name=\"robots\" content=\"index, follow, max-snippet:-1, max-image-preview:large, max-video-preview:-1\" \/>\n<link rel=\"canonical\" href=\"https:\/\/doktorvolt.pl\/en\/oferta-doktorvolt\/extension-cords\/adapters\/kabel-przejsciowy-033m-ip44-230v-16a-z-wtyczki-230v-na-gniazdo-kempingowe-przewod-3x25-doktorvolt-6503\/\" \/>\n<meta property=\"og:locale\" content=\"en_US\" \/>\n<meta property=\"og:type\" content=\"article\" \/>\n<meta property=\"og:title\" content=\"Kabel przej\u015bciowy 0,33m IP44 230V\/16A z wtyczki 230V na gniazdo kempingowe przew\u00f3d 3x2,5 Doktorvolt\u00ae 6503 - DOKTORVOLT\u00ae\" \/>\n<meta property=\"og:description\" content=\"Kabel przej\u015bciowy 0,33m z wtyczki 230V na gniazdo kempingowe\" \/>\n<meta property=\"og:url\" content=\"https:\/\/doktorvolt.pl\/en\/oferta-doktorvolt\/extension-cords\/adapters\/kabel-przejsciowy-033m-ip44-230v-16a-z-wtyczki-230v-na-gniazdo-kempingowe-przewod-3x25-doktorvolt-6503\/\" \/>\n<meta property=\"og:site_name\" content=\"DOKTORVOLT\u00ae\" \/>\n<meta property=\"og:image\" content=\"https:\/\/doktorvolt.pl\/wp-content\/uploads\/2026\/02\/pol_pl_12723-12723_1.jpg\" \/>\n\t<meta property=\"og:image:width\" content=\"1000\" \/>\n\t<meta property=\"og:image:height\" content=\"1000\" \/>\n\t<meta property=\"og:image:type\" content=\"image\/jpeg\" \/>\n<meta name=\"twitter:card\" content=\"summary_large_image\" \/>\n<meta name=\"twitter:label1\" content=\"Est. reading time\" \/>\n\t<meta name=\"twitter:data1\" content=\"1 minute\" \/>\n<script type=\"application\/ld+json\" class=\"yoast-schema-graph\">{\"@context\":\"https:\/\/schema.org\",\"@graph\":[{\"@type\":\"WebPage\",\"@id\":\"https:\/\/doktorvolt.pl\/en\/oferta-doktorvolt\/extension-cords\/adapters\/kabel-przejsciowy-033m-ip44-230v-16a-z-wtyczki-230v-na-gniazdo-kempingowe-przewod-3x25-doktorvolt-6503\/\",\"url\":\"https:\/\/doktorvolt.pl\/en\/oferta-doktorvolt\/extension-cords\/adapters\/kabel-przejsciowy-033m-ip44-230v-16a-z-wtyczki-230v-na-gniazdo-kempingowe-przewod-3x25-doktorvolt-6503\/\",\"name\":\"Kabel przej\u015bciowy 0,33m IP44 230V\/16A z wtyczki 230V na gniazdo kempingowe przew\u00f3d 3x2,5 Doktorvolt\u00ae 6503 - DOKTORVOLT\u00ae\",\"isPartOf\":{\"@id\":\"https:\/\/doktorvolt.pl\/de\/#website\"},\"primaryImageOfPage\":{\"@id\":\"https:\/\/doktorvolt.pl\/en\/oferta-doktorvolt\/extension-cords\/adapters\/kabel-przejsciowy-033m-ip44-230v-16a-z-wtyczki-230v-na-gniazdo-kempingowe-przewod-3x25-doktorvolt-6503\/#primaryimage\"},\"image\":{\"@id\":\"https:\/\/doktorvolt.pl\/en\/oferta-doktorvolt\/extension-cords\/adapters\/kabel-przejsciowy-033m-ip44-230v-16a-z-wtyczki-230v-na-gniazdo-kempingowe-przewod-3x25-doktorvolt-6503\/#primaryimage\"},\"thumbnailUrl\":\"https:\/\/doktorvolt.pl\/wp-content\/uploads\/2026\/02\/pol_pl_12723-12723_1.jpg\",\"datePublished\":\"2026-02-23T13:34:44+00:00\",\"breadcrumb\":{\"@id\":\"https:\/\/doktorvolt.pl\/en\/oferta-doktorvolt\/extension-cords\/adapters\/kabel-przejsciowy-033m-ip44-230v-16a-z-wtyczki-230v-na-gniazdo-kempingowe-przewod-3x25-doktorvolt-6503\/#breadcrumb\"},\"inLanguage\":\"en-US\",\"potentialAction\":[{\"@type\":\"ReadAction\",\"target\":[\"https:\/\/doktorvolt.pl\/en\/oferta-doktorvolt\/extension-cords\/adapters\/kabel-przejsciowy-033m-ip44-230v-16a-z-wtyczki-230v-na-gniazdo-kempingowe-przewod-3x25-doktorvolt-6503\/\"]}]},{\"@type\":\"ImageObject\",\"inLanguage\":\"en-US\",\"@id\":\"https:\/\/doktorvolt.pl\/en\/oferta-doktorvolt\/extension-cords\/adapters\/kabel-przejsciowy-033m-ip44-230v-16a-z-wtyczki-230v-na-gniazdo-kempingowe-przewod-3x25-doktorvolt-6503\/#primaryimage\",\"url\":\"https:\/\/doktorvolt.pl\/wp-content\/uploads\/2026\/02\/pol_pl_12723-12723_1.jpg\",\"contentUrl\":\"https:\/\/doktorvolt.pl\/wp-content\/uploads\/2026\/02\/pol_pl_12723-12723_1.jpg\",\"width\":1000,\"height\":1000},{\"@type\":\"BreadcrumbList\",\"@id\":\"https:\/\/doktorvolt.pl\/en\/oferta-doktorvolt\/extension-cords\/adapters\/kabel-przejsciowy-033m-ip44-230v-16a-z-wtyczki-230v-na-gniazdo-kempingowe-przewod-3x25-doktorvolt-6503\/#breadcrumb\",\"itemListElement\":[{\"@type\":\"ListItem\",\"position\":1,\"name\":\"Strona g\u0142\u00f3wna\",\"item\":\"https:\/\/doktorvolt.pl\/en\/\"},{\"@type\":\"ListItem\",\"position\":2,\"name\":\"Offer Doktorvolt\",\"item\":\"https:\/\/doktorvolt.pl\/en\/offer-doktorvolt\/\"},{\"@type\":\"ListItem\",\"position\":3,\"name\":\"Kabel przej\u015bciowy 0,33m IP44 230V\/16A z wtyczki 230V na gniazdo kempingowe przew\u00f3d 3&#215;2,5 Doktorvolt\u00ae 6503\"}]},{\"@type\":\"WebSite\",\"@id\":\"https:\/\/doktorvolt.pl\/de\/#website\",\"url\":\"https:\/\/doktorvolt.pl\/de\/\",\"name\":\"DOKTORVOLT\u00ae\",\"description\":\"Producent rozdzielnic budowlanych\",\"publisher\":{\"@id\":\"https:\/\/doktorvolt.pl\/de\/#organization\"},\"potentialAction\":[{\"@type\":\"SearchAction\",\"target\":{\"@type\":\"EntryPoint\",\"urlTemplate\":\"https:\/\/doktorvolt.pl\/de\/?s={search_term_string}\"},\"query-input\":{\"@type\":\"PropertyValueSpecification\",\"valueRequired\":true,\"valueName\":\"search_term_string\"}}],\"inLanguage\":\"en-US\"},{\"@type\":\"Organization\",\"@id\":\"https:\/\/doktorvolt.pl\/de\/#organization\",\"name\":\"DOKTORVOLT\u00ae\",\"url\":\"https:\/\/doktorvolt.pl\/de\/\",\"logo\":{\"@type\":\"ImageObject\",\"inLanguage\":\"en-US\",\"@id\":\"https:\/\/doktorvolt.pl\/de\/#\/schema\/logo\/image\/\",\"url\":\"https:\/\/doktorvolt.pl\/wp-content\/uploads\/2023\/10\/DoktorVOLT-black-png.png\",\"contentUrl\":\"https:\/\/doktorvolt.pl\/wp-content\/uploads\/2023\/10\/DoktorVOLT-black-png.png\",\"width\":729,\"height\":40,\"caption\":\"DOKTORVOLT\u00ae\"},\"image\":{\"@id\":\"https:\/\/doktorvolt.pl\/de\/#\/schema\/logo\/image\/\"}}]}<\/script>\n<!-- \/ Yoast SEO plugin. -->","yoast_head_json":{"title":"Kabel przej\u015bciowy 0,33m IP44 230V\/16A z wtyczki 230V na gniazdo kempingowe przew\u00f3d 3x2,5 Doktorvolt\u00ae 6503 - DOKTORVOLT\u00ae","robots":{"index":"index","follow":"follow","max-snippet":"max-snippet:-1","max-image-preview":"max-image-preview:large","max-video-preview":"max-video-preview:-1"},"canonical":"https:\/\/doktorvolt.pl\/en\/oferta-doktorvolt\/extension-cords\/adapters\/kabel-przejsciowy-033m-ip44-230v-16a-z-wtyczki-230v-na-gniazdo-kempingowe-przewod-3x25-doktorvolt-6503\/","og_locale":"en_US","og_type":"article","og_title":"Kabel przej\u015bciowy 0,33m IP44 230V\/16A z wtyczki 230V na gniazdo kempingowe przew\u00f3d 3x2,5 Doktorvolt\u00ae 6503 - DOKTORVOLT\u00ae","og_description":"Kabel przej\u015bciowy 0,33m z wtyczki 230V na gniazdo kempingowe","og_url":"https:\/\/doktorvolt.pl\/en\/oferta-doktorvolt\/extension-cords\/adapters\/kabel-przejsciowy-033m-ip44-230v-16a-z-wtyczki-230v-na-gniazdo-kempingowe-przewod-3x25-doktorvolt-6503\/","og_site_name":"DOKTORVOLT\u00ae","og_image":[{"width":1000,"height":1000,"url":"https:\/\/doktorvolt.pl\/wp-content\/uploads\/2026\/02\/pol_pl_12723-12723_1.jpg","type":"image\/jpeg"}],"twitter_card":"summary_large_image","twitter_misc":{"Est. reading time":"1 minute"},"schema":{"@context":"https:\/\/schema.org","@graph":[{"@type":"WebPage","@id":"https:\/\/doktorvolt.pl\/en\/oferta-doktorvolt\/extension-cords\/adapters\/kabel-przejsciowy-033m-ip44-230v-16a-z-wtyczki-230v-na-gniazdo-kempingowe-przewod-3x25-doktorvolt-6503\/","url":"https:\/\/doktorvolt.pl\/en\/oferta-doktorvolt\/extension-cords\/adapters\/kabel-przejsciowy-033m-ip44-230v-16a-z-wtyczki-230v-na-gniazdo-kempingowe-przewod-3x25-doktorvolt-6503\/","name":"Kabel przej\u015bciowy 0,33m IP44 230V\/16A z wtyczki 230V na gniazdo kempingowe przew\u00f3d 3x2,5 Doktorvolt\u00ae 6503 - DOKTORVOLT\u00ae","isPartOf":{"@id":"https:\/\/doktorvolt.pl\/de\/#website"},"primaryImageOfPage":{"@id":"https:\/\/doktorvolt.pl\/en\/oferta-doktorvolt\/extension-cords\/adapters\/kabel-przejsciowy-033m-ip44-230v-16a-z-wtyczki-230v-na-gniazdo-kempingowe-przewod-3x25-doktorvolt-6503\/#primaryimage"},"image":{"@id":"https:\/\/doktorvolt.pl\/en\/oferta-doktorvolt\/extension-cords\/adapters\/kabel-przejsciowy-033m-ip44-230v-16a-z-wtyczki-230v-na-gniazdo-kempingowe-przewod-3x25-doktorvolt-6503\/#primaryimage"},"thumbnailUrl":"https:\/\/doktorvolt.pl\/wp-content\/uploads\/2026\/02\/pol_pl_12723-12723_1.jpg","datePublished":"2026-02-23T13:34:44+00:00","breadcrumb":{"@id":"https:\/\/doktorvolt.pl\/en\/oferta-doktorvolt\/extension-cords\/adapters\/kabel-przejsciowy-033m-ip44-230v-16a-z-wtyczki-230v-na-gniazdo-kempingowe-przewod-3x25-doktorvolt-6503\/#breadcrumb"},"inLanguage":"en-US","potentialAction":[{"@type":"ReadAction","target":["https:\/\/doktorvolt.pl\/en\/oferta-doktorvolt\/extension-cords\/adapters\/kabel-przejsciowy-033m-ip44-230v-16a-z-wtyczki-230v-na-gniazdo-kempingowe-przewod-3x25-doktorvolt-6503\/"]}]},{"@type":"ImageObject","inLanguage":"en-US","@id":"https:\/\/doktorvolt.pl\/en\/oferta-doktorvolt\/extension-cords\/adapters\/kabel-przejsciowy-033m-ip44-230v-16a-z-wtyczki-230v-na-gniazdo-kempingowe-przewod-3x25-doktorvolt-6503\/#primaryimage","url":"https:\/\/doktorvolt.pl\/wp-content\/uploads\/2026\/02\/pol_pl_12723-12723_1.jpg","contentUrl":"https:\/\/doktorvolt.pl\/wp-content\/uploads\/2026\/02\/pol_pl_12723-12723_1.jpg","width":1000,"height":1000},{"@type":"BreadcrumbList","@id":"https:\/\/doktorvolt.pl\/en\/oferta-doktorvolt\/extension-cords\/adapters\/kabel-przejsciowy-033m-ip44-230v-16a-z-wtyczki-230v-na-gniazdo-kempingowe-przewod-3x25-doktorvolt-6503\/#breadcrumb","itemListElement":[{"@type":"ListItem","position":1,"name":"Strona g\u0142\u00f3wna","item":"https:\/\/doktorvolt.pl\/en\/"},{"@type":"ListItem","position":2,"name":"Offer Doktorvolt","item":"https:\/\/doktorvolt.pl\/en\/offer-doktorvolt\/"},{"@type":"ListItem","position":3,"name":"Kabel przej\u015bciowy 0,33m IP44 230V\/16A z wtyczki 230V na gniazdo kempingowe przew\u00f3d 3&#215;2,5 Doktorvolt\u00ae 6503"}]},{"@type":"WebSite","@id":"https:\/\/doktorvolt.pl\/de\/#website","url":"https:\/\/doktorvolt.pl\/de\/","name":"DOKTORVOLT\u00ae","description":"Producent rozdzielnic budowlanych","publisher":{"@id":"https:\/\/doktorvolt.pl\/de\/#organization"},"potentialAction":[{"@type":"SearchAction","target":{"@type":"EntryPoint","urlTemplate":"https:\/\/doktorvolt.pl\/de\/?s={search_term_string}"},"query-input":{"@type":"PropertyValueSpecification","valueRequired":true,"valueName":"search_term_string"}}],"inLanguage":"en-US"},{"@type":"Organization","@id":"https:\/\/doktorvolt.pl\/de\/#organization","name":"DOKTORVOLT\u00ae","url":"https:\/\/doktorvolt.pl\/de\/","logo":{"@type":"ImageObject","inLanguage":"en-US","@id":"https:\/\/doktorvolt.pl\/de\/#\/schema\/logo\/image\/","url":"https:\/\/doktorvolt.pl\/wp-content\/uploads\/2023\/10\/DoktorVOLT-black-png.png","contentUrl":"https:\/\/doktorvolt.pl\/wp-content\/uploads\/2023\/10\/DoktorVOLT-black-png.png","width":729,"height":40,"caption":"DOKTORVOLT\u00ae"},"image":{"@id":"https:\/\/doktorvolt.pl\/de\/#\/schema\/logo\/image\/"}}]}},"_links":{"self":[{"href":"https:\/\/doktorvolt.pl\/en\/wp-json\/wp\/v2\/product\/110913","targetHints":{"allow":["GET"]}}],"collection":[{"href":"https:\/\/doktorvolt.pl\/en\/wp-json\/wp\/v2\/product"}],"about":[{"href":"https:\/\/doktorvolt.pl\/en\/wp-json\/wp\/v2\/types\/product"}],"wp:featuredmedia":[{"embeddable":true,"href":"https:\/\/doktorvolt.pl\/en\/wp-json\/wp\/v2\/media\/102664"}],"wp:attachment":[{"href":"https:\/\/doktorvolt.pl\/en\/wp-json\/wp\/v2\/media?parent=110913"}],"wp:term":[{"taxonomy":"product_brand","embeddable":true,"href":"https:\/\/doktorvolt.pl\/en\/wp-json\/wp\/v2\/product_brand?post=110913"},{"taxonomy":"product_cat","embeddable":true,"href":"https:\/\/doktorvolt.pl\/en\/wp-json\/wp\/v2\/product_cat?post=110913"},{"taxonomy":"product_tag","embeddable":true,"href":"https:\/\/doktorvolt.pl\/en\/wp-json\/wp\/v2\/product_tag?post=110913"}],"curies":[{"name":"wp","href":"https:\/\/api.w.org\/{rel}","templated":true}]}}