{"id":110963,"date":"2026-02-23T15:31:41","date_gmt":"2026-02-23T13:31:41","guid":{"rendered":"https:\/\/doktorvolt.pl\/sklep\/uncategorized\/przedluzacz-10m-budowlany-230v-ip44-230v-16a-h07rn-f-3x15-fr-doktorvolt-6572\/"},"modified":"2026-02-23T15:31:41","modified_gmt":"2026-02-23T13:31:41","slug":"przedluzacz-10m-budowlany-230v-ip44-230v-16a-h07rn-f-3x15-fr-doktorvolt-6572","status":"publish","type":"product","link":"https:\/\/doktorvolt.pl\/en\/oferta-doktorvolt\/extension-cords\/single-socket-extension-cords\/przedluzacz-10m-budowlany-230v-ip44-230v-16a-h07rn-f-3x15-fr-doktorvolt-6572\/","title":{"rendered":"Przed\u0142u\u017cacz 10m budowlany 230V IP44 230V\/16A H07RN-F 3&#215;1,5 FR Doktorvolt\u00ae 6572"},"content":{"rendered":"<h1 style=\"text-align:center;\"><span style=\"font-size:12pt;color:#000000;\"><span style=\"font-family:verdana, geneva;\">Przed\u0142u\u017cacz\u00a010m 230V FR<\/span><\/span><\/h1>\n<h1 style=\"text-align:center;\"><\/h1>\n<p style=\"text-align:center;\">\n<p style=\"text-align:center;\">\n<p style=\"text-align:center;\"><span style=\"font-size:12pt;color:#000000;\"><span style=\"font-family:verdana, geneva;\">Przed\u0142u\u017cacz gumowy, do zastosowania w wymagaj\u0105cych warunkach. Idealny do zasilania urz\u0105dze\u0144 przeno\u015bnych. Kabel odporny na dzia\u0142anie olej\u00f3w.<\/span><\/span><\/p>\n<p style=\"text-align:center;\">\n<p style=\"text-align:justify;\">\n<table class=\"center\" style=\"background-color:#f5f5f5;margin-left:auto;margin-right:auto;width:492px;height:661px;border:1px solid #ffffff;\" align=\"center\">\n<tbody>\n<tr>\n<td style=\"text-align:right;padding:15px;height:25px;\" valign=\"middle\" align=\"right\"><span style=\"font-size:12pt;color:#000000;\"><span style=\"font-family:verdana, geneva;\">d\u0142ugo\u015b\u0107<\/span><span style=\"font-family:verdana, geneva;\"><br \/><\/span><\/span><\/td>\n<td style=\"background-color:#ffffff;text-align:center;\">\n<p><span style=\"font-family:verdana, geneva;font-size:12pt;color:#000000;\">10m<\/span><\/p>\n<\/td>\n<\/tr>\n<tr>\n<td style=\"text-align:right;padding:15px;height:25px;\" valign=\"middle\" align=\"right\"><span style=\"font-size:12pt;color:#000000;\"><span style=\"font-family:verdana, geneva;\">przekr\u00f3j kabla<\/span><\/span><\/td>\n<td style=\"background-color:#ffffff;text-align:center;\">\n<p><span style=\"font-family:verdana, geneva;font-size:12pt;color:#000000;\">3&#215;1,5mm\u00b2<\/span><\/p>\n<\/td>\n<\/tr>\n<tr>\n<td style=\"text-align:right;padding:15px;height:25px;\" valign=\"middle\" align=\"right\"><span style=\"font-size:12pt;color:#000000;\"><span style=\"font-family:verdana, geneva;\">typ kabla<br \/><\/span><\/span><\/td>\n<td style=\"background-color:#ffffff;text-align:center;\">\n<p><span style=\"font-family:verdana, geneva;font-size:12pt;color:#000000;\">H07RN-F<\/span><\/p>\n<p><span style=\"font-family:verdana, geneva;font-size:12pt;color:#000000;\">(gumowy OnPD, olejoodporny, \u015brednie obci\u0105\u017cenia mechaniczne)<br \/><\/span><\/p>\n<\/td>\n<\/tr>\n<tr>\n<td style=\"text-align:right;padding:15px;height:25px;\" valign=\"middle\" align=\"right\"><span style=\"font-size:12pt;color:#000000;\"><span style=\"font-family:verdana, geneva;\"><span style=\"font-size:12pt;\"><span style=\"font-family:verdana, geneva;\">gniazdo i wtyczka<\/span><\/span> <br \/><\/span><\/span><\/td>\n<td style=\"background-color:#ffffff;text-align:center;width:200px;\">\n<p><span style=\"font-size:12pt;font-family:verdana, geneva;color:#000000;\"><span style=\"font-size:12pt;\">Wtyczka UniSchuko 16A 230V IP44 Typ 7373 BALS<br \/>Gniazdo przeno\u015bne 16A 230V IP54 Typ 7493 <span style=\"font-size:12pt;font-family:verdana, geneva;\"><span style=\"font-size:12pt;\">7493<\/span><\/span><br \/><\/span><\/span><\/p>\n<p><span style=\"font-family:verdana, geneva;font-size:12pt;color:#000000;\"><\/span><\/td>\n<\/tr>\n<tr>\n<td style=\"text-align:right;padding:15px;height:25px;\" valign=\"middle\" align=\"right\"><span style=\"font-size:12pt;color:#000000;\"><span style=\"font-family:verdana, geneva;\"><span style=\"font-size:12pt;\"><span style=\"font-family:verdana, geneva;\"><span style=\"font-size:12pt;\"><span style=\"font-family:verdana, geneva;\"><span style=\"font-size:12pt;\"><span style=\"font-family:verdana, geneva;\">klasa szczelno\u015bci<\/span><\/span><\/span><\/span><\/span><\/span><\/span><\/span><\/td>\n<td style=\"background-color:#ffffff;text-align:center;\">\n<p><span style=\"font-family:verdana, geneva;font-size:12pt;color:#000000;\">IP44<\/span><\/p>\n<\/td>\n<\/tr>\n<tr>\n<td style=\"text-align:right;padding:15px;height:25px;\" valign=\"middle\" align=\"right\"><span style=\"font-size:12pt;color:#000000;\"><span style=\"font-family:verdana, geneva;\"><span style=\"font-size:12pt;\"><span style=\"font-family:verdana, geneva;\"><span style=\"font-size:12pt;\"><span style=\"font-family:verdana, geneva;\"><span style=\"font-size:12pt;\"><span style=\"font-family:verdana, geneva;\">producent<\/span><\/span><\/span><\/span><\/span><\/span><\/span><\/span><\/td>\n<td style=\"background-color:#ffffff;text-align:center;\">\n<p><span style=\"font-family:verdana, geneva;font-size:12pt;color:#000000;\">Doktorvolt<br \/><\/span><\/p>\n<\/td>\n<\/tr>\n<tr>\n<td style=\"text-align:right;padding:15px;height:25px;\" valign=\"middle\" align=\"right\"><span style=\"font-size:12pt;color:#000000;\"><span style=\"font-family:verdana, geneva;\">EAN<br \/><\/span><\/span><\/td>\n<td style=\"background-color:#ffffff;text-align:center;\">\n<p><span style=\"font-family:verdana, geneva;font-size:12pt;color:#000000;\">5904730356572<\/span><\/p>\n<\/td>\n<\/tr>\n<tr>\n<td style=\"text-align:right;padding:15px;height:25px;\" colspan=\"2\" valign=\"middle\" align=\"right\"><span style=\"font-size:12pt;color:#000000;\"><span style=\"font-family:verdana, geneva;\">W zestawie z przed\u0142u\u017caczem opaska samoprzylepna \u2013 rzep do spinania kabla<\/span><\/span><\/td>\n<\/tr>\n<\/tbody>\n<\/table><\/p>\n","protected":false},"excerpt":{"rendered":"<p>Przed\u0142u\u017cacz budowlany kabel przed\u0142u\u017caj\u0105cy IP44 10m 230V\/16A H07RN-F 3&#215;1,5 FR<\/p>\n","protected":false},"featured_media":102414,"template":"","meta":[],"product_brand":[],"product_cat":[5260],"product_tag":[],"class_list":{"0":"post-110963","1":"product","2":"type-product","3":"status-publish","4":"has-post-thumbnail","6":"product_cat-single-socket-extension-cords","7":"pa_dlugosc-kabla-10m","8":"pa_prad-znamionowy-16a","9":"pa_przekroj-kabla-3x1","10":"pa_przekroj-kabla-5mm","12":"first","13":"instock","14":"shipping-taxable","15":"product-type-external"},"yoast_head":"<!-- This site is optimized with the Yoast SEO plugin v27.0 - https:\/\/yoast.com\/product\/yoast-seo-wordpress\/ -->\n<title>Przed\u0142u\u017cacz 10m budowlany 230V IP44 230V\/16A H07RN-F 3x1,5 FR Doktorvolt\u00ae 6572 - DOKTORVOLT\u00ae<\/title>\n<meta name=\"robots\" content=\"index, follow, max-snippet:-1, max-image-preview:large, max-video-preview:-1\" \/>\n<link rel=\"canonical\" href=\"https:\/\/doktorvolt.pl\/oferta-doktorvolt\/przedluzacze\/przedluzacze-jednogniazdowe\/przedluzacz-10m-budowlany-230v-ip44-230v-16a-h07rn-f-3x15-fr-doktorvolt-6572\/\" \/>\n<meta property=\"og:locale\" content=\"en_US\" \/>\n<meta property=\"og:type\" content=\"article\" \/>\n<meta property=\"og:title\" content=\"Przed\u0142u\u017cacz 10m budowlany 230V IP44 230V\/16A H07RN-F 3x1,5 FR Doktorvolt\u00ae 6572 - DOKTORVOLT\u00ae\" \/>\n<meta property=\"og:description\" content=\"Przed\u0142u\u017cacz budowlany kabel przed\u0142u\u017caj\u0105cy IP44 10m 230V\/16A H07RN-F 3x1,5 FR\" \/>\n<meta property=\"og:url\" content=\"https:\/\/doktorvolt.pl\/oferta-doktorvolt\/przedluzacze\/przedluzacze-jednogniazdowe\/przedluzacz-10m-budowlany-230v-ip44-230v-16a-h07rn-f-3x15-fr-doktorvolt-6572\/\" \/>\n<meta property=\"og:site_name\" content=\"DOKTORVOLT\u00ae\" \/>\n<meta property=\"og:image\" content=\"https:\/\/doktorvolt.pl\/wp-content\/uploads\/2026\/02\/pol_pl_13245-13245_1.jpg\" \/>\n\t<meta property=\"og:image:width\" content=\"1600\" \/>\n\t<meta property=\"og:image:height\" content=\"1600\" \/>\n\t<meta property=\"og:image:type\" content=\"image\/jpeg\" \/>\n<meta name=\"twitter:card\" content=\"summary_large_image\" \/>\n<script type=\"application\/ld+json\" class=\"yoast-schema-graph\">{\"@context\":\"https:\/\/schema.org\",\"@graph\":[{\"@type\":\"WebPage\",\"@id\":\"https:\/\/doktorvolt.pl\/oferta-doktorvolt\/przedluzacze\/przedluzacze-jednogniazdowe\/przedluzacz-10m-budowlany-230v-ip44-230v-16a-h07rn-f-3x15-fr-doktorvolt-6572\/\",\"url\":\"https:\/\/doktorvolt.pl\/oferta-doktorvolt\/przedluzacze\/przedluzacze-jednogniazdowe\/przedluzacz-10m-budowlany-230v-ip44-230v-16a-h07rn-f-3x15-fr-doktorvolt-6572\/\",\"name\":\"Przed\u0142u\u017cacz 10m budowlany 230V IP44 230V\/16A H07RN-F 3x1,5 FR Doktorvolt\u00ae 6572 - DOKTORVOLT\u00ae\",\"isPartOf\":{\"@id\":\"https:\/\/doktorvolt.pl\/de\/#website\"},\"primaryImageOfPage\":{\"@id\":\"https:\/\/doktorvolt.pl\/oferta-doktorvolt\/przedluzacze\/przedluzacze-jednogniazdowe\/przedluzacz-10m-budowlany-230v-ip44-230v-16a-h07rn-f-3x15-fr-doktorvolt-6572\/#primaryimage\"},\"image\":{\"@id\":\"https:\/\/doktorvolt.pl\/oferta-doktorvolt\/przedluzacze\/przedluzacze-jednogniazdowe\/przedluzacz-10m-budowlany-230v-ip44-230v-16a-h07rn-f-3x15-fr-doktorvolt-6572\/#primaryimage\"},\"thumbnailUrl\":\"https:\/\/doktorvolt.pl\/wp-content\/uploads\/2026\/02\/pol_pl_13245-13245_1.jpg\",\"datePublished\":\"2026-02-23T13:31:41+00:00\",\"breadcrumb\":{\"@id\":\"https:\/\/doktorvolt.pl\/oferta-doktorvolt\/przedluzacze\/przedluzacze-jednogniazdowe\/przedluzacz-10m-budowlany-230v-ip44-230v-16a-h07rn-f-3x15-fr-doktorvolt-6572\/#breadcrumb\"},\"inLanguage\":\"en-US\",\"potentialAction\":[{\"@type\":\"ReadAction\",\"target\":[\"https:\/\/doktorvolt.pl\/oferta-doktorvolt\/przedluzacze\/przedluzacze-jednogniazdowe\/przedluzacz-10m-budowlany-230v-ip44-230v-16a-h07rn-f-3x15-fr-doktorvolt-6572\/\"]}]},{\"@type\":\"ImageObject\",\"inLanguage\":\"en-US\",\"@id\":\"https:\/\/doktorvolt.pl\/oferta-doktorvolt\/przedluzacze\/przedluzacze-jednogniazdowe\/przedluzacz-10m-budowlany-230v-ip44-230v-16a-h07rn-f-3x15-fr-doktorvolt-6572\/#primaryimage\",\"url\":\"https:\/\/doktorvolt.pl\/wp-content\/uploads\/2026\/02\/pol_pl_13245-13245_1.jpg\",\"contentUrl\":\"https:\/\/doktorvolt.pl\/wp-content\/uploads\/2026\/02\/pol_pl_13245-13245_1.jpg\",\"width\":1600,\"height\":1600},{\"@type\":\"BreadcrumbList\",\"@id\":\"https:\/\/doktorvolt.pl\/oferta-doktorvolt\/przedluzacze\/przedluzacze-jednogniazdowe\/przedluzacz-10m-budowlany-230v-ip44-230v-16a-h07rn-f-3x15-fr-doktorvolt-6572\/#breadcrumb\",\"itemListElement\":[{\"@type\":\"ListItem\",\"position\":1,\"name\":\"Strona g\u0142\u00f3wna\",\"item\":\"https:\/\/doktorvolt.pl\/en\/\"},{\"@type\":\"ListItem\",\"position\":2,\"name\":\"Offer Doktorvolt\",\"item\":\"https:\/\/doktorvolt.pl\/en\/offer-doktorvolt\/\"},{\"@type\":\"ListItem\",\"position\":3,\"name\":\"Przed\u0142u\u017cacz 10m budowlany 230V IP44 230V\/16A H07RN-F 3&#215;1,5 FR Doktorvolt\u00ae 6572\"}]},{\"@type\":\"WebSite\",\"@id\":\"https:\/\/doktorvolt.pl\/de\/#website\",\"url\":\"https:\/\/doktorvolt.pl\/de\/\",\"name\":\"DOKTORVOLT\u00ae\",\"description\":\"Producent rozdzielnic budowlanych\",\"publisher\":{\"@id\":\"https:\/\/doktorvolt.pl\/de\/#organization\"},\"potentialAction\":[{\"@type\":\"SearchAction\",\"target\":{\"@type\":\"EntryPoint\",\"urlTemplate\":\"https:\/\/doktorvolt.pl\/de\/?s={search_term_string}\"},\"query-input\":{\"@type\":\"PropertyValueSpecification\",\"valueRequired\":true,\"valueName\":\"search_term_string\"}}],\"inLanguage\":\"en-US\"},{\"@type\":\"Organization\",\"@id\":\"https:\/\/doktorvolt.pl\/de\/#organization\",\"name\":\"DOKTORVOLT\u00ae\",\"url\":\"https:\/\/doktorvolt.pl\/de\/\",\"logo\":{\"@type\":\"ImageObject\",\"inLanguage\":\"en-US\",\"@id\":\"https:\/\/doktorvolt.pl\/de\/#\/schema\/logo\/image\/\",\"url\":\"https:\/\/doktorvolt.pl\/wp-content\/uploads\/2023\/10\/DoktorVOLT-black-png.png\",\"contentUrl\":\"https:\/\/doktorvolt.pl\/wp-content\/uploads\/2023\/10\/DoktorVOLT-black-png.png\",\"width\":729,\"height\":40,\"caption\":\"DOKTORVOLT\u00ae\"},\"image\":{\"@id\":\"https:\/\/doktorvolt.pl\/de\/#\/schema\/logo\/image\/\"}}]}<\/script>\n<!-- \/ Yoast SEO plugin. -->","yoast_head_json":{"title":"Przed\u0142u\u017cacz 10m budowlany 230V IP44 230V\/16A H07RN-F 3x1,5 FR Doktorvolt\u00ae 6572 - DOKTORVOLT\u00ae","robots":{"index":"index","follow":"follow","max-snippet":"max-snippet:-1","max-image-preview":"max-image-preview:large","max-video-preview":"max-video-preview:-1"},"canonical":"https:\/\/doktorvolt.pl\/oferta-doktorvolt\/przedluzacze\/przedluzacze-jednogniazdowe\/przedluzacz-10m-budowlany-230v-ip44-230v-16a-h07rn-f-3x15-fr-doktorvolt-6572\/","og_locale":"en_US","og_type":"article","og_title":"Przed\u0142u\u017cacz 10m budowlany 230V IP44 230V\/16A H07RN-F 3x1,5 FR Doktorvolt\u00ae 6572 - DOKTORVOLT\u00ae","og_description":"Przed\u0142u\u017cacz budowlany kabel przed\u0142u\u017caj\u0105cy IP44 10m 230V\/16A H07RN-F 3x1,5 FR","og_url":"https:\/\/doktorvolt.pl\/oferta-doktorvolt\/przedluzacze\/przedluzacze-jednogniazdowe\/przedluzacz-10m-budowlany-230v-ip44-230v-16a-h07rn-f-3x15-fr-doktorvolt-6572\/","og_site_name":"DOKTORVOLT\u00ae","og_image":[{"width":1600,"height":1600,"url":"https:\/\/doktorvolt.pl\/wp-content\/uploads\/2026\/02\/pol_pl_13245-13245_1.jpg","type":"image\/jpeg"}],"twitter_card":"summary_large_image","schema":{"@context":"https:\/\/schema.org","@graph":[{"@type":"WebPage","@id":"https:\/\/doktorvolt.pl\/oferta-doktorvolt\/przedluzacze\/przedluzacze-jednogniazdowe\/przedluzacz-10m-budowlany-230v-ip44-230v-16a-h07rn-f-3x15-fr-doktorvolt-6572\/","url":"https:\/\/doktorvolt.pl\/oferta-doktorvolt\/przedluzacze\/przedluzacze-jednogniazdowe\/przedluzacz-10m-budowlany-230v-ip44-230v-16a-h07rn-f-3x15-fr-doktorvolt-6572\/","name":"Przed\u0142u\u017cacz 10m budowlany 230V IP44 230V\/16A H07RN-F 3x1,5 FR Doktorvolt\u00ae 6572 - DOKTORVOLT\u00ae","isPartOf":{"@id":"https:\/\/doktorvolt.pl\/de\/#website"},"primaryImageOfPage":{"@id":"https:\/\/doktorvolt.pl\/oferta-doktorvolt\/przedluzacze\/przedluzacze-jednogniazdowe\/przedluzacz-10m-budowlany-230v-ip44-230v-16a-h07rn-f-3x15-fr-doktorvolt-6572\/#primaryimage"},"image":{"@id":"https:\/\/doktorvolt.pl\/oferta-doktorvolt\/przedluzacze\/przedluzacze-jednogniazdowe\/przedluzacz-10m-budowlany-230v-ip44-230v-16a-h07rn-f-3x15-fr-doktorvolt-6572\/#primaryimage"},"thumbnailUrl":"https:\/\/doktorvolt.pl\/wp-content\/uploads\/2026\/02\/pol_pl_13245-13245_1.jpg","datePublished":"2026-02-23T13:31:41+00:00","breadcrumb":{"@id":"https:\/\/doktorvolt.pl\/oferta-doktorvolt\/przedluzacze\/przedluzacze-jednogniazdowe\/przedluzacz-10m-budowlany-230v-ip44-230v-16a-h07rn-f-3x15-fr-doktorvolt-6572\/#breadcrumb"},"inLanguage":"en-US","potentialAction":[{"@type":"ReadAction","target":["https:\/\/doktorvolt.pl\/oferta-doktorvolt\/przedluzacze\/przedluzacze-jednogniazdowe\/przedluzacz-10m-budowlany-230v-ip44-230v-16a-h07rn-f-3x15-fr-doktorvolt-6572\/"]}]},{"@type":"ImageObject","inLanguage":"en-US","@id":"https:\/\/doktorvolt.pl\/oferta-doktorvolt\/przedluzacze\/przedluzacze-jednogniazdowe\/przedluzacz-10m-budowlany-230v-ip44-230v-16a-h07rn-f-3x15-fr-doktorvolt-6572\/#primaryimage","url":"https:\/\/doktorvolt.pl\/wp-content\/uploads\/2026\/02\/pol_pl_13245-13245_1.jpg","contentUrl":"https:\/\/doktorvolt.pl\/wp-content\/uploads\/2026\/02\/pol_pl_13245-13245_1.jpg","width":1600,"height":1600},{"@type":"BreadcrumbList","@id":"https:\/\/doktorvolt.pl\/oferta-doktorvolt\/przedluzacze\/przedluzacze-jednogniazdowe\/przedluzacz-10m-budowlany-230v-ip44-230v-16a-h07rn-f-3x15-fr-doktorvolt-6572\/#breadcrumb","itemListElement":[{"@type":"ListItem","position":1,"name":"Strona g\u0142\u00f3wna","item":"https:\/\/doktorvolt.pl\/en\/"},{"@type":"ListItem","position":2,"name":"Offer Doktorvolt","item":"https:\/\/doktorvolt.pl\/en\/offer-doktorvolt\/"},{"@type":"ListItem","position":3,"name":"Przed\u0142u\u017cacz 10m budowlany 230V IP44 230V\/16A H07RN-F 3&#215;1,5 FR Doktorvolt\u00ae 6572"}]},{"@type":"WebSite","@id":"https:\/\/doktorvolt.pl\/de\/#website","url":"https:\/\/doktorvolt.pl\/de\/","name":"DOKTORVOLT\u00ae","description":"Producent rozdzielnic budowlanych","publisher":{"@id":"https:\/\/doktorvolt.pl\/de\/#organization"},"potentialAction":[{"@type":"SearchAction","target":{"@type":"EntryPoint","urlTemplate":"https:\/\/doktorvolt.pl\/de\/?s={search_term_string}"},"query-input":{"@type":"PropertyValueSpecification","valueRequired":true,"valueName":"search_term_string"}}],"inLanguage":"en-US"},{"@type":"Organization","@id":"https:\/\/doktorvolt.pl\/de\/#organization","name":"DOKTORVOLT\u00ae","url":"https:\/\/doktorvolt.pl\/de\/","logo":{"@type":"ImageObject","inLanguage":"en-US","@id":"https:\/\/doktorvolt.pl\/de\/#\/schema\/logo\/image\/","url":"https:\/\/doktorvolt.pl\/wp-content\/uploads\/2023\/10\/DoktorVOLT-black-png.png","contentUrl":"https:\/\/doktorvolt.pl\/wp-content\/uploads\/2023\/10\/DoktorVOLT-black-png.png","width":729,"height":40,"caption":"DOKTORVOLT\u00ae"},"image":{"@id":"https:\/\/doktorvolt.pl\/de\/#\/schema\/logo\/image\/"}}]}},"_links":{"self":[{"href":"https:\/\/doktorvolt.pl\/en\/wp-json\/wp\/v2\/product\/110963","targetHints":{"allow":["GET"]}}],"collection":[{"href":"https:\/\/doktorvolt.pl\/en\/wp-json\/wp\/v2\/product"}],"about":[{"href":"https:\/\/doktorvolt.pl\/en\/wp-json\/wp\/v2\/types\/product"}],"wp:featuredmedia":[{"embeddable":true,"href":"https:\/\/doktorvolt.pl\/en\/wp-json\/wp\/v2\/media\/102414"}],"wp:attachment":[{"href":"https:\/\/doktorvolt.pl\/en\/wp-json\/wp\/v2\/media?parent=110963"}],"wp:term":[{"taxonomy":"product_brand","embeddable":true,"href":"https:\/\/doktorvolt.pl\/en\/wp-json\/wp\/v2\/product_brand?post=110963"},{"taxonomy":"product_cat","embeddable":true,"href":"https:\/\/doktorvolt.pl\/en\/wp-json\/wp\/v2\/product_cat?post=110963"},{"taxonomy":"product_tag","embeddable":true,"href":"https:\/\/doktorvolt.pl\/en\/wp-json\/wp\/v2\/product_tag?post=110963"}],"curies":[{"name":"wp","href":"https:\/\/api.w.org\/{rel}","templated":true}]}}