{"id":110966,"date":"2026-02-23T15:31:23","date_gmt":"2026-02-23T13:31:23","guid":{"rendered":"https:\/\/doktorvolt.pl\/sklep\/uncategorized\/okienko-rewizyjne-okno-na-zawiasach-2-moduly-ip67-doktorvolt-5958\/"},"modified":"2026-02-23T15:31:23","modified_gmt":"2026-02-23T13:31:23","slug":"okienko-rewizyjne-okno-na-zawiasach-2-moduly-ip67-doktorvolt-5958","status":"publish","type":"product","link":"https:\/\/doktorvolt.pl\/en\/oferta-doktorvolt\/accessories\/inspection-windows\/okienko-rewizyjne-okno-na-zawiasach-2-moduly-ip67-doktorvolt-5958\/","title":{"rendered":"Okienko rewizyjne okno na zawiasach 2 modu\u0142y IP67 Doktorvolt 5958"},"content":{"rendered":"<p><!-- aukcja by Wera --><\/p>\n<h1 style=\"text-align:center;\"><span style=\"color:#000000;\">Okienko rewizyjne okno na zawiasach 2 modu\u0142y Doktorvolt<br \/><\/span><\/h1>\n<p style=\"font-size:13pt;text-align:center;\"><span style=\"color:#000000;\"><span style=\"color:#000000;\">&#x2b50;&#x2b50;&#x2b50;&#x2b50;&#x2b50;<\/span><\/span><\/p>\n<\/p>\n<p style=\"font-size:13pt;text-align:left;\"><span style=\"color:#000000;\"><strong>&#x27a1;&#xfe0f; Okienko rewizyjne Doktorvolt\u00ae:<\/strong> <\/span><\/p>\n<p style=\"font-size:13pt;text-align:left;\"><span style=\"color:#000000;\">&#x2714;&#xfe0f; s\u0142u\u017cy do ochrony aparatury,<br \/><\/span><\/p>\n<p style=\"font-size:13pt;text-align:left;\"><span style=\"color:#000000;\"><span style=\"color:#000000;\">&#x2714;&#xfe0f;<\/span> odporny na dzia\u0142anie czynnik\u00f3w zewn\u0119trznych,<br \/><\/span><\/p>\n<p style=\"font-size:13pt;text-align:left;\"><span style=\"color:#000000;\"><span style=\"color:#000000;\">&#x2714;&#xfe0f;<\/span> na zawiasach,<\/span><\/p>\n<p style=\"font-size:13pt;text-align:left;\"><span style=\"color:#000000;\"><span style=\"color:#000000;\"><span style=\"color:#000000;\">&#x2714;&#xfe0f;<\/span><\/span> wysoki stopie\u0144 ochrony- IP67,<br \/><\/span><\/p>\n<p style=\"font-size:13pt;text-align:left;\"><span style=\"color:#000000;\">&#x2714;&#xfe0f; kolor szary,<span style=\"color:#000000;\"><span style=\"color:#000000;\"><span style=\"color:#000000;\"><\/span><\/span><\/span><\/span><\/p>\n<p style=\"font-size:13pt;text-align:left;\"><span style=\"color:#000000;\"><span style=\"color:#000000;\"><span style=\"color:#000000;\"><span style=\"color:#000000;\">&#x2714;&#xfe0f;<\/span><\/span> <\/span>wymiary zewn\u0119trzne 98x57x31 mm,<br \/><\/span><\/p>\n<p style=\"font-size:13pt;text-align:left;\"><span style=\"color:#000000;\"><span style=\"color:#000000;\">&#x2714;&#xfe0f;<\/span> dla 2 modu\u0142\u00f3w.<\/span><\/p>\n<\/p>\n<table class=\"center\" style=\"background-color:#f5f5f5;margin-left:auto;margin-right:auto;width:631px;height:464px;border:1px solid #ffffff;\" align=\"center\">\n<tbody>\n<tr>\n<td style=\"text-align:right;padding:15px;height:25px;\" valign=\"middle\" align=\"right\"><span style=\"font-size:12pt;color:#000000;\"><span style=\"font-family:verdana, geneva;\"><span>zastosowanie<\/span><\/span><span style=\"font-family:verdana, geneva;\"> <br \/><\/span><\/span><\/td>\n<td style=\"background-color:#ffffff;text-align:center;\">\n<p><span style=\"font-size:12pt;color:#000000;\">ochrona aparatury<br \/><\/span><\/p>\n<\/td>\n<\/tr>\n<tr>\n<td style=\"text-align:right;padding:15px;height:25px;\" valign=\"middle\" align=\"right\"><span style=\"font-size:12pt;color:#000000;\"><span style=\"font-family:verdana, geneva;\">odporno\u015b\u0107 na dzia\u0142anie czynnik\u00f3w zewn\u0119trznych<br \/><\/span><\/span><\/td>\n<td style=\"background-color:#ffffff;text-align:center;\"><span style=\"font-size:12pt;color:#000000;\">tak<\/span><\/td>\n<\/tr>\n<tr>\n<td style=\"text-align:right;padding:15px;height:25px;\" valign=\"middle\" align=\"right\"><span style=\"font-size:12pt;color:#000000;\"><span style=\"font-family:verdana, geneva;\">zawiasy<\/span><\/span><\/td>\n<td style=\"background-color:#ffffff;text-align:center;\"><span style=\"font-size:12pt;color:#000000;\">tak<\/span><\/td>\n<\/tr>\n<tr align=\"left\">\n<td class=\"align_justify\" style=\"text-align:right;padding:15px;height:25px;\" valign=\"middle\" align=\"right\"><span style=\"font-size:12pt;color:#000000;\"><span style=\"font-family:verdana, geneva;\">klasa ochrony<\/span><\/span><\/td>\n<td style=\"background-color:#ffffff;text-align:center;\"><span style=\"font-family:verdana, geneva;font-size:12pt;color:#000000;\">IP67<br \/><\/span><\/td>\n<\/tr>\n<tr align=\"left\">\n<td class=\"align_justify\" style=\"text-align:right;padding:15px;height:25px;\" valign=\"middle\" align=\"right\"><span style=\"font-size:12pt;color:#000000;\"><span style=\"font-family:verdana, geneva;\">kolor<\/span><\/span><\/td>\n<td style=\"background-color:#ffffff;text-align:center;\"><span style=\"font-family:verdana, geneva;font-size:12pt;color:#000000;\">szary<br \/><\/span><\/td>\n<\/tr>\n<tr align=\"left\">\n<td class=\"align_justify\" style=\"text-align:right;padding:15px;height:25px;\" valign=\"middle\" align=\"right\"><span style=\"font-size:12pt;color:#000000;\"><span style=\"font-family:verdana, geneva;\"><span style=\"color:#000000;\"><span style=\"color:#000000;\"><\/span>wymiary zewn\u0119trzne<\/span><\/span><\/span><\/td>\n<td style=\"background-color:#ffffff;text-align:center;\"><span style=\"font-family:verdana, geneva;font-size:12pt;color:#000000;\"><span style=\"font-family:verdana, geneva;font-size:12pt;color:#000000;\"><span style=\"color:#000000;\"><span style=\"color:#000000;\"><span style=\"color:#000000;\">98x57x31<\/span>\u00a0mm<\/span><\/span><\/span><\/span><\/td>\n<\/tr>\n<tr align=\"left\">\n<td class=\"align_justify\" style=\"text-align:right;padding:15px;height:25px;\" valign=\"middle\" align=\"right\"><span style=\"font-size:12pt;color:#000000;\"><span style=\"font-family:verdana, geneva;\"><span style=\"color:#000000;\">ilo\u015b\u0107 modu\u0142\u00f3w<br \/><\/span><\/span><\/span><\/td>\n<td style=\"background-color:#ffffff;text-align:center;\"><span style=\"font-family:verdana, geneva;font-size:12pt;color:#000000;\"><span style=\"color:#000000;\">2<\/span><\/span><\/td>\n<\/tr>\n<tr align=\"left\">\n<td class=\"align_justify\" style=\"text-align:right;padding:15px;height:25px;\" valign=\"middle\" align=\"right\"><span style=\"font-size:12pt;color:#000000;\"><span style=\"font-family:verdana, geneva;\"><span style=\"color:#000000;\">normy<\/span><\/span><\/span><\/td>\n<td style=\"background-color:#ffffff;text-align:center;\"><span style=\"font-family:verdana, geneva;font-size:12pt;color:#000000;\"><span style=\"color:#000000;\"><span style=\"font-family:verdana, geneva;font-size:12pt;color:#000000;\"><span style=\"color:#000000;\">IEC60529<br \/>EN60529<\/span><\/span><\/span><\/span><\/td>\n<\/tr>\n<tr align=\"left\">\n<td class=\"align_justify\" style=\"text-align:right;padding:15px;height:25px;\" valign=\"middle\" align=\"right\"><span style=\"font-size:12pt;color:#000000;\"><span style=\"font-family:verdana, geneva;\"><span style=\"color:#000000;\">producent<\/span><\/span><\/span><\/td>\n<td style=\"background-color:#ffffff;text-align:center;\"><span style=\"font-family:verdana, geneva;font-size:12pt;color:#000000;\"><span style=\"color:#000000;\">Doktorvolt<\/span><\/span><\/td>\n<\/tr>\n<tr align=\"left\">\n<td class=\"align_justify\" style=\"text-align:right;padding:15px;height:25px;\" valign=\"middle\" align=\"right\"><span style=\"font-size:12pt;color:#000000;\"><span style=\"font-family:verdana, geneva;\"><span style=\"color:#000000;\">symbol<\/span><\/span><\/span><\/td>\n<td style=\"background-color:#ffffff;text-align:center;\"><span style=\"font-family:verdana, geneva;font-size:12pt;color:#000000;\"><span style=\"color:#000000;\">DV-5958<\/span><\/span><\/td>\n<\/tr>\n<\/tbody>\n<\/table>\n<p><img decoding=\"async\" src=\"\/data\/include\/cms\/description\/img\/cms\/2M.png\" alt=\"\" width=\"847\" height=\"345\" \/><\/p>\n","protected":false},"excerpt":{"rendered":"","protected":false},"featured_media":102387,"template":"","meta":[],"product_brand":[],"product_cat":[5261],"product_tag":[],"class_list":{"0":"post-110966","1":"product","2":"type-product","3":"status-publish","4":"has-post-thumbnail","6":"product_cat-inspection-windows","8":"first","9":"instock","10":"shipping-taxable","11":"product-type-external"},"yoast_head":"<!-- This site is optimized with the Yoast SEO plugin v27.0 - https:\/\/yoast.com\/product\/yoast-seo-wordpress\/ -->\n<title>Okienko rewizyjne okno na zawiasach 2 modu\u0142y IP67 Doktorvolt 5958 - DOKTORVOLT\u00ae<\/title>\n<meta name=\"robots\" content=\"index, follow, max-snippet:-1, max-image-preview:large, max-video-preview:-1\" \/>\n<link rel=\"canonical\" href=\"https:\/\/doktorvolt.pl\/en\/oferta-doktorvolt\/accessories\/inspection-windows\/okienko-rewizyjne-okno-na-zawiasach-2-moduly-ip67-doktorvolt-5958\/\" \/>\n<meta property=\"og:locale\" content=\"en_US\" \/>\n<meta property=\"og:type\" content=\"article\" \/>\n<meta property=\"og:title\" content=\"Okienko rewizyjne okno na zawiasach 2 modu\u0142y IP67 Doktorvolt 5958 - DOKTORVOLT\u00ae\" \/>\n<meta property=\"og:url\" content=\"https:\/\/doktorvolt.pl\/en\/oferta-doktorvolt\/accessories\/inspection-windows\/okienko-rewizyjne-okno-na-zawiasach-2-moduly-ip67-doktorvolt-5958\/\" \/>\n<meta property=\"og:site_name\" content=\"DOKTORVOLT\u00ae\" \/>\n<meta property=\"og:image\" content=\"https:\/\/doktorvolt.pl\/wp-content\/uploads\/2026\/02\/pol_pl_15217-15217_1.jpg\" \/>\n\t<meta property=\"og:image:width\" content=\"1000\" \/>\n\t<meta property=\"og:image:height\" content=\"1000\" \/>\n\t<meta property=\"og:image:type\" content=\"image\/jpeg\" \/>\n<meta name=\"twitter:card\" content=\"summary_large_image\" \/>\n<meta name=\"twitter:label1\" content=\"Est. reading time\" \/>\n\t<meta name=\"twitter:data1\" content=\"1 minute\" \/>\n<script type=\"application\/ld+json\" class=\"yoast-schema-graph\">{\"@context\":\"https:\/\/schema.org\",\"@graph\":[{\"@type\":\"WebPage\",\"@id\":\"https:\/\/doktorvolt.pl\/en\/oferta-doktorvolt\/accessories\/inspection-windows\/okienko-rewizyjne-okno-na-zawiasach-2-moduly-ip67-doktorvolt-5958\/\",\"url\":\"https:\/\/doktorvolt.pl\/en\/oferta-doktorvolt\/accessories\/inspection-windows\/okienko-rewizyjne-okno-na-zawiasach-2-moduly-ip67-doktorvolt-5958\/\",\"name\":\"Okienko rewizyjne okno na zawiasach 2 modu\u0142y IP67 Doktorvolt 5958 - DOKTORVOLT\u00ae\",\"isPartOf\":{\"@id\":\"https:\/\/doktorvolt.pl\/de\/#website\"},\"primaryImageOfPage\":{\"@id\":\"https:\/\/doktorvolt.pl\/en\/oferta-doktorvolt\/accessories\/inspection-windows\/okienko-rewizyjne-okno-na-zawiasach-2-moduly-ip67-doktorvolt-5958\/#primaryimage\"},\"image\":{\"@id\":\"https:\/\/doktorvolt.pl\/en\/oferta-doktorvolt\/accessories\/inspection-windows\/okienko-rewizyjne-okno-na-zawiasach-2-moduly-ip67-doktorvolt-5958\/#primaryimage\"},\"thumbnailUrl\":\"https:\/\/doktorvolt.pl\/wp-content\/uploads\/2026\/02\/pol_pl_15217-15217_1.jpg\",\"datePublished\":\"2026-02-23T13:31:23+00:00\",\"breadcrumb\":{\"@id\":\"https:\/\/doktorvolt.pl\/en\/oferta-doktorvolt\/accessories\/inspection-windows\/okienko-rewizyjne-okno-na-zawiasach-2-moduly-ip67-doktorvolt-5958\/#breadcrumb\"},\"inLanguage\":\"en-US\",\"potentialAction\":[{\"@type\":\"ReadAction\",\"target\":[\"https:\/\/doktorvolt.pl\/en\/oferta-doktorvolt\/accessories\/inspection-windows\/okienko-rewizyjne-okno-na-zawiasach-2-moduly-ip67-doktorvolt-5958\/\"]}]},{\"@type\":\"ImageObject\",\"inLanguage\":\"en-US\",\"@id\":\"https:\/\/doktorvolt.pl\/en\/oferta-doktorvolt\/accessories\/inspection-windows\/okienko-rewizyjne-okno-na-zawiasach-2-moduly-ip67-doktorvolt-5958\/#primaryimage\",\"url\":\"https:\/\/doktorvolt.pl\/wp-content\/uploads\/2026\/02\/pol_pl_15217-15217_1.jpg\",\"contentUrl\":\"https:\/\/doktorvolt.pl\/wp-content\/uploads\/2026\/02\/pol_pl_15217-15217_1.jpg\",\"width\":1000,\"height\":1000},{\"@type\":\"BreadcrumbList\",\"@id\":\"https:\/\/doktorvolt.pl\/en\/oferta-doktorvolt\/accessories\/inspection-windows\/okienko-rewizyjne-okno-na-zawiasach-2-moduly-ip67-doktorvolt-5958\/#breadcrumb\",\"itemListElement\":[{\"@type\":\"ListItem\",\"position\":1,\"name\":\"Strona g\u0142\u00f3wna\",\"item\":\"https:\/\/doktorvolt.pl\/en\/\"},{\"@type\":\"ListItem\",\"position\":2,\"name\":\"Offer Doktorvolt\",\"item\":\"https:\/\/doktorvolt.pl\/en\/offer-doktorvolt\/\"},{\"@type\":\"ListItem\",\"position\":3,\"name\":\"Okienko rewizyjne okno na zawiasach 2 modu\u0142y IP67 Doktorvolt 5958\"}]},{\"@type\":\"WebSite\",\"@id\":\"https:\/\/doktorvolt.pl\/de\/#website\",\"url\":\"https:\/\/doktorvolt.pl\/de\/\",\"name\":\"DOKTORVOLT\u00ae\",\"description\":\"Producent rozdzielnic budowlanych\",\"publisher\":{\"@id\":\"https:\/\/doktorvolt.pl\/de\/#organization\"},\"potentialAction\":[{\"@type\":\"SearchAction\",\"target\":{\"@type\":\"EntryPoint\",\"urlTemplate\":\"https:\/\/doktorvolt.pl\/de\/?s={search_term_string}\"},\"query-input\":{\"@type\":\"PropertyValueSpecification\",\"valueRequired\":true,\"valueName\":\"search_term_string\"}}],\"inLanguage\":\"en-US\"},{\"@type\":\"Organization\",\"@id\":\"https:\/\/doktorvolt.pl\/de\/#organization\",\"name\":\"DOKTORVOLT\u00ae\",\"url\":\"https:\/\/doktorvolt.pl\/de\/\",\"logo\":{\"@type\":\"ImageObject\",\"inLanguage\":\"en-US\",\"@id\":\"https:\/\/doktorvolt.pl\/de\/#\/schema\/logo\/image\/\",\"url\":\"https:\/\/doktorvolt.pl\/wp-content\/uploads\/2023\/10\/DoktorVOLT-black-png.png\",\"contentUrl\":\"https:\/\/doktorvolt.pl\/wp-content\/uploads\/2023\/10\/DoktorVOLT-black-png.png\",\"width\":729,\"height\":40,\"caption\":\"DOKTORVOLT\u00ae\"},\"image\":{\"@id\":\"https:\/\/doktorvolt.pl\/de\/#\/schema\/logo\/image\/\"}}]}<\/script>\n<!-- \/ Yoast SEO plugin. -->","yoast_head_json":{"title":"Okienko rewizyjne okno na zawiasach 2 modu\u0142y IP67 Doktorvolt 5958 - DOKTORVOLT\u00ae","robots":{"index":"index","follow":"follow","max-snippet":"max-snippet:-1","max-image-preview":"max-image-preview:large","max-video-preview":"max-video-preview:-1"},"canonical":"https:\/\/doktorvolt.pl\/en\/oferta-doktorvolt\/accessories\/inspection-windows\/okienko-rewizyjne-okno-na-zawiasach-2-moduly-ip67-doktorvolt-5958\/","og_locale":"en_US","og_type":"article","og_title":"Okienko rewizyjne okno na zawiasach 2 modu\u0142y IP67 Doktorvolt 5958 - DOKTORVOLT\u00ae","og_url":"https:\/\/doktorvolt.pl\/en\/oferta-doktorvolt\/accessories\/inspection-windows\/okienko-rewizyjne-okno-na-zawiasach-2-moduly-ip67-doktorvolt-5958\/","og_site_name":"DOKTORVOLT\u00ae","og_image":[{"width":1000,"height":1000,"url":"https:\/\/doktorvolt.pl\/wp-content\/uploads\/2026\/02\/pol_pl_15217-15217_1.jpg","type":"image\/jpeg"}],"twitter_card":"summary_large_image","twitter_misc":{"Est. reading time":"1 minute"},"schema":{"@context":"https:\/\/schema.org","@graph":[{"@type":"WebPage","@id":"https:\/\/doktorvolt.pl\/en\/oferta-doktorvolt\/accessories\/inspection-windows\/okienko-rewizyjne-okno-na-zawiasach-2-moduly-ip67-doktorvolt-5958\/","url":"https:\/\/doktorvolt.pl\/en\/oferta-doktorvolt\/accessories\/inspection-windows\/okienko-rewizyjne-okno-na-zawiasach-2-moduly-ip67-doktorvolt-5958\/","name":"Okienko rewizyjne okno na zawiasach 2 modu\u0142y IP67 Doktorvolt 5958 - DOKTORVOLT\u00ae","isPartOf":{"@id":"https:\/\/doktorvolt.pl\/de\/#website"},"primaryImageOfPage":{"@id":"https:\/\/doktorvolt.pl\/en\/oferta-doktorvolt\/accessories\/inspection-windows\/okienko-rewizyjne-okno-na-zawiasach-2-moduly-ip67-doktorvolt-5958\/#primaryimage"},"image":{"@id":"https:\/\/doktorvolt.pl\/en\/oferta-doktorvolt\/accessories\/inspection-windows\/okienko-rewizyjne-okno-na-zawiasach-2-moduly-ip67-doktorvolt-5958\/#primaryimage"},"thumbnailUrl":"https:\/\/doktorvolt.pl\/wp-content\/uploads\/2026\/02\/pol_pl_15217-15217_1.jpg","datePublished":"2026-02-23T13:31:23+00:00","breadcrumb":{"@id":"https:\/\/doktorvolt.pl\/en\/oferta-doktorvolt\/accessories\/inspection-windows\/okienko-rewizyjne-okno-na-zawiasach-2-moduly-ip67-doktorvolt-5958\/#breadcrumb"},"inLanguage":"en-US","potentialAction":[{"@type":"ReadAction","target":["https:\/\/doktorvolt.pl\/en\/oferta-doktorvolt\/accessories\/inspection-windows\/okienko-rewizyjne-okno-na-zawiasach-2-moduly-ip67-doktorvolt-5958\/"]}]},{"@type":"ImageObject","inLanguage":"en-US","@id":"https:\/\/doktorvolt.pl\/en\/oferta-doktorvolt\/accessories\/inspection-windows\/okienko-rewizyjne-okno-na-zawiasach-2-moduly-ip67-doktorvolt-5958\/#primaryimage","url":"https:\/\/doktorvolt.pl\/wp-content\/uploads\/2026\/02\/pol_pl_15217-15217_1.jpg","contentUrl":"https:\/\/doktorvolt.pl\/wp-content\/uploads\/2026\/02\/pol_pl_15217-15217_1.jpg","width":1000,"height":1000},{"@type":"BreadcrumbList","@id":"https:\/\/doktorvolt.pl\/en\/oferta-doktorvolt\/accessories\/inspection-windows\/okienko-rewizyjne-okno-na-zawiasach-2-moduly-ip67-doktorvolt-5958\/#breadcrumb","itemListElement":[{"@type":"ListItem","position":1,"name":"Strona g\u0142\u00f3wna","item":"https:\/\/doktorvolt.pl\/en\/"},{"@type":"ListItem","position":2,"name":"Offer Doktorvolt","item":"https:\/\/doktorvolt.pl\/en\/offer-doktorvolt\/"},{"@type":"ListItem","position":3,"name":"Okienko rewizyjne okno na zawiasach 2 modu\u0142y IP67 Doktorvolt 5958"}]},{"@type":"WebSite","@id":"https:\/\/doktorvolt.pl\/de\/#website","url":"https:\/\/doktorvolt.pl\/de\/","name":"DOKTORVOLT\u00ae","description":"Producent rozdzielnic budowlanych","publisher":{"@id":"https:\/\/doktorvolt.pl\/de\/#organization"},"potentialAction":[{"@type":"SearchAction","target":{"@type":"EntryPoint","urlTemplate":"https:\/\/doktorvolt.pl\/de\/?s={search_term_string}"},"query-input":{"@type":"PropertyValueSpecification","valueRequired":true,"valueName":"search_term_string"}}],"inLanguage":"en-US"},{"@type":"Organization","@id":"https:\/\/doktorvolt.pl\/de\/#organization","name":"DOKTORVOLT\u00ae","url":"https:\/\/doktorvolt.pl\/de\/","logo":{"@type":"ImageObject","inLanguage":"en-US","@id":"https:\/\/doktorvolt.pl\/de\/#\/schema\/logo\/image\/","url":"https:\/\/doktorvolt.pl\/wp-content\/uploads\/2023\/10\/DoktorVOLT-black-png.png","contentUrl":"https:\/\/doktorvolt.pl\/wp-content\/uploads\/2023\/10\/DoktorVOLT-black-png.png","width":729,"height":40,"caption":"DOKTORVOLT\u00ae"},"image":{"@id":"https:\/\/doktorvolt.pl\/de\/#\/schema\/logo\/image\/"}}]}},"_links":{"self":[{"href":"https:\/\/doktorvolt.pl\/en\/wp-json\/wp\/v2\/product\/110966","targetHints":{"allow":["GET"]}}],"collection":[{"href":"https:\/\/doktorvolt.pl\/en\/wp-json\/wp\/v2\/product"}],"about":[{"href":"https:\/\/doktorvolt.pl\/en\/wp-json\/wp\/v2\/types\/product"}],"wp:featuredmedia":[{"embeddable":true,"href":"https:\/\/doktorvolt.pl\/en\/wp-json\/wp\/v2\/media\/102387"}],"wp:attachment":[{"href":"https:\/\/doktorvolt.pl\/en\/wp-json\/wp\/v2\/media?parent=110966"}],"wp:term":[{"taxonomy":"product_brand","embeddable":true,"href":"https:\/\/doktorvolt.pl\/en\/wp-json\/wp\/v2\/product_brand?post=110966"},{"taxonomy":"product_cat","embeddable":true,"href":"https:\/\/doktorvolt.pl\/en\/wp-json\/wp\/v2\/product_cat?post=110966"},{"taxonomy":"product_tag","embeddable":true,"href":"https:\/\/doktorvolt.pl\/en\/wp-json\/wp\/v2\/product_tag?post=110966"}],"curies":[{"name":"wp","href":"https:\/\/api.w.org\/{rel}","templated":true}]}}