{"id":110983,"date":"2026-02-23T15:29:48","date_gmt":"2026-02-23T13:29:48","guid":{"rendered":"https:\/\/doktorvolt.pl\/sklep\/uncategorized\/zaslepka-do-szyn-laczeniowych-z-16-4f-10-sztuk-2261\/"},"modified":"2026-02-23T15:29:48","modified_gmt":"2026-02-23T13:29:48","slug":"zaslepka-do-szyn-laczeniowych-z-16-4f-10-sztuk-2261","status":"publish","type":"product","link":"https:\/\/doktorvolt.pl\/en\/oferta-doktorvolt\/accessories\/insulated-busbars\/end-caps-for-din-rails\/zaslepka-do-szyn-laczeniowych-z-16-4f-10-sztuk-2261\/","title":{"rendered":"Za\u015blepka do szyn \u0142\u0105czeniowych Z-16\/4F 10 sztuk 2261"},"content":{"rendered":"<h1 style=\"text-align:center;\"><span style=\"color:#000000;\">Za\u015blepka do szyn \u0142\u0105czeniowych\u00a0Z-16\/4F 10 sztuk<\/span><\/h1>\n<p style=\"text-align:justify;font-size:12pt;\"><span style=\"color:#000000;\">Za\u015blepki do szyn \u0142\u0105czeniowych 4-fazowych o przekroju 16mm2. Produkt sprzedawany jest w zestawach po 10 sztuk.<\/span><\/p>\n<table class=\"center\" style=\"margin-left:auto;margin-right:auto;width:639px;height:441px;border:1px solid #ffffff;background-color:#f5f5f5;\" align=\"center\">\n<tbody>\n<tr>\n<td style=\"padding:15px;height:25px;\" valign=\"middle\" align=\"right\">\n<p><span style=\"font-size:12pt;color:#000000;\"><span style=\"font-family:verdana, geneva;\">zastosowanie<\/span><\/span><\/p>\n<\/td>\n<td style=\"background-color:#ffffff;text-align:center;\"><span style=\"font-family:verdana, geneva;font-size:12pt;color:#000000;\">za\u015blepka ochronna do szyn \u0142\u0105czeniowych, wide\u0142kowych, sztyftowych o przekroju poprzecznym 16mm2 oraz 4\u00a0fazach<br \/><\/span><\/td>\n<\/tr>\n<tr>\n<td style=\"text-align:right;padding:15px;height:25px;\" valign=\"middle\" align=\"right\">\n<p><span style=\"font-size:12pt;color:#000000;\"><span style=\"font-family:verdana, geneva;\">materia\u0142<\/span><span style=\"font-family:verdana, geneva;\"><br \/><\/span><\/span><\/p>\n<\/td>\n<td style=\"background-color:#ffffff;text-align:center;\"><span style=\"font-family:verdana, geneva;font-size:12pt;color:#000000;\">tworzywo sztuczne<br \/><\/span><\/td>\n<\/tr>\n<tr>\n<td style=\"text-align:right;padding:15px;height:25px;\" valign=\"middle\" align=\"right\">\n<p><span style=\"font-size:12pt;color:#000000;\"><span style=\"font-family:verdana, geneva;\">kolor<\/span><\/span><\/p>\n<\/td>\n<td style=\"background-color:#ffffff;text-align:center;\"><span style=\"font-family:verdana, geneva;font-size:12pt;color:#000000;\">szary<\/span><\/td>\n<\/tr>\n<tr>\n<td style=\"text-align:right;padding:15px;height:25px;\" valign=\"middle\" align=\"right\">\n<p><span style=\"font-size:12pt;color:#000000;\"><span style=\"font-family:verdana, geneva;\">do stosowanie z szynami \u0142\u0105czeniowymi<br \/><\/span><\/span><\/p>\n<\/td>\n<td style=\"background-color:#ffffff;text-align:center;\"><span style=\"font-family:verdana, geneva;font-size:12pt;color:#000000;\">4\u00a0fazowe 16mm2<br \/><\/span><\/td>\n<\/tr>\n<tr>\n<td style=\"text-align:right;padding:15px;height:25px;\" valign=\"middle\" align=\"right\">\n<p><span style=\"font-size:12pt;color:#000000;\"><span style=\"font-family:verdana, geneva;\">deklaracja zgodno\u015bci<\/span><span style=\"font-family:verdana, geneva;\"><br \/><\/span><\/span><\/p>\n<\/td>\n<td style=\"background-color:#ffffff;text-align:center;\"><span style=\"font-family:verdana, geneva;font-size:12pt;color:#000000;\">CE<\/span><\/td>\n<\/tr>\n<tr>\n<td style=\"text-align:right;padding:15px;height:25px;\" valign=\"middle\" align=\"right\">\n<p><span style=\"font-size:12pt;color:#000000;\"><span style=\"font-family:verdana, geneva;\">jednostka sprzeda\u017cy <br \/><\/span><\/span><\/p>\n<\/td>\n<td style=\"background-color:#ffffff;text-align:center;\"><span style=\"font-family:verdana, geneva;font-size:12pt;color:#000000;\">10 sztuk<br \/><\/span><\/td>\n<\/tr>\n<tr>\n<td style=\"text-align:right;padding:15px;height:25px;\" valign=\"middle\" align=\"right\">\n<p><span style=\"font-size:12pt;color:#000000;\"><span style=\"font-family:verdana, geneva;\">producent<\/span><\/span><\/p>\n<\/td>\n<td style=\"background-color:#ffffff;text-align:center;\"><span style=\"font-family:verdana, geneva;font-size:12pt;color:#000000;\">Doktorvolt<\/span><\/td>\n<\/tr>\n<tr>\n<td style=\"text-align:right;padding:15px;height:25px;\" valign=\"middle\" align=\"right\">\n<p><span style=\"font-size:12pt;color:#000000;\"><span style=\"font-family:verdana, geneva;\">symbol produktu<\/span><\/span><\/p>\n<\/td>\n<td style=\"background-color:#ffffff;text-align:center;\"><span style=\"font-family:verdana, geneva;font-size:12pt;color:#000000;\">Z-16\/4F<\/span><\/td>\n<\/tr>\n<tr>\n<td style=\"text-align:right;padding:15px;height:25px;\" valign=\"middle\" align=\"right\">\n<p><span style=\"font-family:verdana, geneva;color:#000000;\"><span style=\"font-size:16px;\">kod EAN<\/span><\/span><\/p>\n<\/td>\n<td style=\"background-color:#ffffff;text-align:center;\"><span style=\"font-family:verdana, geneva;font-size:12pt;color:#000000;\">5907589332261<\/span><\/td>\n<\/tr>\n<\/tbody>\n<\/table>\n","protected":false},"excerpt":{"rendered":"<p>10 sztuk Za\u015blepka do szyn \u0142\u0105czeniowych 4-fazowych o przekroju poprzecznym 16mm2 Typ wide\u0142kowy Z-16\/4F Doktorvolt<\/p>\n","protected":false},"featured_media":102174,"template":"","meta":[],"product_brand":[],"product_cat":[5170],"product_tag":[],"class_list":{"0":"post-110983","1":"product","2":"type-product","3":"status-publish","4":"has-post-thumbnail","6":"product_cat-end-caps-for-din-rails","7":"pa_liczba-faz-four-phase","9":"first","10":"instock","11":"shipping-taxable","12":"product-type-external"},"yoast_head":"<!-- This site is optimized with the Yoast SEO plugin v27.0 - https:\/\/yoast.com\/product\/yoast-seo-wordpress\/ -->\n<title>Za\u015blepka do szyn \u0142\u0105czeniowych Z-16\/4F 10 sztuk 2261 - DOKTORVOLT\u00ae<\/title>\n<meta name=\"robots\" content=\"index, follow, max-snippet:-1, max-image-preview:large, max-video-preview:-1\" \/>\n<link rel=\"canonical\" href=\"https:\/\/doktorvolt.pl\/en\/oferta-doktorvolt\/accessories\/insulated-busbars\/end-caps-for-din-rails\/zaslepka-do-szyn-laczeniowych-z-16-4f-10-sztuk-2261\/\" \/>\n<meta property=\"og:locale\" content=\"en_US\" \/>\n<meta property=\"og:type\" content=\"article\" \/>\n<meta property=\"og:title\" content=\"Za\u015blepka do szyn \u0142\u0105czeniowych Z-16\/4F 10 sztuk 2261 - DOKTORVOLT\u00ae\" \/>\n<meta property=\"og:description\" content=\"10 sztuk Za\u015blepka do szyn \u0142\u0105czeniowych 4-fazowych o przekroju poprzecznym 16mm2 Typ wide\u0142kowy Z-16\/4F Doktorvolt\" \/>\n<meta property=\"og:url\" content=\"https:\/\/doktorvolt.pl\/en\/oferta-doktorvolt\/accessories\/insulated-busbars\/end-caps-for-din-rails\/zaslepka-do-szyn-laczeniowych-z-16-4f-10-sztuk-2261\/\" \/>\n<meta property=\"og:site_name\" content=\"DOKTORVOLT\u00ae\" \/>\n<meta property=\"og:image\" content=\"https:\/\/doktorvolt.pl\/wp-content\/uploads\/2026\/02\/pol_pl_13492-13492_1.jpg\" \/>\n\t<meta property=\"og:image:width\" content=\"1600\" \/>\n\t<meta property=\"og:image:height\" content=\"900\" \/>\n\t<meta property=\"og:image:type\" content=\"image\/jpeg\" \/>\n<meta name=\"twitter:card\" content=\"summary_large_image\" \/>\n<script type=\"application\/ld+json\" class=\"yoast-schema-graph\">{\"@context\":\"https:\/\/schema.org\",\"@graph\":[{\"@type\":\"WebPage\",\"@id\":\"https:\/\/doktorvolt.pl\/en\/oferta-doktorvolt\/accessories\/insulated-busbars\/end-caps-for-din-rails\/zaslepka-do-szyn-laczeniowych-z-16-4f-10-sztuk-2261\/\",\"url\":\"https:\/\/doktorvolt.pl\/en\/oferta-doktorvolt\/accessories\/insulated-busbars\/end-caps-for-din-rails\/zaslepka-do-szyn-laczeniowych-z-16-4f-10-sztuk-2261\/\",\"name\":\"Za\u015blepka do szyn \u0142\u0105czeniowych Z-16\/4F 10 sztuk 2261 - DOKTORVOLT\u00ae\",\"isPartOf\":{\"@id\":\"https:\/\/doktorvolt.pl\/de\/#website\"},\"primaryImageOfPage\":{\"@id\":\"https:\/\/doktorvolt.pl\/en\/oferta-doktorvolt\/accessories\/insulated-busbars\/end-caps-for-din-rails\/zaslepka-do-szyn-laczeniowych-z-16-4f-10-sztuk-2261\/#primaryimage\"},\"image\":{\"@id\":\"https:\/\/doktorvolt.pl\/en\/oferta-doktorvolt\/accessories\/insulated-busbars\/end-caps-for-din-rails\/zaslepka-do-szyn-laczeniowych-z-16-4f-10-sztuk-2261\/#primaryimage\"},\"thumbnailUrl\":\"https:\/\/doktorvolt.pl\/wp-content\/uploads\/2026\/02\/pol_pl_13492-13492_1.jpg\",\"datePublished\":\"2026-02-23T13:29:48+00:00\",\"breadcrumb\":{\"@id\":\"https:\/\/doktorvolt.pl\/en\/oferta-doktorvolt\/accessories\/insulated-busbars\/end-caps-for-din-rails\/zaslepka-do-szyn-laczeniowych-z-16-4f-10-sztuk-2261\/#breadcrumb\"},\"inLanguage\":\"en-US\",\"potentialAction\":[{\"@type\":\"ReadAction\",\"target\":[\"https:\/\/doktorvolt.pl\/en\/oferta-doktorvolt\/accessories\/insulated-busbars\/end-caps-for-din-rails\/zaslepka-do-szyn-laczeniowych-z-16-4f-10-sztuk-2261\/\"]}]},{\"@type\":\"ImageObject\",\"inLanguage\":\"en-US\",\"@id\":\"https:\/\/doktorvolt.pl\/en\/oferta-doktorvolt\/accessories\/insulated-busbars\/end-caps-for-din-rails\/zaslepka-do-szyn-laczeniowych-z-16-4f-10-sztuk-2261\/#primaryimage\",\"url\":\"https:\/\/doktorvolt.pl\/wp-content\/uploads\/2026\/02\/pol_pl_13492-13492_1.jpg\",\"contentUrl\":\"https:\/\/doktorvolt.pl\/wp-content\/uploads\/2026\/02\/pol_pl_13492-13492_1.jpg\",\"width\":1600,\"height\":900},{\"@type\":\"BreadcrumbList\",\"@id\":\"https:\/\/doktorvolt.pl\/en\/oferta-doktorvolt\/accessories\/insulated-busbars\/end-caps-for-din-rails\/zaslepka-do-szyn-laczeniowych-z-16-4f-10-sztuk-2261\/#breadcrumb\",\"itemListElement\":[{\"@type\":\"ListItem\",\"position\":1,\"name\":\"Strona g\u0142\u00f3wna\",\"item\":\"https:\/\/doktorvolt.pl\/en\/\"},{\"@type\":\"ListItem\",\"position\":2,\"name\":\"Offer Doktorvolt\",\"item\":\"https:\/\/doktorvolt.pl\/en\/offer-doktorvolt\/\"},{\"@type\":\"ListItem\",\"position\":3,\"name\":\"Za\u015blepka do szyn \u0142\u0105czeniowych Z-16\/4F 10 sztuk 2261\"}]},{\"@type\":\"WebSite\",\"@id\":\"https:\/\/doktorvolt.pl\/de\/#website\",\"url\":\"https:\/\/doktorvolt.pl\/de\/\",\"name\":\"DOKTORVOLT\u00ae\",\"description\":\"Producent rozdzielnic budowlanych\",\"publisher\":{\"@id\":\"https:\/\/doktorvolt.pl\/de\/#organization\"},\"potentialAction\":[{\"@type\":\"SearchAction\",\"target\":{\"@type\":\"EntryPoint\",\"urlTemplate\":\"https:\/\/doktorvolt.pl\/de\/?s={search_term_string}\"},\"query-input\":{\"@type\":\"PropertyValueSpecification\",\"valueRequired\":true,\"valueName\":\"search_term_string\"}}],\"inLanguage\":\"en-US\"},{\"@type\":\"Organization\",\"@id\":\"https:\/\/doktorvolt.pl\/de\/#organization\",\"name\":\"DOKTORVOLT\u00ae\",\"url\":\"https:\/\/doktorvolt.pl\/de\/\",\"logo\":{\"@type\":\"ImageObject\",\"inLanguage\":\"en-US\",\"@id\":\"https:\/\/doktorvolt.pl\/de\/#\/schema\/logo\/image\/\",\"url\":\"https:\/\/doktorvolt.pl\/wp-content\/uploads\/2023\/10\/DoktorVOLT-black-png.png\",\"contentUrl\":\"https:\/\/doktorvolt.pl\/wp-content\/uploads\/2023\/10\/DoktorVOLT-black-png.png\",\"width\":729,\"height\":40,\"caption\":\"DOKTORVOLT\u00ae\"},\"image\":{\"@id\":\"https:\/\/doktorvolt.pl\/de\/#\/schema\/logo\/image\/\"}}]}<\/script>\n<!-- \/ Yoast SEO plugin. -->","yoast_head_json":{"title":"Za\u015blepka do szyn \u0142\u0105czeniowych Z-16\/4F 10 sztuk 2261 - DOKTORVOLT\u00ae","robots":{"index":"index","follow":"follow","max-snippet":"max-snippet:-1","max-image-preview":"max-image-preview:large","max-video-preview":"max-video-preview:-1"},"canonical":"https:\/\/doktorvolt.pl\/en\/oferta-doktorvolt\/accessories\/insulated-busbars\/end-caps-for-din-rails\/zaslepka-do-szyn-laczeniowych-z-16-4f-10-sztuk-2261\/","og_locale":"en_US","og_type":"article","og_title":"Za\u015blepka do szyn \u0142\u0105czeniowych Z-16\/4F 10 sztuk 2261 - DOKTORVOLT\u00ae","og_description":"10 sztuk Za\u015blepka do szyn \u0142\u0105czeniowych 4-fazowych o przekroju poprzecznym 16mm2 Typ wide\u0142kowy Z-16\/4F Doktorvolt","og_url":"https:\/\/doktorvolt.pl\/en\/oferta-doktorvolt\/accessories\/insulated-busbars\/end-caps-for-din-rails\/zaslepka-do-szyn-laczeniowych-z-16-4f-10-sztuk-2261\/","og_site_name":"DOKTORVOLT\u00ae","og_image":[{"width":1600,"height":900,"url":"https:\/\/doktorvolt.pl\/wp-content\/uploads\/2026\/02\/pol_pl_13492-13492_1.jpg","type":"image\/jpeg"}],"twitter_card":"summary_large_image","schema":{"@context":"https:\/\/schema.org","@graph":[{"@type":"WebPage","@id":"https:\/\/doktorvolt.pl\/en\/oferta-doktorvolt\/accessories\/insulated-busbars\/end-caps-for-din-rails\/zaslepka-do-szyn-laczeniowych-z-16-4f-10-sztuk-2261\/","url":"https:\/\/doktorvolt.pl\/en\/oferta-doktorvolt\/accessories\/insulated-busbars\/end-caps-for-din-rails\/zaslepka-do-szyn-laczeniowych-z-16-4f-10-sztuk-2261\/","name":"Za\u015blepka do szyn \u0142\u0105czeniowych Z-16\/4F 10 sztuk 2261 - DOKTORVOLT\u00ae","isPartOf":{"@id":"https:\/\/doktorvolt.pl\/de\/#website"},"primaryImageOfPage":{"@id":"https:\/\/doktorvolt.pl\/en\/oferta-doktorvolt\/accessories\/insulated-busbars\/end-caps-for-din-rails\/zaslepka-do-szyn-laczeniowych-z-16-4f-10-sztuk-2261\/#primaryimage"},"image":{"@id":"https:\/\/doktorvolt.pl\/en\/oferta-doktorvolt\/accessories\/insulated-busbars\/end-caps-for-din-rails\/zaslepka-do-szyn-laczeniowych-z-16-4f-10-sztuk-2261\/#primaryimage"},"thumbnailUrl":"https:\/\/doktorvolt.pl\/wp-content\/uploads\/2026\/02\/pol_pl_13492-13492_1.jpg","datePublished":"2026-02-23T13:29:48+00:00","breadcrumb":{"@id":"https:\/\/doktorvolt.pl\/en\/oferta-doktorvolt\/accessories\/insulated-busbars\/end-caps-for-din-rails\/zaslepka-do-szyn-laczeniowych-z-16-4f-10-sztuk-2261\/#breadcrumb"},"inLanguage":"en-US","potentialAction":[{"@type":"ReadAction","target":["https:\/\/doktorvolt.pl\/en\/oferta-doktorvolt\/accessories\/insulated-busbars\/end-caps-for-din-rails\/zaslepka-do-szyn-laczeniowych-z-16-4f-10-sztuk-2261\/"]}]},{"@type":"ImageObject","inLanguage":"en-US","@id":"https:\/\/doktorvolt.pl\/en\/oferta-doktorvolt\/accessories\/insulated-busbars\/end-caps-for-din-rails\/zaslepka-do-szyn-laczeniowych-z-16-4f-10-sztuk-2261\/#primaryimage","url":"https:\/\/doktorvolt.pl\/wp-content\/uploads\/2026\/02\/pol_pl_13492-13492_1.jpg","contentUrl":"https:\/\/doktorvolt.pl\/wp-content\/uploads\/2026\/02\/pol_pl_13492-13492_1.jpg","width":1600,"height":900},{"@type":"BreadcrumbList","@id":"https:\/\/doktorvolt.pl\/en\/oferta-doktorvolt\/accessories\/insulated-busbars\/end-caps-for-din-rails\/zaslepka-do-szyn-laczeniowych-z-16-4f-10-sztuk-2261\/#breadcrumb","itemListElement":[{"@type":"ListItem","position":1,"name":"Strona g\u0142\u00f3wna","item":"https:\/\/doktorvolt.pl\/en\/"},{"@type":"ListItem","position":2,"name":"Offer Doktorvolt","item":"https:\/\/doktorvolt.pl\/en\/offer-doktorvolt\/"},{"@type":"ListItem","position":3,"name":"Za\u015blepka do szyn \u0142\u0105czeniowych Z-16\/4F 10 sztuk 2261"}]},{"@type":"WebSite","@id":"https:\/\/doktorvolt.pl\/de\/#website","url":"https:\/\/doktorvolt.pl\/de\/","name":"DOKTORVOLT\u00ae","description":"Producent rozdzielnic budowlanych","publisher":{"@id":"https:\/\/doktorvolt.pl\/de\/#organization"},"potentialAction":[{"@type":"SearchAction","target":{"@type":"EntryPoint","urlTemplate":"https:\/\/doktorvolt.pl\/de\/?s={search_term_string}"},"query-input":{"@type":"PropertyValueSpecification","valueRequired":true,"valueName":"search_term_string"}}],"inLanguage":"en-US"},{"@type":"Organization","@id":"https:\/\/doktorvolt.pl\/de\/#organization","name":"DOKTORVOLT\u00ae","url":"https:\/\/doktorvolt.pl\/de\/","logo":{"@type":"ImageObject","inLanguage":"en-US","@id":"https:\/\/doktorvolt.pl\/de\/#\/schema\/logo\/image\/","url":"https:\/\/doktorvolt.pl\/wp-content\/uploads\/2023\/10\/DoktorVOLT-black-png.png","contentUrl":"https:\/\/doktorvolt.pl\/wp-content\/uploads\/2023\/10\/DoktorVOLT-black-png.png","width":729,"height":40,"caption":"DOKTORVOLT\u00ae"},"image":{"@id":"https:\/\/doktorvolt.pl\/de\/#\/schema\/logo\/image\/"}}]}},"_links":{"self":[{"href":"https:\/\/doktorvolt.pl\/en\/wp-json\/wp\/v2\/product\/110983","targetHints":{"allow":["GET"]}}],"collection":[{"href":"https:\/\/doktorvolt.pl\/en\/wp-json\/wp\/v2\/product"}],"about":[{"href":"https:\/\/doktorvolt.pl\/en\/wp-json\/wp\/v2\/types\/product"}],"wp:featuredmedia":[{"embeddable":true,"href":"https:\/\/doktorvolt.pl\/en\/wp-json\/wp\/v2\/media\/102174"}],"wp:attachment":[{"href":"https:\/\/doktorvolt.pl\/en\/wp-json\/wp\/v2\/media?parent=110983"}],"wp:term":[{"taxonomy":"product_brand","embeddable":true,"href":"https:\/\/doktorvolt.pl\/en\/wp-json\/wp\/v2\/product_brand?post=110983"},{"taxonomy":"product_cat","embeddable":true,"href":"https:\/\/doktorvolt.pl\/en\/wp-json\/wp\/v2\/product_cat?post=110983"},{"taxonomy":"product_tag","embeddable":true,"href":"https:\/\/doktorvolt.pl\/en\/wp-json\/wp\/v2\/product_tag?post=110983"}],"curies":[{"name":"wp","href":"https:\/\/api.w.org\/{rel}","templated":true}]}}