{"id":110990,"date":"2026-02-23T15:29:18","date_gmt":"2026-02-23T13:29:18","guid":{"rendered":"https:\/\/doktorvolt.pl\/sklep\/uncategorized\/4-fazowa-11-modulowa-szyna-laczeniowa-ps-g-16mm2-100a-doktorvolt-2841\/"},"modified":"2026-02-23T15:29:18","modified_gmt":"2026-02-23T13:29:18","slug":"4-fazowa-11-modulowa-szyna-laczeniowa-ps-g-16mm2-100a-doktorvolt-2841","status":"publish","type":"product","link":"https:\/\/doktorvolt.pl\/en\/oferta-doktorvolt\/accessories\/insulated-busbars\/comb-phase-modifier\/4-fazowa-11-modulowa-szyna-laczeniowa-ps-g-16mm2-100a-doktorvolt-2841\/","title":{"rendered":"4-fazowa 11-modu\u0142owa Szyna \u0142\u0105czeniowa PS\/G 16mm2 100A Doktorvolt 2841"},"content":{"rendered":"<h1 style=\"text-align:center;\"><span style=\"color:#000000;\">Szyna \u0142\u0105czeniowa grzebieniowa PS\/G<br \/>4P 11M 16mm2 100A<\/span><\/h1>\n<p><span style=\"font-size:12pt;color:#000000;\">\u00a0<\/span><\/p>\n<table class=\"center\" style=\"background-color:#f5f5f5;margin-left:auto;margin-right:auto;width:340px;height:337px;border:1px solid #ffffff;\" align=\"center\">\n<tbody>\n<tr align=\"left\">\n<td class=\"align_justify\" style=\"text-align:right;padding:15px;height:25px;\" valign=\"middle\" align=\"right\"><span style=\"font-size:12pt;color:#000000;\"><span style=\"font-family:verdana, geneva;\">pr\u0105d znamionowy<\/span><span style=\"font-family:verdana, geneva;\"><br \/><\/span><\/span><\/td>\n<td style=\"background-color:#ffffff;text-align:center;\"><span style=\"font-size:12pt;color:#000000;\">100A<\/span><\/td>\n<\/tr>\n<tr align=\"left\">\n<td class=\"align_justify\" style=\"text-align:right;padding:15px;height:25px;\" valign=\"middle\" align=\"right\"><span style=\"font-size:12pt;color:#000000;\"><span style=\"font-family:verdana, geneva;\">napi\u0119cie znamionowe<\/span><\/span><\/td>\n<td style=\"background-color:#ffffff;text-align:center;\"><span style=\"font-size:12pt;color:#000000;\">500V<\/span><\/td>\n<\/tr>\n<tr>\n<td style=\"text-align:right;padding:15px;height:25px;\" valign=\"middle\" align=\"right\"><span style=\"font-size:12pt;color:#000000;\"><span style=\"font-family:verdana, geneva;\">przekr\u00f3j<\/span><\/span><\/td>\n<td style=\"background-color:#ffffff;text-align:center;\">\n<p><span style=\"font-size:12pt;color:#000000;\">16\u00a0mm\u00b2<span style=\"font-family:verdana, geneva;font-size:12pt;\"><span style=\"font-size:xx-small;\"><span style=\"font-size:12pt;\"><span style=\"font-size:10pt;\"><span style=\"font-size:12pt;\"><span style=\"font-size:12pt;\"><span style=\"font-size:12pt;\"><span style=\"font-size:12pt;\"><br \/><\/span><\/span><\/span><\/span><\/span><\/span><\/span><\/span><\/span><\/p>\n<\/td>\n<\/tr>\n<tr>\n<td style=\"text-align:right;padding:15px;height:25px;\" valign=\"middle\" align=\"right\"><span style=\"font-size:12pt;color:#000000;\"><span style=\"font-family:verdana, geneva;\">ilo\u015b\u0107 modu\u0142\u00f3w<\/span><\/span><\/td>\n<td style=\"background-color:#ffffff;text-align:center;\">\n<p><span style=\"font-size:12pt;color:#000000;\">11<\/span><\/p>\n<\/td>\n<\/tr>\n<tr>\n<td style=\"text-align:right;padding:15px;height:25px;\" valign=\"middle\" align=\"right\"><span style=\"font-size:12pt;color:#000000;\"><span style=\"font-family:verdana, geneva;\">ilo\u015b\u0107 biegun\u00f3w<br \/><\/span><\/span><\/td>\n<td style=\"background-color:#ffffff;text-align:center;\"><span style=\"font-size:12pt;color:#000000;\">4P<\/span><\/td>\n<\/tr>\n<tr>\n<td style=\"text-align:right;padding:15px;height:25px;\" valign=\"middle\" align=\"right\"><span style=\"font-size:12pt;color:#000000;\"><span style=\"font-family:verdana, geneva;\">kolor<br \/><\/span><\/span><\/td>\n<td style=\"background-color:#ffffff;text-align:center;\"><span style=\"font-family:verdana, geneva;font-size:12pt;color:#000000;\">bia\u0142y<\/span><\/td>\n<\/tr>\n<tr>\n<td style=\"text-align:right;padding:15px;height:25px;\" valign=\"middle\" align=\"right\"><span style=\"font-size:12pt;color:#000000;\"><span style=\"font-family:verdana, geneva;\">kod EAN<\/span><\/span><\/td>\n<td style=\"background-color:#ffffff;text-align:center;\"><span style=\"font-family:verdana, geneva;font-size:12pt;color:#000000;\">5907589332841<\/span><\/td>\n<\/tr>\n<\/tbody>\n<\/table>\n<p><span style=\"font-size:12pt;color:#000000;\">\u00a0<\/span><\/p>\n<p><span style=\"font-size:12pt;color:#000000;\">\u00a0<\/span><\/p>\n<p><span style=\"color:#000000;\">\u00a0<\/span><\/p>\n","protected":false},"excerpt":{"rendered":"<p>4-fazowa 11-modu\u0142owa Szyna \u0142\u0105czeniowa PS\/G 16mm2 100A Doktorvolt 2841<\/p>\n","protected":false},"featured_media":102119,"template":"","meta":[],"product_brand":[],"product_cat":[5168],"product_tag":[],"class_list":{"0":"post-110990","1":"product","2":"type-product","3":"status-publish","4":"has-post-thumbnail","6":"product_cat-comb-phase-modifier","7":"pa_liczba-biegunow-4p","8":"pa_liczba-faz-four-phase","9":"pa_liczba-modulow-5265","10":"pa_maksymalny-prad-znamionowy-100a","11":"pa_przekroj-16mm","13":"first","14":"instock","15":"shipping-taxable","16":"product-type-external"},"yoast_head":"<!-- This site is optimized with the Yoast SEO plugin v27.0 - https:\/\/yoast.com\/product\/yoast-seo-wordpress\/ -->\n<title>4-fazowa 11-modu\u0142owa Szyna \u0142\u0105czeniowa PS\/G 16mm2 100A Doktorvolt 2841 - DOKTORVOLT\u00ae<\/title>\n<meta name=\"robots\" content=\"index, follow, max-snippet:-1, max-image-preview:large, max-video-preview:-1\" \/>\n<link rel=\"canonical\" href=\"https:\/\/doktorvolt.pl\/en\/oferta-doktorvolt\/accessories\/insulated-busbars\/comb-phase-modifier\/4-fazowa-11-modulowa-szyna-laczeniowa-ps-g-16mm2-100a-doktorvolt-2841\/\" \/>\n<meta property=\"og:locale\" content=\"en_US\" \/>\n<meta property=\"og:type\" content=\"article\" \/>\n<meta property=\"og:title\" content=\"4-fazowa 11-modu\u0142owa Szyna \u0142\u0105czeniowa PS\/G 16mm2 100A Doktorvolt 2841 - DOKTORVOLT\u00ae\" \/>\n<meta property=\"og:description\" content=\"4-fazowa 11-modu\u0142owa Szyna \u0142\u0105czeniowa PS\/G 16mm2 100A Doktorvolt 2841\" \/>\n<meta property=\"og:url\" content=\"https:\/\/doktorvolt.pl\/en\/oferta-doktorvolt\/accessories\/insulated-busbars\/comb-phase-modifier\/4-fazowa-11-modulowa-szyna-laczeniowa-ps-g-16mm2-100a-doktorvolt-2841\/\" \/>\n<meta property=\"og:site_name\" content=\"DOKTORVOLT\u00ae\" \/>\n<meta property=\"og:image\" content=\"https:\/\/doktorvolt.pl\/wp-content\/uploads\/2026\/02\/pol_pl_14009-14009_1.jpg\" \/>\n\t<meta property=\"og:image:width\" content=\"1000\" \/>\n\t<meta property=\"og:image:height\" content=\"1000\" \/>\n\t<meta property=\"og:image:type\" content=\"image\/jpeg\" \/>\n<meta name=\"twitter:card\" content=\"summary_large_image\" \/>\n<script type=\"application\/ld+json\" class=\"yoast-schema-graph\">{\"@context\":\"https:\/\/schema.org\",\"@graph\":[{\"@type\":\"WebPage\",\"@id\":\"https:\/\/doktorvolt.pl\/en\/oferta-doktorvolt\/accessories\/insulated-busbars\/comb-phase-modifier\/4-fazowa-11-modulowa-szyna-laczeniowa-ps-g-16mm2-100a-doktorvolt-2841\/\",\"url\":\"https:\/\/doktorvolt.pl\/en\/oferta-doktorvolt\/accessories\/insulated-busbars\/comb-phase-modifier\/4-fazowa-11-modulowa-szyna-laczeniowa-ps-g-16mm2-100a-doktorvolt-2841\/\",\"name\":\"4-fazowa 11-modu\u0142owa Szyna \u0142\u0105czeniowa PS\/G 16mm2 100A Doktorvolt 2841 - DOKTORVOLT\u00ae\",\"isPartOf\":{\"@id\":\"https:\/\/doktorvolt.pl\/de\/#website\"},\"primaryImageOfPage\":{\"@id\":\"https:\/\/doktorvolt.pl\/en\/oferta-doktorvolt\/accessories\/insulated-busbars\/comb-phase-modifier\/4-fazowa-11-modulowa-szyna-laczeniowa-ps-g-16mm2-100a-doktorvolt-2841\/#primaryimage\"},\"image\":{\"@id\":\"https:\/\/doktorvolt.pl\/en\/oferta-doktorvolt\/accessories\/insulated-busbars\/comb-phase-modifier\/4-fazowa-11-modulowa-szyna-laczeniowa-ps-g-16mm2-100a-doktorvolt-2841\/#primaryimage\"},\"thumbnailUrl\":\"https:\/\/doktorvolt.pl\/wp-content\/uploads\/2026\/02\/pol_pl_14009-14009_1.jpg\",\"datePublished\":\"2026-02-23T13:29:18+00:00\",\"breadcrumb\":{\"@id\":\"https:\/\/doktorvolt.pl\/en\/oferta-doktorvolt\/accessories\/insulated-busbars\/comb-phase-modifier\/4-fazowa-11-modulowa-szyna-laczeniowa-ps-g-16mm2-100a-doktorvolt-2841\/#breadcrumb\"},\"inLanguage\":\"en-US\",\"potentialAction\":[{\"@type\":\"ReadAction\",\"target\":[\"https:\/\/doktorvolt.pl\/en\/oferta-doktorvolt\/accessories\/insulated-busbars\/comb-phase-modifier\/4-fazowa-11-modulowa-szyna-laczeniowa-ps-g-16mm2-100a-doktorvolt-2841\/\"]}]},{\"@type\":\"ImageObject\",\"inLanguage\":\"en-US\",\"@id\":\"https:\/\/doktorvolt.pl\/en\/oferta-doktorvolt\/accessories\/insulated-busbars\/comb-phase-modifier\/4-fazowa-11-modulowa-szyna-laczeniowa-ps-g-16mm2-100a-doktorvolt-2841\/#primaryimage\",\"url\":\"https:\/\/doktorvolt.pl\/wp-content\/uploads\/2026\/02\/pol_pl_14009-14009_1.jpg\",\"contentUrl\":\"https:\/\/doktorvolt.pl\/wp-content\/uploads\/2026\/02\/pol_pl_14009-14009_1.jpg\",\"width\":1000,\"height\":1000},{\"@type\":\"BreadcrumbList\",\"@id\":\"https:\/\/doktorvolt.pl\/en\/oferta-doktorvolt\/accessories\/insulated-busbars\/comb-phase-modifier\/4-fazowa-11-modulowa-szyna-laczeniowa-ps-g-16mm2-100a-doktorvolt-2841\/#breadcrumb\",\"itemListElement\":[{\"@type\":\"ListItem\",\"position\":1,\"name\":\"Strona g\u0142\u00f3wna\",\"item\":\"https:\/\/doktorvolt.pl\/en\/\"},{\"@type\":\"ListItem\",\"position\":2,\"name\":\"Offer Doktorvolt\",\"item\":\"https:\/\/doktorvolt.pl\/en\/offer-doktorvolt\/\"},{\"@type\":\"ListItem\",\"position\":3,\"name\":\"4-fazowa 11-modu\u0142owa Szyna \u0142\u0105czeniowa PS\/G 16mm2 100A Doktorvolt 2841\"}]},{\"@type\":\"WebSite\",\"@id\":\"https:\/\/doktorvolt.pl\/de\/#website\",\"url\":\"https:\/\/doktorvolt.pl\/de\/\",\"name\":\"DOKTORVOLT\u00ae\",\"description\":\"Producent rozdzielnic budowlanych\",\"publisher\":{\"@id\":\"https:\/\/doktorvolt.pl\/de\/#organization\"},\"potentialAction\":[{\"@type\":\"SearchAction\",\"target\":{\"@type\":\"EntryPoint\",\"urlTemplate\":\"https:\/\/doktorvolt.pl\/de\/?s={search_term_string}\"},\"query-input\":{\"@type\":\"PropertyValueSpecification\",\"valueRequired\":true,\"valueName\":\"search_term_string\"}}],\"inLanguage\":\"en-US\"},{\"@type\":\"Organization\",\"@id\":\"https:\/\/doktorvolt.pl\/de\/#organization\",\"name\":\"DOKTORVOLT\u00ae\",\"url\":\"https:\/\/doktorvolt.pl\/de\/\",\"logo\":{\"@type\":\"ImageObject\",\"inLanguage\":\"en-US\",\"@id\":\"https:\/\/doktorvolt.pl\/de\/#\/schema\/logo\/image\/\",\"url\":\"https:\/\/doktorvolt.pl\/wp-content\/uploads\/2023\/10\/DoktorVOLT-black-png.png\",\"contentUrl\":\"https:\/\/doktorvolt.pl\/wp-content\/uploads\/2023\/10\/DoktorVOLT-black-png.png\",\"width\":729,\"height\":40,\"caption\":\"DOKTORVOLT\u00ae\"},\"image\":{\"@id\":\"https:\/\/doktorvolt.pl\/de\/#\/schema\/logo\/image\/\"}}]}<\/script>\n<!-- \/ Yoast SEO plugin. -->","yoast_head_json":{"title":"4-fazowa 11-modu\u0142owa Szyna \u0142\u0105czeniowa PS\/G 16mm2 100A Doktorvolt 2841 - DOKTORVOLT\u00ae","robots":{"index":"index","follow":"follow","max-snippet":"max-snippet:-1","max-image-preview":"max-image-preview:large","max-video-preview":"max-video-preview:-1"},"canonical":"https:\/\/doktorvolt.pl\/en\/oferta-doktorvolt\/accessories\/insulated-busbars\/comb-phase-modifier\/4-fazowa-11-modulowa-szyna-laczeniowa-ps-g-16mm2-100a-doktorvolt-2841\/","og_locale":"en_US","og_type":"article","og_title":"4-fazowa 11-modu\u0142owa Szyna \u0142\u0105czeniowa PS\/G 16mm2 100A Doktorvolt 2841 - DOKTORVOLT\u00ae","og_description":"4-fazowa 11-modu\u0142owa Szyna \u0142\u0105czeniowa PS\/G 16mm2 100A Doktorvolt 2841","og_url":"https:\/\/doktorvolt.pl\/en\/oferta-doktorvolt\/accessories\/insulated-busbars\/comb-phase-modifier\/4-fazowa-11-modulowa-szyna-laczeniowa-ps-g-16mm2-100a-doktorvolt-2841\/","og_site_name":"DOKTORVOLT\u00ae","og_image":[{"width":1000,"height":1000,"url":"https:\/\/doktorvolt.pl\/wp-content\/uploads\/2026\/02\/pol_pl_14009-14009_1.jpg","type":"image\/jpeg"}],"twitter_card":"summary_large_image","schema":{"@context":"https:\/\/schema.org","@graph":[{"@type":"WebPage","@id":"https:\/\/doktorvolt.pl\/en\/oferta-doktorvolt\/accessories\/insulated-busbars\/comb-phase-modifier\/4-fazowa-11-modulowa-szyna-laczeniowa-ps-g-16mm2-100a-doktorvolt-2841\/","url":"https:\/\/doktorvolt.pl\/en\/oferta-doktorvolt\/accessories\/insulated-busbars\/comb-phase-modifier\/4-fazowa-11-modulowa-szyna-laczeniowa-ps-g-16mm2-100a-doktorvolt-2841\/","name":"4-fazowa 11-modu\u0142owa Szyna \u0142\u0105czeniowa PS\/G 16mm2 100A Doktorvolt 2841 - DOKTORVOLT\u00ae","isPartOf":{"@id":"https:\/\/doktorvolt.pl\/de\/#website"},"primaryImageOfPage":{"@id":"https:\/\/doktorvolt.pl\/en\/oferta-doktorvolt\/accessories\/insulated-busbars\/comb-phase-modifier\/4-fazowa-11-modulowa-szyna-laczeniowa-ps-g-16mm2-100a-doktorvolt-2841\/#primaryimage"},"image":{"@id":"https:\/\/doktorvolt.pl\/en\/oferta-doktorvolt\/accessories\/insulated-busbars\/comb-phase-modifier\/4-fazowa-11-modulowa-szyna-laczeniowa-ps-g-16mm2-100a-doktorvolt-2841\/#primaryimage"},"thumbnailUrl":"https:\/\/doktorvolt.pl\/wp-content\/uploads\/2026\/02\/pol_pl_14009-14009_1.jpg","datePublished":"2026-02-23T13:29:18+00:00","breadcrumb":{"@id":"https:\/\/doktorvolt.pl\/en\/oferta-doktorvolt\/accessories\/insulated-busbars\/comb-phase-modifier\/4-fazowa-11-modulowa-szyna-laczeniowa-ps-g-16mm2-100a-doktorvolt-2841\/#breadcrumb"},"inLanguage":"en-US","potentialAction":[{"@type":"ReadAction","target":["https:\/\/doktorvolt.pl\/en\/oferta-doktorvolt\/accessories\/insulated-busbars\/comb-phase-modifier\/4-fazowa-11-modulowa-szyna-laczeniowa-ps-g-16mm2-100a-doktorvolt-2841\/"]}]},{"@type":"ImageObject","inLanguage":"en-US","@id":"https:\/\/doktorvolt.pl\/en\/oferta-doktorvolt\/accessories\/insulated-busbars\/comb-phase-modifier\/4-fazowa-11-modulowa-szyna-laczeniowa-ps-g-16mm2-100a-doktorvolt-2841\/#primaryimage","url":"https:\/\/doktorvolt.pl\/wp-content\/uploads\/2026\/02\/pol_pl_14009-14009_1.jpg","contentUrl":"https:\/\/doktorvolt.pl\/wp-content\/uploads\/2026\/02\/pol_pl_14009-14009_1.jpg","width":1000,"height":1000},{"@type":"BreadcrumbList","@id":"https:\/\/doktorvolt.pl\/en\/oferta-doktorvolt\/accessories\/insulated-busbars\/comb-phase-modifier\/4-fazowa-11-modulowa-szyna-laczeniowa-ps-g-16mm2-100a-doktorvolt-2841\/#breadcrumb","itemListElement":[{"@type":"ListItem","position":1,"name":"Strona g\u0142\u00f3wna","item":"https:\/\/doktorvolt.pl\/en\/"},{"@type":"ListItem","position":2,"name":"Offer Doktorvolt","item":"https:\/\/doktorvolt.pl\/en\/offer-doktorvolt\/"},{"@type":"ListItem","position":3,"name":"4-fazowa 11-modu\u0142owa Szyna \u0142\u0105czeniowa PS\/G 16mm2 100A Doktorvolt 2841"}]},{"@type":"WebSite","@id":"https:\/\/doktorvolt.pl\/de\/#website","url":"https:\/\/doktorvolt.pl\/de\/","name":"DOKTORVOLT\u00ae","description":"Producent rozdzielnic budowlanych","publisher":{"@id":"https:\/\/doktorvolt.pl\/de\/#organization"},"potentialAction":[{"@type":"SearchAction","target":{"@type":"EntryPoint","urlTemplate":"https:\/\/doktorvolt.pl\/de\/?s={search_term_string}"},"query-input":{"@type":"PropertyValueSpecification","valueRequired":true,"valueName":"search_term_string"}}],"inLanguage":"en-US"},{"@type":"Organization","@id":"https:\/\/doktorvolt.pl\/de\/#organization","name":"DOKTORVOLT\u00ae","url":"https:\/\/doktorvolt.pl\/de\/","logo":{"@type":"ImageObject","inLanguage":"en-US","@id":"https:\/\/doktorvolt.pl\/de\/#\/schema\/logo\/image\/","url":"https:\/\/doktorvolt.pl\/wp-content\/uploads\/2023\/10\/DoktorVOLT-black-png.png","contentUrl":"https:\/\/doktorvolt.pl\/wp-content\/uploads\/2023\/10\/DoktorVOLT-black-png.png","width":729,"height":40,"caption":"DOKTORVOLT\u00ae"},"image":{"@id":"https:\/\/doktorvolt.pl\/de\/#\/schema\/logo\/image\/"}}]}},"_links":{"self":[{"href":"https:\/\/doktorvolt.pl\/en\/wp-json\/wp\/v2\/product\/110990","targetHints":{"allow":["GET"]}}],"collection":[{"href":"https:\/\/doktorvolt.pl\/en\/wp-json\/wp\/v2\/product"}],"about":[{"href":"https:\/\/doktorvolt.pl\/en\/wp-json\/wp\/v2\/types\/product"}],"wp:featuredmedia":[{"embeddable":true,"href":"https:\/\/doktorvolt.pl\/en\/wp-json\/wp\/v2\/media\/102119"}],"wp:attachment":[{"href":"https:\/\/doktorvolt.pl\/en\/wp-json\/wp\/v2\/media?parent=110990"}],"wp:term":[{"taxonomy":"product_brand","embeddable":true,"href":"https:\/\/doktorvolt.pl\/en\/wp-json\/wp\/v2\/product_brand?post=110990"},{"taxonomy":"product_cat","embeddable":true,"href":"https:\/\/doktorvolt.pl\/en\/wp-json\/wp\/v2\/product_cat?post=110990"},{"taxonomy":"product_tag","embeddable":true,"href":"https:\/\/doktorvolt.pl\/en\/wp-json\/wp\/v2\/product_tag?post=110990"}],"curies":[{"name":"wp","href":"https:\/\/api.w.org\/{rel}","templated":true}]}}