{"id":110996,"date":"2026-02-23T15:28:51","date_gmt":"2026-02-23T13:28:51","guid":{"rendered":"https:\/\/doktorvolt.pl\/sklep\/uncategorized\/szyna-laczeniowa-grzebieniowa-ps-gb-obustronnie-izolowana-1-fazowa-12-modulowa-16mm2-dv-9405\/"},"modified":"2026-02-23T15:28:51","modified_gmt":"2026-02-23T13:28:51","slug":"szyna-laczeniowa-grzebieniowa-ps-gb-obustronnie-izolowana-1-fazowa-12-modulowa-16mm2-dv-9405","status":"publish","type":"product","link":"https:\/\/doktorvolt.pl\/en\/oferta-doktorvolt\/accessories\/insulated-busbars\/double-isolated-busbars\/szyna-laczeniowa-grzebieniowa-ps-gb-obustronnie-izolowana-1-fazowa-12-modulowa-16mm2-dv-9405\/","title":{"rendered":"Szyna \u0142\u0105czeniowa grzebieniowa PS\/GB obustronnie izolowana 1-fazowa 12-modu\u0142owa 16mm2 DV 9405"},"content":{"rendered":"<h1 style=\"text-align:center;\"><span style=\"font-size:12pt;color:#000000;\">Szyna \u0142\u0105czeniowa grzebieniowa PS\/GB 1-fazowa <\/span><\/h1>\n<h1 style=\"text-align:center;\"><span style=\"font-size:12pt;color:#000000;\">12-modu\u0142owa 16mm2 obustronnie izolowana<br \/><\/span><\/h1>\n<\/p>\n<table class=\"center\" style=\"background-color:#f5f5f5;margin-left:auto;margin-right:auto;width:366px;height:443px;border:1px solid #ffffff;\" align=\"center\">\n<tbody>\n<tr>\n<td style=\"text-align:right;padding:15px;height:25px;\" valign=\"middle\" align=\"right\"><span style=\"font-size:12pt;color:#000000;\"><span style=\"font-family:verdana, geneva;\">typ<\/span><\/span><\/td>\n<td style=\"background-color:#ffffff;text-align:center;\">\n<p><span style=\"font-size:12pt;color:#000000;\"><span style=\"font-family:verdana, geneva;font-size:12pt;\"><span style=\"font-size:xx-small;\"><span style=\"font-size:12pt;\"><span style=\"font-size:10pt;\"><span style=\"font-size:12pt;\"><span style=\"font-size:12pt;\"><span style=\"font-size:12pt;\"><span style=\"font-size:12pt;\">szyna grzebieniowa<\/span><\/span><\/span><\/span><\/span><\/span><\/span><\/span><\/span><\/p>\n<\/td>\n<\/tr>\n<tr>\n<td style=\"text-align:right;padding:15px;height:25px;\" valign=\"middle\" align=\"right\"><span style=\"font-size:12pt;color:#000000;\"><span style=\"font-family:verdana, geneva;\">pr\u0105d znamionowy<\/span><\/span><\/td>\n<td style=\"background-color:#ffffff;text-align:center;\">\n<p><span style=\"font-size:12pt;color:#000000;\"><span style=\"font-family:verdana, geneva;font-size:12pt;\"><span style=\"font-size:xx-small;\"><span style=\"font-size:12pt;\"><span style=\"font-size:10pt;\"><span style=\"font-size:12pt;\"><span style=\"font-size:12pt;\"><span style=\"font-size:12pt;\"><span style=\"font-size:12pt;\">100A<\/span><\/span><\/span><\/span><\/span><\/span><\/span><\/span><\/span><\/p>\n<\/td>\n<\/tr>\n<tr>\n<td style=\"text-align:right;padding:15px;height:25px;\" valign=\"middle\" align=\"right\"><span style=\"font-family:verdana, geneva;color:#000000;\"><span style=\"font-size:16px;\">znamionowe napi\u0119cie robocze<\/span><\/span><\/td>\n<td style=\"background-color:#ffffff;text-align:center;\">\n<p><span style=\"font-family:verdana, geneva;color:#000000;\"><span style=\"font-size:16px;\">500V<\/span><\/span><\/p>\n<\/td>\n<\/tr>\n<tr>\n<td style=\"text-align:right;padding:15px;height:25px;\" valign=\"middle\" align=\"right\"><span style=\"font-size:12pt;color:#000000;\"><span style=\"font-family:verdana, geneva;\">przekr\u00f3j<\/span><\/span><\/td>\n<td style=\"background-color:#ffffff;text-align:center;\">\n<p><span style=\"font-size:12pt;color:#000000;\">16 mm\u00b2<br \/><\/span><\/p>\n<\/td>\n<\/tr>\n<tr>\n<td style=\"text-align:right;padding:15px;height:25px;\" valign=\"middle\" align=\"right\"><span style=\"font-family:verdana, geneva;color:#000000;\"><span style=\"font-size:16px;\">rodzaj za\u015blepienia<\/span><\/span><\/td>\n<td style=\"background-color:#ffffff;text-align:center;\">\n<p><span style=\"font-size:12pt;color:#000000;\">zamkni\u0119ty<\/span><\/p>\n<p><span style=\"font-size:12pt;color:#000000;\">obustronnie izolowana<\/span><\/p>\n<\/p>\n<\/td>\n<\/tr>\n<tr>\n<td style=\"text-align:right;padding:15px;height:25px;\" valign=\"middle\" align=\"right\"><span style=\"font-size:12pt;color:#000000;\"><span style=\"font-family:verdana, geneva;\">ilo\u015b\u0107 modu\u0142\u00f3w<\/span><\/span><\/td>\n<td style=\"background-color:#ffffff;text-align:center;\">\n<p><span style=\"font-size:12pt;color:#000000;\">12<br \/><\/span><\/p>\n<\/td>\n<\/tr>\n<tr>\n<td style=\"text-align:right;padding:15px;height:25px;\" valign=\"middle\" align=\"right\"><span style=\"font-size:12pt;color:#000000;\"><span style=\"font-family:verdana, geneva;\">ilo\u015b\u0107 biegun\u00f3w<br \/><\/span><\/span><\/td>\n<td style=\"background-color:#ffffff;text-align:center;\"><span style=\"font-size:12pt;color:#000000;\">1P<\/span><\/td>\n<\/tr>\n<tr>\n<td style=\"text-align:right;padding:15px;height:25px;\" valign=\"middle\" align=\"right\"><span style=\"font-size:12pt;color:#000000;\"><span style=\"font-family:verdana, geneva;\">kolor<br \/><\/span><\/span><\/td>\n<td style=\"background-color:#ffffff;text-align:center;\"><span style=\"font-family:verdana, geneva;font-size:12pt;color:#000000;\">bia\u0142y<\/span><\/td>\n<\/tr>\n<tr>\n<td style=\"text-align:right;padding:15px;height:25px;\" valign=\"middle\" align=\"right\"><span style=\"font-family:verdana, geneva;color:#000000;\"><span style=\"font-size:16px;\">oznaczenie producenta<\/span><\/span><\/td>\n<td style=\"background-color:#ffffff;text-align:center;\"><span style=\"font-family:verdana, geneva;font-size:12pt;color:#000000;\">DV-9405-PSGB<\/span><\/td>\n<\/tr>\n<tr>\n<td style=\"text-align:right;padding:15px;height:25px;\" valign=\"middle\" align=\"right\"><span style=\"font-size:12pt;color:#000000;\"><span style=\"font-family:verdana, geneva;\">kod EAN<\/span><\/span><\/td>\n<td style=\"background-color:#ffffff;text-align:center;\"><span style=\"font-family:verdana, geneva;font-size:12pt;color:#000000;\">5903260279405<\/span><\/td>\n<\/tr>\n<\/tbody>\n<\/table>\n","protected":false},"excerpt":{"rendered":"<p>Szyna \u0142\u0105czeniowa grzebieniowa PS\/GB 1-fazowa 12-modu\u0142owa 16mm2 obustronnie izolowana<\/p>\n","protected":false},"featured_media":102069,"template":"","meta":[],"product_brand":[],"product_cat":[5273],"product_tag":[],"class_list":{"0":"post-110996","1":"product","2":"type-product","3":"status-publish","4":"has-post-thumbnail","6":"product_cat-double-isolated-busbars","7":"pa_liczba-biegunow-1p","8":"pa_liczba-faz-one-phase","9":"pa_liczba-modulow-5044","10":"pa_maksymalny-prad-znamionowy-100a","11":"pa_przekroj-16mm","13":"first","14":"instock","15":"shipping-taxable","16":"product-type-external"},"yoast_head":"<!-- This site is optimized with the Yoast SEO plugin v27.0 - https:\/\/yoast.com\/product\/yoast-seo-wordpress\/ -->\n<title>Szyna \u0142\u0105czeniowa grzebieniowa PS\/GB obustronnie izolowana 1-fazowa 12-modu\u0142owa 16mm2 DV 9405 - DOKTORVOLT\u00ae<\/title>\n<meta name=\"robots\" content=\"index, follow, max-snippet:-1, max-image-preview:large, max-video-preview:-1\" \/>\n<link rel=\"canonical\" href=\"https:\/\/doktorvolt.pl\/en\/oferta-doktorvolt\/accessories\/insulated-busbars\/double-isolated-busbars\/szyna-laczeniowa-grzebieniowa-ps-gb-obustronnie-izolowana-1-fazowa-12-modulowa-16mm2-dv-9405\/\" \/>\n<meta property=\"og:locale\" content=\"en_US\" \/>\n<meta property=\"og:type\" content=\"article\" \/>\n<meta property=\"og:title\" content=\"Szyna \u0142\u0105czeniowa grzebieniowa PS\/GB obustronnie izolowana 1-fazowa 12-modu\u0142owa 16mm2 DV 9405 - DOKTORVOLT\u00ae\" \/>\n<meta property=\"og:description\" content=\"Szyna \u0142\u0105czeniowa grzebieniowa PS\/GB 1-fazowa 12-modu\u0142owa 16mm2 obustronnie izolowana\" \/>\n<meta property=\"og:url\" content=\"https:\/\/doktorvolt.pl\/en\/oferta-doktorvolt\/accessories\/insulated-busbars\/double-isolated-busbars\/szyna-laczeniowa-grzebieniowa-ps-gb-obustronnie-izolowana-1-fazowa-12-modulowa-16mm2-dv-9405\/\" \/>\n<meta property=\"og:site_name\" content=\"DOKTORVOLT\u00ae\" \/>\n<meta property=\"og:image\" content=\"https:\/\/doktorvolt.pl\/wp-content\/uploads\/2026\/02\/pol_pl_17363-17363_1.jpg\" \/>\n\t<meta property=\"og:image:width\" content=\"1000\" \/>\n\t<meta property=\"og:image:height\" content=\"1000\" \/>\n\t<meta property=\"og:image:type\" content=\"image\/jpeg\" \/>\n<meta name=\"twitter:card\" content=\"summary_large_image\" \/>\n<script type=\"application\/ld+json\" class=\"yoast-schema-graph\">{\"@context\":\"https:\/\/schema.org\",\"@graph\":[{\"@type\":\"WebPage\",\"@id\":\"https:\/\/doktorvolt.pl\/en\/oferta-doktorvolt\/accessories\/insulated-busbars\/double-isolated-busbars\/szyna-laczeniowa-grzebieniowa-ps-gb-obustronnie-izolowana-1-fazowa-12-modulowa-16mm2-dv-9405\/\",\"url\":\"https:\/\/doktorvolt.pl\/en\/oferta-doktorvolt\/accessories\/insulated-busbars\/double-isolated-busbars\/szyna-laczeniowa-grzebieniowa-ps-gb-obustronnie-izolowana-1-fazowa-12-modulowa-16mm2-dv-9405\/\",\"name\":\"Szyna \u0142\u0105czeniowa grzebieniowa PS\/GB obustronnie izolowana 1-fazowa 12-modu\u0142owa 16mm2 DV 9405 - DOKTORVOLT\u00ae\",\"isPartOf\":{\"@id\":\"https:\/\/doktorvolt.pl\/de\/#website\"},\"primaryImageOfPage\":{\"@id\":\"https:\/\/doktorvolt.pl\/en\/oferta-doktorvolt\/accessories\/insulated-busbars\/double-isolated-busbars\/szyna-laczeniowa-grzebieniowa-ps-gb-obustronnie-izolowana-1-fazowa-12-modulowa-16mm2-dv-9405\/#primaryimage\"},\"image\":{\"@id\":\"https:\/\/doktorvolt.pl\/en\/oferta-doktorvolt\/accessories\/insulated-busbars\/double-isolated-busbars\/szyna-laczeniowa-grzebieniowa-ps-gb-obustronnie-izolowana-1-fazowa-12-modulowa-16mm2-dv-9405\/#primaryimage\"},\"thumbnailUrl\":\"https:\/\/doktorvolt.pl\/wp-content\/uploads\/2026\/02\/pol_pl_17363-17363_1.jpg\",\"datePublished\":\"2026-02-23T13:28:51+00:00\",\"breadcrumb\":{\"@id\":\"https:\/\/doktorvolt.pl\/en\/oferta-doktorvolt\/accessories\/insulated-busbars\/double-isolated-busbars\/szyna-laczeniowa-grzebieniowa-ps-gb-obustronnie-izolowana-1-fazowa-12-modulowa-16mm2-dv-9405\/#breadcrumb\"},\"inLanguage\":\"en-US\",\"potentialAction\":[{\"@type\":\"ReadAction\",\"target\":[\"https:\/\/doktorvolt.pl\/en\/oferta-doktorvolt\/accessories\/insulated-busbars\/double-isolated-busbars\/szyna-laczeniowa-grzebieniowa-ps-gb-obustronnie-izolowana-1-fazowa-12-modulowa-16mm2-dv-9405\/\"]}]},{\"@type\":\"ImageObject\",\"inLanguage\":\"en-US\",\"@id\":\"https:\/\/doktorvolt.pl\/en\/oferta-doktorvolt\/accessories\/insulated-busbars\/double-isolated-busbars\/szyna-laczeniowa-grzebieniowa-ps-gb-obustronnie-izolowana-1-fazowa-12-modulowa-16mm2-dv-9405\/#primaryimage\",\"url\":\"https:\/\/doktorvolt.pl\/wp-content\/uploads\/2026\/02\/pol_pl_17363-17363_1.jpg\",\"contentUrl\":\"https:\/\/doktorvolt.pl\/wp-content\/uploads\/2026\/02\/pol_pl_17363-17363_1.jpg\",\"width\":1000,\"height\":1000},{\"@type\":\"BreadcrumbList\",\"@id\":\"https:\/\/doktorvolt.pl\/en\/oferta-doktorvolt\/accessories\/insulated-busbars\/double-isolated-busbars\/szyna-laczeniowa-grzebieniowa-ps-gb-obustronnie-izolowana-1-fazowa-12-modulowa-16mm2-dv-9405\/#breadcrumb\",\"itemListElement\":[{\"@type\":\"ListItem\",\"position\":1,\"name\":\"Strona g\u0142\u00f3wna\",\"item\":\"https:\/\/doktorvolt.pl\/en\/\"},{\"@type\":\"ListItem\",\"position\":2,\"name\":\"Offer Doktorvolt\",\"item\":\"https:\/\/doktorvolt.pl\/en\/offer-doktorvolt\/\"},{\"@type\":\"ListItem\",\"position\":3,\"name\":\"Szyna \u0142\u0105czeniowa grzebieniowa PS\/GB obustronnie izolowana 1-fazowa 12-modu\u0142owa 16mm2 DV 9405\"}]},{\"@type\":\"WebSite\",\"@id\":\"https:\/\/doktorvolt.pl\/de\/#website\",\"url\":\"https:\/\/doktorvolt.pl\/de\/\",\"name\":\"DOKTORVOLT\u00ae\",\"description\":\"Producent rozdzielnic budowlanych\",\"publisher\":{\"@id\":\"https:\/\/doktorvolt.pl\/de\/#organization\"},\"potentialAction\":[{\"@type\":\"SearchAction\",\"target\":{\"@type\":\"EntryPoint\",\"urlTemplate\":\"https:\/\/doktorvolt.pl\/de\/?s={search_term_string}\"},\"query-input\":{\"@type\":\"PropertyValueSpecification\",\"valueRequired\":true,\"valueName\":\"search_term_string\"}}],\"inLanguage\":\"en-US\"},{\"@type\":\"Organization\",\"@id\":\"https:\/\/doktorvolt.pl\/de\/#organization\",\"name\":\"DOKTORVOLT\u00ae\",\"url\":\"https:\/\/doktorvolt.pl\/de\/\",\"logo\":{\"@type\":\"ImageObject\",\"inLanguage\":\"en-US\",\"@id\":\"https:\/\/doktorvolt.pl\/de\/#\/schema\/logo\/image\/\",\"url\":\"https:\/\/doktorvolt.pl\/wp-content\/uploads\/2023\/10\/DoktorVOLT-black-png.png\",\"contentUrl\":\"https:\/\/doktorvolt.pl\/wp-content\/uploads\/2023\/10\/DoktorVOLT-black-png.png\",\"width\":729,\"height\":40,\"caption\":\"DOKTORVOLT\u00ae\"},\"image\":{\"@id\":\"https:\/\/doktorvolt.pl\/de\/#\/schema\/logo\/image\/\"}}]}<\/script>\n<!-- \/ Yoast SEO plugin. -->","yoast_head_json":{"title":"Szyna \u0142\u0105czeniowa grzebieniowa PS\/GB obustronnie izolowana 1-fazowa 12-modu\u0142owa 16mm2 DV 9405 - DOKTORVOLT\u00ae","robots":{"index":"index","follow":"follow","max-snippet":"max-snippet:-1","max-image-preview":"max-image-preview:large","max-video-preview":"max-video-preview:-1"},"canonical":"https:\/\/doktorvolt.pl\/en\/oferta-doktorvolt\/accessories\/insulated-busbars\/double-isolated-busbars\/szyna-laczeniowa-grzebieniowa-ps-gb-obustronnie-izolowana-1-fazowa-12-modulowa-16mm2-dv-9405\/","og_locale":"en_US","og_type":"article","og_title":"Szyna \u0142\u0105czeniowa grzebieniowa PS\/GB obustronnie izolowana 1-fazowa 12-modu\u0142owa 16mm2 DV 9405 - DOKTORVOLT\u00ae","og_description":"Szyna \u0142\u0105czeniowa grzebieniowa PS\/GB 1-fazowa 12-modu\u0142owa 16mm2 obustronnie izolowana","og_url":"https:\/\/doktorvolt.pl\/en\/oferta-doktorvolt\/accessories\/insulated-busbars\/double-isolated-busbars\/szyna-laczeniowa-grzebieniowa-ps-gb-obustronnie-izolowana-1-fazowa-12-modulowa-16mm2-dv-9405\/","og_site_name":"DOKTORVOLT\u00ae","og_image":[{"width":1000,"height":1000,"url":"https:\/\/doktorvolt.pl\/wp-content\/uploads\/2026\/02\/pol_pl_17363-17363_1.jpg","type":"image\/jpeg"}],"twitter_card":"summary_large_image","schema":{"@context":"https:\/\/schema.org","@graph":[{"@type":"WebPage","@id":"https:\/\/doktorvolt.pl\/en\/oferta-doktorvolt\/accessories\/insulated-busbars\/double-isolated-busbars\/szyna-laczeniowa-grzebieniowa-ps-gb-obustronnie-izolowana-1-fazowa-12-modulowa-16mm2-dv-9405\/","url":"https:\/\/doktorvolt.pl\/en\/oferta-doktorvolt\/accessories\/insulated-busbars\/double-isolated-busbars\/szyna-laczeniowa-grzebieniowa-ps-gb-obustronnie-izolowana-1-fazowa-12-modulowa-16mm2-dv-9405\/","name":"Szyna \u0142\u0105czeniowa grzebieniowa PS\/GB obustronnie izolowana 1-fazowa 12-modu\u0142owa 16mm2 DV 9405 - DOKTORVOLT\u00ae","isPartOf":{"@id":"https:\/\/doktorvolt.pl\/de\/#website"},"primaryImageOfPage":{"@id":"https:\/\/doktorvolt.pl\/en\/oferta-doktorvolt\/accessories\/insulated-busbars\/double-isolated-busbars\/szyna-laczeniowa-grzebieniowa-ps-gb-obustronnie-izolowana-1-fazowa-12-modulowa-16mm2-dv-9405\/#primaryimage"},"image":{"@id":"https:\/\/doktorvolt.pl\/en\/oferta-doktorvolt\/accessories\/insulated-busbars\/double-isolated-busbars\/szyna-laczeniowa-grzebieniowa-ps-gb-obustronnie-izolowana-1-fazowa-12-modulowa-16mm2-dv-9405\/#primaryimage"},"thumbnailUrl":"https:\/\/doktorvolt.pl\/wp-content\/uploads\/2026\/02\/pol_pl_17363-17363_1.jpg","datePublished":"2026-02-23T13:28:51+00:00","breadcrumb":{"@id":"https:\/\/doktorvolt.pl\/en\/oferta-doktorvolt\/accessories\/insulated-busbars\/double-isolated-busbars\/szyna-laczeniowa-grzebieniowa-ps-gb-obustronnie-izolowana-1-fazowa-12-modulowa-16mm2-dv-9405\/#breadcrumb"},"inLanguage":"en-US","potentialAction":[{"@type":"ReadAction","target":["https:\/\/doktorvolt.pl\/en\/oferta-doktorvolt\/accessories\/insulated-busbars\/double-isolated-busbars\/szyna-laczeniowa-grzebieniowa-ps-gb-obustronnie-izolowana-1-fazowa-12-modulowa-16mm2-dv-9405\/"]}]},{"@type":"ImageObject","inLanguage":"en-US","@id":"https:\/\/doktorvolt.pl\/en\/oferta-doktorvolt\/accessories\/insulated-busbars\/double-isolated-busbars\/szyna-laczeniowa-grzebieniowa-ps-gb-obustronnie-izolowana-1-fazowa-12-modulowa-16mm2-dv-9405\/#primaryimage","url":"https:\/\/doktorvolt.pl\/wp-content\/uploads\/2026\/02\/pol_pl_17363-17363_1.jpg","contentUrl":"https:\/\/doktorvolt.pl\/wp-content\/uploads\/2026\/02\/pol_pl_17363-17363_1.jpg","width":1000,"height":1000},{"@type":"BreadcrumbList","@id":"https:\/\/doktorvolt.pl\/en\/oferta-doktorvolt\/accessories\/insulated-busbars\/double-isolated-busbars\/szyna-laczeniowa-grzebieniowa-ps-gb-obustronnie-izolowana-1-fazowa-12-modulowa-16mm2-dv-9405\/#breadcrumb","itemListElement":[{"@type":"ListItem","position":1,"name":"Strona g\u0142\u00f3wna","item":"https:\/\/doktorvolt.pl\/en\/"},{"@type":"ListItem","position":2,"name":"Offer Doktorvolt","item":"https:\/\/doktorvolt.pl\/en\/offer-doktorvolt\/"},{"@type":"ListItem","position":3,"name":"Szyna \u0142\u0105czeniowa grzebieniowa PS\/GB obustronnie izolowana 1-fazowa 12-modu\u0142owa 16mm2 DV 9405"}]},{"@type":"WebSite","@id":"https:\/\/doktorvolt.pl\/de\/#website","url":"https:\/\/doktorvolt.pl\/de\/","name":"DOKTORVOLT\u00ae","description":"Producent rozdzielnic budowlanych","publisher":{"@id":"https:\/\/doktorvolt.pl\/de\/#organization"},"potentialAction":[{"@type":"SearchAction","target":{"@type":"EntryPoint","urlTemplate":"https:\/\/doktorvolt.pl\/de\/?s={search_term_string}"},"query-input":{"@type":"PropertyValueSpecification","valueRequired":true,"valueName":"search_term_string"}}],"inLanguage":"en-US"},{"@type":"Organization","@id":"https:\/\/doktorvolt.pl\/de\/#organization","name":"DOKTORVOLT\u00ae","url":"https:\/\/doktorvolt.pl\/de\/","logo":{"@type":"ImageObject","inLanguage":"en-US","@id":"https:\/\/doktorvolt.pl\/de\/#\/schema\/logo\/image\/","url":"https:\/\/doktorvolt.pl\/wp-content\/uploads\/2023\/10\/DoktorVOLT-black-png.png","contentUrl":"https:\/\/doktorvolt.pl\/wp-content\/uploads\/2023\/10\/DoktorVOLT-black-png.png","width":729,"height":40,"caption":"DOKTORVOLT\u00ae"},"image":{"@id":"https:\/\/doktorvolt.pl\/de\/#\/schema\/logo\/image\/"}}]}},"_links":{"self":[{"href":"https:\/\/doktorvolt.pl\/en\/wp-json\/wp\/v2\/product\/110996","targetHints":{"allow":["GET"]}}],"collection":[{"href":"https:\/\/doktorvolt.pl\/en\/wp-json\/wp\/v2\/product"}],"about":[{"href":"https:\/\/doktorvolt.pl\/en\/wp-json\/wp\/v2\/types\/product"}],"wp:featuredmedia":[{"embeddable":true,"href":"https:\/\/doktorvolt.pl\/en\/wp-json\/wp\/v2\/media\/102069"}],"wp:attachment":[{"href":"https:\/\/doktorvolt.pl\/en\/wp-json\/wp\/v2\/media?parent=110996"}],"wp:term":[{"taxonomy":"product_brand","embeddable":true,"href":"https:\/\/doktorvolt.pl\/en\/wp-json\/wp\/v2\/product_brand?post=110996"},{"taxonomy":"product_cat","embeddable":true,"href":"https:\/\/doktorvolt.pl\/en\/wp-json\/wp\/v2\/product_cat?post=110996"},{"taxonomy":"product_tag","embeddable":true,"href":"https:\/\/doktorvolt.pl\/en\/wp-json\/wp\/v2\/product_tag?post=110996"}],"curies":[{"name":"wp","href":"https:\/\/api.w.org\/{rel}","templated":true}]}}