{"id":111009,"date":"2026-02-23T15:25:55","date_gmt":"2026-02-23T13:25:55","guid":{"rendered":"https:\/\/doktorvolt.pl\/sklep\/uncategorized\/szyna-laczeniowa-grzebieniowa-ps-g-3-fazowa-10-modulowa-12mm2-80a-dv-2626\/"},"modified":"2026-02-23T15:25:55","modified_gmt":"2026-02-23T13:25:55","slug":"szyna-laczeniowa-grzebieniowa-ps-g-3-fazowa-10-modulowa-12mm2-80a-dv-2626","status":"publish","type":"product","link":"https:\/\/doktorvolt.pl\/en\/oferta-doktorvolt\/accessories\/insulated-busbars\/comb-phase-modifier\/szyna-laczeniowa-grzebieniowa-ps-g-3-fazowa-10-modulowa-12mm2-80a-dv-2626\/","title":{"rendered":"Szyna \u0142\u0105czeniowa grzebieniowa PS\/G 3-fazowa 10-modu\u0142owa 12mm2 80A DV 2626"},"content":{"rendered":"<p><!-- Nag\u0142\u00f3wek g\u0142\u00f3wny strony --><\/p>\n<h1 style=\"font-size: 24pt; text-align: center\">\n    <!-- Tytu\u0142 strony --><br \/>\n    <span style=\"display: inline-block; width: 100%;\">Szyna \u0142\u0105czeniowa grzebieniowa PS\/G 3-fazowa 10-modu\u0142owa 12mm2 80A DV 2626<\/span><br \/>\n<\/h1>\n<p><!-- Kr\u00f3tki opis produktu --><\/p>\n<h4 style=\"font-size: 14pt; text-align: center\">\n    <span>Tr\u00f3jfazowa szyna fazowa z ko\u0144c\u00f3wk\u0105 wide\u0142kow\u0105, przeznaczona do rozdzia\u0142u zasilania w instalacjach 10-modu\u0142owych. Posiada 12mm\u00b2 przekroju, 10 styk\u00f3w oraz pr\u0105d znamionowy 80A \u2013 gwarancja wydajnego po\u0142\u0105czenia.<\/span><br \/>\n<\/h4>\n<p><!-- Separator graficzny --><\/p>\n<div>\n    <img decoding=\"async\" style=\"max-width: 100%; margin-bottom: 20px; margin-top: 20px;\"\n         src=\"https:\/\/shop38554-1.yourtechnicaldomain.com\/data\/include\/cms\/1-zdjecia-produktow\/Infografiki\/stopka\/preis_zone_przerywnik.png?v=1730189337244\"\n         border=\"0\" width=\"1900\" height=\"30\">\n<\/div>\n<p><!-- Sekcja zdj\u0119cia i specyfikacji technicznej --><\/p>\n<div style=\"display: flex; width: 100%; flex-wrap: wrap; justify-content: space-around;\">\n    <!-- Sekcja z obrazem --><\/p>\n<div style=\"flex: 2; max-width: 472px;\">\n        <img decoding=\"async\" src=\"https:\/\/preis-zone.com\/hpeciai\/7229772c2847d4c1122a9d4482708a82\/12979_4.jpg?4674\"\n             width=\"472\" height=\"472\" style=\"max-width: 100%; border-radius: 8px;\">\n    <\/div>\n<p>    <!-- Specyfikacja techniczna produktu --><\/p>\n<div style=\"display: flex; flex-direction: column; justify-content: center; align-items: left;\n                padding-left: 50px; padding-right: 50px; padding-top: 30px;\n                max-width: 500px; font-size: 14pt;\"><\/p>\n<h2 style=\"font-size: 16pt; color: #000 !important;\n                   padding-bottom: 10px; border-bottom: 5px solid #de1d2a;\"><br \/>\n            <strong>Specyfikacja Techniczna<\/strong><br \/>\n        <\/h2>\n<p style=\"margin: 5px;\"><strong>Typ:<\/strong> Szyna fazowa z ko\u0144c\u00f3wk\u0105 wide\u0142kow\u0105<\/p>\n<p style=\"margin: 5px;\"><strong>Liczba biegun\u00f3w:<\/strong> 3P<\/p>\n<p style=\"margin: 5px;\"><strong>Liczba styk\u00f3w:<\/strong> 10<\/p>\n<p style=\"margin: 5px;\"><strong>Pr\u0105d znamionowy:<\/strong> 80A<\/p>\n<p style=\"margin: 5px;\"><strong>Przekr\u00f3j przewodu:<\/strong> 12 mm\u00b2<\/p>\n<p style=\"margin: 5px;\"><strong>D\u0142ugo\u015b\u0107:<\/strong> 18,5 cm<\/p>\n<p style=\"margin: 5px;\"><strong>Liczba modu\u0142\u00f3w:<\/strong> 10<\/p>\n<p style=\"margin: 5px;\"><strong>Liczba faz:<\/strong> 3<\/p>\n<p style=\"margin: 5px;\"><strong>Rodzaj pod\u0142\u0105czenia:<\/strong> Wide\u0142ki<\/p>\n<p style=\"margin: 5px;\"><strong>Producent:<\/strong> Doktorvolt<\/p>\n<p style=\"margin: 5px;\"><strong>EAN:<\/strong> 5905669992626<\/p>\n<p style=\"margin: 5px;\"><strong>SKU:<\/strong> DV-2626-PSG<\/p>\n<\/p><\/div>\n<\/div>\n","protected":false},"excerpt":{"rendered":"<p>Tr\u00f3jfazowa szyna fazowa z ko\u0144c\u00f3wk\u0105 wide\u0142kow\u0105, przeznaczona do rozdzia\u0142u zasilania w instalacjach 10-modu\u0142owych. Posiada 12mm\u00b2 przekroju, 10 styk\u00f3w oraz pr\u0105d znamionowy 80A \u2013 gwarancja wydajnego po\u0142\u0105czenia.<\/p>\n","protected":false},"featured_media":101864,"template":"","meta":[],"product_brand":[],"product_cat":[5168],"product_tag":[],"class_list":{"0":"post-111009","1":"product","2":"type-product","3":"status-publish","4":"has-post-thumbnail","6":"product_cat-comb-phase-modifier","7":"pa_liczba-biegunow-3p","8":"pa_liczba-faz-three-phase","9":"pa_liczba-modulow-5045","10":"pa_maksymalny-prad-znamionowy-80a","11":"pa_przekroj-12mm","13":"first","14":"instock","15":"shipping-taxable","16":"product-type-external"},"yoast_head":"<!-- This site is optimized with the Yoast SEO plugin v27.0 - https:\/\/yoast.com\/product\/yoast-seo-wordpress\/ -->\n<title>Szyna \u0142\u0105czeniowa grzebieniowa PS\/G 3-fazowa 10-modu\u0142owa 12mm2 80A DV 2626 - DOKTORVOLT\u00ae<\/title>\n<meta name=\"robots\" content=\"index, follow, max-snippet:-1, max-image-preview:large, max-video-preview:-1\" \/>\n<link rel=\"canonical\" href=\"https:\/\/doktorvolt.pl\/en\/oferta-doktorvolt\/accessories\/insulated-busbars\/comb-phase-modifier\/szyna-laczeniowa-grzebieniowa-ps-g-3-fazowa-10-modulowa-12mm2-80a-dv-2626\/\" \/>\n<meta property=\"og:locale\" content=\"en_US\" \/>\n<meta property=\"og:type\" content=\"article\" \/>\n<meta property=\"og:title\" content=\"Szyna \u0142\u0105czeniowa grzebieniowa PS\/G 3-fazowa 10-modu\u0142owa 12mm2 80A DV 2626 - DOKTORVOLT\u00ae\" \/>\n<meta property=\"og:description\" content=\"Tr\u00f3jfazowa szyna fazowa z ko\u0144c\u00f3wk\u0105 wide\u0142kow\u0105, przeznaczona do rozdzia\u0142u zasilania w instalacjach 10-modu\u0142owych. Posiada 12mm\u00b2 przekroju, 10 styk\u00f3w oraz pr\u0105d znamionowy 80A \u2013 gwarancja wydajnego po\u0142\u0105czenia.\" \/>\n<meta property=\"og:url\" content=\"https:\/\/doktorvolt.pl\/en\/oferta-doktorvolt\/accessories\/insulated-busbars\/comb-phase-modifier\/szyna-laczeniowa-grzebieniowa-ps-g-3-fazowa-10-modulowa-12mm2-80a-dv-2626\/\" \/>\n<meta property=\"og:site_name\" content=\"DOKTORVOLT\u00ae\" \/>\n<meta property=\"og:image\" content=\"https:\/\/doktorvolt.pl\/wp-content\/uploads\/2026\/02\/pol_pl_12979-12979_1.jpg\" \/>\n\t<meta property=\"og:image:width\" content=\"1600\" \/>\n\t<meta property=\"og:image:height\" content=\"1600\" \/>\n\t<meta property=\"og:image:type\" content=\"image\/jpeg\" \/>\n<meta name=\"twitter:card\" content=\"summary_large_image\" \/>\n<script type=\"application\/ld+json\" class=\"yoast-schema-graph\">{\"@context\":\"https:\/\/schema.org\",\"@graph\":[{\"@type\":\"WebPage\",\"@id\":\"https:\/\/doktorvolt.pl\/en\/oferta-doktorvolt\/accessories\/insulated-busbars\/comb-phase-modifier\/szyna-laczeniowa-grzebieniowa-ps-g-3-fazowa-10-modulowa-12mm2-80a-dv-2626\/\",\"url\":\"https:\/\/doktorvolt.pl\/en\/oferta-doktorvolt\/accessories\/insulated-busbars\/comb-phase-modifier\/szyna-laczeniowa-grzebieniowa-ps-g-3-fazowa-10-modulowa-12mm2-80a-dv-2626\/\",\"name\":\"Szyna \u0142\u0105czeniowa grzebieniowa PS\/G 3-fazowa 10-modu\u0142owa 12mm2 80A DV 2626 - DOKTORVOLT\u00ae\",\"isPartOf\":{\"@id\":\"https:\/\/doktorvolt.pl\/de\/#website\"},\"primaryImageOfPage\":{\"@id\":\"https:\/\/doktorvolt.pl\/en\/oferta-doktorvolt\/accessories\/insulated-busbars\/comb-phase-modifier\/szyna-laczeniowa-grzebieniowa-ps-g-3-fazowa-10-modulowa-12mm2-80a-dv-2626\/#primaryimage\"},\"image\":{\"@id\":\"https:\/\/doktorvolt.pl\/en\/oferta-doktorvolt\/accessories\/insulated-busbars\/comb-phase-modifier\/szyna-laczeniowa-grzebieniowa-ps-g-3-fazowa-10-modulowa-12mm2-80a-dv-2626\/#primaryimage\"},\"thumbnailUrl\":\"https:\/\/doktorvolt.pl\/wp-content\/uploads\/2026\/02\/pol_pl_12979-12979_1.jpg\",\"datePublished\":\"2026-02-23T13:25:55+00:00\",\"breadcrumb\":{\"@id\":\"https:\/\/doktorvolt.pl\/en\/oferta-doktorvolt\/accessories\/insulated-busbars\/comb-phase-modifier\/szyna-laczeniowa-grzebieniowa-ps-g-3-fazowa-10-modulowa-12mm2-80a-dv-2626\/#breadcrumb\"},\"inLanguage\":\"en-US\",\"potentialAction\":[{\"@type\":\"ReadAction\",\"target\":[\"https:\/\/doktorvolt.pl\/en\/oferta-doktorvolt\/accessories\/insulated-busbars\/comb-phase-modifier\/szyna-laczeniowa-grzebieniowa-ps-g-3-fazowa-10-modulowa-12mm2-80a-dv-2626\/\"]}]},{\"@type\":\"ImageObject\",\"inLanguage\":\"en-US\",\"@id\":\"https:\/\/doktorvolt.pl\/en\/oferta-doktorvolt\/accessories\/insulated-busbars\/comb-phase-modifier\/szyna-laczeniowa-grzebieniowa-ps-g-3-fazowa-10-modulowa-12mm2-80a-dv-2626\/#primaryimage\",\"url\":\"https:\/\/doktorvolt.pl\/wp-content\/uploads\/2026\/02\/pol_pl_12979-12979_1.jpg\",\"contentUrl\":\"https:\/\/doktorvolt.pl\/wp-content\/uploads\/2026\/02\/pol_pl_12979-12979_1.jpg\",\"width\":1600,\"height\":1600},{\"@type\":\"BreadcrumbList\",\"@id\":\"https:\/\/doktorvolt.pl\/en\/oferta-doktorvolt\/accessories\/insulated-busbars\/comb-phase-modifier\/szyna-laczeniowa-grzebieniowa-ps-g-3-fazowa-10-modulowa-12mm2-80a-dv-2626\/#breadcrumb\",\"itemListElement\":[{\"@type\":\"ListItem\",\"position\":1,\"name\":\"Strona g\u0142\u00f3wna\",\"item\":\"https:\/\/doktorvolt.pl\/en\/\"},{\"@type\":\"ListItem\",\"position\":2,\"name\":\"Offer Doktorvolt\",\"item\":\"https:\/\/doktorvolt.pl\/en\/offer-doktorvolt\/\"},{\"@type\":\"ListItem\",\"position\":3,\"name\":\"Szyna \u0142\u0105czeniowa grzebieniowa PS\/G 3-fazowa 10-modu\u0142owa 12mm2 80A DV 2626\"}]},{\"@type\":\"WebSite\",\"@id\":\"https:\/\/doktorvolt.pl\/de\/#website\",\"url\":\"https:\/\/doktorvolt.pl\/de\/\",\"name\":\"DOKTORVOLT\u00ae\",\"description\":\"Producent rozdzielnic budowlanych\",\"publisher\":{\"@id\":\"https:\/\/doktorvolt.pl\/de\/#organization\"},\"potentialAction\":[{\"@type\":\"SearchAction\",\"target\":{\"@type\":\"EntryPoint\",\"urlTemplate\":\"https:\/\/doktorvolt.pl\/de\/?s={search_term_string}\"},\"query-input\":{\"@type\":\"PropertyValueSpecification\",\"valueRequired\":true,\"valueName\":\"search_term_string\"}}],\"inLanguage\":\"en-US\"},{\"@type\":\"Organization\",\"@id\":\"https:\/\/doktorvolt.pl\/de\/#organization\",\"name\":\"DOKTORVOLT\u00ae\",\"url\":\"https:\/\/doktorvolt.pl\/de\/\",\"logo\":{\"@type\":\"ImageObject\",\"inLanguage\":\"en-US\",\"@id\":\"https:\/\/doktorvolt.pl\/de\/#\/schema\/logo\/image\/\",\"url\":\"https:\/\/doktorvolt.pl\/wp-content\/uploads\/2023\/10\/DoktorVOLT-black-png.png\",\"contentUrl\":\"https:\/\/doktorvolt.pl\/wp-content\/uploads\/2023\/10\/DoktorVOLT-black-png.png\",\"width\":729,\"height\":40,\"caption\":\"DOKTORVOLT\u00ae\"},\"image\":{\"@id\":\"https:\/\/doktorvolt.pl\/de\/#\/schema\/logo\/image\/\"}}]}<\/script>\n<!-- \/ Yoast SEO plugin. -->","yoast_head_json":{"title":"Szyna \u0142\u0105czeniowa grzebieniowa PS\/G 3-fazowa 10-modu\u0142owa 12mm2 80A DV 2626 - DOKTORVOLT\u00ae","robots":{"index":"index","follow":"follow","max-snippet":"max-snippet:-1","max-image-preview":"max-image-preview:large","max-video-preview":"max-video-preview:-1"},"canonical":"https:\/\/doktorvolt.pl\/en\/oferta-doktorvolt\/accessories\/insulated-busbars\/comb-phase-modifier\/szyna-laczeniowa-grzebieniowa-ps-g-3-fazowa-10-modulowa-12mm2-80a-dv-2626\/","og_locale":"en_US","og_type":"article","og_title":"Szyna \u0142\u0105czeniowa grzebieniowa PS\/G 3-fazowa 10-modu\u0142owa 12mm2 80A DV 2626 - DOKTORVOLT\u00ae","og_description":"Tr\u00f3jfazowa szyna fazowa z ko\u0144c\u00f3wk\u0105 wide\u0142kow\u0105, przeznaczona do rozdzia\u0142u zasilania w instalacjach 10-modu\u0142owych. Posiada 12mm\u00b2 przekroju, 10 styk\u00f3w oraz pr\u0105d znamionowy 80A \u2013 gwarancja wydajnego po\u0142\u0105czenia.","og_url":"https:\/\/doktorvolt.pl\/en\/oferta-doktorvolt\/accessories\/insulated-busbars\/comb-phase-modifier\/szyna-laczeniowa-grzebieniowa-ps-g-3-fazowa-10-modulowa-12mm2-80a-dv-2626\/","og_site_name":"DOKTORVOLT\u00ae","og_image":[{"width":1600,"height":1600,"url":"https:\/\/doktorvolt.pl\/wp-content\/uploads\/2026\/02\/pol_pl_12979-12979_1.jpg","type":"image\/jpeg"}],"twitter_card":"summary_large_image","schema":{"@context":"https:\/\/schema.org","@graph":[{"@type":"WebPage","@id":"https:\/\/doktorvolt.pl\/en\/oferta-doktorvolt\/accessories\/insulated-busbars\/comb-phase-modifier\/szyna-laczeniowa-grzebieniowa-ps-g-3-fazowa-10-modulowa-12mm2-80a-dv-2626\/","url":"https:\/\/doktorvolt.pl\/en\/oferta-doktorvolt\/accessories\/insulated-busbars\/comb-phase-modifier\/szyna-laczeniowa-grzebieniowa-ps-g-3-fazowa-10-modulowa-12mm2-80a-dv-2626\/","name":"Szyna \u0142\u0105czeniowa grzebieniowa PS\/G 3-fazowa 10-modu\u0142owa 12mm2 80A DV 2626 - DOKTORVOLT\u00ae","isPartOf":{"@id":"https:\/\/doktorvolt.pl\/de\/#website"},"primaryImageOfPage":{"@id":"https:\/\/doktorvolt.pl\/en\/oferta-doktorvolt\/accessories\/insulated-busbars\/comb-phase-modifier\/szyna-laczeniowa-grzebieniowa-ps-g-3-fazowa-10-modulowa-12mm2-80a-dv-2626\/#primaryimage"},"image":{"@id":"https:\/\/doktorvolt.pl\/en\/oferta-doktorvolt\/accessories\/insulated-busbars\/comb-phase-modifier\/szyna-laczeniowa-grzebieniowa-ps-g-3-fazowa-10-modulowa-12mm2-80a-dv-2626\/#primaryimage"},"thumbnailUrl":"https:\/\/doktorvolt.pl\/wp-content\/uploads\/2026\/02\/pol_pl_12979-12979_1.jpg","datePublished":"2026-02-23T13:25:55+00:00","breadcrumb":{"@id":"https:\/\/doktorvolt.pl\/en\/oferta-doktorvolt\/accessories\/insulated-busbars\/comb-phase-modifier\/szyna-laczeniowa-grzebieniowa-ps-g-3-fazowa-10-modulowa-12mm2-80a-dv-2626\/#breadcrumb"},"inLanguage":"en-US","potentialAction":[{"@type":"ReadAction","target":["https:\/\/doktorvolt.pl\/en\/oferta-doktorvolt\/accessories\/insulated-busbars\/comb-phase-modifier\/szyna-laczeniowa-grzebieniowa-ps-g-3-fazowa-10-modulowa-12mm2-80a-dv-2626\/"]}]},{"@type":"ImageObject","inLanguage":"en-US","@id":"https:\/\/doktorvolt.pl\/en\/oferta-doktorvolt\/accessories\/insulated-busbars\/comb-phase-modifier\/szyna-laczeniowa-grzebieniowa-ps-g-3-fazowa-10-modulowa-12mm2-80a-dv-2626\/#primaryimage","url":"https:\/\/doktorvolt.pl\/wp-content\/uploads\/2026\/02\/pol_pl_12979-12979_1.jpg","contentUrl":"https:\/\/doktorvolt.pl\/wp-content\/uploads\/2026\/02\/pol_pl_12979-12979_1.jpg","width":1600,"height":1600},{"@type":"BreadcrumbList","@id":"https:\/\/doktorvolt.pl\/en\/oferta-doktorvolt\/accessories\/insulated-busbars\/comb-phase-modifier\/szyna-laczeniowa-grzebieniowa-ps-g-3-fazowa-10-modulowa-12mm2-80a-dv-2626\/#breadcrumb","itemListElement":[{"@type":"ListItem","position":1,"name":"Strona g\u0142\u00f3wna","item":"https:\/\/doktorvolt.pl\/en\/"},{"@type":"ListItem","position":2,"name":"Offer Doktorvolt","item":"https:\/\/doktorvolt.pl\/en\/offer-doktorvolt\/"},{"@type":"ListItem","position":3,"name":"Szyna \u0142\u0105czeniowa grzebieniowa PS\/G 3-fazowa 10-modu\u0142owa 12mm2 80A DV 2626"}]},{"@type":"WebSite","@id":"https:\/\/doktorvolt.pl\/de\/#website","url":"https:\/\/doktorvolt.pl\/de\/","name":"DOKTORVOLT\u00ae","description":"Producent rozdzielnic budowlanych","publisher":{"@id":"https:\/\/doktorvolt.pl\/de\/#organization"},"potentialAction":[{"@type":"SearchAction","target":{"@type":"EntryPoint","urlTemplate":"https:\/\/doktorvolt.pl\/de\/?s={search_term_string}"},"query-input":{"@type":"PropertyValueSpecification","valueRequired":true,"valueName":"search_term_string"}}],"inLanguage":"en-US"},{"@type":"Organization","@id":"https:\/\/doktorvolt.pl\/de\/#organization","name":"DOKTORVOLT\u00ae","url":"https:\/\/doktorvolt.pl\/de\/","logo":{"@type":"ImageObject","inLanguage":"en-US","@id":"https:\/\/doktorvolt.pl\/de\/#\/schema\/logo\/image\/","url":"https:\/\/doktorvolt.pl\/wp-content\/uploads\/2023\/10\/DoktorVOLT-black-png.png","contentUrl":"https:\/\/doktorvolt.pl\/wp-content\/uploads\/2023\/10\/DoktorVOLT-black-png.png","width":729,"height":40,"caption":"DOKTORVOLT\u00ae"},"image":{"@id":"https:\/\/doktorvolt.pl\/de\/#\/schema\/logo\/image\/"}}]}},"_links":{"self":[{"href":"https:\/\/doktorvolt.pl\/en\/wp-json\/wp\/v2\/product\/111009","targetHints":{"allow":["GET"]}}],"collection":[{"href":"https:\/\/doktorvolt.pl\/en\/wp-json\/wp\/v2\/product"}],"about":[{"href":"https:\/\/doktorvolt.pl\/en\/wp-json\/wp\/v2\/types\/product"}],"wp:featuredmedia":[{"embeddable":true,"href":"https:\/\/doktorvolt.pl\/en\/wp-json\/wp\/v2\/media\/101864"}],"wp:attachment":[{"href":"https:\/\/doktorvolt.pl\/en\/wp-json\/wp\/v2\/media?parent=111009"}],"wp:term":[{"taxonomy":"product_brand","embeddable":true,"href":"https:\/\/doktorvolt.pl\/en\/wp-json\/wp\/v2\/product_brand?post=111009"},{"taxonomy":"product_cat","embeddable":true,"href":"https:\/\/doktorvolt.pl\/en\/wp-json\/wp\/v2\/product_cat?post=111009"},{"taxonomy":"product_tag","embeddable":true,"href":"https:\/\/doktorvolt.pl\/en\/wp-json\/wp\/v2\/product_tag?post=111009"}],"curies":[{"name":"wp","href":"https:\/\/api.w.org\/{rel}","templated":true}]}}