{"id":111010,"date":"2026-02-23T15:25:39","date_gmt":"2026-02-23T13:25:39","guid":{"rendered":"https:\/\/doktorvolt.pl\/sklep\/uncategorized\/szyna-laczeniowa-grzebieniowa-ps-g-3-fazowa-11-modulowa-16mm2-100a-dv-2251\/"},"modified":"2026-02-23T15:25:39","modified_gmt":"2026-02-23T13:25:39","slug":"szyna-laczeniowa-grzebieniowa-ps-g-3-fazowa-11-modulowa-16mm2-100a-dv-2251","status":"publish","type":"product","link":"https:\/\/doktorvolt.pl\/en\/oferta-doktorvolt\/accessories\/insulated-busbars\/comb-phase-modifier\/szyna-laczeniowa-grzebieniowa-ps-g-3-fazowa-11-modulowa-16mm2-100a-dv-2251\/","title":{"rendered":"Szyna \u0142\u0105czeniowa grzebieniowa PS\/G 3-fazowa 11-modu\u0142owa 16mm2 100A DV 2251"},"content":{"rendered":"<p><!-- GPT: Wype\u0142nij tylko placeholdery {{Tytul}} oraz {{Opis1}}. Nie zmieniaj styl\u00f3w ani uk\u0142adu. --><br \/>\n<!-- Nag\u0142\u00f3wek g\u0142\u00f3wny strony --><\/p>\n<h1 style=\"font-size: 24pt; text-align: center\">\n    <!-- Tytu\u0142 strony --><br \/>\n    <span style=\"display: inline-block; width: 100%;\">Szyna \u0142\u0105czeniowa grzebieniowa PS\/G 3-fazowa 11-modu\u0142owa 16mm2 100A DV 2251<\/span><br \/>\n<\/h1>\n<p><!-- Kr\u00f3tki opis produktu --><\/p>\n<h4 style=\"font-size: 14pt; text-align: center\">\n    <span>Szyna do rozdzielnic 3-fazowych, zapewniaj\u0105ca wysok\u0105 przewodno\u015b\u0107 i trwa\u0142o\u015b\u0107, odpowiednia dla 11 modu\u0142\u00f3w.<\/span><br \/>\n<\/h4>\n<p><!-- Dekoracyjny przerywnik \u2014 nie modyfikuj --><\/p>\n<div>\n    <img decoding=\"async\" style=\"max-width: 100%; margin-bottom: 20px; margin-top: 20px;\"\n         src=\"https:\/\/shop38554-1.yourtechnicaldomain.com\/data\/include\/cms\/1-zdjecia-produktow\/Infografiki\/stopka\/preis_zone_przerywnik.png?v=1730189337244\"\n         border=\"0\" width=\"1900\" height=\"30\">\n<\/div>\n<p><!-- GPT: Pierwsza sekcja tre\u015bci. Wype\u0142nij tylko {{Podtytul1}} oraz {{Podopis1}}. Nie zmieniaj uk\u0142adu, nie modyfikuj obrazka. --><\/p>\n<div style=\"display: flex; width: 100%; justify-content: space-between; align-items: center; flex-wrap: wrap; gap: 20px; padding: 30px;\">\n    <!-- Sekcja tekstowa z opisem produktu --><\/p>\n<div style=\"flex: 3; max-width: 550px;\">\n<h2 style=\"font-size: 16pt; padding-bottom: 10px; color: #000 !important; border-bottom: 5px solid #de1d2a;\">\n            <strong>Solidna i bezpieczna<\/strong><br \/>\n        <\/h2>\n<p style=\"font-size: 14pt; text-align: justify;\">\n            Szyna \u0142\u0105czeniowa PS\/G to idealne rozwi\u0105zanie dla instalacji elektrycznych, oferuj\u0105ce wysok\u0105 przewodno\u015b\u0107 i \u0142atwo\u015b\u0107 monta\u017cu. Dzi\u0119ki 3-fazowej konstrukcji i obs\u0142udze 11 modu\u0142\u00f3w, zapewnia efektywno\u015b\u0107 i bezpiecze\u0144stwo pracy.\n        <\/p>\n<\/p><\/div>\n<p>    <!-- Sekcja z obrazem produktu --><\/p>\n<div style=\"flex: 2; max-width: 472px;\">\n        <img decoding=\"async\" src=\"https:\/\/preis-zone.com\/hpeciai\/b2d664e235a2584260908c6dd996b8e8\/17503_3.jpg?85877\"\n             width=\"472\" height=\"472\" style=\"max-width: 100%; border-radius: 8px;\">\n    <\/div>\n<\/div>\n<p><!-- Dekoracyjny przerywnik \u2014 nie modyfikuj --><\/p>\n<div>\n    <img decoding=\"async\" style=\"max-width: 100%; margin-bottom: 20px; margin-top: 20px;\"\n         src=\"https:\/\/shop38554-1.yourtechnicaldomain.com\/data\/include\/cms\/1-zdjecia-produktow\/Infografiki\/stopka\/preis_zone_przerywnik.png?v=1730189337244\"\n         border=\"0\" width=\"1900\" height=\"30\">\n<\/div>\n<p><!-- Sekcja video i specyfikacja techniczna --><\/p>\n<div style=\"display: flex; width: 100%; flex-wrap: wrap; justify-content: space-around;\">\n    <!-- Sekcja z video --><\/p>\n<div style=\"flex: 2; max-width: 472px;\">\n        <img decoding=\"async\" src=\"https:\/\/preis-zone.com\/hpeciai\/2b74d3e891345520c8b64fe6db1957a5\/17503_1.jpg?84959\"\n             width=\"472\" height=\"472\" style=\"max-width: 100%; border-radius: 8px;\">\n    <\/div>\n<p>    <!-- GPT: BLOK SPECYFIKACJI. Wype\u0142nij ten blok dynamiczn\u0105 list\u0105 parametr\u00f3w technicznych w formacie \n\n<p><strong>Nazwa:<\/strong> Warto\u015b\u0107<\/p>\n\n. Nie zmieniaj struktury nadrz\u0119dnego \n\n<div>, nie modyfikuj tytu\u0142u ani styl\u00f3w. Nie dodawaj nic poza \n\n<p>. --><\/p>\n<div style=\"display: flex; flex-direction: column; justify-content: center; align-items: left; padding-left: 50px; padding-right: 50px; padding-top: 30px; max-width: 500px; font-size: 14pt;\">\n<h2 style=\"font-size: 16pt; color: #000 !important; padding-bottom: 10px; border-bottom: 5px solid #de1d2a;\">\n            <strong>Specyfikacja Techniczna<\/strong><br \/>\n        <\/h2>\n<p>        <!-- Parametry b\u0119d\u0105 tutaj generowane --><\/p>\n<p style=\"margin: 5px;\"><strong>pr\u0105d znamionowy:<\/strong> 100A<\/p>\n<p style=\"margin: 5px;\"><strong>przekr\u00f3j miedzi:<\/strong> 16 mm2<\/p>\n<p style=\"margin: 5px;\"><strong>ilo\u015b\u0107 modu\u0142\u00f3w:<\/strong> 11<\/p>\n<p style=\"margin: 5px;\"><strong>ilo\u015b\u0107 biegun\u00f3w:<\/strong> 3P<\/p>\n<p style=\"margin: 5px;\"><strong>kolor:<\/strong> bia\u0142y<\/p>\n<p style=\"margin: 5px;\"><strong>kod EAN:<\/strong> 5905669992251<\/p>\n<\/p><\/div>\n<\/div>\n","protected":false},"excerpt":{"rendered":"<p>Szyna do rozdzielnic 3-fazowych, zapewniaj\u0105ca wysok\u0105 przewodno\u015b\u0107 i trwa\u0142o\u015b\u0107, odpowiednia dla 11 modu\u0142\u00f3w.<\/p>\n","protected":false},"featured_media":101847,"template":"","meta":[],"product_brand":[],"product_cat":[5168],"product_tag":[],"class_list":{"0":"post-111010","1":"product","2":"type-product","3":"status-publish","4":"has-post-thumbnail","6":"product_cat-comb-phase-modifier","7":"pa_liczba-biegunow-3p","8":"pa_liczba-faz-three-phase","9":"pa_liczba-modulow-5265","10":"pa_maksymalny-prad-znamionowy-100a","11":"pa_przekroj-16mm","13":"first","14":"instock","15":"shipping-taxable","16":"product-type-external"},"yoast_head":"<!-- This site is optimized with the Yoast SEO plugin v27.0 - https:\/\/yoast.com\/product\/yoast-seo-wordpress\/ -->\n<title>Szyna \u0142\u0105czeniowa grzebieniowa PS\/G 3-fazowa 11-modu\u0142owa 16mm2 100A DV 2251 - DOKTORVOLT\u00ae<\/title>\n<meta name=\"robots\" content=\"index, follow, max-snippet:-1, max-image-preview:large, max-video-preview:-1\" \/>\n<link rel=\"canonical\" href=\"https:\/\/doktorvolt.pl\/en\/oferta-doktorvolt\/accessories\/insulated-busbars\/comb-phase-modifier\/szyna-laczeniowa-grzebieniowa-ps-g-3-fazowa-11-modulowa-16mm2-100a-dv-2251\/\" \/>\n<meta property=\"og:locale\" content=\"en_US\" \/>\n<meta property=\"og:type\" content=\"article\" \/>\n<meta property=\"og:title\" content=\"Szyna \u0142\u0105czeniowa grzebieniowa PS\/G 3-fazowa 11-modu\u0142owa 16mm2 100A DV 2251 - DOKTORVOLT\u00ae\" \/>\n<meta property=\"og:description\" content=\"Szyna do rozdzielnic 3-fazowych, zapewniaj\u0105ca wysok\u0105 przewodno\u015b\u0107 i trwa\u0142o\u015b\u0107, odpowiednia dla 11 modu\u0142\u00f3w.\" \/>\n<meta property=\"og:url\" content=\"https:\/\/doktorvolt.pl\/en\/oferta-doktorvolt\/accessories\/insulated-busbars\/comb-phase-modifier\/szyna-laczeniowa-grzebieniowa-ps-g-3-fazowa-11-modulowa-16mm2-100a-dv-2251\/\" \/>\n<meta property=\"og:site_name\" content=\"DOKTORVOLT\u00ae\" \/>\n<meta property=\"og:image\" content=\"https:\/\/doktorvolt.pl\/wp-content\/uploads\/2026\/02\/pol_pl_Szyna-laczeniowa-grzebieniowa-PS-G-3-fazowa-11-modulowa-16mm2-100A-DV-2251-17503_3.jpg\" \/>\n\t<meta property=\"og:image:width\" content=\"1600\" \/>\n\t<meta property=\"og:image:height\" content=\"1600\" \/>\n\t<meta property=\"og:image:type\" content=\"image\/jpeg\" \/>\n<meta name=\"twitter:card\" content=\"summary_large_image\" \/>\n<script type=\"application\/ld+json\" class=\"yoast-schema-graph\">{\"@context\":\"https:\/\/schema.org\",\"@graph\":[{\"@type\":\"WebPage\",\"@id\":\"https:\/\/doktorvolt.pl\/en\/oferta-doktorvolt\/accessories\/insulated-busbars\/comb-phase-modifier\/szyna-laczeniowa-grzebieniowa-ps-g-3-fazowa-11-modulowa-16mm2-100a-dv-2251\/\",\"url\":\"https:\/\/doktorvolt.pl\/en\/oferta-doktorvolt\/accessories\/insulated-busbars\/comb-phase-modifier\/szyna-laczeniowa-grzebieniowa-ps-g-3-fazowa-11-modulowa-16mm2-100a-dv-2251\/\",\"name\":\"Szyna \u0142\u0105czeniowa grzebieniowa PS\/G 3-fazowa 11-modu\u0142owa 16mm2 100A DV 2251 - DOKTORVOLT\u00ae\",\"isPartOf\":{\"@id\":\"https:\/\/doktorvolt.pl\/de\/#website\"},\"primaryImageOfPage\":{\"@id\":\"https:\/\/doktorvolt.pl\/en\/oferta-doktorvolt\/accessories\/insulated-busbars\/comb-phase-modifier\/szyna-laczeniowa-grzebieniowa-ps-g-3-fazowa-11-modulowa-16mm2-100a-dv-2251\/#primaryimage\"},\"image\":{\"@id\":\"https:\/\/doktorvolt.pl\/en\/oferta-doktorvolt\/accessories\/insulated-busbars\/comb-phase-modifier\/szyna-laczeniowa-grzebieniowa-ps-g-3-fazowa-11-modulowa-16mm2-100a-dv-2251\/#primaryimage\"},\"thumbnailUrl\":\"https:\/\/doktorvolt.pl\/wp-content\/uploads\/2026\/02\/pol_pl_Szyna-laczeniowa-grzebieniowa-PS-G-3-fazowa-11-modulowa-16mm2-100A-DV-2251-17503_3.jpg\",\"datePublished\":\"2026-02-23T13:25:39+00:00\",\"breadcrumb\":{\"@id\":\"https:\/\/doktorvolt.pl\/en\/oferta-doktorvolt\/accessories\/insulated-busbars\/comb-phase-modifier\/szyna-laczeniowa-grzebieniowa-ps-g-3-fazowa-11-modulowa-16mm2-100a-dv-2251\/#breadcrumb\"},\"inLanguage\":\"en-US\",\"potentialAction\":[{\"@type\":\"ReadAction\",\"target\":[\"https:\/\/doktorvolt.pl\/en\/oferta-doktorvolt\/accessories\/insulated-busbars\/comb-phase-modifier\/szyna-laczeniowa-grzebieniowa-ps-g-3-fazowa-11-modulowa-16mm2-100a-dv-2251\/\"]}]},{\"@type\":\"ImageObject\",\"inLanguage\":\"en-US\",\"@id\":\"https:\/\/doktorvolt.pl\/en\/oferta-doktorvolt\/accessories\/insulated-busbars\/comb-phase-modifier\/szyna-laczeniowa-grzebieniowa-ps-g-3-fazowa-11-modulowa-16mm2-100a-dv-2251\/#primaryimage\",\"url\":\"https:\/\/doktorvolt.pl\/wp-content\/uploads\/2026\/02\/pol_pl_Szyna-laczeniowa-grzebieniowa-PS-G-3-fazowa-11-modulowa-16mm2-100A-DV-2251-17503_3.jpg\",\"contentUrl\":\"https:\/\/doktorvolt.pl\/wp-content\/uploads\/2026\/02\/pol_pl_Szyna-laczeniowa-grzebieniowa-PS-G-3-fazowa-11-modulowa-16mm2-100A-DV-2251-17503_3.jpg\",\"width\":1600,\"height\":1600},{\"@type\":\"BreadcrumbList\",\"@id\":\"https:\/\/doktorvolt.pl\/en\/oferta-doktorvolt\/accessories\/insulated-busbars\/comb-phase-modifier\/szyna-laczeniowa-grzebieniowa-ps-g-3-fazowa-11-modulowa-16mm2-100a-dv-2251\/#breadcrumb\",\"itemListElement\":[{\"@type\":\"ListItem\",\"position\":1,\"name\":\"Strona g\u0142\u00f3wna\",\"item\":\"https:\/\/doktorvolt.pl\/en\/\"},{\"@type\":\"ListItem\",\"position\":2,\"name\":\"Offer Doktorvolt\",\"item\":\"https:\/\/doktorvolt.pl\/en\/offer-doktorvolt\/\"},{\"@type\":\"ListItem\",\"position\":3,\"name\":\"Szyna \u0142\u0105czeniowa grzebieniowa PS\/G 3-fazowa 11-modu\u0142owa 16mm2 100A DV 2251\"}]},{\"@type\":\"WebSite\",\"@id\":\"https:\/\/doktorvolt.pl\/de\/#website\",\"url\":\"https:\/\/doktorvolt.pl\/de\/\",\"name\":\"DOKTORVOLT\u00ae\",\"description\":\"Producent rozdzielnic budowlanych\",\"publisher\":{\"@id\":\"https:\/\/doktorvolt.pl\/de\/#organization\"},\"potentialAction\":[{\"@type\":\"SearchAction\",\"target\":{\"@type\":\"EntryPoint\",\"urlTemplate\":\"https:\/\/doktorvolt.pl\/de\/?s={search_term_string}\"},\"query-input\":{\"@type\":\"PropertyValueSpecification\",\"valueRequired\":true,\"valueName\":\"search_term_string\"}}],\"inLanguage\":\"en-US\"},{\"@type\":\"Organization\",\"@id\":\"https:\/\/doktorvolt.pl\/de\/#organization\",\"name\":\"DOKTORVOLT\u00ae\",\"url\":\"https:\/\/doktorvolt.pl\/de\/\",\"logo\":{\"@type\":\"ImageObject\",\"inLanguage\":\"en-US\",\"@id\":\"https:\/\/doktorvolt.pl\/de\/#\/schema\/logo\/image\/\",\"url\":\"https:\/\/doktorvolt.pl\/wp-content\/uploads\/2023\/10\/DoktorVOLT-black-png.png\",\"contentUrl\":\"https:\/\/doktorvolt.pl\/wp-content\/uploads\/2023\/10\/DoktorVOLT-black-png.png\",\"width\":729,\"height\":40,\"caption\":\"DOKTORVOLT\u00ae\"},\"image\":{\"@id\":\"https:\/\/doktorvolt.pl\/de\/#\/schema\/logo\/image\/\"}}]}<\/script>\n<!-- \/ Yoast SEO plugin. -->","yoast_head_json":{"title":"Szyna \u0142\u0105czeniowa grzebieniowa PS\/G 3-fazowa 11-modu\u0142owa 16mm2 100A DV 2251 - DOKTORVOLT\u00ae","robots":{"index":"index","follow":"follow","max-snippet":"max-snippet:-1","max-image-preview":"max-image-preview:large","max-video-preview":"max-video-preview:-1"},"canonical":"https:\/\/doktorvolt.pl\/en\/oferta-doktorvolt\/accessories\/insulated-busbars\/comb-phase-modifier\/szyna-laczeniowa-grzebieniowa-ps-g-3-fazowa-11-modulowa-16mm2-100a-dv-2251\/","og_locale":"en_US","og_type":"article","og_title":"Szyna \u0142\u0105czeniowa grzebieniowa PS\/G 3-fazowa 11-modu\u0142owa 16mm2 100A DV 2251 - DOKTORVOLT\u00ae","og_description":"Szyna do rozdzielnic 3-fazowych, zapewniaj\u0105ca wysok\u0105 przewodno\u015b\u0107 i trwa\u0142o\u015b\u0107, odpowiednia dla 11 modu\u0142\u00f3w.","og_url":"https:\/\/doktorvolt.pl\/en\/oferta-doktorvolt\/accessories\/insulated-busbars\/comb-phase-modifier\/szyna-laczeniowa-grzebieniowa-ps-g-3-fazowa-11-modulowa-16mm2-100a-dv-2251\/","og_site_name":"DOKTORVOLT\u00ae","og_image":[{"width":1600,"height":1600,"url":"https:\/\/doktorvolt.pl\/wp-content\/uploads\/2026\/02\/pol_pl_Szyna-laczeniowa-grzebieniowa-PS-G-3-fazowa-11-modulowa-16mm2-100A-DV-2251-17503_3.jpg","type":"image\/jpeg"}],"twitter_card":"summary_large_image","schema":{"@context":"https:\/\/schema.org","@graph":[{"@type":"WebPage","@id":"https:\/\/doktorvolt.pl\/en\/oferta-doktorvolt\/accessories\/insulated-busbars\/comb-phase-modifier\/szyna-laczeniowa-grzebieniowa-ps-g-3-fazowa-11-modulowa-16mm2-100a-dv-2251\/","url":"https:\/\/doktorvolt.pl\/en\/oferta-doktorvolt\/accessories\/insulated-busbars\/comb-phase-modifier\/szyna-laczeniowa-grzebieniowa-ps-g-3-fazowa-11-modulowa-16mm2-100a-dv-2251\/","name":"Szyna \u0142\u0105czeniowa grzebieniowa PS\/G 3-fazowa 11-modu\u0142owa 16mm2 100A DV 2251 - DOKTORVOLT\u00ae","isPartOf":{"@id":"https:\/\/doktorvolt.pl\/de\/#website"},"primaryImageOfPage":{"@id":"https:\/\/doktorvolt.pl\/en\/oferta-doktorvolt\/accessories\/insulated-busbars\/comb-phase-modifier\/szyna-laczeniowa-grzebieniowa-ps-g-3-fazowa-11-modulowa-16mm2-100a-dv-2251\/#primaryimage"},"image":{"@id":"https:\/\/doktorvolt.pl\/en\/oferta-doktorvolt\/accessories\/insulated-busbars\/comb-phase-modifier\/szyna-laczeniowa-grzebieniowa-ps-g-3-fazowa-11-modulowa-16mm2-100a-dv-2251\/#primaryimage"},"thumbnailUrl":"https:\/\/doktorvolt.pl\/wp-content\/uploads\/2026\/02\/pol_pl_Szyna-laczeniowa-grzebieniowa-PS-G-3-fazowa-11-modulowa-16mm2-100A-DV-2251-17503_3.jpg","datePublished":"2026-02-23T13:25:39+00:00","breadcrumb":{"@id":"https:\/\/doktorvolt.pl\/en\/oferta-doktorvolt\/accessories\/insulated-busbars\/comb-phase-modifier\/szyna-laczeniowa-grzebieniowa-ps-g-3-fazowa-11-modulowa-16mm2-100a-dv-2251\/#breadcrumb"},"inLanguage":"en-US","potentialAction":[{"@type":"ReadAction","target":["https:\/\/doktorvolt.pl\/en\/oferta-doktorvolt\/accessories\/insulated-busbars\/comb-phase-modifier\/szyna-laczeniowa-grzebieniowa-ps-g-3-fazowa-11-modulowa-16mm2-100a-dv-2251\/"]}]},{"@type":"ImageObject","inLanguage":"en-US","@id":"https:\/\/doktorvolt.pl\/en\/oferta-doktorvolt\/accessories\/insulated-busbars\/comb-phase-modifier\/szyna-laczeniowa-grzebieniowa-ps-g-3-fazowa-11-modulowa-16mm2-100a-dv-2251\/#primaryimage","url":"https:\/\/doktorvolt.pl\/wp-content\/uploads\/2026\/02\/pol_pl_Szyna-laczeniowa-grzebieniowa-PS-G-3-fazowa-11-modulowa-16mm2-100A-DV-2251-17503_3.jpg","contentUrl":"https:\/\/doktorvolt.pl\/wp-content\/uploads\/2026\/02\/pol_pl_Szyna-laczeniowa-grzebieniowa-PS-G-3-fazowa-11-modulowa-16mm2-100A-DV-2251-17503_3.jpg","width":1600,"height":1600},{"@type":"BreadcrumbList","@id":"https:\/\/doktorvolt.pl\/en\/oferta-doktorvolt\/accessories\/insulated-busbars\/comb-phase-modifier\/szyna-laczeniowa-grzebieniowa-ps-g-3-fazowa-11-modulowa-16mm2-100a-dv-2251\/#breadcrumb","itemListElement":[{"@type":"ListItem","position":1,"name":"Strona g\u0142\u00f3wna","item":"https:\/\/doktorvolt.pl\/en\/"},{"@type":"ListItem","position":2,"name":"Offer Doktorvolt","item":"https:\/\/doktorvolt.pl\/en\/offer-doktorvolt\/"},{"@type":"ListItem","position":3,"name":"Szyna \u0142\u0105czeniowa grzebieniowa PS\/G 3-fazowa 11-modu\u0142owa 16mm2 100A DV 2251"}]},{"@type":"WebSite","@id":"https:\/\/doktorvolt.pl\/de\/#website","url":"https:\/\/doktorvolt.pl\/de\/","name":"DOKTORVOLT\u00ae","description":"Producent rozdzielnic budowlanych","publisher":{"@id":"https:\/\/doktorvolt.pl\/de\/#organization"},"potentialAction":[{"@type":"SearchAction","target":{"@type":"EntryPoint","urlTemplate":"https:\/\/doktorvolt.pl\/de\/?s={search_term_string}"},"query-input":{"@type":"PropertyValueSpecification","valueRequired":true,"valueName":"search_term_string"}}],"inLanguage":"en-US"},{"@type":"Organization","@id":"https:\/\/doktorvolt.pl\/de\/#organization","name":"DOKTORVOLT\u00ae","url":"https:\/\/doktorvolt.pl\/de\/","logo":{"@type":"ImageObject","inLanguage":"en-US","@id":"https:\/\/doktorvolt.pl\/de\/#\/schema\/logo\/image\/","url":"https:\/\/doktorvolt.pl\/wp-content\/uploads\/2023\/10\/DoktorVOLT-black-png.png","contentUrl":"https:\/\/doktorvolt.pl\/wp-content\/uploads\/2023\/10\/DoktorVOLT-black-png.png","width":729,"height":40,"caption":"DOKTORVOLT\u00ae"},"image":{"@id":"https:\/\/doktorvolt.pl\/de\/#\/schema\/logo\/image\/"}}]}},"_links":{"self":[{"href":"https:\/\/doktorvolt.pl\/en\/wp-json\/wp\/v2\/product\/111010","targetHints":{"allow":["GET"]}}],"collection":[{"href":"https:\/\/doktorvolt.pl\/en\/wp-json\/wp\/v2\/product"}],"about":[{"href":"https:\/\/doktorvolt.pl\/en\/wp-json\/wp\/v2\/types\/product"}],"wp:featuredmedia":[{"embeddable":true,"href":"https:\/\/doktorvolt.pl\/en\/wp-json\/wp\/v2\/media\/101847"}],"wp:attachment":[{"href":"https:\/\/doktorvolt.pl\/en\/wp-json\/wp\/v2\/media?parent=111010"}],"wp:term":[{"taxonomy":"product_brand","embeddable":true,"href":"https:\/\/doktorvolt.pl\/en\/wp-json\/wp\/v2\/product_brand?post=111010"},{"taxonomy":"product_cat","embeddable":true,"href":"https:\/\/doktorvolt.pl\/en\/wp-json\/wp\/v2\/product_cat?post=111010"},{"taxonomy":"product_tag","embeddable":true,"href":"https:\/\/doktorvolt.pl\/en\/wp-json\/wp\/v2\/product_tag?post=111010"}],"curies":[{"name":"wp","href":"https:\/\/api.w.org\/{rel}","templated":true}]}}