{"id":111073,"date":"2026-02-23T15:17:54","date_gmt":"2026-02-23T13:17:54","guid":{"rendered":"https:\/\/doktorvolt.pl\/sklep\/uncategorized\/szyna-montazowa-din-th-35-o-dlugosci-35cm-wspornik-montazowy-doktorvolt-dv-1189-th\/"},"modified":"2026-02-23T15:17:54","modified_gmt":"2026-02-23T13:17:54","slug":"szyna-montazowa-din-th-35-o-dlugosci-35cm-wspornik-montazowy-doktorvolt-dv-1189-th","status":"publish","type":"product","link":"https:\/\/doktorvolt.pl\/en\/oferta-doktorvolt\/modular-distribution-boards\/din-mounting-rails\/szyna-montazowa-din-th-35-o-dlugosci-35cm-wspornik-montazowy-doktorvolt-dv-1189-th\/","title":{"rendered":"Szyna monta\u017cowa DIN TH-35 o d\u0142ugo\u015bci 35cm wspornik monta\u017cowy Doktorvolt DV-1189-TH"},"content":{"rendered":"<link rel=\"stylesheet\" href=\"https:\/\/preis-zone.com\/data\/include\/cms\/1.-style-css\/style_krotki_DV.css?v=1749624370701\">\n<p><!-- GPT: Wype\u0142nij tylko placeholdery {{Tytul}} oraz {{Opis1}}. Nie zmieniaj styl\u00f3w ani uk\u0142adu. --><br \/>\n<!-- Nag\u0142\u00f3wek g\u0142\u00f3wny strony --><\/p>\n<h1>\n    <!-- Tytu\u0142 strony --><br \/>\n    <span>Szyna monta\u017cowa DIN TH-35 o d\u0142ugo\u015bci 35cm wspornik monta\u017cowy Doktorvolt DV-1189-TH<\/span><br \/>\n<\/h1>\n<p><!-- Kr\u00f3tki opis produktu --><\/p>\n<h4>\n    <span>DV-1189-TH to szyna monta\u017cowa DIN TH-35 marki Doktorvolt o d\u0142ugo\u015bci 35cm przeznaczona do monta\u017cu aparatury modu\u0142owej wewn\u0105trz rozdzielnicy. Szyna monta\u017cowa wykonana jest ze stali ocynkowanej i posiada otwory monta\u017cowe na dw\u00f3ch ko\u0144cach szyny.<\/span><br \/>\n<\/h4>\n<p><!-- Dekoracyjny przerywnik \u2014 nie modyfikuj --><\/p>\n<div>\n    <img decoding=\"async\" class=\"decorative-img\"\n         src=\"https:\/\/shop38554-1.yourtechnicaldomain.com\/data\/include\/cms\/1-zdjecia-produktow\/DOKTORVOLT\/DV-4995-EV\/ikonka_zielona_z_literka_D_biala.png?v=1729773346118\"\n         border=\"0\" width=\"1900\" height=\"30\">\n<\/div>\n<p><!-- GPT: Pierwsza sekcja tre\u015bci. Wype\u0142nij tylko {{Podtytul1}} oraz {{Podopis1}}. Nie zmieniaj uk\u0142adu, nie modyfikuj obrazka. --><\/p>\n<div class=\"flex-container\">\n    <!-- Sekcja tekstowa z opisem produktu --><\/p>\n<div class=\"text-section\">\n<h2><strong>Zastosowanie szyn monta\u017cowych<\/strong><\/h2>\n<p>G\u0142\u00f3wnym zastosowaniem <strong>szyn monta\u017cowych TH35<\/strong> jest monta\u017c aparatury modu\u0142owej wyposa\u017conej w zaczep do euroszyny. Przyk\u0142adem takich urz\u0105dze\u0144 s\u0105: wy\u0142\u0105czniki nadpr\u0105dowe, r\u00f3\u017cnicowopr\u0105dowe, ograniczniki przepi\u0119\u0107, styczniki, lampki kontrolne, liczniki i wiele innych.<\/p>\n<\/p><\/div>\n<p>    <!-- Sekcja z obrazem produktu --><\/p>\n<div class=\"image-section\">\n        <img decoding=\"async\" src=\"https:\/\/preis-zone.pl\/hpeciai\/ded4246998126890deceecc08d525502\/pol_pl_35cm-Szyna-montazowa-TH35-wspornik-montazowy-Doktorvolt-DV-1189-TH-12471_1.jpg\"\n             width=\"472\" height=\"472\">\n    <\/div>\n<\/div>\n<p><!-- Dekoracyjny przerywnik \u2014 nie modyfikuj --><\/p>\n<div>\n    <img decoding=\"async\" class=\"decorative-img\" src=\"https:\/\/shop38554-1.yourtechnicaldomain.com\/data\/include\/cms\/1-zdjecia-produktow\/DOKTORVOLT\/DV-4995-EV\/ikonka_zielona_z_literka_D_biala.png?v=1729773346118\"\n         border=\"0\" width=\"1900\" height=\"30\">\n<\/div>\n<p><!-- Sekcja video i specyfikacja techniczna --><\/p>\n<div class=\"video-specs-container\">\n    <!-- Sekcja z video --><\/p>\n<div class=\"image-section\">\n        <img decoding=\"async\" src=\"https:\/\/preis-zone.pl\/hpeciai\/1d1125fae524d9cff30d84fa5958bf7a\/pol_pl_35cm-Szyna-montazowa-TH35-wspornik-montazowy-Doktorvolt-DV-1189-TH-12471_2.jpg\"\n             width=\"472\" height=\"472\">\n    <\/div>\n<p>    <!-- GPT: BLOK SPECYFIKACJI. Wype\u0142nij ten blok dynamiczn\u0105 list\u0105 parametr\u00f3w technicznych w formacie \n\n<p><strong>Nazwa:<\/strong> Warto\u015b\u0107<\/p>\n\n. Nie zmieniaj struktury nadrz\u0119dnego \n\n<div>, nie modyfikuj tytu\u0142u ani styl\u00f3w. Nie dodawaj nic poza \n\n<p>. --><\/p>\n<div class=\"specs-section\">\n<h2><strong>Specyfikacja Techniczna<\/strong><\/h2>\n<p>        <!-- Parametry b\u0119d\u0105 tutaj generowane --><\/p>\n<p><strong>Zastosowanie:<\/strong> monta\u017c standardowych aparat\u00f3w elektrycznych wyposa\u017conych w zaczep do euroszyny<\/p>\n<p><strong>Materia\u0142:<\/strong> stal ocynkowana<\/p>\n<p><strong>Wyko\u0144czenie powierzchni:<\/strong> nieperforowana<\/p>\n<p><strong>Wysoko\u015b\u0107 \/ szeroko\u015b\u0107 \/ d\u0142ugo\u015b\u0107:<\/strong> ok. 7 \/ 35 \/ 350 mm<\/p>\n<p><strong>Grubo\u015b\u0107 szyny:<\/strong> 1 mm<\/p>\n<p><strong>Monta\u017c:<\/strong> otwory na dw\u00f3ch ko\u0144cach szyny<\/p>\n<p><strong>Numer artyku\u0142u:<\/strong> DV-1189-TH<\/p>\n<p><strong>Producent:<\/strong> Doktorvolt<\/p>\n<p><strong>EAN:<\/strong> 5907589331189<\/p>\n<\/p><\/div>\n<\/div>\n<p><\/body><br \/>\n<\/html><\/p>\n","protected":false},"excerpt":{"rendered":"<p>DV-1189-TH to szyna monta\u017cowa DIN TH-35 marki Doktorvolt o d\u0142ugo\u015bci 35cm przeznaczona do monta\u017cu aparatury modu\u0142owej wewn\u0105trz rozdzielnicy. Szyna monta\u017cowa wykonana jest ze stali ocynkowanej i posiada otwory monta\u017cowe na dw\u00f3ch ko\u0144cach szyny.<\/p>\n","protected":false},"featured_media":101268,"template":"","meta":[],"product_brand":[],"product_cat":[5280],"product_tag":[],"class_list":{"0":"post-111073","1":"product","2":"type-product","3":"status-publish","4":"has-post-thumbnail","6":"product_cat-din-mounting-rails","7":"pa_dlugosc-35cm","8":"pa_wykonczenie-powierzchni-nieperforowane","10":"first","11":"instock","12":"shipping-taxable","13":"product-type-external"},"yoast_head":"<!-- This site is optimized with the Yoast SEO plugin v27.0 - https:\/\/yoast.com\/product\/yoast-seo-wordpress\/ -->\n<title>Szyna monta\u017cowa DIN TH-35 o d\u0142ugo\u015bci 35cm wspornik monta\u017cowy Doktorvolt DV-1189-TH - DOKTORVOLT\u00ae<\/title>\n<meta name=\"robots\" content=\"index, follow, max-snippet:-1, max-image-preview:large, max-video-preview:-1\" \/>\n<link rel=\"canonical\" href=\"https:\/\/doktorvolt.pl\/en\/oferta-doktorvolt\/modular-distribution-boards\/din-mounting-rails\/szyna-montazowa-din-th-35-o-dlugosci-35cm-wspornik-montazowy-doktorvolt-dv-1189-th\/\" \/>\n<meta property=\"og:locale\" content=\"en_US\" \/>\n<meta property=\"og:type\" content=\"article\" \/>\n<meta property=\"og:title\" content=\"Szyna monta\u017cowa DIN TH-35 o d\u0142ugo\u015bci 35cm wspornik monta\u017cowy Doktorvolt DV-1189-TH - DOKTORVOLT\u00ae\" \/>\n<meta property=\"og:description\" content=\"DV-1189-TH to szyna monta\u017cowa DIN TH-35 marki Doktorvolt o d\u0142ugo\u015bci 35cm przeznaczona do monta\u017cu aparatury modu\u0142owej wewn\u0105trz rozdzielnicy. Szyna monta\u017cowa wykonana jest ze stali ocynkowanej i posiada otwory monta\u017cowe na dw\u00f3ch ko\u0144cach szyny.\" \/>\n<meta property=\"og:url\" content=\"https:\/\/doktorvolt.pl\/en\/oferta-doktorvolt\/modular-distribution-boards\/din-mounting-rails\/szyna-montazowa-din-th-35-o-dlugosci-35cm-wspornik-montazowy-doktorvolt-dv-1189-th\/\" \/>\n<meta property=\"og:site_name\" content=\"DOKTORVOLT\u00ae\" \/>\n<meta property=\"og:image\" content=\"https:\/\/doktorvolt.pl\/wp-content\/uploads\/2026\/02\/pol_pl_Szyna-montazowa-DIN-TH-35-o-dlugosci-35cm-wspornik-montazowy-Doktorvolt-DV-1189-TH-12471_1.jpg\" \/>\n\t<meta property=\"og:image:width\" content=\"1000\" \/>\n\t<meta property=\"og:image:height\" content=\"1000\" \/>\n\t<meta property=\"og:image:type\" content=\"image\/jpeg\" \/>\n<meta name=\"twitter:card\" content=\"summary_large_image\" \/>\n<meta name=\"twitter:label1\" content=\"Est. reading time\" \/>\n\t<meta name=\"twitter:data1\" content=\"1 minute\" \/>\n<script type=\"application\/ld+json\" class=\"yoast-schema-graph\">{\"@context\":\"https:\/\/schema.org\",\"@graph\":[{\"@type\":\"WebPage\",\"@id\":\"https:\/\/doktorvolt.pl\/en\/oferta-doktorvolt\/modular-distribution-boards\/din-mounting-rails\/szyna-montazowa-din-th-35-o-dlugosci-35cm-wspornik-montazowy-doktorvolt-dv-1189-th\/\",\"url\":\"https:\/\/doktorvolt.pl\/en\/oferta-doktorvolt\/modular-distribution-boards\/din-mounting-rails\/szyna-montazowa-din-th-35-o-dlugosci-35cm-wspornik-montazowy-doktorvolt-dv-1189-th\/\",\"name\":\"Szyna monta\u017cowa DIN TH-35 o d\u0142ugo\u015bci 35cm wspornik monta\u017cowy Doktorvolt DV-1189-TH - DOKTORVOLT\u00ae\",\"isPartOf\":{\"@id\":\"https:\/\/doktorvolt.pl\/de\/#website\"},\"primaryImageOfPage\":{\"@id\":\"https:\/\/doktorvolt.pl\/en\/oferta-doktorvolt\/modular-distribution-boards\/din-mounting-rails\/szyna-montazowa-din-th-35-o-dlugosci-35cm-wspornik-montazowy-doktorvolt-dv-1189-th\/#primaryimage\"},\"image\":{\"@id\":\"https:\/\/doktorvolt.pl\/en\/oferta-doktorvolt\/modular-distribution-boards\/din-mounting-rails\/szyna-montazowa-din-th-35-o-dlugosci-35cm-wspornik-montazowy-doktorvolt-dv-1189-th\/#primaryimage\"},\"thumbnailUrl\":\"https:\/\/doktorvolt.pl\/wp-content\/uploads\/2026\/02\/pol_pl_Szyna-montazowa-DIN-TH-35-o-dlugosci-35cm-wspornik-montazowy-Doktorvolt-DV-1189-TH-12471_1.jpg\",\"datePublished\":\"2026-02-23T13:17:54+00:00\",\"breadcrumb\":{\"@id\":\"https:\/\/doktorvolt.pl\/en\/oferta-doktorvolt\/modular-distribution-boards\/din-mounting-rails\/szyna-montazowa-din-th-35-o-dlugosci-35cm-wspornik-montazowy-doktorvolt-dv-1189-th\/#breadcrumb\"},\"inLanguage\":\"en-US\",\"potentialAction\":[{\"@type\":\"ReadAction\",\"target\":[\"https:\/\/doktorvolt.pl\/en\/oferta-doktorvolt\/modular-distribution-boards\/din-mounting-rails\/szyna-montazowa-din-th-35-o-dlugosci-35cm-wspornik-montazowy-doktorvolt-dv-1189-th\/\"]}]},{\"@type\":\"ImageObject\",\"inLanguage\":\"en-US\",\"@id\":\"https:\/\/doktorvolt.pl\/en\/oferta-doktorvolt\/modular-distribution-boards\/din-mounting-rails\/szyna-montazowa-din-th-35-o-dlugosci-35cm-wspornik-montazowy-doktorvolt-dv-1189-th\/#primaryimage\",\"url\":\"https:\/\/doktorvolt.pl\/wp-content\/uploads\/2026\/02\/pol_pl_Szyna-montazowa-DIN-TH-35-o-dlugosci-35cm-wspornik-montazowy-Doktorvolt-DV-1189-TH-12471_1.jpg\",\"contentUrl\":\"https:\/\/doktorvolt.pl\/wp-content\/uploads\/2026\/02\/pol_pl_Szyna-montazowa-DIN-TH-35-o-dlugosci-35cm-wspornik-montazowy-Doktorvolt-DV-1189-TH-12471_1.jpg\",\"width\":1000,\"height\":1000},{\"@type\":\"BreadcrumbList\",\"@id\":\"https:\/\/doktorvolt.pl\/en\/oferta-doktorvolt\/modular-distribution-boards\/din-mounting-rails\/szyna-montazowa-din-th-35-o-dlugosci-35cm-wspornik-montazowy-doktorvolt-dv-1189-th\/#breadcrumb\",\"itemListElement\":[{\"@type\":\"ListItem\",\"position\":1,\"name\":\"Strona g\u0142\u00f3wna\",\"item\":\"https:\/\/doktorvolt.pl\/en\/\"},{\"@type\":\"ListItem\",\"position\":2,\"name\":\"Offer Doktorvolt\",\"item\":\"https:\/\/doktorvolt.pl\/en\/offer-doktorvolt\/\"},{\"@type\":\"ListItem\",\"position\":3,\"name\":\"Szyna monta\u017cowa DIN TH-35 o d\u0142ugo\u015bci 35cm wspornik monta\u017cowy Doktorvolt DV-1189-TH\"}]},{\"@type\":\"WebSite\",\"@id\":\"https:\/\/doktorvolt.pl\/de\/#website\",\"url\":\"https:\/\/doktorvolt.pl\/de\/\",\"name\":\"DOKTORVOLT\u00ae\",\"description\":\"Producent rozdzielnic budowlanych\",\"publisher\":{\"@id\":\"https:\/\/doktorvolt.pl\/de\/#organization\"},\"potentialAction\":[{\"@type\":\"SearchAction\",\"target\":{\"@type\":\"EntryPoint\",\"urlTemplate\":\"https:\/\/doktorvolt.pl\/de\/?s={search_term_string}\"},\"query-input\":{\"@type\":\"PropertyValueSpecification\",\"valueRequired\":true,\"valueName\":\"search_term_string\"}}],\"inLanguage\":\"en-US\"},{\"@type\":\"Organization\",\"@id\":\"https:\/\/doktorvolt.pl\/de\/#organization\",\"name\":\"DOKTORVOLT\u00ae\",\"url\":\"https:\/\/doktorvolt.pl\/de\/\",\"logo\":{\"@type\":\"ImageObject\",\"inLanguage\":\"en-US\",\"@id\":\"https:\/\/doktorvolt.pl\/de\/#\/schema\/logo\/image\/\",\"url\":\"https:\/\/doktorvolt.pl\/wp-content\/uploads\/2023\/10\/DoktorVOLT-black-png.png\",\"contentUrl\":\"https:\/\/doktorvolt.pl\/wp-content\/uploads\/2023\/10\/DoktorVOLT-black-png.png\",\"width\":729,\"height\":40,\"caption\":\"DOKTORVOLT\u00ae\"},\"image\":{\"@id\":\"https:\/\/doktorvolt.pl\/de\/#\/schema\/logo\/image\/\"}}]}<\/script>\n<!-- \/ Yoast SEO plugin. -->","yoast_head_json":{"title":"Szyna monta\u017cowa DIN TH-35 o d\u0142ugo\u015bci 35cm wspornik monta\u017cowy Doktorvolt DV-1189-TH - DOKTORVOLT\u00ae","robots":{"index":"index","follow":"follow","max-snippet":"max-snippet:-1","max-image-preview":"max-image-preview:large","max-video-preview":"max-video-preview:-1"},"canonical":"https:\/\/doktorvolt.pl\/en\/oferta-doktorvolt\/modular-distribution-boards\/din-mounting-rails\/szyna-montazowa-din-th-35-o-dlugosci-35cm-wspornik-montazowy-doktorvolt-dv-1189-th\/","og_locale":"en_US","og_type":"article","og_title":"Szyna monta\u017cowa DIN TH-35 o d\u0142ugo\u015bci 35cm wspornik monta\u017cowy Doktorvolt DV-1189-TH - DOKTORVOLT\u00ae","og_description":"DV-1189-TH to szyna monta\u017cowa DIN TH-35 marki Doktorvolt o d\u0142ugo\u015bci 35cm przeznaczona do monta\u017cu aparatury modu\u0142owej wewn\u0105trz rozdzielnicy. Szyna monta\u017cowa wykonana jest ze stali ocynkowanej i posiada otwory monta\u017cowe na dw\u00f3ch ko\u0144cach szyny.","og_url":"https:\/\/doktorvolt.pl\/en\/oferta-doktorvolt\/modular-distribution-boards\/din-mounting-rails\/szyna-montazowa-din-th-35-o-dlugosci-35cm-wspornik-montazowy-doktorvolt-dv-1189-th\/","og_site_name":"DOKTORVOLT\u00ae","og_image":[{"width":1000,"height":1000,"url":"https:\/\/doktorvolt.pl\/wp-content\/uploads\/2026\/02\/pol_pl_Szyna-montazowa-DIN-TH-35-o-dlugosci-35cm-wspornik-montazowy-Doktorvolt-DV-1189-TH-12471_1.jpg","type":"image\/jpeg"}],"twitter_card":"summary_large_image","twitter_misc":{"Est. reading time":"1 minute"},"schema":{"@context":"https:\/\/schema.org","@graph":[{"@type":"WebPage","@id":"https:\/\/doktorvolt.pl\/en\/oferta-doktorvolt\/modular-distribution-boards\/din-mounting-rails\/szyna-montazowa-din-th-35-o-dlugosci-35cm-wspornik-montazowy-doktorvolt-dv-1189-th\/","url":"https:\/\/doktorvolt.pl\/en\/oferta-doktorvolt\/modular-distribution-boards\/din-mounting-rails\/szyna-montazowa-din-th-35-o-dlugosci-35cm-wspornik-montazowy-doktorvolt-dv-1189-th\/","name":"Szyna monta\u017cowa DIN TH-35 o d\u0142ugo\u015bci 35cm wspornik monta\u017cowy Doktorvolt DV-1189-TH - DOKTORVOLT\u00ae","isPartOf":{"@id":"https:\/\/doktorvolt.pl\/de\/#website"},"primaryImageOfPage":{"@id":"https:\/\/doktorvolt.pl\/en\/oferta-doktorvolt\/modular-distribution-boards\/din-mounting-rails\/szyna-montazowa-din-th-35-o-dlugosci-35cm-wspornik-montazowy-doktorvolt-dv-1189-th\/#primaryimage"},"image":{"@id":"https:\/\/doktorvolt.pl\/en\/oferta-doktorvolt\/modular-distribution-boards\/din-mounting-rails\/szyna-montazowa-din-th-35-o-dlugosci-35cm-wspornik-montazowy-doktorvolt-dv-1189-th\/#primaryimage"},"thumbnailUrl":"https:\/\/doktorvolt.pl\/wp-content\/uploads\/2026\/02\/pol_pl_Szyna-montazowa-DIN-TH-35-o-dlugosci-35cm-wspornik-montazowy-Doktorvolt-DV-1189-TH-12471_1.jpg","datePublished":"2026-02-23T13:17:54+00:00","breadcrumb":{"@id":"https:\/\/doktorvolt.pl\/en\/oferta-doktorvolt\/modular-distribution-boards\/din-mounting-rails\/szyna-montazowa-din-th-35-o-dlugosci-35cm-wspornik-montazowy-doktorvolt-dv-1189-th\/#breadcrumb"},"inLanguage":"en-US","potentialAction":[{"@type":"ReadAction","target":["https:\/\/doktorvolt.pl\/en\/oferta-doktorvolt\/modular-distribution-boards\/din-mounting-rails\/szyna-montazowa-din-th-35-o-dlugosci-35cm-wspornik-montazowy-doktorvolt-dv-1189-th\/"]}]},{"@type":"ImageObject","inLanguage":"en-US","@id":"https:\/\/doktorvolt.pl\/en\/oferta-doktorvolt\/modular-distribution-boards\/din-mounting-rails\/szyna-montazowa-din-th-35-o-dlugosci-35cm-wspornik-montazowy-doktorvolt-dv-1189-th\/#primaryimage","url":"https:\/\/doktorvolt.pl\/wp-content\/uploads\/2026\/02\/pol_pl_Szyna-montazowa-DIN-TH-35-o-dlugosci-35cm-wspornik-montazowy-Doktorvolt-DV-1189-TH-12471_1.jpg","contentUrl":"https:\/\/doktorvolt.pl\/wp-content\/uploads\/2026\/02\/pol_pl_Szyna-montazowa-DIN-TH-35-o-dlugosci-35cm-wspornik-montazowy-Doktorvolt-DV-1189-TH-12471_1.jpg","width":1000,"height":1000},{"@type":"BreadcrumbList","@id":"https:\/\/doktorvolt.pl\/en\/oferta-doktorvolt\/modular-distribution-boards\/din-mounting-rails\/szyna-montazowa-din-th-35-o-dlugosci-35cm-wspornik-montazowy-doktorvolt-dv-1189-th\/#breadcrumb","itemListElement":[{"@type":"ListItem","position":1,"name":"Strona g\u0142\u00f3wna","item":"https:\/\/doktorvolt.pl\/en\/"},{"@type":"ListItem","position":2,"name":"Offer Doktorvolt","item":"https:\/\/doktorvolt.pl\/en\/offer-doktorvolt\/"},{"@type":"ListItem","position":3,"name":"Szyna monta\u017cowa DIN TH-35 o d\u0142ugo\u015bci 35cm wspornik monta\u017cowy Doktorvolt DV-1189-TH"}]},{"@type":"WebSite","@id":"https:\/\/doktorvolt.pl\/de\/#website","url":"https:\/\/doktorvolt.pl\/de\/","name":"DOKTORVOLT\u00ae","description":"Producent rozdzielnic budowlanych","publisher":{"@id":"https:\/\/doktorvolt.pl\/de\/#organization"},"potentialAction":[{"@type":"SearchAction","target":{"@type":"EntryPoint","urlTemplate":"https:\/\/doktorvolt.pl\/de\/?s={search_term_string}"},"query-input":{"@type":"PropertyValueSpecification","valueRequired":true,"valueName":"search_term_string"}}],"inLanguage":"en-US"},{"@type":"Organization","@id":"https:\/\/doktorvolt.pl\/de\/#organization","name":"DOKTORVOLT\u00ae","url":"https:\/\/doktorvolt.pl\/de\/","logo":{"@type":"ImageObject","inLanguage":"en-US","@id":"https:\/\/doktorvolt.pl\/de\/#\/schema\/logo\/image\/","url":"https:\/\/doktorvolt.pl\/wp-content\/uploads\/2023\/10\/DoktorVOLT-black-png.png","contentUrl":"https:\/\/doktorvolt.pl\/wp-content\/uploads\/2023\/10\/DoktorVOLT-black-png.png","width":729,"height":40,"caption":"DOKTORVOLT\u00ae"},"image":{"@id":"https:\/\/doktorvolt.pl\/de\/#\/schema\/logo\/image\/"}}]}},"_links":{"self":[{"href":"https:\/\/doktorvolt.pl\/en\/wp-json\/wp\/v2\/product\/111073","targetHints":{"allow":["GET"]}}],"collection":[{"href":"https:\/\/doktorvolt.pl\/en\/wp-json\/wp\/v2\/product"}],"about":[{"href":"https:\/\/doktorvolt.pl\/en\/wp-json\/wp\/v2\/types\/product"}],"wp:featuredmedia":[{"embeddable":true,"href":"https:\/\/doktorvolt.pl\/en\/wp-json\/wp\/v2\/media\/101268"}],"wp:attachment":[{"href":"https:\/\/doktorvolt.pl\/en\/wp-json\/wp\/v2\/media?parent=111073"}],"wp:term":[{"taxonomy":"product_brand","embeddable":true,"href":"https:\/\/doktorvolt.pl\/en\/wp-json\/wp\/v2\/product_brand?post=111073"},{"taxonomy":"product_cat","embeddable":true,"href":"https:\/\/doktorvolt.pl\/en\/wp-json\/wp\/v2\/product_cat?post=111073"},{"taxonomy":"product_tag","embeddable":true,"href":"https:\/\/doktorvolt.pl\/en\/wp-json\/wp\/v2\/product_tag?post=111073"}],"curies":[{"name":"wp","href":"https:\/\/api.w.org\/{rel}","templated":true}]}}