{"id":111108,"date":"2026-02-23T15:10:49","date_gmt":"2026-02-23T13:10:49","guid":{"rendered":"https:\/\/doktorvolt.pl\/sklep\/uncategorized\/wylacznik-nadpradowy-3p-c16a-6ka-bezpiecznik-doktovolt-4999\/"},"modified":"2026-02-23T15:10:49","modified_gmt":"2026-02-23T13:10:49","slug":"wylacznik-nadpradowy-3p-c16a-6ka-bezpiecznik-doktovolt-4999","status":"publish","type":"product","link":"https:\/\/doktorvolt.pl\/en\/oferta-doktorvolt\/modular-apparatus\/overcurrent-circuit-breakers\/miniature-circuit-breakers-6ka\/wylacznik-nadpradowy-3p-c16a-6ka-bezpiecznik-doktovolt-4999\/","title":{"rendered":"Wy\u0142\u0105cznik nadpr\u0105dowy 3P  C16A 6kA bezpiecznik Doktovolt 4999"},"content":{"rendered":"<h1 style=\"font-size: 13pt; text-align: center;\"><span style=\"color: #000000;\">Wy\u0142\u0105cznik nadpr\u0105dowy 3P C16A 6kA Doktovolt <br \/><\/span><\/h1>\n<p style=\"font-size: 13pt; text-align: justify;\"><span style=\"color: #000000;\"><strong>Wy\u0142\u0105cznik nadpr\u0105dowy<\/strong> to element instalacji elektrycznej, kt\u00f3ry zapewnia ochron\u0119 przed skutkami zwar\u0107 i przeci\u0105\u017ce\u0144 urz\u0105dze\u0144 elektrycznych. Jego zadaniem jest przerwanie ci\u0105g\u0142o\u015bci obwodu, gdy pr\u0105d p\u0142yn\u0105cy w obwodzie przekroczy warto\u015b\u0107 bezpieczn\u0105 dla tego obwodu. Wy\u0142\u0105czniki nadpr\u0105dowe o charakterystyce C cechuj\u0105 si\u0119 op\u00f3\u017anionym dzia\u0142aniem. Stosuje si\u0119 je do ochrony urz\u0105dze\u0144 o zwi\u0119kszonym pr\u0105dzie rozruchowym, np. silnik\u00f3w.<\/span><\/p>\n<\/p>\n<p style=\"font-size: 13pt; text-align: justify;\"><strong><span style=\"color: #000000;\">Cechy wy\u0142\u0105cznika nadpr\u0105dowego C16A 6kA 3P Doktorvolt DV-4999:<\/span><\/strong><\/p>\n<ul>\n<ul>\n<li style=\"font-size: 13pt; text-align: left;\"><span style=\"color: #000000;\">wska\u017anik pozycji pracy\u00a0<\/span><\/li>\n<li style=\"font-size: 13pt; text-align: left;\"><span style=\"color: #000000;\">mo\u017cliwo\u015b\u0107 po\u0142\u0105czenia za pomoc\u0105 szyn grzebieniowych<\/span><\/li>\n<li style=\"font-size: 13pt; text-align: left;\"><span style=\"color: #000000;\">przystosowane do p\u00f3\u017aniejszego monta\u017cu urz\u0105dze\u0144 pomocniczych<\/span><\/li>\n<li style=\"font-size: 13pt; text-align: left;\"><span style=\"color: #000000;\">ochrona obwod\u00f3w przed przeci\u0105\u017ceniem<\/span><\/li>\n<li style=\"font-size: 13pt; text-align: left;\"><span style=\"color: #000000;\">ochrona obwod\u00f3w przed zwarciem<\/span><\/li>\n<li style=\"font-size: 13pt; text-align: left;\"><span style=\"color: #000000;\">po roz\u0142\u0105czeniu separacja w obwodzie<\/span><\/li>\n<li style=\"font-size: 13pt; text-align: left;\"><span style=\"color: #000000;\">pr\u0105d znamionowy: 16A<\/span><\/li>\n<li style=\"font-size: 13pt; text-align: left;\"><span style=\"color: #000000;\">charakterystyka pracy: Typ C<\/span><\/li>\n<li style=\"font-size: 13pt; text-align: left;\"><span style=\"color: #000000;\">liczba biegun\u00f3w (modu\u0142\u00f3w): 3<\/span><\/li>\n<li style=\"font-size: 13pt; text-align: left;\"><span style=\"color: #000000;\">napi\u0119cie znamionowe: 400 V<\/span><\/li>\n<li style=\"font-size: 13pt; text-align: left;\"><span style=\"color: #000000;\">znamionowa zdolno\u015b\u0107 \u0142\u0105czeniowa: 6kA<\/span><\/li>\n<li style=\"font-size: 13pt; text-align: left;\"><span style=\"color: #000000;\">monta\u017c na szynie DIN (TH\/TS 35)<\/span><\/li>\n<ul><\/ul>\n<\/ul>\n<\/ul>\n<p style=\"font-size: 13pt; text-align: justify;\"><strong><span style=\"color: #000000;\">Specyfikacja techniczna:<\/span><\/strong><\/p>\n<ul>\n<ul>\n<li style=\"font-size: 13pt; text-align: left;\"><span style=\"color: #000000;\"><span style=\"color: #000000;\">pr\u0105d znamionowy In<strong> 16A<\/strong><\/span><\/span><\/li>\n<li style=\"font-size: 13pt; text-align: left;\"><span style=\"color: #000000;\">charakterystyka pracy <strong>C<\/strong><\/span><\/li>\n<li style=\"font-size: 13pt; text-align: left;\"><span style=\"color: #000000;\">Liczba modu\u0142\u00f3w (biegun\u00f3w) <strong>3P<\/strong><\/span><\/li>\n<li style=\"font-size: 13pt; text-align: left;\"><span style=\"color: #000000;\">napi\u0119cie znamionowe Ue <strong>400 V<\/strong><\/span><\/li>\n<li style=\"font-size: 13pt; text-align: left;\"><span style=\"color: #000000;\">cz\u0119stotliwo\u015b\u0107 pracy <strong>50\/60 Hz<\/strong><\/span><\/li>\n<li style=\"font-size: 13pt; text-align: left;\"><span style=\"color: #000000;\">znamionowa zdolno\u015b\u0107 \u0142\u0105czeniowa <strong>6 kA<\/strong><\/span><\/li>\n<li style=\"font-size: 13pt; text-align: left;\"><span style=\"color: #000000;\">stopie\u0144 ochrony <strong>IP20<\/strong><\/span><\/li>\n<li style=\"font-size: 13pt; text-align: left;\"><span style=\"color: #000000;\">\u017cywotno\u015b\u0107 elektryczna (ilo\u015b\u0107) <strong>15 000 razy<\/strong><\/span><\/li>\n<li style=\"font-size: 13pt; text-align: left;\"><span style=\"color: #000000;\">\u017cywotno\u015b\u0107 mechaniczna (ilo\u015b\u0107) <strong>30 000 razy<\/strong><\/span><\/li>\n<li style=\"font-size: 13pt; text-align: left;\"><span style=\"color: #000000;\">monta\u017c <strong>na szynie DIN (TH\/TS 35)<\/strong><\/span><\/li>\n<li style=\"font-size: 13pt; text-align: left;\"><span style=\"color: #000000;\">temperatura sk\u0142adowania <strong>od -30\u00b0 do +70\u00b0C<\/strong><\/span><\/li>\n<li style=\"font-size: 13pt; text-align: left;\"><span style=\"color: #000000;\">temperatura otoczenia pracy (przy pracy poni\u017cej 0\u00b0C, aparat nale\u017cy zabezpieczy\u0107 przed oszronieniem) <strong>od -30\u00b0 do +50\u00b0C<\/strong><\/span><\/li>\n<li style=\"font-size: 13pt; text-align: left;\"><span style=\"color: #000000;\">maksymalna pojemno\u015b\u0107 zacisk\u00f3w <strong>25 mm2<\/strong><\/span><\/li>\n<li style=\"font-size: 13pt; text-align: left;\"><span style=\"color: #000000;\">moment dokr\u0119cenia zacisk\u00f3w pod\u0142\u0105czeniowych <strong>3 Nm<\/strong><\/span><\/li>\n<li style=\"font-size: 13pt; text-align: left;\"><span style=\"color: #000000;\">monta\u017c <strong>wewn\u0119trzny<\/strong><\/span><\/li>\n<li style=\"font-size: 13pt; text-align: left;\"><span style=\"color: #000000;\">wymiary szeroko\u015b\u0107: <strong>54 mm, wysoko\u015b\u0107: 82 mm, g\u0142\u0119boko\u015b\u0107: 67 mm<\/strong><\/span><\/li>\n<li style=\"font-size: 13pt; text-align: left;\"><span style=\"color: #000000;\">wska\u017anik pozycji pracy <strong>tak<\/strong><\/span><\/li>\n<li style=\"font-size: 13pt; text-align: left;\"><span style=\"color: #000000;\">mo\u017cliwo\u015b\u0107 po\u0142\u0105czenia za pomoc\u0105 szyn grzebieniowych <strong>tak<\/strong><\/span><\/li>\n<li style=\"font-size: 13pt; text-align: left;\"><span style=\"color: #000000;\">przystosowane do p\u00f3\u017aniejszego monta\u017cu urz\u0105dze\u0144 pomocniczych <strong>tak<\/strong><\/span><\/li>\n<li style=\"font-size: 13pt; text-align: left;\"><span style=\"color: #000000;\">ochrona obwod\u00f3w przed przeci\u0105\u017ceniem <strong>tak<\/strong><\/span><\/li>\n<li style=\"font-size: 13pt; text-align: left;\"><span style=\"color: #000000;\">ochrona obwod\u00f3w przed zwarciem <strong>tak<\/strong><\/span><\/li>\n<li style=\"font-size: 13pt; text-align: left;\"><span style=\"color: #000000;\">po roz\u0142\u0105czeniu separacja w obwodzie <strong>tak<\/strong><\/span><\/li>\n<li style=\"font-size: 13pt; text-align: left;\"><span style=\"color: #000000;\">certyfikaty i normy <strong>CE, IEC60898<\/strong><\/span><\/li>\n<li style=\"font-size: 13pt; text-align: left;\"><span style=\"color: #000000;\">marka <strong>Doktorvolt<\/strong><\/span><\/li>\n<li style=\"font-size: 13pt; text-align: left;\"><span style=\"color: #000000;\">kod producenta <strong>DV-4999<\/strong><\/span><\/li>\n<li style=\"font-size: 13pt; text-align: left;\"><span style=\"color: #000000;\">kod EAN <strong>5907589334999<\/strong><\/span><\/li>\n<\/ul>\n<\/ul>\n","protected":false},"excerpt":{"rendered":"<p>Wy\u0142\u0105cznik nadpr\u0105dowy\u00a03P C16A 6kA bezpiecznik wy\u0142\u0105cznik nadmiarowo-pr\u0105dowy Doktorvolt<\/p>\n","protected":false},"featured_media":100730,"template":"","meta":[],"product_brand":[],"product_cat":[5090],"product_tag":[],"class_list":{"0":"post-111108","1":"product","2":"type-product","3":"status-publish","4":"has-post-thumbnail","6":"product_cat-miniature-circuit-breakers-6ka","7":"pa_charakterystyka-pracy-c","8":"pa_liczba-biegunow-3p","9":"pa_prad-znamionowy-16a","11":"first","12":"instock","13":"shipping-taxable","14":"product-type-external"},"yoast_head":"<!-- This site is optimized with the Yoast SEO plugin v27.0 - https:\/\/yoast.com\/product\/yoast-seo-wordpress\/ -->\n<title>Wy\u0142\u0105cznik nadpr\u0105dowy 3P C16A 6kA bezpiecznik Doktovolt 4999 - DOKTORVOLT\u00ae<\/title>\n<meta name=\"robots\" content=\"index, follow, max-snippet:-1, max-image-preview:large, max-video-preview:-1\" \/>\n<link rel=\"canonical\" href=\"https:\/\/doktorvolt.pl\/en\/oferta-doktorvolt\/modular-apparatus\/overcurrent-circuit-breakers\/miniature-circuit-breakers-6ka\/wylacznik-nadpradowy-3p-c16a-6ka-bezpiecznik-doktovolt-4999\/\" \/>\n<meta property=\"og:locale\" content=\"en_US\" \/>\n<meta property=\"og:type\" content=\"article\" \/>\n<meta property=\"og:title\" content=\"Wy\u0142\u0105cznik nadpr\u0105dowy 3P C16A 6kA bezpiecznik Doktovolt 4999 - DOKTORVOLT\u00ae\" \/>\n<meta property=\"og:description\" content=\"Wy\u0142\u0105cznik nadpr\u0105dowy\u00a03P C16A 6kA bezpiecznik wy\u0142\u0105cznik nadmiarowo-pr\u0105dowy Doktorvolt\" \/>\n<meta property=\"og:url\" content=\"https:\/\/doktorvolt.pl\/en\/oferta-doktorvolt\/modular-apparatus\/overcurrent-circuit-breakers\/miniature-circuit-breakers-6ka\/wylacznik-nadpradowy-3p-c16a-6ka-bezpiecznik-doktovolt-4999\/\" \/>\n<meta property=\"og:site_name\" content=\"DOKTORVOLT\u00ae\" \/>\n<meta property=\"og:image\" content=\"https:\/\/doktorvolt.pl\/wp-content\/uploads\/2026\/02\/pol_pl_14468-14468_1.jpg\" \/>\n\t<meta property=\"og:image:width\" content=\"1000\" \/>\n\t<meta property=\"og:image:height\" content=\"1000\" \/>\n\t<meta property=\"og:image:type\" content=\"image\/jpeg\" \/>\n<meta name=\"twitter:card\" content=\"summary_large_image\" \/>\n<meta name=\"twitter:label1\" content=\"Est. reading time\" \/>\n\t<meta name=\"twitter:data1\" content=\"2 minutes\" \/>\n<script type=\"application\/ld+json\" class=\"yoast-schema-graph\">{\"@context\":\"https:\/\/schema.org\",\"@graph\":[{\"@type\":\"WebPage\",\"@id\":\"https:\/\/doktorvolt.pl\/en\/oferta-doktorvolt\/modular-apparatus\/overcurrent-circuit-breakers\/miniature-circuit-breakers-6ka\/wylacznik-nadpradowy-3p-c16a-6ka-bezpiecznik-doktovolt-4999\/\",\"url\":\"https:\/\/doktorvolt.pl\/en\/oferta-doktorvolt\/modular-apparatus\/overcurrent-circuit-breakers\/miniature-circuit-breakers-6ka\/wylacznik-nadpradowy-3p-c16a-6ka-bezpiecznik-doktovolt-4999\/\",\"name\":\"Wy\u0142\u0105cznik nadpr\u0105dowy 3P C16A 6kA bezpiecznik Doktovolt 4999 - DOKTORVOLT\u00ae\",\"isPartOf\":{\"@id\":\"https:\/\/doktorvolt.pl\/de\/#website\"},\"primaryImageOfPage\":{\"@id\":\"https:\/\/doktorvolt.pl\/en\/oferta-doktorvolt\/modular-apparatus\/overcurrent-circuit-breakers\/miniature-circuit-breakers-6ka\/wylacznik-nadpradowy-3p-c16a-6ka-bezpiecznik-doktovolt-4999\/#primaryimage\"},\"image\":{\"@id\":\"https:\/\/doktorvolt.pl\/en\/oferta-doktorvolt\/modular-apparatus\/overcurrent-circuit-breakers\/miniature-circuit-breakers-6ka\/wylacznik-nadpradowy-3p-c16a-6ka-bezpiecznik-doktovolt-4999\/#primaryimage\"},\"thumbnailUrl\":\"https:\/\/doktorvolt.pl\/wp-content\/uploads\/2026\/02\/pol_pl_14468-14468_1.jpg\",\"datePublished\":\"2026-02-23T13:10:49+00:00\",\"breadcrumb\":{\"@id\":\"https:\/\/doktorvolt.pl\/en\/oferta-doktorvolt\/modular-apparatus\/overcurrent-circuit-breakers\/miniature-circuit-breakers-6ka\/wylacznik-nadpradowy-3p-c16a-6ka-bezpiecznik-doktovolt-4999\/#breadcrumb\"},\"inLanguage\":\"en-US\",\"potentialAction\":[{\"@type\":\"ReadAction\",\"target\":[\"https:\/\/doktorvolt.pl\/en\/oferta-doktorvolt\/modular-apparatus\/overcurrent-circuit-breakers\/miniature-circuit-breakers-6ka\/wylacznik-nadpradowy-3p-c16a-6ka-bezpiecznik-doktovolt-4999\/\"]}]},{\"@type\":\"ImageObject\",\"inLanguage\":\"en-US\",\"@id\":\"https:\/\/doktorvolt.pl\/en\/oferta-doktorvolt\/modular-apparatus\/overcurrent-circuit-breakers\/miniature-circuit-breakers-6ka\/wylacznik-nadpradowy-3p-c16a-6ka-bezpiecznik-doktovolt-4999\/#primaryimage\",\"url\":\"https:\/\/doktorvolt.pl\/wp-content\/uploads\/2026\/02\/pol_pl_14468-14468_1.jpg\",\"contentUrl\":\"https:\/\/doktorvolt.pl\/wp-content\/uploads\/2026\/02\/pol_pl_14468-14468_1.jpg\",\"width\":1000,\"height\":1000},{\"@type\":\"BreadcrumbList\",\"@id\":\"https:\/\/doktorvolt.pl\/en\/oferta-doktorvolt\/modular-apparatus\/overcurrent-circuit-breakers\/miniature-circuit-breakers-6ka\/wylacznik-nadpradowy-3p-c16a-6ka-bezpiecznik-doktovolt-4999\/#breadcrumb\",\"itemListElement\":[{\"@type\":\"ListItem\",\"position\":1,\"name\":\"Strona g\u0142\u00f3wna\",\"item\":\"https:\/\/doktorvolt.pl\/en\/\"},{\"@type\":\"ListItem\",\"position\":2,\"name\":\"Offer Doktorvolt\",\"item\":\"https:\/\/doktorvolt.pl\/en\/offer-doktorvolt\/\"},{\"@type\":\"ListItem\",\"position\":3,\"name\":\"Wy\u0142\u0105cznik nadpr\u0105dowy 3P C16A 6kA bezpiecznik Doktovolt 4999\"}]},{\"@type\":\"WebSite\",\"@id\":\"https:\/\/doktorvolt.pl\/de\/#website\",\"url\":\"https:\/\/doktorvolt.pl\/de\/\",\"name\":\"DOKTORVOLT\u00ae\",\"description\":\"Producent rozdzielnic budowlanych\",\"publisher\":{\"@id\":\"https:\/\/doktorvolt.pl\/de\/#organization\"},\"potentialAction\":[{\"@type\":\"SearchAction\",\"target\":{\"@type\":\"EntryPoint\",\"urlTemplate\":\"https:\/\/doktorvolt.pl\/de\/?s={search_term_string}\"},\"query-input\":{\"@type\":\"PropertyValueSpecification\",\"valueRequired\":true,\"valueName\":\"search_term_string\"}}],\"inLanguage\":\"en-US\"},{\"@type\":\"Organization\",\"@id\":\"https:\/\/doktorvolt.pl\/de\/#organization\",\"name\":\"DOKTORVOLT\u00ae\",\"url\":\"https:\/\/doktorvolt.pl\/de\/\",\"logo\":{\"@type\":\"ImageObject\",\"inLanguage\":\"en-US\",\"@id\":\"https:\/\/doktorvolt.pl\/de\/#\/schema\/logo\/image\/\",\"url\":\"https:\/\/doktorvolt.pl\/wp-content\/uploads\/2023\/10\/DoktorVOLT-black-png.png\",\"contentUrl\":\"https:\/\/doktorvolt.pl\/wp-content\/uploads\/2023\/10\/DoktorVOLT-black-png.png\",\"width\":729,\"height\":40,\"caption\":\"DOKTORVOLT\u00ae\"},\"image\":{\"@id\":\"https:\/\/doktorvolt.pl\/de\/#\/schema\/logo\/image\/\"}}]}<\/script>\n<!-- \/ Yoast SEO plugin. -->","yoast_head_json":{"title":"Wy\u0142\u0105cznik nadpr\u0105dowy 3P C16A 6kA bezpiecznik Doktovolt 4999 - DOKTORVOLT\u00ae","robots":{"index":"index","follow":"follow","max-snippet":"max-snippet:-1","max-image-preview":"max-image-preview:large","max-video-preview":"max-video-preview:-1"},"canonical":"https:\/\/doktorvolt.pl\/en\/oferta-doktorvolt\/modular-apparatus\/overcurrent-circuit-breakers\/miniature-circuit-breakers-6ka\/wylacznik-nadpradowy-3p-c16a-6ka-bezpiecznik-doktovolt-4999\/","og_locale":"en_US","og_type":"article","og_title":"Wy\u0142\u0105cznik nadpr\u0105dowy 3P C16A 6kA bezpiecznik Doktovolt 4999 - DOKTORVOLT\u00ae","og_description":"Wy\u0142\u0105cznik nadpr\u0105dowy\u00a03P C16A 6kA bezpiecznik wy\u0142\u0105cznik nadmiarowo-pr\u0105dowy Doktorvolt","og_url":"https:\/\/doktorvolt.pl\/en\/oferta-doktorvolt\/modular-apparatus\/overcurrent-circuit-breakers\/miniature-circuit-breakers-6ka\/wylacznik-nadpradowy-3p-c16a-6ka-bezpiecznik-doktovolt-4999\/","og_site_name":"DOKTORVOLT\u00ae","og_image":[{"width":1000,"height":1000,"url":"https:\/\/doktorvolt.pl\/wp-content\/uploads\/2026\/02\/pol_pl_14468-14468_1.jpg","type":"image\/jpeg"}],"twitter_card":"summary_large_image","twitter_misc":{"Est. reading time":"2 minutes"},"schema":{"@context":"https:\/\/schema.org","@graph":[{"@type":"WebPage","@id":"https:\/\/doktorvolt.pl\/en\/oferta-doktorvolt\/modular-apparatus\/overcurrent-circuit-breakers\/miniature-circuit-breakers-6ka\/wylacznik-nadpradowy-3p-c16a-6ka-bezpiecznik-doktovolt-4999\/","url":"https:\/\/doktorvolt.pl\/en\/oferta-doktorvolt\/modular-apparatus\/overcurrent-circuit-breakers\/miniature-circuit-breakers-6ka\/wylacznik-nadpradowy-3p-c16a-6ka-bezpiecznik-doktovolt-4999\/","name":"Wy\u0142\u0105cznik nadpr\u0105dowy 3P C16A 6kA bezpiecznik Doktovolt 4999 - DOKTORVOLT\u00ae","isPartOf":{"@id":"https:\/\/doktorvolt.pl\/de\/#website"},"primaryImageOfPage":{"@id":"https:\/\/doktorvolt.pl\/en\/oferta-doktorvolt\/modular-apparatus\/overcurrent-circuit-breakers\/miniature-circuit-breakers-6ka\/wylacznik-nadpradowy-3p-c16a-6ka-bezpiecznik-doktovolt-4999\/#primaryimage"},"image":{"@id":"https:\/\/doktorvolt.pl\/en\/oferta-doktorvolt\/modular-apparatus\/overcurrent-circuit-breakers\/miniature-circuit-breakers-6ka\/wylacznik-nadpradowy-3p-c16a-6ka-bezpiecznik-doktovolt-4999\/#primaryimage"},"thumbnailUrl":"https:\/\/doktorvolt.pl\/wp-content\/uploads\/2026\/02\/pol_pl_14468-14468_1.jpg","datePublished":"2026-02-23T13:10:49+00:00","breadcrumb":{"@id":"https:\/\/doktorvolt.pl\/en\/oferta-doktorvolt\/modular-apparatus\/overcurrent-circuit-breakers\/miniature-circuit-breakers-6ka\/wylacznik-nadpradowy-3p-c16a-6ka-bezpiecznik-doktovolt-4999\/#breadcrumb"},"inLanguage":"en-US","potentialAction":[{"@type":"ReadAction","target":["https:\/\/doktorvolt.pl\/en\/oferta-doktorvolt\/modular-apparatus\/overcurrent-circuit-breakers\/miniature-circuit-breakers-6ka\/wylacznik-nadpradowy-3p-c16a-6ka-bezpiecznik-doktovolt-4999\/"]}]},{"@type":"ImageObject","inLanguage":"en-US","@id":"https:\/\/doktorvolt.pl\/en\/oferta-doktorvolt\/modular-apparatus\/overcurrent-circuit-breakers\/miniature-circuit-breakers-6ka\/wylacznik-nadpradowy-3p-c16a-6ka-bezpiecznik-doktovolt-4999\/#primaryimage","url":"https:\/\/doktorvolt.pl\/wp-content\/uploads\/2026\/02\/pol_pl_14468-14468_1.jpg","contentUrl":"https:\/\/doktorvolt.pl\/wp-content\/uploads\/2026\/02\/pol_pl_14468-14468_1.jpg","width":1000,"height":1000},{"@type":"BreadcrumbList","@id":"https:\/\/doktorvolt.pl\/en\/oferta-doktorvolt\/modular-apparatus\/overcurrent-circuit-breakers\/miniature-circuit-breakers-6ka\/wylacznik-nadpradowy-3p-c16a-6ka-bezpiecznik-doktovolt-4999\/#breadcrumb","itemListElement":[{"@type":"ListItem","position":1,"name":"Strona g\u0142\u00f3wna","item":"https:\/\/doktorvolt.pl\/en\/"},{"@type":"ListItem","position":2,"name":"Offer Doktorvolt","item":"https:\/\/doktorvolt.pl\/en\/offer-doktorvolt\/"},{"@type":"ListItem","position":3,"name":"Wy\u0142\u0105cznik nadpr\u0105dowy 3P C16A 6kA bezpiecznik Doktovolt 4999"}]},{"@type":"WebSite","@id":"https:\/\/doktorvolt.pl\/de\/#website","url":"https:\/\/doktorvolt.pl\/de\/","name":"DOKTORVOLT\u00ae","description":"Producent rozdzielnic budowlanych","publisher":{"@id":"https:\/\/doktorvolt.pl\/de\/#organization"},"potentialAction":[{"@type":"SearchAction","target":{"@type":"EntryPoint","urlTemplate":"https:\/\/doktorvolt.pl\/de\/?s={search_term_string}"},"query-input":{"@type":"PropertyValueSpecification","valueRequired":true,"valueName":"search_term_string"}}],"inLanguage":"en-US"},{"@type":"Organization","@id":"https:\/\/doktorvolt.pl\/de\/#organization","name":"DOKTORVOLT\u00ae","url":"https:\/\/doktorvolt.pl\/de\/","logo":{"@type":"ImageObject","inLanguage":"en-US","@id":"https:\/\/doktorvolt.pl\/de\/#\/schema\/logo\/image\/","url":"https:\/\/doktorvolt.pl\/wp-content\/uploads\/2023\/10\/DoktorVOLT-black-png.png","contentUrl":"https:\/\/doktorvolt.pl\/wp-content\/uploads\/2023\/10\/DoktorVOLT-black-png.png","width":729,"height":40,"caption":"DOKTORVOLT\u00ae"},"image":{"@id":"https:\/\/doktorvolt.pl\/de\/#\/schema\/logo\/image\/"}}]}},"_links":{"self":[{"href":"https:\/\/doktorvolt.pl\/en\/wp-json\/wp\/v2\/product\/111108","targetHints":{"allow":["GET"]}}],"collection":[{"href":"https:\/\/doktorvolt.pl\/en\/wp-json\/wp\/v2\/product"}],"about":[{"href":"https:\/\/doktorvolt.pl\/en\/wp-json\/wp\/v2\/types\/product"}],"wp:featuredmedia":[{"embeddable":true,"href":"https:\/\/doktorvolt.pl\/en\/wp-json\/wp\/v2\/media\/100730"}],"wp:attachment":[{"href":"https:\/\/doktorvolt.pl\/en\/wp-json\/wp\/v2\/media?parent=111108"}],"wp:term":[{"taxonomy":"product_brand","embeddable":true,"href":"https:\/\/doktorvolt.pl\/en\/wp-json\/wp\/v2\/product_brand?post=111108"},{"taxonomy":"product_cat","embeddable":true,"href":"https:\/\/doktorvolt.pl\/en\/wp-json\/wp\/v2\/product_cat?post=111108"},{"taxonomy":"product_tag","embeddable":true,"href":"https:\/\/doktorvolt.pl\/en\/wp-json\/wp\/v2\/product_tag?post=111108"}],"curies":[{"name":"wp","href":"https:\/\/api.w.org\/{rel}","templated":true}]}}