{"id":111110,"date":"2026-02-23T15:10:30","date_gmt":"2026-02-23T13:10:30","guid":{"rendered":"https:\/\/doktorvolt.pl\/sklep\/uncategorized\/wylacznik-nadpradowy-1p-b10a-6ka-bezpiecznik-doktovolt-5521\/"},"modified":"2026-02-23T15:10:30","modified_gmt":"2026-02-23T13:10:30","slug":"wylacznik-nadpradowy-1p-b10a-6ka-bezpiecznik-doktovolt-5521","status":"publish","type":"product","link":"https:\/\/doktorvolt.pl\/en\/oferta-doktorvolt\/modular-apparatus\/overcurrent-circuit-breakers\/miniature-circuit-breakers-6ka\/wylacznik-nadpradowy-1p-b10a-6ka-bezpiecznik-doktovolt-5521\/","title":{"rendered":"Wy\u0142\u0105cznik nadpr\u0105dowy 1P B10A 6kA bezpiecznik Doktovolt 5521"},"content":{"rendered":"<h1 class=\"page-title\" style=\"text-align:center;\"><span style=\"color:#000000;\">Wy\u0142\u0105cznik nadpr\u0105dowy 1P B10A 6kA Doktovolt <br \/><\/span><\/h1>\n<p style=\"text-align:center;\" align=\"left\"><span style=\"font-family:verdana, geneva;font-size:12pt;color:#000000;\">&#x2b50;&#x2b50;&#x2b50;&#x2b50;&#x2b50;<\/span><\/p>\n<p style=\"text-align:center;\" align=\"left\">\n<p style=\"text-align:justify;\" align=\"left\"><span style=\"font-family:verdana, geneva;font-size:12pt;color:#000000;\">Wy\u0142\u0105cznik nadpr\u0105dowy to element instalacji elektrycznej, kt\u00f3ry zapewnia ochron\u0119 przed skutkami zwar\u0107 i przeci\u0105\u017ce\u0144 urz\u0105dze\u0144 elektrycznych. Jego zadaniem jest przerwanie ci\u0105g\u0142o\u015bci obwodu, gdy pr\u0105d p\u0142yn\u0105cy w obwodzie przekroczy warto\u015b\u0107 bezpieczn\u0105 dla tego obwodu.<br \/><\/span><\/p>\n<p><strong><span style=\"font-size:12pt;color:#000000;\"><span style=\"font-family:verdana, geneva;\">Cechy wy\u0142\u0105cznika nadpr\u0105dowego B10A 6kA 1P Doktorvolt DV-5521:<\/span><\/span><\/strong><\/p>\n<p><span style=\"font-size:12pt;color:#000000;\"><span style=\"font-family:verdana, geneva;\">&#x2714;&#xfe0f; wska\u017anik pozycji pracy <\/span><\/span><\/p>\n<p><span style=\"font-size:12pt;color:#000000;\"><span style=\"font-family:verdana, geneva;\">&#x2714;&#xfe0f; mo\u017cliwo\u015b\u0107 po\u0142\u0105czenia za pomoc\u0105 szyn grzebieniowych<\/span><\/span><\/p>\n<p><span style=\"font-size:12pt;color:#000000;\"><span style=\"font-family:verdana, geneva;\">&#x2714;&#xfe0f; przystosowane do p\u00f3\u017aniejszego monta\u017cu urz\u0105dze\u0144 pomocniczych<\/span><\/span><\/p>\n<p><span style=\"font-size:12pt;color:#000000;\"><span style=\"font-family:verdana, geneva;\">&#x2714;&#xfe0f; ochrona obwod\u00f3w przed przeci\u0105\u017ceniem<\/span><\/span><\/p>\n<p><span style=\"font-size:12pt;color:#000000;\"><span style=\"font-family:verdana, geneva;\">&#x2714;&#xfe0f; ochrona obwod\u00f3w przed zwarciem<\/span><\/span><\/p>\n<p><span style=\"font-size:12pt;color:#000000;\"><span style=\"font-family:verdana, geneva;\">&#x2714;&#xfe0f; po roz\u0142\u0105czeniu separacja w obowdzie<\/span><\/span><\/p>\n<p><span style=\"font-size:12pt;color:#000000;\"><span style=\"font-family:verdana, geneva;\">&#x2714;&#xfe0f; pr\u0105d znamionowy: <strong>10 A<\/strong><\/span><\/span><\/p>\n<p><span style=\"font-size:12pt;color:#000000;\"><span style=\"font-family:verdana, geneva;\">&#x2714;&#xfe0f; charakterystyka pracy: <strong>Typ B<\/strong><\/span><\/span><\/p>\n<p><span style=\"font-size:12pt;color:#000000;\"><span style=\"font-family:verdana, geneva;\">&#x2714;&#xfe0f; liczba biegun\u00f3w (modu\u0142\u00f3w): <strong>1<\/strong><\/span><\/span><\/p>\n<p><span style=\"font-size:12pt;color:#000000;\"><span style=\"font-family:verdana, geneva;\">&#x2714;&#xfe0f; napi\u0119cie znamionowe: <strong>230 V<\/strong><\/span><\/span><\/p>\n<p><span style=\"font-size:12pt;color:#000000;\"><span style=\"font-family:verdana, geneva;\">&#x2714;&#xfe0f; znamionowa zdolno\u015b\u0107 \u0142\u0105czeniowa: <strong>6kA<\/strong><\/span><\/span><\/p>\n<p><span style=\"font-size:12pt;color:#000000;\"><span style=\"font-family:verdana, geneva;\">&#x2714;&#xfe0f; monta\u017c na szynie DIN (TH\/TS 35)<\/span><\/span><\/p>\n<table class=\"center\" style=\"background-color:#f5f5f5;margin-left:auto;margin-right:auto;width:659px;height:1658px;border:1px solid #ffffff;\" align=\"center\">\n<tbody>\n<tr>\n<td style=\"padding:15px;height:25px;\" valign=\"middle\" align=\"center\">\n<p><span style=\"font-size:12pt;color:#000000;\"><span style=\"font-family:verdana, geneva;\">pr\u0105d znamionowy In<\/span><\/span><\/p>\n<\/td>\n<td style=\"background-color:#ffffff;\" valign=\"middle\" align=\"center\"><span style=\"font-size:16px;color:#000000;\">10A<\/span><\/td>\n<\/tr>\n<tr>\n<td style=\"padding:15px;height:25px;\" valign=\"middle\" align=\"center\">\n<p><span style=\"font-size:12pt;color:#000000;\"><span style=\"font-family:verdana, geneva;\">charakterystyka pracy<\/span><\/span><\/p>\n<\/td>\n<td style=\"background-color:#ffffff;\" valign=\"middle\" align=\"center\"><span style=\"font-family:verdana, geneva;font-size:12pt;color:#000000;\">B<\/span><\/td>\n<\/tr>\n<tr>\n<td style=\"padding:15px;height:25px;\" valign=\"middle\" align=\"center\">\n<p><span style=\"font-size:12pt;color:#000000;\"><span style=\"font-family:verdana, geneva;\">Liczba modu\u0142\u00f3w (biegun\u00f3w)<\/span><\/span><\/p>\n<\/td>\n<td style=\"background-color:#ffffff;\" valign=\"middle\" align=\"center\"><span style=\"font-family:verdana, geneva;font-size:12pt;color:#000000;\">1P<\/span><\/td>\n<\/tr>\n<tr>\n<td style=\"height:25px;\" valign=\"middle\" align=\"center\">\n<p><span style=\"font-size:12pt;color:#000000;\"><span style=\"font-family:verdana, geneva;\">napi\u0119cie znamionowe Ue<\/span><\/span><\/p>\n<\/td>\n<td style=\"background-color:#ffffff;\" valign=\"middle\" align=\"center\"><span style=\"font-family:verdana, geneva;font-size:12pt;color:#000000;\">230 V<\/span><\/td>\n<\/tr>\n<tr>\n<td style=\"height:25px;\" valign=\"middle\" align=\"center\">\n<p><span style=\"font-size:12pt;color:#000000;\"><span style=\"font-family:verdana, geneva;\">cz\u0119stotliwo\u015b\u0107 pracy<\/span><\/span><\/p>\n<\/td>\n<td style=\"background-color:#ffffff;\" valign=\"middle\" align=\"center\"><span style=\"font-family:verdana, geneva;font-size:12pt;color:#000000;\">50\/60 Hz<\/span><\/td>\n<\/tr>\n<tr>\n<td style=\"height:25px;\" valign=\"middle\" align=\"center\">\n<p><span style=\"font-size:12pt;color:#000000;\"><span style=\"font-family:verdana, geneva;\">znamionowa zdolno\u015b\u0107 \u0142\u0105czeniowa<\/span><\/span><\/p>\n<\/td>\n<td style=\"background-color:#ffffff;\" valign=\"middle\" align=\"center\">\n<p><span style=\"font-family:verdana, geneva;font-size:12pt;color:#000000;\">6 kA<\/span><\/p>\n<\/td>\n<\/tr>\n<tr>\n<td style=\"height:25px;\" valign=\"middle\" align=\"center\">\n<p><span style=\"font-size:12pt;color:#000000;\"><span style=\"font-family:verdana, geneva;\">stopie\u0144 ochrony <br \/><\/span><\/span><\/p>\n<\/td>\n<td style=\"background-color:#ffffff;\" valign=\"middle\" align=\"center\"><span style=\"font-family:verdana, geneva;font-size:12pt;color:#000000;\">IP20<\/span><\/td>\n<\/tr>\n<tr>\n<td style=\"height:25px;\" valign=\"middle\" align=\"center\">\n<p><span style=\"font-size:12pt;color:#000000;\"><span style=\"font-family:verdana, geneva;\">\u017cywotno\u015b\u0107 elektryczna (ilo\u015b\u0107)<br \/><\/span><\/span><\/p>\n<\/td>\n<td style=\"background-color:#ffffff;\" valign=\"middle\" align=\"center\"><span style=\"font-family:verdana, geneva;font-size:12pt;color:#000000;\">15 000 razy<\/span><\/td>\n<\/tr>\n<tr>\n<td style=\"height:25px;\" valign=\"middle\" align=\"center\">\n<p><span style=\"font-size:12pt;color:#000000;\"><span style=\"font-family:verdana, geneva;\">\u017cywotno\u015b\u0107 mechaniczna (ilo\u015b\u0107) <\/span><\/span><\/p>\n<\/td>\n<td style=\"background-color:#ffffff;\" valign=\"middle\" align=\"center\"><span style=\"font-family:verdana, geneva;font-size:12pt;color:#000000;\">30 000 razy<br \/><\/span><\/td>\n<\/tr>\n<tr>\n<td style=\"height:25px;\" valign=\"middle\" align=\"center\"><span style=\"font-size:12pt;color:#000000;\"><span style=\"font-family:verdana, geneva;\">monta\u017c na szynie <\/span><\/span><\/td>\n<td style=\"background-color:#ffffff;\" valign=\"middle\" align=\"center\"><span style=\"font-family:verdana, geneva;font-size:12pt;color:#000000;\">DIN (TH\/TS 35)<\/span><\/td>\n<\/tr>\n<tr>\n<td style=\"height:25px;\" valign=\"middle\" align=\"center\">\n<p><span style=\"font-size:12pt;color:#000000;\"><span style=\"font-family:verdana, geneva;\">temperatura sk\u0142adowania<\/span><\/span><\/p>\n<\/td>\n<td style=\"background-color:#ffffff;\" valign=\"middle\" align=\"center\"><span style=\"font-family:verdana, geneva;font-size:12pt;color:#000000;\">od -30\u00b0 do +70\u00b0C<\/span><\/td>\n<\/tr>\n<tr>\n<td style=\"height:25px;\" valign=\"middle\" align=\"center\">\n<p><span style=\"font-size:12pt;color:#000000;\"><span style=\"font-family:verdana, geneva;\">temperatura otoczenia pracy<br \/>(przy pracy poni\u017cej 0\u00b0C, aparat nale\u017cy zabezpieczy\u0107 przed oszronieniem)<\/span><\/span><\/p>\n<\/td>\n<td style=\"background-color:#ffffff;\" valign=\"middle\" align=\"center\"><span style=\"font-family:verdana, geneva;font-size:12pt;color:#000000;\">od -25\u00b0 do +40\u00b0C<\/span><\/td>\n<\/tr>\n<tr>\n<td style=\"height:25px;\" valign=\"middle\" align=\"center\">\n<p><span style=\"font-size:12pt;color:#000000;\"><span style=\"font-family:verdana, geneva;\">maksymalna pojemno\u015b\u0107 zacisk\u00f3w<\/span><\/span><\/p>\n<\/td>\n<td style=\"background-color:#ffffff;\" valign=\"middle\" align=\"center\"><span style=\"font-family:verdana, geneva;font-size:12pt;color:#000000;\">25 mm2<\/span><\/td>\n<\/tr>\n<tr>\n<td style=\"height:25px;\" valign=\"middle\" align=\"center\">\n<p><span style=\"font-size:12pt;color:#000000;\"><span style=\"font-family:verdana, geneva;\">moment dokr\u0119cenia zacisk\u00f3w pod\u0142\u0105czeniowych<\/span><\/span><\/p>\n<\/td>\n<td style=\"background-color:#ffffff;\" valign=\"middle\" align=\"center\"><span style=\"font-family:verdana, geneva;font-size:12pt;color:#000000;\">3 Nm<\/span><\/td>\n<\/tr>\n<tr>\n<td style=\"height:25px;\" valign=\"middle\" align=\"center\">\n<p><span style=\"font-size:12pt;color:#000000;\"><span style=\"font-family:verdana, geneva;\">monta\u017c<\/span><\/span><\/p>\n<\/td>\n<td style=\"background-color:#ffffff;\" valign=\"middle\" align=\"center\"><span style=\"font-family:verdana, geneva;font-size:12pt;color:#000000;\">wewn\u0119trzny<\/span><\/td>\n<\/tr>\n<tr>\n<td style=\"height:25px;\" valign=\"middle\" align=\"center\"><span style=\"font-size:12pt;color:#000000;\"><span style=\"font-family:verdana, geneva;\">wymiary<\/span><\/span><\/td>\n<td style=\"background-color:#ffffff;\" valign=\"middle\" align=\"center\">\n<p><span style=\"font-family:verdana, geneva;font-size:12pt;color:#000000;\">szeroko\u015b\u0107: 18 mm<\/span><\/p>\n<p><span style=\"font-family:verdana, geneva;font-size:12pt;color:#000000;\">wysoko\u015b\u0107: 82 mm <\/span><\/p>\n<p><span style=\"font-family:verdana, geneva;font-size:12pt;color:#000000;\">g\u0142\u0119boko\u015b\u0107: 68 mm<\/span><\/p>\n<\/td>\n<\/tr>\n<tr>\n<td style=\"height:25px;\" valign=\"middle\" align=\"center\">\n<p><span style=\"font-size:12pt;color:#000000;\"><span style=\"font-family:verdana, geneva;\">wska\u017anik pozycji pracy<\/span><\/span><\/p>\n<\/td>\n<td style=\"background-color:#ffffff;\" valign=\"middle\" align=\"center\"><span style=\"font-family:verdana, geneva;font-size:12pt;color:#000000;\">tak<\/span><\/td>\n<\/tr>\n<tr>\n<td style=\"height:25px;\" valign=\"middle\" align=\"center\">\n<p><span style=\"font-size:12pt;color:#000000;\"><span style=\"font-family:verdana, geneva;\">mo\u017cliwo\u015b\u0107 po\u0142\u0105czenia za pomoc\u0105 szyn grzebieniowych<\/span><\/span><\/p>\n<\/td>\n<td style=\"background-color:#ffffff;\" valign=\"middle\" align=\"center\"><span style=\"font-family:verdana, geneva;font-size:12pt;color:#000000;\">tak<\/span><\/td>\n<\/tr>\n<tr>\n<td style=\"height:25px;\" valign=\"middle\" align=\"center\">\n<p><span style=\"font-size:12pt;color:#000000;\"><span style=\"font-family:verdana, geneva;\">przystosowane do p\u00f3\u017aniejszego monta\u017cu urz\u0105dze\u0144 pomocniczych<\/span><\/span><\/p>\n<\/td>\n<td style=\"background-color:#ffffff;\" valign=\"middle\" align=\"center\"><span style=\"font-family:verdana, geneva;font-size:12pt;color:#000000;\">tak<\/span><\/td>\n<\/tr>\n<tr>\n<td style=\"height:25px;\" valign=\"middle\" align=\"center\">\n<p><span style=\"font-size:12pt;color:#000000;\"><span style=\"font-family:verdana, geneva;\"><span style=\"font-size:12pt;\"><span style=\"font-family:verdana, geneva;\">ochrona obwod\u00f3w przed przeci\u0105\u017ceniem<\/span><\/span><\/span><\/span><\/p>\n<\/td>\n<td style=\"background-color:#ffffff;\" valign=\"middle\" align=\"center\"><span style=\"font-family:verdana, geneva;font-size:12pt;color:#000000;\">tak<\/span><\/td>\n<\/tr>\n<tr>\n<td style=\"height:25px;\" valign=\"middle\" align=\"center\">\n<p><span style=\"font-size:12pt;color:#000000;\"><span style=\"font-family:verdana, geneva;\"><span style=\"font-size:12pt;\"><span style=\"font-family:verdana, geneva;\">ochrona obwod\u00f3w przed zwarciem<\/span><\/span> <br \/><\/span><\/span><\/p>\n<\/td>\n<td style=\"background-color:#ffffff;\" valign=\"middle\" align=\"center\"><span style=\"font-family:verdana, geneva;font-size:12pt;color:#000000;\">tak<\/span><\/td>\n<\/tr>\n<tr>\n<td style=\"height:25px;\" valign=\"middle\" align=\"center\">\n<p><span style=\"font-size:12pt;color:#000000;\"><span style=\"font-family:verdana, geneva;\"><span style=\"font-size:12pt;\"><span style=\"font-family:verdana, geneva;\">po roz\u0142\u0105czeniu separacja w <span class=\"middle\">obwodzie<\/span><\/span><\/span> <br \/><\/span><\/span><\/p>\n<\/td>\n<td style=\"background-color:#ffffff;\" valign=\"middle\" align=\"center\"><span style=\"font-family:verdana, geneva;font-size:12pt;color:#000000;\">tak<\/span><\/td>\n<\/tr>\n<tr>\n<td style=\"height:25px;\" valign=\"middle\" align=\"center\">\n<p><span style=\"font-size:12pt;color:#000000;\"><span style=\"font-family:verdana, geneva;\">certyfikaty i normy<\/span><\/span><\/p>\n<\/td>\n<td style=\"background-color:#ffffff;\" valign=\"middle\" align=\"center\"><span style=\"font-family:verdana, geneva;font-size:12pt;color:#000000;\">CE, IEC60898<\/span><\/td>\n<\/tr>\n<tr>\n<td style=\"height:25px;\" valign=\"middle\" align=\"center\">\n<p><span style=\"font-size:12pt;color:#000000;\"><span style=\"font-family:verdana, geneva;\">marka<\/span><\/span><\/p>\n<\/td>\n<td style=\"background-color:#ffffff;\" valign=\"middle\" align=\"center\"><span style=\"font-family:verdana, geneva;color:#000000;\"><span style=\"font-size:16px;\">Doktorvolt<\/span><\/span><\/td>\n<\/tr>\n<tr>\n<td style=\"height:25px;\" valign=\"middle\" align=\"center\">\n<p><span style=\"font-size:12pt;color:#000000;\"><span style=\"font-family:verdana, geneva;\"><span style=\"font-size:12pt;\"><span style=\"font-family:verdana, geneva;\">kod producenta<br \/><\/span><\/span><\/span><\/span><\/p>\n<\/td>\n<td style=\"background-color:#ffffff;\" valign=\"middle\" align=\"center\"><span style=\"font-family:verdana, geneva;font-size:12pt;color:#000000;\">DV-5521<\/span><\/td>\n<\/tr>\n<\/tbody>\n<\/table>\n","protected":false},"excerpt":{"rendered":"","protected":false},"featured_media":100696,"template":"","meta":[],"product_brand":[],"product_cat":[5090],"product_tag":[],"class_list":{"0":"post-111110","1":"product","2":"type-product","3":"status-publish","4":"has-post-thumbnail","6":"product_cat-miniature-circuit-breakers-6ka","7":"pa_charakterystyka-pracy-b","8":"pa_liczba-biegunow-1p","9":"pa_prad-znamionowy-10a","11":"first","12":"instock","13":"shipping-taxable","14":"product-type-external"},"yoast_head":"<!-- This site is optimized with the Yoast SEO plugin v27.0 - https:\/\/yoast.com\/product\/yoast-seo-wordpress\/ -->\n<title>Wy\u0142\u0105cznik nadpr\u0105dowy 1P B10A 6kA bezpiecznik Doktovolt 5521 - DOKTORVOLT\u00ae<\/title>\n<meta name=\"robots\" content=\"index, follow, max-snippet:-1, max-image-preview:large, max-video-preview:-1\" \/>\n<link rel=\"canonical\" href=\"https:\/\/doktorvolt.pl\/en\/oferta-doktorvolt\/modular-apparatus\/overcurrent-circuit-breakers\/miniature-circuit-breakers-6ka\/wylacznik-nadpradowy-1p-b10a-6ka-bezpiecznik-doktovolt-5521\/\" \/>\n<meta property=\"og:locale\" content=\"en_US\" \/>\n<meta property=\"og:type\" content=\"article\" \/>\n<meta property=\"og:title\" content=\"Wy\u0142\u0105cznik nadpr\u0105dowy 1P B10A 6kA bezpiecznik Doktovolt 5521 - DOKTORVOLT\u00ae\" \/>\n<meta property=\"og:url\" content=\"https:\/\/doktorvolt.pl\/en\/oferta-doktorvolt\/modular-apparatus\/overcurrent-circuit-breakers\/miniature-circuit-breakers-6ka\/wylacznik-nadpradowy-1p-b10a-6ka-bezpiecznik-doktovolt-5521\/\" \/>\n<meta property=\"og:site_name\" content=\"DOKTORVOLT\u00ae\" \/>\n<meta property=\"og:image\" content=\"https:\/\/doktorvolt.pl\/wp-content\/uploads\/2026\/02\/pol_pl_15211-15211_1.jpg\" \/>\n\t<meta property=\"og:image:width\" content=\"1000\" \/>\n\t<meta property=\"og:image:height\" content=\"1000\" \/>\n\t<meta property=\"og:image:type\" content=\"image\/jpeg\" \/>\n<meta name=\"twitter:card\" content=\"summary_large_image\" \/>\n<meta name=\"twitter:label1\" content=\"Est. reading time\" \/>\n\t<meta name=\"twitter:data1\" content=\"2 minutes\" \/>\n<script type=\"application\/ld+json\" class=\"yoast-schema-graph\">{\"@context\":\"https:\/\/schema.org\",\"@graph\":[{\"@type\":\"WebPage\",\"@id\":\"https:\/\/doktorvolt.pl\/en\/oferta-doktorvolt\/modular-apparatus\/overcurrent-circuit-breakers\/miniature-circuit-breakers-6ka\/wylacznik-nadpradowy-1p-b10a-6ka-bezpiecznik-doktovolt-5521\/\",\"url\":\"https:\/\/doktorvolt.pl\/en\/oferta-doktorvolt\/modular-apparatus\/overcurrent-circuit-breakers\/miniature-circuit-breakers-6ka\/wylacznik-nadpradowy-1p-b10a-6ka-bezpiecznik-doktovolt-5521\/\",\"name\":\"Wy\u0142\u0105cznik nadpr\u0105dowy 1P B10A 6kA bezpiecznik Doktovolt 5521 - DOKTORVOLT\u00ae\",\"isPartOf\":{\"@id\":\"https:\/\/doktorvolt.pl\/de\/#website\"},\"primaryImageOfPage\":{\"@id\":\"https:\/\/doktorvolt.pl\/en\/oferta-doktorvolt\/modular-apparatus\/overcurrent-circuit-breakers\/miniature-circuit-breakers-6ka\/wylacznik-nadpradowy-1p-b10a-6ka-bezpiecznik-doktovolt-5521\/#primaryimage\"},\"image\":{\"@id\":\"https:\/\/doktorvolt.pl\/en\/oferta-doktorvolt\/modular-apparatus\/overcurrent-circuit-breakers\/miniature-circuit-breakers-6ka\/wylacznik-nadpradowy-1p-b10a-6ka-bezpiecznik-doktovolt-5521\/#primaryimage\"},\"thumbnailUrl\":\"https:\/\/doktorvolt.pl\/wp-content\/uploads\/2026\/02\/pol_pl_15211-15211_1.jpg\",\"datePublished\":\"2026-02-23T13:10:30+00:00\",\"breadcrumb\":{\"@id\":\"https:\/\/doktorvolt.pl\/en\/oferta-doktorvolt\/modular-apparatus\/overcurrent-circuit-breakers\/miniature-circuit-breakers-6ka\/wylacznik-nadpradowy-1p-b10a-6ka-bezpiecznik-doktovolt-5521\/#breadcrumb\"},\"inLanguage\":\"en-US\",\"potentialAction\":[{\"@type\":\"ReadAction\",\"target\":[\"https:\/\/doktorvolt.pl\/en\/oferta-doktorvolt\/modular-apparatus\/overcurrent-circuit-breakers\/miniature-circuit-breakers-6ka\/wylacznik-nadpradowy-1p-b10a-6ka-bezpiecznik-doktovolt-5521\/\"]}]},{\"@type\":\"ImageObject\",\"inLanguage\":\"en-US\",\"@id\":\"https:\/\/doktorvolt.pl\/en\/oferta-doktorvolt\/modular-apparatus\/overcurrent-circuit-breakers\/miniature-circuit-breakers-6ka\/wylacznik-nadpradowy-1p-b10a-6ka-bezpiecznik-doktovolt-5521\/#primaryimage\",\"url\":\"https:\/\/doktorvolt.pl\/wp-content\/uploads\/2026\/02\/pol_pl_15211-15211_1.jpg\",\"contentUrl\":\"https:\/\/doktorvolt.pl\/wp-content\/uploads\/2026\/02\/pol_pl_15211-15211_1.jpg\",\"width\":1000,\"height\":1000},{\"@type\":\"BreadcrumbList\",\"@id\":\"https:\/\/doktorvolt.pl\/en\/oferta-doktorvolt\/modular-apparatus\/overcurrent-circuit-breakers\/miniature-circuit-breakers-6ka\/wylacznik-nadpradowy-1p-b10a-6ka-bezpiecznik-doktovolt-5521\/#breadcrumb\",\"itemListElement\":[{\"@type\":\"ListItem\",\"position\":1,\"name\":\"Strona g\u0142\u00f3wna\",\"item\":\"https:\/\/doktorvolt.pl\/en\/\"},{\"@type\":\"ListItem\",\"position\":2,\"name\":\"Offer Doktorvolt\",\"item\":\"https:\/\/doktorvolt.pl\/en\/offer-doktorvolt\/\"},{\"@type\":\"ListItem\",\"position\":3,\"name\":\"Wy\u0142\u0105cznik nadpr\u0105dowy 1P B10A 6kA bezpiecznik Doktovolt 5521\"}]},{\"@type\":\"WebSite\",\"@id\":\"https:\/\/doktorvolt.pl\/de\/#website\",\"url\":\"https:\/\/doktorvolt.pl\/de\/\",\"name\":\"DOKTORVOLT\u00ae\",\"description\":\"Producent rozdzielnic budowlanych\",\"publisher\":{\"@id\":\"https:\/\/doktorvolt.pl\/de\/#organization\"},\"potentialAction\":[{\"@type\":\"SearchAction\",\"target\":{\"@type\":\"EntryPoint\",\"urlTemplate\":\"https:\/\/doktorvolt.pl\/de\/?s={search_term_string}\"},\"query-input\":{\"@type\":\"PropertyValueSpecification\",\"valueRequired\":true,\"valueName\":\"search_term_string\"}}],\"inLanguage\":\"en-US\"},{\"@type\":\"Organization\",\"@id\":\"https:\/\/doktorvolt.pl\/de\/#organization\",\"name\":\"DOKTORVOLT\u00ae\",\"url\":\"https:\/\/doktorvolt.pl\/de\/\",\"logo\":{\"@type\":\"ImageObject\",\"inLanguage\":\"en-US\",\"@id\":\"https:\/\/doktorvolt.pl\/de\/#\/schema\/logo\/image\/\",\"url\":\"https:\/\/doktorvolt.pl\/wp-content\/uploads\/2023\/10\/DoktorVOLT-black-png.png\",\"contentUrl\":\"https:\/\/doktorvolt.pl\/wp-content\/uploads\/2023\/10\/DoktorVOLT-black-png.png\",\"width\":729,\"height\":40,\"caption\":\"DOKTORVOLT\u00ae\"},\"image\":{\"@id\":\"https:\/\/doktorvolt.pl\/de\/#\/schema\/logo\/image\/\"}}]}<\/script>\n<!-- \/ Yoast SEO plugin. -->","yoast_head_json":{"title":"Wy\u0142\u0105cznik nadpr\u0105dowy 1P B10A 6kA bezpiecznik Doktovolt 5521 - DOKTORVOLT\u00ae","robots":{"index":"index","follow":"follow","max-snippet":"max-snippet:-1","max-image-preview":"max-image-preview:large","max-video-preview":"max-video-preview:-1"},"canonical":"https:\/\/doktorvolt.pl\/en\/oferta-doktorvolt\/modular-apparatus\/overcurrent-circuit-breakers\/miniature-circuit-breakers-6ka\/wylacznik-nadpradowy-1p-b10a-6ka-bezpiecznik-doktovolt-5521\/","og_locale":"en_US","og_type":"article","og_title":"Wy\u0142\u0105cznik nadpr\u0105dowy 1P B10A 6kA bezpiecznik Doktovolt 5521 - DOKTORVOLT\u00ae","og_url":"https:\/\/doktorvolt.pl\/en\/oferta-doktorvolt\/modular-apparatus\/overcurrent-circuit-breakers\/miniature-circuit-breakers-6ka\/wylacznik-nadpradowy-1p-b10a-6ka-bezpiecznik-doktovolt-5521\/","og_site_name":"DOKTORVOLT\u00ae","og_image":[{"width":1000,"height":1000,"url":"https:\/\/doktorvolt.pl\/wp-content\/uploads\/2026\/02\/pol_pl_15211-15211_1.jpg","type":"image\/jpeg"}],"twitter_card":"summary_large_image","twitter_misc":{"Est. reading time":"2 minutes"},"schema":{"@context":"https:\/\/schema.org","@graph":[{"@type":"WebPage","@id":"https:\/\/doktorvolt.pl\/en\/oferta-doktorvolt\/modular-apparatus\/overcurrent-circuit-breakers\/miniature-circuit-breakers-6ka\/wylacznik-nadpradowy-1p-b10a-6ka-bezpiecznik-doktovolt-5521\/","url":"https:\/\/doktorvolt.pl\/en\/oferta-doktorvolt\/modular-apparatus\/overcurrent-circuit-breakers\/miniature-circuit-breakers-6ka\/wylacznik-nadpradowy-1p-b10a-6ka-bezpiecznik-doktovolt-5521\/","name":"Wy\u0142\u0105cznik nadpr\u0105dowy 1P B10A 6kA bezpiecznik Doktovolt 5521 - DOKTORVOLT\u00ae","isPartOf":{"@id":"https:\/\/doktorvolt.pl\/de\/#website"},"primaryImageOfPage":{"@id":"https:\/\/doktorvolt.pl\/en\/oferta-doktorvolt\/modular-apparatus\/overcurrent-circuit-breakers\/miniature-circuit-breakers-6ka\/wylacznik-nadpradowy-1p-b10a-6ka-bezpiecznik-doktovolt-5521\/#primaryimage"},"image":{"@id":"https:\/\/doktorvolt.pl\/en\/oferta-doktorvolt\/modular-apparatus\/overcurrent-circuit-breakers\/miniature-circuit-breakers-6ka\/wylacznik-nadpradowy-1p-b10a-6ka-bezpiecznik-doktovolt-5521\/#primaryimage"},"thumbnailUrl":"https:\/\/doktorvolt.pl\/wp-content\/uploads\/2026\/02\/pol_pl_15211-15211_1.jpg","datePublished":"2026-02-23T13:10:30+00:00","breadcrumb":{"@id":"https:\/\/doktorvolt.pl\/en\/oferta-doktorvolt\/modular-apparatus\/overcurrent-circuit-breakers\/miniature-circuit-breakers-6ka\/wylacznik-nadpradowy-1p-b10a-6ka-bezpiecznik-doktovolt-5521\/#breadcrumb"},"inLanguage":"en-US","potentialAction":[{"@type":"ReadAction","target":["https:\/\/doktorvolt.pl\/en\/oferta-doktorvolt\/modular-apparatus\/overcurrent-circuit-breakers\/miniature-circuit-breakers-6ka\/wylacznik-nadpradowy-1p-b10a-6ka-bezpiecznik-doktovolt-5521\/"]}]},{"@type":"ImageObject","inLanguage":"en-US","@id":"https:\/\/doktorvolt.pl\/en\/oferta-doktorvolt\/modular-apparatus\/overcurrent-circuit-breakers\/miniature-circuit-breakers-6ka\/wylacznik-nadpradowy-1p-b10a-6ka-bezpiecznik-doktovolt-5521\/#primaryimage","url":"https:\/\/doktorvolt.pl\/wp-content\/uploads\/2026\/02\/pol_pl_15211-15211_1.jpg","contentUrl":"https:\/\/doktorvolt.pl\/wp-content\/uploads\/2026\/02\/pol_pl_15211-15211_1.jpg","width":1000,"height":1000},{"@type":"BreadcrumbList","@id":"https:\/\/doktorvolt.pl\/en\/oferta-doktorvolt\/modular-apparatus\/overcurrent-circuit-breakers\/miniature-circuit-breakers-6ka\/wylacznik-nadpradowy-1p-b10a-6ka-bezpiecznik-doktovolt-5521\/#breadcrumb","itemListElement":[{"@type":"ListItem","position":1,"name":"Strona g\u0142\u00f3wna","item":"https:\/\/doktorvolt.pl\/en\/"},{"@type":"ListItem","position":2,"name":"Offer Doktorvolt","item":"https:\/\/doktorvolt.pl\/en\/offer-doktorvolt\/"},{"@type":"ListItem","position":3,"name":"Wy\u0142\u0105cznik nadpr\u0105dowy 1P B10A 6kA bezpiecznik Doktovolt 5521"}]},{"@type":"WebSite","@id":"https:\/\/doktorvolt.pl\/de\/#website","url":"https:\/\/doktorvolt.pl\/de\/","name":"DOKTORVOLT\u00ae","description":"Producent rozdzielnic budowlanych","publisher":{"@id":"https:\/\/doktorvolt.pl\/de\/#organization"},"potentialAction":[{"@type":"SearchAction","target":{"@type":"EntryPoint","urlTemplate":"https:\/\/doktorvolt.pl\/de\/?s={search_term_string}"},"query-input":{"@type":"PropertyValueSpecification","valueRequired":true,"valueName":"search_term_string"}}],"inLanguage":"en-US"},{"@type":"Organization","@id":"https:\/\/doktorvolt.pl\/de\/#organization","name":"DOKTORVOLT\u00ae","url":"https:\/\/doktorvolt.pl\/de\/","logo":{"@type":"ImageObject","inLanguage":"en-US","@id":"https:\/\/doktorvolt.pl\/de\/#\/schema\/logo\/image\/","url":"https:\/\/doktorvolt.pl\/wp-content\/uploads\/2023\/10\/DoktorVOLT-black-png.png","contentUrl":"https:\/\/doktorvolt.pl\/wp-content\/uploads\/2023\/10\/DoktorVOLT-black-png.png","width":729,"height":40,"caption":"DOKTORVOLT\u00ae"},"image":{"@id":"https:\/\/doktorvolt.pl\/de\/#\/schema\/logo\/image\/"}}]}},"_links":{"self":[{"href":"https:\/\/doktorvolt.pl\/en\/wp-json\/wp\/v2\/product\/111110","targetHints":{"allow":["GET"]}}],"collection":[{"href":"https:\/\/doktorvolt.pl\/en\/wp-json\/wp\/v2\/product"}],"about":[{"href":"https:\/\/doktorvolt.pl\/en\/wp-json\/wp\/v2\/types\/product"}],"wp:featuredmedia":[{"embeddable":true,"href":"https:\/\/doktorvolt.pl\/en\/wp-json\/wp\/v2\/media\/100696"}],"wp:attachment":[{"href":"https:\/\/doktorvolt.pl\/en\/wp-json\/wp\/v2\/media?parent=111110"}],"wp:term":[{"taxonomy":"product_brand","embeddable":true,"href":"https:\/\/doktorvolt.pl\/en\/wp-json\/wp\/v2\/product_brand?post=111110"},{"taxonomy":"product_cat","embeddable":true,"href":"https:\/\/doktorvolt.pl\/en\/wp-json\/wp\/v2\/product_cat?post=111110"},{"taxonomy":"product_tag","embeddable":true,"href":"https:\/\/doktorvolt.pl\/en\/wp-json\/wp\/v2\/product_tag?post=111110"}],"curies":[{"name":"wp","href":"https:\/\/api.w.org\/{rel}","templated":true}]}}