{"id":111145,"date":"2026-02-23T15:05:38","date_gmt":"2026-02-23T13:05:38","guid":{"rendered":"https:\/\/doktorvolt.pl\/sklep\/uncategorized\/rozdzielnica-budowlana-dv-s-fi-32a-16a-2x230v-ip54-schuko-doktorvolt-1776\/"},"modified":"2026-02-23T15:05:38","modified_gmt":"2026-02-23T13:05:38","slug":"rozdzielnica-budowlana-dv-s-fi-32a-16a-2x230v-ip54-schuko-doktorvolt-1776","status":"publish","type":"product","link":"https:\/\/doktorvolt.pl\/en\/oferta-doktorvolt\/distribution-boxes\/dv-series\/rozdzielnica-budowlana-dv-s-fi-32a-16a-2x230v-ip54-schuko-doktorvolt-1776\/","title":{"rendered":"Rozdzielnica budowlana DV-S\/FI 32A 16A 2x230V IP54 Schuko Doktorvolt\u00ae 1776"},"content":{"rendered":"<p><!-- aukcja by D\u017cesa --><\/p>\n<h1 style=\"text-align:center;\"><span style=\"color:#000000;\">Rozdzielnica budowlana DV-S\/FI 32A 16A 2x230V IP54, Doktorvolt\u00ae <\/span><\/h1>\n<h1 style=\"text-align:center;\"><span style=\"color:#000000;\"><span style=\"color:#d0121a;\">Niemiecki system gniazd Schuko<\/span> <\/span><\/h1>\n<\/p>\n<p style=\"font-family:verdana, geneva;font-size:12pt;text-align:center;\"><span style=\"color:#000000;\">&#x2b50;&#x2b50;&#x2b50;&#x2b50;&#x2b50;<\/span><\/p>\n<\/p>\n<p style=\"font-size:13pt;text-align:left;\"><span style=\"color:#000000;\"><strong>&#x27a1;&#xfe0f; Rozdzielnica elektryczna DV-S\/FI 32A 16A 2x230V Doktorvolt\u00ae, zalety:<\/strong> <\/span><\/p>\n<p style=\"font-size:13pt;text-align:left;\"><span style=\"color:#000000;\">&#x2714;&#xfe0f; Kompaktowa i zwarta obudowa wykonana z najlepszej jako\u015bci materia\u0142\u00f3w,<\/span><\/p>\n<p style=\"font-size:13pt;text-align:left;\"><span style=\"color:#000000;\">&#x2714;&#xfe0f; wyposa\u017cona w dwa gniazda 2x 230 V 16 A oraz gniazda si\u0142owe 1x 32A i 1x 16A, <\/span><\/p>\n<p style=\"font-size:13pt;text-align:left;\"><span style=\"color:#000000;\">&#x2714;&#xfe0f; okablowanie i gniazda pochodz\u0105ce od renomowanych producent\u00f3w osprz\u0119tu elektrycznego,<\/span><\/p>\n<p style=\"font-size:13pt;text-align:left;\"><span style=\"color:#000000;\"> &#x2714;&#xfe0f; klasa szczelno\u015bci erbetki IP 54,<\/span><\/p>\n<p style=\"font-size:13pt;text-align:left;\"><span style=\"color:#000000;\"> &#x2714;&#xfe0f; gotowa do pod\u0142\u0105czenia,<\/span><\/p>\n<p style=\"font-size:13pt;text-align:left;\"><span style=\"color:#000000;\"> &#x2714;&#xfe0f; ochrona przed dotykiem po\u015brednim,<\/span><\/p>\n<p style=\"font-size:13pt;text-align:left;\"><span style=\"color:#000000;\">&#x2714;&#xfe0f; zabezpieczenie nadpr\u0105dowe gniazd.<br \/><\/span><\/p>\n<\/p>\n<p style=\"font-size:13pt;text-align:left;\"><span style=\"color:#000000;\"><strong>&#x27a1;&#xfe0f; Rozdzielnica elektryczna DV-S\/FI 32A 16A 2x230V Doktorvolt\u00ae, zastosowanie:<\/strong><\/span><\/p>\n<p style=\"font-size:13pt;text-align:left;\"><span style=\"color:#000000;\">&#x2714;&#xfe0f; Na placach i obszarach bud\u00f3w oraz podczas prac drogowych,<br \/><\/span><\/p>\n<p style=\"font-size:13pt;text-align:left;\"><span style=\"color:#000000;\">&#x2714;&#xfe0f; do zak\u0142ad\u00f3w przemys\u0142owych,<br \/><\/span><\/p>\n<p style=\"font-size:13pt;text-align:left;\"><span style=\"color:#000000;\">&#x2714;&#xfe0f; w warsztatach i gara\u017cach, w kt\u00f3rych konieczne jest pod\u0142\u0105czenie urz\u0105dze\u0144 do gniazda si\u0142owego,<br \/><\/span><\/p>\n<p style=\"font-size:13pt;text-align:left;\"><span style=\"color:#000000;\">&#x2714;&#xfe0f; podczas samodzielnej budowy domu,<br \/><\/span><\/p>\n<p style=\"font-size:13pt;text-align:left;\"><span style=\"color:#000000;\">&#x2714;&#xfe0f; do zasilania w energi\u0119 elektryczn\u0105 teren\u00f3w zielonych i imprez masowych na \u015bwie\u017cym powietrzu.<\/span><\/p>\n<\/p>\n<p><center><\/p>\n<p><span style=\"color:#000000;\"><iframe width=\"660\" height=\"415\" src=\"https:\/\/www.youtube.com\/embed\/OGZNz2HYkaQ\" frameborder=\"0\"><\/iframe><\/span><\/p>\n<p><\/center><\/p>\n<p style=\"font-size:13pt;text-align:left;\"><span style=\"color:#000000;\"><strong>&#x27a1;&#xfe0f; Prezentowana rozdzielnica budowlana wyposa\u017cona zosta\u0142a w:<\/strong><\/span><\/p>\n<p style=\"text-align:justify;\"><span style=\"font-family:verdana, geneva;font-size:12pt;color:#000000;\">&#x2714;&#xfe0f; dwa gniazd 2x 230V 16A o klasie szczelno\u015bci IP 54,<\/span><\/p>\n<p style=\"text-align:justify;\"><span style=\"font-family:verdana, geneva;font-size:12pt;color:#000000;\"><span>&#x2714;&#xfe0f; wy\u0142\u0105cznik r\u00f3\u017cnicowopr\u0105dowy 40A 4P 30mA,<\/span><\/span><\/p>\n<p style=\"text-align:justify;\"><span style=\"font-family:verdana, geneva;font-size:12pt;color:#000000;\">&#x2714;&#xfe0f; zabezpieczenie nadpr\u0105dowe gniazd 230 V, 1x C16A 1P 10kA,<\/span><\/p>\n<p style=\"text-align:justify;\"><span style=\"font-family:verdana, geneva;font-size:12pt;color:#000000;\">&#x2714;&#xfe0f; zabezpieczenie nadpr\u0105dowe gniazd si\u0142owych, 1x C16A 3P 10kA, 1x C32A 3P 10kA,<\/span><\/p>\n<p style=\"text-align:justify;\"><span style=\"font-family:verdana, geneva;font-size:12pt;color:#000000;\">&#x2714;&#xfe0f; okablowanie. <\/span><\/p>\n<\/p>\n<p style=\"font-size:13pt;text-align:left;\"><span style=\"color:#000000;\"><strong>&#x27a1;&#xfe0f; Firma Doktorvolt\u00ae w procesie produkcji rozdzielnic wdro\u017cy\u0142a system zarz\u0105dzania certyfikowany przez T\u00dcV S\u00dcD:<\/strong> <\/span><\/p>\n<p style=\"text-align:justify;\"><span style=\"font-family:verdana, geneva;font-size:12pt;color:#000000;\"><span>&#x2714;&#xfe0f; gwarancja wysokiej jako\u015bci,<\/span><\/span><\/p>\n<p style=\"text-align:justify;\"><span style=\"font-family:verdana, geneva;font-size:12pt;color:#000000;\"><span>&#x2714;&#xfe0f; transparentny przep\u0142yw informacji,<\/span><\/span><\/p>\n<p style=\"text-align:justify;\"><span style=\"font-family:verdana, geneva;font-size:12pt;color:#000000;\"><span>&#x2714;&#xfe0f; gwarancja w zakresie bezpiecze\u0144stwa,<\/span><\/span><\/p>\n<p style=\"text-align:justify;\"><span style=\"font-family:verdana, geneva;font-size:12pt;color:#000000;\"><span>&#x2714;&#xfe0f; zapewniona dobra obs\u0142uga klienta.<\/span><\/span><\/p>\n<p style=\"text-align:center;\"><img decoding=\"async\" src=\"\/data\/include\/cms\/description\/img\/cms\/certyfikat%20TUV.png\" alt=\"\" width=\"306\" height=\"152\" \/><\/p>\n<\/p>\n<h2>Specyfikacja Techniczna:<\/h2>\n<ul style=\"font-size: 13pt; font-family:\">\n<li><strong>Producent gniazd:<\/strong> Doktorvolt\u00ae<\/li>\n<li><strong>Gniazda si\u0142owe:<\/strong><\/li>\n<ul>\n<li>1 x Gniazdo tablicowe sko\u015bne 32A 5P IP54 Doktorvolt<\/li>\n<li>1 x Gniazdo tablicowe sko\u015bne 16A 5P IP54 Doktorvolt<\/li>\n<\/ul>\n<li><strong>Zabezpieczone wy\u0142\u0105cznikami nadpr\u0105dowymi SEZ:<\/strong><\/li>\n<ul>\n<li>1 x C16A 10kA 3P 0099249 SEZ VDE<\/li>\n<li>1 x C32A 10kA 3P 0099252 SEZ VDE<\/li>\n<\/ul>\n<li><strong>Liczba gniazd 230V 16A:<\/strong><\/li>\n<ul>\n<li>2 x gniazdo tablicowe 230V 16A IP54 system Schuko Doktorvolt (system niemiecki Typ F)<\/li>\n<\/ul>\n<li><strong>Zabezpieczone wy\u0142\u0105cznikiem nadpr\u0105dowym:<\/strong><\/li>\n<ul>\n<li>1 x C16A 10kA 1P 0099209 SEZ VDE<\/li>\n<\/ul>\n<li><strong>Ochrona przed dotykiem po\u015brednim:<\/strong><\/li>\n<ul>\n<li>Wy\u0142\u0105cznik r\u00f3\u017cnicowo-pr\u0105dowy SEZ 40A 30mA 4P Typ A 0090684 SEZ<\/li>\n<\/ul>\n<li><strong>Szyna \u0142\u0105czeniowa:<\/strong> 3-fazowa 10 modu\u0142owa 12mm\u00b2<\/li>\n<li><strong>Napi\u0119cie znamionowe:<\/strong> 230\/400V AC 50Hz<\/li>\n<li><strong>Pr\u0105d znamionowy:<\/strong> 40A<\/li>\n<li><strong>Klasa szczelno\u015bci:<\/strong> IP54<\/li>\n<li><strong>Icc:<\/strong> \u2264 10kA<\/li>\n<li><strong>RDF:<\/strong> 0,8<\/li>\n<li><strong>Wymiary obudowy:<\/strong> 365x260x125mm<\/li>\n<li><strong>Normy i aprobaty:<\/strong> IEC 61439-3<\/li>\n<li><strong>Producent:<\/strong> Doktorvolt<\/li>\n<li><strong>Oznaczenie producenta:<\/strong> DV-1776-D<\/li>\n<li><strong>EAN:<\/strong> 5907589331776<\/li>\n<\/ul>\n","protected":false},"excerpt":{"rendered":"","protected":false},"featured_media":100237,"template":"","meta":[],"product_brand":[],"product_cat":[5204],"product_tag":[],"class_list":{"0":"post-111145","1":"product","2":"type-product","3":"status-publish","4":"has-post-thumbnail","6":"product_cat-dv-series","7":"pa_cee-liczba-biegunow-modulow-5p","8":"pa_material-obudowy-plastic","9":"pa_napiecie-cee-400v","10":"pa_natezenie-pradu-cee-16a","11":"pa_typ-gniazd-typ-f-schuko","12":"pa_zabezpieczenie-wylacznik-nadpradowy-wylacznik-roznicowopradowy","14":"first","15":"instock","16":"shipping-taxable","17":"product-type-external"},"yoast_head":"<!-- This site is optimized with the Yoast SEO plugin v27.0 - https:\/\/yoast.com\/product\/yoast-seo-wordpress\/ -->\n<title>Rozdzielnica budowlana DV-S\/FI 32A 16A 2x230V IP54 Schuko Doktorvolt\u00ae 1776 - DOKTORVOLT\u00ae<\/title>\n<meta name=\"robots\" content=\"index, follow, max-snippet:-1, max-image-preview:large, max-video-preview:-1\" \/>\n<link rel=\"canonical\" href=\"https:\/\/doktorvolt.pl\/en\/oferta-doktorvolt\/distribution-boxes\/dv-series\/rozdzielnica-budowlana-dv-s-fi-32a-16a-2x230v-ip54-schuko-doktorvolt-1776\/\" \/>\n<meta property=\"og:locale\" content=\"en_US\" \/>\n<meta property=\"og:type\" content=\"article\" \/>\n<meta property=\"og:title\" content=\"Rozdzielnica budowlana DV-S\/FI 32A 16A 2x230V IP54 Schuko Doktorvolt\u00ae 1776 - DOKTORVOLT\u00ae\" \/>\n<meta property=\"og:url\" content=\"https:\/\/doktorvolt.pl\/en\/oferta-doktorvolt\/distribution-boxes\/dv-series\/rozdzielnica-budowlana-dv-s-fi-32a-16a-2x230v-ip54-schuko-doktorvolt-1776\/\" \/>\n<meta property=\"og:site_name\" content=\"DOKTORVOLT\u00ae\" \/>\n<meta property=\"og:image\" content=\"https:\/\/doktorvolt.pl\/wp-content\/uploads\/2026\/02\/pol_pl_12616-12616_1.jpg\" \/>\n\t<meta property=\"og:image:width\" content=\"1600\" \/>\n\t<meta property=\"og:image:height\" content=\"1600\" \/>\n\t<meta property=\"og:image:type\" content=\"image\/jpeg\" \/>\n<meta name=\"twitter:card\" content=\"summary_large_image\" \/>\n<meta name=\"twitter:label1\" content=\"Est. reading time\" \/>\n\t<meta name=\"twitter:data1\" content=\"2 minutes\" \/>\n<script type=\"application\/ld+json\" class=\"yoast-schema-graph\">{\"@context\":\"https:\/\/schema.org\",\"@graph\":[{\"@type\":\"WebPage\",\"@id\":\"https:\/\/doktorvolt.pl\/en\/oferta-doktorvolt\/distribution-boxes\/dv-series\/rozdzielnica-budowlana-dv-s-fi-32a-16a-2x230v-ip54-schuko-doktorvolt-1776\/\",\"url\":\"https:\/\/doktorvolt.pl\/en\/oferta-doktorvolt\/distribution-boxes\/dv-series\/rozdzielnica-budowlana-dv-s-fi-32a-16a-2x230v-ip54-schuko-doktorvolt-1776\/\",\"name\":\"Rozdzielnica budowlana DV-S\/FI 32A 16A 2x230V IP54 Schuko Doktorvolt\u00ae 1776 - DOKTORVOLT\u00ae\",\"isPartOf\":{\"@id\":\"https:\/\/doktorvolt.pl\/de\/#website\"},\"primaryImageOfPage\":{\"@id\":\"https:\/\/doktorvolt.pl\/en\/oferta-doktorvolt\/distribution-boxes\/dv-series\/rozdzielnica-budowlana-dv-s-fi-32a-16a-2x230v-ip54-schuko-doktorvolt-1776\/#primaryimage\"},\"image\":{\"@id\":\"https:\/\/doktorvolt.pl\/en\/oferta-doktorvolt\/distribution-boxes\/dv-series\/rozdzielnica-budowlana-dv-s-fi-32a-16a-2x230v-ip54-schuko-doktorvolt-1776\/#primaryimage\"},\"thumbnailUrl\":\"https:\/\/doktorvolt.pl\/wp-content\/uploads\/2026\/02\/pol_pl_12616-12616_1.jpg\",\"datePublished\":\"2026-02-23T13:05:38+00:00\",\"breadcrumb\":{\"@id\":\"https:\/\/doktorvolt.pl\/en\/oferta-doktorvolt\/distribution-boxes\/dv-series\/rozdzielnica-budowlana-dv-s-fi-32a-16a-2x230v-ip54-schuko-doktorvolt-1776\/#breadcrumb\"},\"inLanguage\":\"en-US\",\"potentialAction\":[{\"@type\":\"ReadAction\",\"target\":[\"https:\/\/doktorvolt.pl\/en\/oferta-doktorvolt\/distribution-boxes\/dv-series\/rozdzielnica-budowlana-dv-s-fi-32a-16a-2x230v-ip54-schuko-doktorvolt-1776\/\"]}]},{\"@type\":\"ImageObject\",\"inLanguage\":\"en-US\",\"@id\":\"https:\/\/doktorvolt.pl\/en\/oferta-doktorvolt\/distribution-boxes\/dv-series\/rozdzielnica-budowlana-dv-s-fi-32a-16a-2x230v-ip54-schuko-doktorvolt-1776\/#primaryimage\",\"url\":\"https:\/\/doktorvolt.pl\/wp-content\/uploads\/2026\/02\/pol_pl_12616-12616_1.jpg\",\"contentUrl\":\"https:\/\/doktorvolt.pl\/wp-content\/uploads\/2026\/02\/pol_pl_12616-12616_1.jpg\",\"width\":1600,\"height\":1600},{\"@type\":\"BreadcrumbList\",\"@id\":\"https:\/\/doktorvolt.pl\/en\/oferta-doktorvolt\/distribution-boxes\/dv-series\/rozdzielnica-budowlana-dv-s-fi-32a-16a-2x230v-ip54-schuko-doktorvolt-1776\/#breadcrumb\",\"itemListElement\":[{\"@type\":\"ListItem\",\"position\":1,\"name\":\"Strona g\u0142\u00f3wna\",\"item\":\"https:\/\/doktorvolt.pl\/en\/\"},{\"@type\":\"ListItem\",\"position\":2,\"name\":\"Offer Doktorvolt\",\"item\":\"https:\/\/doktorvolt.pl\/en\/offer-doktorvolt\/\"},{\"@type\":\"ListItem\",\"position\":3,\"name\":\"Rozdzielnica budowlana DV-S\/FI 32A 16A 2x230V IP54 Schuko Doktorvolt\u00ae 1776\"}]},{\"@type\":\"WebSite\",\"@id\":\"https:\/\/doktorvolt.pl\/de\/#website\",\"url\":\"https:\/\/doktorvolt.pl\/de\/\",\"name\":\"DOKTORVOLT\u00ae\",\"description\":\"Producent rozdzielnic budowlanych\",\"publisher\":{\"@id\":\"https:\/\/doktorvolt.pl\/de\/#organization\"},\"potentialAction\":[{\"@type\":\"SearchAction\",\"target\":{\"@type\":\"EntryPoint\",\"urlTemplate\":\"https:\/\/doktorvolt.pl\/de\/?s={search_term_string}\"},\"query-input\":{\"@type\":\"PropertyValueSpecification\",\"valueRequired\":true,\"valueName\":\"search_term_string\"}}],\"inLanguage\":\"en-US\"},{\"@type\":\"Organization\",\"@id\":\"https:\/\/doktorvolt.pl\/de\/#organization\",\"name\":\"DOKTORVOLT\u00ae\",\"url\":\"https:\/\/doktorvolt.pl\/de\/\",\"logo\":{\"@type\":\"ImageObject\",\"inLanguage\":\"en-US\",\"@id\":\"https:\/\/doktorvolt.pl\/de\/#\/schema\/logo\/image\/\",\"url\":\"https:\/\/doktorvolt.pl\/wp-content\/uploads\/2023\/10\/DoktorVOLT-black-png.png\",\"contentUrl\":\"https:\/\/doktorvolt.pl\/wp-content\/uploads\/2023\/10\/DoktorVOLT-black-png.png\",\"width\":729,\"height\":40,\"caption\":\"DOKTORVOLT\u00ae\"},\"image\":{\"@id\":\"https:\/\/doktorvolt.pl\/de\/#\/schema\/logo\/image\/\"}}]}<\/script>\n<!-- \/ Yoast SEO plugin. -->","yoast_head_json":{"title":"Rozdzielnica budowlana DV-S\/FI 32A 16A 2x230V IP54 Schuko Doktorvolt\u00ae 1776 - DOKTORVOLT\u00ae","robots":{"index":"index","follow":"follow","max-snippet":"max-snippet:-1","max-image-preview":"max-image-preview:large","max-video-preview":"max-video-preview:-1"},"canonical":"https:\/\/doktorvolt.pl\/en\/oferta-doktorvolt\/distribution-boxes\/dv-series\/rozdzielnica-budowlana-dv-s-fi-32a-16a-2x230v-ip54-schuko-doktorvolt-1776\/","og_locale":"en_US","og_type":"article","og_title":"Rozdzielnica budowlana DV-S\/FI 32A 16A 2x230V IP54 Schuko Doktorvolt\u00ae 1776 - DOKTORVOLT\u00ae","og_url":"https:\/\/doktorvolt.pl\/en\/oferta-doktorvolt\/distribution-boxes\/dv-series\/rozdzielnica-budowlana-dv-s-fi-32a-16a-2x230v-ip54-schuko-doktorvolt-1776\/","og_site_name":"DOKTORVOLT\u00ae","og_image":[{"width":1600,"height":1600,"url":"https:\/\/doktorvolt.pl\/wp-content\/uploads\/2026\/02\/pol_pl_12616-12616_1.jpg","type":"image\/jpeg"}],"twitter_card":"summary_large_image","twitter_misc":{"Est. reading time":"2 minutes"},"schema":{"@context":"https:\/\/schema.org","@graph":[{"@type":"WebPage","@id":"https:\/\/doktorvolt.pl\/en\/oferta-doktorvolt\/distribution-boxes\/dv-series\/rozdzielnica-budowlana-dv-s-fi-32a-16a-2x230v-ip54-schuko-doktorvolt-1776\/","url":"https:\/\/doktorvolt.pl\/en\/oferta-doktorvolt\/distribution-boxes\/dv-series\/rozdzielnica-budowlana-dv-s-fi-32a-16a-2x230v-ip54-schuko-doktorvolt-1776\/","name":"Rozdzielnica budowlana DV-S\/FI 32A 16A 2x230V IP54 Schuko Doktorvolt\u00ae 1776 - DOKTORVOLT\u00ae","isPartOf":{"@id":"https:\/\/doktorvolt.pl\/de\/#website"},"primaryImageOfPage":{"@id":"https:\/\/doktorvolt.pl\/en\/oferta-doktorvolt\/distribution-boxes\/dv-series\/rozdzielnica-budowlana-dv-s-fi-32a-16a-2x230v-ip54-schuko-doktorvolt-1776\/#primaryimage"},"image":{"@id":"https:\/\/doktorvolt.pl\/en\/oferta-doktorvolt\/distribution-boxes\/dv-series\/rozdzielnica-budowlana-dv-s-fi-32a-16a-2x230v-ip54-schuko-doktorvolt-1776\/#primaryimage"},"thumbnailUrl":"https:\/\/doktorvolt.pl\/wp-content\/uploads\/2026\/02\/pol_pl_12616-12616_1.jpg","datePublished":"2026-02-23T13:05:38+00:00","breadcrumb":{"@id":"https:\/\/doktorvolt.pl\/en\/oferta-doktorvolt\/distribution-boxes\/dv-series\/rozdzielnica-budowlana-dv-s-fi-32a-16a-2x230v-ip54-schuko-doktorvolt-1776\/#breadcrumb"},"inLanguage":"en-US","potentialAction":[{"@type":"ReadAction","target":["https:\/\/doktorvolt.pl\/en\/oferta-doktorvolt\/distribution-boxes\/dv-series\/rozdzielnica-budowlana-dv-s-fi-32a-16a-2x230v-ip54-schuko-doktorvolt-1776\/"]}]},{"@type":"ImageObject","inLanguage":"en-US","@id":"https:\/\/doktorvolt.pl\/en\/oferta-doktorvolt\/distribution-boxes\/dv-series\/rozdzielnica-budowlana-dv-s-fi-32a-16a-2x230v-ip54-schuko-doktorvolt-1776\/#primaryimage","url":"https:\/\/doktorvolt.pl\/wp-content\/uploads\/2026\/02\/pol_pl_12616-12616_1.jpg","contentUrl":"https:\/\/doktorvolt.pl\/wp-content\/uploads\/2026\/02\/pol_pl_12616-12616_1.jpg","width":1600,"height":1600},{"@type":"BreadcrumbList","@id":"https:\/\/doktorvolt.pl\/en\/oferta-doktorvolt\/distribution-boxes\/dv-series\/rozdzielnica-budowlana-dv-s-fi-32a-16a-2x230v-ip54-schuko-doktorvolt-1776\/#breadcrumb","itemListElement":[{"@type":"ListItem","position":1,"name":"Strona g\u0142\u00f3wna","item":"https:\/\/doktorvolt.pl\/en\/"},{"@type":"ListItem","position":2,"name":"Offer Doktorvolt","item":"https:\/\/doktorvolt.pl\/en\/offer-doktorvolt\/"},{"@type":"ListItem","position":3,"name":"Rozdzielnica budowlana DV-S\/FI 32A 16A 2x230V IP54 Schuko Doktorvolt\u00ae 1776"}]},{"@type":"WebSite","@id":"https:\/\/doktorvolt.pl\/de\/#website","url":"https:\/\/doktorvolt.pl\/de\/","name":"DOKTORVOLT\u00ae","description":"Producent rozdzielnic budowlanych","publisher":{"@id":"https:\/\/doktorvolt.pl\/de\/#organization"},"potentialAction":[{"@type":"SearchAction","target":{"@type":"EntryPoint","urlTemplate":"https:\/\/doktorvolt.pl\/de\/?s={search_term_string}"},"query-input":{"@type":"PropertyValueSpecification","valueRequired":true,"valueName":"search_term_string"}}],"inLanguage":"en-US"},{"@type":"Organization","@id":"https:\/\/doktorvolt.pl\/de\/#organization","name":"DOKTORVOLT\u00ae","url":"https:\/\/doktorvolt.pl\/de\/","logo":{"@type":"ImageObject","inLanguage":"en-US","@id":"https:\/\/doktorvolt.pl\/de\/#\/schema\/logo\/image\/","url":"https:\/\/doktorvolt.pl\/wp-content\/uploads\/2023\/10\/DoktorVOLT-black-png.png","contentUrl":"https:\/\/doktorvolt.pl\/wp-content\/uploads\/2023\/10\/DoktorVOLT-black-png.png","width":729,"height":40,"caption":"DOKTORVOLT\u00ae"},"image":{"@id":"https:\/\/doktorvolt.pl\/de\/#\/schema\/logo\/image\/"}}]}},"_links":{"self":[{"href":"https:\/\/doktorvolt.pl\/en\/wp-json\/wp\/v2\/product\/111145","targetHints":{"allow":["GET"]}}],"collection":[{"href":"https:\/\/doktorvolt.pl\/en\/wp-json\/wp\/v2\/product"}],"about":[{"href":"https:\/\/doktorvolt.pl\/en\/wp-json\/wp\/v2\/types\/product"}],"wp:featuredmedia":[{"embeddable":true,"href":"https:\/\/doktorvolt.pl\/en\/wp-json\/wp\/v2\/media\/100237"}],"wp:attachment":[{"href":"https:\/\/doktorvolt.pl\/en\/wp-json\/wp\/v2\/media?parent=111145"}],"wp:term":[{"taxonomy":"product_brand","embeddable":true,"href":"https:\/\/doktorvolt.pl\/en\/wp-json\/wp\/v2\/product_brand?post=111145"},{"taxonomy":"product_cat","embeddable":true,"href":"https:\/\/doktorvolt.pl\/en\/wp-json\/wp\/v2\/product_cat?post=111145"},{"taxonomy":"product_tag","embeddable":true,"href":"https:\/\/doktorvolt.pl\/en\/wp-json\/wp\/v2\/product_tag?post=111145"}],"curies":[{"name":"wp","href":"https:\/\/api.w.org\/{rel}","templated":true}]}}