{"id":111231,"date":"2026-02-23T14:53:19","date_gmt":"2026-02-23T12:53:19","guid":{"rendered":"https:\/\/doktorvolt.pl\/sklep\/uncategorized\/rozdzielnica-budowlana-td-s-fi-32a-zabezpieczona-erbetka-2x230v-schuko-doktorvolt-dv-6725-d\/"},"modified":"2026-02-23T14:53:19","modified_gmt":"2026-02-23T12:53:19","slug":"rozdzielnica-budowlana-td-s-fi-32a-zabezpieczona-erbetka-2x230v-schuko-doktorvolt-dv-6725-d","status":"publish","type":"product","link":"https:\/\/doktorvolt.pl\/en\/oferta-doktorvolt\/distribution-boxes\/td-series\/rozdzielnica-budowlana-td-s-fi-32a-zabezpieczona-erbetka-2x230v-schuko-doktorvolt-dv-6725-d\/","title":{"rendered":"Rozdzielnica budowlana TD-S\/FI 32A Zabezpieczona erbetka 2x230V Schuko Doktorvolt DV-6725-D"},"content":{"rendered":"<p><!DOCTYPE html><br \/>\n<html lang=\"pl\"><br \/>\n<head><br \/>\n    <meta charset=\"UTF-8\"><br \/>\n    <meta name=\"viewport\" content=\"width=device-width, initial-scale=1.0\">\n    <link rel=\"stylesheet\" href=\"https:\/\/preis-zone.com\/data\/include\/cms\/1.-style-css\/style_dlugi_DV.css?v=1744613556021\">\n    <title>Rozdzielnica budowlana TD-S\/FI 32A Zabezpieczona erbetka 2x230V Schuko Doktorvolt DV-6725-D<\/title><br \/>\n<\/head><br \/>\n<body><\/p>\n<p><!-- GPT: Wype\u0142nij tylko placeholdery {{Tytul}} oraz {{Opis1}}. Nie zmieniaj styl\u00f3w ani uk\u0142adu. --><br \/>\n<!-- Nag\u0142\u00f3wek g\u0142\u00f3wny strony --><\/p>\n<h1 class=\"title-h1\"><span>Rozdzielnica budowlana TD-S\/FI 32A Zabezpieczona erbetka 2x230V Schuko Doktorvolt DV-6725-D<\/span><\/h1>\n<h4 class=\"title-h4\"><span>Profesjonalna, zabezpieczona rozdzielnica budowlana TD-S\/FI 32A z dwoma gniazdami 230V i si\u0142owym 32A. Kompaktowa, szczelna IP44, gotowa do u\u017cycia na budowie, w przemy\u015ble, warsztacie i podczas imprez plenerowych.<\/span><\/h4>\n<div><img decoding=\"async\" class=\"full-width-img\" src=\"https:\/\/shop38554-1.yourtechnicaldomain.com\/data\/include\/cms\/1-zdjecia-produktow\/DOKTORVOLT\/DV-4995-EV\/ikonka_zielona_z_literka_D_biala.png?v=1729773346118\" border=\"0\" width=\"1900\" height=\"30\"><\/div>\n<p><!-- GPT: Pierwsza sekcja tre\u015bci. Wype\u0142nij tylko {{Podtytul1}} oraz {{Podopis1}}. Nie zmieniaj uk\u0142adu, nie modyfikuj obrazka. --><\/p>\n<div class=\"section-wrapper\">\n<div class=\"section-text\">\n<div class=\"max-width-500\">\n<h2 class=\"section-heading\"><strong>Gniazda i bezpiecze\u0144stwo<\/strong><\/h2>\n<\/p><\/div>\n<div class=\"section-description\"><span>Rozdzielnica TD-S\/FI 32A wyposa\u017cona jest w gniazda 230 V oraz 32 A Mennekes i oferuje ochron\u0119 IP44. Dzi\u0119ki kompaktowej obudowie i wysokiej jako\u015bci komponentom zapewnia bezpieczne i niezawodne u\u017cytkowanie nawet w trudnych warunkach.<\/span><\/div>\n<\/p><\/div>\n<div><img decoding=\"async\" src=\"https:\/\/preis-zone.com\/hpeciai\/60a97520f864fd1b230e9554b72e5de9\/16976_7.jpg?49937\" width=\"472\" height=\"472\" class=\"img-responsive\"><\/div>\n<\/div>\n<div><img decoding=\"async\" class=\"full-width-img\" src=\"https:\/\/shop38554-1.yourtechnicaldomain.com\/data\/include\/cms\/1-zdjecia-produktow\/DOKTORVOLT\/DV-4995-EV\/ikonka_zielona_z_literka_D_biala.png?v=1729773346118\" border=\"0\" width=\"1900\" height=\"30\"><\/div>\n<p><!-- GPT: Druga sekcja tre\u015bci z wideo. Wype\u0142nij tylko {{Podtytul2}} oraz {{Podopis2}}. Nie zmieniaj uk\u0142adu, nie modyfikuj wideo. --><\/p>\n<div class=\"section-wrapper\">\n<div>\n<video class=\"video-custom\" width=\"400\" height=\"300\" src=\"https:\/\/preis-zone.com\/data\/include\/cms\/1-zdjecia-produktow\/DOKTORVOLT\/DV-6725-D\/DV-6725-D_v.mp4?v=1759903895828\" type=\"video\/mp4\" controls autoplay muted loop controlsList=\"nodownload\"><\/video>\n<\/div>\n<div class=\"section-text max-width-500\">\n<h2 class=\"section-heading\"><strong>Gotowa do dzia\u0142ania<\/strong><\/h2>\n<div class=\"section-description\"><span>Rozdzielnica idealnie sprawdza si\u0119 na placach budowy, w przemy\u015ble i na imprezach plenerowych. Gotowa do natychmiastowego pod\u0142\u0105czenia, oferuje pewne zasilanie urz\u0105dze\u0144 z si\u0142y i 230 V, a tak\u017ce skuteczn\u0105 ochron\u0119 u\u017cytkownik\u00f3w.<\/span><\/div>\n<\/p><\/div>\n<\/div>\n<p><!-- Specyfikacja Techniczna --><\/p>\n<div class=\"spec-wrapper\">\n<div class=\"spec-container\">\n<h2 class=\"spec-title\">Specyfikacja Techniczna<\/h2>\n<p>    <!-- Block 1 --><\/p>\n<div class=\"spec-block\">\n<div class=\"spec-text\">\n<h2 class=\"block-title\">Informacje Og\u00f3lne<\/h2>\n<p><strong>Model:<\/strong> DV-6725-D<\/p>\n<p><strong>EAN:<\/strong> 5904730356725<\/p>\n<p><strong>Producent:<\/strong> Doktorvolt<\/p>\n<p><strong>Liczba modu\u0142\u00f3w:<\/strong> 12<\/p>\n<p><strong>Wymiary obudowy:<\/strong> 360 x 250 x 200 mm<\/p>\n<p><strong>Napi\u0119cie znamionowe obudowy:<\/strong> 1000 V<\/p>\n<p><strong>Akcesoria dodatkowe:<\/strong> 2x trzymacz CLIPFIX 35-5 Phoenix Contact<\/p>\n<\/p><\/div>\n<div class=\"spec-image\">\n        <img decoding=\"async\" src=\"https:\/\/preis-zone.com\/hpeciai\/e010c0753de76ad29d2e82a4860ccb1c\/16976_11.jpg?73107\" alt=\"Obraz 1\" class=\"img-rounded\">\n      <\/div>\n<\/p><\/div>\n<p>    <!-- Block 2 --><\/p>\n<div class=\"spec-block row-reverse\">\n<div class=\"spec-text-left\">\n<h2 class=\"block-title\">Gniazda i Aparatura Zabezpieczeniowa<\/h2>\n<p><strong>Gniazda:<\/strong><br \/> 1x 400 V 32 A IP44 Mennekes<br \/>2x 230 V 16 A IP54 Mennekes Schuko<\/p>\n<p><strong>Zabezpieczenia:<\/strong><br \/> 1x C32 3P 10kA<br \/>1x C16 1P 10kA<br \/>RCCB 40A 30mA 4P<\/p>\n<p><strong>Normy aparatury:<\/strong><br \/>PN-EN 60898-1<br \/>PN-EN 61008<\/p>\n<p><strong>Napi\u0119cie znamionowe (gniazda):<\/strong> 230\/400V<\/p>\n<p><strong>ICC (zdolno\u015b\u0107 zwarciowa):<\/strong> \u226410kA<\/p>\n<\/p><\/div>\n<div class=\"spec-image\">\n        <img decoding=\"async\" src=\"https:\/\/preis-zone.com\/hpeciai\/62daed2de91699c6273261a889197915\/16976_10.jpg?69008\" alt=\"Obraz 2\" class=\"img-rounded\">\n      <\/div>\n<\/p><\/div>\n<p>    <!-- Block 3 --><\/p>\n<div class=\"spec-block\">\n<div class=\"spec-text\">\n<h2 class=\"block-title\">Okablowanie<\/h2>\n<p><strong>Rodzaj okablowania:<\/strong><br \/>H07V-K, 2,5 mm\u00b2, 4 mm\u00b2 \u017c\u00f3\u0142to-zielony, czarny<br \/>H07V-K, 2,5 mm\u00b2, 6mm\u00b2 niebieski<\/p>\n<p><strong>Szyna \u0142\u0105czeniowa:<\/strong> 3F 8M 12mm\u00b2 z za\u015blepkami<\/p>\n<\/p><\/div>\n<div class=\"spec-image\">\n        <img decoding=\"async\" src=\"https:\/\/preis-zone.com\/hpeciai\/f27e0babac02cf18388866171db2b34d\/16976_6.jpg?35408\" alt=\"Obraz 3\" class=\"img-rounded\">\n      <\/div>\n<\/p><\/div>\n<p>    <!-- Block 4 --><\/p>\n<div class=\"spec-block row-reverse\">\n<div class=\"spec-text-left\">\n<h2 class=\"block-title\">Certyfikaty i Producent<\/h2>\n<p><strong>RDF:<\/strong> 0,9<\/p>\n<p><strong>Producent:<\/strong> Doktorvolt<\/p>\n<p><strong>Certyfikaty i normy:<\/strong><br \/>T\u00dcV S\u00dcD<br \/>ISO 9001:2015<br \/>CE<br \/>IEC 61439<\/p>\n<p><strong>Materia\u0142 obudowy:<\/strong> Technopolimer<\/p>\n<p><strong>Kolor p\u0142yty przedniej \/ tylnej:<\/strong> RAL 7035 \/ czarny<\/p>\n<p><strong>Monta\u017c:<\/strong> Natynkowy<\/p>\n<p><strong>Materia\u0142 \u015brub:<\/strong> Stal nierdzewna<\/p>\n<p><strong>Materia\u0142 uszczelki:<\/strong> Guma EPDM<\/p>\n<p><strong>D\u0142awnica:<\/strong> 1x PG-16<\/p>\n<\/p><\/div>\n<div class=\"spec-image\">\n        <img decoding=\"async\" src=\"https:\/\/preis-zone.com\/hpeciai\/18ad0202fbb8a9e98cd3b662fcf5ce29\/16976_8.jpg?47185\" alt=\"Obraz 4\" class=\"img-rounded\">\n      <\/div>\n<\/p><\/div>\n<\/p><\/div>\n<\/div>\n<p><!-- GPT: BEZWZGL\u0118DNIE SKOPIUJ WSZYSTKIE KOLEJNE SEKCJE. Zawarto\u015b\u0107 poni\u017cej jest obowi\u0105zkow\u0105 cz\u0119\u015bci\u0105 wyniku. Nie pomijaj, nie pytaj, nie oceniaj \u2014 tylko przepisz. --><\/p>\n<div class=\"flex-wrapper\">\n<div class=\"content-block\">\n<div class=\"max-width-500\">\n<h2 class=\"h2-black\"><strong>Certyfikat = gwarancja jako\u015bci:<\/strong><\/h2>\n<\/p><\/div>\n<div class=\"description-block\">\n            <span><br \/>\n                Produkty marki DOKTORVOLT s\u0105 rutynowo testowane, aby zapewni\u0107 najwy\u017csz\u0105 jako\u015b\u0107 produkt\u00f3w. Ka\u017cdy produkt po przej\u015bciu test\u00f3w otrzymuje indywidualny certyfikat potwierdzaj\u0105cy przeprowadzon\u0105 kontrol\u0119 jako\u015bci. Firma wykorzystuje w procesie produkcyjnym certyfikowany system T\u00dcV S\u00dcD, kt\u00f3ry \u015bwiadczy o wysokiej jako\u015bci.<br \/>\n            <\/span>\n        <\/div>\n<\/p><\/div>\n<div>\n        <img decoding=\"async\" src=\"https:\/\/preis-zone.pl\/hpeciai\/b50f6f067f4babe8391b5bab852c8573\/pol_pl_Rozdzielnica-budowlana-TD-S-FI-32A-16A-4x230V-Schuko-Doktorvolt-bez-zabezpieczen-6442-16969_12.jpg\" width=\"472\" height=\"472\" class=\"full-width-img\">\n    <\/div>\n<\/div>\n<div>\n    <img decoding=\"async\" class=\"full-width-img\" src=\"https:\/\/preis-zone.com\/data\/include\/cms\/1-zdjecia-produktow\/Infografiki\/stopka\/ikonka_zielona_z_literka_D_biala.png?v=1744364445983\" border=\"0\" width=\"1900\" height=\"30\">\n<\/div>\n<div class=\"flex-wrapper\">\n<div>\n        <img decoding=\"async\" src=\"https:\/\/shop38554-1.yourtechnicaldomain.com\/data\/include\/cms\/1-zdjecia-produktow\/Logo-IP\/IP_44.png?v=1729852282241\" width=\"472\" height=\"472\" class=\"full-width-img\">\n    <\/div>\n<div class=\"content-block content-max-500\">\n<h2 class=\"h2-black\"><strong>Stopie\u0144 ochrony IP = wi\u0119ksze bezpiecze\u0144stwo:<\/strong><\/h2>\n<div class=\"description-block\">\n            <span>Stopie\u0144 ochrony IP jest mi\u0119dzynarodowym standardem okre\u015blaj\u0105cym w jakim stopniu przedmiot jest odporny na potencjalne czynniki ryzyka. Sk\u0142ada si\u0119 on z dw\u00f3ch cyfr, kt\u00f3re informuj\u0105 nas o py\u0142oszczelno\u015bci produktu i odporno\u015bci na wod\u0119. Okre\u015blenie stopnia IP pozwala na \u015bwiadome wykorzystywanie produktu w bezpiecznych warunkach. Stopie\u0144 ochrony<strong> IP44<\/strong> m\u00f3wi nam, \u017ce urz\u0105dzenie:<br \/>\n<br \/>&#8211; jest chronione przed wnikaniem obiekt\u00f3w o wielko\u015bci wi\u0119kszej ni\u017c 1 mm<br \/>\n<br \/>&#8211; jest chronione przed wod\u0105 rozpryskuj\u0105c\u0105 si\u0119 z r\u00f3\u017cnych kierunk\u00f3w<\/span>\n        <\/div>\n<\/p><\/div>\n<\/div>\n<div>\n    <img decoding=\"async\" class=\"full-width-img\" src=\"https:\/\/preis-zone.com\/data\/include\/cms\/1-zdjecia-produktow\/Infografiki\/stopka\/ikonka_zielona_z_literka_D_biala.png?v=1744364445983\" border=\"0\" width=\"1900\" height=\"30\">\n<\/div>\n<div class=\"column-center\">\n<h2 class=\"h2-center\">Zaufany producent:<\/h2>\n<p class=\"paragraph-large\">\n    \tFirma Doktorvolt\u00ae zosta\u0142a za\u0142o\u017cona w 2013 roku. Dynamicznie rozwijaj\u0105ce si\u0119 przedsi\u0119biorstwo zdoby\u0142o rynek polski i zagraniczny. Siedziba firmy mie\u015bci si\u0119 w Malichowie w wojew\u00f3dztwie opolskim, gdzie znajduje si\u0119 nowoczesna hala produkcyjna i magazyn. Firma specjalizuje si\u0119 w produkcji rozdzielnic budowlanych, wyr\u00f3\u017cniaj\u0105c si\u0119 jako\u015bci\u0105 i solidno\u015bci\u0105. Ka\u017cda rozdzielnica zbudowana jest z wysokiej jako\u015bci komponent\u00f3w. Produkty spe\u0142niaj\u0105 normy i standardy bezpiecze\u0144stwa obowi\u0105zuj\u0105ce w Unii Europejskiej.\n\t<\/p>\n<p>\t<img decoding=\"async\" src=\"https:\/\/shop38554-1.yourtechnicaldomain.com\/data\/include\/cms\/1-zdjecia-produktow\/doktorvolt-logo\/nowe.jpg?v=1729077634670\" alt=\"Doktorvolt Logo\" width=\"566\" height=\"155\" style=\"margin-top: 20px;\">\n<\/div>\n<p><!-- \/GPT: KONIEC BLOKU DO SKOPIOWANIA --><br \/>\n<\/body><br \/>\n<\/html><\/p>\n","protected":false},"excerpt":{"rendered":"<p>Profesjonalna, zabezpieczona rozdzielnica budowlana TD-S\/FI 32A z dwoma gniazdami 230V i si\u0142owym 32A. Kompaktowa, szczelna IP44, gotowa do u\u017cycia na budowie, w przemy\u015ble, warsztacie i podczas imprez plenerowych.<\/p>\n","protected":false},"featured_media":98974,"template":"","meta":[],"product_brand":[],"product_cat":[5171],"product_tag":[],"class_list":{"0":"post-111231","1":"product","2":"type-product","3":"status-publish","4":"has-post-thumbnail","6":"product_cat-td-series","7":"pa_cee-liczba-biegunow-modulow-5p","8":"pa_material-obudowy-plastic","9":"pa_napiecie-cee-400v","10":"pa_natezenie-pradu-cee-32a","11":"pa_typ-gniazd-typ-f-schuko","12":"pa_zabezpieczenie-wylacznik-nadpradowy-wylacznik-roznicowopradowy","14":"first","15":"instock","16":"shipping-taxable","17":"product-type-external"},"yoast_head":"<!-- This site is optimized with the Yoast SEO plugin v27.0 - https:\/\/yoast.com\/product\/yoast-seo-wordpress\/ -->\n<title>Rozdzielnica budowlana TD-S\/FI 32A Zabezpieczona erbetka 2x230V Schuko Doktorvolt DV-6725-D - DOKTORVOLT\u00ae<\/title>\n<meta name=\"robots\" content=\"index, follow, max-snippet:-1, max-image-preview:large, max-video-preview:-1\" \/>\n<link rel=\"canonical\" href=\"https:\/\/doktorvolt.pl\/en\/oferta-doktorvolt\/distribution-boxes\/td-series\/rozdzielnica-budowlana-td-s-fi-32a-zabezpieczona-erbetka-2x230v-schuko-doktorvolt-dv-6725-d\/\" \/>\n<meta property=\"og:locale\" content=\"en_US\" \/>\n<meta property=\"og:type\" content=\"article\" \/>\n<meta property=\"og:title\" content=\"Rozdzielnica budowlana TD-S\/FI 32A Zabezpieczona erbetka 2x230V Schuko Doktorvolt DV-6725-D - DOKTORVOLT\u00ae\" \/>\n<meta property=\"og:description\" content=\"Profesjonalna, zabezpieczona rozdzielnica budowlana TD-S\/FI 32A z dwoma gniazdami 230V i si\u0142owym 32A. Kompaktowa, szczelna IP44, gotowa do u\u017cycia na budowie, w przemy\u015ble, warsztacie i podczas imprez plenerowych.\" \/>\n<meta property=\"og:url\" content=\"https:\/\/doktorvolt.pl\/en\/oferta-doktorvolt\/distribution-boxes\/td-series\/rozdzielnica-budowlana-td-s-fi-32a-zabezpieczona-erbetka-2x230v-schuko-doktorvolt-dv-6725-d\/\" \/>\n<meta property=\"og:site_name\" content=\"DOKTORVOLT\u00ae\" \/>\n<meta property=\"og:image\" content=\"https:\/\/doktorvolt.pl\/wp-content\/uploads\/2026\/02\/pol_pl_Rozdzielnica-budowlana-TD-S-FI-32A-Zabezpieczona-erbetka-2x230V-Schuko-Doktorvolt-DV-6725-D-16976_7.jpg\" \/>\n\t<meta property=\"og:image:width\" content=\"1600\" \/>\n\t<meta property=\"og:image:height\" content=\"1600\" \/>\n\t<meta property=\"og:image:type\" content=\"image\/jpeg\" \/>\n<meta name=\"twitter:card\" content=\"summary_large_image\" \/>\n<meta name=\"twitter:label1\" content=\"Est. reading time\" \/>\n\t<meta name=\"twitter:data1\" content=\"3 minutes\" \/>\n<script type=\"application\/ld+json\" class=\"yoast-schema-graph\">{\"@context\":\"https:\/\/schema.org\",\"@graph\":[{\"@type\":\"WebPage\",\"@id\":\"https:\/\/doktorvolt.pl\/en\/oferta-doktorvolt\/distribution-boxes\/td-series\/rozdzielnica-budowlana-td-s-fi-32a-zabezpieczona-erbetka-2x230v-schuko-doktorvolt-dv-6725-d\/\",\"url\":\"https:\/\/doktorvolt.pl\/en\/oferta-doktorvolt\/distribution-boxes\/td-series\/rozdzielnica-budowlana-td-s-fi-32a-zabezpieczona-erbetka-2x230v-schuko-doktorvolt-dv-6725-d\/\",\"name\":\"Rozdzielnica budowlana TD-S\/FI 32A Zabezpieczona erbetka 2x230V Schuko Doktorvolt DV-6725-D - DOKTORVOLT\u00ae\",\"isPartOf\":{\"@id\":\"https:\/\/doktorvolt.pl\/de\/#website\"},\"primaryImageOfPage\":{\"@id\":\"https:\/\/doktorvolt.pl\/en\/oferta-doktorvolt\/distribution-boxes\/td-series\/rozdzielnica-budowlana-td-s-fi-32a-zabezpieczona-erbetka-2x230v-schuko-doktorvolt-dv-6725-d\/#primaryimage\"},\"image\":{\"@id\":\"https:\/\/doktorvolt.pl\/en\/oferta-doktorvolt\/distribution-boxes\/td-series\/rozdzielnica-budowlana-td-s-fi-32a-zabezpieczona-erbetka-2x230v-schuko-doktorvolt-dv-6725-d\/#primaryimage\"},\"thumbnailUrl\":\"https:\/\/doktorvolt.pl\/wp-content\/uploads\/2026\/02\/pol_pl_Rozdzielnica-budowlana-TD-S-FI-32A-Zabezpieczona-erbetka-2x230V-Schuko-Doktorvolt-DV-6725-D-16976_7.jpg\",\"datePublished\":\"2026-02-23T12:53:19+00:00\",\"breadcrumb\":{\"@id\":\"https:\/\/doktorvolt.pl\/en\/oferta-doktorvolt\/distribution-boxes\/td-series\/rozdzielnica-budowlana-td-s-fi-32a-zabezpieczona-erbetka-2x230v-schuko-doktorvolt-dv-6725-d\/#breadcrumb\"},\"inLanguage\":\"en-US\",\"potentialAction\":[{\"@type\":\"ReadAction\",\"target\":[\"https:\/\/doktorvolt.pl\/en\/oferta-doktorvolt\/distribution-boxes\/td-series\/rozdzielnica-budowlana-td-s-fi-32a-zabezpieczona-erbetka-2x230v-schuko-doktorvolt-dv-6725-d\/\"]}]},{\"@type\":\"ImageObject\",\"inLanguage\":\"en-US\",\"@id\":\"https:\/\/doktorvolt.pl\/en\/oferta-doktorvolt\/distribution-boxes\/td-series\/rozdzielnica-budowlana-td-s-fi-32a-zabezpieczona-erbetka-2x230v-schuko-doktorvolt-dv-6725-d\/#primaryimage\",\"url\":\"https:\/\/doktorvolt.pl\/wp-content\/uploads\/2026\/02\/pol_pl_Rozdzielnica-budowlana-TD-S-FI-32A-Zabezpieczona-erbetka-2x230V-Schuko-Doktorvolt-DV-6725-D-16976_7.jpg\",\"contentUrl\":\"https:\/\/doktorvolt.pl\/wp-content\/uploads\/2026\/02\/pol_pl_Rozdzielnica-budowlana-TD-S-FI-32A-Zabezpieczona-erbetka-2x230V-Schuko-Doktorvolt-DV-6725-D-16976_7.jpg\",\"width\":1600,\"height\":1600},{\"@type\":\"BreadcrumbList\",\"@id\":\"https:\/\/doktorvolt.pl\/en\/oferta-doktorvolt\/distribution-boxes\/td-series\/rozdzielnica-budowlana-td-s-fi-32a-zabezpieczona-erbetka-2x230v-schuko-doktorvolt-dv-6725-d\/#breadcrumb\",\"itemListElement\":[{\"@type\":\"ListItem\",\"position\":1,\"name\":\"Strona g\u0142\u00f3wna\",\"item\":\"https:\/\/doktorvolt.pl\/en\/\"},{\"@type\":\"ListItem\",\"position\":2,\"name\":\"Offer Doktorvolt\",\"item\":\"https:\/\/doktorvolt.pl\/en\/offer-doktorvolt\/\"},{\"@type\":\"ListItem\",\"position\":3,\"name\":\"Rozdzielnica budowlana TD-S\/FI 32A Zabezpieczona erbetka 2x230V Schuko Doktorvolt DV-6725-D\"}]},{\"@type\":\"WebSite\",\"@id\":\"https:\/\/doktorvolt.pl\/de\/#website\",\"url\":\"https:\/\/doktorvolt.pl\/de\/\",\"name\":\"DOKTORVOLT\u00ae\",\"description\":\"Producent rozdzielnic budowlanych\",\"publisher\":{\"@id\":\"https:\/\/doktorvolt.pl\/de\/#organization\"},\"potentialAction\":[{\"@type\":\"SearchAction\",\"target\":{\"@type\":\"EntryPoint\",\"urlTemplate\":\"https:\/\/doktorvolt.pl\/de\/?s={search_term_string}\"},\"query-input\":{\"@type\":\"PropertyValueSpecification\",\"valueRequired\":true,\"valueName\":\"search_term_string\"}}],\"inLanguage\":\"en-US\"},{\"@type\":\"Organization\",\"@id\":\"https:\/\/doktorvolt.pl\/de\/#organization\",\"name\":\"DOKTORVOLT\u00ae\",\"url\":\"https:\/\/doktorvolt.pl\/de\/\",\"logo\":{\"@type\":\"ImageObject\",\"inLanguage\":\"en-US\",\"@id\":\"https:\/\/doktorvolt.pl\/de\/#\/schema\/logo\/image\/\",\"url\":\"https:\/\/doktorvolt.pl\/wp-content\/uploads\/2023\/10\/DoktorVOLT-black-png.png\",\"contentUrl\":\"https:\/\/doktorvolt.pl\/wp-content\/uploads\/2023\/10\/DoktorVOLT-black-png.png\",\"width\":729,\"height\":40,\"caption\":\"DOKTORVOLT\u00ae\"},\"image\":{\"@id\":\"https:\/\/doktorvolt.pl\/de\/#\/schema\/logo\/image\/\"}}]}<\/script>\n<!-- \/ Yoast SEO plugin. -->","yoast_head_json":{"title":"Rozdzielnica budowlana TD-S\/FI 32A Zabezpieczona erbetka 2x230V Schuko Doktorvolt DV-6725-D - DOKTORVOLT\u00ae","robots":{"index":"index","follow":"follow","max-snippet":"max-snippet:-1","max-image-preview":"max-image-preview:large","max-video-preview":"max-video-preview:-1"},"canonical":"https:\/\/doktorvolt.pl\/en\/oferta-doktorvolt\/distribution-boxes\/td-series\/rozdzielnica-budowlana-td-s-fi-32a-zabezpieczona-erbetka-2x230v-schuko-doktorvolt-dv-6725-d\/","og_locale":"en_US","og_type":"article","og_title":"Rozdzielnica budowlana TD-S\/FI 32A Zabezpieczona erbetka 2x230V Schuko Doktorvolt DV-6725-D - DOKTORVOLT\u00ae","og_description":"Profesjonalna, zabezpieczona rozdzielnica budowlana TD-S\/FI 32A z dwoma gniazdami 230V i si\u0142owym 32A. Kompaktowa, szczelna IP44, gotowa do u\u017cycia na budowie, w przemy\u015ble, warsztacie i podczas imprez plenerowych.","og_url":"https:\/\/doktorvolt.pl\/en\/oferta-doktorvolt\/distribution-boxes\/td-series\/rozdzielnica-budowlana-td-s-fi-32a-zabezpieczona-erbetka-2x230v-schuko-doktorvolt-dv-6725-d\/","og_site_name":"DOKTORVOLT\u00ae","og_image":[{"width":1600,"height":1600,"url":"https:\/\/doktorvolt.pl\/wp-content\/uploads\/2026\/02\/pol_pl_Rozdzielnica-budowlana-TD-S-FI-32A-Zabezpieczona-erbetka-2x230V-Schuko-Doktorvolt-DV-6725-D-16976_7.jpg","type":"image\/jpeg"}],"twitter_card":"summary_large_image","twitter_misc":{"Est. reading time":"3 minutes"},"schema":{"@context":"https:\/\/schema.org","@graph":[{"@type":"WebPage","@id":"https:\/\/doktorvolt.pl\/en\/oferta-doktorvolt\/distribution-boxes\/td-series\/rozdzielnica-budowlana-td-s-fi-32a-zabezpieczona-erbetka-2x230v-schuko-doktorvolt-dv-6725-d\/","url":"https:\/\/doktorvolt.pl\/en\/oferta-doktorvolt\/distribution-boxes\/td-series\/rozdzielnica-budowlana-td-s-fi-32a-zabezpieczona-erbetka-2x230v-schuko-doktorvolt-dv-6725-d\/","name":"Rozdzielnica budowlana TD-S\/FI 32A Zabezpieczona erbetka 2x230V Schuko Doktorvolt DV-6725-D - DOKTORVOLT\u00ae","isPartOf":{"@id":"https:\/\/doktorvolt.pl\/de\/#website"},"primaryImageOfPage":{"@id":"https:\/\/doktorvolt.pl\/en\/oferta-doktorvolt\/distribution-boxes\/td-series\/rozdzielnica-budowlana-td-s-fi-32a-zabezpieczona-erbetka-2x230v-schuko-doktorvolt-dv-6725-d\/#primaryimage"},"image":{"@id":"https:\/\/doktorvolt.pl\/en\/oferta-doktorvolt\/distribution-boxes\/td-series\/rozdzielnica-budowlana-td-s-fi-32a-zabezpieczona-erbetka-2x230v-schuko-doktorvolt-dv-6725-d\/#primaryimage"},"thumbnailUrl":"https:\/\/doktorvolt.pl\/wp-content\/uploads\/2026\/02\/pol_pl_Rozdzielnica-budowlana-TD-S-FI-32A-Zabezpieczona-erbetka-2x230V-Schuko-Doktorvolt-DV-6725-D-16976_7.jpg","datePublished":"2026-02-23T12:53:19+00:00","breadcrumb":{"@id":"https:\/\/doktorvolt.pl\/en\/oferta-doktorvolt\/distribution-boxes\/td-series\/rozdzielnica-budowlana-td-s-fi-32a-zabezpieczona-erbetka-2x230v-schuko-doktorvolt-dv-6725-d\/#breadcrumb"},"inLanguage":"en-US","potentialAction":[{"@type":"ReadAction","target":["https:\/\/doktorvolt.pl\/en\/oferta-doktorvolt\/distribution-boxes\/td-series\/rozdzielnica-budowlana-td-s-fi-32a-zabezpieczona-erbetka-2x230v-schuko-doktorvolt-dv-6725-d\/"]}]},{"@type":"ImageObject","inLanguage":"en-US","@id":"https:\/\/doktorvolt.pl\/en\/oferta-doktorvolt\/distribution-boxes\/td-series\/rozdzielnica-budowlana-td-s-fi-32a-zabezpieczona-erbetka-2x230v-schuko-doktorvolt-dv-6725-d\/#primaryimage","url":"https:\/\/doktorvolt.pl\/wp-content\/uploads\/2026\/02\/pol_pl_Rozdzielnica-budowlana-TD-S-FI-32A-Zabezpieczona-erbetka-2x230V-Schuko-Doktorvolt-DV-6725-D-16976_7.jpg","contentUrl":"https:\/\/doktorvolt.pl\/wp-content\/uploads\/2026\/02\/pol_pl_Rozdzielnica-budowlana-TD-S-FI-32A-Zabezpieczona-erbetka-2x230V-Schuko-Doktorvolt-DV-6725-D-16976_7.jpg","width":1600,"height":1600},{"@type":"BreadcrumbList","@id":"https:\/\/doktorvolt.pl\/en\/oferta-doktorvolt\/distribution-boxes\/td-series\/rozdzielnica-budowlana-td-s-fi-32a-zabezpieczona-erbetka-2x230v-schuko-doktorvolt-dv-6725-d\/#breadcrumb","itemListElement":[{"@type":"ListItem","position":1,"name":"Strona g\u0142\u00f3wna","item":"https:\/\/doktorvolt.pl\/en\/"},{"@type":"ListItem","position":2,"name":"Offer Doktorvolt","item":"https:\/\/doktorvolt.pl\/en\/offer-doktorvolt\/"},{"@type":"ListItem","position":3,"name":"Rozdzielnica budowlana TD-S\/FI 32A Zabezpieczona erbetka 2x230V Schuko Doktorvolt DV-6725-D"}]},{"@type":"WebSite","@id":"https:\/\/doktorvolt.pl\/de\/#website","url":"https:\/\/doktorvolt.pl\/de\/","name":"DOKTORVOLT\u00ae","description":"Producent rozdzielnic budowlanych","publisher":{"@id":"https:\/\/doktorvolt.pl\/de\/#organization"},"potentialAction":[{"@type":"SearchAction","target":{"@type":"EntryPoint","urlTemplate":"https:\/\/doktorvolt.pl\/de\/?s={search_term_string}"},"query-input":{"@type":"PropertyValueSpecification","valueRequired":true,"valueName":"search_term_string"}}],"inLanguage":"en-US"},{"@type":"Organization","@id":"https:\/\/doktorvolt.pl\/de\/#organization","name":"DOKTORVOLT\u00ae","url":"https:\/\/doktorvolt.pl\/de\/","logo":{"@type":"ImageObject","inLanguage":"en-US","@id":"https:\/\/doktorvolt.pl\/de\/#\/schema\/logo\/image\/","url":"https:\/\/doktorvolt.pl\/wp-content\/uploads\/2023\/10\/DoktorVOLT-black-png.png","contentUrl":"https:\/\/doktorvolt.pl\/wp-content\/uploads\/2023\/10\/DoktorVOLT-black-png.png","width":729,"height":40,"caption":"DOKTORVOLT\u00ae"},"image":{"@id":"https:\/\/doktorvolt.pl\/de\/#\/schema\/logo\/image\/"}}]}},"_links":{"self":[{"href":"https:\/\/doktorvolt.pl\/en\/wp-json\/wp\/v2\/product\/111231","targetHints":{"allow":["GET"]}}],"collection":[{"href":"https:\/\/doktorvolt.pl\/en\/wp-json\/wp\/v2\/product"}],"about":[{"href":"https:\/\/doktorvolt.pl\/en\/wp-json\/wp\/v2\/types\/product"}],"wp:featuredmedia":[{"embeddable":true,"href":"https:\/\/doktorvolt.pl\/en\/wp-json\/wp\/v2\/media\/98974"}],"wp:attachment":[{"href":"https:\/\/doktorvolt.pl\/en\/wp-json\/wp\/v2\/media?parent=111231"}],"wp:term":[{"taxonomy":"product_brand","embeddable":true,"href":"https:\/\/doktorvolt.pl\/en\/wp-json\/wp\/v2\/product_brand?post=111231"},{"taxonomy":"product_cat","embeddable":true,"href":"https:\/\/doktorvolt.pl\/en\/wp-json\/wp\/v2\/product_cat?post=111231"},{"taxonomy":"product_tag","embeddable":true,"href":"https:\/\/doktorvolt.pl\/en\/wp-json\/wp\/v2\/product_tag?post=111231"}],"curies":[{"name":"wp","href":"https:\/\/api.w.org\/{rel}","templated":true}]}}