{"id":111232,"date":"2026-02-23T14:53:09","date_gmt":"2026-02-23T12:53:09","guid":{"rendered":"https:\/\/doktorvolt.pl\/sklep\/uncategorized\/rozdzielnica-budowlana-16a-32a-4x230v-zabezpieczona-erbetka-doktorvolt-dv-6442-d-td-s-fi\/"},"modified":"2026-02-23T14:53:09","modified_gmt":"2026-02-23T12:53:09","slug":"rozdzielnica-budowlana-16a-32a-4x230v-zabezpieczona-erbetka-doktorvolt-dv-6442-d-td-s-fi","status":"publish","type":"product","link":"https:\/\/doktorvolt.pl\/en\/oferta-doktorvolt\/distribution-boxes\/td-series\/rozdzielnica-budowlana-16a-32a-4x230v-zabezpieczona-erbetka-doktorvolt-dv-6442-d-td-s-fi\/","title":{"rendered":"Rozdzielnica budowlana 16A 32A 4x230V zabezpieczona erbetka Doktorvolt DV-6442-D TD-S\/FI"},"content":{"rendered":"<p><!-- GPT: Wype\u0142nij tylko placeholdery {{Tytul}} oraz {{Opis1}}. Nie zmieniaj styl\u00f3w ani uk\u0142adu. -->\n<link rel=\"stylesheet\" href=\"https:\/\/preis-zone.com\/data\/include\/cms\/1.-style-css\/style_dlugi_DV.css\">\n<h1 class=\"title-h1\"><span>Rozdzielnica budowlana 16A 32A 4x230V zabezpieczona erbetka Doktorvolt DV-6442-D TD TD-S\/FI<\/span><\/h1>\n<h4 class=\"title-h4\"><span>Je\u015bli szukasz profesjonalnego rozwi\u0105zania do swojej instalacji elektrycznej, rozdzielnica na\u015bcienna Doktorvolt jest dla Ciebie idealnym wyborem. Rozdzielnica natynkowa to produkt, kt\u00f3ry \u0142\u0105czy w sobie jako\u015b\u0107 i niezawodno\u015b\u0107 oraz oferuje funkcjonalno\u015b\u0107 i \u0142atw\u0105 instalacj\u0119<\/span><\/h4>\n<div><img decoding=\"async\" class=\"full-width-img\" src=\"https:\/\/shop38554-1.yourtechnicaldomain.com\/data\/include\/cms\/1-zdjecia-produktow\/DOKTORVOLT\/DV-4995-EV\/ikonka_zielona_z_literka_D_biala.png?v=1729773346118\" border=\"0\" width=\"1900\" height=\"30\"><\/div>\n<p><!-- GPT: Pierwsza sekcja tre\u015bci. Wype\u0142nij tylko {{Podtytul1}} oraz {{Podopis1}}. Nie zmieniaj uk\u0142adu, nie modyfikuj obrazka. --><\/p>\n<div class=\"section-wrapper\">\n<div class=\"section-text\">\n<div class=\"max-width-500\">\n<h2 class=\"section-heading\"><strong>Wytrzyma\u0142a i bezpieczna obudowa<\/strong><\/h2>\n<\/p><\/div>\n<div class=\"section-description\"><span>Obudowa rozdzielnicy natynkowej DV-6442-D wykonana jest z wysokiej jako\u015bci technopolimeru z poliw\u0119glanowymi drzwiami. Ponadto, bezhalogenowa i odporna na promieniowanie UV konstrukcja zapewnia d\u0142ug\u0105 \u017cywotno\u015b\u0107 i bezpiecze\u0144stwo. Produkt jest kompletny i gotowy do pod\u0142\u0105czenia, dzi\u0119ki czemu jest idealny zar\u00f3wno dla profesjonalist\u00f3w, jak i amator\u00f3w.<\/span><\/div>\n<\/p><\/div>\n<div><img decoding=\"async\" src=\"https:\/\/preis-zone.pl\/hpeciai\/35ae6f8780716b243cd336d41f931537\/pol_pl_Rozdzielnica-budowlana-TD-S-FI-32A-16A-4x230V-Schuko-Doktorvolt-bez-zabezpieczen-6442-16969_3.jpg\" width=\"472\" height=\"472\" class=\"img-responsive\"><\/div>\n<\/div>\n<div><img decoding=\"async\" class=\"full-width-img\" src=\"https:\/\/shop38554-1.yourtechnicaldomain.com\/data\/include\/cms\/1-zdjecia-produktow\/DOKTORVOLT\/DV-4995-EV\/ikonka_zielona_z_literka_D_biala.png?v=1729773346118\" border=\"0\" width=\"1900\" height=\"30\"><\/div>\n<p><!-- GPT: Druga sekcja tre\u015bci z wideo. Wype\u0142nij tylko {{Podtytul2}} oraz {{Podopis2}}. Nie zmieniaj uk\u0142adu, nie modyfikuj wideo. --><\/p>\n<div class=\"section-wrapper\">\n<div>\n<img decoding=\"async\" style=\"max-width=100%; margin-top: 50px; padding-top: 50px;\" width=\"472\" height=\"472\" src=\"https:\/\/preis-zone.com\/hpeciai\/478dd82553a3caacc596e0641489c79f\/16969_4.jpg?38204\">\n<\/div>\n<div class=\"section-text max-width-500\">\n<h2 class=\"section-heading\"><strong>Komponenty najwy\u017cszej jako\u015bci<\/strong><\/h2>\n<div class=\"section-description\"><span>Produkt wyposa\u017cony jest w 2 gniazda si\u0142owe 16A i 32A oraz 4 gniazda 230V niemieckiego renomowanego producenta Mennekes. Rozdzielnica wyposa\u017cona zosta\u0142a r\u00f3wnie\u017c w ochron\u0119 przed dotykiem po\u015brednim oraz zabezpieczenia gniazd, dzi\u0119ki czemu idealnie sprawdzi si\u0119 w ka\u017cdych warunkach. Zastosowanie wysokiej klasy komponent\u00f3w oraz solidna konstrukcja gwarantuje rozdzielnicy stopie\u0144 ochrony IP44. Rozdzielnica Doktorvolt, dzi\u0119ki swej uniwersalno\u015bci, zapewnia mnogo\u015b\u0107 zastosowa\u0144 i niezawodno\u015b\u0107.<\/span><\/div>\n<\/p><\/div>\n<\/div>\n<div class=\"spec-wrapper\">\n<div class=\"spec-container\">\n<h2 class=\"spec-title\">Specyfikacja Techniczna<\/h2>\n<p>    <!-- Block 1 --><\/p>\n<div class=\"spec-block\">\n<div class=\"spec-text\">\n<h2 class=\"block-title\">Obudowa Rozdzielnicy<\/h2>\n<p><strong>Liczba modu\u0142\u00f3w:<\/strong> 12<\/p>\n<p><strong>Liczba rz\u0119d\u00f3w:<\/strong> 1<\/p>\n<p><strong>Monta\u017c:<\/strong> natynkowy<\/p>\n<p><strong>Stopie\u0144 ochrony rozdzielnicy:<\/strong> IP44<\/p>\n<p><strong>Napi\u0119cie znamionowe:<\/strong> 1000V<\/p>\n<p><strong>Wymiary obudowy:<\/strong> 360 x 260 x 127 mm<\/p>\n<p><strong>Materia\u0142 obudowy:<\/strong> Technopolimer<\/p>\n<p><strong>Materia\u0142 drzwi:<\/strong> poliw\u0119glan<\/p>\n<p><strong>Kolor przedniej p\u0142yty obudowy:<\/strong> szary RAL 7035<\/p>\n<p><strong>Kolor tylnej p\u0142yty obudowy:<\/strong> czarny<\/p>\n<p><strong>Materia\u0142 \u015brub:<\/strong> stal nierdzewna<\/p>\n<p><strong>Materia\u0142 uszczelki:<\/strong> guma EPDM<\/p>\n<p><strong>D\u0142awnica kablowa:<\/strong> 1 x PG-16<\/p>\n<\/p><\/div>\n<div class=\"spec-image\">\n        <img decoding=\"async\" src=\"https:\/\/preis-zone.pl\/hpeciai\/a838bcb32b87f091aa6ff40ee67f4a63\/pol_pl_Rozdzielnica-budowlana-TD-S-FI-32A-16A-4x230V-Schuko-Doktorvolt-bez-zabezpieczen-6442-16969_1.jpg\" alt=\"Obraz 1\" class=\"img-rounded\">\n      <\/div>\n<\/p><\/div>\n<p>    <!-- Block 2 --><\/p>\n<div class=\"spec-block row-reverse\">\n<div class=\"spec-text-left\">\n<h2 class=\"block-title\">Gniazda i aparatura modu\u0142owa<\/h2>\n<p><strong>Wy\u0142\u0105cznik r\u00f3\u017cnicowopr\u0105dowy:<\/strong> 40A 10kA 4P Typ A RCCB<\/p>\n<p><strong>Gniazda si\u0142owe:<\/strong> <br \/>1 x 16A 5P 400V IP44 Typ 1385 Mennekes <br \/>1 x 32A 5P 400V IP44 Typ 3451 Mennekes<\/p>\n<p><strong>Zabezpieczenie nadpr\u0105dowe gniazd si\u0142owych:<\/strong> <br \/>1 x C32 3P 10kA <br \/>1 x C16 3P 10kA<\/p>\n<p><strong>Gniazda 230V:<\/strong> 4x 230V, 16A Mennekes 11011 IP54 2P+E Schuko<\/p>\n<p><strong>Zabezpieczenie nadpr\u0105dowe gniazd 230V:<\/strong> 2x C16, 1P, 10kA<\/p>\n<p><strong>Szyna \u0142\u0105czeniowa:<\/strong> 3F, 11M, 12mm\u00b2 z kompletem za\u015blepek<\/p>\n<p><strong>Pozosta\u0142e sk\u0142adniki:<\/strong> Zestaw \u015brub monta\u017cowych wraz z za\u015blepkami<\/p>\n<\/p><\/div>\n<div class=\"spec-image\">\n        <img decoding=\"async\" src=\"https:\/\/preis-zone.pl\/hpeciai\/8a765d866af2dd7e777193c5c17141d0\/pol_pl_Rozdzielnica-budowlana-TD-S-FI-32A-16A-4x230V-Schuko-Doktorvolt-bez-zabezpieczen-6442-16969_6.jpg\" alt=\"Obraz 2\" class=\"img-rounded\">\n      <\/div>\n<\/p><\/div>\n<p>    <!-- Block 3 --><\/p>\n<div class=\"spec-block\">\n<div class=\"spec-text\">\n<h2 class=\"block-title\">Certyfikaty i normy<\/h2>\n<p><strong>Normy bezpiecze\u0144stwa:<\/strong><br \/>IEC 61009-1<br \/>EN 61009-1<br \/>PN-EN 61009-1<br \/>STN EN 61009-1<br \/>EFS<br \/>EFC<br \/>CE<br \/>CEI-23-48\/49<br \/>IEC 670<br \/>CSN EN 60898<br \/>SN EN 60947-2<br \/>VDE<\/p>\n<\/p><\/div>\n<div class=\"spec-image\">\n    <img decoding=\"async\" src=\"https:\/\/preis-zone.pl\/hpeciai\/1e195b88a64e329bd1305dd899d62bdd\/pol_pl_Rozdzielnica-budowlana-TD-S-FI-32A-16A-4x230V-Schuko-Doktorvolt-bez-zabezpieczen-6442-16969_11.jpg\" alt=\"Obraz 3\" class=\"img-rounded\">\n  <\/div>\n<\/div>\n<p>    <!-- Block 4 --><\/p>\n<div class=\"spec-block row-reverse\">\n<div class=\"spec-text-left\">\n<h2 class=\"block-title\">Informacje og\u00f3lne<\/h2>\n<p><strong>Pr\u0105d znamionowy:<\/strong> 40A<\/p>\n<p><strong>Napi\u0119cie znamionowe:<\/strong> 230 \/ 400 V, 50 Hz AC<\/p>\n<p><strong>ICC:<\/strong> \u2264 10 kA<\/p>\n<p><strong>RDF:<\/strong> 0,6<\/p>\n<p><strong>Rodzaj okablowania:<\/strong> <br \/>H07V-K 2,5\/4 mm\u00b2 \u017c\u00f3\u0142to-zielone <br \/>H07V-K 2,5\/6 mm\u00b2 niebieskie <br \/>H07V-K 2,5\/4 mm\u00b2 czarne<\/p>\n<p><strong>Producent:<\/strong> Doktorvolt<\/p>\n<p><strong>Certyfikaty i normy producenta:<\/strong> <br \/>T\u00dcV S\u00dcD <br \/>ISO 9001<\/p>\n<p><strong>Oznaczenie producenta:<\/strong> DV-6442-D<\/p>\n<p><strong>EAN:<\/strong> 5904730356442<\/p>\n<\/p><\/div>\n<div class=\"spec-image\">\n        <img decoding=\"async\" src=\"https:\/\/preis-zone.pl\/hpeciai\/a56d3bfbd777bc05daf4a13b0d6e8815\/pol_pl_Rozdzielnica-budowlana-TD-S-FI-32A-16A-4x230V-Schuko-Doktorvolt-bez-zabezpieczen-6442-16969_2.jpg\" alt=\"Obraz 4\" class=\"img-rounded\">\n      <\/div>\n<\/p><\/div>\n<\/p><\/div>\n<\/div>\n<p><!-- GPT: BEZWZGL\u0118DNIE SKOPIUJ WSZYSTKIE KOLEJNE SEKCJE. Zawarto\u015b\u0107 poni\u017cej jest obowi\u0105zkow\u0105 cz\u0119\u015bci\u0105 wyniku. Nie pomijaj, nie pytaj, nie oceniaj \u2014 tylko przepisz. --><\/p>\n<p><!-- GPT: SKOPIUJ BEZ ZMIAN. Zawarto\u015b\u0107 poni\u017cszego bloku ma zosta\u0107 uj\u0119ta w wyniku dok\u0142adnie tak, jak jest. --><\/p>\n<div class=\"flex-wrapper\">\n<div class=\"content-block\">\n<div class=\"max-width-500\">\n<h2 class=\"h2-black\"><strong>Certyfikat = gwarancja jako\u015bci:<\/strong><\/h2>\n<\/p><\/div>\n<div class=\"description-block\">\n            <span><br \/>\n                Produkty marki DOKTORVOLT s\u0105 poddawane rutynowym testom, aby zapewni\u0107 najwy\u017csz\u0105 jako\u015b\u0107. Ka\u017cdy produkt otrzymuje indywidualny certyfikat potwierdzaj\u0105cy zgodno\u015b\u0107 z normami IEC. Firma posiada certyfikowany system produkcji T\u00dcV S\u00dcD.<br \/>\n            <\/span>\n        <\/div>\n<\/p><\/div>\n<div>\n        <img decoding=\"async\" src=\"https:\/\/preis-zone.pl\/hpeciai\/b50f6f067f4babe8391b5bab852c8573\/pol_pl_Rozdzielnica-budowlana-TD-S-FI-32A-16A-4x230V-Schuko-Doktorvolt-bez-zabezpieczen-6442-16969_12.jpg\" width=\"472\" height=\"472\" class=\"full-width-img\">\n    <\/div>\n<\/div>\n<div>\n    <img decoding=\"async\" class=\"full-width-img\" src=\"https:\/\/preis-zone.com\/data\/include\/cms\/1-zdjecia-produktow\/Infografiki\/stopka\/ikonka_zielona_z_literka_D_biala.png?v=1744364445983\" border=\"0\" width=\"1900\" height=\"30\">\n<\/div>\n<p><!-- GPT: SKOPIUJ BEZ ZMIAN. Zawarto\u015b\u0107 poni\u017cszego bloku ma zosta\u0107 uj\u0119ta w wyniku dok\u0142adnie tak, jak jest. --><\/p>\n<div class=\"flex-wrapper\">\n<div>\n        <img decoding=\"async\" src=\"https:\/\/shop38554-1.yourtechnicaldomain.com\/data\/include\/cms\/1-zdjecia-produktow\/Logo-IP\/IP_44.png?v=1729852282241\" width=\"472\" height=\"472\" class=\"full-width-img\">\n    <\/div>\n<div class=\"content-block content-max-500\">\n<h2 class=\"h2-black\"><strong>Stopie\u0144 ochrony IP = wi\u0119ksze bezpiecze\u0144stwo:<\/strong><\/h2>\n<div class=\"description-block\">\n            <span><br \/>\n                Stopie\u0144 ochrony IP to mi\u0119dzynarodowy standard informuj\u0105cy u\u017cytkownika o odporno\u015bci obudowy na zagro\u017cenia zewn\u0119trzne. Produkty z IP zapewniaj\u0105 bezawaryjne dzia\u0142anie w mniej kontrolowanych warunkach oraz bezpiecze\u0144stwo u\u017cytkownika. Stopie\u0144 IP44 oznacza:<br \/>\n                <br \/>Ochron\u0119 przed cia\u0142ami sta\u0142ymi o \u015brednicy powy\u017cej 1 mm<br \/>\n                <br \/>Ochron\u0119 przed bryzgami wody z dowolnego kierunku<br \/>\n            <\/span>\n        <\/div>\n<\/p><\/div>\n<\/div>\n<div>\n    <img decoding=\"async\" class=\"full-width-img\" src=\"https:\/\/preis-zone.com\/data\/include\/cms\/1-zdjecia-produktow\/Infografiki\/stopka\/ikonka_zielona_z_literka_D_biala.png?v=1744364445983\" border=\"0\" width=\"1900\" height=\"30\">\n<\/div>\n<p><!-- GPT: SKOPIUJ BEZ ZMIAN. Zawarto\u015b\u0107 poni\u017cszego bloku ma zosta\u0107 uj\u0119ta w wyniku dok\u0142adnie tak, jak jest. --><\/p>\n<div class=\"column-center\">\n<h2 class=\"h2-center\">Zaufany producent:<\/h2>\n<p class=\"paragraph-large\">\n    \tFirma Doktorvolt\u00ae zosta\u0142a za\u0142o\u017cona w 2013 roku. Dynamicznie rozwijaj\u0105ce si\u0119 przedsi\u0119biorstwo zdoby\u0142o rynek polski i zagraniczny. Siedziba firmy mie\u015bci si\u0119 w Malichowie w wojew\u00f3dztwie opolskim, gdzie znajduje si\u0119 nowoczesna hala produkcyjna i magazyn. Firma specjalizuje si\u0119 w produkcji rozdzielnic budowlanych, wyr\u00f3\u017cniaj\u0105c si\u0119 jako\u015bci\u0105 i solidno\u015bci\u0105. Ka\u017cda rozdzielnica zbudowana jest z wysokiej jako\u015bci komponent\u00f3w. Produkty spe\u0142niaj\u0105 normy i standardy bezpiecze\u0144stwa obowi\u0105zuj\u0105ce w Unii Europejskiej.\n\t<\/p>\n<p>\t<img decoding=\"async\" src=\"https:\/\/shop38554-1.yourtechnicaldomain.com\/data\/include\/cms\/1-zdjecia-produktow\/doktorvolt-logo\/nowe.jpg?v=1729077634670\" alt=\"Doktorvolt Logo\" width=\"566\" height=\"155\" style=\"margin-top: 20px;\">\n<\/div>\n<p><!-- \/GPT: KONIEC BLOKU DO SKOPIOWANIA --><\/p>\n","protected":false},"excerpt":{"rendered":"<p>Profesjonalne rozwi\u0105zanie do Twojej instalacji elektrycznej &#8211; rozdzielnica na\u015bcienna Doktorvolt jest dla Ciebie idealnym wyborem. Rozdzielnica natynkowa to produkt, kt\u00f3ry \u0142\u0105czy w sobie jako\u015b\u0107 i niezawodno\u015b\u0107 oraz oferuje funkcjonalno\u015b\u0107 i \u0142atw\u0105 instalacj\u0119<\/p>\n","protected":false},"featured_media":98957,"template":"","meta":[],"product_brand":[],"product_cat":[5171],"product_tag":[],"class_list":{"0":"post-111232","1":"product","2":"type-product","3":"status-publish","4":"has-post-thumbnail","6":"product_cat-td-series","7":"pa_cee-liczba-biegunow-modulow-5p","8":"pa_material-obudowy-plastic","9":"pa_napiecie-cee-400v","10":"pa_natezenie-pradu-cee-16a","11":"pa_typ-gniazd-typ-f-schuko","12":"pa_zabezpieczenie-wylacznik-nadpradowy-wylacznik-roznicowopradowy","14":"first","15":"instock","16":"shipping-taxable","17":"product-type-external"},"yoast_head":"<!-- This site is optimized with the Yoast SEO plugin v27.0 - https:\/\/yoast.com\/product\/yoast-seo-wordpress\/ -->\n<title>Rozdzielnica budowlana 16A 32A 4x230V zabezpieczona erbetka Doktorvolt DV-6442-D TD-S\/FI - DOKTORVOLT\u00ae<\/title>\n<meta name=\"robots\" content=\"index, follow, max-snippet:-1, max-image-preview:large, max-video-preview:-1\" \/>\n<link rel=\"canonical\" href=\"https:\/\/doktorvolt.pl\/en\/oferta-doktorvolt\/distribution-boxes\/td-series\/rozdzielnica-budowlana-16a-32a-4x230v-zabezpieczona-erbetka-doktorvolt-dv-6442-d-td-s-fi\/\" \/>\n<meta property=\"og:locale\" content=\"en_US\" \/>\n<meta property=\"og:type\" content=\"article\" \/>\n<meta property=\"og:title\" content=\"Rozdzielnica budowlana 16A 32A 4x230V zabezpieczona erbetka Doktorvolt DV-6442-D TD-S\/FI - DOKTORVOLT\u00ae\" \/>\n<meta property=\"og:description\" content=\"Profesjonalne rozwi\u0105zanie do Twojej instalacji elektrycznej - rozdzielnica na\u015bcienna Doktorvolt jest dla Ciebie idealnym wyborem. Rozdzielnica natynkowa to produkt, kt\u00f3ry \u0142\u0105czy w sobie jako\u015b\u0107 i niezawodno\u015b\u0107 oraz oferuje funkcjonalno\u015b\u0107 i \u0142atw\u0105 instalacj\u0119\" \/>\n<meta property=\"og:url\" content=\"https:\/\/doktorvolt.pl\/en\/oferta-doktorvolt\/distribution-boxes\/td-series\/rozdzielnica-budowlana-16a-32a-4x230v-zabezpieczona-erbetka-doktorvolt-dv-6442-d-td-s-fi\/\" \/>\n<meta property=\"og:site_name\" content=\"DOKTORVOLT\u00ae\" \/>\n<meta property=\"og:image\" content=\"https:\/\/doktorvolt.pl\/wp-content\/uploads\/2026\/02\/pol_pl_Rozdzielnica-budowlana-16A-32A-4x230V-zabezpieczona-erbetka-Doktorvolt-DV-6442-D-TD-S-FI-16969_1.jpg\" \/>\n\t<meta property=\"og:image:width\" content=\"1000\" \/>\n\t<meta property=\"og:image:height\" content=\"1000\" \/>\n\t<meta property=\"og:image:type\" content=\"image\/jpeg\" \/>\n<meta name=\"twitter:card\" content=\"summary_large_image\" \/>\n<meta name=\"twitter:label1\" content=\"Est. reading time\" \/>\n\t<meta name=\"twitter:data1\" content=\"3 minutes\" \/>\n<script type=\"application\/ld+json\" class=\"yoast-schema-graph\">{\"@context\":\"https:\/\/schema.org\",\"@graph\":[{\"@type\":\"WebPage\",\"@id\":\"https:\/\/doktorvolt.pl\/en\/oferta-doktorvolt\/distribution-boxes\/td-series\/rozdzielnica-budowlana-16a-32a-4x230v-zabezpieczona-erbetka-doktorvolt-dv-6442-d-td-s-fi\/\",\"url\":\"https:\/\/doktorvolt.pl\/en\/oferta-doktorvolt\/distribution-boxes\/td-series\/rozdzielnica-budowlana-16a-32a-4x230v-zabezpieczona-erbetka-doktorvolt-dv-6442-d-td-s-fi\/\",\"name\":\"Rozdzielnica budowlana 16A 32A 4x230V zabezpieczona erbetka Doktorvolt DV-6442-D TD-S\/FI - DOKTORVOLT\u00ae\",\"isPartOf\":{\"@id\":\"https:\/\/doktorvolt.pl\/de\/#website\"},\"primaryImageOfPage\":{\"@id\":\"https:\/\/doktorvolt.pl\/en\/oferta-doktorvolt\/distribution-boxes\/td-series\/rozdzielnica-budowlana-16a-32a-4x230v-zabezpieczona-erbetka-doktorvolt-dv-6442-d-td-s-fi\/#primaryimage\"},\"image\":{\"@id\":\"https:\/\/doktorvolt.pl\/en\/oferta-doktorvolt\/distribution-boxes\/td-series\/rozdzielnica-budowlana-16a-32a-4x230v-zabezpieczona-erbetka-doktorvolt-dv-6442-d-td-s-fi\/#primaryimage\"},\"thumbnailUrl\":\"https:\/\/doktorvolt.pl\/wp-content\/uploads\/2026\/02\/pol_pl_Rozdzielnica-budowlana-16A-32A-4x230V-zabezpieczona-erbetka-Doktorvolt-DV-6442-D-TD-S-FI-16969_1.jpg\",\"datePublished\":\"2026-02-23T12:53:09+00:00\",\"breadcrumb\":{\"@id\":\"https:\/\/doktorvolt.pl\/en\/oferta-doktorvolt\/distribution-boxes\/td-series\/rozdzielnica-budowlana-16a-32a-4x230v-zabezpieczona-erbetka-doktorvolt-dv-6442-d-td-s-fi\/#breadcrumb\"},\"inLanguage\":\"en-US\",\"potentialAction\":[{\"@type\":\"ReadAction\",\"target\":[\"https:\/\/doktorvolt.pl\/en\/oferta-doktorvolt\/distribution-boxes\/td-series\/rozdzielnica-budowlana-16a-32a-4x230v-zabezpieczona-erbetka-doktorvolt-dv-6442-d-td-s-fi\/\"]}]},{\"@type\":\"ImageObject\",\"inLanguage\":\"en-US\",\"@id\":\"https:\/\/doktorvolt.pl\/en\/oferta-doktorvolt\/distribution-boxes\/td-series\/rozdzielnica-budowlana-16a-32a-4x230v-zabezpieczona-erbetka-doktorvolt-dv-6442-d-td-s-fi\/#primaryimage\",\"url\":\"https:\/\/doktorvolt.pl\/wp-content\/uploads\/2026\/02\/pol_pl_Rozdzielnica-budowlana-16A-32A-4x230V-zabezpieczona-erbetka-Doktorvolt-DV-6442-D-TD-S-FI-16969_1.jpg\",\"contentUrl\":\"https:\/\/doktorvolt.pl\/wp-content\/uploads\/2026\/02\/pol_pl_Rozdzielnica-budowlana-16A-32A-4x230V-zabezpieczona-erbetka-Doktorvolt-DV-6442-D-TD-S-FI-16969_1.jpg\",\"width\":1000,\"height\":1000},{\"@type\":\"BreadcrumbList\",\"@id\":\"https:\/\/doktorvolt.pl\/en\/oferta-doktorvolt\/distribution-boxes\/td-series\/rozdzielnica-budowlana-16a-32a-4x230v-zabezpieczona-erbetka-doktorvolt-dv-6442-d-td-s-fi\/#breadcrumb\",\"itemListElement\":[{\"@type\":\"ListItem\",\"position\":1,\"name\":\"Strona g\u0142\u00f3wna\",\"item\":\"https:\/\/doktorvolt.pl\/en\/\"},{\"@type\":\"ListItem\",\"position\":2,\"name\":\"Offer Doktorvolt\",\"item\":\"https:\/\/doktorvolt.pl\/en\/offer-doktorvolt\/\"},{\"@type\":\"ListItem\",\"position\":3,\"name\":\"Rozdzielnica budowlana 16A 32A 4x230V zabezpieczona erbetka Doktorvolt DV-6442-D TD-S\/FI\"}]},{\"@type\":\"WebSite\",\"@id\":\"https:\/\/doktorvolt.pl\/de\/#website\",\"url\":\"https:\/\/doktorvolt.pl\/de\/\",\"name\":\"DOKTORVOLT\u00ae\",\"description\":\"Producent rozdzielnic budowlanych\",\"publisher\":{\"@id\":\"https:\/\/doktorvolt.pl\/de\/#organization\"},\"potentialAction\":[{\"@type\":\"SearchAction\",\"target\":{\"@type\":\"EntryPoint\",\"urlTemplate\":\"https:\/\/doktorvolt.pl\/de\/?s={search_term_string}\"},\"query-input\":{\"@type\":\"PropertyValueSpecification\",\"valueRequired\":true,\"valueName\":\"search_term_string\"}}],\"inLanguage\":\"en-US\"},{\"@type\":\"Organization\",\"@id\":\"https:\/\/doktorvolt.pl\/de\/#organization\",\"name\":\"DOKTORVOLT\u00ae\",\"url\":\"https:\/\/doktorvolt.pl\/de\/\",\"logo\":{\"@type\":\"ImageObject\",\"inLanguage\":\"en-US\",\"@id\":\"https:\/\/doktorvolt.pl\/de\/#\/schema\/logo\/image\/\",\"url\":\"https:\/\/doktorvolt.pl\/wp-content\/uploads\/2023\/10\/DoktorVOLT-black-png.png\",\"contentUrl\":\"https:\/\/doktorvolt.pl\/wp-content\/uploads\/2023\/10\/DoktorVOLT-black-png.png\",\"width\":729,\"height\":40,\"caption\":\"DOKTORVOLT\u00ae\"},\"image\":{\"@id\":\"https:\/\/doktorvolt.pl\/de\/#\/schema\/logo\/image\/\"}}]}<\/script>\n<!-- \/ Yoast SEO plugin. -->","yoast_head_json":{"title":"Rozdzielnica budowlana 16A 32A 4x230V zabezpieczona erbetka Doktorvolt DV-6442-D TD-S\/FI - DOKTORVOLT\u00ae","robots":{"index":"index","follow":"follow","max-snippet":"max-snippet:-1","max-image-preview":"max-image-preview:large","max-video-preview":"max-video-preview:-1"},"canonical":"https:\/\/doktorvolt.pl\/en\/oferta-doktorvolt\/distribution-boxes\/td-series\/rozdzielnica-budowlana-16a-32a-4x230v-zabezpieczona-erbetka-doktorvolt-dv-6442-d-td-s-fi\/","og_locale":"en_US","og_type":"article","og_title":"Rozdzielnica budowlana 16A 32A 4x230V zabezpieczona erbetka Doktorvolt DV-6442-D TD-S\/FI - DOKTORVOLT\u00ae","og_description":"Profesjonalne rozwi\u0105zanie do Twojej instalacji elektrycznej - rozdzielnica na\u015bcienna Doktorvolt jest dla Ciebie idealnym wyborem. Rozdzielnica natynkowa to produkt, kt\u00f3ry \u0142\u0105czy w sobie jako\u015b\u0107 i niezawodno\u015b\u0107 oraz oferuje funkcjonalno\u015b\u0107 i \u0142atw\u0105 instalacj\u0119","og_url":"https:\/\/doktorvolt.pl\/en\/oferta-doktorvolt\/distribution-boxes\/td-series\/rozdzielnica-budowlana-16a-32a-4x230v-zabezpieczona-erbetka-doktorvolt-dv-6442-d-td-s-fi\/","og_site_name":"DOKTORVOLT\u00ae","og_image":[{"width":1000,"height":1000,"url":"https:\/\/doktorvolt.pl\/wp-content\/uploads\/2026\/02\/pol_pl_Rozdzielnica-budowlana-16A-32A-4x230V-zabezpieczona-erbetka-Doktorvolt-DV-6442-D-TD-S-FI-16969_1.jpg","type":"image\/jpeg"}],"twitter_card":"summary_large_image","twitter_misc":{"Est. reading time":"3 minutes"},"schema":{"@context":"https:\/\/schema.org","@graph":[{"@type":"WebPage","@id":"https:\/\/doktorvolt.pl\/en\/oferta-doktorvolt\/distribution-boxes\/td-series\/rozdzielnica-budowlana-16a-32a-4x230v-zabezpieczona-erbetka-doktorvolt-dv-6442-d-td-s-fi\/","url":"https:\/\/doktorvolt.pl\/en\/oferta-doktorvolt\/distribution-boxes\/td-series\/rozdzielnica-budowlana-16a-32a-4x230v-zabezpieczona-erbetka-doktorvolt-dv-6442-d-td-s-fi\/","name":"Rozdzielnica budowlana 16A 32A 4x230V zabezpieczona erbetka Doktorvolt DV-6442-D TD-S\/FI - DOKTORVOLT\u00ae","isPartOf":{"@id":"https:\/\/doktorvolt.pl\/de\/#website"},"primaryImageOfPage":{"@id":"https:\/\/doktorvolt.pl\/en\/oferta-doktorvolt\/distribution-boxes\/td-series\/rozdzielnica-budowlana-16a-32a-4x230v-zabezpieczona-erbetka-doktorvolt-dv-6442-d-td-s-fi\/#primaryimage"},"image":{"@id":"https:\/\/doktorvolt.pl\/en\/oferta-doktorvolt\/distribution-boxes\/td-series\/rozdzielnica-budowlana-16a-32a-4x230v-zabezpieczona-erbetka-doktorvolt-dv-6442-d-td-s-fi\/#primaryimage"},"thumbnailUrl":"https:\/\/doktorvolt.pl\/wp-content\/uploads\/2026\/02\/pol_pl_Rozdzielnica-budowlana-16A-32A-4x230V-zabezpieczona-erbetka-Doktorvolt-DV-6442-D-TD-S-FI-16969_1.jpg","datePublished":"2026-02-23T12:53:09+00:00","breadcrumb":{"@id":"https:\/\/doktorvolt.pl\/en\/oferta-doktorvolt\/distribution-boxes\/td-series\/rozdzielnica-budowlana-16a-32a-4x230v-zabezpieczona-erbetka-doktorvolt-dv-6442-d-td-s-fi\/#breadcrumb"},"inLanguage":"en-US","potentialAction":[{"@type":"ReadAction","target":["https:\/\/doktorvolt.pl\/en\/oferta-doktorvolt\/distribution-boxes\/td-series\/rozdzielnica-budowlana-16a-32a-4x230v-zabezpieczona-erbetka-doktorvolt-dv-6442-d-td-s-fi\/"]}]},{"@type":"ImageObject","inLanguage":"en-US","@id":"https:\/\/doktorvolt.pl\/en\/oferta-doktorvolt\/distribution-boxes\/td-series\/rozdzielnica-budowlana-16a-32a-4x230v-zabezpieczona-erbetka-doktorvolt-dv-6442-d-td-s-fi\/#primaryimage","url":"https:\/\/doktorvolt.pl\/wp-content\/uploads\/2026\/02\/pol_pl_Rozdzielnica-budowlana-16A-32A-4x230V-zabezpieczona-erbetka-Doktorvolt-DV-6442-D-TD-S-FI-16969_1.jpg","contentUrl":"https:\/\/doktorvolt.pl\/wp-content\/uploads\/2026\/02\/pol_pl_Rozdzielnica-budowlana-16A-32A-4x230V-zabezpieczona-erbetka-Doktorvolt-DV-6442-D-TD-S-FI-16969_1.jpg","width":1000,"height":1000},{"@type":"BreadcrumbList","@id":"https:\/\/doktorvolt.pl\/en\/oferta-doktorvolt\/distribution-boxes\/td-series\/rozdzielnica-budowlana-16a-32a-4x230v-zabezpieczona-erbetka-doktorvolt-dv-6442-d-td-s-fi\/#breadcrumb","itemListElement":[{"@type":"ListItem","position":1,"name":"Strona g\u0142\u00f3wna","item":"https:\/\/doktorvolt.pl\/en\/"},{"@type":"ListItem","position":2,"name":"Offer Doktorvolt","item":"https:\/\/doktorvolt.pl\/en\/offer-doktorvolt\/"},{"@type":"ListItem","position":3,"name":"Rozdzielnica budowlana 16A 32A 4x230V zabezpieczona erbetka Doktorvolt DV-6442-D TD-S\/FI"}]},{"@type":"WebSite","@id":"https:\/\/doktorvolt.pl\/de\/#website","url":"https:\/\/doktorvolt.pl\/de\/","name":"DOKTORVOLT\u00ae","description":"Producent rozdzielnic budowlanych","publisher":{"@id":"https:\/\/doktorvolt.pl\/de\/#organization"},"potentialAction":[{"@type":"SearchAction","target":{"@type":"EntryPoint","urlTemplate":"https:\/\/doktorvolt.pl\/de\/?s={search_term_string}"},"query-input":{"@type":"PropertyValueSpecification","valueRequired":true,"valueName":"search_term_string"}}],"inLanguage":"en-US"},{"@type":"Organization","@id":"https:\/\/doktorvolt.pl\/de\/#organization","name":"DOKTORVOLT\u00ae","url":"https:\/\/doktorvolt.pl\/de\/","logo":{"@type":"ImageObject","inLanguage":"en-US","@id":"https:\/\/doktorvolt.pl\/de\/#\/schema\/logo\/image\/","url":"https:\/\/doktorvolt.pl\/wp-content\/uploads\/2023\/10\/DoktorVOLT-black-png.png","contentUrl":"https:\/\/doktorvolt.pl\/wp-content\/uploads\/2023\/10\/DoktorVOLT-black-png.png","width":729,"height":40,"caption":"DOKTORVOLT\u00ae"},"image":{"@id":"https:\/\/doktorvolt.pl\/de\/#\/schema\/logo\/image\/"}}]}},"_links":{"self":[{"href":"https:\/\/doktorvolt.pl\/en\/wp-json\/wp\/v2\/product\/111232","targetHints":{"allow":["GET"]}}],"collection":[{"href":"https:\/\/doktorvolt.pl\/en\/wp-json\/wp\/v2\/product"}],"about":[{"href":"https:\/\/doktorvolt.pl\/en\/wp-json\/wp\/v2\/types\/product"}],"wp:featuredmedia":[{"embeddable":true,"href":"https:\/\/doktorvolt.pl\/en\/wp-json\/wp\/v2\/media\/98957"}],"wp:attachment":[{"href":"https:\/\/doktorvolt.pl\/en\/wp-json\/wp\/v2\/media?parent=111232"}],"wp:term":[{"taxonomy":"product_brand","embeddable":true,"href":"https:\/\/doktorvolt.pl\/en\/wp-json\/wp\/v2\/product_brand?post=111232"},{"taxonomy":"product_cat","embeddable":true,"href":"https:\/\/doktorvolt.pl\/en\/wp-json\/wp\/v2\/product_cat?post=111232"},{"taxonomy":"product_tag","embeddable":true,"href":"https:\/\/doktorvolt.pl\/en\/wp-json\/wp\/v2\/product_tag?post=111232"}],"curies":[{"name":"wp","href":"https:\/\/api.w.org\/{rel}","templated":true}]}}