{"id":111236,"date":"2026-02-23T14:52:37","date_gmt":"2026-02-23T12:52:37","guid":{"rendered":"https:\/\/doktorvolt.pl\/sklep\/uncategorized\/rozdzielnica-budowlana-16a-32a-zabezpieczona-erbetka-4x230v-doktorvolt-dv-2107-d\/"},"modified":"2026-02-23T14:52:37","modified_gmt":"2026-02-23T12:52:37","slug":"rozdzielnica-budowlana-16a-32a-zabezpieczona-erbetka-4x230v-doktorvolt-dv-2107-d","status":"publish","type":"product","link":"https:\/\/doktorvolt.pl\/en\/oferta-doktorvolt\/distribution-boxes\/td-series\/rozdzielnica-budowlana-16a-32a-zabezpieczona-erbetka-4x230v-doktorvolt-dv-2107-d\/","title":{"rendered":"Rozdzielnica budowlana 16A 32A zabezpieczona erbetka 4x230V Doktorvolt DV-2107-D"},"content":{"rendered":"<p><!-- GPT: Wype\u0142nij tylko placeholdery {{Tytul}} oraz {{Opis1}}. Nie zmieniaj styl\u00f3w ani uk\u0142adu. -->\n<link rel=\"stylesheet\" href=\"https:\/\/preis-zone.com\/data\/include\/cms\/1.-style-css\/style_dlugi_DV.css?v=1744613556021\">\n<h1 class=\"title-h1\"><span>Rozdzielnica budowlana 16A 32A zabezpieczona erbetka 4x230V Doktorvolt DV-2107-D<\/span><\/h1>\n<h4 class=\"title-h4\"><span>Rozdzielnica budowlana Doktorvolt DV-2107-D  12 modu\u0142owa. Wyposa\u017cona w solidne gniazda si\u0142owe 32A i 16A oraz cztery gniazda 230V Schuko marki Mennekes, gwarantuje stabilne zasilanie. Wytrzyma\u0142a obudowa IP44, zabezpieczenia nadpr\u0105dowe 10kA oraz certyfikaty CE, T\u00dcV S\u00dcD  gwarantuj\u0105 niezawodno\u015b\u0107 i zgodno\u015b\u0107 z normami.<\/span><\/h4>\n<div><img decoding=\"async\" class=\"full-width-img\" src=\"https:\/\/shop38554-1.yourtechnicaldomain.com\/data\/include\/cms\/1-zdjecia-produktow\/DOKTORVOLT\/DV-4995-EV\/ikonka_zielona_z_literka_D_biala.png?v=1729773346118\" border=\"0\" width=\"1900\" height=\"30\"><\/div>\n<p><!-- GPT: Pierwsza sekcja tre\u015bci. Wype\u0142nij tylko {{Podtytul1}} oraz {{Podopis1}}. Nie zmieniaj uk\u0142adu, nie modyfikuj obrazka. --><\/p>\n<div class=\"section-wrapper\">\n<div class=\"section-text\">\n<div class=\"max-width-500\">\n<h2 class=\"section-heading\"><strong>Profesjonalne zabezpieczenia<\/strong><\/h2>\n<\/p><\/div>\n<div class=\"section-description\"><span>Rozdzielnica wyposa\u017cona w gniazda si\u0142owe Mennekes 16A i 32A (IP44) zapewnia bezpieczne zasilanie maszyn budowlanych i narz\u0119dzi. Zintegrowane zabezpieczenia C16 i C32 chroni\u0105 instalacj\u0119 przed przeci\u0105\u017ceniami.<\/span><\/div>\n<\/p><\/div>\n<div><img decoding=\"async\" src=\"https:\/\/preis-zone.com\/hpeciai\/54da319700d43aa5c138e13c0f342801\/17061_1.jpg?74767\" width=\"472\" height=\"472\" class=\"img-responsive\"><\/div>\n<\/div>\n<div><img decoding=\"async\" class=\"full-width-img\" src=\"https:\/\/shop38554-1.yourtechnicaldomain.com\/data\/include\/cms\/1-zdjecia-produktow\/DOKTORVOLT\/DV-4995-EV\/ikonka_zielona_z_literka_D_biala.png?v=1729773346118\" border=\"0\" width=\"1900\" height=\"30\"><\/div>\n<p><!-- GPT: Druga sekcja tre\u015bci z wideo. Wype\u0142nij tylko {{Podtytul2}} oraz {{Podopis2}}. Nie zmieniaj uk\u0142adu, nie modyfikuj wideo. --><\/p>\n<div class=\"section-wrapper\">\n<div>\n\t\t<img decoding=\"async\" style=\"max-width=100%; margin-top: 50px; padding-top: 50px;\" width=\"472\" height=\"472\" src=\"https:\/\/preis-zone.com\/hpeciai\/35ae6f8780716b243cd336d41f931537\/17061_3.jpg?63759\">\n\t<\/div>\n<div class=\"section-text max-width-500\">\n<h2 class=\"section-heading\"><strong>Szybki monta\u017c<\/strong><\/h2>\n<div class=\"section-description\"><span>Dzi\u0119ki natynkowemu monta\u017cowi, kompaktowym wymiarom (360 x 250 x 125 mm) oraz wbudowanej d\u0142awnicy PG-16, pod\u0142\u0105czenie i organizacja przewod\u00f3w przebiegaj\u0105 sprawnie. Szyna \u0142\u0105czeniowa 3F 8M 12mm\u00b2 i trzymacze CLIPFIX 35-5 u\u0142atwiaj\u0105 monta\u017c.<\/span><\/div>\n<\/p><\/div>\n<\/div>\n<div class=\"spec-wrapper\">\n<div class=\"spec-container\">\n<h2 class=\"spec-title\">Specyfikacja Techniczna<\/h2>\n<p>\t\t<!-- Block 1 --><\/p>\n<div class=\"spec-block\">\n<div class=\"spec-text\">\n<h2 class=\"block-title\">Obudowa i wymiary<\/h2>\n<p><strong>Liczba modu\u0142\u00f3w:<\/strong> 12<\/p>\n<p><strong>Liczba rz\u0119d\u00f3w:<\/strong> 1<\/p>\n<p><strong>Monta\u017c:<\/strong> natynkowy<\/p>\n<p><strong>Stopie\u0144 ochrony obudowy:<\/strong> IP44<\/p>\n<p><strong>Napi\u0119cie znamionowe:<\/strong> 1000V<\/p>\n<p><strong>Wymiary obudowy z gniazdami:<\/strong> 360 x 250 x 125 mm<\/p>\n<p><strong>Materia\u0142 obudowy:<\/strong> technopolimer<\/p>\n<p><strong>Materia\u0142 drzwi:<\/strong> poliw\u0119glan<\/p>\n<p><strong>Kolor przedniej p\u0142yty obudowy:<\/strong> szary RAL 7035<\/p>\n<p><strong>Kolor tylnej p\u0142yty obudowy:<\/strong> czarny<\/p>\n<p><strong>Materia\u0142 \u015brub:<\/strong> stal nierdzewna<\/p>\n<p><strong>Materia\u0142 uszczelki:<\/strong> guma EPDM<\/p>\n<p><strong>D\u0142awnica PG do\u0142\u0105czona w zestawie:<\/strong> 1x PG-16<\/p>\n<\/p><\/div>\n<div class=\"spec-image\"><img decoding=\"async\" src=\"https:\/\/preis-zone.com\/hpeciai\/f182dc4dba6fb3d8ba47406bfc89a64d\/17061_2.jpg?41842\" alt=\"Obraz 1\" class=\"img-rounded\"><\/div>\n<\/p><\/div>\n<p>\t\t<!-- Block 2 --><\/p>\n<div class=\"spec-block row-reverse\">\n<div class=\"spec-text-left\">\n<h2 class=\"block-title\">Gniazda i zabezpieczenia<\/h2>\n<p><strong>Gniazda si\u0142owe:<\/strong><br \/>1 x 16A 5P 400V IP44 Typ 1385 Mennekes<br \/>1 x 32A 5P 400V IP44 Typ 3451 Mennekes<\/p>\n<p><strong>Zabezpieczenie nadpr\u0105dowe gniazd si\u0142owych:<\/strong><br \/>1 x C16 3P 10kA<br \/>1 x C32 3P 10kA<\/p>\n<p><strong>Gniazda 230V:<\/strong><br \/>4 x 230V 16A 11011 IP54 2P+E Mennekes<\/p>\n<p><strong>Zabezpieczenie nadpr\u0105dowe gniazd 230V:<\/strong><br \/>2 x C16 1P 10kA<\/p>\n<p><strong>Szyna \u0142\u0105czeniowa:<\/strong> 3F 8M 12mm\u00b2 z kompletem za\u015blepek<\/p>\n<p><strong>Pozosta\u0142e sk\u0142adniki:<\/strong><br \/>zestaw \u015brub monta\u017cowych wraz z za\u015blepkami<br \/>2x trzymacz ko\u0144cowy CLIPFIX 35-5 Phoenix Contact<\/p>\n<\/p><\/div>\n<div class=\"spec-image\"><img decoding=\"async\" src=\"https:\/\/preis-zone.com\/hpeciai\/478dd82553a3caacc596e0641489c79f\/17061_4.jpg?51037\" alt=\"Obraz 2\" class=\"img-rounded\"><\/div>\n<\/p><\/div>\n<p>\t\t<!-- Block 3 --><\/p>\n<div class=\"spec-block\">\n<div class=\"spec-text\">\n<h2 class=\"block-title\">Okablowanie i parametry<\/h2>\n<p><strong>Rodzaj okablowania:<\/strong><br \/>H07V-K 2,5 \/ 4 mm\u00b2 \u017c\u00f3\u0142tozielony, czarny, niebieski<\/p>\n<p><strong>Pr\u0105d znamionowy:<\/strong> 63 A<\/p>\n<p><strong>Napi\u0119cie znamionowe:<\/strong> 230 \/ 400 V<\/p>\n<p><strong>Stopie\u0144 ochrony rozdzielnicy:<\/strong> IP44<\/p>\n<p><strong>ICC:<\/strong> \u2264 10 kA<\/p>\n<p><strong>RDF:<\/strong> 0,8<\/p>\n<\/p><\/div>\n<div class=\"spec-image\"><img decoding=\"async\" src=\"https:\/\/preis-zone.com\/hpeciai\/ab84c8ec74d54efeed0b86f7df9f3e1d\/17061_8.jpg?53747\" alt=\"Obraz 3\" class=\"img-rounded\"><\/div>\n<\/p><\/div>\n<p>\t\t<!-- Block 4 --><\/p>\n<div class=\"spec-block row-reverse\">\n<div class=\"spec-text-left\">\n<h2 class=\"block-title\">Normy i producent<\/h2>\n<p><strong>Certyfikaty i normy wy\u0142\u0105cznik\u00f3w:<\/strong><br \/>CSN EN 60898<br \/>SN EN 60947-2<br \/>EFS<br \/>EFC<br \/>VDE<\/p>\n<p><strong>Normy i certyfikaty og\u00f3lne:<\/strong><br \/>CPR<br \/>RoHS<br \/>CE<br \/>IEC 61439<\/p>\n<p><strong>Producent:<\/strong> Doktorvolt<\/p>\n<p><strong>Certyfikaty i normy producenta:<\/strong><br \/>T\u00dcV S\u00dcD<br \/>ISO 9001:2015<\/p>\n<p><strong>Oznaczenie producenta:<\/strong> DV-2107-D<\/p>\n<p><strong>EAN:<\/strong> 5905669992107<\/p>\n<\/p><\/div>\n<div class=\"spec-image\"><img decoding=\"async\" src=\"https:\/\/preis-zone.com\/hpeciai\/8a765d866af2dd7e777193c5c17141d0\/17061_6.jpg?42287\" alt=\"Obraz 4\" class=\"img-rounded\"><\/div>\n<\/p><\/div>\n<\/p><\/div>\n<\/div>\n<p><!-- GPT: BEZWZGL\u0118DNIE SKOPIUJ WSZYSTKIE KOLEJNE SEKCJE. Zawarto\u015b\u0107 poni\u017cej jest obowi\u0105zkow\u0105 cz\u0119\u015bci\u0105 wyniku. Nie pomijaj, nie pytaj, nie oceniaj \u2014 tylko przepisz. --><\/p>\n<div class=\"flex-wrapper\">\n<div class=\"content-block\">\n<div class=\"max-width-500\">\n<h2 class=\"h2-black\"><strong>Certyfikat = gwarancja jako\u015bci:<\/strong><\/h2>\n<\/p><\/div>\n<div class=\"description-block\">\n            <span><br \/>\n                Produkty marki DOKTORVOLT s\u0105 poddawane rutynowym testom, aby zapewni\u0107 najwy\u017csz\u0105 jako\u015b\u0107. Ka\u017cdy produkt otrzymuje indywidualny certyfikat potwierdzaj\u0105cy zgodno\u015b\u0107 z normami IEC. Firma posiada certyfikowany system produkcji T\u00dcV S\u00dcD.<br \/>\n            <\/span>\n        <\/div>\n<\/p><\/div>\n<div>\n        <img decoding=\"async\" src=\"https:\/\/preis-zone.pl\/hpeciai\/b50f6f067f4babe8391b5bab852c8573\/pol_pl_Rozdzielnica-budowlana-TD-S-FI-32A-16A-4x230V-Schuko-Doktorvolt-bez-zabezpieczen-6442-16969_12.jpg\" width=\"472\" height=\"472\" class=\"full-width-img\">\n    <\/div>\n<\/div>\n<div>\n    <img decoding=\"async\" class=\"full-width-img\" src=\"https:\/\/preis-zone.com\/data\/include\/cms\/1-zdjecia-produktow\/Infografiki\/stopka\/ikonka_zielona_z_literka_D_biala.png?v=1744364445983\" border=\"0\" width=\"1900\" height=\"30\">\n<\/div>\n<div class=\"flex-wrapper\">\n<div>\n        <img decoding=\"async\" src=\"https:\/\/shop38554-1.yourtechnicaldomain.com\/data\/include\/cms\/1-zdjecia-produktow\/Logo-IP\/IP_44.png?v=1729852282241\" width=\"472\" height=\"472\" class=\"full-width-img\">\n    <\/div>\n<div class=\"content-block content-max-500\">\n<h2 class=\"h2-black\"><strong>Stopie\u0144 ochrony IP = wi\u0119ksze bezpiecze\u0144stwo:<\/strong><\/h2>\n<div class=\"description-block\">\n            <span><br \/>\n                Stopie\u0144 ochrony IP to mi\u0119dzynarodowy standard informuj\u0105cy u\u017cytkownika o odporno\u015bci obudowy na zagro\u017cenia zewn\u0119trzne. Produkty z IP zapewniaj\u0105 bezawaryjne dzia\u0142anie w mniej kontrolowanych warunkach oraz bezpiecze\u0144stwo u\u017cytkownika. Stopie\u0144 IP44 oznacza:<br \/>\n                <br \/>Ochron\u0119 przed cia\u0142ami sta\u0142ymi o \u015brednicy powy\u017cej 1 mm<br \/>\n                <br \/>Ochron\u0119 przed bryzgami wody z dowolnego kierunku<br \/>\n            <\/span>\n        <\/div>\n<\/p><\/div>\n<\/div>\n<div>\n    <img decoding=\"async\" class=\"full-width-img\" src=\"https:\/\/preis-zone.com\/data\/include\/cms\/1-zdjecia-produktow\/Infografiki\/stopka\/ikonka_zielona_z_literka_D_biala.png?v=1744364445983\" border=\"0\" width=\"1900\" height=\"30\">\n<\/div>\n<div class=\"column-center\">\n<h2 class=\"h2-center\">Zaufany producent:<\/h2>\n<p class=\"paragraph-large\">\n    \tFirma Doktorvolt\u00ae zosta\u0142a za\u0142o\u017cona w 2013 roku. Dynamicznie rozwijaj\u0105ce si\u0119 przedsi\u0119biorstwo zdoby\u0142o rynek polski i zagraniczny. Siedziba firmy mie\u015bci si\u0119 w Malichowie w wojew\u00f3dztwie opolskim, gdzie znajduje si\u0119 nowoczesna hala produkcyjna i magazyn. Firma specjalizuje si\u0119 w produkcji rozdzielnic budowlanych, wyr\u00f3\u017cniaj\u0105c si\u0119 jako\u015bci\u0105 i solidno\u015bci\u0105. Ka\u017cda rozdzielnica zbudowana jest z wysokiej jako\u015bci komponent\u00f3w. Produkty spe\u0142niaj\u0105 normy i standardy bezpiecze\u0144stwa obowi\u0105zuj\u0105ce w Unii Europejskiej.\n\t<\/p>\n<p>\t<img decoding=\"async\" src=\"https:\/\/shop38554-1.yourtechnicaldomain.com\/data\/include\/cms\/1-zdjecia-produktow\/doktorvolt-logo\/nowe.jpg?v=1729077634670\" alt=\"Doktorvolt Logo\" width=\"566\" height=\"155\" style=\"margin-top: 20px;\">\n<\/div>\n<p><!-- \/GPT: KONIEC BLOKU DO SKOPIOWANIA --><\/p>\n","protected":false},"excerpt":{"rendered":"<p>Rozdzielnica budowlana z 12 modu\u0142owa wyposa\u017cona w gniazda si\u0142owe 32A\/16A oraz 4x230V Schuko marki Mennekes, gwarantuje stabilne zasilanie. Wytrzyma\u0142a obudowa, zabezpieczenia nadpr\u0105dowe 10kA, certyfikat T\u00dcV S\u00dcD gwarantuje niezawodno\u015b\u0107 i zgodno\u015b\u0107 z normami<\/p>\n","protected":false},"featured_media":98889,"template":"","meta":[],"product_brand":[],"product_cat":[5171],"product_tag":[],"class_list":{"0":"post-111236","1":"product","2":"type-product","3":"status-publish","4":"has-post-thumbnail","6":"product_cat-td-series","7":"pa_cee-liczba-biegunow-modulow-5p","8":"pa_material-obudowy-plastic","9":"pa_napiecie-cee-400v","10":"pa_natezenie-pradu-cee-32a","11":"pa_typ-gniazd-typ-f-schuko","12":"pa_zabezpieczenie-wylacznik-nadpradowy","14":"first","15":"instock","16":"shipping-taxable","17":"product-type-external"},"yoast_head":"<!-- This site is optimized with the Yoast SEO plugin v27.0 - https:\/\/yoast.com\/product\/yoast-seo-wordpress\/ -->\n<title>Rozdzielnica budowlana 16A 32A zabezpieczona erbetka 4x230V Doktorvolt DV-2107-D - DOKTORVOLT\u00ae<\/title>\n<meta name=\"robots\" content=\"index, follow, max-snippet:-1, max-image-preview:large, max-video-preview:-1\" \/>\n<link rel=\"canonical\" href=\"https:\/\/doktorvolt.pl\/en\/oferta-doktorvolt\/distribution-boxes\/td-series\/rozdzielnica-budowlana-16a-32a-zabezpieczona-erbetka-4x230v-doktorvolt-dv-2107-d\/\" \/>\n<meta property=\"og:locale\" content=\"en_US\" \/>\n<meta property=\"og:type\" content=\"article\" \/>\n<meta property=\"og:title\" content=\"Rozdzielnica budowlana 16A 32A zabezpieczona erbetka 4x230V Doktorvolt DV-2107-D - DOKTORVOLT\u00ae\" \/>\n<meta property=\"og:description\" content=\"Rozdzielnica budowlana z 12 modu\u0142owa wyposa\u017cona w gniazda si\u0142owe 32A\/16A oraz 4x230V Schuko marki Mennekes, gwarantuje stabilne zasilanie. Wytrzyma\u0142a obudowa, zabezpieczenia nadpr\u0105dowe 10kA, certyfikat T\u00dcV S\u00dcD gwarantuje niezawodno\u015b\u0107 i zgodno\u015b\u0107 z normami\" \/>\n<meta property=\"og:url\" content=\"https:\/\/doktorvolt.pl\/en\/oferta-doktorvolt\/distribution-boxes\/td-series\/rozdzielnica-budowlana-16a-32a-zabezpieczona-erbetka-4x230v-doktorvolt-dv-2107-d\/\" \/>\n<meta property=\"og:site_name\" content=\"DOKTORVOLT\u00ae\" \/>\n<meta property=\"og:image\" content=\"https:\/\/doktorvolt.pl\/wp-content\/uploads\/2026\/02\/pol_pl_Rozdzielnica-budowlana-16A-32A-zabezpieczona-erbetka-4x230V-Doktorvolt-DV-2107-D-17061_1.jpg\" \/>\n\t<meta property=\"og:image:width\" content=\"1600\" \/>\n\t<meta property=\"og:image:height\" content=\"1600\" \/>\n\t<meta property=\"og:image:type\" content=\"image\/jpeg\" \/>\n<meta name=\"twitter:card\" content=\"summary_large_image\" \/>\n<meta name=\"twitter:label1\" content=\"Est. reading time\" \/>\n\t<meta name=\"twitter:data1\" content=\"3 minutes\" \/>\n<script type=\"application\/ld+json\" class=\"yoast-schema-graph\">{\"@context\":\"https:\/\/schema.org\",\"@graph\":[{\"@type\":\"WebPage\",\"@id\":\"https:\/\/doktorvolt.pl\/en\/oferta-doktorvolt\/distribution-boxes\/td-series\/rozdzielnica-budowlana-16a-32a-zabezpieczona-erbetka-4x230v-doktorvolt-dv-2107-d\/\",\"url\":\"https:\/\/doktorvolt.pl\/en\/oferta-doktorvolt\/distribution-boxes\/td-series\/rozdzielnica-budowlana-16a-32a-zabezpieczona-erbetka-4x230v-doktorvolt-dv-2107-d\/\",\"name\":\"Rozdzielnica budowlana 16A 32A zabezpieczona erbetka 4x230V Doktorvolt DV-2107-D - DOKTORVOLT\u00ae\",\"isPartOf\":{\"@id\":\"https:\/\/doktorvolt.pl\/de\/#website\"},\"primaryImageOfPage\":{\"@id\":\"https:\/\/doktorvolt.pl\/en\/oferta-doktorvolt\/distribution-boxes\/td-series\/rozdzielnica-budowlana-16a-32a-zabezpieczona-erbetka-4x230v-doktorvolt-dv-2107-d\/#primaryimage\"},\"image\":{\"@id\":\"https:\/\/doktorvolt.pl\/en\/oferta-doktorvolt\/distribution-boxes\/td-series\/rozdzielnica-budowlana-16a-32a-zabezpieczona-erbetka-4x230v-doktorvolt-dv-2107-d\/#primaryimage\"},\"thumbnailUrl\":\"https:\/\/doktorvolt.pl\/wp-content\/uploads\/2026\/02\/pol_pl_Rozdzielnica-budowlana-16A-32A-zabezpieczona-erbetka-4x230V-Doktorvolt-DV-2107-D-17061_1.jpg\",\"datePublished\":\"2026-02-23T12:52:37+00:00\",\"breadcrumb\":{\"@id\":\"https:\/\/doktorvolt.pl\/en\/oferta-doktorvolt\/distribution-boxes\/td-series\/rozdzielnica-budowlana-16a-32a-zabezpieczona-erbetka-4x230v-doktorvolt-dv-2107-d\/#breadcrumb\"},\"inLanguage\":\"en-US\",\"potentialAction\":[{\"@type\":\"ReadAction\",\"target\":[\"https:\/\/doktorvolt.pl\/en\/oferta-doktorvolt\/distribution-boxes\/td-series\/rozdzielnica-budowlana-16a-32a-zabezpieczona-erbetka-4x230v-doktorvolt-dv-2107-d\/\"]}]},{\"@type\":\"ImageObject\",\"inLanguage\":\"en-US\",\"@id\":\"https:\/\/doktorvolt.pl\/en\/oferta-doktorvolt\/distribution-boxes\/td-series\/rozdzielnica-budowlana-16a-32a-zabezpieczona-erbetka-4x230v-doktorvolt-dv-2107-d\/#primaryimage\",\"url\":\"https:\/\/doktorvolt.pl\/wp-content\/uploads\/2026\/02\/pol_pl_Rozdzielnica-budowlana-16A-32A-zabezpieczona-erbetka-4x230V-Doktorvolt-DV-2107-D-17061_1.jpg\",\"contentUrl\":\"https:\/\/doktorvolt.pl\/wp-content\/uploads\/2026\/02\/pol_pl_Rozdzielnica-budowlana-16A-32A-zabezpieczona-erbetka-4x230V-Doktorvolt-DV-2107-D-17061_1.jpg\",\"width\":1600,\"height\":1600},{\"@type\":\"BreadcrumbList\",\"@id\":\"https:\/\/doktorvolt.pl\/en\/oferta-doktorvolt\/distribution-boxes\/td-series\/rozdzielnica-budowlana-16a-32a-zabezpieczona-erbetka-4x230v-doktorvolt-dv-2107-d\/#breadcrumb\",\"itemListElement\":[{\"@type\":\"ListItem\",\"position\":1,\"name\":\"Strona g\u0142\u00f3wna\",\"item\":\"https:\/\/doktorvolt.pl\/en\/\"},{\"@type\":\"ListItem\",\"position\":2,\"name\":\"Offer Doktorvolt\",\"item\":\"https:\/\/doktorvolt.pl\/en\/offer-doktorvolt\/\"},{\"@type\":\"ListItem\",\"position\":3,\"name\":\"Rozdzielnica budowlana 16A 32A zabezpieczona erbetka 4x230V Doktorvolt DV-2107-D\"}]},{\"@type\":\"WebSite\",\"@id\":\"https:\/\/doktorvolt.pl\/de\/#website\",\"url\":\"https:\/\/doktorvolt.pl\/de\/\",\"name\":\"DOKTORVOLT\u00ae\",\"description\":\"Producent rozdzielnic budowlanych\",\"publisher\":{\"@id\":\"https:\/\/doktorvolt.pl\/de\/#organization\"},\"potentialAction\":[{\"@type\":\"SearchAction\",\"target\":{\"@type\":\"EntryPoint\",\"urlTemplate\":\"https:\/\/doktorvolt.pl\/de\/?s={search_term_string}\"},\"query-input\":{\"@type\":\"PropertyValueSpecification\",\"valueRequired\":true,\"valueName\":\"search_term_string\"}}],\"inLanguage\":\"en-US\"},{\"@type\":\"Organization\",\"@id\":\"https:\/\/doktorvolt.pl\/de\/#organization\",\"name\":\"DOKTORVOLT\u00ae\",\"url\":\"https:\/\/doktorvolt.pl\/de\/\",\"logo\":{\"@type\":\"ImageObject\",\"inLanguage\":\"en-US\",\"@id\":\"https:\/\/doktorvolt.pl\/de\/#\/schema\/logo\/image\/\",\"url\":\"https:\/\/doktorvolt.pl\/wp-content\/uploads\/2023\/10\/DoktorVOLT-black-png.png\",\"contentUrl\":\"https:\/\/doktorvolt.pl\/wp-content\/uploads\/2023\/10\/DoktorVOLT-black-png.png\",\"width\":729,\"height\":40,\"caption\":\"DOKTORVOLT\u00ae\"},\"image\":{\"@id\":\"https:\/\/doktorvolt.pl\/de\/#\/schema\/logo\/image\/\"}}]}<\/script>\n<!-- \/ Yoast SEO plugin. -->","yoast_head_json":{"title":"Rozdzielnica budowlana 16A 32A zabezpieczona erbetka 4x230V Doktorvolt DV-2107-D - DOKTORVOLT\u00ae","robots":{"index":"index","follow":"follow","max-snippet":"max-snippet:-1","max-image-preview":"max-image-preview:large","max-video-preview":"max-video-preview:-1"},"canonical":"https:\/\/doktorvolt.pl\/en\/oferta-doktorvolt\/distribution-boxes\/td-series\/rozdzielnica-budowlana-16a-32a-zabezpieczona-erbetka-4x230v-doktorvolt-dv-2107-d\/","og_locale":"en_US","og_type":"article","og_title":"Rozdzielnica budowlana 16A 32A zabezpieczona erbetka 4x230V Doktorvolt DV-2107-D - DOKTORVOLT\u00ae","og_description":"Rozdzielnica budowlana z 12 modu\u0142owa wyposa\u017cona w gniazda si\u0142owe 32A\/16A oraz 4x230V Schuko marki Mennekes, gwarantuje stabilne zasilanie. Wytrzyma\u0142a obudowa, zabezpieczenia nadpr\u0105dowe 10kA, certyfikat T\u00dcV S\u00dcD gwarantuje niezawodno\u015b\u0107 i zgodno\u015b\u0107 z normami","og_url":"https:\/\/doktorvolt.pl\/en\/oferta-doktorvolt\/distribution-boxes\/td-series\/rozdzielnica-budowlana-16a-32a-zabezpieczona-erbetka-4x230v-doktorvolt-dv-2107-d\/","og_site_name":"DOKTORVOLT\u00ae","og_image":[{"width":1600,"height":1600,"url":"https:\/\/doktorvolt.pl\/wp-content\/uploads\/2026\/02\/pol_pl_Rozdzielnica-budowlana-16A-32A-zabezpieczona-erbetka-4x230V-Doktorvolt-DV-2107-D-17061_1.jpg","type":"image\/jpeg"}],"twitter_card":"summary_large_image","twitter_misc":{"Est. reading time":"3 minutes"},"schema":{"@context":"https:\/\/schema.org","@graph":[{"@type":"WebPage","@id":"https:\/\/doktorvolt.pl\/en\/oferta-doktorvolt\/distribution-boxes\/td-series\/rozdzielnica-budowlana-16a-32a-zabezpieczona-erbetka-4x230v-doktorvolt-dv-2107-d\/","url":"https:\/\/doktorvolt.pl\/en\/oferta-doktorvolt\/distribution-boxes\/td-series\/rozdzielnica-budowlana-16a-32a-zabezpieczona-erbetka-4x230v-doktorvolt-dv-2107-d\/","name":"Rozdzielnica budowlana 16A 32A zabezpieczona erbetka 4x230V Doktorvolt DV-2107-D - DOKTORVOLT\u00ae","isPartOf":{"@id":"https:\/\/doktorvolt.pl\/de\/#website"},"primaryImageOfPage":{"@id":"https:\/\/doktorvolt.pl\/en\/oferta-doktorvolt\/distribution-boxes\/td-series\/rozdzielnica-budowlana-16a-32a-zabezpieczona-erbetka-4x230v-doktorvolt-dv-2107-d\/#primaryimage"},"image":{"@id":"https:\/\/doktorvolt.pl\/en\/oferta-doktorvolt\/distribution-boxes\/td-series\/rozdzielnica-budowlana-16a-32a-zabezpieczona-erbetka-4x230v-doktorvolt-dv-2107-d\/#primaryimage"},"thumbnailUrl":"https:\/\/doktorvolt.pl\/wp-content\/uploads\/2026\/02\/pol_pl_Rozdzielnica-budowlana-16A-32A-zabezpieczona-erbetka-4x230V-Doktorvolt-DV-2107-D-17061_1.jpg","datePublished":"2026-02-23T12:52:37+00:00","breadcrumb":{"@id":"https:\/\/doktorvolt.pl\/en\/oferta-doktorvolt\/distribution-boxes\/td-series\/rozdzielnica-budowlana-16a-32a-zabezpieczona-erbetka-4x230v-doktorvolt-dv-2107-d\/#breadcrumb"},"inLanguage":"en-US","potentialAction":[{"@type":"ReadAction","target":["https:\/\/doktorvolt.pl\/en\/oferta-doktorvolt\/distribution-boxes\/td-series\/rozdzielnica-budowlana-16a-32a-zabezpieczona-erbetka-4x230v-doktorvolt-dv-2107-d\/"]}]},{"@type":"ImageObject","inLanguage":"en-US","@id":"https:\/\/doktorvolt.pl\/en\/oferta-doktorvolt\/distribution-boxes\/td-series\/rozdzielnica-budowlana-16a-32a-zabezpieczona-erbetka-4x230v-doktorvolt-dv-2107-d\/#primaryimage","url":"https:\/\/doktorvolt.pl\/wp-content\/uploads\/2026\/02\/pol_pl_Rozdzielnica-budowlana-16A-32A-zabezpieczona-erbetka-4x230V-Doktorvolt-DV-2107-D-17061_1.jpg","contentUrl":"https:\/\/doktorvolt.pl\/wp-content\/uploads\/2026\/02\/pol_pl_Rozdzielnica-budowlana-16A-32A-zabezpieczona-erbetka-4x230V-Doktorvolt-DV-2107-D-17061_1.jpg","width":1600,"height":1600},{"@type":"BreadcrumbList","@id":"https:\/\/doktorvolt.pl\/en\/oferta-doktorvolt\/distribution-boxes\/td-series\/rozdzielnica-budowlana-16a-32a-zabezpieczona-erbetka-4x230v-doktorvolt-dv-2107-d\/#breadcrumb","itemListElement":[{"@type":"ListItem","position":1,"name":"Strona g\u0142\u00f3wna","item":"https:\/\/doktorvolt.pl\/en\/"},{"@type":"ListItem","position":2,"name":"Offer Doktorvolt","item":"https:\/\/doktorvolt.pl\/en\/offer-doktorvolt\/"},{"@type":"ListItem","position":3,"name":"Rozdzielnica budowlana 16A 32A zabezpieczona erbetka 4x230V Doktorvolt DV-2107-D"}]},{"@type":"WebSite","@id":"https:\/\/doktorvolt.pl\/de\/#website","url":"https:\/\/doktorvolt.pl\/de\/","name":"DOKTORVOLT\u00ae","description":"Producent rozdzielnic budowlanych","publisher":{"@id":"https:\/\/doktorvolt.pl\/de\/#organization"},"potentialAction":[{"@type":"SearchAction","target":{"@type":"EntryPoint","urlTemplate":"https:\/\/doktorvolt.pl\/de\/?s={search_term_string}"},"query-input":{"@type":"PropertyValueSpecification","valueRequired":true,"valueName":"search_term_string"}}],"inLanguage":"en-US"},{"@type":"Organization","@id":"https:\/\/doktorvolt.pl\/de\/#organization","name":"DOKTORVOLT\u00ae","url":"https:\/\/doktorvolt.pl\/de\/","logo":{"@type":"ImageObject","inLanguage":"en-US","@id":"https:\/\/doktorvolt.pl\/de\/#\/schema\/logo\/image\/","url":"https:\/\/doktorvolt.pl\/wp-content\/uploads\/2023\/10\/DoktorVOLT-black-png.png","contentUrl":"https:\/\/doktorvolt.pl\/wp-content\/uploads\/2023\/10\/DoktorVOLT-black-png.png","width":729,"height":40,"caption":"DOKTORVOLT\u00ae"},"image":{"@id":"https:\/\/doktorvolt.pl\/de\/#\/schema\/logo\/image\/"}}]}},"_links":{"self":[{"href":"https:\/\/doktorvolt.pl\/en\/wp-json\/wp\/v2\/product\/111236","targetHints":{"allow":["GET"]}}],"collection":[{"href":"https:\/\/doktorvolt.pl\/en\/wp-json\/wp\/v2\/product"}],"about":[{"href":"https:\/\/doktorvolt.pl\/en\/wp-json\/wp\/v2\/types\/product"}],"wp:featuredmedia":[{"embeddable":true,"href":"https:\/\/doktorvolt.pl\/en\/wp-json\/wp\/v2\/media\/98889"}],"wp:attachment":[{"href":"https:\/\/doktorvolt.pl\/en\/wp-json\/wp\/v2\/media?parent=111236"}],"wp:term":[{"taxonomy":"product_brand","embeddable":true,"href":"https:\/\/doktorvolt.pl\/en\/wp-json\/wp\/v2\/product_brand?post=111236"},{"taxonomy":"product_cat","embeddable":true,"href":"https:\/\/doktorvolt.pl\/en\/wp-json\/wp\/v2\/product_cat?post=111236"},{"taxonomy":"product_tag","embeddable":true,"href":"https:\/\/doktorvolt.pl\/en\/wp-json\/wp\/v2\/product_tag?post=111236"}],"curies":[{"name":"wp","href":"https:\/\/api.w.org\/{rel}","templated":true}]}}