{"id":111242,"date":"2026-02-23T14:51:41","date_gmt":"2026-02-23T12:51:41","guid":{"rendered":"https:\/\/doktorvolt.pl\/sklep\/uncategorized\/rozdzielnica-budowlana-z-lacznikiem-gr-s-fi-32a-3x16a-5x230v-schuko-doktorvolt-6640\/"},"modified":"2026-02-23T14:51:41","modified_gmt":"2026-02-23T12:51:41","slug":"rozdzielnica-budowlana-z-lacznikiem-gr-s-fi-32a-3x16a-5x230v-schuko-doktorvolt-6640","status":"publish","type":"product","link":"https:\/\/doktorvolt.pl\/en\/oferta-doktorvolt\/distribution-boxes\/gr-series\/rozdzielnica-budowlana-z-lacznikiem-gr-s-fi-32a-3x16a-5x230v-schuko-doktorvolt-6640\/","title":{"rendered":"Rozdzielnica budowlana z \u0142\u0105cznikiem GR-S\/FI 32A 3x16A 5x230V Schuko Doktorvolt 6640"},"content":{"rendered":"<p><!-- aukcja by D\u017cesa --><\/p>\n<h1 style=\"text-align: center;\"><span style=\"color: #000000;\">Zabezpieczona rozdzielnica budowlana GR-S\/FI 32A 3x16A 5x230V z \u0142\u0105cznikiem krzywkowym 0-1 i gniazdami Mennekes Doktorvolt\u00ae <\/span><\/h1>\n<h1 style=\"text-align: center;\"><span style=\"color: #000000;\"> <\/span><span style=\"color: #d0121a;\">Niemiecki system gniazd &#8211; Schuko<\/span><\/h1>\n<\/p>\n<p style=\"font-family: verdana, geneva; font-size: 12pt; text-align: center;\"><span style=\"color: #000000;\">&#x2b50;&#x2b50;&#x2b50;&#x2b50;&#x2b50;<\/span><\/p>\n<\/p>\n<p style=\"font-size: 13pt; text-align: left;\"><span style=\"color: #000000;\"><strong>&#x27a1;&#xfe0f; Rozdzielnica elektryczna GR-S\/FI 32A 3x16A 5x230V Doktorvolt\u00ae, zalety:<\/strong> <\/span><\/p>\n<p style=\"font-size: 13pt; text-align: left;\"><span style=\"color: #000000;\">&#x2714;&#xfe0f; Kompaktowa i zwarta obudowa wykonana z najlepszej jako\u015bci materia\u0142\u00f3w,<\/span><\/p>\n<p style=\"font-size: 13pt; text-align: left;\"><span style=\"color: #000000;\">&#x2714;&#xfe0f; wyposa\u017cona w pi\u0119\u0107 gniazd 230 V 16 A oraz gniazda si\u0142owe 1x 32 A 400 V, 3x 16 A 400 V producenta Mennekes,<\/span><\/p>\n<p style=\"font-size: 13pt; text-align: left;\"><span style=\"color: #000000;\">&#x2714;&#xfe0f; okablowanie i gniazda pochodz\u0105ce od renomowanych producent\u00f3w osprz\u0119tu elektrycznego,<\/span><\/p>\n<p style=\"font-size: 13pt; text-align: left;\"><span style=\"color: #000000;\"> &#x2714;&#xfe0f; klasa szczelno\u015bci erbetki IP 44,<\/span><\/p>\n<p style=\"font-size: 13pt; text-align: left;\"><span style=\"color: #000000;\"> &#x2714;&#xfe0f; gotowa do pod\u0142\u0105czenia,<\/span><\/p>\n<p style=\"font-size: 13pt; text-align: left;\"><span style=\"color: #000000;\"> &#x2714;&#xfe0f; wyposa\u017cona w \u0142\u0105cznik krzywkowy,<\/span><\/p>\n<p style=\"font-size: 13pt; text-align: left;\"><span style=\"color: #000000;\"> &#x2714;&#xfe0f; ochrona przed dotykiem po\u015brednim,<\/span><\/p>\n<p style=\"font-size: 13pt; text-align: left;\"><span style=\"color: #000000;\"> &#x2714;&#xfe0f; zabezpieczenie napr\u0105dowe gniazd.<\/span><\/p>\n<\/p>\n<p style=\"font-size: 13pt; text-align: left;\"><span style=\"color: #000000;\"><strong>&#x27a1;&#xfe0f; Rozdzielnica elektryczna GR-S\/FI 32A 3x16A 5x230V Doktorvolt\u00ae, zastosowanie:<\/strong><\/span><\/p>\n<p style=\"font-size: 13pt; text-align: left;\"><span style=\"color: #000000;\">&#x2714;&#xfe0f; Na placach i obszarach bud\u00f3w oraz podczas prac drogowych,<br \/><\/span><\/p>\n<p style=\"font-size: 13pt; text-align: left;\"><span style=\"color: #000000;\">&#x2714;&#xfe0f; do zak\u0142ad\u00f3w przemys\u0142owych,<br \/><\/span><\/p>\n<p style=\"font-size: 13pt; text-align: left;\"><span style=\"color: #000000;\">&#x2714;&#xfe0f; w warsztatach i gara\u017cach, w kt\u00f3rych konieczne jest pod\u0142\u0105czenie urz\u0105dze\u0144 do gniazda si\u0142owego,<br \/><\/span><\/p>\n<p style=\"font-size: 13pt; text-align: left;\"><span style=\"color: #000000;\">&#x2714;&#xfe0f; podczas samodzielnej budowy domu,<br \/><\/span><\/p>\n<p style=\"font-size: 13pt; text-align: left;\"><span style=\"color: #000000;\">&#x2714;&#xfe0f; do zasilania w energi\u0119 elektryczn\u0105 teren\u00f3w zielonych i imprez masowych na \u015bwie\u017cym powietrzu.<\/span><\/p>\n<\/p>\n<p><center><\/p>\n<p><span style=\"color: #000000;\"><iframe width=\"660\" height=\"415\" src=\"https:\/\/www.youtube.com\/embed\/OGZNz2HYkaQ\" frameborder=\"0\"><\/iframe><\/span><\/p>\n<p><\/center><\/p>\n<p style=\"font-size: 13pt; text-align: left;\"><span style=\"color: #000000;\"><strong>&#x27a1;&#xfe0f; Prezentowana rozdzielnica budowlana wyposa\u017cona zosta\u0142a w:<\/strong> <\/span><\/p>\n<p style=\"text-align: justify;\"><span style=\"font-family: verdana, geneva; font-size: 12pt; color: #000000;\">&#x2714;&#xfe0f; gniazda si\u0142owe 3x 400V 16A, 1x 400V 32A o klasie szczelno\u015bci IP 44,<\/span><\/p>\n<p style=\"text-align: justify;\"><span style=\"font-family: verdana, geneva; font-size: 12pt; color: #000000;\">&#x2714;&#xfe0f; pi\u0119\u0107 gniazd 5x 230V 16A o klasie szczelno\u015bci IP 54,<\/span><\/p>\n<p style=\"text-align: justify;\"><span style=\"font-family: verdana, geneva; font-size: 12pt; color: #000000;\">&#x2714;&#xfe0f; zabezpieczenia nadpr\u0105dowe gniazd 230 V 3x C16 1P 10 kA,<br \/><\/span><\/p>\n<p style=\"text-align: justify;\"><span style=\"font-family: verdana, geneva; font-size: 12pt; color: #000000;\">&#x2714;&#xfe0f; zabezpieczenie nadpr\u0105dowe gniazd si\u0142owych 1x C32 3P 10kA, 3x C16 3P 10kA,<br \/><\/span><\/p>\n<p style=\"text-align: justify;\"><span style=\"font-family: verdana, geneva; font-size: 12pt; color: #000000;\">&#x2714;&#xfe0f; wy\u0142\u0105cznik r\u00f3\u017cnicowopr\u0105dowy 63A 4P 30mA,<br \/><\/span><\/p>\n<p style=\"text-align: justify;\"><span style=\"font-family: verdana, geneva; font-size: 12pt; color: #000000;\">&#x2714;&#xfe0f; \u0142\u0105cznik krzywkowy 0-1.<\/span><\/p>\n<p style=\"text-align: justify;\"><span style=\"font-family: verdana, geneva; font-size: 12pt; color: #000000;\">&#x2714;&#xfe0f; okablowanie. <\/span><\/p>\n<\/p>\n<p style=\"font-size: 13pt; text-align: left;\"><span style=\"color: #000000;\"><strong>&#x27a1;&#xfe0f; Firma Doktorvolt\u00ae w procesie produkcji rozdzielnic wdro\u017cy\u0142a system zarz\u0105dzania certyfikowany przez T\u00dcV S\u00dcD:<\/strong> <\/span><\/p>\n<p style=\"text-align: justify;\"><span style=\"font-family: verdana, geneva; font-size: 12pt; color: #000000;\"><span>&#x2714;&#xfe0f; gwarancja wysokiej jako\u015bci,<\/span><\/span><\/p>\n<p style=\"text-align: justify;\"><span style=\"font-family: verdana, geneva; font-size: 12pt; color: #000000;\"><span>&#x2714;&#xfe0f; transparentny przep\u0142yw informacji,<\/span><\/span><\/p>\n<p style=\"text-align: justify;\"><span style=\"font-family: verdana, geneva; font-size: 12pt; color: #000000;\"><span>&#x2714;&#xfe0f; gwarancja w zakresie bezpiecze\u0144stwa,<\/span><\/span><\/p>\n<p style=\"text-align: justify;\"><span style=\"font-family: verdana, geneva; font-size: 12pt; color: #000000;\"><span>&#x2714;&#xfe0f; zapewniona dobra obs\u0142uga klienta.<\/span><\/span><\/p>\n<p style=\"text-align: center;\"><img decoding=\"async\" src=\"\/data\/include\/cms\/description\/img\/cms\/certyfikat%20TUV.png\" alt=\"\" width=\"306\" height=\"152\" \/><\/p>\n<\/p>\n<h1 style=\"text-align: center; font-size: 24pt;\"><span><\/span><\/h1>\n<h4 style=\"font-size: 14pt; text-align: center;\"><span><\/span><\/h4>\n<h2 style=\"font-size: 14pt; text-align: justify;\"><strong><span>Specyfikacja Techniczna:<\/span><\/strong><\/h2>\n<ul style=\"font-size: 13pt; text-align: left;\">\n<li><b>Obudowa rozdzielnicy:<\/b><\/li>\n<ul>\n<li><b>Ilo\u015b\u0107 modu\u0142\u00f3w:<\/b> 19<\/li>\n<li><b>Ilo\u015b\u0107 rz\u0119d\u00f3w:<\/b> 1<\/li>\n<\/ul>\n<li><b>Monta\u017c:<\/b> natynkowy<\/li>\n<li><b>Stopie\u0144 ochrony rozdzielnicy:<\/b> IP44<\/li>\n<li><b>Napi\u0119cie znamionowe obudowy:<\/b> 1000V<\/li>\n<li><b>Wymiary obudowy z gniazdami:<\/b> 400x515x135 mm<\/li>\n<li><b>Materia\u0142 obudowy:<\/b> ABS<\/li>\n<li><b>Materia\u0142 drzwi:<\/b> ABS<\/li>\n<li><b>Kolor przedniej p\u0142yty obudowy:<\/b> szary RAL 7035<\/li>\n<li><b>Kolor tylnej p\u0142yty obudowy:<\/b> czarny<\/li>\n<li><b>Materia\u0142 \u015brub:<\/b> wytrzyma\u0142e tworzywo sztuczne<\/li>\n<li><b>Materia\u0142 uszczelki:<\/b> guma EPDM<\/li>\n<li><b>D\u0142awnica PG do\u0142\u0105czona w zestawie:<\/b> 1x PG-29<\/li>\n<li><b>Certyfikaty i normy:<\/b> CE<\/li>\n<li><b>Gniazda i aparatura modu\u0142owa:<\/b><\/li>\n<li><b>Ochrona przed dotykiem po\u015brednim:<\/b> wy\u0142\u0105cznik r\u00f3\u017cnicowopr\u0105dowy<\/li>\n<li><b>63A 30mA 4P Typ A RCCB:<\/b><\/li>\n<li><b>Gniazda si\u0142owe:<\/b> 3x 16A 5P 400V IP44 czerwone Typ 1385 Mennekes<\/li>\n<li><b>Zabezpieczenie nadpr\u0105dowe gniazd si\u0142owych:<\/b> 3x C16 3P 10kA<\/li>\n<li><b>Gniazda 230V:<\/b> 5 x 230V 16A Mennekes 11011 IP44<\/li>\n<li><b>Zabezpieczenie nadpr\u0105dowe gniazd 230V:<\/b> 3 x C16 1P 10kA<\/li>\n<li><b>Szyna \u0142\u0105czeniowa:<\/b> 3F 18M 12mm\u00b2<\/li>\n<li><b>\u0141\u0105cznik krzywkowy:<\/b> 0 &#8211; 1 3F 4P 63A 500V S63 JD 1104 A6 <\/li>\n<li><b>Certyfikaty i normy wy\u0142\u0105cznika r\u00f3\u017cnicowopr\u0105dowego:<\/b><\/li>\n<ul>\n<li>IEC 61009-1<\/li>\n<li>EN 61009-1<\/li>\n<li>PN-EN-61009-1<\/li>\n<li>STN EN 61009-1<\/li>\n<li>EFS<\/li>\n<li>EFC<\/li>\n<li>CE<\/li>\n<\/ul>\n<li><b>Certyfikaty i normy wy\u0142\u0105cznik\u00f3w nadpr\u0105dowych:<\/b><\/li>\n<ul>\n<li>CSN EN 60898<\/li>\n<li>SN EN 60947-2<\/li>\n<li>EFS<\/li>\n<li>EFC<\/li>\n<li>VDE<\/li>\n<\/ul>\n<li><b>Okablowanie:<\/b><\/li>\n<li><b>Rodzaj okablowania:<\/b> Linka ster. H07V-K<\/li>\n<li><b>D\u0142ugo\u015b\u0107:<\/b> 2,5mm\u00b2, 4mm\u00b2<\/li>\n<li><b>Kolor:<\/b> \u017c\u00f3\u0142toziel.<\/li>\n<li><b>Linka ster. H07V-K:<\/b> 2,5mm\u00b2, 4mm\u00b2, 10mm\u00b2 czarna<\/li>\n<li><b>Linka ster. H07V-K:<\/b> 2,5mm\u00b2, 4mm\u00b2, 10mm\u00b2 niebieska<\/li>\n<li><b>Normy i certyfikaty:<\/b> CPR<\/li>\n<li><b>RoHS:<\/b><\/li>\n<li><b>CE:<\/b><\/li>\n<li><b>Informacje og\u00f3lne:<\/b><\/li>\n<li><b>Pr\u0105d znamionowy:<\/b> 63 A<\/li>\n<li><b>Napi\u0119cie znamionowe:<\/b> 230 \/ 400 V<\/li>\n<li><b>ICC:<\/b> \u2264 10 kA<\/li>\n<li><b>RDF:<\/b> 0,7<\/li>\n<li><b>Informacje producenta:<\/b><\/li>\n<li><b>Producent:<\/b> Doktorvolt<\/li>\n<li><b>Certyfikaty i normy producenta:<\/b><\/li>\n<ul>\n<li>T\u00dcV S\u00dcD<\/li>\n<li>ISO 9001:2015<\/li>\n<li>CE<\/li>\n<li>IEC 61439<\/li>\n<\/ul>\n<li><b>Oznaczenie producenta:<\/b> DV-6640-D<\/li>\n<li><b>EAN:<\/b> 5904730356640<\/li>\n<\/ul>\n","protected":false},"excerpt":{"rendered":"","protected":false},"featured_media":98787,"template":"","meta":[],"product_brand":[],"product_cat":[5061],"product_tag":[],"class_list":{"0":"post-111242","1":"product","2":"type-product","3":"status-publish","4":"has-post-thumbnail","6":"product_cat-gr-series","7":"pa_cee-liczba-biegunow-modulow-5p","8":"pa_dodatkowe-wyposazenie-with-switch","9":"pa_material-obudowy-plastic","10":"pa_napiecie-cee-400v","11":"pa_natezenie-pradu-cee-16a","12":"pa_typ-gniazd-typ-f-schuko","13":"pa_zabezpieczenie-wylacznik-nadpradowy-wylacznik-roznicowopradowy","15":"first","16":"instock","17":"shipping-taxable","18":"product-type-external"},"yoast_head":"<!-- This site is optimized with the Yoast SEO plugin v27.0 - https:\/\/yoast.com\/product\/yoast-seo-wordpress\/ -->\n<title>Rozdzielnica budowlana z \u0142\u0105cznikiem GR-S\/FI 32A 3x16A 5x230V Schuko Doktorvolt 6640 - DOKTORVOLT\u00ae<\/title>\n<meta name=\"robots\" content=\"index, follow, max-snippet:-1, max-image-preview:large, max-video-preview:-1\" \/>\n<link rel=\"canonical\" href=\"https:\/\/doktorvolt.pl\/en\/oferta-doktorvolt\/distribution-boxes\/gr-series\/rozdzielnica-budowlana-z-lacznikiem-gr-s-fi-32a-3x16a-5x230v-schuko-doktorvolt-6640\/\" \/>\n<meta property=\"og:locale\" content=\"en_US\" \/>\n<meta property=\"og:type\" content=\"article\" \/>\n<meta property=\"og:title\" content=\"Rozdzielnica budowlana z \u0142\u0105cznikiem GR-S\/FI 32A 3x16A 5x230V Schuko Doktorvolt 6640 - DOKTORVOLT\u00ae\" \/>\n<meta property=\"og:url\" content=\"https:\/\/doktorvolt.pl\/en\/oferta-doktorvolt\/distribution-boxes\/gr-series\/rozdzielnica-budowlana-z-lacznikiem-gr-s-fi-32a-3x16a-5x230v-schuko-doktorvolt-6640\/\" \/>\n<meta property=\"og:site_name\" content=\"DOKTORVOLT\u00ae\" \/>\n<meta property=\"og:image\" content=\"https:\/\/doktorvolt.pl\/wp-content\/uploads\/2026\/02\/pol_pl_Rozdzielnica-budowlana-z-lacznikiem-GR-S-FI-32A-3x16A-5x230V-Schuko-Doktorvolt-6640-12346_1.jpg\" \/>\n\t<meta property=\"og:image:width\" content=\"1600\" \/>\n\t<meta property=\"og:image:height\" content=\"1600\" \/>\n\t<meta property=\"og:image:type\" content=\"image\/jpeg\" \/>\n<meta name=\"twitter:card\" content=\"summary_large_image\" \/>\n<meta name=\"twitter:label1\" content=\"Est. reading time\" \/>\n\t<meta name=\"twitter:data1\" content=\"3 minutes\" \/>\n<script type=\"application\/ld+json\" class=\"yoast-schema-graph\">{\"@context\":\"https:\/\/schema.org\",\"@graph\":[{\"@type\":\"WebPage\",\"@id\":\"https:\/\/doktorvolt.pl\/en\/oferta-doktorvolt\/distribution-boxes\/gr-series\/rozdzielnica-budowlana-z-lacznikiem-gr-s-fi-32a-3x16a-5x230v-schuko-doktorvolt-6640\/\",\"url\":\"https:\/\/doktorvolt.pl\/en\/oferta-doktorvolt\/distribution-boxes\/gr-series\/rozdzielnica-budowlana-z-lacznikiem-gr-s-fi-32a-3x16a-5x230v-schuko-doktorvolt-6640\/\",\"name\":\"Rozdzielnica budowlana z \u0142\u0105cznikiem GR-S\/FI 32A 3x16A 5x230V Schuko Doktorvolt 6640 - DOKTORVOLT\u00ae\",\"isPartOf\":{\"@id\":\"https:\/\/doktorvolt.pl\/de\/#website\"},\"primaryImageOfPage\":{\"@id\":\"https:\/\/doktorvolt.pl\/en\/oferta-doktorvolt\/distribution-boxes\/gr-series\/rozdzielnica-budowlana-z-lacznikiem-gr-s-fi-32a-3x16a-5x230v-schuko-doktorvolt-6640\/#primaryimage\"},\"image\":{\"@id\":\"https:\/\/doktorvolt.pl\/en\/oferta-doktorvolt\/distribution-boxes\/gr-series\/rozdzielnica-budowlana-z-lacznikiem-gr-s-fi-32a-3x16a-5x230v-schuko-doktorvolt-6640\/#primaryimage\"},\"thumbnailUrl\":\"https:\/\/doktorvolt.pl\/wp-content\/uploads\/2026\/02\/pol_pl_Rozdzielnica-budowlana-z-lacznikiem-GR-S-FI-32A-3x16A-5x230V-Schuko-Doktorvolt-6640-12346_1.jpg\",\"datePublished\":\"2026-02-23T12:51:41+00:00\",\"breadcrumb\":{\"@id\":\"https:\/\/doktorvolt.pl\/en\/oferta-doktorvolt\/distribution-boxes\/gr-series\/rozdzielnica-budowlana-z-lacznikiem-gr-s-fi-32a-3x16a-5x230v-schuko-doktorvolt-6640\/#breadcrumb\"},\"inLanguage\":\"en-US\",\"potentialAction\":[{\"@type\":\"ReadAction\",\"target\":[\"https:\/\/doktorvolt.pl\/en\/oferta-doktorvolt\/distribution-boxes\/gr-series\/rozdzielnica-budowlana-z-lacznikiem-gr-s-fi-32a-3x16a-5x230v-schuko-doktorvolt-6640\/\"]}]},{\"@type\":\"ImageObject\",\"inLanguage\":\"en-US\",\"@id\":\"https:\/\/doktorvolt.pl\/en\/oferta-doktorvolt\/distribution-boxes\/gr-series\/rozdzielnica-budowlana-z-lacznikiem-gr-s-fi-32a-3x16a-5x230v-schuko-doktorvolt-6640\/#primaryimage\",\"url\":\"https:\/\/doktorvolt.pl\/wp-content\/uploads\/2026\/02\/pol_pl_Rozdzielnica-budowlana-z-lacznikiem-GR-S-FI-32A-3x16A-5x230V-Schuko-Doktorvolt-6640-12346_1.jpg\",\"contentUrl\":\"https:\/\/doktorvolt.pl\/wp-content\/uploads\/2026\/02\/pol_pl_Rozdzielnica-budowlana-z-lacznikiem-GR-S-FI-32A-3x16A-5x230V-Schuko-Doktorvolt-6640-12346_1.jpg\",\"width\":1600,\"height\":1600},{\"@type\":\"BreadcrumbList\",\"@id\":\"https:\/\/doktorvolt.pl\/en\/oferta-doktorvolt\/distribution-boxes\/gr-series\/rozdzielnica-budowlana-z-lacznikiem-gr-s-fi-32a-3x16a-5x230v-schuko-doktorvolt-6640\/#breadcrumb\",\"itemListElement\":[{\"@type\":\"ListItem\",\"position\":1,\"name\":\"Strona g\u0142\u00f3wna\",\"item\":\"https:\/\/doktorvolt.pl\/en\/\"},{\"@type\":\"ListItem\",\"position\":2,\"name\":\"Offer Doktorvolt\",\"item\":\"https:\/\/doktorvolt.pl\/en\/offer-doktorvolt\/\"},{\"@type\":\"ListItem\",\"position\":3,\"name\":\"Rozdzielnica budowlana z \u0142\u0105cznikiem GR-S\/FI 32A 3x16A 5x230V Schuko Doktorvolt 6640\"}]},{\"@type\":\"WebSite\",\"@id\":\"https:\/\/doktorvolt.pl\/de\/#website\",\"url\":\"https:\/\/doktorvolt.pl\/de\/\",\"name\":\"DOKTORVOLT\u00ae\",\"description\":\"Producent rozdzielnic budowlanych\",\"publisher\":{\"@id\":\"https:\/\/doktorvolt.pl\/de\/#organization\"},\"potentialAction\":[{\"@type\":\"SearchAction\",\"target\":{\"@type\":\"EntryPoint\",\"urlTemplate\":\"https:\/\/doktorvolt.pl\/de\/?s={search_term_string}\"},\"query-input\":{\"@type\":\"PropertyValueSpecification\",\"valueRequired\":true,\"valueName\":\"search_term_string\"}}],\"inLanguage\":\"en-US\"},{\"@type\":\"Organization\",\"@id\":\"https:\/\/doktorvolt.pl\/de\/#organization\",\"name\":\"DOKTORVOLT\u00ae\",\"url\":\"https:\/\/doktorvolt.pl\/de\/\",\"logo\":{\"@type\":\"ImageObject\",\"inLanguage\":\"en-US\",\"@id\":\"https:\/\/doktorvolt.pl\/de\/#\/schema\/logo\/image\/\",\"url\":\"https:\/\/doktorvolt.pl\/wp-content\/uploads\/2023\/10\/DoktorVOLT-black-png.png\",\"contentUrl\":\"https:\/\/doktorvolt.pl\/wp-content\/uploads\/2023\/10\/DoktorVOLT-black-png.png\",\"width\":729,\"height\":40,\"caption\":\"DOKTORVOLT\u00ae\"},\"image\":{\"@id\":\"https:\/\/doktorvolt.pl\/de\/#\/schema\/logo\/image\/\"}}]}<\/script>\n<!-- \/ Yoast SEO plugin. -->","yoast_head_json":{"title":"Rozdzielnica budowlana z \u0142\u0105cznikiem GR-S\/FI 32A 3x16A 5x230V Schuko Doktorvolt 6640 - DOKTORVOLT\u00ae","robots":{"index":"index","follow":"follow","max-snippet":"max-snippet:-1","max-image-preview":"max-image-preview:large","max-video-preview":"max-video-preview:-1"},"canonical":"https:\/\/doktorvolt.pl\/en\/oferta-doktorvolt\/distribution-boxes\/gr-series\/rozdzielnica-budowlana-z-lacznikiem-gr-s-fi-32a-3x16a-5x230v-schuko-doktorvolt-6640\/","og_locale":"en_US","og_type":"article","og_title":"Rozdzielnica budowlana z \u0142\u0105cznikiem GR-S\/FI 32A 3x16A 5x230V Schuko Doktorvolt 6640 - DOKTORVOLT\u00ae","og_url":"https:\/\/doktorvolt.pl\/en\/oferta-doktorvolt\/distribution-boxes\/gr-series\/rozdzielnica-budowlana-z-lacznikiem-gr-s-fi-32a-3x16a-5x230v-schuko-doktorvolt-6640\/","og_site_name":"DOKTORVOLT\u00ae","og_image":[{"width":1600,"height":1600,"url":"https:\/\/doktorvolt.pl\/wp-content\/uploads\/2026\/02\/pol_pl_Rozdzielnica-budowlana-z-lacznikiem-GR-S-FI-32A-3x16A-5x230V-Schuko-Doktorvolt-6640-12346_1.jpg","type":"image\/jpeg"}],"twitter_card":"summary_large_image","twitter_misc":{"Est. reading time":"3 minutes"},"schema":{"@context":"https:\/\/schema.org","@graph":[{"@type":"WebPage","@id":"https:\/\/doktorvolt.pl\/en\/oferta-doktorvolt\/distribution-boxes\/gr-series\/rozdzielnica-budowlana-z-lacznikiem-gr-s-fi-32a-3x16a-5x230v-schuko-doktorvolt-6640\/","url":"https:\/\/doktorvolt.pl\/en\/oferta-doktorvolt\/distribution-boxes\/gr-series\/rozdzielnica-budowlana-z-lacznikiem-gr-s-fi-32a-3x16a-5x230v-schuko-doktorvolt-6640\/","name":"Rozdzielnica budowlana z \u0142\u0105cznikiem GR-S\/FI 32A 3x16A 5x230V Schuko Doktorvolt 6640 - DOKTORVOLT\u00ae","isPartOf":{"@id":"https:\/\/doktorvolt.pl\/de\/#website"},"primaryImageOfPage":{"@id":"https:\/\/doktorvolt.pl\/en\/oferta-doktorvolt\/distribution-boxes\/gr-series\/rozdzielnica-budowlana-z-lacznikiem-gr-s-fi-32a-3x16a-5x230v-schuko-doktorvolt-6640\/#primaryimage"},"image":{"@id":"https:\/\/doktorvolt.pl\/en\/oferta-doktorvolt\/distribution-boxes\/gr-series\/rozdzielnica-budowlana-z-lacznikiem-gr-s-fi-32a-3x16a-5x230v-schuko-doktorvolt-6640\/#primaryimage"},"thumbnailUrl":"https:\/\/doktorvolt.pl\/wp-content\/uploads\/2026\/02\/pol_pl_Rozdzielnica-budowlana-z-lacznikiem-GR-S-FI-32A-3x16A-5x230V-Schuko-Doktorvolt-6640-12346_1.jpg","datePublished":"2026-02-23T12:51:41+00:00","breadcrumb":{"@id":"https:\/\/doktorvolt.pl\/en\/oferta-doktorvolt\/distribution-boxes\/gr-series\/rozdzielnica-budowlana-z-lacznikiem-gr-s-fi-32a-3x16a-5x230v-schuko-doktorvolt-6640\/#breadcrumb"},"inLanguage":"en-US","potentialAction":[{"@type":"ReadAction","target":["https:\/\/doktorvolt.pl\/en\/oferta-doktorvolt\/distribution-boxes\/gr-series\/rozdzielnica-budowlana-z-lacznikiem-gr-s-fi-32a-3x16a-5x230v-schuko-doktorvolt-6640\/"]}]},{"@type":"ImageObject","inLanguage":"en-US","@id":"https:\/\/doktorvolt.pl\/en\/oferta-doktorvolt\/distribution-boxes\/gr-series\/rozdzielnica-budowlana-z-lacznikiem-gr-s-fi-32a-3x16a-5x230v-schuko-doktorvolt-6640\/#primaryimage","url":"https:\/\/doktorvolt.pl\/wp-content\/uploads\/2026\/02\/pol_pl_Rozdzielnica-budowlana-z-lacznikiem-GR-S-FI-32A-3x16A-5x230V-Schuko-Doktorvolt-6640-12346_1.jpg","contentUrl":"https:\/\/doktorvolt.pl\/wp-content\/uploads\/2026\/02\/pol_pl_Rozdzielnica-budowlana-z-lacznikiem-GR-S-FI-32A-3x16A-5x230V-Schuko-Doktorvolt-6640-12346_1.jpg","width":1600,"height":1600},{"@type":"BreadcrumbList","@id":"https:\/\/doktorvolt.pl\/en\/oferta-doktorvolt\/distribution-boxes\/gr-series\/rozdzielnica-budowlana-z-lacznikiem-gr-s-fi-32a-3x16a-5x230v-schuko-doktorvolt-6640\/#breadcrumb","itemListElement":[{"@type":"ListItem","position":1,"name":"Strona g\u0142\u00f3wna","item":"https:\/\/doktorvolt.pl\/en\/"},{"@type":"ListItem","position":2,"name":"Offer Doktorvolt","item":"https:\/\/doktorvolt.pl\/en\/offer-doktorvolt\/"},{"@type":"ListItem","position":3,"name":"Rozdzielnica budowlana z \u0142\u0105cznikiem GR-S\/FI 32A 3x16A 5x230V Schuko Doktorvolt 6640"}]},{"@type":"WebSite","@id":"https:\/\/doktorvolt.pl\/de\/#website","url":"https:\/\/doktorvolt.pl\/de\/","name":"DOKTORVOLT\u00ae","description":"Producent rozdzielnic budowlanych","publisher":{"@id":"https:\/\/doktorvolt.pl\/de\/#organization"},"potentialAction":[{"@type":"SearchAction","target":{"@type":"EntryPoint","urlTemplate":"https:\/\/doktorvolt.pl\/de\/?s={search_term_string}"},"query-input":{"@type":"PropertyValueSpecification","valueRequired":true,"valueName":"search_term_string"}}],"inLanguage":"en-US"},{"@type":"Organization","@id":"https:\/\/doktorvolt.pl\/de\/#organization","name":"DOKTORVOLT\u00ae","url":"https:\/\/doktorvolt.pl\/de\/","logo":{"@type":"ImageObject","inLanguage":"en-US","@id":"https:\/\/doktorvolt.pl\/de\/#\/schema\/logo\/image\/","url":"https:\/\/doktorvolt.pl\/wp-content\/uploads\/2023\/10\/DoktorVOLT-black-png.png","contentUrl":"https:\/\/doktorvolt.pl\/wp-content\/uploads\/2023\/10\/DoktorVOLT-black-png.png","width":729,"height":40,"caption":"DOKTORVOLT\u00ae"},"image":{"@id":"https:\/\/doktorvolt.pl\/de\/#\/schema\/logo\/image\/"}}]}},"_links":{"self":[{"href":"https:\/\/doktorvolt.pl\/en\/wp-json\/wp\/v2\/product\/111242","targetHints":{"allow":["GET"]}}],"collection":[{"href":"https:\/\/doktorvolt.pl\/en\/wp-json\/wp\/v2\/product"}],"about":[{"href":"https:\/\/doktorvolt.pl\/en\/wp-json\/wp\/v2\/types\/product"}],"wp:featuredmedia":[{"embeddable":true,"href":"https:\/\/doktorvolt.pl\/en\/wp-json\/wp\/v2\/media\/98787"}],"wp:attachment":[{"href":"https:\/\/doktorvolt.pl\/en\/wp-json\/wp\/v2\/media?parent=111242"}],"wp:term":[{"taxonomy":"product_brand","embeddable":true,"href":"https:\/\/doktorvolt.pl\/en\/wp-json\/wp\/v2\/product_brand?post=111242"},{"taxonomy":"product_cat","embeddable":true,"href":"https:\/\/doktorvolt.pl\/en\/wp-json\/wp\/v2\/product_cat?post=111242"},{"taxonomy":"product_tag","embeddable":true,"href":"https:\/\/doktorvolt.pl\/en\/wp-json\/wp\/v2\/product_tag?post=111242"}],"curies":[{"name":"wp","href":"https:\/\/api.w.org\/{rel}","templated":true}]}}