{"id":111243,"date":"2026-02-23T14:51:31","date_gmt":"2026-02-23T12:51:31","guid":{"rendered":"https:\/\/doktorvolt.pl\/sklep\/uncategorized\/rozdzielnica-budowlana-z-lacznikiem-td-s-fi-32a-16a-3x230v-schuko-doktorvolt-2404\/"},"modified":"2026-02-23T14:51:31","modified_gmt":"2026-02-23T12:51:31","slug":"rozdzielnica-budowlana-z-lacznikiem-td-s-fi-32a-16a-3x230v-schuko-doktorvolt-2404","status":"publish","type":"product","link":"https:\/\/doktorvolt.pl\/en\/oferta-doktorvolt\/distribution-boxes\/td-series\/rozdzielnica-budowlana-z-lacznikiem-td-s-fi-32a-16a-3x230v-schuko-doktorvolt-2404\/","title":{"rendered":"Rozdzielnica budowlana z \u0142\u0105cznikiem TD-S\/FI 32A 16A 3x230V Schuko Doktorvolt 2404"},"content":{"rendered":"<p><!-- aukcja by D\u017cesa --><\/p>\n<h1 style=\"text-align:center;\"><span style=\"color:#000000;\">Zabezpieczona rozdzielnica&nbsp;budowlana TD-S\/FI 32A 16A 3x230V z \u0142\u0105cznikiem krzywkowym 0-1 Doktorvolt\u00ae<\/span><\/h1>\n<h1 style=\"text-align:center;\"><span style=\"color:#000000;\"> <span style=\"color:#d0121a;\">Niemiecki system gniazd Schuko<\/span>&nbsp;<\/span><\/h1>\n<\/p>\n<p style=\"font-family:verdana, geneva;font-size:12pt;text-align:center;\"><span style=\"color:#000000;\">&#x2b50;&#x2b50;&#x2b50;&#x2b50;&#x2b50;<\/span><\/p>\n<\/p>\n<p style=\"font-size:13pt;text-align:left;\"><span style=\"color:#000000;\"><strong>&#x27a1;&#xfe0f; Rozdzielnica elektryczna TD-S\/FI 32A 16A 3x230V Doktorvolt\u00ae, zalety:<\/strong>&nbsp;<\/span><\/p>\n<p style=\"font-size:13pt;text-align:left;\"><span style=\"color:#000000;\">&#x2714;&#xfe0f; Kompaktowa i zwarta obudowa wykonana z najlepszej jako\u015bci materia\u0142\u00f3w,<\/span><\/p>\n<p style=\"font-size:13pt;text-align:left;\"><span style=\"color:#000000;\">&#x2714;&#xfe0f; wyposa\u017cona w&nbsp;trzy gniazda 230 V 16 A oraz gniazda si\u0142owe 32 A 400 V, 16 A 400 V Mennekes,<\/span><\/p>\n<p style=\"font-size:13pt;text-align:left;\"><span style=\"color:#000000;\">&#x2714;&#xfe0f; okablowanie i gniazda pochodz\u0105ce od renomowanych producent\u00f3w osprz\u0119tu elektrycznego,<\/span><\/p>\n<p style=\"font-size:13pt;text-align:left;\"><span style=\"color:#000000;\"><span>&#x2714;&#xfe0f; ochrona przed dotykiem po\u015brednim,<\/span><\/span><\/p>\n<p style=\"font-size:13pt;text-align:left;\"><span style=\"color:#000000;\"><span><span>&#x2714;&#xfe0f; zabezpieczenia gniazd si\u0142owych oraz gniazd 230V,<\/span><\/span><\/span><\/p>\n<p style=\"font-size:13pt;text-align:left;\"><span style=\"color:#000000;\"> &#x2714;&#xfe0f; klasa szczelno\u015bci erbetki IP 44,<\/span><\/p>\n<p style=\"font-size:13pt;text-align:left;\"><span style=\"color:#000000;\"> &#x2714;&#xfe0f; gotowa do pod\u0142\u0105czenia.<\/span><\/p>\n<\/p>\n<p style=\"font-size:13pt;text-align:left;\"><span style=\"color:#000000;\"><strong>&#x27a1;&#xfe0f; Rozdzielnica&nbsp;elektryczna TD-S\/FI 32A 16A 3x230V Doktorvolt\u00ae, zastosowanie:<\/strong><\/span><\/p>\n<p style=\"font-size:13pt;text-align:left;\"><span style=\"color:#000000;\">&#x2714;&#xfe0f; Na placach i obszarach bud\u00f3w oraz podczas prac drogowych,<br \/><\/span><\/p>\n<p style=\"font-size:13pt;text-align:left;\"><span style=\"color:#000000;\">&#x2714;&#xfe0f; do zak\u0142ad\u00f3w przemys\u0142owych,<br \/><\/span><\/p>\n<p style=\"font-size:13pt;text-align:left;\"><span style=\"color:#000000;\">&#x2714;&#xfe0f; w warsztatach i gara\u017cach, w kt\u00f3rych konieczne jest pod\u0142\u0105czenie urz\u0105dze\u0144 do gniazda si\u0142owego,<br \/><\/span><\/p>\n<p style=\"font-size:13pt;text-align:left;\"><span style=\"color:#000000;\">&#x2714;&#xfe0f; podczas samodzielnej budowy domu,<br \/><\/span><\/p>\n<p style=\"font-size:13pt;text-align:left;\"><span style=\"color:#000000;\">&#x2714;&#xfe0f; do zasilania w energi\u0119 elektryczn\u0105 teren\u00f3w zielonych i imprez masowych na \u015bwie\u017cym powietrzu.<\/span><\/p>\n<\/p>\n<p><center><\/p>\n<p><span style=\"color:#000000;\"><iframe width=\"660\" height=\"415\" src=\"https:\/\/www.youtube.com\/embed\/OGZNz2HYkaQ\" frameborder=\"0\"><\/iframe><\/span><\/p>\n<p><\/center><\/p>\n<p style=\"font-size:13pt;text-align:left;\"><span style=\"color:#000000;\"><strong>&#x27a1;&#xfe0f; Prezentowana rozdzielnica&nbsp;budowlana wyposa\u017cona zosta\u0142a w:<\/strong> <\/span><\/p>\n<p style=\"text-align:justify;\"><span style=\"font-family:verdana, geneva;font-size:12pt;color:#000000;\">&#x2714;&#xfe0f; gniazdo si\u0142owe 1x 400V 16A, 1x 400V 32A o klasie szczelno\u015bci IP 44,<\/span><\/p>\n<p style=\"text-align:justify;\"><span style=\"font-family:verdana, geneva;font-size:12pt;color:#000000;\">&#x2714;&#xfe0f;&nbsp;trzy gniazda 3x 230V 16A o klasie szczelno\u015bci IP 54,<\/span><\/p>\n<p style=\"text-align:justify;\"><span style=\"font-family:verdana, geneva;font-size:12pt;color:#000000;\">&#x2714;&#xfe0f; okablowanie,<\/span><\/p>\n<p style=\"text-align:justify;\"><span style=\"font-family:verdana, geneva;font-size:12pt;color:#000000;\">&#x2714;&#xfe0f;&nbsp;wy\u0142\u0105cznik nadpr\u0105dowy gniazd si\u0142owych C32 3P 10kA, C16 3P 10kA,<\/span><\/p>\n<p style=\"text-align:justify;\"><span style=\"font-family:verdana, geneva;font-size:12pt;color:#000000;\">&#x2714;&#xfe0f;&nbsp;wy\u0142\u0105cznik nadpr\u0105dowy gniazd 230V 2 x C16 1P 10kA,<\/span><\/p>\n<p style=\"text-align:justify;\"><span style=\"font-family:verdana, geneva;font-size:12pt;color:#000000;\">&#x2714;&#xfe0f; wy\u0142\u0105cznik r\u00f3\u017cnicowopr\u0105dowy 40A 30mA 4P,<\/span><\/p>\n<p style=\"text-align:justify;\"><span style=\"font-family:verdana, geneva;font-size:12pt;color:#000000;\"><span>&#x2714;&#xfe0f; \u0142\u0105cznik krzywkowy 0-1,<\/span><\/span><\/p>\n<p style=\"text-align:justify;\"><span style=\"font-family:verdana, geneva;font-size:12pt;color:#000000;\"><span><span>&#x2714;&#xfe0f; komplet za\u015blepek.<\/span><\/span><\/span><\/p>\n<\/p>\n<p style=\"font-size:13pt;text-align:left;\"><span style=\"color:#000000;\"><strong>&#x27a1;&#xfe0f; Firma Doktorvolt\u00ae w procesie produkcji rozdzielnic wdro\u017cy\u0142a system zarz\u0105dzania certyfikowany przez T\u00dcV S\u00dcD:<\/strong> <\/span><\/p>\n<p style=\"text-align:justify;\"><span style=\"font-family:verdana, geneva;font-size:12pt;color:#000000;\"><span>&#x2714;&#xfe0f;&nbsp;gwarancja wysokiej jako\u015bci,<\/span><\/span><\/p>\n<p style=\"text-align:justify;\"><span style=\"font-family:verdana, geneva;font-size:12pt;color:#000000;\"><span>&#x2714;&#xfe0f;&nbsp;transparentny przep\u0142yw informacji,<\/span><\/span><\/p>\n<p style=\"text-align:justify;\"><span style=\"font-family:verdana, geneva;font-size:12pt;color:#000000;\"><span>&#x2714;&#xfe0f;&nbsp;gwarancja&nbsp;w zakresie bezpiecze\u0144stwa,<\/span><\/span><\/p>\n<p style=\"text-align:justify;\"><span style=\"font-family:verdana, geneva;font-size:12pt;color:#000000;\"><span>&#x2714;&#xfe0f;&nbsp;zapewniona dobra obs\u0142uga klienta.<\/span><\/span><\/p>\n<p style=\"text-align:center;\"><img decoding=\"async\" src=\"https:\/\/preis-zone.pl\/data\/include\/cms\/description\/img\/cms\/certyfikat%20TUV.png\" alt=\"\" width=\"306\" height=\"152\"><\/p>\n<\/p>\n<\/p>\n<h2>Specyfikacja Techniczna:<\/h2>\n<ul style=\"font-size: 13pt;\">\n<li><strong>Obudowa Rozdzielnicy:<\/strong><\/li>\n<li><strong>Ilo\u015b\u0107 Modu\u0142\u00f3w:<\/strong> 12<\/li>\n<li><strong>Ilo\u015b\u0107 Rz\u0119d\u00f3w:<\/strong> 1<\/li>\n<li><strong>Monta\u017c:<\/strong> Natynkowy<\/li>\n<li><strong>Stopie\u0144 Ochrony Rozdzielnicy:<\/strong> IP44<\/li>\n<li><strong>Napi\u0119cie Znamionowe Obudowy:<\/strong> 1000V<\/li>\n<li><strong>Wymiary Obudowy Z Gniazdami:<\/strong> 360 x 250 x 200 mm<\/li>\n<li><strong>Materia\u0142 Obudowy:<\/strong> Technopolimer<\/li>\n<li><strong>Materia\u0142 Drzwi:<\/strong> Poliw\u0119glan<\/li>\n<li><strong>Kolor Przedniej P\u0142yty Obudowy:<\/strong> Szary RAL 7035<\/li>\n<li><strong>Kolor Tylnej P\u0142yty Obudowy:<\/strong> Czarny<\/li>\n<li><strong>Materia\u0142 \u015arub:<\/strong> Stal Nierdzewna<\/li>\n<li><strong>Materia\u0142 Uszczelki:<\/strong> Guma EPDM<\/li>\n<li><strong>D\u0142awnica PG Do\u0142\u0105czona W Zestawie:<\/strong> 1x PG-16<\/li>\n<li><strong>Certyfikaty I Normy:<\/strong>\n<ul>\n<li>CE<\/li>\n<li>CEI-23-48\/49<\/li>\n<li>IEC 670<\/li>\n<\/ul>\n<\/li>\n<li><strong>Gniazda I Aparatura Modu\u0142owa:<\/strong><\/li>\n<li><strong>Ochrona Przed Dotykiem Po\u015brednim:<\/strong> Wy\u0142\u0105cznik R\u00f3\u017cnicowopr\u0105dowy 40A 30mA 4P Typ A RCCB Doktorvolt<\/li>\n<li><strong>Gniazda Si\u0142owe:<\/strong> 1 x 16A 5P 400V IP44 Czerwone Typ 1385 Mennekes, 1 x 32A 5P 400V IP44 Czerwone Typ 3451 Mennekes<\/li>\n<li><strong>Zabezpieczenie Nadpr\u0105dowe Gniazd Si\u0142owych:<\/strong> 1 x C16 3P 10kA, 1 x C32 3P 10kA, Doktorvolt<\/li>\n<li><strong>Gniazda 230V:<\/strong> 3 x 230V 16A Mennekes 11011 IP54 2P+E (Niemiecki System Schuko)<\/li>\n<li><strong>Zabezpieczenie Nadpr\u0105dowe Gniazd 230V:<\/strong> 2 x C16 1P 10kA, Doktorvolt<\/li>\n<li><strong>Szyna \u0141\u0105czeniowa:<\/strong> 3F 11M 12mm2 Z Komplet Za\u015blepek<\/li>\n<li><strong>\u0141\u0105cznik Krzywkowy:<\/strong> 0 &#8211; 1 3F 4P 40A 690V S40 JD 1104 A6 SEZ<\/li>\n<li><strong>Pozosta\u0142e Sk\u0142adniki:<\/strong> Zestaw \u015arub Monta\u017cowych Wraz Z Za\u015blepkami<\/li>\n<li><strong>Okablowanie:<\/strong><\/li>\n<li><strong>Rodzaj Okablowania:<\/strong> Linka Ster. H07V-K 2,5, 4 mm\u00b2 \u017b\u00f3\u0142toziel., Linka Ster. H07V-K 2,5, 4, 6 mm\u00b2 Czarna, Linka Ster. H07V-K 2,5, 4, 6 mm\u00b2 Niebieska<\/li>\n<li><strong>Normy I Certyfikaty:<\/strong>\n<ul>\n<li>CPR<\/li>\n<li>RoHS<\/li>\n<li>CE<\/li>\n<\/ul>\n<\/li>\n<li><strong>Informacje Og\u00f3lne:<\/strong><\/li>\n<li><strong>Pr\u0105d Znamionowy:<\/strong> 40 A<\/li>\n<li><strong>Napi\u0119cie Znamionowe:<\/strong> 230 \/ 400 V<\/li>\n<li><strong>ICC:<\/strong> \u2264 10 kA<\/li>\n<li><strong>RDF:<\/strong> 0,7<\/li>\n<li><strong>Informacje Producenta:<\/strong><\/li>\n<li><strong>Producent:<\/strong> Doktorvolt<\/li>\n<li><strong>Certyfikaty I Normy Producenta:<\/strong>\n<ul>\n<li>T\u00dcV S\u00dcD<\/li>\n<li>ISO 9001:2015<\/li>\n<li>CE<\/li>\n<li>IEC 61439<\/li>\n<\/ul>\n<\/li>\n<li><strong>Oznaczenie Producenta:<\/strong> DV-2404-D<\/li>\n<li><strong>EAN:<\/strong> 5905669992404<\/li>\n<\/ul>\n","protected":false},"excerpt":{"rendered":"","protected":false},"featured_media":98770,"template":"","meta":[],"product_brand":[],"product_cat":[5171],"product_tag":[],"class_list":{"0":"post-111243","1":"product","2":"type-product","3":"status-publish","4":"has-post-thumbnail","6":"product_cat-td-series","7":"pa_cee-liczba-biegunow-modulow-5p","8":"pa_dodatkowe-wyposazenie-with-switch","9":"pa_material-obudowy-plastic","10":"pa_napiecie-cee-400v","11":"pa_natezenie-pradu-cee-32a","12":"pa_typ-gniazd-typ-f-schuko","13":"pa_zabezpieczenie-wylacznik-nadpradowy-wylacznik-roznicowopradowy","15":"first","16":"instock","17":"shipping-taxable","18":"product-type-external"},"yoast_head":"<!-- This site is optimized with the Yoast SEO plugin v27.0 - https:\/\/yoast.com\/product\/yoast-seo-wordpress\/ -->\n<title>Rozdzielnica budowlana z \u0142\u0105cznikiem TD-S\/FI 32A 16A 3x230V Schuko Doktorvolt 2404 - DOKTORVOLT\u00ae<\/title>\n<meta name=\"robots\" content=\"index, follow, max-snippet:-1, max-image-preview:large, max-video-preview:-1\" \/>\n<link rel=\"canonical\" href=\"https:\/\/doktorvolt.pl\/en\/oferta-doktorvolt\/distribution-boxes\/td-series\/rozdzielnica-budowlana-z-lacznikiem-td-s-fi-32a-16a-3x230v-schuko-doktorvolt-2404\/\" \/>\n<meta property=\"og:locale\" content=\"en_US\" \/>\n<meta property=\"og:type\" content=\"article\" \/>\n<meta property=\"og:title\" content=\"Rozdzielnica budowlana z \u0142\u0105cznikiem TD-S\/FI 32A 16A 3x230V Schuko Doktorvolt 2404 - DOKTORVOLT\u00ae\" \/>\n<meta property=\"og:url\" content=\"https:\/\/doktorvolt.pl\/en\/oferta-doktorvolt\/distribution-boxes\/td-series\/rozdzielnica-budowlana-z-lacznikiem-td-s-fi-32a-16a-3x230v-schuko-doktorvolt-2404\/\" \/>\n<meta property=\"og:site_name\" content=\"DOKTORVOLT\u00ae\" \/>\n<meta property=\"og:image\" content=\"https:\/\/doktorvolt.pl\/wp-content\/uploads\/2026\/02\/pol_pl_Rozdzielnica-budowlana-z-lacznikiem-TD-S-FI-32A-16A-3x230V-Schuko-Doktorvolt-2404-12535_1.jpg\" \/>\n\t<meta property=\"og:image:width\" content=\"1000\" \/>\n\t<meta property=\"og:image:height\" content=\"1000\" \/>\n\t<meta property=\"og:image:type\" content=\"image\/jpeg\" \/>\n<meta name=\"twitter:card\" content=\"summary_large_image\" \/>\n<meta name=\"twitter:label1\" content=\"Est. reading time\" \/>\n\t<meta name=\"twitter:data1\" content=\"3 minutes\" \/>\n<script type=\"application\/ld+json\" class=\"yoast-schema-graph\">{\"@context\":\"https:\/\/schema.org\",\"@graph\":[{\"@type\":\"WebPage\",\"@id\":\"https:\/\/doktorvolt.pl\/en\/oferta-doktorvolt\/distribution-boxes\/td-series\/rozdzielnica-budowlana-z-lacznikiem-td-s-fi-32a-16a-3x230v-schuko-doktorvolt-2404\/\",\"url\":\"https:\/\/doktorvolt.pl\/en\/oferta-doktorvolt\/distribution-boxes\/td-series\/rozdzielnica-budowlana-z-lacznikiem-td-s-fi-32a-16a-3x230v-schuko-doktorvolt-2404\/\",\"name\":\"Rozdzielnica budowlana z \u0142\u0105cznikiem TD-S\/FI 32A 16A 3x230V Schuko Doktorvolt 2404 - DOKTORVOLT\u00ae\",\"isPartOf\":{\"@id\":\"https:\/\/doktorvolt.pl\/de\/#website\"},\"primaryImageOfPage\":{\"@id\":\"https:\/\/doktorvolt.pl\/en\/oferta-doktorvolt\/distribution-boxes\/td-series\/rozdzielnica-budowlana-z-lacznikiem-td-s-fi-32a-16a-3x230v-schuko-doktorvolt-2404\/#primaryimage\"},\"image\":{\"@id\":\"https:\/\/doktorvolt.pl\/en\/oferta-doktorvolt\/distribution-boxes\/td-series\/rozdzielnica-budowlana-z-lacznikiem-td-s-fi-32a-16a-3x230v-schuko-doktorvolt-2404\/#primaryimage\"},\"thumbnailUrl\":\"https:\/\/doktorvolt.pl\/wp-content\/uploads\/2026\/02\/pol_pl_Rozdzielnica-budowlana-z-lacznikiem-TD-S-FI-32A-16A-3x230V-Schuko-Doktorvolt-2404-12535_1.jpg\",\"datePublished\":\"2026-02-23T12:51:31+00:00\",\"breadcrumb\":{\"@id\":\"https:\/\/doktorvolt.pl\/en\/oferta-doktorvolt\/distribution-boxes\/td-series\/rozdzielnica-budowlana-z-lacznikiem-td-s-fi-32a-16a-3x230v-schuko-doktorvolt-2404\/#breadcrumb\"},\"inLanguage\":\"en-US\",\"potentialAction\":[{\"@type\":\"ReadAction\",\"target\":[\"https:\/\/doktorvolt.pl\/en\/oferta-doktorvolt\/distribution-boxes\/td-series\/rozdzielnica-budowlana-z-lacznikiem-td-s-fi-32a-16a-3x230v-schuko-doktorvolt-2404\/\"]}]},{\"@type\":\"ImageObject\",\"inLanguage\":\"en-US\",\"@id\":\"https:\/\/doktorvolt.pl\/en\/oferta-doktorvolt\/distribution-boxes\/td-series\/rozdzielnica-budowlana-z-lacznikiem-td-s-fi-32a-16a-3x230v-schuko-doktorvolt-2404\/#primaryimage\",\"url\":\"https:\/\/doktorvolt.pl\/wp-content\/uploads\/2026\/02\/pol_pl_Rozdzielnica-budowlana-z-lacznikiem-TD-S-FI-32A-16A-3x230V-Schuko-Doktorvolt-2404-12535_1.jpg\",\"contentUrl\":\"https:\/\/doktorvolt.pl\/wp-content\/uploads\/2026\/02\/pol_pl_Rozdzielnica-budowlana-z-lacznikiem-TD-S-FI-32A-16A-3x230V-Schuko-Doktorvolt-2404-12535_1.jpg\",\"width\":1000,\"height\":1000},{\"@type\":\"BreadcrumbList\",\"@id\":\"https:\/\/doktorvolt.pl\/en\/oferta-doktorvolt\/distribution-boxes\/td-series\/rozdzielnica-budowlana-z-lacznikiem-td-s-fi-32a-16a-3x230v-schuko-doktorvolt-2404\/#breadcrumb\",\"itemListElement\":[{\"@type\":\"ListItem\",\"position\":1,\"name\":\"Strona g\u0142\u00f3wna\",\"item\":\"https:\/\/doktorvolt.pl\/en\/\"},{\"@type\":\"ListItem\",\"position\":2,\"name\":\"Offer Doktorvolt\",\"item\":\"https:\/\/doktorvolt.pl\/en\/offer-doktorvolt\/\"},{\"@type\":\"ListItem\",\"position\":3,\"name\":\"Rozdzielnica budowlana z \u0142\u0105cznikiem TD-S\/FI 32A 16A 3x230V Schuko Doktorvolt 2404\"}]},{\"@type\":\"WebSite\",\"@id\":\"https:\/\/doktorvolt.pl\/de\/#website\",\"url\":\"https:\/\/doktorvolt.pl\/de\/\",\"name\":\"DOKTORVOLT\u00ae\",\"description\":\"Producent rozdzielnic budowlanych\",\"publisher\":{\"@id\":\"https:\/\/doktorvolt.pl\/de\/#organization\"},\"potentialAction\":[{\"@type\":\"SearchAction\",\"target\":{\"@type\":\"EntryPoint\",\"urlTemplate\":\"https:\/\/doktorvolt.pl\/de\/?s={search_term_string}\"},\"query-input\":{\"@type\":\"PropertyValueSpecification\",\"valueRequired\":true,\"valueName\":\"search_term_string\"}}],\"inLanguage\":\"en-US\"},{\"@type\":\"Organization\",\"@id\":\"https:\/\/doktorvolt.pl\/de\/#organization\",\"name\":\"DOKTORVOLT\u00ae\",\"url\":\"https:\/\/doktorvolt.pl\/de\/\",\"logo\":{\"@type\":\"ImageObject\",\"inLanguage\":\"en-US\",\"@id\":\"https:\/\/doktorvolt.pl\/de\/#\/schema\/logo\/image\/\",\"url\":\"https:\/\/doktorvolt.pl\/wp-content\/uploads\/2023\/10\/DoktorVOLT-black-png.png\",\"contentUrl\":\"https:\/\/doktorvolt.pl\/wp-content\/uploads\/2023\/10\/DoktorVOLT-black-png.png\",\"width\":729,\"height\":40,\"caption\":\"DOKTORVOLT\u00ae\"},\"image\":{\"@id\":\"https:\/\/doktorvolt.pl\/de\/#\/schema\/logo\/image\/\"}}]}<\/script>\n<!-- \/ Yoast SEO plugin. -->","yoast_head_json":{"title":"Rozdzielnica budowlana z \u0142\u0105cznikiem TD-S\/FI 32A 16A 3x230V Schuko Doktorvolt 2404 - DOKTORVOLT\u00ae","robots":{"index":"index","follow":"follow","max-snippet":"max-snippet:-1","max-image-preview":"max-image-preview:large","max-video-preview":"max-video-preview:-1"},"canonical":"https:\/\/doktorvolt.pl\/en\/oferta-doktorvolt\/distribution-boxes\/td-series\/rozdzielnica-budowlana-z-lacznikiem-td-s-fi-32a-16a-3x230v-schuko-doktorvolt-2404\/","og_locale":"en_US","og_type":"article","og_title":"Rozdzielnica budowlana z \u0142\u0105cznikiem TD-S\/FI 32A 16A 3x230V Schuko Doktorvolt 2404 - DOKTORVOLT\u00ae","og_url":"https:\/\/doktorvolt.pl\/en\/oferta-doktorvolt\/distribution-boxes\/td-series\/rozdzielnica-budowlana-z-lacznikiem-td-s-fi-32a-16a-3x230v-schuko-doktorvolt-2404\/","og_site_name":"DOKTORVOLT\u00ae","og_image":[{"width":1000,"height":1000,"url":"https:\/\/doktorvolt.pl\/wp-content\/uploads\/2026\/02\/pol_pl_Rozdzielnica-budowlana-z-lacznikiem-TD-S-FI-32A-16A-3x230V-Schuko-Doktorvolt-2404-12535_1.jpg","type":"image\/jpeg"}],"twitter_card":"summary_large_image","twitter_misc":{"Est. reading time":"3 minutes"},"schema":{"@context":"https:\/\/schema.org","@graph":[{"@type":"WebPage","@id":"https:\/\/doktorvolt.pl\/en\/oferta-doktorvolt\/distribution-boxes\/td-series\/rozdzielnica-budowlana-z-lacznikiem-td-s-fi-32a-16a-3x230v-schuko-doktorvolt-2404\/","url":"https:\/\/doktorvolt.pl\/en\/oferta-doktorvolt\/distribution-boxes\/td-series\/rozdzielnica-budowlana-z-lacznikiem-td-s-fi-32a-16a-3x230v-schuko-doktorvolt-2404\/","name":"Rozdzielnica budowlana z \u0142\u0105cznikiem TD-S\/FI 32A 16A 3x230V Schuko Doktorvolt 2404 - DOKTORVOLT\u00ae","isPartOf":{"@id":"https:\/\/doktorvolt.pl\/de\/#website"},"primaryImageOfPage":{"@id":"https:\/\/doktorvolt.pl\/en\/oferta-doktorvolt\/distribution-boxes\/td-series\/rozdzielnica-budowlana-z-lacznikiem-td-s-fi-32a-16a-3x230v-schuko-doktorvolt-2404\/#primaryimage"},"image":{"@id":"https:\/\/doktorvolt.pl\/en\/oferta-doktorvolt\/distribution-boxes\/td-series\/rozdzielnica-budowlana-z-lacznikiem-td-s-fi-32a-16a-3x230v-schuko-doktorvolt-2404\/#primaryimage"},"thumbnailUrl":"https:\/\/doktorvolt.pl\/wp-content\/uploads\/2026\/02\/pol_pl_Rozdzielnica-budowlana-z-lacznikiem-TD-S-FI-32A-16A-3x230V-Schuko-Doktorvolt-2404-12535_1.jpg","datePublished":"2026-02-23T12:51:31+00:00","breadcrumb":{"@id":"https:\/\/doktorvolt.pl\/en\/oferta-doktorvolt\/distribution-boxes\/td-series\/rozdzielnica-budowlana-z-lacznikiem-td-s-fi-32a-16a-3x230v-schuko-doktorvolt-2404\/#breadcrumb"},"inLanguage":"en-US","potentialAction":[{"@type":"ReadAction","target":["https:\/\/doktorvolt.pl\/en\/oferta-doktorvolt\/distribution-boxes\/td-series\/rozdzielnica-budowlana-z-lacznikiem-td-s-fi-32a-16a-3x230v-schuko-doktorvolt-2404\/"]}]},{"@type":"ImageObject","inLanguage":"en-US","@id":"https:\/\/doktorvolt.pl\/en\/oferta-doktorvolt\/distribution-boxes\/td-series\/rozdzielnica-budowlana-z-lacznikiem-td-s-fi-32a-16a-3x230v-schuko-doktorvolt-2404\/#primaryimage","url":"https:\/\/doktorvolt.pl\/wp-content\/uploads\/2026\/02\/pol_pl_Rozdzielnica-budowlana-z-lacznikiem-TD-S-FI-32A-16A-3x230V-Schuko-Doktorvolt-2404-12535_1.jpg","contentUrl":"https:\/\/doktorvolt.pl\/wp-content\/uploads\/2026\/02\/pol_pl_Rozdzielnica-budowlana-z-lacznikiem-TD-S-FI-32A-16A-3x230V-Schuko-Doktorvolt-2404-12535_1.jpg","width":1000,"height":1000},{"@type":"BreadcrumbList","@id":"https:\/\/doktorvolt.pl\/en\/oferta-doktorvolt\/distribution-boxes\/td-series\/rozdzielnica-budowlana-z-lacznikiem-td-s-fi-32a-16a-3x230v-schuko-doktorvolt-2404\/#breadcrumb","itemListElement":[{"@type":"ListItem","position":1,"name":"Strona g\u0142\u00f3wna","item":"https:\/\/doktorvolt.pl\/en\/"},{"@type":"ListItem","position":2,"name":"Offer Doktorvolt","item":"https:\/\/doktorvolt.pl\/en\/offer-doktorvolt\/"},{"@type":"ListItem","position":3,"name":"Rozdzielnica budowlana z \u0142\u0105cznikiem TD-S\/FI 32A 16A 3x230V Schuko Doktorvolt 2404"}]},{"@type":"WebSite","@id":"https:\/\/doktorvolt.pl\/de\/#website","url":"https:\/\/doktorvolt.pl\/de\/","name":"DOKTORVOLT\u00ae","description":"Producent rozdzielnic budowlanych","publisher":{"@id":"https:\/\/doktorvolt.pl\/de\/#organization"},"potentialAction":[{"@type":"SearchAction","target":{"@type":"EntryPoint","urlTemplate":"https:\/\/doktorvolt.pl\/de\/?s={search_term_string}"},"query-input":{"@type":"PropertyValueSpecification","valueRequired":true,"valueName":"search_term_string"}}],"inLanguage":"en-US"},{"@type":"Organization","@id":"https:\/\/doktorvolt.pl\/de\/#organization","name":"DOKTORVOLT\u00ae","url":"https:\/\/doktorvolt.pl\/de\/","logo":{"@type":"ImageObject","inLanguage":"en-US","@id":"https:\/\/doktorvolt.pl\/de\/#\/schema\/logo\/image\/","url":"https:\/\/doktorvolt.pl\/wp-content\/uploads\/2023\/10\/DoktorVOLT-black-png.png","contentUrl":"https:\/\/doktorvolt.pl\/wp-content\/uploads\/2023\/10\/DoktorVOLT-black-png.png","width":729,"height":40,"caption":"DOKTORVOLT\u00ae"},"image":{"@id":"https:\/\/doktorvolt.pl\/de\/#\/schema\/logo\/image\/"}}]}},"_links":{"self":[{"href":"https:\/\/doktorvolt.pl\/en\/wp-json\/wp\/v2\/product\/111243","targetHints":{"allow":["GET"]}}],"collection":[{"href":"https:\/\/doktorvolt.pl\/en\/wp-json\/wp\/v2\/product"}],"about":[{"href":"https:\/\/doktorvolt.pl\/en\/wp-json\/wp\/v2\/types\/product"}],"wp:featuredmedia":[{"embeddable":true,"href":"https:\/\/doktorvolt.pl\/en\/wp-json\/wp\/v2\/media\/98770"}],"wp:attachment":[{"href":"https:\/\/doktorvolt.pl\/en\/wp-json\/wp\/v2\/media?parent=111243"}],"wp:term":[{"taxonomy":"product_brand","embeddable":true,"href":"https:\/\/doktorvolt.pl\/en\/wp-json\/wp\/v2\/product_brand?post=111243"},{"taxonomy":"product_cat","embeddable":true,"href":"https:\/\/doktorvolt.pl\/en\/wp-json\/wp\/v2\/product_cat?post=111243"},{"taxonomy":"product_tag","embeddable":true,"href":"https:\/\/doktorvolt.pl\/en\/wp-json\/wp\/v2\/product_tag?post=111243"}],"curies":[{"name":"wp","href":"https:\/\/api.w.org\/{rel}","templated":true}]}}