{"id":111244,"date":"2026-02-23T14:51:24","date_gmt":"2026-02-23T12:51:24","guid":{"rendered":"https:\/\/doktorvolt.pl\/sklep\/uncategorized\/rozdzielnica-budowlana-licznik-3f-td-s-fi-16a-2x230v-schuko-doktorvolt-2510\/"},"modified":"2026-02-23T14:51:24","modified_gmt":"2026-02-23T12:51:24","slug":"rozdzielnica-budowlana-licznik-3f-td-s-fi-16a-2x230v-schuko-doktorvolt-2510","status":"publish","type":"product","link":"https:\/\/doktorvolt.pl\/en\/oferta-doktorvolt\/distribution-boxes\/td-series\/rozdzielnica-budowlana-licznik-3f-td-s-fi-16a-2x230v-schuko-doktorvolt-2510\/","title":{"rendered":"Rozdzielnica budowlana Licznik 3F TD-S\/FI 16A 2x230V Schuko Doktorvolt 2510"},"content":{"rendered":"<p><!-- aukcja by D\u017cesa --><\/p>\n<h1 style=\"text-align:center;\"><span style=\"color:#000000;\">Zabezpieczona rozdzielnica budowlana, wyposa\u017cona w licznik 3F TD-S\/FI 16A 2x230V gniazda Mennekes Doktorvolt\u00ae<\/span><\/h1>\n<h1 style=\"text-align:center;\"><span style=\"color:#000000;\"><span style=\"color:#d0121a;\">Niemiecki system gniazd Schuko<\/span><br \/><\/span><\/h1>\n<\/p>\n<p style=\"font-family:verdana, geneva;font-size:12pt;text-align:center;\"><span style=\"color:#000000;\">&#x2b50;&#x2b50;&#x2b50;&#x2b50;&#x2b50;<\/span><\/p>\n<\/p>\n<p style=\"font-size:13pt;text-align:left;\"><span style=\"color:#000000;\"><strong>&#x27a1;&#xfe0f; Rozdzielnica elektryczna TD-S\/FI 16A 2x230V Doktorvolt\u00ae, zalety:<\/strong> <\/span><\/p>\n<p style=\"font-size:13pt;text-align:left;\"><span style=\"color:#000000;\">&#x2714;&#xfe0f; Kompaktowa i zwarta obudowa wykonana z najlepszej jako\u015bci materia\u0142\u00f3w,<\/span><\/p>\n<p style=\"font-size:13pt;text-align:left;\"><span style=\"color:#000000;\">&#x2714;&#xfe0f; wyposa\u017cona w dwa gniazda 230 V 16 A oraz gniazdo si\u0142owe 400 V 16 A, Mennekes,<br \/><\/span><\/p>\n<p style=\"font-size:13pt;text-align:left;\"><span style=\"color:#000000;\"><span>&#x2714;&#xfe0f;\u00a0<span>wbudowany tr\u00f3jfazowy licznik zu\u017cycia energii,<\/span><\/span><\/span><\/p>\n<p style=\"font-size:13pt;text-align:left;\"><span style=\"color:#000000;\">&#x2714;&#xfe0f; okablowanie i gniazda pochodz\u0105ce od renomowanych producent\u00f3w osprz\u0119tu elektrycznego,<\/span><\/p>\n<p style=\"font-size:13pt;text-align:left;\"><span style=\"color:#000000;\"> &#x2714;&#xfe0f; klasa szczelno\u015bci erbetki IP 44,<\/span><\/p>\n<p style=\"font-size:13pt;text-align:left;\"><span style=\"color:#000000;\"> &#x2714;&#xfe0f; gotowa do pod\u0142\u0105czenia,<\/span><\/p>\n<p style=\"font-size:13pt;text-align:left;\"><span style=\"color:#000000;\"><span>&#x2714;&#xfe0f; zabezpieczenie nadpr\u0105dowe gniazd,<\/span><\/span><\/p>\n<p style=\"font-size:13pt;text-align:left;\"><span style=\"color:#000000;\"><span>&#x2714;&#xfe0f; ochrona przed dotykiem po\u015brednim.<\/span><\/span><\/p>\n<\/p>\n<p style=\"font-size:13pt;text-align:left;\"><span style=\"color:#000000;\"><strong>&#x27a1;&#xfe0f; Rozdzielnica elektryczna TD-S\/FI 16A 2x230V Doktorvolt\u00ae, zastosowanie:<\/strong><\/span><\/p>\n<p style=\"font-size:13pt;text-align:left;\"><span style=\"color:#000000;\">&#x2714;&#xfe0f; Na placach i obszarach bud\u00f3w oraz podczas prac drogowych,<br \/><\/span><\/p>\n<p style=\"font-size:13pt;text-align:left;\"><span style=\"color:#000000;\">&#x2714;&#xfe0f; do zak\u0142ad\u00f3w przemys\u0142owych,<br \/><\/span><\/p>\n<p style=\"font-size:13pt;text-align:left;\"><span style=\"color:#000000;\">&#x2714;&#xfe0f; w warsztatach i gara\u017cach, w kt\u00f3rych konieczne jest pod\u0142\u0105czenie urz\u0105dze\u0144 do gniazda si\u0142owego,<br \/><\/span><\/p>\n<p style=\"font-size:13pt;text-align:left;\"><span style=\"color:#000000;\">&#x2714;&#xfe0f; podczas samodzielnej budowy domu,<br \/><\/span><\/p>\n<p style=\"font-size:13pt;text-align:left;\"><span style=\"color:#000000;\">&#x2714;&#xfe0f; do zasilania w energi\u0119 elektryczn\u0105 teren\u00f3w zielonych i imprez masowych na \u015bwie\u017cym powietrzu.<\/span><\/p>\n<\/p>\n<p><center><\/p>\n<p><span style=\"color:#000000;\"><iframe width=\"660\" height=\"415\" src=\"https:\/\/www.youtube.com\/embed\/OGZNz2HYkaQ\" frameborder=\"0\"><\/iframe><\/span><\/p>\n<p><\/center><\/p>\n<p style=\"font-size:13pt;text-align:left;\"><span style=\"color:#000000;\"><strong>&#x27a1;&#xfe0f; Prezentowana rozdzielnica budowlana wyposa\u017cona zosta\u0142a w:<\/strong><\/span><\/p>\n<p style=\"text-align:justify;\"><span style=\"font-family:verdana, geneva;font-size:12pt;color:#000000;\">&#x2714;&#xfe0f; dwa gniazda 2x 230V 16A o klasie szczelno\u015bci IP 54,<\/span><\/p>\n<p style=\"text-align:justify;\"><span style=\"font-family:verdana, geneva;font-size:12pt;color:#000000;\">&#x2714;&#xfe0f; gniazdo si\u0142owe 400 V 16 A o klasie szczelno\u015bci IP 44,<\/span><\/p>\n<p style=\"text-align:justify;\"><span style=\"font-family:verdana, geneva;font-size:12pt;color:#000000;\">&#x2714;&#xfe0f; zabezpieczenie nadpr\u0105dowe gniazd 230V\u00a01 x C16 1P 10kA<\/span>,<\/p>\n<p style=\"text-align:justify;\"><span style=\"font-family:verdana, geneva;font-size:12pt;color:#000000;\">&#x2714;&#xfe0f; zabezpieczenie nadpr\u0105dowe gniazda si\u0142owego <span style=\"font-family:verdana, geneva;color:#000000;\"><span style=\"font-size:16px;\">C16\u00a03P 10kA<\/span><\/span>,<br \/><\/span><\/p>\n<p style=\"text-align:justify;\"><span style=\"font-family:verdana, geneva;font-size:12pt;color:#000000;\">&#x2714;&#xfe0f; zestaw \u015brub monta\u017cowych wraz z za\u015blepkami. <\/span><\/p>\n<p style=\"text-align:justify;\"><span style=\"font-family:verdana, geneva;font-size:12pt;color:#000000;\">&#x2714;&#xfe0f; wy\u0142\u0105cznik r\u00f3\u017cnicowopr\u0105dowy 40A 30mA 4P,<\/span><\/p>\n<p style=\"text-align:justify;\"><span style=\"font-family:verdana, geneva;font-size:12pt;color:#000000;\"><span style=\"font-family:verdana, geneva;font-size:12pt;color:#000000;\">&#x2714;&#xfe0f; l<\/span>icznik zu\u017cycia energii,<br \/><\/span><\/p>\n<p style=\"text-align:justify;\"><span style=\"font-family:verdana, geneva;font-size:12pt;color:#000000;\">&#x2714;&#xfe0f; okablowanie. <\/span><\/p>\n<\/p>\n<p style=\"font-size:13pt;text-align:left;\"><span style=\"color:#000000;\"><strong>&#x27a1;&#xfe0f; Firma Doktorvolt\u00ae w procesie rozdzielnic wdro\u017cy\u0142a system zarz\u0105dzania certyfikowany przez T\u00dcV S\u00dcD:<\/strong> <\/span><\/p>\n<p style=\"text-align:justify;\"><span style=\"font-family:verdana, geneva;font-size:12pt;color:#000000;\"><span>&#x2714;&#xfe0f; gwarancja wysokiej jako\u015bci,<\/span><\/span><\/p>\n<p style=\"text-align:justify;\"><span style=\"font-family:verdana, geneva;font-size:12pt;color:#000000;\"><span>&#x2714;&#xfe0f; transparentny przep\u0142yw informacji,<\/span><\/span><\/p>\n<p style=\"text-align:justify;\"><span style=\"font-family:verdana, geneva;font-size:12pt;color:#000000;\"><span>&#x2714;&#xfe0f; gwarancja w zakresie bezpiecze\u0144stwa,<\/span><\/span><\/p>\n<p style=\"text-align:justify;\"><span style=\"font-family:verdana, geneva;font-size:12pt;color:#000000;\"><span>&#x2714;&#xfe0f; zapewniona dobra obs\u0142uga klienta.<\/span><\/span><\/p>\n<p style=\"text-align:center;\"><img decoding=\"async\" src=\"https:\/\/preis-zone.com\/data\/include\/cms\/description\/img\/cms\/certyfikat%20TUV.png\" alt=\"\" width=\"306\" height=\"152\" \/><\/p>\n<\/p>\n<h2>Specyfikacja Techniczna:<\/h2>\n<ul style=\"font-size: 13pt;\">\n<li><strong>Obudowa rozdzielnicy:<\/strong> <\/li>\n<li><strong>ilo\u015b\u0107 modu\u0142\u00f3w:<\/strong> 12<\/li>\n<li><strong>ilo\u015b\u0107 rz\u0119d\u00f3w:<\/strong> 1<\/li>\n<li><strong>monta\u017c:<\/strong> natynkowy<\/li>\n<li><strong>stopie\u0144 ochrony rozdzielnicy:<\/strong> IP44<\/li>\n<li><strong>napi\u0119cie znamionowe obudowy:<\/strong> 1000V<\/li>\n<li><strong>wymiary obudowy z gniazdami:<\/strong> 360 x 250 x 200 mm<\/li>\n<li><strong>materia\u0142 obudowy:<\/strong> technopolimer<\/li>\n<li><strong>materia\u0142 drzwi:<\/strong> poliw\u0119glan<\/li>\n<li><strong>kolor przedniej p\u0142yty obudowy:<\/strong> szary RAL 7035<\/li>\n<li><strong>kolor tylnej p\u0142yty obudowy:<\/strong> czarny<\/li>\n<li><strong>materia\u0142 \u015brub:<\/strong> stal nierdzewna<\/li>\n<li><strong>materia\u0142 uszczelki:<\/strong> guma EPDM<\/li>\n<li><strong>d\u0142awnica PG do\u0142\u0105czona w zestawie:<\/strong> 1x PG-16<\/li>\n<li><strong>certyfikaty i normy:<\/strong> CE, CEI-23-48\/49, IEC 670<\/li>\n<li><strong>Gniazda i aparatura modu\u0142owa:<\/strong><\/li>\n<li><strong>ochrona przed dotykiem po\u015brednim:<\/strong> wy\u0142\u0105cznik r\u00f3\u017cnicowopr\u0105dowy 40A 30mA 4P Typ A RCCB<\/li>\n<li><strong>gniazda si\u0142owe:<\/strong> 1 x 16A 5P 400V IP44 czerwone Typ 1385 Mennekes<\/li>\n<li><strong>zabezpieczenie nadpr\u0105dowe gniazd si\u0142owych:<\/strong> 1 x C16 3P 10kA <\/li>\n<li><strong>gniazda 230V:<\/strong> 2 x 230V 16A Mennekes 11011 IP54 2P+E Niemiecki system Schuko<\/span><\/li>\n<li><strong>zabezpieczenie nadpr\u0105dowe gniazd 230V:<\/strong> 1 x C16 1P 10kA <\/li>\n<li><strong>szyna \u0142\u0105czeniowa:<\/strong> 3F 7M 12mm2 z kompletem za\u015blepek<\/li>\n<li><strong>licznik zu\u017cycia energii elektrycznej:<\/strong> LE-02d MID F&amp;F 3F AC +\/- 10% 3 x 5A (80)A<\/li>\n<li><strong>pozosta\u0142e sk\u0142adniki:<\/strong> zestaw \u015brub monta\u017cowych wraz z za\u015blepkami<\/li>\n<li><strong>certyfikaty i normy wy\u0142\u0105cznika r\u00f3\u017cnicowopr\u0105dowego:<\/strong> IEC 61009-1, EN 61009-1, PN-EN-61009-1, STN EN 61009-1, EFS, EFC, CE<\/li>\n<li><strong>certyfikaty i normy wy\u0142\u0105cznik\u00f3w nadpr\u0105dowych:<\/strong> CSN EN 60898, SN EN 60947-2, EFS, EFC, VDE<\/li>\n<li><strong>Okablowanie:<\/strong><\/li>\n<li><strong>rodzaj okablowania:<\/strong> Linka ster. H07V-K 2,5, 4 mm2 \u017c\u00f3\u0142toziel., Linka ster. H07V-K 2,5, 4 mm2 czarna, Linka ster. H07V-K 2,5, 4, 6 mm2 niebieska<\/li>\n<li><strong>normy i certyfikaty:<\/strong> CPR, RoHS, CE<\/li>\n<li><strong>Informacje og\u00f3lne:<\/strong><\/li>\n<li><strong>pr\u0105d znamionowy:<\/strong> 40 A<\/li>\n<li><strong>napi\u0119cie znamionowe:<\/strong> 230 \/ 400 V<\/li>\n<li><strong>ICC:<\/strong> \u2264 10 kA<\/li>\n<li><strong>RDF:<\/strong> 0,7<\/li>\n<li><strong>Informacje producenta:<\/strong><\/li>\n<li><strong>producent:<\/strong> Doktorvolt<\/li>\n<li><strong>certyfikaty i normy producenta:<\/strong> T\u00dcV S\u00dcD, ISO 9001:2015, CE, IEC 61439<\/li>\n<li><strong>oznaczenie producenta:<\/strong> DV-2510-D<\/li>\n<li><strong>EAN:<\/strong> 5905669992510<\/li>\n<\/ul>\n","protected":false},"excerpt":{"rendered":"","protected":false},"featured_media":98753,"template":"","meta":[],"product_brand":[],"product_cat":[5171],"product_tag":[],"class_list":{"0":"post-111244","1":"product","2":"type-product","3":"status-publish","4":"has-post-thumbnail","6":"product_cat-td-series","7":"pa_cee-liczba-biegunow-modulow-5p","8":"pa_dodatkowe-wyposazenie-electricity-meter","9":"pa_material-obudowy-plastic","10":"pa_napiecie-cee-400v","11":"pa_natezenie-pradu-cee-16a","12":"pa_typ-gniazd-typ-f-schuko","13":"pa_zabezpieczenie-wylacznik-nadpradowy-wylacznik-roznicowopradowy","15":"first","16":"instock","17":"shipping-taxable","18":"product-type-external"},"yoast_head":"<!-- This site is optimized with the Yoast SEO plugin v27.0 - https:\/\/yoast.com\/product\/yoast-seo-wordpress\/ -->\n<title>Rozdzielnica budowlana Licznik 3F TD-S\/FI 16A 2x230V Schuko Doktorvolt 2510 - DOKTORVOLT\u00ae<\/title>\n<meta name=\"robots\" content=\"index, follow, max-snippet:-1, max-image-preview:large, max-video-preview:-1\" \/>\n<link rel=\"canonical\" href=\"https:\/\/doktorvolt.pl\/en\/oferta-doktorvolt\/distribution-boxes\/td-series\/rozdzielnica-budowlana-licznik-3f-td-s-fi-16a-2x230v-schuko-doktorvolt-2510\/\" \/>\n<meta property=\"og:locale\" content=\"en_US\" \/>\n<meta property=\"og:type\" content=\"article\" \/>\n<meta property=\"og:title\" content=\"Rozdzielnica budowlana Licznik 3F TD-S\/FI 16A 2x230V Schuko Doktorvolt 2510 - DOKTORVOLT\u00ae\" \/>\n<meta property=\"og:url\" content=\"https:\/\/doktorvolt.pl\/en\/oferta-doktorvolt\/distribution-boxes\/td-series\/rozdzielnica-budowlana-licznik-3f-td-s-fi-16a-2x230v-schuko-doktorvolt-2510\/\" \/>\n<meta property=\"og:site_name\" content=\"DOKTORVOLT\u00ae\" \/>\n<meta property=\"og:image\" content=\"https:\/\/doktorvolt.pl\/wp-content\/uploads\/2026\/02\/pol_pl_Rozdzielnica-budowlana-Licznik-3F-TD-S-FI-16A-2x230V-Schuko-Doktorvolt-2510-12601_1.jpg\" \/>\n\t<meta property=\"og:image:width\" content=\"1600\" \/>\n\t<meta property=\"og:image:height\" content=\"1600\" \/>\n\t<meta property=\"og:image:type\" content=\"image\/jpeg\" \/>\n<meta name=\"twitter:card\" content=\"summary_large_image\" \/>\n<meta name=\"twitter:label1\" content=\"Est. reading time\" \/>\n\t<meta name=\"twitter:data1\" content=\"3 minutes\" \/>\n<script type=\"application\/ld+json\" class=\"yoast-schema-graph\">{\"@context\":\"https:\/\/schema.org\",\"@graph\":[{\"@type\":\"WebPage\",\"@id\":\"https:\/\/doktorvolt.pl\/en\/oferta-doktorvolt\/distribution-boxes\/td-series\/rozdzielnica-budowlana-licznik-3f-td-s-fi-16a-2x230v-schuko-doktorvolt-2510\/\",\"url\":\"https:\/\/doktorvolt.pl\/en\/oferta-doktorvolt\/distribution-boxes\/td-series\/rozdzielnica-budowlana-licznik-3f-td-s-fi-16a-2x230v-schuko-doktorvolt-2510\/\",\"name\":\"Rozdzielnica budowlana Licznik 3F TD-S\/FI 16A 2x230V Schuko Doktorvolt 2510 - DOKTORVOLT\u00ae\",\"isPartOf\":{\"@id\":\"https:\/\/doktorvolt.pl\/de\/#website\"},\"primaryImageOfPage\":{\"@id\":\"https:\/\/doktorvolt.pl\/en\/oferta-doktorvolt\/distribution-boxes\/td-series\/rozdzielnica-budowlana-licznik-3f-td-s-fi-16a-2x230v-schuko-doktorvolt-2510\/#primaryimage\"},\"image\":{\"@id\":\"https:\/\/doktorvolt.pl\/en\/oferta-doktorvolt\/distribution-boxes\/td-series\/rozdzielnica-budowlana-licznik-3f-td-s-fi-16a-2x230v-schuko-doktorvolt-2510\/#primaryimage\"},\"thumbnailUrl\":\"https:\/\/doktorvolt.pl\/wp-content\/uploads\/2026\/02\/pol_pl_Rozdzielnica-budowlana-Licznik-3F-TD-S-FI-16A-2x230V-Schuko-Doktorvolt-2510-12601_1.jpg\",\"datePublished\":\"2026-02-23T12:51:24+00:00\",\"breadcrumb\":{\"@id\":\"https:\/\/doktorvolt.pl\/en\/oferta-doktorvolt\/distribution-boxes\/td-series\/rozdzielnica-budowlana-licznik-3f-td-s-fi-16a-2x230v-schuko-doktorvolt-2510\/#breadcrumb\"},\"inLanguage\":\"en-US\",\"potentialAction\":[{\"@type\":\"ReadAction\",\"target\":[\"https:\/\/doktorvolt.pl\/en\/oferta-doktorvolt\/distribution-boxes\/td-series\/rozdzielnica-budowlana-licznik-3f-td-s-fi-16a-2x230v-schuko-doktorvolt-2510\/\"]}]},{\"@type\":\"ImageObject\",\"inLanguage\":\"en-US\",\"@id\":\"https:\/\/doktorvolt.pl\/en\/oferta-doktorvolt\/distribution-boxes\/td-series\/rozdzielnica-budowlana-licznik-3f-td-s-fi-16a-2x230v-schuko-doktorvolt-2510\/#primaryimage\",\"url\":\"https:\/\/doktorvolt.pl\/wp-content\/uploads\/2026\/02\/pol_pl_Rozdzielnica-budowlana-Licznik-3F-TD-S-FI-16A-2x230V-Schuko-Doktorvolt-2510-12601_1.jpg\",\"contentUrl\":\"https:\/\/doktorvolt.pl\/wp-content\/uploads\/2026\/02\/pol_pl_Rozdzielnica-budowlana-Licznik-3F-TD-S-FI-16A-2x230V-Schuko-Doktorvolt-2510-12601_1.jpg\",\"width\":1600,\"height\":1600},{\"@type\":\"BreadcrumbList\",\"@id\":\"https:\/\/doktorvolt.pl\/en\/oferta-doktorvolt\/distribution-boxes\/td-series\/rozdzielnica-budowlana-licznik-3f-td-s-fi-16a-2x230v-schuko-doktorvolt-2510\/#breadcrumb\",\"itemListElement\":[{\"@type\":\"ListItem\",\"position\":1,\"name\":\"Strona g\u0142\u00f3wna\",\"item\":\"https:\/\/doktorvolt.pl\/en\/\"},{\"@type\":\"ListItem\",\"position\":2,\"name\":\"Offer Doktorvolt\",\"item\":\"https:\/\/doktorvolt.pl\/en\/offer-doktorvolt\/\"},{\"@type\":\"ListItem\",\"position\":3,\"name\":\"Rozdzielnica budowlana Licznik 3F TD-S\/FI 16A 2x230V Schuko Doktorvolt 2510\"}]},{\"@type\":\"WebSite\",\"@id\":\"https:\/\/doktorvolt.pl\/de\/#website\",\"url\":\"https:\/\/doktorvolt.pl\/de\/\",\"name\":\"DOKTORVOLT\u00ae\",\"description\":\"Producent rozdzielnic budowlanych\",\"publisher\":{\"@id\":\"https:\/\/doktorvolt.pl\/de\/#organization\"},\"potentialAction\":[{\"@type\":\"SearchAction\",\"target\":{\"@type\":\"EntryPoint\",\"urlTemplate\":\"https:\/\/doktorvolt.pl\/de\/?s={search_term_string}\"},\"query-input\":{\"@type\":\"PropertyValueSpecification\",\"valueRequired\":true,\"valueName\":\"search_term_string\"}}],\"inLanguage\":\"en-US\"},{\"@type\":\"Organization\",\"@id\":\"https:\/\/doktorvolt.pl\/de\/#organization\",\"name\":\"DOKTORVOLT\u00ae\",\"url\":\"https:\/\/doktorvolt.pl\/de\/\",\"logo\":{\"@type\":\"ImageObject\",\"inLanguage\":\"en-US\",\"@id\":\"https:\/\/doktorvolt.pl\/de\/#\/schema\/logo\/image\/\",\"url\":\"https:\/\/doktorvolt.pl\/wp-content\/uploads\/2023\/10\/DoktorVOLT-black-png.png\",\"contentUrl\":\"https:\/\/doktorvolt.pl\/wp-content\/uploads\/2023\/10\/DoktorVOLT-black-png.png\",\"width\":729,\"height\":40,\"caption\":\"DOKTORVOLT\u00ae\"},\"image\":{\"@id\":\"https:\/\/doktorvolt.pl\/de\/#\/schema\/logo\/image\/\"}}]}<\/script>\n<!-- \/ Yoast SEO plugin. -->","yoast_head_json":{"title":"Rozdzielnica budowlana Licznik 3F TD-S\/FI 16A 2x230V Schuko Doktorvolt 2510 - DOKTORVOLT\u00ae","robots":{"index":"index","follow":"follow","max-snippet":"max-snippet:-1","max-image-preview":"max-image-preview:large","max-video-preview":"max-video-preview:-1"},"canonical":"https:\/\/doktorvolt.pl\/en\/oferta-doktorvolt\/distribution-boxes\/td-series\/rozdzielnica-budowlana-licznik-3f-td-s-fi-16a-2x230v-schuko-doktorvolt-2510\/","og_locale":"en_US","og_type":"article","og_title":"Rozdzielnica budowlana Licznik 3F TD-S\/FI 16A 2x230V Schuko Doktorvolt 2510 - DOKTORVOLT\u00ae","og_url":"https:\/\/doktorvolt.pl\/en\/oferta-doktorvolt\/distribution-boxes\/td-series\/rozdzielnica-budowlana-licznik-3f-td-s-fi-16a-2x230v-schuko-doktorvolt-2510\/","og_site_name":"DOKTORVOLT\u00ae","og_image":[{"width":1600,"height":1600,"url":"https:\/\/doktorvolt.pl\/wp-content\/uploads\/2026\/02\/pol_pl_Rozdzielnica-budowlana-Licznik-3F-TD-S-FI-16A-2x230V-Schuko-Doktorvolt-2510-12601_1.jpg","type":"image\/jpeg"}],"twitter_card":"summary_large_image","twitter_misc":{"Est. reading time":"3 minutes"},"schema":{"@context":"https:\/\/schema.org","@graph":[{"@type":"WebPage","@id":"https:\/\/doktorvolt.pl\/en\/oferta-doktorvolt\/distribution-boxes\/td-series\/rozdzielnica-budowlana-licznik-3f-td-s-fi-16a-2x230v-schuko-doktorvolt-2510\/","url":"https:\/\/doktorvolt.pl\/en\/oferta-doktorvolt\/distribution-boxes\/td-series\/rozdzielnica-budowlana-licznik-3f-td-s-fi-16a-2x230v-schuko-doktorvolt-2510\/","name":"Rozdzielnica budowlana Licznik 3F TD-S\/FI 16A 2x230V Schuko Doktorvolt 2510 - DOKTORVOLT\u00ae","isPartOf":{"@id":"https:\/\/doktorvolt.pl\/de\/#website"},"primaryImageOfPage":{"@id":"https:\/\/doktorvolt.pl\/en\/oferta-doktorvolt\/distribution-boxes\/td-series\/rozdzielnica-budowlana-licznik-3f-td-s-fi-16a-2x230v-schuko-doktorvolt-2510\/#primaryimage"},"image":{"@id":"https:\/\/doktorvolt.pl\/en\/oferta-doktorvolt\/distribution-boxes\/td-series\/rozdzielnica-budowlana-licznik-3f-td-s-fi-16a-2x230v-schuko-doktorvolt-2510\/#primaryimage"},"thumbnailUrl":"https:\/\/doktorvolt.pl\/wp-content\/uploads\/2026\/02\/pol_pl_Rozdzielnica-budowlana-Licznik-3F-TD-S-FI-16A-2x230V-Schuko-Doktorvolt-2510-12601_1.jpg","datePublished":"2026-02-23T12:51:24+00:00","breadcrumb":{"@id":"https:\/\/doktorvolt.pl\/en\/oferta-doktorvolt\/distribution-boxes\/td-series\/rozdzielnica-budowlana-licznik-3f-td-s-fi-16a-2x230v-schuko-doktorvolt-2510\/#breadcrumb"},"inLanguage":"en-US","potentialAction":[{"@type":"ReadAction","target":["https:\/\/doktorvolt.pl\/en\/oferta-doktorvolt\/distribution-boxes\/td-series\/rozdzielnica-budowlana-licznik-3f-td-s-fi-16a-2x230v-schuko-doktorvolt-2510\/"]}]},{"@type":"ImageObject","inLanguage":"en-US","@id":"https:\/\/doktorvolt.pl\/en\/oferta-doktorvolt\/distribution-boxes\/td-series\/rozdzielnica-budowlana-licznik-3f-td-s-fi-16a-2x230v-schuko-doktorvolt-2510\/#primaryimage","url":"https:\/\/doktorvolt.pl\/wp-content\/uploads\/2026\/02\/pol_pl_Rozdzielnica-budowlana-Licznik-3F-TD-S-FI-16A-2x230V-Schuko-Doktorvolt-2510-12601_1.jpg","contentUrl":"https:\/\/doktorvolt.pl\/wp-content\/uploads\/2026\/02\/pol_pl_Rozdzielnica-budowlana-Licznik-3F-TD-S-FI-16A-2x230V-Schuko-Doktorvolt-2510-12601_1.jpg","width":1600,"height":1600},{"@type":"BreadcrumbList","@id":"https:\/\/doktorvolt.pl\/en\/oferta-doktorvolt\/distribution-boxes\/td-series\/rozdzielnica-budowlana-licznik-3f-td-s-fi-16a-2x230v-schuko-doktorvolt-2510\/#breadcrumb","itemListElement":[{"@type":"ListItem","position":1,"name":"Strona g\u0142\u00f3wna","item":"https:\/\/doktorvolt.pl\/en\/"},{"@type":"ListItem","position":2,"name":"Offer Doktorvolt","item":"https:\/\/doktorvolt.pl\/en\/offer-doktorvolt\/"},{"@type":"ListItem","position":3,"name":"Rozdzielnica budowlana Licznik 3F TD-S\/FI 16A 2x230V Schuko Doktorvolt 2510"}]},{"@type":"WebSite","@id":"https:\/\/doktorvolt.pl\/de\/#website","url":"https:\/\/doktorvolt.pl\/de\/","name":"DOKTORVOLT\u00ae","description":"Producent rozdzielnic budowlanych","publisher":{"@id":"https:\/\/doktorvolt.pl\/de\/#organization"},"potentialAction":[{"@type":"SearchAction","target":{"@type":"EntryPoint","urlTemplate":"https:\/\/doktorvolt.pl\/de\/?s={search_term_string}"},"query-input":{"@type":"PropertyValueSpecification","valueRequired":true,"valueName":"search_term_string"}}],"inLanguage":"en-US"},{"@type":"Organization","@id":"https:\/\/doktorvolt.pl\/de\/#organization","name":"DOKTORVOLT\u00ae","url":"https:\/\/doktorvolt.pl\/de\/","logo":{"@type":"ImageObject","inLanguage":"en-US","@id":"https:\/\/doktorvolt.pl\/de\/#\/schema\/logo\/image\/","url":"https:\/\/doktorvolt.pl\/wp-content\/uploads\/2023\/10\/DoktorVOLT-black-png.png","contentUrl":"https:\/\/doktorvolt.pl\/wp-content\/uploads\/2023\/10\/DoktorVOLT-black-png.png","width":729,"height":40,"caption":"DOKTORVOLT\u00ae"},"image":{"@id":"https:\/\/doktorvolt.pl\/de\/#\/schema\/logo\/image\/"}}]}},"_links":{"self":[{"href":"https:\/\/doktorvolt.pl\/en\/wp-json\/wp\/v2\/product\/111244","targetHints":{"allow":["GET"]}}],"collection":[{"href":"https:\/\/doktorvolt.pl\/en\/wp-json\/wp\/v2\/product"}],"about":[{"href":"https:\/\/doktorvolt.pl\/en\/wp-json\/wp\/v2\/types\/product"}],"wp:featuredmedia":[{"embeddable":true,"href":"https:\/\/doktorvolt.pl\/en\/wp-json\/wp\/v2\/media\/98753"}],"wp:attachment":[{"href":"https:\/\/doktorvolt.pl\/en\/wp-json\/wp\/v2\/media?parent=111244"}],"wp:term":[{"taxonomy":"product_brand","embeddable":true,"href":"https:\/\/doktorvolt.pl\/en\/wp-json\/wp\/v2\/product_brand?post=111244"},{"taxonomy":"product_cat","embeddable":true,"href":"https:\/\/doktorvolt.pl\/en\/wp-json\/wp\/v2\/product_cat?post=111244"},{"taxonomy":"product_tag","embeddable":true,"href":"https:\/\/doktorvolt.pl\/en\/wp-json\/wp\/v2\/product_tag?post=111244"}],"curies":[{"name":"wp","href":"https:\/\/api.w.org\/{rel}","templated":true}]}}