{"id":111261,"date":"2026-02-23T14:48:40","date_gmt":"2026-02-23T12:48:40","guid":{"rendered":"https:\/\/doktorvolt.pl\/sklep\/uncategorized\/kaseta-sterownicza-2-przyciski-10-6a-230v-ip65-0072\/"},"modified":"2026-02-23T14:48:40","modified_gmt":"2026-02-23T12:48:40","slug":"kaseta-sterownicza-2-przyciski-10-6a-230v-ip65-0072","status":"publish","type":"product","link":"https:\/\/doktorvolt.pl\/en\/oferta-doktorvolt\/accessories\/sockets-and-switches\/kaseta-sterownicza-2-przyciski-10-6a-230v-ip65-0072\/","title":{"rendered":"Kaseta sterownicza 2 przyciski 10\/6A 230V IP65 0072"},"content":{"rendered":"<h1 class=\"page-title\" style=\"text-align:center;\"><span style=\"color:#000000;\">Kaseta sterownicza 2 przyciski DV-0072 10\/6A 230V IP65<br \/><\/span><\/h1>\n<\/p>\n<p style=\"text-align:center;\"><span style=\"font-family:verdana, geneva;font-size:12pt;color:#000000;\">&#x2b50;&#x2b50;&#x2b50;&#x2b50;&#x2b50;<\/span><\/p>\n<p style=\"text-align:center;\"><img decoding=\"async\" src=\"https:\/\/preis-zone.pl\/hpeciai\/d1575a8161ec6a24051f76ff6723394c\/pol_pl_Kaseta-sterownicza-2-przyciski-10-6A-230V-IP65-0072-16572_1.jpg\" alt=\"\" width=\"380\" height=\"380\" \/><\/p>\n<p style=\"text-align:justify;\" align=\"left\"><span style=\"font-family:verdana, geneva;font-size:12pt;color:#000000;\">&#x27a1;&#xfe0f; Kaseta steruj\u0105ca <span class=\"ILfuVd\" xml:lang=\"pl\" lang=\"pl\"><span class=\"hgKElc\">s\u0142u\u017cy do sterowania urz\u0105dzeniami b\u0119d\u0105cymi w ruchu.<\/span><\/span><br \/><\/span><\/p>\n<p style=\"text-align:justify;\" align=\"left\"><span style=\"font-family:verdana, geneva;font-size:12pt;color:#000000;\">&#x27a1;&#xfe0f; Produkt wykonany z wysokiej jako\u015bci tworzywa sztucznego, dost\u0119pny w kolorze szaro-czarnym, wyposa\u017cony w zielony przycisk\u00a0 (styk NO) oraz czerwony przycisk (NC)<\/span>.<\/p>\n<p style=\"text-align:justify;\" align=\"left\"><span style=\"font-family:verdana, geneva;font-size:12pt;color:#000000;\">&#x27a1;&#xfe0f; Kasety steruj\u0105ce sprawdz\u0105 si\u0119 na wielu p\u0142aszczyznach, wykorzystywane s\u0105 m.in. <br \/>w rolkach transportowych, maszynach stacjonarnych, suwnicach, d\u017awigach, podno\u015bnikach, obrabiarkach, w\u00f3zkach jezdnych.<\/span><\/p>\n<\/p>\n<p style=\"text-align:justify;\" align=\"left\"><span style=\"font-family:verdana, geneva;font-size:12pt;color:#000000;\">&#x27a1;&#xfe0f; Specyfikacja produktu<\/span><\/p>\n<p style=\"text-align:justify;\" align=\"left\"><span style=\"font-family:verdana, geneva;font-size:12pt;color:#000000;\">&#x2714;&#xfe0f; Pr\u0105d znamionowy termiczny <strong>10\/6A,<\/strong><\/span><\/p>\n<p style=\"text-align:justify;\" align=\"left\"><span style=\"font-family:verdana, geneva;font-size:12pt;color:#000000;\">&#x2714;&#xfe0f; Napi\u0119cie <strong>230 V,<\/strong><\/span><\/p>\n<p style=\"text-align:justify;\" align=\"left\"><span style=\"font-family:verdana, geneva;font-size:12pt;color:#000000;\">&#x2714;&#xfe0f; Napi\u0119cie znamionowe\/wytrzyma\u0142o\u015b\u0107 na impulsy <strong>6 kV,<\/strong><\/span><\/p>\n<p style=\"text-align:justify;\" align=\"left\"><span style=\"font-family:verdana, geneva;font-size:12pt;color:#000000;\">&#x2714;&#xfe0f; Pod\u0142\u0105czenie przewod\u00f3w\u00a0<strong>Zaciski \u015brubowe,<\/strong><\/span><\/p>\n<p style=\"text-align:justify;\" align=\"left\"><span style=\"font-family:verdana, geneva;font-size:12pt;color:#000000;\">&#x2714;&#xfe0f; Wymiary obudowy (bez <span>przycisk\u00f3w<\/span>)<strong>103 x 67 x 49mm,<\/strong><\/span><\/p>\n<p style=\"text-align:justify;\" align=\"left\"><span style=\"font-family:verdana, geneva;font-size:12pt;color:#000000;\">&#x2714;&#xfe0f; Przekr\u00f3j przewodu<strong> 1\u00d70,5&#8230;1\u00d72,5 mm2, (2\u00d71,5 mm2),<br \/><\/strong><\/span><\/p>\n<p style=\"text-align:justify;\" align=\"left\"><span style=\"font-family:verdana, geneva;font-size:12pt;color:#000000;\">&#x2714;&#xfe0f; Trwa\u0142o\u015b\u0107 mechaniczna <strong>1\u00d7106 cykli prze\u0142\u0105czania,<\/strong><\/span><\/p>\n<p style=\"text-align:justify;\" align=\"left\"><span style=\"font-family:verdana, geneva;font-size:12pt;color:#000000;\">&#x2714;&#xfe0f; Odporno\u015b\u0107 na wibracje (IEC 60068-2-6) <strong>maks. 8 g (40&#8230;500 Hz)<\/strong>,<br \/><\/span><\/p>\n<p style=\"text-align:justify;\" align=\"left\"><span style=\"font-family:verdana, geneva;font-size:12pt;color:#000000;\">&#x2714;&#xfe0f; Odporno\u015b\u0107 na uderzenia (IEC 60068-2-27) <strong>maks. 15 g,<\/strong><\/span><\/p>\n<p style=\"text-align:justify;\" align=\"left\"><span style=\"font-family:verdana, geneva;font-size:12pt;color:#000000;\">&#x2714;&#xfe0f;\u00a0Temperatura otoczenia\u00a0<strong>-25 \u00b0C ~ +70 \u00b0C,<\/strong><\/span><\/p>\n<p style=\"text-align:justify;\" align=\"left\"><span style=\"font-family:verdana, geneva;font-size:12pt;color:#000000;\">&#x2714;&#xfe0f; Konstrukcja stacjonarna\/ruchoma<strong> Stacjonarna,<\/strong><\/span><\/p>\n<p style=\"text-align:justify;\" align=\"left\"><span style=\"font-family:verdana, geneva;font-size:12pt;color:#000000;\">&#x2714;&#xfe0f; Stopie\u0144 ochrony IP <strong>65,<\/strong><\/span><\/p>\n<p style=\"text-align:justify;\" align=\"left\"><span style=\"font-family:verdana, geneva;font-size:12pt;color:#000000;\">&#x2714;&#xfe0f; Oznaczenie producenta<strong> DV-0072,<\/strong><\/span><\/p>\n<p style=\"text-align:justify;\" align=\"left\"><span style=\"font-family:verdana, geneva;font-size:12pt;color:#000000;\">&#x2714;&#xfe0f; Normy i certyfikaty <strong><\/strong><span style=\"font-family:verdana, geneva;font-size:12pt;color:#000000;\"><strong> CE,<br \/><\/strong><\/span><\/span><\/p>\n<p style=\"text-align:justify;\" align=\"left\"><span style=\"font-family:verdana, geneva;font-size:12pt;color:#000000;\">&#x2714;&#xfe0f; EAN<strong> 5905191010072.<\/strong><\/span><\/p>\n","protected":false},"excerpt":{"rendered":"","protected":false},"featured_media":98476,"template":"","meta":[],"product_brand":[],"product_cat":[5147],"product_tag":[],"class_list":{"0":"post-111261","1":"product","2":"type-product","3":"status-publish","4":"has-post-thumbnail","6":"product_cat-sockets-and-switches","7":"pa_napiecie-230v","8":"pa_napiecie-znamionowe-6kv","9":"pa_stopien-ochrony-ip65","11":"first","12":"instock","13":"shipping-taxable","14":"product-type-external"},"yoast_head":"<!-- This site is optimized with the Yoast SEO plugin v27.0 - https:\/\/yoast.com\/product\/yoast-seo-wordpress\/ -->\n<title>Kaseta sterownicza 2 przyciski 10\/6A 230V IP65 0072 - DOKTORVOLT\u00ae<\/title>\n<meta name=\"robots\" content=\"index, follow, max-snippet:-1, max-image-preview:large, max-video-preview:-1\" \/>\n<link rel=\"canonical\" href=\"https:\/\/doktorvolt.pl\/en\/oferta-doktorvolt\/accessories\/sockets-and-switches\/kaseta-sterownicza-2-przyciski-10-6a-230v-ip65-0072\/\" \/>\n<meta property=\"og:locale\" content=\"en_US\" \/>\n<meta property=\"og:type\" content=\"article\" \/>\n<meta property=\"og:title\" content=\"Kaseta sterownicza 2 przyciski 10\/6A 230V IP65 0072 - DOKTORVOLT\u00ae\" \/>\n<meta property=\"og:url\" content=\"https:\/\/doktorvolt.pl\/en\/oferta-doktorvolt\/accessories\/sockets-and-switches\/kaseta-sterownicza-2-przyciski-10-6a-230v-ip65-0072\/\" \/>\n<meta property=\"og:site_name\" content=\"DOKTORVOLT\u00ae\" \/>\n<meta property=\"og:image\" content=\"https:\/\/doktorvolt.pl\/wp-content\/uploads\/2026\/02\/pol_pl_Kaseta-sterownicza-2-przyciski-10-6A-230V-IP65-0072-16572_1.jpg\" \/>\n\t<meta property=\"og:image:width\" content=\"1000\" \/>\n\t<meta property=\"og:image:height\" content=\"1000\" \/>\n\t<meta property=\"og:image:type\" content=\"image\/jpeg\" \/>\n<meta name=\"twitter:card\" content=\"summary_large_image\" \/>\n<meta name=\"twitter:label1\" content=\"Est. reading time\" \/>\n\t<meta name=\"twitter:data1\" content=\"1 minute\" \/>\n<script type=\"application\/ld+json\" class=\"yoast-schema-graph\">{\"@context\":\"https:\/\/schema.org\",\"@graph\":[{\"@type\":\"WebPage\",\"@id\":\"https:\/\/doktorvolt.pl\/en\/oferta-doktorvolt\/accessories\/sockets-and-switches\/kaseta-sterownicza-2-przyciski-10-6a-230v-ip65-0072\/\",\"url\":\"https:\/\/doktorvolt.pl\/en\/oferta-doktorvolt\/accessories\/sockets-and-switches\/kaseta-sterownicza-2-przyciski-10-6a-230v-ip65-0072\/\",\"name\":\"Kaseta sterownicza 2 przyciski 10\/6A 230V IP65 0072 - DOKTORVOLT\u00ae\",\"isPartOf\":{\"@id\":\"https:\/\/doktorvolt.pl\/de\/#website\"},\"primaryImageOfPage\":{\"@id\":\"https:\/\/doktorvolt.pl\/en\/oferta-doktorvolt\/accessories\/sockets-and-switches\/kaseta-sterownicza-2-przyciski-10-6a-230v-ip65-0072\/#primaryimage\"},\"image\":{\"@id\":\"https:\/\/doktorvolt.pl\/en\/oferta-doktorvolt\/accessories\/sockets-and-switches\/kaseta-sterownicza-2-przyciski-10-6a-230v-ip65-0072\/#primaryimage\"},\"thumbnailUrl\":\"https:\/\/doktorvolt.pl\/wp-content\/uploads\/2026\/02\/pol_pl_Kaseta-sterownicza-2-przyciski-10-6A-230V-IP65-0072-16572_1.jpg\",\"datePublished\":\"2026-02-23T12:48:40+00:00\",\"breadcrumb\":{\"@id\":\"https:\/\/doktorvolt.pl\/en\/oferta-doktorvolt\/accessories\/sockets-and-switches\/kaseta-sterownicza-2-przyciski-10-6a-230v-ip65-0072\/#breadcrumb\"},\"inLanguage\":\"en-US\",\"potentialAction\":[{\"@type\":\"ReadAction\",\"target\":[\"https:\/\/doktorvolt.pl\/en\/oferta-doktorvolt\/accessories\/sockets-and-switches\/kaseta-sterownicza-2-przyciski-10-6a-230v-ip65-0072\/\"]}]},{\"@type\":\"ImageObject\",\"inLanguage\":\"en-US\",\"@id\":\"https:\/\/doktorvolt.pl\/en\/oferta-doktorvolt\/accessories\/sockets-and-switches\/kaseta-sterownicza-2-przyciski-10-6a-230v-ip65-0072\/#primaryimage\",\"url\":\"https:\/\/doktorvolt.pl\/wp-content\/uploads\/2026\/02\/pol_pl_Kaseta-sterownicza-2-przyciski-10-6A-230V-IP65-0072-16572_1.jpg\",\"contentUrl\":\"https:\/\/doktorvolt.pl\/wp-content\/uploads\/2026\/02\/pol_pl_Kaseta-sterownicza-2-przyciski-10-6A-230V-IP65-0072-16572_1.jpg\",\"width\":1000,\"height\":1000},{\"@type\":\"BreadcrumbList\",\"@id\":\"https:\/\/doktorvolt.pl\/en\/oferta-doktorvolt\/accessories\/sockets-and-switches\/kaseta-sterownicza-2-przyciski-10-6a-230v-ip65-0072\/#breadcrumb\",\"itemListElement\":[{\"@type\":\"ListItem\",\"position\":1,\"name\":\"Strona g\u0142\u00f3wna\",\"item\":\"https:\/\/doktorvolt.pl\/en\/\"},{\"@type\":\"ListItem\",\"position\":2,\"name\":\"Offer Doktorvolt\",\"item\":\"https:\/\/doktorvolt.pl\/en\/offer-doktorvolt\/\"},{\"@type\":\"ListItem\",\"position\":3,\"name\":\"Kaseta sterownicza 2 przyciski 10\/6A 230V IP65 0072\"}]},{\"@type\":\"WebSite\",\"@id\":\"https:\/\/doktorvolt.pl\/de\/#website\",\"url\":\"https:\/\/doktorvolt.pl\/de\/\",\"name\":\"DOKTORVOLT\u00ae\",\"description\":\"Producent rozdzielnic budowlanych\",\"publisher\":{\"@id\":\"https:\/\/doktorvolt.pl\/de\/#organization\"},\"potentialAction\":[{\"@type\":\"SearchAction\",\"target\":{\"@type\":\"EntryPoint\",\"urlTemplate\":\"https:\/\/doktorvolt.pl\/de\/?s={search_term_string}\"},\"query-input\":{\"@type\":\"PropertyValueSpecification\",\"valueRequired\":true,\"valueName\":\"search_term_string\"}}],\"inLanguage\":\"en-US\"},{\"@type\":\"Organization\",\"@id\":\"https:\/\/doktorvolt.pl\/de\/#organization\",\"name\":\"DOKTORVOLT\u00ae\",\"url\":\"https:\/\/doktorvolt.pl\/de\/\",\"logo\":{\"@type\":\"ImageObject\",\"inLanguage\":\"en-US\",\"@id\":\"https:\/\/doktorvolt.pl\/de\/#\/schema\/logo\/image\/\",\"url\":\"https:\/\/doktorvolt.pl\/wp-content\/uploads\/2023\/10\/DoktorVOLT-black-png.png\",\"contentUrl\":\"https:\/\/doktorvolt.pl\/wp-content\/uploads\/2023\/10\/DoktorVOLT-black-png.png\",\"width\":729,\"height\":40,\"caption\":\"DOKTORVOLT\u00ae\"},\"image\":{\"@id\":\"https:\/\/doktorvolt.pl\/de\/#\/schema\/logo\/image\/\"}}]}<\/script>\n<!-- \/ Yoast SEO plugin. -->","yoast_head_json":{"title":"Kaseta sterownicza 2 przyciski 10\/6A 230V IP65 0072 - DOKTORVOLT\u00ae","robots":{"index":"index","follow":"follow","max-snippet":"max-snippet:-1","max-image-preview":"max-image-preview:large","max-video-preview":"max-video-preview:-1"},"canonical":"https:\/\/doktorvolt.pl\/en\/oferta-doktorvolt\/accessories\/sockets-and-switches\/kaseta-sterownicza-2-przyciski-10-6a-230v-ip65-0072\/","og_locale":"en_US","og_type":"article","og_title":"Kaseta sterownicza 2 przyciski 10\/6A 230V IP65 0072 - DOKTORVOLT\u00ae","og_url":"https:\/\/doktorvolt.pl\/en\/oferta-doktorvolt\/accessories\/sockets-and-switches\/kaseta-sterownicza-2-przyciski-10-6a-230v-ip65-0072\/","og_site_name":"DOKTORVOLT\u00ae","og_image":[{"width":1000,"height":1000,"url":"https:\/\/doktorvolt.pl\/wp-content\/uploads\/2026\/02\/pol_pl_Kaseta-sterownicza-2-przyciski-10-6A-230V-IP65-0072-16572_1.jpg","type":"image\/jpeg"}],"twitter_card":"summary_large_image","twitter_misc":{"Est. reading time":"1 minute"},"schema":{"@context":"https:\/\/schema.org","@graph":[{"@type":"WebPage","@id":"https:\/\/doktorvolt.pl\/en\/oferta-doktorvolt\/accessories\/sockets-and-switches\/kaseta-sterownicza-2-przyciski-10-6a-230v-ip65-0072\/","url":"https:\/\/doktorvolt.pl\/en\/oferta-doktorvolt\/accessories\/sockets-and-switches\/kaseta-sterownicza-2-przyciski-10-6a-230v-ip65-0072\/","name":"Kaseta sterownicza 2 przyciski 10\/6A 230V IP65 0072 - DOKTORVOLT\u00ae","isPartOf":{"@id":"https:\/\/doktorvolt.pl\/de\/#website"},"primaryImageOfPage":{"@id":"https:\/\/doktorvolt.pl\/en\/oferta-doktorvolt\/accessories\/sockets-and-switches\/kaseta-sterownicza-2-przyciski-10-6a-230v-ip65-0072\/#primaryimage"},"image":{"@id":"https:\/\/doktorvolt.pl\/en\/oferta-doktorvolt\/accessories\/sockets-and-switches\/kaseta-sterownicza-2-przyciski-10-6a-230v-ip65-0072\/#primaryimage"},"thumbnailUrl":"https:\/\/doktorvolt.pl\/wp-content\/uploads\/2026\/02\/pol_pl_Kaseta-sterownicza-2-przyciski-10-6A-230V-IP65-0072-16572_1.jpg","datePublished":"2026-02-23T12:48:40+00:00","breadcrumb":{"@id":"https:\/\/doktorvolt.pl\/en\/oferta-doktorvolt\/accessories\/sockets-and-switches\/kaseta-sterownicza-2-przyciski-10-6a-230v-ip65-0072\/#breadcrumb"},"inLanguage":"en-US","potentialAction":[{"@type":"ReadAction","target":["https:\/\/doktorvolt.pl\/en\/oferta-doktorvolt\/accessories\/sockets-and-switches\/kaseta-sterownicza-2-przyciski-10-6a-230v-ip65-0072\/"]}]},{"@type":"ImageObject","inLanguage":"en-US","@id":"https:\/\/doktorvolt.pl\/en\/oferta-doktorvolt\/accessories\/sockets-and-switches\/kaseta-sterownicza-2-przyciski-10-6a-230v-ip65-0072\/#primaryimage","url":"https:\/\/doktorvolt.pl\/wp-content\/uploads\/2026\/02\/pol_pl_Kaseta-sterownicza-2-przyciski-10-6A-230V-IP65-0072-16572_1.jpg","contentUrl":"https:\/\/doktorvolt.pl\/wp-content\/uploads\/2026\/02\/pol_pl_Kaseta-sterownicza-2-przyciski-10-6A-230V-IP65-0072-16572_1.jpg","width":1000,"height":1000},{"@type":"BreadcrumbList","@id":"https:\/\/doktorvolt.pl\/en\/oferta-doktorvolt\/accessories\/sockets-and-switches\/kaseta-sterownicza-2-przyciski-10-6a-230v-ip65-0072\/#breadcrumb","itemListElement":[{"@type":"ListItem","position":1,"name":"Strona g\u0142\u00f3wna","item":"https:\/\/doktorvolt.pl\/en\/"},{"@type":"ListItem","position":2,"name":"Offer Doktorvolt","item":"https:\/\/doktorvolt.pl\/en\/offer-doktorvolt\/"},{"@type":"ListItem","position":3,"name":"Kaseta sterownicza 2 przyciski 10\/6A 230V IP65 0072"}]},{"@type":"WebSite","@id":"https:\/\/doktorvolt.pl\/de\/#website","url":"https:\/\/doktorvolt.pl\/de\/","name":"DOKTORVOLT\u00ae","description":"Producent rozdzielnic budowlanych","publisher":{"@id":"https:\/\/doktorvolt.pl\/de\/#organization"},"potentialAction":[{"@type":"SearchAction","target":{"@type":"EntryPoint","urlTemplate":"https:\/\/doktorvolt.pl\/de\/?s={search_term_string}"},"query-input":{"@type":"PropertyValueSpecification","valueRequired":true,"valueName":"search_term_string"}}],"inLanguage":"en-US"},{"@type":"Organization","@id":"https:\/\/doktorvolt.pl\/de\/#organization","name":"DOKTORVOLT\u00ae","url":"https:\/\/doktorvolt.pl\/de\/","logo":{"@type":"ImageObject","inLanguage":"en-US","@id":"https:\/\/doktorvolt.pl\/de\/#\/schema\/logo\/image\/","url":"https:\/\/doktorvolt.pl\/wp-content\/uploads\/2023\/10\/DoktorVOLT-black-png.png","contentUrl":"https:\/\/doktorvolt.pl\/wp-content\/uploads\/2023\/10\/DoktorVOLT-black-png.png","width":729,"height":40,"caption":"DOKTORVOLT\u00ae"},"image":{"@id":"https:\/\/doktorvolt.pl\/de\/#\/schema\/logo\/image\/"}}]}},"_links":{"self":[{"href":"https:\/\/doktorvolt.pl\/en\/wp-json\/wp\/v2\/product\/111261","targetHints":{"allow":["GET"]}}],"collection":[{"href":"https:\/\/doktorvolt.pl\/en\/wp-json\/wp\/v2\/product"}],"about":[{"href":"https:\/\/doktorvolt.pl\/en\/wp-json\/wp\/v2\/types\/product"}],"wp:featuredmedia":[{"embeddable":true,"href":"https:\/\/doktorvolt.pl\/en\/wp-json\/wp\/v2\/media\/98476"}],"wp:attachment":[{"href":"https:\/\/doktorvolt.pl\/en\/wp-json\/wp\/v2\/media?parent=111261"}],"wp:term":[{"taxonomy":"product_brand","embeddable":true,"href":"https:\/\/doktorvolt.pl\/en\/wp-json\/wp\/v2\/product_brand?post=111261"},{"taxonomy":"product_cat","embeddable":true,"href":"https:\/\/doktorvolt.pl\/en\/wp-json\/wp\/v2\/product_cat?post=111261"},{"taxonomy":"product_tag","embeddable":true,"href":"https:\/\/doktorvolt.pl\/en\/wp-json\/wp\/v2\/product_tag?post=111261"}],"curies":[{"name":"wp","href":"https:\/\/api.w.org\/{rel}","templated":true}]}}