{"id":111266,"date":"2026-02-23T14:48:01","date_gmt":"2026-02-23T12:48:01","guid":{"rendered":"https:\/\/doktorvolt.pl\/sklep\/uncategorized\/obudowa-rozdzielnicy-hl-ip44-doktorvolt-5323\/"},"modified":"2026-02-23T14:48:01","modified_gmt":"2026-02-23T12:48:01","slug":"obudowa-rozdzielnicy-hl-ip44-doktorvolt-5323","status":"publish","type":"product","link":"https:\/\/doktorvolt.pl\/en\/oferta-doktorvolt\/accessories\/enclosures-for-distribution-boards\/obudowa-rozdzielnicy-hl-ip44-doktorvolt-5323\/","title":{"rendered":"Obudowa rozdzielnicy HL IP44 Doktorvolt 5323"},"content":{"rendered":"<p><!-- aukcja by Dzesa --><\/p>\n<h1 style=\"text-align:center;\"><span style=\"color:#000000;\"><span style=\"color:#000000;\">Obudowa\u00a0erbetki HL 5323 IP44 Doktorvolt<\/span><\/span><\/h1>\n<p style=\"text-align:justify;font-size:13pt;\"><span style=\"color:#000000;\"> Obudowa rozdzielnicy czteromodu\u0142owej budowlanej, do monta\u017cu na\u015bciennego. Dwukolorowa, prz\u00f3d obudowy w kolorze szarym, ty\u0142 w kolorze czarnym. Piankowa uszczelka zabezpiecza drzwi transparentne oraz p\u0142yt\u0119 podstawy z ochron\u0105 w obszarze wg\u0142\u0119bnego ukszta\u0142towania. Kategoria odporno\u015bci udarowej IK09 zgodnie z EN 60670-1, EN 60670-24. Obudowa rozdzielnicy daje nam mo\u017cliwo\u015b\u0107 zamontowania gniazd tablicowych po wyci\u0119ciu otwor\u00f3w. Istnieje r\u00f3wnie\u017c mo\u017cliwo\u015b\u0107 zamontowania aparatury takiej jak: wy\u0142\u0105czniki nadpr\u0105dowe, wy\u0142\u0105czniki r\u00f3\u017cnicopr\u0105dowe, lampki kontrolne, ograniczniki przepi\u0119\u0107 itp.<br \/><\/span><\/p>\n<p><\/p>\n<p style=\"text-align:justify;font-size:13pt;\"><span style=\"color:#000000;\">Dok\u0142adne wymiary obudowy przedstawia rysunek poni\u017cej:<\/span><\/p>\n<p><\/p>\n<p style=\"text-align:justify;font-size:13pt;\"><span style=\"color:#000000;\"><img decoding=\"async\" src=\"\/data\/include\/cms\/description\/img\/cms\/wymiary2.jpg\" alt=\"\" width=\"879\" height=\"557\" \/><br \/><\/span><\/p>\n<p><\/p>\n<p style=\"text-align:justify;font-size:13pt;\">\n<table class=\"center\" style=\"background-color:#f5f5f5;margin-left:auto;margin-right:auto;width:631px;height:464px;border:1px solid #ffffff;\" align=\"center\">\n<tbody>\n<tr>\n<td style=\"text-align:right;padding:15px;height:25px;\" valign=\"middle\" align=\"right\"><span style=\"font-family:verdana, geneva;color:#000000;\"><span style=\"font-size:16px;\">ilo\u015b\u0107 modu\u0142\u00f3w<\/span><\/span><\/td>\n<td style=\"background-color:#ffffff;text-align:center;\"><span style=\"font-size:16px;color:#000000;\">4<\/span><\/td>\n<\/tr>\n<tr>\n<td style=\"text-align:right;padding:15px;height:25px;\" valign=\"middle\" align=\"right\"><span style=\"font-family:verdana, geneva;color:#000000;\"><span style=\"font-size:16px;\">ilo\u015b\u0107 rz\u0119d\u00f3w<\/span><\/span><\/td>\n<td style=\"background-color:#ffffff;text-align:center;\"><span style=\"font-size:16px;color:#000000;\">1<\/span><\/td>\n<\/tr>\n<tr>\n<td style=\"text-align:right;padding:15px;height:25px;\" valign=\"middle\" align=\"right\"><span style=\"font-family:verdana, geneva;color:#000000;\"><span style=\"font-size:16px;\">monta\u017c<\/span><\/span><\/td>\n<td style=\"background-color:#ffffff;text-align:center;\"><span style=\"font-size:16px;color:#000000;\">natynkowy<\/span><\/td>\n<\/tr>\n<tr>\n<td style=\"text-align:right;padding:15px;height:25px;\" valign=\"middle\" align=\"right\"><span style=\"font-family:verdana, geneva;color:#000000;\"><span style=\"font-size:16px;\">odporno\u015b\u0107 na uderzenia <\/span><\/span><\/td>\n<td style=\"background-color:#ffffff;text-align:center;\"><span style=\"font-size:16px;color:#000000;\">IK09<\/span><\/td>\n<\/tr>\n<tr>\n<td style=\"text-align:right;padding:15px;height:25px;\" valign=\"middle\" align=\"right\"><span style=\"font-family:verdana, geneva;color:#000000;\"><span style=\"font-size:16px;\">odporno\u015b\u0107 na ciep\u0142o <br \/><\/span><\/span><\/td>\n<td style=\"background-color:#ffffff;text-align:center;\"><span style=\"font-size:16px;color:#000000;\">pr\u00f3ba roz\u017carzonego drutu 650\u00b0C<\/span><\/td>\n<\/tr>\n<tr>\n<td style=\"text-align:right;padding:15px;height:25px;\" valign=\"middle\" align=\"right\"><span style=\"font-family:verdana, geneva;color:#000000;\"><span style=\"font-size:16px;\">temperatura pracy<br \/><\/span><\/span><\/td>\n<td style=\"background-color:#ffffff;text-align:center;\"><span style=\"font-size:16px;color:#000000;\">od -25\u00b0C do +60\u00b0C<\/span><\/td>\n<\/tr>\n<tr>\n<td style=\"text-align:right;padding:15px;height:25px;\" valign=\"middle\" align=\"right\"><span style=\"font-family:verdana, geneva;color:#000000;\"><span style=\"font-size:16px;\">pr\u0105d znamionowy<br \/><\/span><\/span><\/td>\n<td style=\"background-color:#ffffff;text-align:center;\"><span style=\"font-size:16px;color:#000000;\">16A<\/span><\/td>\n<\/tr>\n<tr>\n<td style=\"text-align:right;padding:15px;height:25px;\" valign=\"middle\" align=\"right\"><span style=\"font-family:verdana, geneva;color:#000000;\"><span style=\"font-size:16px;\">stopie\u0144 ochrony rozdzielnicy<\/span><\/span><\/td>\n<td style=\"background-color:#ffffff;text-align:center;\"><span style=\"font-size:16px;color:#000000;\">IP44<\/span><\/td>\n<\/tr>\n<tr>\n<td style=\"text-align:right;padding:15px;height:25px;\" valign=\"middle\" align=\"right\"><span style=\"font-family:verdana, geneva;color:#000000;\"><span style=\"font-size:16px;\">napi\u0119cie znamionowe obudowy<\/span><\/span><\/td>\n<td style=\"background-color:#ffffff;text-align:center;\"><span style=\"font-size:16px;color:#000000;\">750 V AC<br \/><\/span><\/td>\n<\/tr>\n<tr>\n<td style=\"text-align:right;padding:15px;height:25px;\" valign=\"middle\" align=\"right\"><span style=\"font-family:verdana, geneva;color:#000000;\"><span style=\"font-size:16px;\">wymiary obudowy<\/span><\/span><\/td>\n<td style=\"background-color:#ffffff;text-align:center;\"><span style=\"font-size:16px;color:#000000;\">240,5 x 180 x 110mm<\/span><\/td>\n<\/tr>\n<tr>\n<td style=\"text-align:right;padding:15px;height:25px;\" valign=\"middle\" align=\"right\"><span style=\"font-family:verdana, geneva;color:#000000;\"><span style=\"font-size:16px;\">materia\u0142 obudowy<\/span><\/span><\/td>\n<td style=\"background-color:#ffffff;text-align:center;\"><span style=\"font-size:16px;color:#000000;\">technopolimer<\/span><\/td>\n<\/tr>\n<tr>\n<td style=\"text-align:right;padding:15px;height:25px;\" valign=\"middle\" align=\"right\"><span style=\"font-size:12pt;color:#000000;\"><span style=\"font-family:verdana, geneva;\">materia\u0142 drzwi<\/span><\/span><\/td>\n<td style=\"background-color:#ffffff;text-align:center;width:200px;\"><span style=\"font-family:verdana, geneva;color:#000000;\"><span style=\"font-size:16px;\">poliw\u0119glan<\/span><\/span><\/td>\n<\/tr>\n<tr>\n<td style=\"text-align:right;padding:15px;height:25px;\" valign=\"middle\" align=\"right\"><span style=\"font-family:verdana, geneva;color:#000000;\"><span style=\"font-size:16px;\">kolor przedniej p\u0142yty obudowy<\/span><\/span><\/td>\n<td style=\"background-color:#ffffff;text-align:center;\"><span style=\"font-family:verdana, geneva;color:#000000;\"><span style=\"font-size:16px;\">szary RAL 7035<\/span><\/span><\/td>\n<\/tr>\n<tr>\n<td style=\"text-align:right;padding:15px;height:25px;\" valign=\"middle\" align=\"right\"><span style=\"font-family:verdana, geneva;color:#000000;\"><span style=\"font-size:16px;\">kolor tylnej p\u0142yty obudowy<\/span><\/span><\/td>\n<td style=\"background-color:#ffffff;text-align:center;\"><span style=\"font-family:verdana, geneva;color:#000000;\"><span style=\"font-size:16px;\">czarny<\/span><\/span><\/td>\n<\/tr>\n<tr>\n<td style=\"text-align:right;padding:15px;height:25px;\" valign=\"middle\" align=\"right\"><span style=\"font-family:verdana, geneva;color:#000000;\"><span style=\"font-size:16px;\">materia\u0142 \u015brub<\/span><\/span><\/td>\n<td style=\"background-color:#ffffff;text-align:center;\"><span style=\"font-family:verdana, geneva;color:#000000;\"><span style=\"font-size:16px;\">stal nierdzewna<\/span><\/span><\/td>\n<\/tr>\n<tr>\n<td style=\"text-align:right;padding:15px;height:25px;\" valign=\"middle\" align=\"right\"><span style=\"font-family:verdana, geneva;color:#000000;\"><span style=\"font-size:16px;\">uszczelka<\/span><\/span><\/td>\n<td style=\"background-color:#ffffff;text-align:center;\"><span style=\"font-family:verdana, geneva;color:#000000;\"><span style=\"font-size:16px;\">piankowa<\/span><\/span><\/td>\n<\/tr>\n<tr>\n<td style=\"text-align:right;padding:15px;height:25px;\" valign=\"middle\" align=\"right\"><span style=\"font-family:verdana, geneva;color:#000000;\"><span style=\"font-size:16px;\">zastosowanie<br \/><\/span><\/span><\/td>\n<td style=\"background-color:#ffffff;text-align:center;\">\n<p><span style=\"font-size:16px;color:#000000;\"><span style=\"color:#000000;\"><span style=\"color:#000000;\">zamontowania aparatury takiej jak: <\/span><\/span><\/span><\/p>\n<p><span style=\"font-size:16px;color:#000000;\"><span style=\"color:#000000;\"><span style=\"color:#000000;\">-wy\u0142\u0105czniki nadpr\u0105dowe<\/span><\/span><\/span><\/p>\n<p><span style=\"font-size:16px;color:#000000;\"><span style=\"color:#000000;\"><span style=\"color:#000000;\"> -wy\u0142\u0105czniki r\u00f3\u017cnicopr\u0105dowe<\/span><\/span><\/span><\/p>\n<p><span style=\"font-size:16px;color:#000000;\"><span style=\"color:#000000;\"><span style=\"color:#000000;\"> -lampki kontrolne<\/span><\/span><\/span><\/p>\n<p><span style=\"font-size:16px;color:#000000;\"><span style=\"color:#000000;\"><span style=\"color:#000000;\"> -ograniczniki przepi\u0119\u0107 itp.<\/span><\/span><\/span><\/p>\n<\/p>\n<\/td>\n<\/tr>\n<tr>\n<td style=\"text-align:right;padding:15px;height:25px;\" valign=\"middle\" align=\"right\"><span style=\"font-family:verdana, geneva;color:#000000;\"><span style=\"font-size:16px;\"><span style=\"font-family:verdana, geneva;color:#000000;\"><span style=\"font-size:16px;\">dodatkowe mo\u017cliwo\u015bci<\/span><\/span><\/span><\/span><\/td>\n<td style=\"background-color:#ffffff;text-align:center;\">\n<p><span style=\"font-size:16px;color:#000000;\"><span style=\"color:#000000;\">-zamontowania gniazd tablicowych po wyci\u0119ciu otwor\u00f3w<\/span><\/span><\/p>\n<\/td>\n<\/tr>\n<tr>\n<td style=\"text-align:right;padding:15px;height:25px;\" valign=\"middle\" align=\"right\"><span style=\"font-family:verdana, geneva;color:#000000;\"><span style=\"font-size:16px;\">waga<\/span><\/span><\/td>\n<td style=\"background-color:#ffffff;text-align:center;\"><span style=\"font-size:16px;color:#000000;\">0.335 kg<\/span><\/td>\n<\/tr>\n<tr>\n<td style=\"text-align:right;padding:15px;height:25px;\" valign=\"middle\" align=\"right\"><span style=\"font-family:verdana, geneva;color:#000000;\"><span style=\"font-size:16px;\">certyfikaty i normy<\/span><\/span><\/td>\n<td style=\"background-color:#ffffff;text-align:center;\">\n<p><span style=\"font-family:verdana, geneva;color:#000000;\"><span style=\"font-size:16px;\">EN 60670-1<\/span><\/span><\/p>\n<p><span style=\"font-family:verdana, geneva;color:#000000;\"><span style=\"font-size:16px;\">EN 60670-24<\/span><\/span><\/p>\n<\/td>\n<\/tr>\n<tr>\n<td style=\"text-align:right;padding:15px;height:25px;\" valign=\"middle\" align=\"right\"><span style=\"font-family:verdana, geneva;color:#000000;\"><span style=\"font-size:16px;\">producent<\/span><\/span><\/td>\n<td style=\"background-color:#ffffff;text-align:center;\"><span style=\"font-family:verdana, geneva;color:#000000;\"><span style=\"font-size:16px;\">Doktorvolt<\/span><\/span><\/td>\n<\/tr>\n<tr>\n<td style=\"text-align:right;padding:15px;height:25px;\" valign=\"middle\" align=\"right\"><span style=\"font-family:verdana, geneva;color:#000000;\"><span style=\"font-size:16px;\">oznaczenie producenta<\/span><\/span><\/td>\n<td style=\"background-color:#ffffff;text-align:center;\"><span style=\"font-family:verdana, geneva;color:#000000;\"><span style=\"font-size:16px;\">DV-5323<\/span><\/span><\/td>\n<\/tr>\n<tr>\n<td style=\"text-align:right;padding:15px;height:25px;\" valign=\"middle\" align=\"right\"><span style=\"font-size:12pt;color:#000000;\"><span style=\"font-family:verdana, geneva;\">EAN<\/span><\/span><\/td>\n<td style=\"background-color:#ffffff;text-align:center;\"><span style=\"font-family:verdana, geneva;color:#000000;\"><span style=\"font-size:16px;\">5901583205323<\/span><\/span><\/td>\n<\/tr>\n<\/tbody>\n<\/table>\n","protected":false},"excerpt":{"rendered":"<p>Obudowa rozdzielnicy budowlanej HL 5323 Doktorvolt<\/p>\n","protected":false},"featured_media":98407,"template":"","meta":[],"product_brand":[],"product_cat":[5095],"product_tag":[],"class_list":{"0":"post-111266","1":"product","2":"type-product","3":"status-publish","4":"has-post-thumbnail","6":"product_cat-enclosures-for-distribution-boards","8":"first","9":"instock","10":"shipping-taxable","11":"product-type-external"},"yoast_head":"<!-- This site is optimized with the Yoast SEO plugin v27.0 - https:\/\/yoast.com\/product\/yoast-seo-wordpress\/ -->\n<title>Obudowa rozdzielnicy HL IP44 Doktorvolt 5323 - DOKTORVOLT\u00ae<\/title>\n<meta name=\"robots\" content=\"index, follow, max-snippet:-1, max-image-preview:large, max-video-preview:-1\" \/>\n<link rel=\"canonical\" href=\"https:\/\/doktorvolt.pl\/en\/oferta-doktorvolt\/accessories\/enclosures-for-distribution-boards\/obudowa-rozdzielnicy-hl-ip44-doktorvolt-5323\/\" \/>\n<meta property=\"og:locale\" content=\"en_US\" \/>\n<meta property=\"og:type\" content=\"article\" \/>\n<meta property=\"og:title\" content=\"Obudowa rozdzielnicy HL IP44 Doktorvolt 5323 - DOKTORVOLT\u00ae\" \/>\n<meta property=\"og:description\" content=\"Obudowa rozdzielnicy budowlanej HL 5323 Doktorvolt\" \/>\n<meta property=\"og:url\" content=\"https:\/\/doktorvolt.pl\/en\/oferta-doktorvolt\/accessories\/enclosures-for-distribution-boards\/obudowa-rozdzielnicy-hl-ip44-doktorvolt-5323\/\" \/>\n<meta property=\"og:site_name\" content=\"DOKTORVOLT\u00ae\" \/>\n<meta property=\"og:image\" content=\"https:\/\/doktorvolt.pl\/wp-content\/uploads\/2026\/02\/pol_pl_14418-14418_1.jpg\" \/>\n\t<meta property=\"og:image:width\" content=\"400\" \/>\n\t<meta property=\"og:image:height\" content=\"573\" \/>\n\t<meta property=\"og:image:type\" content=\"image\/jpeg\" \/>\n<meta name=\"twitter:card\" content=\"summary_large_image\" \/>\n<meta name=\"twitter:label1\" content=\"Est. reading time\" \/>\n\t<meta name=\"twitter:data1\" content=\"1 minute\" \/>\n<script type=\"application\/ld+json\" class=\"yoast-schema-graph\">{\"@context\":\"https:\/\/schema.org\",\"@graph\":[{\"@type\":\"WebPage\",\"@id\":\"https:\/\/doktorvolt.pl\/en\/oferta-doktorvolt\/accessories\/enclosures-for-distribution-boards\/obudowa-rozdzielnicy-hl-ip44-doktorvolt-5323\/\",\"url\":\"https:\/\/doktorvolt.pl\/en\/oferta-doktorvolt\/accessories\/enclosures-for-distribution-boards\/obudowa-rozdzielnicy-hl-ip44-doktorvolt-5323\/\",\"name\":\"Obudowa rozdzielnicy HL IP44 Doktorvolt 5323 - DOKTORVOLT\u00ae\",\"isPartOf\":{\"@id\":\"https:\/\/doktorvolt.pl\/de\/#website\"},\"primaryImageOfPage\":{\"@id\":\"https:\/\/doktorvolt.pl\/en\/oferta-doktorvolt\/accessories\/enclosures-for-distribution-boards\/obudowa-rozdzielnicy-hl-ip44-doktorvolt-5323\/#primaryimage\"},\"image\":{\"@id\":\"https:\/\/doktorvolt.pl\/en\/oferta-doktorvolt\/accessories\/enclosures-for-distribution-boards\/obudowa-rozdzielnicy-hl-ip44-doktorvolt-5323\/#primaryimage\"},\"thumbnailUrl\":\"https:\/\/doktorvolt.pl\/wp-content\/uploads\/2026\/02\/pol_pl_14418-14418_1.jpg\",\"datePublished\":\"2026-02-23T12:48:01+00:00\",\"breadcrumb\":{\"@id\":\"https:\/\/doktorvolt.pl\/en\/oferta-doktorvolt\/accessories\/enclosures-for-distribution-boards\/obudowa-rozdzielnicy-hl-ip44-doktorvolt-5323\/#breadcrumb\"},\"inLanguage\":\"en-US\",\"potentialAction\":[{\"@type\":\"ReadAction\",\"target\":[\"https:\/\/doktorvolt.pl\/en\/oferta-doktorvolt\/accessories\/enclosures-for-distribution-boards\/obudowa-rozdzielnicy-hl-ip44-doktorvolt-5323\/\"]}]},{\"@type\":\"ImageObject\",\"inLanguage\":\"en-US\",\"@id\":\"https:\/\/doktorvolt.pl\/en\/oferta-doktorvolt\/accessories\/enclosures-for-distribution-boards\/obudowa-rozdzielnicy-hl-ip44-doktorvolt-5323\/#primaryimage\",\"url\":\"https:\/\/doktorvolt.pl\/wp-content\/uploads\/2026\/02\/pol_pl_14418-14418_1.jpg\",\"contentUrl\":\"https:\/\/doktorvolt.pl\/wp-content\/uploads\/2026\/02\/pol_pl_14418-14418_1.jpg\",\"width\":400,\"height\":573},{\"@type\":\"BreadcrumbList\",\"@id\":\"https:\/\/doktorvolt.pl\/en\/oferta-doktorvolt\/accessories\/enclosures-for-distribution-boards\/obudowa-rozdzielnicy-hl-ip44-doktorvolt-5323\/#breadcrumb\",\"itemListElement\":[{\"@type\":\"ListItem\",\"position\":1,\"name\":\"Strona g\u0142\u00f3wna\",\"item\":\"https:\/\/doktorvolt.pl\/en\/\"},{\"@type\":\"ListItem\",\"position\":2,\"name\":\"Offer Doktorvolt\",\"item\":\"https:\/\/doktorvolt.pl\/en\/offer-doktorvolt\/\"},{\"@type\":\"ListItem\",\"position\":3,\"name\":\"Obudowa rozdzielnicy HL IP44 Doktorvolt 5323\"}]},{\"@type\":\"WebSite\",\"@id\":\"https:\/\/doktorvolt.pl\/de\/#website\",\"url\":\"https:\/\/doktorvolt.pl\/de\/\",\"name\":\"DOKTORVOLT\u00ae\",\"description\":\"Producent rozdzielnic budowlanych\",\"publisher\":{\"@id\":\"https:\/\/doktorvolt.pl\/de\/#organization\"},\"potentialAction\":[{\"@type\":\"SearchAction\",\"target\":{\"@type\":\"EntryPoint\",\"urlTemplate\":\"https:\/\/doktorvolt.pl\/de\/?s={search_term_string}\"},\"query-input\":{\"@type\":\"PropertyValueSpecification\",\"valueRequired\":true,\"valueName\":\"search_term_string\"}}],\"inLanguage\":\"en-US\"},{\"@type\":\"Organization\",\"@id\":\"https:\/\/doktorvolt.pl\/de\/#organization\",\"name\":\"DOKTORVOLT\u00ae\",\"url\":\"https:\/\/doktorvolt.pl\/de\/\",\"logo\":{\"@type\":\"ImageObject\",\"inLanguage\":\"en-US\",\"@id\":\"https:\/\/doktorvolt.pl\/de\/#\/schema\/logo\/image\/\",\"url\":\"https:\/\/doktorvolt.pl\/wp-content\/uploads\/2023\/10\/DoktorVOLT-black-png.png\",\"contentUrl\":\"https:\/\/doktorvolt.pl\/wp-content\/uploads\/2023\/10\/DoktorVOLT-black-png.png\",\"width\":729,\"height\":40,\"caption\":\"DOKTORVOLT\u00ae\"},\"image\":{\"@id\":\"https:\/\/doktorvolt.pl\/de\/#\/schema\/logo\/image\/\"}}]}<\/script>\n<!-- \/ Yoast SEO plugin. -->","yoast_head_json":{"title":"Obudowa rozdzielnicy HL IP44 Doktorvolt 5323 - DOKTORVOLT\u00ae","robots":{"index":"index","follow":"follow","max-snippet":"max-snippet:-1","max-image-preview":"max-image-preview:large","max-video-preview":"max-video-preview:-1"},"canonical":"https:\/\/doktorvolt.pl\/en\/oferta-doktorvolt\/accessories\/enclosures-for-distribution-boards\/obudowa-rozdzielnicy-hl-ip44-doktorvolt-5323\/","og_locale":"en_US","og_type":"article","og_title":"Obudowa rozdzielnicy HL IP44 Doktorvolt 5323 - DOKTORVOLT\u00ae","og_description":"Obudowa rozdzielnicy budowlanej HL 5323 Doktorvolt","og_url":"https:\/\/doktorvolt.pl\/en\/oferta-doktorvolt\/accessories\/enclosures-for-distribution-boards\/obudowa-rozdzielnicy-hl-ip44-doktorvolt-5323\/","og_site_name":"DOKTORVOLT\u00ae","og_image":[{"width":400,"height":573,"url":"https:\/\/doktorvolt.pl\/wp-content\/uploads\/2026\/02\/pol_pl_14418-14418_1.jpg","type":"image\/jpeg"}],"twitter_card":"summary_large_image","twitter_misc":{"Est. reading time":"1 minute"},"schema":{"@context":"https:\/\/schema.org","@graph":[{"@type":"WebPage","@id":"https:\/\/doktorvolt.pl\/en\/oferta-doktorvolt\/accessories\/enclosures-for-distribution-boards\/obudowa-rozdzielnicy-hl-ip44-doktorvolt-5323\/","url":"https:\/\/doktorvolt.pl\/en\/oferta-doktorvolt\/accessories\/enclosures-for-distribution-boards\/obudowa-rozdzielnicy-hl-ip44-doktorvolt-5323\/","name":"Obudowa rozdzielnicy HL IP44 Doktorvolt 5323 - DOKTORVOLT\u00ae","isPartOf":{"@id":"https:\/\/doktorvolt.pl\/de\/#website"},"primaryImageOfPage":{"@id":"https:\/\/doktorvolt.pl\/en\/oferta-doktorvolt\/accessories\/enclosures-for-distribution-boards\/obudowa-rozdzielnicy-hl-ip44-doktorvolt-5323\/#primaryimage"},"image":{"@id":"https:\/\/doktorvolt.pl\/en\/oferta-doktorvolt\/accessories\/enclosures-for-distribution-boards\/obudowa-rozdzielnicy-hl-ip44-doktorvolt-5323\/#primaryimage"},"thumbnailUrl":"https:\/\/doktorvolt.pl\/wp-content\/uploads\/2026\/02\/pol_pl_14418-14418_1.jpg","datePublished":"2026-02-23T12:48:01+00:00","breadcrumb":{"@id":"https:\/\/doktorvolt.pl\/en\/oferta-doktorvolt\/accessories\/enclosures-for-distribution-boards\/obudowa-rozdzielnicy-hl-ip44-doktorvolt-5323\/#breadcrumb"},"inLanguage":"en-US","potentialAction":[{"@type":"ReadAction","target":["https:\/\/doktorvolt.pl\/en\/oferta-doktorvolt\/accessories\/enclosures-for-distribution-boards\/obudowa-rozdzielnicy-hl-ip44-doktorvolt-5323\/"]}]},{"@type":"ImageObject","inLanguage":"en-US","@id":"https:\/\/doktorvolt.pl\/en\/oferta-doktorvolt\/accessories\/enclosures-for-distribution-boards\/obudowa-rozdzielnicy-hl-ip44-doktorvolt-5323\/#primaryimage","url":"https:\/\/doktorvolt.pl\/wp-content\/uploads\/2026\/02\/pol_pl_14418-14418_1.jpg","contentUrl":"https:\/\/doktorvolt.pl\/wp-content\/uploads\/2026\/02\/pol_pl_14418-14418_1.jpg","width":400,"height":573},{"@type":"BreadcrumbList","@id":"https:\/\/doktorvolt.pl\/en\/oferta-doktorvolt\/accessories\/enclosures-for-distribution-boards\/obudowa-rozdzielnicy-hl-ip44-doktorvolt-5323\/#breadcrumb","itemListElement":[{"@type":"ListItem","position":1,"name":"Strona g\u0142\u00f3wna","item":"https:\/\/doktorvolt.pl\/en\/"},{"@type":"ListItem","position":2,"name":"Offer Doktorvolt","item":"https:\/\/doktorvolt.pl\/en\/offer-doktorvolt\/"},{"@type":"ListItem","position":3,"name":"Obudowa rozdzielnicy HL IP44 Doktorvolt 5323"}]},{"@type":"WebSite","@id":"https:\/\/doktorvolt.pl\/de\/#website","url":"https:\/\/doktorvolt.pl\/de\/","name":"DOKTORVOLT\u00ae","description":"Producent rozdzielnic budowlanych","publisher":{"@id":"https:\/\/doktorvolt.pl\/de\/#organization"},"potentialAction":[{"@type":"SearchAction","target":{"@type":"EntryPoint","urlTemplate":"https:\/\/doktorvolt.pl\/de\/?s={search_term_string}"},"query-input":{"@type":"PropertyValueSpecification","valueRequired":true,"valueName":"search_term_string"}}],"inLanguage":"en-US"},{"@type":"Organization","@id":"https:\/\/doktorvolt.pl\/de\/#organization","name":"DOKTORVOLT\u00ae","url":"https:\/\/doktorvolt.pl\/de\/","logo":{"@type":"ImageObject","inLanguage":"en-US","@id":"https:\/\/doktorvolt.pl\/de\/#\/schema\/logo\/image\/","url":"https:\/\/doktorvolt.pl\/wp-content\/uploads\/2023\/10\/DoktorVOLT-black-png.png","contentUrl":"https:\/\/doktorvolt.pl\/wp-content\/uploads\/2023\/10\/DoktorVOLT-black-png.png","width":729,"height":40,"caption":"DOKTORVOLT\u00ae"},"image":{"@id":"https:\/\/doktorvolt.pl\/de\/#\/schema\/logo\/image\/"}}]}},"_links":{"self":[{"href":"https:\/\/doktorvolt.pl\/en\/wp-json\/wp\/v2\/product\/111266","targetHints":{"allow":["GET"]}}],"collection":[{"href":"https:\/\/doktorvolt.pl\/en\/wp-json\/wp\/v2\/product"}],"about":[{"href":"https:\/\/doktorvolt.pl\/en\/wp-json\/wp\/v2\/types\/product"}],"wp:featuredmedia":[{"embeddable":true,"href":"https:\/\/doktorvolt.pl\/en\/wp-json\/wp\/v2\/media\/98407"}],"wp:attachment":[{"href":"https:\/\/doktorvolt.pl\/en\/wp-json\/wp\/v2\/media?parent=111266"}],"wp:term":[{"taxonomy":"product_brand","embeddable":true,"href":"https:\/\/doktorvolt.pl\/en\/wp-json\/wp\/v2\/product_brand?post=111266"},{"taxonomy":"product_cat","embeddable":true,"href":"https:\/\/doktorvolt.pl\/en\/wp-json\/wp\/v2\/product_cat?post=111266"},{"taxonomy":"product_tag","embeddable":true,"href":"https:\/\/doktorvolt.pl\/en\/wp-json\/wp\/v2\/product_tag?post=111266"}],"curies":[{"name":"wp","href":"https:\/\/api.w.org\/{rel}","templated":true}]}}