{"id":111273,"date":"2026-02-23T14:47:02","date_gmt":"2026-02-23T12:47:02","guid":{"rendered":"https:\/\/doktorvolt.pl\/sklep\/uncategorized\/rozdzielnica-budowlana-z-rozlacznikiem-izolacyjnym-32a-bau-2x16a-3x230v-schuko-mennekes-doktorvolt-dv-9771-d\/"},"modified":"2026-02-23T14:47:02","modified_gmt":"2026-02-23T12:47:02","slug":"rozdzielnica-budowlana-z-rozlacznikiem-izolacyjnym-32a-bau-2x16a-3x230v-schuko-mennekes-doktorvolt-dv-9771-d","status":"publish","type":"product","link":"https:\/\/doktorvolt.pl\/en\/oferta-doktorvolt\/distribution-boxes\/bau-series\/rozdzielnica-budowlana-z-rozlacznikiem-izolacyjnym-32a-bau-2x16a-3x230v-schuko-mennekes-doktorvolt-dv-9771-d\/","title":{"rendered":"Rozdzielnica budowlana z roz\u0142\u0105cznikiem izolacyjnym 32A BAU 2x16A 3x230V Schuko Mennekes Doktorvolt\u00ae DV-9771-D"},"content":{"rendered":"<h1 style=\"text-align: center;\">Nieuzbrojona rozdzielnica budowlana z roz\u0142\u0105cznikiem izolacyjnym 32A BAU 2x16A 3x230V gniazda Mennekes Doktorvolt\u00ae<\/h1>\n<h4 style=\"text-align: center;\"><span>Kompaktowa rozdzielnica budowlana wykonana z dobrej jako\u015bci materia\u0142\u00f3w, wyposa\u017cona w 3 gniazda 230V 16 A oraz 2 gniazda 400 V 16 A producenta Mennekes.<\/span><\/h4>\n<div style=\"display: flex; width: 100%; flex-wrap: wrap; justify-content: space-around;\">\n<div style=\"display: flex; justify-content: center; align-items: center; padding-left: 50px; padding-right: 50px; padding-top: 30px;\">\n<div style=\"min-width: 250px; max-width: 500px;\">\n<h2 style=\"text-align: justify;\"><strong><span>Specyfikacja techniczna:<\/span><\/strong><\/h2>\n<ul>\n<li><span><strong>Materia\u0142 obudowy:<\/strong> tworzywo sztuczne<\/span><\/li>\n<li><span><strong>Stopie\u0144 ochrony IP:<\/strong> IP44<\/span><\/li>\n<li><span><strong>Kolor obudowy:<\/strong> szary\/czarny<\/span><\/li>\n<li><span><strong>Pr\u0105d znamionowy:<\/strong> 32 A<\/span><\/li>\n<li><strong>Napi\u0119cie znamionowe:\u00a0<\/strong>230 \/ 400 V 50Hz AC<\/li>\n<li><span><strong>ICC:<\/strong> &lt;10 kA<\/span><\/li>\n<li><span><strong>Gniazda si\u0142owe:<\/strong> 2x16A 5P 400V IP44 Mennekes<\/span><\/li>\n<li><span><strong>Gniazda 230V:<\/strong> 3x230V 2p+E IP54 Schuko Mennekes<\/span><\/li>\n<li><span><strong>Akcesoria:<\/strong> listwa zaciskowa LZ-4, uchwyt, podstawka<\/span><\/li>\n<li><strong>Wymiary:\u00a0<\/strong>280 x 210 x 160 mm<\/li>\n<li><strong>Wymaga zabezpieczenia<\/strong><\/li>\n<\/ul>\n<\/div>\n<\/div>\n<div style=\"display: flex;\"><img decoding=\"async\" src=\"https:\/\/preis-zone.pl\/hpeciai\/cd5c764cb461a567428f8514adcbcb28\/17432_5.jpg?76830\" border=\"0\" alt=\"\" width=\"472\" height=\"472\" \/><\/div>\n<\/div>\n<div style=\"display: flex; width: 100%; flex-wrap: wrap; justify-content: space-around;\">\n<div><img decoding=\"async\" src=\"https:\/\/preis-zone.pl\/hpeciai\/661ecf4d8c97091a2919d8dd8d141162\/17432_10.jpg?52584\" border=\"0\" alt=\"\" width=\"472\" height=\"472\" \/><\/div>\n<div style=\"display: flex; flex-direction: column; justify-content: center; align-items: left; padding-left: 50px; padding-right: 50px; padding-top: 30px; max-width: 500px;\">\n<h2><strong>Zastosowanie rozdzielnicy BAU Doktorvolt:<\/strong><\/h2>\n<div style=\"min-width: 250px;\">\n<ul>\n<li style=\"min-width: 250px; text-align: justify;\">Na placach i <strong>obszarach bud\u00f3w<\/strong> oraz podczas prac drogowych,<\/li>\n<li style=\"min-width: 250px; text-align: justify;\">Do <strong>zak\u0142ad\u00f3w przemys\u0142owych<\/strong>,<\/li>\n<li style=\"min-width: 250px; text-align: justify;\">W <strong>warsztatach i gara\u017cach<\/strong>, w kt\u00f3rych konieczne jest pod\u0142\u0105czenie urz\u0105dze\u0144 do gniazda si\u0142owego,<\/li>\n<li style=\"min-width: 250px; text-align: justify;\">Podczas samodzielnej <strong>budowy domu<\/strong>,<\/li>\n<li style=\"min-width: 250px; text-align: justify;\">Do zasilania w energi\u0119 elektryczn\u0105<strong> teren\u00f3w zielonych i imprez masowych<\/strong> na \u015bwie\u017cym powietrzu.<\/li>\n<\/ul>\n<p>\u00a0<\/p>\n<\/div>\n<\/div>\n<\/div>\n<div style=\"display: flex; width: 100%; flex-wrap: wrap; justify-content: space-around;\">\n<div style=\"display: flex; flex-direction: column; justify-content: center; align-items: left; padding-left: 50px; padding-right: 50px; padding-top: 30px;\">\n<div style=\"max-width: 500px;\">\n<h2><strong>Zalety rozdzielnicy BAU Doktorvolt:<\/strong><\/h2>\n<\/div>\n<div style=\"min-width: 250px; max-width: 472px; text-align: justify;\"><span>Rozdzielnica wykonana jest z komponent\u00f3w najlepszej jako\u015bci od renomowanych producent\u00f3w, takich jak <strong>Mennekes<\/strong>. Wyposa\u017cona w <strong>trzy gniazda 230V<\/strong> oraz <strong>2 gniazda si\u0142owe<\/strong> \u015bwietnie sprawdzi si\u0119 w r\u00f3\u017cnorodnych warunkach pracy. Rozdzielnica posiada wbudowany roz\u0142\u0105cznik izolacyjny oraz klas\u0119 szczelno\u015bci <strong>IP44<\/strong>. Jest w <strong>pe\u0142ni okablowana<\/strong>, a przewody pochodz\u0105 od uznanych producent\u00f3w sprz\u0119tu elektrycznego.<\/span><\/div>\n<\/div>\n<div><img decoding=\"async\" src=\"https:\/\/preis-zone.pl\/hpeciai\/d3f327009963c70f9389a95d433f3e49\/17432_4.jpg?82724\" border=\"0\" alt=\"\" width=\"472\" height=\"472\" \/><\/div>\n<\/div>\n","protected":false},"excerpt":{"rendered":"<p>Rozdzielnica budowlana z roz\u0142\u0105cznikiem izolacyjnym 32A BAU 2x16A 3x230V Schuko Mennekes Doktorvolt\u00ae 9771<\/p>\n","protected":false},"featured_media":98312,"template":"","meta":[],"product_brand":[],"product_cat":[5320],"product_tag":[],"class_list":{"0":"post-111273","1":"product","2":"type-product","3":"status-publish","4":"has-post-thumbnail","6":"product_cat-bau-series","7":"pa_cee-liczba-biegunow-modulow-5p","8":"pa_dodatkowe-wyposazenie-with-switch","9":"pa_material-obudowy-plastic","10":"pa_napiecie-cee-400v","11":"pa_natezenie-pradu-cee-16a","12":"pa_typ-gniazd-typ-f-schuko","13":"pa_zabezpieczenie-bez-zabezpieczen","15":"first","16":"instock","17":"shipping-taxable","18":"product-type-external"},"yoast_head":"<!-- This site is optimized with the Yoast SEO plugin v27.0 - https:\/\/yoast.com\/product\/yoast-seo-wordpress\/ -->\n<title>Rozdzielnica budowlana z roz\u0142\u0105cznikiem izolacyjnym 32A BAU 2x16A 3x230V Schuko Mennekes Doktorvolt\u00ae DV-9771-D - DOKTORVOLT\u00ae<\/title>\n<meta name=\"robots\" content=\"index, follow, max-snippet:-1, max-image-preview:large, max-video-preview:-1\" \/>\n<link rel=\"canonical\" href=\"https:\/\/doktorvolt.pl\/en\/oferta-doktorvolt\/distribution-boxes\/bau-series\/rozdzielnica-budowlana-z-rozlacznikiem-izolacyjnym-32a-bau-2x16a-3x230v-schuko-mennekes-doktorvolt-dv-9771-d\/\" \/>\n<meta property=\"og:locale\" content=\"en_US\" \/>\n<meta property=\"og:type\" content=\"article\" \/>\n<meta property=\"og:title\" content=\"Rozdzielnica budowlana z roz\u0142\u0105cznikiem izolacyjnym 32A BAU 2x16A 3x230V Schuko Mennekes Doktorvolt\u00ae DV-9771-D - DOKTORVOLT\u00ae\" \/>\n<meta property=\"og:description\" content=\"Rozdzielnica budowlana z roz\u0142\u0105cznikiem izolacyjnym 32A BAU 2x16A 3x230V Schuko Mennekes Doktorvolt\u00ae 9771\" \/>\n<meta property=\"og:url\" content=\"https:\/\/doktorvolt.pl\/en\/oferta-doktorvolt\/distribution-boxes\/bau-series\/rozdzielnica-budowlana-z-rozlacznikiem-izolacyjnym-32a-bau-2x16a-3x230v-schuko-mennekes-doktorvolt-dv-9771-d\/\" \/>\n<meta property=\"og:site_name\" content=\"DOKTORVOLT\u00ae\" \/>\n<meta property=\"og:image\" content=\"https:\/\/doktorvolt.pl\/wp-content\/uploads\/2026\/02\/pol_pl_Rozdzielnica-budowlana-z-rozlacznikiem-izolacyjnym-32A-BAU-2x16A-3x230V-Schuko-Mennekes-Doktorvolt-R-DV-9771-D-17432_5.jpg\" \/>\n\t<meta property=\"og:image:width\" content=\"1000\" \/>\n\t<meta property=\"og:image:height\" content=\"1000\" \/>\n\t<meta property=\"og:image:type\" content=\"image\/jpeg\" \/>\n<meta name=\"twitter:card\" content=\"summary_large_image\" \/>\n<meta name=\"twitter:label1\" content=\"Est. reading time\" \/>\n\t<meta name=\"twitter:data1\" content=\"1 minute\" \/>\n<script type=\"application\/ld+json\" class=\"yoast-schema-graph\">{\"@context\":\"https:\/\/schema.org\",\"@graph\":[{\"@type\":\"WebPage\",\"@id\":\"https:\/\/doktorvolt.pl\/en\/oferta-doktorvolt\/distribution-boxes\/bau-series\/rozdzielnica-budowlana-z-rozlacznikiem-izolacyjnym-32a-bau-2x16a-3x230v-schuko-mennekes-doktorvolt-dv-9771-d\/\",\"url\":\"https:\/\/doktorvolt.pl\/en\/oferta-doktorvolt\/distribution-boxes\/bau-series\/rozdzielnica-budowlana-z-rozlacznikiem-izolacyjnym-32a-bau-2x16a-3x230v-schuko-mennekes-doktorvolt-dv-9771-d\/\",\"name\":\"Rozdzielnica budowlana z roz\u0142\u0105cznikiem izolacyjnym 32A BAU 2x16A 3x230V Schuko Mennekes Doktorvolt\u00ae DV-9771-D - DOKTORVOLT\u00ae\",\"isPartOf\":{\"@id\":\"https:\/\/doktorvolt.pl\/de\/#website\"},\"primaryImageOfPage\":{\"@id\":\"https:\/\/doktorvolt.pl\/en\/oferta-doktorvolt\/distribution-boxes\/bau-series\/rozdzielnica-budowlana-z-rozlacznikiem-izolacyjnym-32a-bau-2x16a-3x230v-schuko-mennekes-doktorvolt-dv-9771-d\/#primaryimage\"},\"image\":{\"@id\":\"https:\/\/doktorvolt.pl\/en\/oferta-doktorvolt\/distribution-boxes\/bau-series\/rozdzielnica-budowlana-z-rozlacznikiem-izolacyjnym-32a-bau-2x16a-3x230v-schuko-mennekes-doktorvolt-dv-9771-d\/#primaryimage\"},\"thumbnailUrl\":\"https:\/\/doktorvolt.pl\/wp-content\/uploads\/2026\/02\/pol_pl_Rozdzielnica-budowlana-z-rozlacznikiem-izolacyjnym-32A-BAU-2x16A-3x230V-Schuko-Mennekes-Doktorvolt-R-DV-9771-D-17432_5.jpg\",\"datePublished\":\"2026-02-23T12:47:02+00:00\",\"breadcrumb\":{\"@id\":\"https:\/\/doktorvolt.pl\/en\/oferta-doktorvolt\/distribution-boxes\/bau-series\/rozdzielnica-budowlana-z-rozlacznikiem-izolacyjnym-32a-bau-2x16a-3x230v-schuko-mennekes-doktorvolt-dv-9771-d\/#breadcrumb\"},\"inLanguage\":\"en-US\",\"potentialAction\":[{\"@type\":\"ReadAction\",\"target\":[\"https:\/\/doktorvolt.pl\/en\/oferta-doktorvolt\/distribution-boxes\/bau-series\/rozdzielnica-budowlana-z-rozlacznikiem-izolacyjnym-32a-bau-2x16a-3x230v-schuko-mennekes-doktorvolt-dv-9771-d\/\"]}]},{\"@type\":\"ImageObject\",\"inLanguage\":\"en-US\",\"@id\":\"https:\/\/doktorvolt.pl\/en\/oferta-doktorvolt\/distribution-boxes\/bau-series\/rozdzielnica-budowlana-z-rozlacznikiem-izolacyjnym-32a-bau-2x16a-3x230v-schuko-mennekes-doktorvolt-dv-9771-d\/#primaryimage\",\"url\":\"https:\/\/doktorvolt.pl\/wp-content\/uploads\/2026\/02\/pol_pl_Rozdzielnica-budowlana-z-rozlacznikiem-izolacyjnym-32A-BAU-2x16A-3x230V-Schuko-Mennekes-Doktorvolt-R-DV-9771-D-17432_5.jpg\",\"contentUrl\":\"https:\/\/doktorvolt.pl\/wp-content\/uploads\/2026\/02\/pol_pl_Rozdzielnica-budowlana-z-rozlacznikiem-izolacyjnym-32A-BAU-2x16A-3x230V-Schuko-Mennekes-Doktorvolt-R-DV-9771-D-17432_5.jpg\",\"width\":1000,\"height\":1000},{\"@type\":\"BreadcrumbList\",\"@id\":\"https:\/\/doktorvolt.pl\/en\/oferta-doktorvolt\/distribution-boxes\/bau-series\/rozdzielnica-budowlana-z-rozlacznikiem-izolacyjnym-32a-bau-2x16a-3x230v-schuko-mennekes-doktorvolt-dv-9771-d\/#breadcrumb\",\"itemListElement\":[{\"@type\":\"ListItem\",\"position\":1,\"name\":\"Strona g\u0142\u00f3wna\",\"item\":\"https:\/\/doktorvolt.pl\/en\/\"},{\"@type\":\"ListItem\",\"position\":2,\"name\":\"Offer Doktorvolt\",\"item\":\"https:\/\/doktorvolt.pl\/en\/offer-doktorvolt\/\"},{\"@type\":\"ListItem\",\"position\":3,\"name\":\"Rozdzielnica budowlana z roz\u0142\u0105cznikiem izolacyjnym 32A BAU 2x16A 3x230V Schuko Mennekes Doktorvolt\u00ae DV-9771-D\"}]},{\"@type\":\"WebSite\",\"@id\":\"https:\/\/doktorvolt.pl\/de\/#website\",\"url\":\"https:\/\/doktorvolt.pl\/de\/\",\"name\":\"DOKTORVOLT\u00ae\",\"description\":\"Producent rozdzielnic budowlanych\",\"publisher\":{\"@id\":\"https:\/\/doktorvolt.pl\/de\/#organization\"},\"potentialAction\":[{\"@type\":\"SearchAction\",\"target\":{\"@type\":\"EntryPoint\",\"urlTemplate\":\"https:\/\/doktorvolt.pl\/de\/?s={search_term_string}\"},\"query-input\":{\"@type\":\"PropertyValueSpecification\",\"valueRequired\":true,\"valueName\":\"search_term_string\"}}],\"inLanguage\":\"en-US\"},{\"@type\":\"Organization\",\"@id\":\"https:\/\/doktorvolt.pl\/de\/#organization\",\"name\":\"DOKTORVOLT\u00ae\",\"url\":\"https:\/\/doktorvolt.pl\/de\/\",\"logo\":{\"@type\":\"ImageObject\",\"inLanguage\":\"en-US\",\"@id\":\"https:\/\/doktorvolt.pl\/de\/#\/schema\/logo\/image\/\",\"url\":\"https:\/\/doktorvolt.pl\/wp-content\/uploads\/2023\/10\/DoktorVOLT-black-png.png\",\"contentUrl\":\"https:\/\/doktorvolt.pl\/wp-content\/uploads\/2023\/10\/DoktorVOLT-black-png.png\",\"width\":729,\"height\":40,\"caption\":\"DOKTORVOLT\u00ae\"},\"image\":{\"@id\":\"https:\/\/doktorvolt.pl\/de\/#\/schema\/logo\/image\/\"}}]}<\/script>\n<!-- \/ Yoast SEO plugin. -->","yoast_head_json":{"title":"Rozdzielnica budowlana z roz\u0142\u0105cznikiem izolacyjnym 32A BAU 2x16A 3x230V Schuko Mennekes Doktorvolt\u00ae DV-9771-D - DOKTORVOLT\u00ae","robots":{"index":"index","follow":"follow","max-snippet":"max-snippet:-1","max-image-preview":"max-image-preview:large","max-video-preview":"max-video-preview:-1"},"canonical":"https:\/\/doktorvolt.pl\/en\/oferta-doktorvolt\/distribution-boxes\/bau-series\/rozdzielnica-budowlana-z-rozlacznikiem-izolacyjnym-32a-bau-2x16a-3x230v-schuko-mennekes-doktorvolt-dv-9771-d\/","og_locale":"en_US","og_type":"article","og_title":"Rozdzielnica budowlana z roz\u0142\u0105cznikiem izolacyjnym 32A BAU 2x16A 3x230V Schuko Mennekes Doktorvolt\u00ae DV-9771-D - DOKTORVOLT\u00ae","og_description":"Rozdzielnica budowlana z roz\u0142\u0105cznikiem izolacyjnym 32A BAU 2x16A 3x230V Schuko Mennekes Doktorvolt\u00ae 9771","og_url":"https:\/\/doktorvolt.pl\/en\/oferta-doktorvolt\/distribution-boxes\/bau-series\/rozdzielnica-budowlana-z-rozlacznikiem-izolacyjnym-32a-bau-2x16a-3x230v-schuko-mennekes-doktorvolt-dv-9771-d\/","og_site_name":"DOKTORVOLT\u00ae","og_image":[{"width":1000,"height":1000,"url":"https:\/\/doktorvolt.pl\/wp-content\/uploads\/2026\/02\/pol_pl_Rozdzielnica-budowlana-z-rozlacznikiem-izolacyjnym-32A-BAU-2x16A-3x230V-Schuko-Mennekes-Doktorvolt-R-DV-9771-D-17432_5.jpg","type":"image\/jpeg"}],"twitter_card":"summary_large_image","twitter_misc":{"Est. reading time":"1 minute"},"schema":{"@context":"https:\/\/schema.org","@graph":[{"@type":"WebPage","@id":"https:\/\/doktorvolt.pl\/en\/oferta-doktorvolt\/distribution-boxes\/bau-series\/rozdzielnica-budowlana-z-rozlacznikiem-izolacyjnym-32a-bau-2x16a-3x230v-schuko-mennekes-doktorvolt-dv-9771-d\/","url":"https:\/\/doktorvolt.pl\/en\/oferta-doktorvolt\/distribution-boxes\/bau-series\/rozdzielnica-budowlana-z-rozlacznikiem-izolacyjnym-32a-bau-2x16a-3x230v-schuko-mennekes-doktorvolt-dv-9771-d\/","name":"Rozdzielnica budowlana z roz\u0142\u0105cznikiem izolacyjnym 32A BAU 2x16A 3x230V Schuko Mennekes Doktorvolt\u00ae DV-9771-D - DOKTORVOLT\u00ae","isPartOf":{"@id":"https:\/\/doktorvolt.pl\/de\/#website"},"primaryImageOfPage":{"@id":"https:\/\/doktorvolt.pl\/en\/oferta-doktorvolt\/distribution-boxes\/bau-series\/rozdzielnica-budowlana-z-rozlacznikiem-izolacyjnym-32a-bau-2x16a-3x230v-schuko-mennekes-doktorvolt-dv-9771-d\/#primaryimage"},"image":{"@id":"https:\/\/doktorvolt.pl\/en\/oferta-doktorvolt\/distribution-boxes\/bau-series\/rozdzielnica-budowlana-z-rozlacznikiem-izolacyjnym-32a-bau-2x16a-3x230v-schuko-mennekes-doktorvolt-dv-9771-d\/#primaryimage"},"thumbnailUrl":"https:\/\/doktorvolt.pl\/wp-content\/uploads\/2026\/02\/pol_pl_Rozdzielnica-budowlana-z-rozlacznikiem-izolacyjnym-32A-BAU-2x16A-3x230V-Schuko-Mennekes-Doktorvolt-R-DV-9771-D-17432_5.jpg","datePublished":"2026-02-23T12:47:02+00:00","breadcrumb":{"@id":"https:\/\/doktorvolt.pl\/en\/oferta-doktorvolt\/distribution-boxes\/bau-series\/rozdzielnica-budowlana-z-rozlacznikiem-izolacyjnym-32a-bau-2x16a-3x230v-schuko-mennekes-doktorvolt-dv-9771-d\/#breadcrumb"},"inLanguage":"en-US","potentialAction":[{"@type":"ReadAction","target":["https:\/\/doktorvolt.pl\/en\/oferta-doktorvolt\/distribution-boxes\/bau-series\/rozdzielnica-budowlana-z-rozlacznikiem-izolacyjnym-32a-bau-2x16a-3x230v-schuko-mennekes-doktorvolt-dv-9771-d\/"]}]},{"@type":"ImageObject","inLanguage":"en-US","@id":"https:\/\/doktorvolt.pl\/en\/oferta-doktorvolt\/distribution-boxes\/bau-series\/rozdzielnica-budowlana-z-rozlacznikiem-izolacyjnym-32a-bau-2x16a-3x230v-schuko-mennekes-doktorvolt-dv-9771-d\/#primaryimage","url":"https:\/\/doktorvolt.pl\/wp-content\/uploads\/2026\/02\/pol_pl_Rozdzielnica-budowlana-z-rozlacznikiem-izolacyjnym-32A-BAU-2x16A-3x230V-Schuko-Mennekes-Doktorvolt-R-DV-9771-D-17432_5.jpg","contentUrl":"https:\/\/doktorvolt.pl\/wp-content\/uploads\/2026\/02\/pol_pl_Rozdzielnica-budowlana-z-rozlacznikiem-izolacyjnym-32A-BAU-2x16A-3x230V-Schuko-Mennekes-Doktorvolt-R-DV-9771-D-17432_5.jpg","width":1000,"height":1000},{"@type":"BreadcrumbList","@id":"https:\/\/doktorvolt.pl\/en\/oferta-doktorvolt\/distribution-boxes\/bau-series\/rozdzielnica-budowlana-z-rozlacznikiem-izolacyjnym-32a-bau-2x16a-3x230v-schuko-mennekes-doktorvolt-dv-9771-d\/#breadcrumb","itemListElement":[{"@type":"ListItem","position":1,"name":"Strona g\u0142\u00f3wna","item":"https:\/\/doktorvolt.pl\/en\/"},{"@type":"ListItem","position":2,"name":"Offer Doktorvolt","item":"https:\/\/doktorvolt.pl\/en\/offer-doktorvolt\/"},{"@type":"ListItem","position":3,"name":"Rozdzielnica budowlana z roz\u0142\u0105cznikiem izolacyjnym 32A BAU 2x16A 3x230V Schuko Mennekes Doktorvolt\u00ae DV-9771-D"}]},{"@type":"WebSite","@id":"https:\/\/doktorvolt.pl\/de\/#website","url":"https:\/\/doktorvolt.pl\/de\/","name":"DOKTORVOLT\u00ae","description":"Producent rozdzielnic budowlanych","publisher":{"@id":"https:\/\/doktorvolt.pl\/de\/#organization"},"potentialAction":[{"@type":"SearchAction","target":{"@type":"EntryPoint","urlTemplate":"https:\/\/doktorvolt.pl\/de\/?s={search_term_string}"},"query-input":{"@type":"PropertyValueSpecification","valueRequired":true,"valueName":"search_term_string"}}],"inLanguage":"en-US"},{"@type":"Organization","@id":"https:\/\/doktorvolt.pl\/de\/#organization","name":"DOKTORVOLT\u00ae","url":"https:\/\/doktorvolt.pl\/de\/","logo":{"@type":"ImageObject","inLanguage":"en-US","@id":"https:\/\/doktorvolt.pl\/de\/#\/schema\/logo\/image\/","url":"https:\/\/doktorvolt.pl\/wp-content\/uploads\/2023\/10\/DoktorVOLT-black-png.png","contentUrl":"https:\/\/doktorvolt.pl\/wp-content\/uploads\/2023\/10\/DoktorVOLT-black-png.png","width":729,"height":40,"caption":"DOKTORVOLT\u00ae"},"image":{"@id":"https:\/\/doktorvolt.pl\/de\/#\/schema\/logo\/image\/"}}]}},"_links":{"self":[{"href":"https:\/\/doktorvolt.pl\/en\/wp-json\/wp\/v2\/product\/111273","targetHints":{"allow":["GET"]}}],"collection":[{"href":"https:\/\/doktorvolt.pl\/en\/wp-json\/wp\/v2\/product"}],"about":[{"href":"https:\/\/doktorvolt.pl\/en\/wp-json\/wp\/v2\/types\/product"}],"wp:featuredmedia":[{"embeddable":true,"href":"https:\/\/doktorvolt.pl\/en\/wp-json\/wp\/v2\/media\/98312"}],"wp:attachment":[{"href":"https:\/\/doktorvolt.pl\/en\/wp-json\/wp\/v2\/media?parent=111273"}],"wp:term":[{"taxonomy":"product_brand","embeddable":true,"href":"https:\/\/doktorvolt.pl\/en\/wp-json\/wp\/v2\/product_brand?post=111273"},{"taxonomy":"product_cat","embeddable":true,"href":"https:\/\/doktorvolt.pl\/en\/wp-json\/wp\/v2\/product_cat?post=111273"},{"taxonomy":"product_tag","embeddable":true,"href":"https:\/\/doktorvolt.pl\/en\/wp-json\/wp\/v2\/product_tag?post=111273"}],"curies":[{"name":"wp","href":"https:\/\/api.w.org\/{rel}","templated":true}]}}