{"id":111283,"date":"2026-02-23T14:45:31","date_gmt":"2026-02-23T12:45:31","guid":{"rendered":"https:\/\/doktorvolt.pl\/sklep\/uncategorized\/rozdzielnica-budowlana-z-lacznikiem-krzywkowym-wdd-1x32a-mennekes-doktorvolt-2992\/"},"modified":"2026-02-23T14:45:31","modified_gmt":"2026-02-23T12:45:31","slug":"rozdzielnica-budowlana-z-lacznikiem-krzywkowym-wdd-1x32a-mennekes-doktorvolt-2992","status":"publish","type":"product","link":"https:\/\/doktorvolt.pl\/en\/oferta-doktorvolt\/distribution-boxes\/wdd-series\/rozdzielnica-budowlana-z-lacznikiem-krzywkowym-wdd-1x32a-mennekes-doktorvolt-2992\/","title":{"rendered":"Rozdzielnica budowlana z \u0142\u0105cznikiem krzywkowym WDD 1x32A Mennekes Doktorvolt 2992"},"content":{"rendered":"<p><!-- aukcja by D\u017cesa --><\/p>\n<h1 style=\"text-align: center;\"><span style=\"color: #000000;\">Rozdzielnica budowlana z \u0142\u0105cznikiem krzywkowym WDD 1x32A Mennekes Doktorvolt <\/span><\/h1>\n<\/p>\n<p style=\"font-family: verdana, geneva; font-size: 12pt; text-align: center;\"><span style=\"color: #000000;\">&#x2b50;&#x2b50;&#x2b50;&#x2b50;&#x2b50;<\/span><\/p>\n<\/p>\n<p style=\"font-size: 13pt; text-align: left;\"><span style=\"color: #000000;\"><strong>&#x27a1;&#xfe0f; Rozdzielnica elektryczna WDD 1x32A Doktorvolt\u00ae, zalety:<\/strong> <\/span><\/p>\n<p style=\"font-size: 13pt; text-align: left;\"><span style=\"color: #000000;\">&#x2714;&#xfe0f; Kompaktowa i zwarta obudowa wykonana z najlepszej jako\u015bci materia\u0142\u00f3w,<\/span><\/p>\n<p style=\"font-size: 13pt; text-align: left;\"><span style=\"color: #000000;\">&#x2714;&#xfe0f; wyposa\u017cona w jedno gniazdo 230 V 32 A, <br \/><\/span><\/p>\n<p style=\"font-size: 13pt; text-align: left;\"><span style=\"color: #000000;\">&#x2714;&#xfe0f; okablowanie i gniazda pochodz\u0105ce od renomowanych producent\u00f3w osprz\u0119tu elektrycznego,<\/span><\/p>\n<p style=\"font-size: 13pt; text-align: left;\"><span style=\"color: #000000;\"> &#x2714;&#xfe0f; klasa szczelno\u015bci erbetki IP 44,<\/span><\/p>\n<p style=\"font-size: 13pt; text-align: left;\"><span style=\"color: #000000;\"> &#x2714;&#xfe0f; gotowa do pod\u0142\u0105czenia,<\/span><\/p>\n<p style=\"font-size: 13pt; text-align: left;\"><span style=\"color: #000000;\"> &#x2714;&#xfe0f; wyposa\u017cona w \u0142\u0105cznik krzywkowy.<\/span><\/p>\n<\/p>\n<p style=\"font-size: 13pt; text-align: left;\"><span style=\"color: #000000;\"><strong>&#x27a1;&#xfe0f; Rozdzielnica elektryczna WDD 1x32A Doktorvolt\u00ae, zastosowanie:<\/strong><\/span><\/p>\n<p style=\"font-size: 13pt; text-align: left;\"><span style=\"color: #000000;\">&#x2714;&#xfe0f; Na placach i obszarach bud\u00f3w oraz podczas prac drogowych,<br \/><\/span><\/p>\n<p style=\"font-size: 13pt; text-align: left;\"><span style=\"color: #000000;\">&#x2714;&#xfe0f; do zak\u0142ad\u00f3w przemys\u0142owych,<br \/><\/span><\/p>\n<p style=\"font-size: 13pt; text-align: left;\"><span style=\"color: #000000;\">&#x2714;&#xfe0f; w warsztatach i gara\u017cach, w kt\u00f3rych konieczne jest pod\u0142\u0105czenie urz\u0105dze\u0144 do gniazda si\u0142owego,<br \/><\/span><\/p>\n<p style=\"font-size: 13pt; text-align: left;\"><span style=\"color: #000000;\">&#x2714;&#xfe0f; podczas samodzielnej budowy domu,<br \/><\/span><\/p>\n<p style=\"font-size: 13pt; text-align: left;\"><span style=\"color: #000000;\">&#x2714;&#xfe0f; do zasilania w energi\u0119 elektryczn\u0105 teren\u00f3w zielonych i imprez masowych na \u015bwie\u017cym powietrzu.<\/span><\/p>\n<\/p>\n<p><center><\/p>\n<p><span style=\"color: #000000;\"><iframe width=\"660\" height=\"415\" src=\"https:\/\/www.youtube.com\/embed\/OGZNz2HYkaQ\" frameborder=\"0\"><\/iframe><\/span><\/p>\n<p><\/center><\/p>\n<p style=\"font-size: 13pt; text-align: left;\"><span style=\"color: #000000;\"><strong>&#x27a1;&#xfe0f; Prezentowana rozdzielnica budowlana wyposa\u017cona zosta\u0142a w:<\/strong> <\/span><\/p>\n<p style=\"text-align: justify;\"><span style=\"font-family: verdana, geneva; font-size: 12pt; color: #000000;\">&#x2714;&#xfe0f; jedno gniazdo 1x 230V 32A o klasie szczelno\u015bci IP 44,<\/span><\/p>\n<p style=\"text-align: justify;\"><span style=\"font-family: verdana, geneva; font-size: 12pt; color: #000000;\">&#x2714;&#xfe0f; \u0142\u0105cznik krzywkowy.<\/span><\/p>\n<\/p>\n<p style=\"font-size: 13pt; text-align: left;\"><span style=\"color: #000000;\"><strong>&#x27a1;&#xfe0f; Firma Doktorvolt\u00ae w procesie produkcji rozdzielnic wdro\u017cy\u0142a system zarz\u0105dzania certyfikowany przez T\u00dcV S\u00dcD:<\/strong> <\/span><\/p>\n<p style=\"text-align: justify;\"><span style=\"font-family: verdana, geneva; font-size: 12pt; color: #000000;\"><span>&#x2714;&#xfe0f; gwarancja wysokiej jako\u015bci,<\/span><\/span><\/p>\n<p style=\"text-align: justify;\"><span style=\"font-family: verdana, geneva; font-size: 12pt; color: #000000;\"><span>&#x2714;&#xfe0f; transparentny przep\u0142yw informacji,<\/span><\/span><\/p>\n<p style=\"text-align: justify;\"><span style=\"font-family: verdana, geneva; font-size: 12pt; color: #000000;\"><span>&#x2714;&#xfe0f; gwarancja w zakresie bezpiecze\u0144stwa,<\/span><\/span><\/p>\n<p style=\"text-align: justify;\"><span style=\"font-family: verdana, geneva; font-size: 12pt; color: #000000;\"><span>&#x2714;&#xfe0f; zapewniona dobra obs\u0142uga klienta.<\/span><\/span><\/p>\n<p style=\"text-align: center;\"><img decoding=\"async\" src=\"\/data\/include\/cms\/description\/img\/cms\/certyfikat%20TUV.png\" alt=\"\" width=\"306\" height=\"152\" \/><\/p>\n<\/p>\n<table class=\"center\" style=\"background-color: #f5f5f5; margin-left: auto; margin-right: auto; width: 598px; height: 617px; border: 1px solid #ffffff;\" align=\"center\">\n<tbody>\n<tr align=\"left\">\n<td class=\"align_justify\" style=\"text-align: right; padding: 15px; height: 25px;\" valign=\"middle\" align=\"right\"><span style=\"font-size: 12pt; color: #000000;\"><span style=\"font-family: verdana, geneva;\"><span style=\"font-size: 12pt;\"><span style=\"font-family: verdana, geneva;\">pr\u0105d znamionowy<\/span><\/span><\/span><\/span><\/td>\n<td style=\"background-color: #ffffff; text-align: center;\">\n<p><span style=\"font-family: verdana, geneva; font-size: 12pt; color: #000000;\">32A<\/span><\/p>\n<\/td>\n<\/tr>\n<tr align=\"left\">\n<td class=\"align_justify\" style=\"text-align: right; padding: 15px; height: 25px;\" valign=\"middle\" align=\"right\"><span style=\"font-size: 12pt; color: #000000;\"><span style=\"font-family: verdana, geneva;\"><span style=\"font-size: 12pt;\"><span style=\"font-family: verdana, geneva;\">napi\u0119cie znamionowe<\/span><\/span><\/span><\/span><\/td>\n<td style=\"background-color: #ffffff; text-align: center;\">\n<p><span style=\"font-family: verdana, geneva; font-size: 12pt; color: #000000;\"><span style=\"font-family: verdana, geneva; font-size: 12pt;\">230 \/ 400V AC<br \/><\/span><\/span><\/p>\n<\/td>\n<\/tr>\n<tr align=\"left\">\n<td class=\"align_justify\" style=\"text-align: right; padding: 15px; height: 25px;\" valign=\"middle\" align=\"right\"><span style=\"font-size: 12pt; color: #000000;\"><span style=\"font-family: verdana, geneva;\"><span style=\"font-size: 12pt;\"><span style=\"font-family: verdana, geneva;\">cz\u0119stotliwo\u015b\u0107 napi\u0119cia<\/span><\/span><\/span><\/span><\/td>\n<td style=\"background-color: #ffffff; text-align: center;\">\n<p><span style=\"font-family: verdana, geneva; font-size: 12pt; color: #000000;\"><span style=\"font-family: verdana, geneva; font-size: 12pt;\">50Hz<\/span><\/span><\/p>\n<\/td>\n<\/tr>\n<tr align=\"left\">\n<td class=\"align_justify\" style=\"text-align: right; padding: 15px; height: 25px;\" valign=\"middle\" align=\"right\"><span style=\"font-size: 12pt; color: #000000;\"><span style=\"font-family: verdana, geneva;\"><span style=\"font-size: 12pt;\"><span style=\"font-family: verdana, geneva;\">ilo\u015b\u0107 gniazd<br \/><\/span><\/span><\/span><\/span><\/td>\n<td style=\"background-color: #ffffff; text-align: center;\">\n<p><span style=\"font-family: verdana, geneva; font-size: 12pt; color: #000000;\"><span style=\"font-family: verdana, geneva; font-size: 12pt;\"><span style=\"font-family: verdana, geneva; font-size: 12pt;\">1 x 32A 5P 400V IP44 czerwone Typ 3451 Mennekes<\/span><\/span><\/span><\/p>\n<\/td>\n<\/tr>\n<tr align=\"left\">\n<td class=\"align_justify\" style=\"text-align: right; padding: 15px; height: 25px;\" valign=\"middle\" align=\"right\"><span style=\"font-size: 12pt; color: #000000;\"><span style=\"font-family: verdana, geneva;\"><span style=\"font-size: 12pt;\"><span style=\"font-family: verdana, geneva;\"><span style=\"font-size: 12pt;\"><span style=\"font-family: verdana, geneva;\"><span style=\"font-size: 12pt;\"><span style=\"font-family: verdana, geneva;\">\u0142\u0105cznik krzywkowy<\/span><\/span><\/span><\/span><\/span><\/span><\/span><\/span><\/td>\n<td style=\"background-color: #ffffff; text-align: center;\">\n<p><span style=\"font-family: verdana, geneva; font-size: 12pt; color: #000000;\"><span style=\"font-family: verdana, geneva; font-size: 12pt;\"><span style=\"font-family: verdana, geneva; font-size: 12pt;\">1 x 3-fazowy z prze\u0142\u0105cznikiem 0-1 40A 500V z d\u017awigni\u0105 oraz szyldem S40 JD 1104 A6 SEZ<\/span><\/span><\/span><\/p>\n<\/td>\n<\/tr>\n<tr align=\"left\">\n<td class=\"align_justify\" style=\"text-align: right; padding: 15px; height: 25px;\" valign=\"middle\" align=\"right\"><span style=\"font-size: 12pt; color: #000000;\"><span style=\"font-family: verdana, geneva;\"><span style=\"font-size: 12pt;\"><span style=\"font-family: verdana, geneva;\">d\u0142awnica kablowa<\/span><\/span><\/span><\/span><\/td>\n<td style=\"background-color: #ffffff; text-align: center;\"><span style=\"font-family: verdana, geneva; font-size: 12pt; color: #000000;\">1x PG-21 \u230013-18mm IP68 34.21 Elektro-Plast<br \/><\/span><\/td>\n<\/tr>\n<tr align=\"left\">\n<td class=\"align_justify\" style=\"text-align: right; padding: 15px; height: 25px;\" valign=\"middle\" align=\"right\"><span style=\"font-size: 12pt; color: #000000;\"><span style=\"font-family: verdana, geneva;\"><span style=\"font-size: 12pt;\"><span style=\"font-family: verdana, geneva;\">klasa szczelno\u015bci<\/span><\/span><\/span><\/span><\/td>\n<td style=\"background-color: #ffffff; text-align: center;\"><span style=\"font-family: verdana, geneva; font-size: 12pt; color: #000000;\">IP44<\/span><\/td>\n<\/tr>\n<tr align=\"left\">\n<td class=\"align_justify\" style=\"text-align: right; padding: 15px; height: 25px;\" valign=\"middle\" align=\"right\"><span style=\"font-size: 12pt; color: #000000;\"><span style=\"font-family: verdana, geneva;\"><span style=\"font-size: 12pt;\"><span style=\"font-family: verdana, geneva;\">RDF<\/span><\/span><\/span><\/span><\/td>\n<td style=\"background-color: #ffffff; text-align: center;\"><span style=\"font-family: verdana, geneva; font-size: 12pt; color: #000000;\">0,9<\/span><\/td>\n<\/tr>\n<tr align=\"left\">\n<td class=\"align_justify\" style=\"text-align: right; padding: 15px; height: 25px;\" valign=\"middle\" align=\"right\"><span style=\"font-size: 12pt; color: #000000;\"><span style=\"font-family: verdana, geneva;\"><span style=\"font-size: 12pt;\"><span style=\"font-family: verdana, geneva;\">obudowa<br \/><\/span><\/span><\/span><\/span><\/td>\n<td style=\"background-color: #ffffff; text-align: center;\">\n<p><span style=\"font-family: verdana, geneva; font-size: 12pt; color: #000000;\">puszka hermetyczna\u00a0009.A.PL\u00a0<br \/><\/span><\/p>\n<\/td>\n<\/tr>\n<tr align=\"left\">\n<td class=\"align_justify\" style=\"text-align: right; padding: 15px; height: 25px;\" valign=\"middle\" align=\"right\"><span style=\"font-size: 12pt; color: #000000;\"><span style=\"font-family: verdana, geneva;\"><span style=\"font-size: 12pt;\"><span style=\"font-family: verdana, geneva;\">wymiary obudowy<br \/><\/span><\/span><\/span><\/span><\/td>\n<td style=\"background-color: #ffffff; text-align: center;\"><span style=\"font-family: verdana, geneva; font-size: 12pt; color: #000000;\">190x140x75\u00a0mm<br \/><\/span><\/td>\n<\/tr>\n<tr align=\"left\">\n<td class=\"align_justify\" style=\"text-align: right; padding: 15px; height: 25px;\" valign=\"middle\" align=\"right\"><span style=\"font-size: 12pt; color: #000000;\"><span style=\"font-family: verdana, geneva;\"><span style=\"font-size: 12pt;\"><span style=\"font-family: verdana, geneva;\">producent<\/span><\/span><\/span><\/span><\/td>\n<td style=\"background-color: #ffffff; text-align: center;\"><span style=\"font-size: 12pt; color: #000000;\">Doktorvolt<\/span><\/td>\n<\/tr>\n<tr align=\"left\">\n<td class=\"align_justify\" style=\"text-align: right; padding: 15px; height: 25px;\" valign=\"middle\" align=\"right\"><span style=\"font-size: 12pt; color: #000000;\"><span style=\"font-family: verdana, geneva;\"><span style=\"font-size: 12pt;\"><span style=\"font-family: verdana, geneva;\">EAN<\/span><\/span><\/span><\/span><\/td>\n<td style=\"background-color: #ffffff; text-align: center;\"><span style=\"font-size: 12pt; color: #000000;\">5905669992992<\/span><\/td>\n<\/tr>\n<\/tbody>\n<\/table>\n","protected":false},"excerpt":{"rendered":"","protected":false},"featured_media":98158,"template":"","meta":[],"product_brand":[],"product_cat":[5321],"product_tag":[],"class_list":{"0":"post-111283","1":"product","2":"type-product","3":"status-publish","4":"has-post-thumbnail","6":"product_cat-wdd-series","7":"pa_cee-liczba-biegunow-modulow-5p","8":"pa_material-obudowy-plastic","9":"pa_napiecie-cee-400v","10":"pa_natezenie-pradu-cee-32a","12":"first","13":"instock","14":"shipping-taxable","15":"product-type-external"},"yoast_head":"<!-- This site is optimized with the Yoast SEO plugin v27.0 - https:\/\/yoast.com\/product\/yoast-seo-wordpress\/ -->\n<title>Rozdzielnica budowlana z \u0142\u0105cznikiem krzywkowym WDD 1x32A Mennekes Doktorvolt 2992 - DOKTORVOLT\u00ae<\/title>\n<meta name=\"robots\" content=\"index, follow, max-snippet:-1, max-image-preview:large, max-video-preview:-1\" \/>\n<link rel=\"canonical\" href=\"https:\/\/doktorvolt.pl\/en\/oferta-doktorvolt\/distribution-boxes\/wdd-series\/rozdzielnica-budowlana-z-lacznikiem-krzywkowym-wdd-1x32a-mennekes-doktorvolt-2992\/\" \/>\n<meta property=\"og:locale\" content=\"en_US\" \/>\n<meta property=\"og:type\" content=\"article\" \/>\n<meta property=\"og:title\" content=\"Rozdzielnica budowlana z \u0142\u0105cznikiem krzywkowym WDD 1x32A Mennekes Doktorvolt 2992 - DOKTORVOLT\u00ae\" \/>\n<meta property=\"og:url\" content=\"https:\/\/doktorvolt.pl\/en\/oferta-doktorvolt\/distribution-boxes\/wdd-series\/rozdzielnica-budowlana-z-lacznikiem-krzywkowym-wdd-1x32a-mennekes-doktorvolt-2992\/\" \/>\n<meta property=\"og:site_name\" content=\"DOKTORVOLT\u00ae\" \/>\n<meta property=\"og:image\" content=\"https:\/\/doktorvolt.pl\/wp-content\/uploads\/2026\/02\/pol_pl_Rozdzielnica-budowlana-z-lacznikiem-krzywkowym-WDD-1x32A-Mennekes-Doktorvolt-2992-16101_1.jpg\" \/>\n\t<meta property=\"og:image:width\" content=\"1600\" \/>\n\t<meta property=\"og:image:height\" content=\"1600\" \/>\n\t<meta property=\"og:image:type\" content=\"image\/jpeg\" \/>\n<meta name=\"twitter:card\" content=\"summary_large_image\" \/>\n<meta name=\"twitter:label1\" content=\"Est. reading time\" \/>\n\t<meta name=\"twitter:data1\" content=\"2 minutes\" \/>\n<script type=\"application\/ld+json\" class=\"yoast-schema-graph\">{\"@context\":\"https:\/\/schema.org\",\"@graph\":[{\"@type\":\"WebPage\",\"@id\":\"https:\/\/doktorvolt.pl\/en\/oferta-doktorvolt\/distribution-boxes\/wdd-series\/rozdzielnica-budowlana-z-lacznikiem-krzywkowym-wdd-1x32a-mennekes-doktorvolt-2992\/\",\"url\":\"https:\/\/doktorvolt.pl\/en\/oferta-doktorvolt\/distribution-boxes\/wdd-series\/rozdzielnica-budowlana-z-lacznikiem-krzywkowym-wdd-1x32a-mennekes-doktorvolt-2992\/\",\"name\":\"Rozdzielnica budowlana z \u0142\u0105cznikiem krzywkowym WDD 1x32A Mennekes Doktorvolt 2992 - DOKTORVOLT\u00ae\",\"isPartOf\":{\"@id\":\"https:\/\/doktorvolt.pl\/de\/#website\"},\"primaryImageOfPage\":{\"@id\":\"https:\/\/doktorvolt.pl\/en\/oferta-doktorvolt\/distribution-boxes\/wdd-series\/rozdzielnica-budowlana-z-lacznikiem-krzywkowym-wdd-1x32a-mennekes-doktorvolt-2992\/#primaryimage\"},\"image\":{\"@id\":\"https:\/\/doktorvolt.pl\/en\/oferta-doktorvolt\/distribution-boxes\/wdd-series\/rozdzielnica-budowlana-z-lacznikiem-krzywkowym-wdd-1x32a-mennekes-doktorvolt-2992\/#primaryimage\"},\"thumbnailUrl\":\"https:\/\/doktorvolt.pl\/wp-content\/uploads\/2026\/02\/pol_pl_Rozdzielnica-budowlana-z-lacznikiem-krzywkowym-WDD-1x32A-Mennekes-Doktorvolt-2992-16101_1.jpg\",\"datePublished\":\"2026-02-23T12:45:31+00:00\",\"breadcrumb\":{\"@id\":\"https:\/\/doktorvolt.pl\/en\/oferta-doktorvolt\/distribution-boxes\/wdd-series\/rozdzielnica-budowlana-z-lacznikiem-krzywkowym-wdd-1x32a-mennekes-doktorvolt-2992\/#breadcrumb\"},\"inLanguage\":\"en-US\",\"potentialAction\":[{\"@type\":\"ReadAction\",\"target\":[\"https:\/\/doktorvolt.pl\/en\/oferta-doktorvolt\/distribution-boxes\/wdd-series\/rozdzielnica-budowlana-z-lacznikiem-krzywkowym-wdd-1x32a-mennekes-doktorvolt-2992\/\"]}]},{\"@type\":\"ImageObject\",\"inLanguage\":\"en-US\",\"@id\":\"https:\/\/doktorvolt.pl\/en\/oferta-doktorvolt\/distribution-boxes\/wdd-series\/rozdzielnica-budowlana-z-lacznikiem-krzywkowym-wdd-1x32a-mennekes-doktorvolt-2992\/#primaryimage\",\"url\":\"https:\/\/doktorvolt.pl\/wp-content\/uploads\/2026\/02\/pol_pl_Rozdzielnica-budowlana-z-lacznikiem-krzywkowym-WDD-1x32A-Mennekes-Doktorvolt-2992-16101_1.jpg\",\"contentUrl\":\"https:\/\/doktorvolt.pl\/wp-content\/uploads\/2026\/02\/pol_pl_Rozdzielnica-budowlana-z-lacznikiem-krzywkowym-WDD-1x32A-Mennekes-Doktorvolt-2992-16101_1.jpg\",\"width\":1600,\"height\":1600},{\"@type\":\"BreadcrumbList\",\"@id\":\"https:\/\/doktorvolt.pl\/en\/oferta-doktorvolt\/distribution-boxes\/wdd-series\/rozdzielnica-budowlana-z-lacznikiem-krzywkowym-wdd-1x32a-mennekes-doktorvolt-2992\/#breadcrumb\",\"itemListElement\":[{\"@type\":\"ListItem\",\"position\":1,\"name\":\"Strona g\u0142\u00f3wna\",\"item\":\"https:\/\/doktorvolt.pl\/en\/\"},{\"@type\":\"ListItem\",\"position\":2,\"name\":\"Offer Doktorvolt\",\"item\":\"https:\/\/doktorvolt.pl\/en\/offer-doktorvolt\/\"},{\"@type\":\"ListItem\",\"position\":3,\"name\":\"Rozdzielnica budowlana z \u0142\u0105cznikiem krzywkowym WDD 1x32A Mennekes Doktorvolt 2992\"}]},{\"@type\":\"WebSite\",\"@id\":\"https:\/\/doktorvolt.pl\/de\/#website\",\"url\":\"https:\/\/doktorvolt.pl\/de\/\",\"name\":\"DOKTORVOLT\u00ae\",\"description\":\"Producent rozdzielnic budowlanych\",\"publisher\":{\"@id\":\"https:\/\/doktorvolt.pl\/de\/#organization\"},\"potentialAction\":[{\"@type\":\"SearchAction\",\"target\":{\"@type\":\"EntryPoint\",\"urlTemplate\":\"https:\/\/doktorvolt.pl\/de\/?s={search_term_string}\"},\"query-input\":{\"@type\":\"PropertyValueSpecification\",\"valueRequired\":true,\"valueName\":\"search_term_string\"}}],\"inLanguage\":\"en-US\"},{\"@type\":\"Organization\",\"@id\":\"https:\/\/doktorvolt.pl\/de\/#organization\",\"name\":\"DOKTORVOLT\u00ae\",\"url\":\"https:\/\/doktorvolt.pl\/de\/\",\"logo\":{\"@type\":\"ImageObject\",\"inLanguage\":\"en-US\",\"@id\":\"https:\/\/doktorvolt.pl\/de\/#\/schema\/logo\/image\/\",\"url\":\"https:\/\/doktorvolt.pl\/wp-content\/uploads\/2023\/10\/DoktorVOLT-black-png.png\",\"contentUrl\":\"https:\/\/doktorvolt.pl\/wp-content\/uploads\/2023\/10\/DoktorVOLT-black-png.png\",\"width\":729,\"height\":40,\"caption\":\"DOKTORVOLT\u00ae\"},\"image\":{\"@id\":\"https:\/\/doktorvolt.pl\/de\/#\/schema\/logo\/image\/\"}}]}<\/script>\n<!-- \/ Yoast SEO plugin. -->","yoast_head_json":{"title":"Rozdzielnica budowlana z \u0142\u0105cznikiem krzywkowym WDD 1x32A Mennekes Doktorvolt 2992 - DOKTORVOLT\u00ae","robots":{"index":"index","follow":"follow","max-snippet":"max-snippet:-1","max-image-preview":"max-image-preview:large","max-video-preview":"max-video-preview:-1"},"canonical":"https:\/\/doktorvolt.pl\/en\/oferta-doktorvolt\/distribution-boxes\/wdd-series\/rozdzielnica-budowlana-z-lacznikiem-krzywkowym-wdd-1x32a-mennekes-doktorvolt-2992\/","og_locale":"en_US","og_type":"article","og_title":"Rozdzielnica budowlana z \u0142\u0105cznikiem krzywkowym WDD 1x32A Mennekes Doktorvolt 2992 - DOKTORVOLT\u00ae","og_url":"https:\/\/doktorvolt.pl\/en\/oferta-doktorvolt\/distribution-boxes\/wdd-series\/rozdzielnica-budowlana-z-lacznikiem-krzywkowym-wdd-1x32a-mennekes-doktorvolt-2992\/","og_site_name":"DOKTORVOLT\u00ae","og_image":[{"width":1600,"height":1600,"url":"https:\/\/doktorvolt.pl\/wp-content\/uploads\/2026\/02\/pol_pl_Rozdzielnica-budowlana-z-lacznikiem-krzywkowym-WDD-1x32A-Mennekes-Doktorvolt-2992-16101_1.jpg","type":"image\/jpeg"}],"twitter_card":"summary_large_image","twitter_misc":{"Est. reading time":"2 minutes"},"schema":{"@context":"https:\/\/schema.org","@graph":[{"@type":"WebPage","@id":"https:\/\/doktorvolt.pl\/en\/oferta-doktorvolt\/distribution-boxes\/wdd-series\/rozdzielnica-budowlana-z-lacznikiem-krzywkowym-wdd-1x32a-mennekes-doktorvolt-2992\/","url":"https:\/\/doktorvolt.pl\/en\/oferta-doktorvolt\/distribution-boxes\/wdd-series\/rozdzielnica-budowlana-z-lacznikiem-krzywkowym-wdd-1x32a-mennekes-doktorvolt-2992\/","name":"Rozdzielnica budowlana z \u0142\u0105cznikiem krzywkowym WDD 1x32A Mennekes Doktorvolt 2992 - DOKTORVOLT\u00ae","isPartOf":{"@id":"https:\/\/doktorvolt.pl\/de\/#website"},"primaryImageOfPage":{"@id":"https:\/\/doktorvolt.pl\/en\/oferta-doktorvolt\/distribution-boxes\/wdd-series\/rozdzielnica-budowlana-z-lacznikiem-krzywkowym-wdd-1x32a-mennekes-doktorvolt-2992\/#primaryimage"},"image":{"@id":"https:\/\/doktorvolt.pl\/en\/oferta-doktorvolt\/distribution-boxes\/wdd-series\/rozdzielnica-budowlana-z-lacznikiem-krzywkowym-wdd-1x32a-mennekes-doktorvolt-2992\/#primaryimage"},"thumbnailUrl":"https:\/\/doktorvolt.pl\/wp-content\/uploads\/2026\/02\/pol_pl_Rozdzielnica-budowlana-z-lacznikiem-krzywkowym-WDD-1x32A-Mennekes-Doktorvolt-2992-16101_1.jpg","datePublished":"2026-02-23T12:45:31+00:00","breadcrumb":{"@id":"https:\/\/doktorvolt.pl\/en\/oferta-doktorvolt\/distribution-boxes\/wdd-series\/rozdzielnica-budowlana-z-lacznikiem-krzywkowym-wdd-1x32a-mennekes-doktorvolt-2992\/#breadcrumb"},"inLanguage":"en-US","potentialAction":[{"@type":"ReadAction","target":["https:\/\/doktorvolt.pl\/en\/oferta-doktorvolt\/distribution-boxes\/wdd-series\/rozdzielnica-budowlana-z-lacznikiem-krzywkowym-wdd-1x32a-mennekes-doktorvolt-2992\/"]}]},{"@type":"ImageObject","inLanguage":"en-US","@id":"https:\/\/doktorvolt.pl\/en\/oferta-doktorvolt\/distribution-boxes\/wdd-series\/rozdzielnica-budowlana-z-lacznikiem-krzywkowym-wdd-1x32a-mennekes-doktorvolt-2992\/#primaryimage","url":"https:\/\/doktorvolt.pl\/wp-content\/uploads\/2026\/02\/pol_pl_Rozdzielnica-budowlana-z-lacznikiem-krzywkowym-WDD-1x32A-Mennekes-Doktorvolt-2992-16101_1.jpg","contentUrl":"https:\/\/doktorvolt.pl\/wp-content\/uploads\/2026\/02\/pol_pl_Rozdzielnica-budowlana-z-lacznikiem-krzywkowym-WDD-1x32A-Mennekes-Doktorvolt-2992-16101_1.jpg","width":1600,"height":1600},{"@type":"BreadcrumbList","@id":"https:\/\/doktorvolt.pl\/en\/oferta-doktorvolt\/distribution-boxes\/wdd-series\/rozdzielnica-budowlana-z-lacznikiem-krzywkowym-wdd-1x32a-mennekes-doktorvolt-2992\/#breadcrumb","itemListElement":[{"@type":"ListItem","position":1,"name":"Strona g\u0142\u00f3wna","item":"https:\/\/doktorvolt.pl\/en\/"},{"@type":"ListItem","position":2,"name":"Offer Doktorvolt","item":"https:\/\/doktorvolt.pl\/en\/offer-doktorvolt\/"},{"@type":"ListItem","position":3,"name":"Rozdzielnica budowlana z \u0142\u0105cznikiem krzywkowym WDD 1x32A Mennekes Doktorvolt 2992"}]},{"@type":"WebSite","@id":"https:\/\/doktorvolt.pl\/de\/#website","url":"https:\/\/doktorvolt.pl\/de\/","name":"DOKTORVOLT\u00ae","description":"Producent rozdzielnic budowlanych","publisher":{"@id":"https:\/\/doktorvolt.pl\/de\/#organization"},"potentialAction":[{"@type":"SearchAction","target":{"@type":"EntryPoint","urlTemplate":"https:\/\/doktorvolt.pl\/de\/?s={search_term_string}"},"query-input":{"@type":"PropertyValueSpecification","valueRequired":true,"valueName":"search_term_string"}}],"inLanguage":"en-US"},{"@type":"Organization","@id":"https:\/\/doktorvolt.pl\/de\/#organization","name":"DOKTORVOLT\u00ae","url":"https:\/\/doktorvolt.pl\/de\/","logo":{"@type":"ImageObject","inLanguage":"en-US","@id":"https:\/\/doktorvolt.pl\/de\/#\/schema\/logo\/image\/","url":"https:\/\/doktorvolt.pl\/wp-content\/uploads\/2023\/10\/DoktorVOLT-black-png.png","contentUrl":"https:\/\/doktorvolt.pl\/wp-content\/uploads\/2023\/10\/DoktorVOLT-black-png.png","width":729,"height":40,"caption":"DOKTORVOLT\u00ae"},"image":{"@id":"https:\/\/doktorvolt.pl\/de\/#\/schema\/logo\/image\/"}}]}},"_links":{"self":[{"href":"https:\/\/doktorvolt.pl\/en\/wp-json\/wp\/v2\/product\/111283","targetHints":{"allow":["GET"]}}],"collection":[{"href":"https:\/\/doktorvolt.pl\/en\/wp-json\/wp\/v2\/product"}],"about":[{"href":"https:\/\/doktorvolt.pl\/en\/wp-json\/wp\/v2\/types\/product"}],"wp:featuredmedia":[{"embeddable":true,"href":"https:\/\/doktorvolt.pl\/en\/wp-json\/wp\/v2\/media\/98158"}],"wp:attachment":[{"href":"https:\/\/doktorvolt.pl\/en\/wp-json\/wp\/v2\/media?parent=111283"}],"wp:term":[{"taxonomy":"product_brand","embeddable":true,"href":"https:\/\/doktorvolt.pl\/en\/wp-json\/wp\/v2\/product_brand?post=111283"},{"taxonomy":"product_cat","embeddable":true,"href":"https:\/\/doktorvolt.pl\/en\/wp-json\/wp\/v2\/product_cat?post=111283"},{"taxonomy":"product_tag","embeddable":true,"href":"https:\/\/doktorvolt.pl\/en\/wp-json\/wp\/v2\/product_tag?post=111283"}],"curies":[{"name":"wp","href":"https:\/\/api.w.org\/{rel}","templated":true}]}}