{"id":111343,"date":"2026-02-23T14:36:39","date_gmt":"2026-02-23T12:36:39","guid":{"rendered":"https:\/\/doktorvolt.pl\/sklep\/uncategorized\/rozdzielnica-budowlana-ext-32a-16a-12x230v-schuko-mennekes-doktorvolt-2308\/"},"modified":"2026-02-23T14:36:39","modified_gmt":"2026-02-23T12:36:39","slug":"rozdzielnica-budowlana-ext-32a-16a-12x230v-schuko-mennekes-doktorvolt-2308","status":"publish","type":"product","link":"https:\/\/doktorvolt.pl\/en\/oferta-doktorvolt\/distribution-boxes\/ext-series\/rozdzielnica-budowlana-ext-32a-16a-12x230v-schuko-mennekes-doktorvolt-2308\/","title":{"rendered":"Rozdzielnica budowlana eXT 32A 16A 12x230V Schuko Mennekes Doktorvolt 2308"},"content":{"rendered":"<h1 style=\"font-size: 13pt; text-align: center;\"><span style=\"color: #000000;\">Nieuzbrojona rozdzielnica budowlana eXT 32A 16A 12x230V gniazda Mennekes Doktorvolt\u00ae Niemiecki system gniazd Schuko<\/span><\/h1>\n<p style=\"font-size: 13pt; text-align: justify;\"><strong><span style=\"color: #000000;\"><\/span><\/strong><\/p>\n<p style=\"font-size: 13pt; text-align: justify;\"><strong><span style=\"color: #000000;\">Rozdzielnica elektryczna eXT 32A 16A 12x230V Doktorvolt\u00ae, zalety:<\/span><\/strong><\/p>\n<ul>\n<li style=\"font-size: 13pt; text-align: left;\"><span style=\"color: #000000;\">Kompaktowa i zwarta obudowa wykonana z najlepszej jako\u015bci materia\u0142\u00f3w,<\/span><\/li>\n<li style=\"font-size: 13pt; text-align: left;\"><span style=\"color: #000000;\">wyposa\u017cona w dwana\u015bcie gniazd 12x 230 V 16 A oraz gniazda si\u0142owe 1x 32 A 400 V, 1x 16 A 400 V Mennekes,<\/span><\/li>\n<li style=\"font-size: 13pt; text-align: left;\"><span style=\"color: #000000;\">okablowanie i gniazda pochodz\u0105ce od renomowanych producent\u00f3w osprz\u0119tu elektrycznego,<\/span><\/li>\n<li style=\"font-size: 13pt; text-align: left;\"><span style=\"color: #000000;\">klasa szczelno\u015bci erbetki IP 44,<\/span><\/li>\n<li style=\"font-size: 13pt; text-align: left;\"><span style=\"color: #000000;\">gotowa do pod\u0142\u0105czenia.<\/span><\/li>\n<\/ul>\n<p style=\"font-size: 13pt; text-align: justify;\"><strong><span style=\"color: #000000;\">Rozdzielnica elektryczna eXT 32A 16A 12x230V Doktorvolt\u00ae, zastosowanie:<\/span><\/strong><\/p>\n<ul>\n<li style=\"font-size: 13pt; text-align: left;\"><span style=\"color: #000000;\"> Na placach i obszarach bud\u00f3w oraz podczas prac drogowych,<\/span><\/li>\n<li style=\"font-size: 13pt; text-align: left;\"><span style=\"color: #000000;\">do zak\u0142ad\u00f3w przemys\u0142owych,<\/span><\/li>\n<li style=\"font-size: 13pt; text-align: left;\"><span style=\"color: #000000;\">w warsztatach i gara\u017cach, w kt\u00f3rych konieczne jest pod\u0142\u0105czenie urz\u0105dze\u0144 do gniazda si\u0142owego,<\/span><\/li>\n<li style=\"font-size: 13pt; text-align: left;\"><span style=\"color: #000000;\">podczas samodzielnej budowy domu,<\/span><\/li>\n<li style=\"font-size: 13pt; text-align: left;\"><span style=\"color: #000000;\">do zasilania w energi\u0119 elektryczn\u0105 teren\u00f3w zielonych i imprez masowych na \u015bwie\u017cym powietrzu.<\/span><\/li>\n<\/ul>\n<p style=\"font-size: 13pt; text-align: justify;\"><strong><span style=\"color: #000000;\">Prezentowana rozdzielnica budowlana wyposa\u017cona zosta\u0142a w:<\/span><\/strong><\/p>\n<ul>\n<li style=\"font-size: 13pt; text-align: left;\"><span style=\"color: #000000;\">gniazdo si\u0142owe 1x 400V 16A, 1x 400V 32A o klasie szczelno\u015bci IP 44,<\/span><\/li>\n<li style=\"font-size: 13pt; text-align: left;\"><span style=\"color: #000000;\">dwana\u015bcie gniazd 12x 230V 16A o klasie szczelno\u015bci IP 54,<\/span><\/li>\n<li style=\"font-size: 13pt; text-align: left;\"><span style=\"color: #000000;\">okablowanie,<\/span><\/li>\n<li style=\"font-size: 13pt; text-align: left;\"><span style=\"color: #000000;\">dwie d\u0142awnice PG,<\/span><\/li>\n<li style=\"font-size: 13pt; text-align: left;\"><span style=\"color: #000000;\">2x szyna DIN (TH\/TS 35) do monta\u017cu aparatury modu\u0142owej .<\/span><\/li>\n<\/ul>\n<p style=\"font-size: 13pt; text-align: justify;\"><strong><span style=\"color: #000000;\">Firma Doktorvolt\u00ae w procesie produkcji rozdzielnic wdro\u017cy\u0142a system zarz\u0105dzania certyfikowany przez T\u00dcV S\u00dcD:<\/span><\/strong><\/p>\n<ul>\n<li style=\"font-size: 13pt; text-align: left;\"><span style=\"color: #000000;\">gwarancja wysokiej jako\u015bci,<\/span><\/li>\n<li style=\"font-size: 13pt; text-align: left;\"><span style=\"color: #000000;\">transparentny przep\u0142yw informacji,<\/span><\/li>\n<li style=\"font-size: 13pt; text-align: left;\"><span style=\"color: #000000;\">gwarancja w zakresie bezpiecze\u0144stwa,<\/span><\/li>\n<li style=\"font-size: 13pt; text-align: left;\"><span style=\"color: #000000;\">zapewniona dobra obs\u0142uga klienta.<\/span><\/li>\n<\/ul>\n<p style=\"text-align: center;\"><img decoding=\"async\" src=\"\/data\/include\/cms\/description\/img\/cms\/certyfikat%20TUV.png\" alt=\"\" width=\"306\" height=\"152\" \/><\/p>\n<p style=\"font-size: 13pt; text-align: justify;\"><strong><span style=\"color: #000000;\">Specyfikacja techniczna:<\/span><\/strong><\/p>\n<ul>\n<li style=\"font-size: 13pt; text-align: left;\"><strong><span style=\"color: #000000;\">Obudowa rozdzielnicy<\/span><\/strong><\/li>\n<li style=\"font-size: 13pt; text-align: left;\"><span style=\"color: #000000;\">ilo\u015b\u0107 modu\u0142\u00f3w- <strong>26<\/strong><\/span><\/li>\n<li style=\"font-size: 13pt; text-align: left;\"><span style=\"color: #000000;\">ilo\u015b\u0107 rz\u0119d\u00f3w- <strong>2<\/strong><\/span><\/li>\n<li style=\"font-size: 13pt; text-align: left;\"><span style=\"color: #000000;\">monta\u017c- <strong>natynkowy<\/strong><\/span><\/li>\n<li style=\"font-size: 13pt; text-align: left;\"><span style=\"color: #000000;\">stopie\u0144 ochrony rozdzielnicy- <strong>IP44<\/strong><\/span><\/li>\n<li style=\"font-size: 13pt; text-align: left;\"><span style=\"color: #000000;\">wymiary obudowy z gniazdami- <strong>720 x 290 x 200 mm<\/strong><\/span><\/li>\n<li style=\"font-size: 13pt; text-align: left;\"><span style=\"color: #000000;\">materia\u0142 obudowy- <strong>tworzywo sztuczne<\/strong><\/span><\/li>\n<li style=\"font-size: 13pt; text-align: left;\"><span style=\"color: #000000;\">drzwi- <strong>przyciemniane transparentne<\/strong><\/span><\/li>\n<li style=\"font-size: 13pt; text-align: left;\"><span style=\"color: #000000;\">kolor przedniej p\u0142yty obudowy- <strong>szary RAL 7035<\/strong><\/span><\/li>\n<li style=\"font-size: 13pt; text-align: left;\"><span style=\"color: #000000;\">kolor tylnej p\u0142yty obudowy- <strong>czarny<\/strong><\/span><\/li>\n<li style=\"font-size: 13pt; text-align: left;\"><span style=\"color: #000000;\">materia\u0142 \u015brub mocuj\u0105cych- <strong>tworzywo sztuczne<\/strong><\/span><\/li>\n<li style=\"font-size: 13pt; text-align: left;\"><span style=\"color: #000000;\">materia\u0142 uszczelki- <strong>piankowa<\/strong><\/span><\/li>\n<li style=\"font-size: 13pt; text-align: left;\"><span style=\"color: #000000;\">d\u0142awnica PG do\u0142\u0105czona w zestawie- <strong>1x PG-21 , 1x PG-29<\/strong><\/span><\/li>\n<li style=\"font-size: 13pt; text-align: left;\"><span style=\"color: #000000;\">certyfikaty i normy- <strong>CE, TSE<\/strong><\/span><\/li>\n<\/ul>\n<ul>\n<li style=\"font-size: 13pt; text-align: left;\"><strong><span style=\"color: #000000;\">Gniazda i aparatura modu\u0142owa<\/span><\/strong><\/li>\n<li style=\"font-size: 13pt; text-align: left;\"><span style=\"color: #000000;\">gniazda si\u0142owe- <strong>1 x 16A 5P 400V IP44 czerwone Typ 1385 Mennekes , 1 x 32A 5p 400V IP44 czerwone Typ 3451 Mennekes<\/strong><\/span><\/li>\n<li style=\"font-size: 13pt; text-align: left;\"><span style=\"color: #000000;\">gniazda 230V- <strong>12 x 230V 16A Mennekes 11011 IP54 2P+E Niemiecki system Schuko<\/strong><\/span><\/li>\n<\/ul>\n<ul>\n<li style=\"font-size: 13pt; text-align: left;\"><strong><span style=\"color: #000000;\">Okablowanie<\/span><\/strong><\/li>\n<li style=\"font-size: 13pt; text-align: left;\"><span style=\"color: #000000;\">rodzaj okablowania- <strong>Linka ster. H07V-K 2,5mm2, 4mm2 \u017c\u00f3\u0142toziel. , Linka ster. H07V-K 2,5mm2, 4mm2 czarna , Linka ster. H07V-K 2,5mm2, 4mm2, 10 mm2 niebieska<\/strong><\/span><\/li>\n<li style=\"font-size: 13pt; text-align: left;\"><span style=\"color: #000000;\">normy i certyfikaty- <strong>CPR , RoHS , CE<\/strong><\/span><\/li>\n<\/ul>\n<ul>\n<li style=\"font-size: 13pt; text-align: left;\"><strong><span style=\"color: #000000;\">Informacje og\u00f3lne<\/span><\/strong><\/li>\n<li style=\"font-size: 13pt; text-align: left;\"><span style=\"color: #000000;\">pr\u0105d znamionowy- <strong>144 A<\/strong><\/span><\/li>\n<li style=\"font-size: 13pt; text-align: left;\"><span style=\"color: #000000;\">napi\u0119cie znamionowe- <strong>230 \/ 400 V<\/strong><\/span><\/li>\n<li style=\"font-size: 13pt; text-align: left;\"><span style=\"color: #000000;\">ICC- <strong>\u2264 10 kA<\/strong><\/span><\/li>\n<li style=\"font-size: 13pt; text-align: left;\"><span style=\"color: #000000;\">RDF- <strong>0,9<\/strong><\/span><\/li>\n<\/ul>\n<ul>\n<li style=\"font-size: 13pt; text-align: left;\"><strong><span style=\"color: #000000;\">Informacje producenta<\/span><\/strong><\/li>\n<li style=\"font-size: 13pt; text-align: left;\"><span style=\"color: #000000;\">producent- <strong>Doktorvolt<\/strong><\/span><\/li>\n<li style=\"font-size: 13pt; text-align: left;\"><span style=\"color: #000000;\">certyfikaty i normy producenta- <strong>T\u00dcV S\u00dcD , ISO 9001:2015 , CE , IEC 61439<\/strong><\/span><\/li>\n<li style=\"font-size: 13pt; text-align: left;\"><span style=\"color: #000000;\">oznaczenie producenta- <strong>DV-2308-D<\/strong><\/span><\/li>\n<li style=\"font-size: 13pt; text-align: left;\"><strong><span style=\"color: #000000;\">EAN 5907589332308<\/span><\/strong><\/li>\n<\/ul>\n","protected":false},"excerpt":{"rendered":"","protected":false},"featured_media":97274,"template":"","meta":[],"product_brand":[],"product_cat":[5096],"product_tag":[],"class_list":{"0":"post-111343","1":"product","2":"type-product","3":"status-publish","4":"has-post-thumbnail","6":"product_cat-ext-series","7":"pa_cee-liczba-biegunow-modulow-5p","8":"pa_material-obudowy-plastic","9":"pa_napiecie-cee-400v","10":"pa_natezenie-pradu-cee-32a","11":"pa_typ-gniazd-typ-f-schuko","12":"pa_zabezpieczenie-bez-zabezpieczen","14":"first","15":"instock","16":"shipping-taxable","17":"product-type-external"},"yoast_head":"<!-- This site is optimized with the Yoast SEO plugin v27.0 - https:\/\/yoast.com\/product\/yoast-seo-wordpress\/ -->\n<title>Rozdzielnica budowlana eXT 32A 16A 12x230V Schuko Mennekes Doktorvolt 2308 - DOKTORVOLT\u00ae<\/title>\n<meta name=\"robots\" content=\"index, follow, max-snippet:-1, max-image-preview:large, max-video-preview:-1\" \/>\n<link rel=\"canonical\" href=\"https:\/\/doktorvolt.pl\/en\/oferta-doktorvolt\/distribution-boxes\/ext-series\/rozdzielnica-budowlana-ext-32a-16a-12x230v-schuko-mennekes-doktorvolt-2308\/\" \/>\n<meta property=\"og:locale\" content=\"en_US\" \/>\n<meta property=\"og:type\" content=\"article\" \/>\n<meta property=\"og:title\" content=\"Rozdzielnica budowlana eXT 32A 16A 12x230V Schuko Mennekes Doktorvolt 2308 - DOKTORVOLT\u00ae\" \/>\n<meta property=\"og:url\" content=\"https:\/\/doktorvolt.pl\/en\/oferta-doktorvolt\/distribution-boxes\/ext-series\/rozdzielnica-budowlana-ext-32a-16a-12x230v-schuko-mennekes-doktorvolt-2308\/\" \/>\n<meta property=\"og:site_name\" content=\"DOKTORVOLT\u00ae\" \/>\n<meta property=\"og:image\" content=\"https:\/\/doktorvolt.pl\/wp-content\/uploads\/2026\/02\/pol_pl_13502-13502_1.jpg\" \/>\n\t<meta property=\"og:image:width\" content=\"1000\" \/>\n\t<meta property=\"og:image:height\" content=\"1000\" \/>\n\t<meta property=\"og:image:type\" content=\"image\/jpeg\" \/>\n<meta name=\"twitter:card\" content=\"summary_large_image\" \/>\n<meta name=\"twitter:label1\" content=\"Est. reading time\" \/>\n\t<meta name=\"twitter:data1\" content=\"2 minutes\" \/>\n<script type=\"application\/ld+json\" class=\"yoast-schema-graph\">{\"@context\":\"https:\/\/schema.org\",\"@graph\":[{\"@type\":\"WebPage\",\"@id\":\"https:\/\/doktorvolt.pl\/en\/oferta-doktorvolt\/distribution-boxes\/ext-series\/rozdzielnica-budowlana-ext-32a-16a-12x230v-schuko-mennekes-doktorvolt-2308\/\",\"url\":\"https:\/\/doktorvolt.pl\/en\/oferta-doktorvolt\/distribution-boxes\/ext-series\/rozdzielnica-budowlana-ext-32a-16a-12x230v-schuko-mennekes-doktorvolt-2308\/\",\"name\":\"Rozdzielnica budowlana eXT 32A 16A 12x230V Schuko Mennekes Doktorvolt 2308 - DOKTORVOLT\u00ae\",\"isPartOf\":{\"@id\":\"https:\/\/doktorvolt.pl\/de\/#website\"},\"primaryImageOfPage\":{\"@id\":\"https:\/\/doktorvolt.pl\/en\/oferta-doktorvolt\/distribution-boxes\/ext-series\/rozdzielnica-budowlana-ext-32a-16a-12x230v-schuko-mennekes-doktorvolt-2308\/#primaryimage\"},\"image\":{\"@id\":\"https:\/\/doktorvolt.pl\/en\/oferta-doktorvolt\/distribution-boxes\/ext-series\/rozdzielnica-budowlana-ext-32a-16a-12x230v-schuko-mennekes-doktorvolt-2308\/#primaryimage\"},\"thumbnailUrl\":\"https:\/\/doktorvolt.pl\/wp-content\/uploads\/2026\/02\/pol_pl_13502-13502_1.jpg\",\"datePublished\":\"2026-02-23T12:36:39+00:00\",\"breadcrumb\":{\"@id\":\"https:\/\/doktorvolt.pl\/en\/oferta-doktorvolt\/distribution-boxes\/ext-series\/rozdzielnica-budowlana-ext-32a-16a-12x230v-schuko-mennekes-doktorvolt-2308\/#breadcrumb\"},\"inLanguage\":\"en-US\",\"potentialAction\":[{\"@type\":\"ReadAction\",\"target\":[\"https:\/\/doktorvolt.pl\/en\/oferta-doktorvolt\/distribution-boxes\/ext-series\/rozdzielnica-budowlana-ext-32a-16a-12x230v-schuko-mennekes-doktorvolt-2308\/\"]}]},{\"@type\":\"ImageObject\",\"inLanguage\":\"en-US\",\"@id\":\"https:\/\/doktorvolt.pl\/en\/oferta-doktorvolt\/distribution-boxes\/ext-series\/rozdzielnica-budowlana-ext-32a-16a-12x230v-schuko-mennekes-doktorvolt-2308\/#primaryimage\",\"url\":\"https:\/\/doktorvolt.pl\/wp-content\/uploads\/2026\/02\/pol_pl_13502-13502_1.jpg\",\"contentUrl\":\"https:\/\/doktorvolt.pl\/wp-content\/uploads\/2026\/02\/pol_pl_13502-13502_1.jpg\",\"width\":1000,\"height\":1000},{\"@type\":\"BreadcrumbList\",\"@id\":\"https:\/\/doktorvolt.pl\/en\/oferta-doktorvolt\/distribution-boxes\/ext-series\/rozdzielnica-budowlana-ext-32a-16a-12x230v-schuko-mennekes-doktorvolt-2308\/#breadcrumb\",\"itemListElement\":[{\"@type\":\"ListItem\",\"position\":1,\"name\":\"Strona g\u0142\u00f3wna\",\"item\":\"https:\/\/doktorvolt.pl\/en\/\"},{\"@type\":\"ListItem\",\"position\":2,\"name\":\"Offer Doktorvolt\",\"item\":\"https:\/\/doktorvolt.pl\/en\/offer-doktorvolt\/\"},{\"@type\":\"ListItem\",\"position\":3,\"name\":\"Rozdzielnica budowlana eXT 32A 16A 12x230V Schuko Mennekes Doktorvolt 2308\"}]},{\"@type\":\"WebSite\",\"@id\":\"https:\/\/doktorvolt.pl\/de\/#website\",\"url\":\"https:\/\/doktorvolt.pl\/de\/\",\"name\":\"DOKTORVOLT\u00ae\",\"description\":\"Producent rozdzielnic budowlanych\",\"publisher\":{\"@id\":\"https:\/\/doktorvolt.pl\/de\/#organization\"},\"potentialAction\":[{\"@type\":\"SearchAction\",\"target\":{\"@type\":\"EntryPoint\",\"urlTemplate\":\"https:\/\/doktorvolt.pl\/de\/?s={search_term_string}\"},\"query-input\":{\"@type\":\"PropertyValueSpecification\",\"valueRequired\":true,\"valueName\":\"search_term_string\"}}],\"inLanguage\":\"en-US\"},{\"@type\":\"Organization\",\"@id\":\"https:\/\/doktorvolt.pl\/de\/#organization\",\"name\":\"DOKTORVOLT\u00ae\",\"url\":\"https:\/\/doktorvolt.pl\/de\/\",\"logo\":{\"@type\":\"ImageObject\",\"inLanguage\":\"en-US\",\"@id\":\"https:\/\/doktorvolt.pl\/de\/#\/schema\/logo\/image\/\",\"url\":\"https:\/\/doktorvolt.pl\/wp-content\/uploads\/2023\/10\/DoktorVOLT-black-png.png\",\"contentUrl\":\"https:\/\/doktorvolt.pl\/wp-content\/uploads\/2023\/10\/DoktorVOLT-black-png.png\",\"width\":729,\"height\":40,\"caption\":\"DOKTORVOLT\u00ae\"},\"image\":{\"@id\":\"https:\/\/doktorvolt.pl\/de\/#\/schema\/logo\/image\/\"}}]}<\/script>\n<!-- \/ Yoast SEO plugin. -->","yoast_head_json":{"title":"Rozdzielnica budowlana eXT 32A 16A 12x230V Schuko Mennekes Doktorvolt 2308 - DOKTORVOLT\u00ae","robots":{"index":"index","follow":"follow","max-snippet":"max-snippet:-1","max-image-preview":"max-image-preview:large","max-video-preview":"max-video-preview:-1"},"canonical":"https:\/\/doktorvolt.pl\/en\/oferta-doktorvolt\/distribution-boxes\/ext-series\/rozdzielnica-budowlana-ext-32a-16a-12x230v-schuko-mennekes-doktorvolt-2308\/","og_locale":"en_US","og_type":"article","og_title":"Rozdzielnica budowlana eXT 32A 16A 12x230V Schuko Mennekes Doktorvolt 2308 - DOKTORVOLT\u00ae","og_url":"https:\/\/doktorvolt.pl\/en\/oferta-doktorvolt\/distribution-boxes\/ext-series\/rozdzielnica-budowlana-ext-32a-16a-12x230v-schuko-mennekes-doktorvolt-2308\/","og_site_name":"DOKTORVOLT\u00ae","og_image":[{"width":1000,"height":1000,"url":"https:\/\/doktorvolt.pl\/wp-content\/uploads\/2026\/02\/pol_pl_13502-13502_1.jpg","type":"image\/jpeg"}],"twitter_card":"summary_large_image","twitter_misc":{"Est. reading time":"2 minutes"},"schema":{"@context":"https:\/\/schema.org","@graph":[{"@type":"WebPage","@id":"https:\/\/doktorvolt.pl\/en\/oferta-doktorvolt\/distribution-boxes\/ext-series\/rozdzielnica-budowlana-ext-32a-16a-12x230v-schuko-mennekes-doktorvolt-2308\/","url":"https:\/\/doktorvolt.pl\/en\/oferta-doktorvolt\/distribution-boxes\/ext-series\/rozdzielnica-budowlana-ext-32a-16a-12x230v-schuko-mennekes-doktorvolt-2308\/","name":"Rozdzielnica budowlana eXT 32A 16A 12x230V Schuko Mennekes Doktorvolt 2308 - DOKTORVOLT\u00ae","isPartOf":{"@id":"https:\/\/doktorvolt.pl\/de\/#website"},"primaryImageOfPage":{"@id":"https:\/\/doktorvolt.pl\/en\/oferta-doktorvolt\/distribution-boxes\/ext-series\/rozdzielnica-budowlana-ext-32a-16a-12x230v-schuko-mennekes-doktorvolt-2308\/#primaryimage"},"image":{"@id":"https:\/\/doktorvolt.pl\/en\/oferta-doktorvolt\/distribution-boxes\/ext-series\/rozdzielnica-budowlana-ext-32a-16a-12x230v-schuko-mennekes-doktorvolt-2308\/#primaryimage"},"thumbnailUrl":"https:\/\/doktorvolt.pl\/wp-content\/uploads\/2026\/02\/pol_pl_13502-13502_1.jpg","datePublished":"2026-02-23T12:36:39+00:00","breadcrumb":{"@id":"https:\/\/doktorvolt.pl\/en\/oferta-doktorvolt\/distribution-boxes\/ext-series\/rozdzielnica-budowlana-ext-32a-16a-12x230v-schuko-mennekes-doktorvolt-2308\/#breadcrumb"},"inLanguage":"en-US","potentialAction":[{"@type":"ReadAction","target":["https:\/\/doktorvolt.pl\/en\/oferta-doktorvolt\/distribution-boxes\/ext-series\/rozdzielnica-budowlana-ext-32a-16a-12x230v-schuko-mennekes-doktorvolt-2308\/"]}]},{"@type":"ImageObject","inLanguage":"en-US","@id":"https:\/\/doktorvolt.pl\/en\/oferta-doktorvolt\/distribution-boxes\/ext-series\/rozdzielnica-budowlana-ext-32a-16a-12x230v-schuko-mennekes-doktorvolt-2308\/#primaryimage","url":"https:\/\/doktorvolt.pl\/wp-content\/uploads\/2026\/02\/pol_pl_13502-13502_1.jpg","contentUrl":"https:\/\/doktorvolt.pl\/wp-content\/uploads\/2026\/02\/pol_pl_13502-13502_1.jpg","width":1000,"height":1000},{"@type":"BreadcrumbList","@id":"https:\/\/doktorvolt.pl\/en\/oferta-doktorvolt\/distribution-boxes\/ext-series\/rozdzielnica-budowlana-ext-32a-16a-12x230v-schuko-mennekes-doktorvolt-2308\/#breadcrumb","itemListElement":[{"@type":"ListItem","position":1,"name":"Strona g\u0142\u00f3wna","item":"https:\/\/doktorvolt.pl\/en\/"},{"@type":"ListItem","position":2,"name":"Offer Doktorvolt","item":"https:\/\/doktorvolt.pl\/en\/offer-doktorvolt\/"},{"@type":"ListItem","position":3,"name":"Rozdzielnica budowlana eXT 32A 16A 12x230V Schuko Mennekes Doktorvolt 2308"}]},{"@type":"WebSite","@id":"https:\/\/doktorvolt.pl\/de\/#website","url":"https:\/\/doktorvolt.pl\/de\/","name":"DOKTORVOLT\u00ae","description":"Producent rozdzielnic budowlanych","publisher":{"@id":"https:\/\/doktorvolt.pl\/de\/#organization"},"potentialAction":[{"@type":"SearchAction","target":{"@type":"EntryPoint","urlTemplate":"https:\/\/doktorvolt.pl\/de\/?s={search_term_string}"},"query-input":{"@type":"PropertyValueSpecification","valueRequired":true,"valueName":"search_term_string"}}],"inLanguage":"en-US"},{"@type":"Organization","@id":"https:\/\/doktorvolt.pl\/de\/#organization","name":"DOKTORVOLT\u00ae","url":"https:\/\/doktorvolt.pl\/de\/","logo":{"@type":"ImageObject","inLanguage":"en-US","@id":"https:\/\/doktorvolt.pl\/de\/#\/schema\/logo\/image\/","url":"https:\/\/doktorvolt.pl\/wp-content\/uploads\/2023\/10\/DoktorVOLT-black-png.png","contentUrl":"https:\/\/doktorvolt.pl\/wp-content\/uploads\/2023\/10\/DoktorVOLT-black-png.png","width":729,"height":40,"caption":"DOKTORVOLT\u00ae"},"image":{"@id":"https:\/\/doktorvolt.pl\/de\/#\/schema\/logo\/image\/"}}]}},"_links":{"self":[{"href":"https:\/\/doktorvolt.pl\/en\/wp-json\/wp\/v2\/product\/111343","targetHints":{"allow":["GET"]}}],"collection":[{"href":"https:\/\/doktorvolt.pl\/en\/wp-json\/wp\/v2\/product"}],"about":[{"href":"https:\/\/doktorvolt.pl\/en\/wp-json\/wp\/v2\/types\/product"}],"wp:featuredmedia":[{"embeddable":true,"href":"https:\/\/doktorvolt.pl\/en\/wp-json\/wp\/v2\/media\/97274"}],"wp:attachment":[{"href":"https:\/\/doktorvolt.pl\/en\/wp-json\/wp\/v2\/media?parent=111343"}],"wp:term":[{"taxonomy":"product_brand","embeddable":true,"href":"https:\/\/doktorvolt.pl\/en\/wp-json\/wp\/v2\/product_brand?post=111343"},{"taxonomy":"product_cat","embeddable":true,"href":"https:\/\/doktorvolt.pl\/en\/wp-json\/wp\/v2\/product_cat?post=111343"},{"taxonomy":"product_tag","embeddable":true,"href":"https:\/\/doktorvolt.pl\/en\/wp-json\/wp\/v2\/product_tag?post=111343"}],"curies":[{"name":"wp","href":"https:\/\/api.w.org\/{rel}","templated":true}]}}